{"id":40432,"date":"2018-08-23T09:02:39","date_gmt":"2018-08-23T09:02:39","guid":{"rendered":"https:\/\/business.roovi.com\/joc-dacii-si-romanii\/p\/"},"modified":"2022-07-06T15:04:32","modified_gmt":"2022-07-06T15:04:32","slug":"game-dacians-and-romans-strategiai-jatek-gyerekeknek","status":"publish","type":"product","link":"https:\/\/business.roovi.com\/hu\/game-dacians-and-romans-strategiai-jatek-gyerekeknek\/p\/","title":{"rendered":"Game Dacians and Romans &#8211; Strat\u00e9giai j\u00e1t\u00e9k gyerekeknek"},"content":{"rendered":"<p><span style=\"font-weight: 400\">Mit kapunk, ha \u00f6sszeadjuk a strat\u00e9gi\u00e1t, a bar\u00e1tokat, egy kis t\u00f6rt\u00e9nelmet \u00e9s sok j\u00f3akaratot? Megkapod a D\u00e1kok \u00e9s r\u00f3maiak c\u00edm\u0171 szuper strat\u00e9giai j\u00e1t\u00e9kot, amely nagyon n\u00e9pszer\u0171 a t\u00e1rsasj\u00e1t\u00e9kosok k\u00f6r\u00e9ben.<\/span><\/p>\n<p><span style=\"font-weight: 400\">A 2 szem\u00e9lyes j\u00e1t\u00e9knak tervezett Dacians and Romans t\u00f6bb mint egyszer\u0171 strat\u00e9gia. A rom\u00e1nok t\u00f6rt\u00e9nelme \u00e1ltal ihletett, kih\u00edv\u00e1sokkal teli j\u00e1t\u00e9k, sok taktikai lehet\u0151s\u00e9ggel, ahol a gy\u0151zelemhez maxim\u00e1lisan ki kell haszn\u00e1lnod az er\u0151forr\u00e1saidat.    <\/span><\/p>\n<p><span style=\"font-weight: 400\">A Traianus r\u00f3mai cs\u00e1sz\u00e1r \u00e9s Decebal, D\u00e1cia kir\u00e1lya k\u00f6z\u00f6tti t\u00f6rt\u00e9nelmi csata nagyszab\u00e1s\u00fa, fordulatokkal \u00e9s brili\u00e1ns strat\u00e9gi\u00e1kkal teli csata volt, amely v\u00e9g\u00fcl a r\u00f3mai cs\u00e1sz\u00e1r gy\u0151zelm\u00e9t hozta. Ki fog most nyerni? <\/span><\/p>\n<p><span style=\"font-weight: 400\">H\u00edvd ki bar\u00e1taidat, \u00e9s gondosan alak\u00edtsd ki a harci strat\u00e9gi\u00e1dat!<\/span><\/p>\n<h2><span style=\"font-weight: 400\">Tudtad, hogy a j\u00e1t\u00e9k d\u00e1kok \u00e9s r\u00f3maiak..<\/span><\/h2>\n<ul>\n<li><span style=\"font-weight: 400\">Seg\u00edti a strat\u00e9giai gondolkod\u00e1s fejleszt\u00e9s\u00e9t.<\/span><\/li>\n<li><span style=\"font-weight: 400\">T\u00e1mogatja a versenyszellem fejl\u0151d\u00e9s\u00e9t.<\/span><\/li>\n<li><span style=\"font-weight: 400\">Seg\u00edt jav\u00edtani az egyetlen c\u00e9lra val\u00f3 \u00f6sszpontos\u00edt\u00e1st \u00e9s a v\u00e9geredm\u00e9nyre val\u00f3 t\u00f6rekv\u00e9st.<\/span><\/li>\n<li><span style=\"font-weight: 400\">Serkenti az el\u0151rel\u00e1t\u00f3 gondolkod\u00e1s fejleszt\u00e9s\u00e9t az\u00e1ltal, hogy megpr\u00f3b\u00e1lja el\u0151re l\u00e1tni az ellenf\u00e9l esetleges l\u00e9p\u00e9seit.<\/span><\/li>\n<li><span style=\"font-weight: 400\">Ez egy sz\u00f3rakoztat\u00f3 j\u00e1t\u00e9k, amely egyszerre kih\u00edv\u00e1s \u00e9s kikapcsol\u00f3d\u00e1s.<\/span><\/li>\n<\/ul>\n<h2><span style=\"font-weight: 400\">Mi\u00e9rt v\u00e1lassza a d\u00e1kokat \u00e9s a r\u00f3maiakat<\/span><\/h2>\n<p><span style=\"font-weight: 400\">Ez egy izgalmas j\u00e1t\u00e9k, tele v\u00e1ratlan helyzetekkel, amelyeket el\u0151re kell l\u00e1tnod vagy le kell gy\u0151zn\u00f6d, hogy megnyerd a csat\u00e1t. A &#8222;t\u00e1mad\u00e1sok&#8221; sor\u00e1n nincs meg\u00e1ll\u00e1s, \u00e9s minden fordul\u00f3ban vesz\u00e9lyes helyzetek ad\u00f3dnak <\/span><\/p>\n<p><span style=\"font-weight: 400\">A d\u00e1kok \u00e9s r\u00f3maiak a k\u00fclf\u00f6ld\u00f6n l\u00e9tez\u0151 t\u00f6rt\u00e9nelmi t\u00e9m\u00e1j\u00fa j\u00e1t\u00e9kok alternat\u00edv\u00e1jak\u00e9nt j\u00f6tt l\u00e9tre, de \u00faj ruh\u00e1kkal \u00e9s k\u00fcl\u00f6nleges illusztr\u00e1ci\u00f3kkal.<\/span><\/p>\n<p><span style=\"font-weight: 400\">K\u00fcl\u00f6nleges j\u00e1t\u00e9kt\u00e1bla jellemzi, \u00e9s 2 j\u00e1t\u00e9kv\u00e1ltozatot k\u00edn\u00e1l, mindkett\u0151 egyform\u00e1n leny\u0171g\u00f6z\u0151 \u00e9s kih\u00edv\u00e1st jelent\u0151 <\/span><\/p>\n<p><span style=\"font-weight: 400\">Szereted a strat\u00e9giai j\u00e1t\u00e9kokat? Van olyan gyermeked, akinek szenved\u00e9lye a t\u00f6rt\u00e9nelmi csat\u00e1k, vagy olyan bar\u00e1tod, aki a logika mestere? Mindannyiuk sz\u00e1m\u00e1ra, \u00e9s a sz\u00f3rakoz\u00e1s\u00e9rt, amit az otthonukba hoz, a D\u00e1kok \u00e9s r\u00f3maiak egy nagyon megfelel\u0151 v\u00e1laszt\u00e1s.   <\/span><\/p>\n<p><span style=\"font-weight: 400\">Ha szeretn\u00e9d \u00e1t\u00e9lni, hogy mit \u00e9reztek egykor a b\u00e1tor h\u00f3d\u00edt\u00f3k, csatlakozz a j\u00e1t\u00e9khoz, \u00e9s legy\u00e9l te az, aki megnyeri a csat\u00e1t!<\/span><\/p>\n<p><span style=\"font-weight: 400\">Aj\u00e1nlott \u00e9letkor: 9+<\/span><\/p>\n<p><span style=\"font-weight: 400\">J\u00e1t\u00e9kosok: 2 f\u0151<\/span><\/p>\n<p><span style=\"font-weight: 400\">A doboz a k\u00f6vetkez\u0151ket tartalmazza: 1 j\u00e1t\u00e9kt\u00e1bla, 12 figura, 12 figuratart\u00f3, j\u00e1t\u00e9kszab\u00e1ly.<\/span><\/p>\n<p><span style=\"font-weight: 400\">3 \u00e9v alatti gyermekek sz\u00e1m\u00e1ra nem aj\u00e1nlott.<\/span><\/p>\n<p><\/p>\n","protected":false},"excerpt":{"rendered":"<p>Mit kapunk, ha \u00f6sszeadjuk a strat\u00e9gi\u00e1t, a bar\u00e1tokat, egy kis t\u00f6rt\u00e9nelmet \u00e9s sok j\u00f3akaratot? Megkapod a D\u00e1kok \u00e9s r\u00f3maiak c\u00edm\u0171<\/p>\n","protected":false},"featured_media":36357,"template":"","meta":[],"product_brand":[],"product_cat":[1891],"product_tag":[],"class_list":{"0":"post-40432","1":"product","2":"type-product","3":"status-publish","4":"has-post-thumbnail","6":"product_cat-roman-jatekok","7":"pa_brand-d_toys-hu","8":"pa_country_of_manufacture-ro-hu","9":"pa_filter_age-14-hu","10":"pa_filter_age-9_14-hu","11":"pa_tip_ambalaj-doboz","13":"first","14":"instock","15":"taxable","16":"shipping-taxable","17":"product-type-simple"},"yoast_head":"<!-- This site is optimized with the Yoast SEO plugin v20.1 - https:\/\/yoast.com\/wordpress\/plugins\/seo\/ -->\n<title>Game Dacians and Romans - Strat\u00e9giai j\u00e1t\u00e9k gyerekeknek<\/title>\n<meta name=\"description\" content=\"Game Dacians and Romans - Strat\u00e9giai j\u00e1t\u00e9k gyerekeknek\" \/>\n<meta name=\"robots\" content=\"index, follow, max-snippet:-1, max-image-preview:large, max-video-preview:-1\" \/>\n<link rel=\"canonical\" href=\"https:\/\/business.roovi.com\/hu\/game-dacians-and-romans-strategiai-jatek-gyerekeknek\/p\/\" \/>\n<meta property=\"og:locale\" content=\"hu_HU\" \/>\n<meta property=\"og:type\" content=\"article\" \/>\n<meta property=\"og:title\" content=\"Game Dacians and Romans - Strat\u00e9giai j\u00e1t\u00e9k gyerekeknek\" \/>\n<meta property=\"og:description\" content=\"Game Dacians and Romans - Strat\u00e9giai j\u00e1t\u00e9k gyerekeknek\" \/>\n<meta property=\"og:url\" content=\"https:\/\/business.roovi.com\/hu\/game-dacians-and-romans-strategiai-jatek-gyerekeknek\/p\/\" \/>\n<meta property=\"og:site_name\" content=\"Roovi B2B\" \/>\n<meta property=\"article:publisher\" content=\"https:\/\/www.facebook.com\/wwwjucariero\" \/>\n<meta property=\"article:modified_time\" content=\"2022-07-06T15:04:32+00:00\" \/>\n<meta property=\"og:image\" content=\"https:\/\/business.roovi.com\/wp-content\/uploads\/2018\/08\/74201_dacii_si_romanii_elo.jpg\" \/>\n\t<meta property=\"og:image:width\" content=\"1200\" \/>\n\t<meta property=\"og:image:height\" content=\"1200\" \/>\n\t<meta property=\"og:image:type\" content=\"image\/jpeg\" \/>\n<meta name=\"twitter:label1\" content=\"Becs\u00fclt olvas\u00e1si id\u0151\" \/>\n\t<meta name=\"twitter:data1\" content=\"2 perc\" \/>\n<script type=\"application\/ld+json\" class=\"yoast-schema-graph\">{\"@context\":\"https:\/\/schema.org\",\"@graph\":[{\"@type\":\"WebPage\",\"@id\":\"https:\/\/business.roovi.com\/hu\/game-dacians-and-romans-strategiai-jatek-gyerekeknek\/p\/\",\"url\":\"https:\/\/business.roovi.com\/hu\/game-dacians-and-romans-strategiai-jatek-gyerekeknek\/p\/\",\"name\":\"Game Dacians and Romans - Strat\u00e9giai j\u00e1t\u00e9k gyerekeknek\",\"isPartOf\":{\"@id\":\"https:\/\/business.roovi.com\/hu\/#website\"},\"datePublished\":\"2018-08-23T09:02:39+00:00\",\"dateModified\":\"2022-07-06T15:04:32+00:00\",\"description\":\"Game Dacians and Romans - Strat\u00e9giai j\u00e1t\u00e9k gyerekeknek\",\"breadcrumb\":{\"@id\":\"https:\/\/business.roovi.com\/hu\/game-dacians-and-romans-strategiai-jatek-gyerekeknek\/p\/#breadcrumb\"},\"inLanguage\":\"hu\",\"potentialAction\":[{\"@type\":\"ReadAction\",\"target\":[\"https:\/\/business.roovi.com\/hu\/game-dacians-and-romans-strategiai-jatek-gyerekeknek\/p\/\"]}]},{\"@type\":\"BreadcrumbList\",\"@id\":\"https:\/\/business.roovi.com\/hu\/game-dacians-and-romans-strategiai-jatek-gyerekeknek\/p\/#breadcrumb\",\"itemListElement\":[{\"@type\":\"ListItem\",\"position\":1,\"name\":\"Home\",\"item\":\"https:\/\/business.roovi.com\/hu\/\"},{\"@type\":\"ListItem\",\"position\":2,\"name\":\"Shop\",\"item\":\"https:\/\/business.roovi.com\/hu\/shop\/\"},{\"@type\":\"ListItem\",\"position\":3,\"name\":\"Game Dacians and Romans &#8211; Strat\u00e9giai j\u00e1t\u00e9k gyerekeknek\"}]},{\"@type\":\"WebSite\",\"@id\":\"https:\/\/business.roovi.com\/hu\/#website\",\"url\":\"https:\/\/business.roovi.com\/hu\/\",\"name\":\"Roovi B2B\",\"description\":\"Roovi Business Website\",\"potentialAction\":[{\"@type\":\"SearchAction\",\"target\":{\"@type\":\"EntryPoint\",\"urlTemplate\":\"https:\/\/business.roovi.com\/hu\/?s={search_term_string}\"},\"query-input\":\"required name=search_term_string\"}],\"inLanguage\":\"hu\"}]}<\/script>\n<!-- \/ Yoast SEO plugin. -->","yoast_head_json":{"title":"Game Dacians and Romans - Strat\u00e9giai j\u00e1t\u00e9k gyerekeknek","description":"Game Dacians and Romans - Strat\u00e9giai j\u00e1t\u00e9k gyerekeknek","robots":{"index":"index","follow":"follow","max-snippet":"max-snippet:-1","max-image-preview":"max-image-preview:large","max-video-preview":"max-video-preview:-1"},"canonical":"https:\/\/business.roovi.com\/hu\/game-dacians-and-romans-strategiai-jatek-gyerekeknek\/p\/","og_locale":"hu_HU","og_type":"article","og_title":"Game Dacians and Romans - Strat\u00e9giai j\u00e1t\u00e9k gyerekeknek","og_description":"Game Dacians and Romans - Strat\u00e9giai j\u00e1t\u00e9k gyerekeknek","og_url":"https:\/\/business.roovi.com\/hu\/game-dacians-and-romans-strategiai-jatek-gyerekeknek\/p\/","og_site_name":"Roovi B2B","article_publisher":"https:\/\/www.facebook.com\/wwwjucariero","article_modified_time":"2022-07-06T15:04:32+00:00","og_image":[{"width":1200,"height":1200,"url":"https:\/\/business.roovi.com\/wp-content\/uploads\/2018\/08\/74201_dacii_si_romanii_elo.jpg","type":"image\/jpeg"}],"twitter_misc":{"Becs\u00fclt olvas\u00e1si id\u0151":"2 perc"},"schema":{"@context":"https:\/\/schema.org","@graph":[{"@type":"WebPage","@id":"https:\/\/business.roovi.com\/hu\/game-dacians-and-romans-strategiai-jatek-gyerekeknek\/p\/","url":"https:\/\/business.roovi.com\/hu\/game-dacians-and-romans-strategiai-jatek-gyerekeknek\/p\/","name":"Game Dacians and Romans - Strat\u00e9giai j\u00e1t\u00e9k gyerekeknek","isPartOf":{"@id":"https:\/\/business.roovi.com\/hu\/#website"},"datePublished":"2018-08-23T09:02:39+00:00","dateModified":"2022-07-06T15:04:32+00:00","description":"Game Dacians and Romans - Strat\u00e9giai j\u00e1t\u00e9k gyerekeknek","breadcrumb":{"@id":"https:\/\/business.roovi.com\/hu\/game-dacians-and-romans-strategiai-jatek-gyerekeknek\/p\/#breadcrumb"},"inLanguage":"hu","potentialAction":[{"@type":"ReadAction","target":["https:\/\/business.roovi.com\/hu\/game-dacians-and-romans-strategiai-jatek-gyerekeknek\/p\/"]}]},{"@type":"BreadcrumbList","@id":"https:\/\/business.roovi.com\/hu\/game-dacians-and-romans-strategiai-jatek-gyerekeknek\/p\/#breadcrumb","itemListElement":[{"@type":"ListItem","position":1,"name":"Home","item":"https:\/\/business.roovi.com\/hu\/"},{"@type":"ListItem","position":2,"name":"Shop","item":"https:\/\/business.roovi.com\/hu\/shop\/"},{"@type":"ListItem","position":3,"name":"Game Dacians and Romans &#8211; Strat\u00e9giai j\u00e1t\u00e9k gyerekeknek"}]},{"@type":"WebSite","@id":"https:\/\/business.roovi.com\/hu\/#website","url":"https:\/\/business.roovi.com\/hu\/","name":"Roovi B2B","description":"Roovi Business Website","potentialAction":[{"@type":"SearchAction","target":{"@type":"EntryPoint","urlTemplate":"https:\/\/business.roovi.com\/hu\/?s={search_term_string}"},"query-input":"required name=search_term_string"}],"inLanguage":"hu"}]}},"_links":{"self":[{"href":"https:\/\/business.roovi.com\/hu\/wp-json\/wp\/v2\/product\/40432","targetHints":{"allow":["GET"]}}],"collection":[{"href":"https:\/\/business.roovi.com\/hu\/wp-json\/wp\/v2\/product"}],"about":[{"href":"https:\/\/business.roovi.com\/hu\/wp-json\/wp\/v2\/types\/product"}],"version-history":[{"count":0,"href":"https:\/\/business.roovi.com\/hu\/wp-json\/wp\/v2\/product\/40432\/revisions"}],"wp:featuredmedia":[{"embeddable":true,"href":"https:\/\/business.roovi.com\/hu\/wp-json\/wp\/v2\/media\/36357"}],"wp:attachment":[{"href":"https:\/\/business.roovi.com\/hu\/wp-json\/wp\/v2\/media?parent=40432"}],"wp:term":[{"taxonomy":"product_brand","embeddable":true,"href":"https:\/\/business.roovi.com\/hu\/wp-json\/wp\/v2\/product_brand?post=40432"},{"taxonomy":"product_cat","embeddable":true,"href":"https:\/\/business.roovi.com\/hu\/wp-json\/wp\/v2\/product_cat?post=40432"},{"taxonomy":"product_tag","embeddable":true,"href":"https:\/\/business.roovi.com\/hu\/wp-json\/wp\/v2\/product_tag?post=40432"}],"curies":[{"name":"wp","href":"https:\/\/api.w.org\/{rel}","templated":true}]}}