{"id":40452,"date":"2018-08-02T08:38:02","date_gmt":"2018-08-02T08:38:02","guid":{"rendered":"https:\/\/business.roovi.com\/puzzle-adulti-1000-piese-vintage-posters-la-grande-roue-de-paris\/p\/"},"modified":"2022-07-06T15:04:54","modified_gmt":"2022-07-06T15:04:54","slug":"szureti-plakatok-1000-darab-felnott-puzzle-la-grande-roue-de-paris","status":"publish","type":"product","link":"https:\/\/business.roovi.com\/hu\/szureti-plakatok-1000-darab-felnott-puzzle-la-grande-roue-de-paris\/p\/","title":{"rendered":"Sz\u00fcreti plak\u00e1tok 1000 darab feln\u0151tt puzzle &#8211; La grande roue de Paris"},"content":{"rendered":"<p><span style=\"font-weight: 400\">Szenved\u00e9lyesen szereted a vintage st\u00edlust \u00e9s a kirak\u00f3s j\u00e1t\u00e9kokat? Fedezze fel az 1000 darabos kirak\u00f3sj\u00e1t\u00e9kok legnagyobb v\u00e1laszt\u00e9k\u00e1t az elm\u00falt \u00e9vsz\u00e1zadok gy\u0171jthet\u0151 illusztr\u00e1ci\u00f3ival, \u00e9s legyen a saj\u00e1t kez\u0171leg k\u00e9sz\u00edtett vintage festm\u00e9nyek gy\u0171jtem\u00e9nye.<\/span><\/p>\n<p><span style=\"font-weight: 400\">K\u00e9pzelje mag\u00e1t az 1900-as \u00e9vek P\u00e1rizs\u00e1ba, ahol egy mes\u00e9s \u00e9p\u00fcletet, a h\u00edres francia v\u00e1ros Nagy Kerek\u00e9t csod\u00e1lhatja. Micsoda egyed\u00fcl\u00e1ll\u00f3 \u00e9rz\u00e9s, nem igaz? Az 1000 darabos La grande roue de Paris kirak\u00f3s j\u00e1t\u00e9k lehet\u0151s\u00e9get ny\u00fajt a kikapcsol\u00f3d\u00e1sra, valamint arra, hogy visszal\u00e9pj\u00fcnk az id\u0151ben egy olyan korszakba, amikor az emberis\u00e9g fejl\u0151d\u00e9s\u00e9t az al\u00e1bbiak jellemezt\u00e9k <\/span><span style=\"font-weight: 400\">az ipari luxus \u00e9p\u00edt\u00e9szete.<\/span><\/p>\n<p><span style=\"font-weight: 400\">Az 1000 darabos puzzle a Vintage Posters kollekci\u00f3b\u00f3l egy impoz\u00e1ns, a maga kor\u00e1ban nagyszer\u0171 turisztikai l\u00e1tv\u00e1nyoss\u00e1got, egy igazi m\u00e9rn\u00f6ki csod\u00e1t n\u00e9pszer\u0171s\u00edt\u0151 illusztr\u00e1ci\u00f3 k\u00e9p\u00e9t adja vissza. A kirak\u00f3s j\u00e1t\u00e9k k\u00e9pe meg\u0151rizte az \u00e9l\u00e9nk sz\u00edneket, \u00e9s az eredeti plak\u00e1t legapr\u00f3bb elemeit is visszaadja. A darabok kiv\u00e1l\u00f3 min\u0151s\u00e9g\u0171 kartonb\u00f3l k\u00e9sz\u00fclnek, \u00e9s prec\u00edzi\u00f3s v\u00e1g\u00e1ssal k\u00e9sz\u00fclnek, hogy a kapott k\u00e9p t\u00f6k\u00e9letes m\u00e1solata legyen az eredeti k\u00e9pnek.<\/span><\/p>\n<p><span style=\"font-weight: 400\">Jellemz\u0151k 1000 darabos puzzle<\/span><span style=\"font-weight: 400\"> La grande roue de Paris:<\/span><\/p>\n<p><strong>A rekonstru\u00e1lt k\u00e9p m\u00e9retei: 50 x 70 cm.<\/strong><\/p>\n<p><strong>Puzzle anyag <\/strong><\/p>\n<p><strong>kiv\u00e1l\u00f3 min\u0151s\u00e9g\u0171 k\u00e9k karton<\/strong><\/p>\n<p><strong>fenntarthat\u00f3, \u00fajrahasznos\u00edthat\u00f3 anyagok<\/strong><\/p>\n<p><strong>f\u00e9lf\u00e9nyes kivitel, \u00e9l\u00e9nk sz\u00ednek<\/strong><\/p>\n<p><strong>A kirak\u00f3s darabok sz\u00e1ma: 1000<\/strong><\/p>\n<p><strong>Aj\u00e1nlott \u00e9letkor: 14+<\/strong><\/p>\n<p><span style=\"font-weight: 400\">A kirak\u00f3s j\u00e1t\u00e9kok sz\u00e1mos el\u0151nnyel j\u00e1rnak, amelyek t\u00f6bb szinten is megjelennek:<\/span><\/p>\n<ul>\n<li><span style=\"font-weight: 400\">Fejleszti a mem\u00f3ri\u00e1t.<\/span><\/li>\n<li><span style=\"font-weight: 400\">Seg\u00edt hossz\u00fa ideig egyetlen feladatra koncentr\u00e1lni.<\/span><\/li>\n<li><span style=\"font-weight: 400\">A szabadid\u0151 elt\u00f6lt\u00e9s\u00e9nek pihentet\u0151 m\u00f3dja.<\/span><\/li>\n<li><span style=\"font-weight: 400\">Elv\u00e1lasztj\u00e1k \u00d6nt az okoseszk\u00f6z\u00f6k k\u00e9perny\u0151it\u0151l.<\/span><\/li>\n<li><span style=\"font-weight: 400\">Lehet\u0151s\u00e9get adhatnak a bar\u00e1tokkal val\u00f3 ismerked\u00e9sre.<\/span><\/li>\n<li><span style=\"font-weight: 400\">Fejlesztik a probl\u00e9mamegold\u00f3 k\u00e9szs\u00e9gedet <\/span><\/li>\n<\/ul>\n<p><strong>Tudtad, hogy&#8230;?<\/strong><\/p>\n<p><span style=\"font-weight: 400\">\u00c1tad\u00e1sakor a p\u00e1rizsi \u00f3ri\u00e1sker\u00e9k volt a vil\u00e1g legmagasabb kereke: 96 m\u00e9ter magas volt.<\/span><\/p>\n<p><span style=\"font-weight: 400\">S\u00falya 650 tonna volt, \u00e9s 1600 embert tudott sz\u00e1ll\u00edtani.<\/span><\/p>\n<p><span style=\"font-weight: 400\">1920 \u00e9s 1922 k\u00f6z\u00f6tt lebontott\u00e1k. Az utaskabinokat elt\u00e1vol\u00edtott\u00e1k, \u00e9s az els\u0151 vil\u00e1gh\u00e1bor\u00fa \u00e1ltal s\u00fajtott t\u00e9rs\u00e9gben \u00e9l\u0151 francia csal\u00e1dok sz\u00e1m\u00e1ra haszn\u00e1lt\u00e1k.<\/span><\/p>\n<p><span style=\"font-weight: 400\">A ki\u00e1ll\u00edtott bab\u00e9rkoszor\u00fat tart\u00f3 sz\u00e1rnyas alak az ipari fejl\u0151d\u00e9s diadal\u00e1t \u00e9s felemelked\u00e9s\u00e9t szimboliz\u00e1lja.<\/span><\/p>\n<p><strong>Puzzle 1000 darab <\/strong><strong>La grande roue de Paris &#8211; lehet\u0151s\u00e9g a kikapcsol\u00f3d\u00e1sra a szeretteivel<\/strong><\/p>\n<p><span style=\"font-weight: 400\">Egyre ritk\u00e1bbak a t\u00e1rsas egy\u00fcttl\u00e9tek \u00e9s a szeretteinkkel val\u00f3 kapcsolatteremt\u00e9s pillanatai. A La grande roue de Paris 1000 darabos puzzle \u00f6sszehozza a csal\u00e1dot vagy a bar\u00e1tokat, \u00e9s \u00e9rt\u00e9kes eml\u00e9keket szerez a szeretteivel.<\/span><\/p>\n<p><span style=\"font-weight: 400\">Ez egyben lehet\u0151s\u00e9g arra is, hogy laz\u00edtson, megismerje egym\u00e1st, \u00e9s tart\u00f3s kapcsolatokat \u00e9p\u00edtsen ki a k\u00eds\u00e9ret\u00e9ben l\u00e9v\u0151 emberekkel. K\u00e9sz\u00fclj fel teh\u00e1t egy sz\u00f3rakoztat\u00f3 \u00e9s pihentet\u0151 kalandra a Vintage Posters puzzle kollekci\u00f3 1000 darabos La grande roue de Paris kirak\u00f3j\u00e1val.<\/span><\/p>\n<p><span style=\"font-weight: 400\">Szeretn\u00e9 a legkellemesebb m\u00f3don meglepni egy bar\u00e1tj\u00e1t, akit leny\u0171g\u00f6z a vintage m\u0171v\u00e9szet? Aj\u00e1nd\u00e9kozzon nekik egy 1000 darabos La grande roue de Paris puzzle-t, \u00e9s h\u00edvja ki \u0151ket saj\u00e1t festm\u00e9ny\u00fck elk\u00e9sz\u00edt\u00e9s\u00e9re.<\/span><\/p><\/p>\n","protected":false},"excerpt":{"rendered":"<p>Szenved\u00e9lyesen szereted a vintage st\u00edlust \u00e9s a kirak\u00f3s j\u00e1t\u00e9kokat? Fedezze fel az 1000 darabos kirak\u00f3sj\u00e1t\u00e9kok legnagyobb v\u00e1laszt\u00e9k\u00e1t az elm\u00falt \u00e9vsz\u00e1zadok<\/p>\n","protected":false},"featured_media":36257,"template":"","meta":[],"product_brand":[],"product_cat":[1920,1919,1881],"product_tag":[],"class_list":{"0":"post-40452","1":"product","2":"type-product","3":"status-publish","4":"has-post-thumbnail","6":"product_cat-1000-darabos-kirakos-jatek","7":"product_cat-felnott-kirakos-jatekok","8":"product_cat-kirakos-jatekok","9":"pa_brand-d_toys-hu","10":"pa_country_of_manufacture-ro-hu","11":"pa_filter_age-14-hu","12":"pa_painter-vintage-posters-hu","13":"pa_tip_ambalaj-doboz","14":"pa_tip_puzzle-klasszikus","16":"first","17":"instock","18":"taxable","19":"shipping-taxable","20":"product-type-simple"},"yoast_head":"<!-- This site is optimized with the Yoast SEO plugin v20.1 - https:\/\/yoast.com\/wordpress\/plugins\/seo\/ -->\n<title>Sz\u00fcreti plak\u00e1tok 1000 darab feln\u0151tt puzzle - La grande roue de Paris<\/title>\n<meta name=\"description\" content=\"Sz\u00fcreti plak\u00e1tok 1000 darab feln\u0151tt puzzle - La grande roue de Paris\" \/>\n<meta name=\"robots\" content=\"index, follow, max-snippet:-1, max-image-preview:large, max-video-preview:-1\" \/>\n<link rel=\"canonical\" href=\"https:\/\/business.roovi.com\/hu\/szureti-plakatok-1000-darab-felnott-puzzle-la-grande-roue-de-paris\/p\/\" \/>\n<meta property=\"og:locale\" content=\"hu_HU\" \/>\n<meta property=\"og:type\" content=\"article\" \/>\n<meta property=\"og:title\" content=\"Sz\u00fcreti plak\u00e1tok 1000 darab feln\u0151tt puzzle - La grande roue de Paris\" \/>\n<meta property=\"og:description\" content=\"Sz\u00fcreti plak\u00e1tok 1000 darab feln\u0151tt puzzle - La grande roue de Paris\" \/>\n<meta property=\"og:url\" content=\"https:\/\/business.roovi.com\/hu\/szureti-plakatok-1000-darab-felnott-puzzle-la-grande-roue-de-paris\/p\/\" \/>\n<meta property=\"og:site_name\" content=\"Roovi B2B\" \/>\n<meta property=\"article:publisher\" content=\"https:\/\/www.facebook.com\/wwwjucariero\" \/>\n<meta property=\"article:modified_time\" content=\"2022-07-06T15:04:54+00:00\" \/>\n<meta property=\"og:image\" content=\"https:\/\/business.roovi.com\/wp-content\/uploads\/2018\/08\/67555_ansamblu_dimensiuni_cutie_cm_vertical_1200x1200.png\" \/>\n\t<meta property=\"og:image:width\" content=\"1200\" \/>\n\t<meta property=\"og:image:height\" content=\"1200\" \/>\n\t<meta property=\"og:image:type\" content=\"image\/png\" \/>\n<meta name=\"twitter:label1\" content=\"Becs\u00fclt olvas\u00e1si id\u0151\" \/>\n\t<meta name=\"twitter:data1\" content=\"3 perc\" \/>\n<script type=\"application\/ld+json\" class=\"yoast-schema-graph\">{\"@context\":\"https:\/\/schema.org\",\"@graph\":[{\"@type\":\"WebPage\",\"@id\":\"https:\/\/business.roovi.com\/hu\/szureti-plakatok-1000-darab-felnott-puzzle-la-grande-roue-de-paris\/p\/\",\"url\":\"https:\/\/business.roovi.com\/hu\/szureti-plakatok-1000-darab-felnott-puzzle-la-grande-roue-de-paris\/p\/\",\"name\":\"Sz\u00fcreti plak\u00e1tok 1000 darab feln\u0151tt puzzle - La grande roue de Paris\",\"isPartOf\":{\"@id\":\"https:\/\/business.roovi.com\/hu\/#website\"},\"datePublished\":\"2018-08-02T08:38:02+00:00\",\"dateModified\":\"2022-07-06T15:04:54+00:00\",\"description\":\"Sz\u00fcreti plak\u00e1tok 1000 darab feln\u0151tt puzzle - La grande roue de Paris\",\"breadcrumb\":{\"@id\":\"https:\/\/business.roovi.com\/hu\/szureti-plakatok-1000-darab-felnott-puzzle-la-grande-roue-de-paris\/p\/#breadcrumb\"},\"inLanguage\":\"hu\",\"potentialAction\":[{\"@type\":\"ReadAction\",\"target\":[\"https:\/\/business.roovi.com\/hu\/szureti-plakatok-1000-darab-felnott-puzzle-la-grande-roue-de-paris\/p\/\"]}]},{\"@type\":\"BreadcrumbList\",\"@id\":\"https:\/\/business.roovi.com\/hu\/szureti-plakatok-1000-darab-felnott-puzzle-la-grande-roue-de-paris\/p\/#breadcrumb\",\"itemListElement\":[{\"@type\":\"ListItem\",\"position\":1,\"name\":\"Home\",\"item\":\"https:\/\/business.roovi.com\/hu\/\"},{\"@type\":\"ListItem\",\"position\":2,\"name\":\"Shop\",\"item\":\"https:\/\/business.roovi.com\/hu\/shop\/\"},{\"@type\":\"ListItem\",\"position\":3,\"name\":\"Sz\u00fcreti plak\u00e1tok 1000 darab feln\u0151tt puzzle &#8211; La grande roue de Paris\"}]},{\"@type\":\"WebSite\",\"@id\":\"https:\/\/business.roovi.com\/hu\/#website\",\"url\":\"https:\/\/business.roovi.com\/hu\/\",\"name\":\"Roovi B2B\",\"description\":\"Roovi Business Website\",\"potentialAction\":[{\"@type\":\"SearchAction\",\"target\":{\"@type\":\"EntryPoint\",\"urlTemplate\":\"https:\/\/business.roovi.com\/hu\/?s={search_term_string}\"},\"query-input\":\"required name=search_term_string\"}],\"inLanguage\":\"hu\"}]}<\/script>\n<!-- \/ Yoast SEO plugin. -->","yoast_head_json":{"title":"Sz\u00fcreti plak\u00e1tok 1000 darab feln\u0151tt puzzle - La grande roue de Paris","description":"Sz\u00fcreti plak\u00e1tok 1000 darab feln\u0151tt puzzle - La grande roue de Paris","robots":{"index":"index","follow":"follow","max-snippet":"max-snippet:-1","max-image-preview":"max-image-preview:large","max-video-preview":"max-video-preview:-1"},"canonical":"https:\/\/business.roovi.com\/hu\/szureti-plakatok-1000-darab-felnott-puzzle-la-grande-roue-de-paris\/p\/","og_locale":"hu_HU","og_type":"article","og_title":"Sz\u00fcreti plak\u00e1tok 1000 darab feln\u0151tt puzzle - La grande roue de Paris","og_description":"Sz\u00fcreti plak\u00e1tok 1000 darab feln\u0151tt puzzle - La grande roue de Paris","og_url":"https:\/\/business.roovi.com\/hu\/szureti-plakatok-1000-darab-felnott-puzzle-la-grande-roue-de-paris\/p\/","og_site_name":"Roovi B2B","article_publisher":"https:\/\/www.facebook.com\/wwwjucariero","article_modified_time":"2022-07-06T15:04:54+00:00","og_image":[{"width":1200,"height":1200,"url":"https:\/\/business.roovi.com\/wp-content\/uploads\/2018\/08\/67555_ansamblu_dimensiuni_cutie_cm_vertical_1200x1200.png","type":"image\/png"}],"twitter_misc":{"Becs\u00fclt olvas\u00e1si id\u0151":"3 perc"},"schema":{"@context":"https:\/\/schema.org","@graph":[{"@type":"WebPage","@id":"https:\/\/business.roovi.com\/hu\/szureti-plakatok-1000-darab-felnott-puzzle-la-grande-roue-de-paris\/p\/","url":"https:\/\/business.roovi.com\/hu\/szureti-plakatok-1000-darab-felnott-puzzle-la-grande-roue-de-paris\/p\/","name":"Sz\u00fcreti plak\u00e1tok 1000 darab feln\u0151tt puzzle - La grande roue de Paris","isPartOf":{"@id":"https:\/\/business.roovi.com\/hu\/#website"},"datePublished":"2018-08-02T08:38:02+00:00","dateModified":"2022-07-06T15:04:54+00:00","description":"Sz\u00fcreti plak\u00e1tok 1000 darab feln\u0151tt puzzle - La grande roue de Paris","breadcrumb":{"@id":"https:\/\/business.roovi.com\/hu\/szureti-plakatok-1000-darab-felnott-puzzle-la-grande-roue-de-paris\/p\/#breadcrumb"},"inLanguage":"hu","potentialAction":[{"@type":"ReadAction","target":["https:\/\/business.roovi.com\/hu\/szureti-plakatok-1000-darab-felnott-puzzle-la-grande-roue-de-paris\/p\/"]}]},{"@type":"BreadcrumbList","@id":"https:\/\/business.roovi.com\/hu\/szureti-plakatok-1000-darab-felnott-puzzle-la-grande-roue-de-paris\/p\/#breadcrumb","itemListElement":[{"@type":"ListItem","position":1,"name":"Home","item":"https:\/\/business.roovi.com\/hu\/"},{"@type":"ListItem","position":2,"name":"Shop","item":"https:\/\/business.roovi.com\/hu\/shop\/"},{"@type":"ListItem","position":3,"name":"Sz\u00fcreti plak\u00e1tok 1000 darab feln\u0151tt puzzle &#8211; La grande roue de Paris"}]},{"@type":"WebSite","@id":"https:\/\/business.roovi.com\/hu\/#website","url":"https:\/\/business.roovi.com\/hu\/","name":"Roovi B2B","description":"Roovi Business Website","potentialAction":[{"@type":"SearchAction","target":{"@type":"EntryPoint","urlTemplate":"https:\/\/business.roovi.com\/hu\/?s={search_term_string}"},"query-input":"required name=search_term_string"}],"inLanguage":"hu"}]}},"_links":{"self":[{"href":"https:\/\/business.roovi.com\/hu\/wp-json\/wp\/v2\/product\/40452","targetHints":{"allow":["GET"]}}],"collection":[{"href":"https:\/\/business.roovi.com\/hu\/wp-json\/wp\/v2\/product"}],"about":[{"href":"https:\/\/business.roovi.com\/hu\/wp-json\/wp\/v2\/types\/product"}],"version-history":[{"count":0,"href":"https:\/\/business.roovi.com\/hu\/wp-json\/wp\/v2\/product\/40452\/revisions"}],"wp:featuredmedia":[{"embeddable":true,"href":"https:\/\/business.roovi.com\/hu\/wp-json\/wp\/v2\/media\/36257"}],"wp:attachment":[{"href":"https:\/\/business.roovi.com\/hu\/wp-json\/wp\/v2\/media?parent=40452"}],"wp:term":[{"taxonomy":"product_brand","embeddable":true,"href":"https:\/\/business.roovi.com\/hu\/wp-json\/wp\/v2\/product_brand?post=40452"},{"taxonomy":"product_cat","embeddable":true,"href":"https:\/\/business.roovi.com\/hu\/wp-json\/wp\/v2\/product_cat?post=40452"},{"taxonomy":"product_tag","embeddable":true,"href":"https:\/\/business.roovi.com\/hu\/wp-json\/wp\/v2\/product_tag?post=40452"}],"curies":[{"name":"wp","href":"https:\/\/api.w.org\/{rel}","templated":true}]}}