{"id":40456,"date":"2018-08-02T08:38:02","date_gmt":"2018-08-02T08:38:02","guid":{"rendered":"https:\/\/business.roovi.com\/puzzle-adulti-1000-piese-vintage-posters-the-only-route-via-niagara-falls-suspension-bridge\/p\/"},"modified":"2022-07-06T15:09:09","modified_gmt":"2022-07-06T15:09:09","slug":"vintage-posters-1000-darabos-felnott-puzzle-az-egyetlen-utvonal-a-niagara-vizesesen-es-a-fuggohidon-keresztul","status":"publish","type":"product","link":"https:\/\/business.roovi.com\/hu\/vintage-posters-1000-darabos-felnott-puzzle-az-egyetlen-utvonal-a-niagara-vizesesen-es-a-fuggohidon-keresztul\/p\/","title":{"rendered":"Vintage Posters 1000 darabos feln\u0151tt puzzle &#8211; Az egyetlen \u00fatvonal a Niagara-v\u00edzes\u00e9sen \u00e9s a f\u00fcgg\u0151h\u00eddon kereszt\u00fcl"},"content":{"rendered":"<p><span style=\"font-weight: 400\">K\u00e9szen \u00e1llsz arra, hogy 1000 puzzle-darabb\u00f3l \u00f6sszerakj egy 19. sz\u00e1zadi rekl\u00e1mot? V\u00e1lasszon a vintage puzzle k\u00edn\u00e1latunkb\u00f3l, amely olyan egyedi feln\u0151tt puzzle-designokat k\u00edn\u00e1l, amelyek a m\u0171v\u00e9szet szintj\u00e9re emelik a kirak\u00f3s j\u00e1t\u00e9kok ir\u00e1nti szenved\u00e9ly\u00e9t <\/span><\/p>\n<p><span style=\"font-weight: 400\">Milyen lenne visszamenni az id\u0151ben a 19. sz\u00e1zadba, felsz\u00e1llni egy sz\u00fcreti vonatra, \u00e9s elindulni egy \u00e9letre sz\u00f3l\u00f3 utaz\u00e1sra? Az egyik oldalon \u00e9lvezheti a hely nevezetess\u00e9geit, gyalogosokkal \u00e9s lovaskocsival, a m\u00e1sik oldalon pedig a Niagara-v\u00edzes\u00e9s, a term\u00e9szet igazi csod\u00e1ja t\u00e1rul el\u00e9nk.<\/span><\/p>\n<p><span style=\"font-weight: 400\">Az Only Route via Niagara Falls &amp; Suspension Bridge 1000 darabos kirak\u00f3j\u00e1t\u00e9k ez\u00e9rt lehet\u0151s\u00e9get ny\u00fajt a kikapcsol\u00f3d\u00e1sra \u00e9s a k\u00e9pzelet gyakorl\u00e1s\u00e1ra. Ha m\u00e9g interakt\u00edvabb\u00e1 szeretn\u00e9 tenni ezt a tev\u00e9kenys\u00e9get, vonja be a tizen\u00e9veseket a kreat\u00edv folyamatba. Egy kifog\u00e1stalan min\u0151s\u00e9g\u0171 kirak\u00f3s j\u00e1t\u00e9kot \u00e9s egy\u00fctt t\u00f6lt\u00f6tt egyedi pillanatokat fogtok \u00e9lvezni.<\/span><\/p>\n<p><span style=\"font-weight: 400\">A darabok al\u00e1t\u00e1maszt\u00e1s\u00e1ra haszn\u00e1lhat egy hagyom\u00e1nyos doh\u00e1nyz\u00f3asztalt. Az 1000 darabos puzzle rekonstru\u00e1lt k\u00e9pe 50 x 70 cm-es.<\/span><\/p>\n<p><span style=\"font-weight: 400\">A sz\u00fcreti kirak\u00f3s egy\u00e9b jellemz\u0151i &#8211; Az egyetlen \u00fatvonal a Niagara-v\u00edzes\u00e9sen \u00e9s a f\u00fcgg\u0151h\u00eddon kereszt\u00fcl:<\/span><\/p>\n<p><strong>A rekonstru\u00e1lt k\u00e9p m\u00e9retei: 50 x 70 cm.<\/strong><\/p>\n<p><strong>Puzzle anyag <\/strong><\/p>\n<p><strong>kiv\u00e1l\u00f3 min\u0151s\u00e9g\u0171 k\u00e9k karton<\/strong><\/p>\n<p><strong>fenntarthat\u00f3, \u00fajrahasznos\u00edthat\u00f3 anyagok<\/strong><\/p>\n<p><strong>f\u00e9lf\u00e9nyes kivitel, \u00e9l\u00e9nk sz\u00ednek<\/strong><\/p>\n<p><strong>A kirak\u00f3s darabok sz\u00e1ma: 1000<\/strong><\/p>\n<p><strong>Aj\u00e1nlott \u00e9letkor: 14+<\/strong><\/p>\n<p><strong>Mi\u00e9rt k\u00fcl\u00f6nleges Az egyetlen \u00fatvonal a Niagara-v\u00edzes\u00e9sen \u00e9s a f\u00fcgg\u0151h\u00eddon \u00e1t 1000 darabos puzzle?<\/strong><\/p>\n<p><span style=\"font-weight: 400\">Ez egy hangulatjav\u00edt\u00f3 lehet\u0151s\u00e9g a kikapcsol\u00f3d\u00e1sra \u00e9s laz\u00edt\u00e1sra.<\/span><\/p>\n<p><span style=\"font-weight: 400\">Seg\u00edt elszakadni a k\u00e9perny\u0151kt\u0151l, \u00e9s \u00e9rt\u00e9kelni az egyszer\u0171 dolgok \u00f6r\u00f6m\u00e9t.<\/span><\/p>\n<p><span style=\"font-weight: 400\">T\u00f6k\u00e9letes alkalom arra, hogy megmutasd \u00e9s csiszold a kirak\u00f3s-\u00f6sszeszerel\u00e9si k\u00e9pess\u00e9geidet.<\/span><\/p>\n<p><span style=\"font-weight: 400\">Ez egy csod\u00e1latos m\u00f3dja az olyan k\u00e9szs\u00e9gek er\u0151s\u00edt\u00e9s\u00e9nek, mint a szem-k\u00e9z koordin\u00e1ci\u00f3 \u00e9s a finommotorika.<\/span><\/p>\n<p><span style=\"font-weight: 400\">Olyan d\u00edszt\u00e1rgyat k\u00e9sz\u00edthet, amellyel b\u00fcszk\u00e9lkedhet bar\u00e1tainak, \u00e9s megsz\u00e9p\u00edtheti otthon\u00e1t.<\/span><\/p>\n<p><strong>Tudtad, hogy&#8230;?<\/strong><\/p>\n<p><span style=\"font-weight: 400\">A vil\u00e1g els\u0151 m\u0171k\u00f6d\u0151 f\u00fcgg\u0151vas\u00fati h\u00eddja a Niagara foly\u00f3n 1855 \u00e9s 1897 k\u00f6z\u00f6tt \u00e9p\u00fclt h\u00edd volt.<\/span><\/p>\n<p><span style=\"font-weight: 400\">Ez a f\u00fcgg\u0151h\u00edd volt az Egyes\u00fclt \u00c1llamok \u00e9s Kanada k\u00f6z\u00f6tti hat\u00e1r\u00e1tkel\u0151hely, \u00e9s fontos szerepet j\u00e1tszott mindk\u00e9t orsz\u00e1g t\u00f6rt\u00e9nelm\u00e9ben <\/span><\/p>\n<p><span style=\"font-weight: 400\">A hivatalos megnyit\u00e1s idej\u00e9n a h\u00edd a k\u00e9t orsz\u00e1g k\u00f6z\u00f6tti hat\u00e1r egyik legforgalmasabb kereskedelmi pontja volt.<\/span><\/p>\n<p><span style=\"font-weight: 400\">\u00c9p\u00edt\u00e9s\u00e9nek idej\u00e9n a hidat a vil\u00e1g egyik csod\u00e1j\u00e1nak tartott\u00e1k, \u00e9s rengeteg l\u00e1togat\u00f3t vonzott.<\/span><\/p>\n<p><span style=\"font-weight: 400\">A hidat sz\u00e1mos festm\u00e9nyen \u00e9s f\u00e9nyk\u00e9pen \u00e1br\u00e1zolt\u00e1k, m\u00e1sodlagos helyre helyezve a h\u00edres v\u00edzes\u00e9st. A n\u00e9z\u0151ket leny\u0171g\u00f6zte az \u00e9p\u00edtm\u00e9ny haszonelv\u0171 kialak\u00edt\u00e1sa \u00e9s az \u00e9p\u00edtm\u00e9ny nagyszer\u0171s\u00e9ge.<\/span><\/p>\n<p><strong>1000 darabos puzzle<\/strong> <strong>Az egyetlen \u00fatvonal a Niagara-v\u00edzes\u00e9sen \u00e9s a f\u00fcgg\u0151h\u00eddon kereszt\u00fcl sok \u00f3r\u00e1nyi sz\u00f3rakoz\u00e1s\u00e9rt a szeretteivel<\/strong><\/p>\n<p><span style=\"font-weight: 400\">Rossz id\u0151j\u00e1r\u00e1s miatt nem tudsz bej\u00f6nni? Vagy szeretne t\u00f6bb id\u0151t t\u00f6lteni tizen\u00e9ves gyermekeivel, \u00e9s er\u0151s\u00edteni a sz\u00fcl\u0151-gyermek kapcsolatot? Az 1000 darabos vintage puzzle az \u00d6n seg\u00edts\u00e9g\u00e9re lesz. Ford\u00edtsa meg a darabokat, ossza fel a feladatokat csapatokra, \u00e9s kezd\u0151dhet a m\u00f3ka. Induljanak egy\u00fctt egy leny\u0171g\u00f6z\u0151 utaz\u00e1sra, hogy felfedezz\u00e9k a Niagara-v\u00edzes\u00e9s rejt\u00e9lyeit.<\/span><\/p>\n<p><span style=\"font-weight: 400\">A gyermekeivel egy\u00fctt t\u00f6lt\u00f6tt id\u0151 felbecs\u00fclhetetlen \u00e9rt\u00e9k\u0171, \u00e9s a k\u00f6z\u00f6sen szerzett eml\u00e9kek olyan lelki t\u00e1pl\u00e1l\u00e9kot jelentenek, amelyet egy \u00e9leten \u00e1t \u00e9lvezni fog.<\/span><\/p>\n<p><span style=\"font-weight: 400\">Az Only Route via Niagara Falls &amp; Suspension Bridge 1000 darabos puzzle-t otthon tarthatod, \u00e9s b\u00e1rmikor \u00fajraalkothatod, amikor \u00fagy \u00e9rzed, hogy kreat\u00edv kih\u00edv\u00e1sra van sz\u00fcks\u00e9ged. Vagy \u00e1tkeretezheted, miut\u00e1n \u00fajra elk\u00e9sz\u00edtetted a k\u00e9pet, \u00e9s kereshetsz m\u00e1s mint\u00e1kat is az 1000 darabos vintage poszter puzzle k\u00edn\u00e1latban. Bizony\u00e1ra a gyermekei is \u00f6r\u00f6mmel fognak egy\u00fctt l\u00e9trehozni egy csod\u00e1latos gy\u0171jtem\u00e9nyt a sz\u00fcreti kirak\u00f3s j\u00e1t\u00e9k k\u00e9peib\u0151l.<\/span><\/p><\/p>\n","protected":false},"excerpt":{"rendered":"<p>K\u00e9szen \u00e1llsz arra, hogy 1000 puzzle-darabb\u00f3l \u00f6sszerakj egy 19. sz\u00e1zadi rekl\u00e1mot? V\u00e1lasszon a vintage puzzle k\u00edn\u00e1latunkb\u00f3l, amely olyan egyedi feln\u0151tt<\/p>\n","protected":false},"featured_media":36271,"template":"","meta":[],"product_brand":[],"product_cat":[1920,1919,1881],"product_tag":[],"class_list":{"0":"post-40456","1":"product","2":"type-product","3":"status-publish","4":"has-post-thumbnail","6":"product_cat-1000-darabos-kirakos-jatek","7":"product_cat-felnott-kirakos-jatekok","8":"product_cat-kirakos-jatekok","9":"pa_brand-d_toys-hu","10":"pa_country_of_manufacture-ro-hu","11":"pa_filter_age-14-hu","12":"pa_painter-vintage-posters-hu","13":"pa_tip_ambalaj-doboz","14":"pa_tip_puzzle-klasszikus","16":"first","17":"instock","18":"taxable","19":"shipping-taxable","20":"product-type-simple"},"yoast_head":"<!-- This site is optimized with the Yoast SEO plugin v20.1 - https:\/\/yoast.com\/wordpress\/plugins\/seo\/ -->\n<title>Vintage Posters 1000 darabos feln\u0151tt puzzle - Az egyetlen \u00fatvonal a Niagara-v\u00edzes\u00e9sen \u00e9s a f\u00fcgg\u0151h\u00eddon kereszt\u00fcl<\/title>\n<meta name=\"description\" content=\"Vintage Posters 1000 darabos feln\u0151tt puzzle - Az egyetlen \u00fatvonal a Niagara-v\u00edzes\u00e9sen \u00e9s a f\u00fcgg\u0151h\u00eddon kereszt\u00fcl\" \/>\n<meta name=\"robots\" content=\"index, follow, max-snippet:-1, max-image-preview:large, max-video-preview:-1\" \/>\n<link rel=\"canonical\" href=\"https:\/\/business.roovi.com\/hu\/vintage-posters-1000-darabos-felnott-puzzle-az-egyetlen-utvonal-a-niagara-vizesesen-es-a-fuggohidon-keresztul\/p\/\" \/>\n<meta property=\"og:locale\" content=\"hu_HU\" \/>\n<meta property=\"og:type\" content=\"article\" \/>\n<meta property=\"og:title\" content=\"Vintage Posters 1000 darabos feln\u0151tt puzzle - Az egyetlen \u00fatvonal a Niagara-v\u00edzes\u00e9sen \u00e9s a f\u00fcgg\u0151h\u00eddon kereszt\u00fcl\" \/>\n<meta property=\"og:description\" content=\"Vintage Posters 1000 darabos feln\u0151tt puzzle - Az egyetlen \u00fatvonal a Niagara-v\u00edzes\u00e9sen \u00e9s a f\u00fcgg\u0151h\u00eddon kereszt\u00fcl\" \/>\n<meta property=\"og:url\" content=\"https:\/\/business.roovi.com\/hu\/vintage-posters-1000-darabos-felnott-puzzle-az-egyetlen-utvonal-a-niagara-vizesesen-es-a-fuggohidon-keresztul\/p\/\" \/>\n<meta property=\"og:site_name\" content=\"Roovi B2B\" \/>\n<meta property=\"article:publisher\" content=\"https:\/\/www.facebook.com\/wwwjucariero\" \/>\n<meta property=\"article:modified_time\" content=\"2022-07-06T15:09:09+00:00\" \/>\n<meta property=\"og:image\" content=\"https:\/\/business.roovi.com\/wp-content\/uploads\/2018\/08\/67555-19_ansamblu_dimensiuni_cutie_cm_orizontal_1200x1200.png\" \/>\n\t<meta property=\"og:image:width\" content=\"1200\" \/>\n\t<meta property=\"og:image:height\" content=\"1200\" \/>\n\t<meta property=\"og:image:type\" content=\"image\/png\" \/>\n<meta name=\"twitter:label1\" content=\"Becs\u00fclt olvas\u00e1si id\u0151\" \/>\n\t<meta name=\"twitter:data1\" content=\"4 perc\" \/>\n<script type=\"application\/ld+json\" class=\"yoast-schema-graph\">{\"@context\":\"https:\/\/schema.org\",\"@graph\":[{\"@type\":\"WebPage\",\"@id\":\"https:\/\/business.roovi.com\/hu\/vintage-posters-1000-darabos-felnott-puzzle-az-egyetlen-utvonal-a-niagara-vizesesen-es-a-fuggohidon-keresztul\/p\/\",\"url\":\"https:\/\/business.roovi.com\/hu\/vintage-posters-1000-darabos-felnott-puzzle-az-egyetlen-utvonal-a-niagara-vizesesen-es-a-fuggohidon-keresztul\/p\/\",\"name\":\"Vintage Posters 1000 darabos feln\u0151tt puzzle - Az egyetlen \u00fatvonal a Niagara-v\u00edzes\u00e9sen \u00e9s a f\u00fcgg\u0151h\u00eddon kereszt\u00fcl\",\"isPartOf\":{\"@id\":\"https:\/\/business.roovi.com\/hu\/#website\"},\"datePublished\":\"2018-08-02T08:38:02+00:00\",\"dateModified\":\"2022-07-06T15:09:09+00:00\",\"description\":\"Vintage Posters 1000 darabos feln\u0151tt puzzle - Az egyetlen \u00fatvonal a Niagara-v\u00edzes\u00e9sen \u00e9s a f\u00fcgg\u0151h\u00eddon kereszt\u00fcl\",\"breadcrumb\":{\"@id\":\"https:\/\/business.roovi.com\/hu\/vintage-posters-1000-darabos-felnott-puzzle-az-egyetlen-utvonal-a-niagara-vizesesen-es-a-fuggohidon-keresztul\/p\/#breadcrumb\"},\"inLanguage\":\"hu\",\"potentialAction\":[{\"@type\":\"ReadAction\",\"target\":[\"https:\/\/business.roovi.com\/hu\/vintage-posters-1000-darabos-felnott-puzzle-az-egyetlen-utvonal-a-niagara-vizesesen-es-a-fuggohidon-keresztul\/p\/\"]}]},{\"@type\":\"BreadcrumbList\",\"@id\":\"https:\/\/business.roovi.com\/hu\/vintage-posters-1000-darabos-felnott-puzzle-az-egyetlen-utvonal-a-niagara-vizesesen-es-a-fuggohidon-keresztul\/p\/#breadcrumb\",\"itemListElement\":[{\"@type\":\"ListItem\",\"position\":1,\"name\":\"Home\",\"item\":\"https:\/\/business.roovi.com\/hu\/\"},{\"@type\":\"ListItem\",\"position\":2,\"name\":\"Shop\",\"item\":\"https:\/\/business.roovi.com\/hu\/shop\/\"},{\"@type\":\"ListItem\",\"position\":3,\"name\":\"Vintage Posters 1000 darabos feln\u0151tt puzzle &#8211; Az egyetlen \u00fatvonal a Niagara-v\u00edzes\u00e9sen \u00e9s a f\u00fcgg\u0151h\u00eddon kereszt\u00fcl\"}]},{\"@type\":\"WebSite\",\"@id\":\"https:\/\/business.roovi.com\/hu\/#website\",\"url\":\"https:\/\/business.roovi.com\/hu\/\",\"name\":\"Roovi B2B\",\"description\":\"Roovi Business Website\",\"potentialAction\":[{\"@type\":\"SearchAction\",\"target\":{\"@type\":\"EntryPoint\",\"urlTemplate\":\"https:\/\/business.roovi.com\/hu\/?s={search_term_string}\"},\"query-input\":\"required name=search_term_string\"}],\"inLanguage\":\"hu\"}]}<\/script>\n<!-- \/ Yoast SEO plugin. -->","yoast_head_json":{"title":"Vintage Posters 1000 darabos feln\u0151tt puzzle - Az egyetlen \u00fatvonal a Niagara-v\u00edzes\u00e9sen \u00e9s a f\u00fcgg\u0151h\u00eddon kereszt\u00fcl","description":"Vintage Posters 1000 darabos feln\u0151tt puzzle - Az egyetlen \u00fatvonal a Niagara-v\u00edzes\u00e9sen \u00e9s a f\u00fcgg\u0151h\u00eddon kereszt\u00fcl","robots":{"index":"index","follow":"follow","max-snippet":"max-snippet:-1","max-image-preview":"max-image-preview:large","max-video-preview":"max-video-preview:-1"},"canonical":"https:\/\/business.roovi.com\/hu\/vintage-posters-1000-darabos-felnott-puzzle-az-egyetlen-utvonal-a-niagara-vizesesen-es-a-fuggohidon-keresztul\/p\/","og_locale":"hu_HU","og_type":"article","og_title":"Vintage Posters 1000 darabos feln\u0151tt puzzle - Az egyetlen \u00fatvonal a Niagara-v\u00edzes\u00e9sen \u00e9s a f\u00fcgg\u0151h\u00eddon kereszt\u00fcl","og_description":"Vintage Posters 1000 darabos feln\u0151tt puzzle - Az egyetlen \u00fatvonal a Niagara-v\u00edzes\u00e9sen \u00e9s a f\u00fcgg\u0151h\u00eddon kereszt\u00fcl","og_url":"https:\/\/business.roovi.com\/hu\/vintage-posters-1000-darabos-felnott-puzzle-az-egyetlen-utvonal-a-niagara-vizesesen-es-a-fuggohidon-keresztul\/p\/","og_site_name":"Roovi B2B","article_publisher":"https:\/\/www.facebook.com\/wwwjucariero","article_modified_time":"2022-07-06T15:09:09+00:00","og_image":[{"width":1200,"height":1200,"url":"https:\/\/business.roovi.com\/wp-content\/uploads\/2018\/08\/67555-19_ansamblu_dimensiuni_cutie_cm_orizontal_1200x1200.png","type":"image\/png"}],"twitter_misc":{"Becs\u00fclt olvas\u00e1si id\u0151":"4 perc"},"schema":{"@context":"https:\/\/schema.org","@graph":[{"@type":"WebPage","@id":"https:\/\/business.roovi.com\/hu\/vintage-posters-1000-darabos-felnott-puzzle-az-egyetlen-utvonal-a-niagara-vizesesen-es-a-fuggohidon-keresztul\/p\/","url":"https:\/\/business.roovi.com\/hu\/vintage-posters-1000-darabos-felnott-puzzle-az-egyetlen-utvonal-a-niagara-vizesesen-es-a-fuggohidon-keresztul\/p\/","name":"Vintage Posters 1000 darabos feln\u0151tt puzzle - Az egyetlen \u00fatvonal a Niagara-v\u00edzes\u00e9sen \u00e9s a f\u00fcgg\u0151h\u00eddon kereszt\u00fcl","isPartOf":{"@id":"https:\/\/business.roovi.com\/hu\/#website"},"datePublished":"2018-08-02T08:38:02+00:00","dateModified":"2022-07-06T15:09:09+00:00","description":"Vintage Posters 1000 darabos feln\u0151tt puzzle - Az egyetlen \u00fatvonal a Niagara-v\u00edzes\u00e9sen \u00e9s a f\u00fcgg\u0151h\u00eddon kereszt\u00fcl","breadcrumb":{"@id":"https:\/\/business.roovi.com\/hu\/vintage-posters-1000-darabos-felnott-puzzle-az-egyetlen-utvonal-a-niagara-vizesesen-es-a-fuggohidon-keresztul\/p\/#breadcrumb"},"inLanguage":"hu","potentialAction":[{"@type":"ReadAction","target":["https:\/\/business.roovi.com\/hu\/vintage-posters-1000-darabos-felnott-puzzle-az-egyetlen-utvonal-a-niagara-vizesesen-es-a-fuggohidon-keresztul\/p\/"]}]},{"@type":"BreadcrumbList","@id":"https:\/\/business.roovi.com\/hu\/vintage-posters-1000-darabos-felnott-puzzle-az-egyetlen-utvonal-a-niagara-vizesesen-es-a-fuggohidon-keresztul\/p\/#breadcrumb","itemListElement":[{"@type":"ListItem","position":1,"name":"Home","item":"https:\/\/business.roovi.com\/hu\/"},{"@type":"ListItem","position":2,"name":"Shop","item":"https:\/\/business.roovi.com\/hu\/shop\/"},{"@type":"ListItem","position":3,"name":"Vintage Posters 1000 darabos feln\u0151tt puzzle &#8211; Az egyetlen \u00fatvonal a Niagara-v\u00edzes\u00e9sen \u00e9s a f\u00fcgg\u0151h\u00eddon kereszt\u00fcl"}]},{"@type":"WebSite","@id":"https:\/\/business.roovi.com\/hu\/#website","url":"https:\/\/business.roovi.com\/hu\/","name":"Roovi B2B","description":"Roovi Business Website","potentialAction":[{"@type":"SearchAction","target":{"@type":"EntryPoint","urlTemplate":"https:\/\/business.roovi.com\/hu\/?s={search_term_string}"},"query-input":"required name=search_term_string"}],"inLanguage":"hu"}]}},"_links":{"self":[{"href":"https:\/\/business.roovi.com\/hu\/wp-json\/wp\/v2\/product\/40456","targetHints":{"allow":["GET"]}}],"collection":[{"href":"https:\/\/business.roovi.com\/hu\/wp-json\/wp\/v2\/product"}],"about":[{"href":"https:\/\/business.roovi.com\/hu\/wp-json\/wp\/v2\/types\/product"}],"version-history":[{"count":0,"href":"https:\/\/business.roovi.com\/hu\/wp-json\/wp\/v2\/product\/40456\/revisions"}],"wp:featuredmedia":[{"embeddable":true,"href":"https:\/\/business.roovi.com\/hu\/wp-json\/wp\/v2\/media\/36271"}],"wp:attachment":[{"href":"https:\/\/business.roovi.com\/hu\/wp-json\/wp\/v2\/media?parent=40456"}],"wp:term":[{"taxonomy":"product_brand","embeddable":true,"href":"https:\/\/business.roovi.com\/hu\/wp-json\/wp\/v2\/product_brand?post=40456"},{"taxonomy":"product_cat","embeddable":true,"href":"https:\/\/business.roovi.com\/hu\/wp-json\/wp\/v2\/product_cat?post=40456"},{"taxonomy":"product_tag","embeddable":true,"href":"https:\/\/business.roovi.com\/hu\/wp-json\/wp\/v2\/product_tag?post=40456"}],"curies":[{"name":"wp","href":"https:\/\/api.w.org\/{rel}","templated":true}]}}