{"id":40464,"date":"2018-08-02T08:38:02","date_gmt":"2018-08-02T08:38:02","guid":{"rendered":"https:\/\/business.roovi.com\/puzzle-adulti-1000-piese-gustav-klimt-death-and-life\/p\/"},"modified":"2022-07-06T15:09:24","modified_gmt":"2022-07-06T15:09:24","slug":"felnott-1000-darab-gustav-klimt-halal-es-elet-puzzle","status":"publish","type":"product","link":"https:\/\/business.roovi.com\/hu\/felnott-1000-darab-gustav-klimt-halal-es-elet-puzzle\/p\/","title":{"rendered":"Feln\u0151tt 1000 darab Gustav Klimt &#8211; Hal\u00e1l \u00e9s \u00e9let puzzle"},"content":{"rendered":"<p><span style=\"font-weight: 400\">Szeretne elszakadni a k\u00e9perny\u0151kt\u0151l? Fedezze fel a feln\u0151tteknek sz\u00f3l\u00f3 rejtv\u00e9nyek k\u00e9sz\u00edt\u00e9s\u00e9nek \u00f6r\u00f6m\u00e9t. V\u00e1lasszon 1000 darabos rejtv\u00e9nyeket Rom\u00e1nia legnagyobb m\u0171v\u00e9szeti rejtv\u00e9nygy\u0171jtem\u00e9ny\u00e9b\u0151l, \u00e9s pihenjen a vil\u00e1g legl\u00e1tv\u00e1nyosabb festm\u00e9nyeinek k\u00e9peit \u00f6sszerakva. Ak\u00e1r 30 \u00f3r\u00e1nyi pihentet\u0151 sz\u00f3rakoz\u00e1sban lesz r\u00e9szed, r\u00e1ad\u00e1sul a saj\u00e1t kezeddel k\u00e9sz\u00edtett remekm\u0171vek tulajdonosa leszel <\/span><\/p>\n<p><span style=\"font-weight: 400\">Az 1000 darabos Gustav Klimt &#8211; Hal\u00e1l \u00e9s \u00e9let\/Moete et vie puzzle k\u00e9t er\u0151teljes szimb\u00f3lumot \u00e1ll\u00edt el\u00e9d: az \u00e9letet \u00e9s a hal\u00e1lt. Egy vigyorg\u00f3 koponya, s\u00f6t\u00e9t kab\u00e1tba burkol\u00f3zva, tele fekete keresztekkel \u00e1rulkodik a hal\u00e1lr\u00f3l. T\u00f6bb fiatal n\u0151 fekszik egy vir\u00e1g\u00e1gy\u00e1son, \u00e9s kez\u00fckb\u0151l \u00faj \u00e9let &#8211; egy gyermek &#8211; b\u00fajik el\u0151. Egy f\u00e9rfi szeles karjaival \u00e1t\u00f6lel egy n\u0151t. Milyen fens\u00e9ges l\u00e1tv\u00e1ny az \u00e9let \u00e9s a hal\u00e1l! Rakd \u00f6ssze az 1000 darabos Gustav Klimt &#8211; Hal\u00e1l \u00e9s \u00e9let puzzle-t, \u00e9s te is birtokba veheted ezt a m\u0171alkot\u00e1st.<\/span><\/p>\n<p><span style=\"font-weight: 400\">Olvasson t\u00f6bbet a Gustav Klimt &#8211; Hal\u00e1l \u00e9s \u00e9let m\u0171v\u00e9szeti puzzle-r\u0151l az al\u00e1bbiakban:<\/span><\/p>\n<p><strong>A rekonstru\u00e1lt k\u00e9p m\u00e9rete: 50 x 70 cm <\/strong><\/p>\n<p><strong>Puzzle anyag <\/strong><\/p>\n<p><strong>kiv\u00e1l\u00f3 min\u0151s\u00e9g\u0171 k\u00e9k karton<\/strong><\/p>\n<p><strong>fenntarthat\u00f3, \u00fajrahasznos\u00edthat\u00f3 anyagok<\/strong><\/p>\n<p><strong>f\u00e9lf\u00e9nyes kivitel, \u00e9l\u00e9nk sz\u00ednek<\/strong><\/p>\n<p><strong>A kirak\u00f3s darabok sz\u00e1ma: 1000<\/strong><\/p>\n<p><strong>Aj\u00e1nlott \u00e9letkor: 14+<\/strong><\/p>\n<p><strong>A puzzle j\u00e1t\u00e9kok eg\u00e9szs\u00e9gesen tartj\u00e1k az agyat<\/strong><\/p>\n<p><span style=\"font-weight: 400\">Tanulm\u00e1nyok szerint a feln\u0151tt rejtv\u00e9nyek csod\u00e1kat m\u0171velnek az agyaddal. Ez a pihentet\u0151 tev\u00e9kenys\u00e9g edzi az agyat \u00e9s eg\u00e9szs\u00e9gesen tartja azt. R\u00e1ad\u00e1sul kider\u00fclt, hogy azokn\u00e1l az emberekn\u00e9l, akik naponta legal\u00e1bb 30 percet t\u00f6ltenek puzzle-j\u00e1t\u00e9kok \u00f6ssze\u00e1ll\u00edt\u00e1s\u00e1val, kisebb az Alzheimer-k\u00f3r vagy m\u00e1s mem\u00f3riak\u00e1ros\u00edt\u00f3 betegs\u00e9gek kialakul\u00e1s\u00e1nak kock\u00e1zata.<\/span><\/p>\n<p><strong>A kirak\u00f3s j\u00e1t\u00e9kok k\u00f6zelebb visznek szeretteidhez<\/strong><\/p>\n<p><span style=\"font-weight: 400\">Tegye az 1000 darabos puzzle-t t\u00e1rsasj\u00e1t\u00e9kk\u00e1! \u00c1ll\u00edtsd \u00f6ssze a csal\u00e1doddal vagy bar\u00e1taiddal a h\u00edres festm\u00e9nyek k\u00e9peib\u0151l a leny\u0171g\u00f6z\u0151 m\u0171v\u00e9szeti rejtv\u00e9nyeket. Ez egy nagyszer\u0171 lehet\u0151s\u00e9g arra, hogy min\u0151s\u00e9gi id\u0151t t\u00f6lts\u00f6n szeretteivel.<\/span><\/p>\n<p><strong>N\u00e9h\u00e1ny inform\u00e1ci\u00f3 a k\u00f6vetkez\u0151kr\u0151l <\/strong><strong><em>Hal\u00e1l \u00e9s \u00e9let<\/em><\/strong><strong> gustav Klimt <\/strong><\/p>\n<p><span style=\"font-weight: 400\">A munka <\/span><em><span style=\"font-weight: 400\">Hal\u00e1l \u00e9s \u00e9let<\/span><\/em><span style=\"font-weight: 400\"> klimt els\u0151 d\u00edjat kapott az 1911-es r\u00f3mai vil\u00e1gki\u00e1ll\u00edt\u00e1son.<\/span><\/p>\n<p><span style=\"font-weight: 400\">A hal\u00e1l \u00e9s az \u00e9let Klimt legt\u00f6bb m\u0171v\u00e9nek k\u00f6zponti t\u00e9m\u00e1ja.<\/span><\/p>\n<p><span style=\"font-weight: 400\">A festm\u00e9nyen a n\u0151k fel\u00fclreprezent\u00e1ltak, ami arra utalhat, hogy a n\u0151k minden \u00e9let forr\u00e1sa.<\/span><\/p>\n<p><span style=\"font-weight: 400\"> 1915-ben, miut\u00e1n m\u00e1r \u00f6tsz\u00f6r volt ki\u00e1ll\u00edtva, Klimt megv\u00e1ltoztatta <\/span><em><span style=\"font-weight: 400\">Hal\u00e1l \u00e9s \u00e9let, <\/span><\/em><span style=\"font-weight: 400\">olyan okokb\u00f3l, amelyeket senkinek sem \u00e1rult el. A h\u00e1tteret aranyr\u00f3l sz\u00fcrk\u00e9re v\u00e1ltoztatta, \u00e9s mozaikokat illesztett hozz\u00e1.<\/span><\/p>\n<p><span style=\"font-weight: 400\">A diszkr\u00e9t term\u00e9szet\u0171 Klimt nem sokat engedett tudni a mag\u00e1n\u00e9let\u00e9r\u0151l. De m\u0171vein kereszt\u00fcl mutatja meg mag\u00e1t, amelyek rendk\u00edv\u00fcl szem\u00e9lyesek \u00e9s \u00e1thatj\u00e1k az \u00e9letr\u0151l, a szexr\u0151l, a v\u00e1gyr\u00f3l \u00e9s a hal\u00e1lr\u00f3l sz\u00f3l\u00f3 elm\u00e9lked\u00e9sei.<\/span><\/p>\n<p><strong>M\u0171v\u00e9szeti rejtv\u00e9nyek \u00e9s azok csod\u00e1latos el\u0151nyei<\/strong><\/p>\n<p><span style=\"font-weight: 400\">Egy m\u0171v\u00e9szeti kirak\u00f3j\u00e1t\u00e9k k\u00e9sz\u00edt\u00e9se \u00f6r\u00f6m \u00e9s j\u00f3 lehet\u0151s\u00e9g sz\u00e1mos k\u00e9szs\u00e9g fejleszt\u00e9s\u00e9re, t\u00f6bbek k\u00f6z\u00f6tt:<\/span><\/p>\n<ul>\n<li><span style=\"font-weight: 400\">Eszt\u00e9tikai \u00e9rz\u00e9k<\/span><\/li>\n<li><span style=\"font-weight: 400\">K\u00e9pzelet<\/span><\/li>\n<li><span style=\"font-weight: 400\">Mem\u00f3ria<\/span><\/li>\n<li><span style=\"font-weight: 400\">Puzzle \u00f6sszeszerel\u00e9si k\u00e9szs\u00e9gek.<\/span><\/li>\n<\/ul>\n<p><span style=\"font-weight: 400\">V\u00e1s\u00e1rolja meg a Gustav Klimt &#8211; Hal\u00e1l \u00e9s \u00e9let\/Moete et vie 1000 darabos kirak\u00f3s j\u00e1t\u00e9kot most, \u00e9s \u00e9lvezze a sz\u00f3rakoztat\u00f3 \u00e9s pihentet\u0151 tev\u00e9kenys\u00e9get. Eg\u00e9sz\u00edtsd ki a k\u00e9pet a h\u00edres festm\u00e9nnyel, \u00e9s k\u00e9sz\u00edts egy csod\u00e1latos m\u0171v\u00e9szi festm\u00e9nyt egy k\u00fcl\u00f6nleges feln\u0151tt puzzle-b\u00f3l.<\/span><\/p>\n<p><span style=\"font-weight: 400\">Aj\u00e1nd\u00e9kozzon 1000 darabos Gustav Klimt &#8211; Hal\u00e1l \u00e9s \u00e9let kirak\u00f3t a m\u0171v\u00e9szeti kirak\u00f3k gy\u0171jtem\u00e9ny\u00e9b\u0151l, \u00e9s tegye boldogg\u00e1 legjobb bar\u00e1tj\u00e1t!<\/span><\/p><\/p>\n","protected":false},"excerpt":{"rendered":"<p>Szeretne elszakadni a k\u00e9perny\u0151kt\u0151l? Fedezze fel a feln\u0151tteknek sz\u00f3l\u00f3 rejtv\u00e9nyek k\u00e9sz\u00edt\u00e9s\u00e9nek \u00f6r\u00f6m\u00e9t. V\u00e1lasszon 1000 darabos rejtv\u00e9nyeket Rom\u00e1nia legnagyobb m\u0171v\u00e9szeti rejtv\u00e9nygy\u0171jtem\u00e9ny\u00e9b\u0151l,<\/p>\n","protected":false},"featured_media":36299,"template":"","meta":[],"product_brand":[],"product_cat":[1920,1919,1881],"product_tag":[],"class_list":{"0":"post-40464","1":"product","2":"type-product","3":"status-publish","4":"has-post-thumbnail","6":"product_cat-1000-darabos-kirakos-jatek","7":"product_cat-felnott-kirakos-jatekok","8":"product_cat-kirakos-jatekok","9":"pa_brand-d_toys-hu","10":"pa_country_of_manufacture-ro-hu","11":"pa_filter_age-14-hu","12":"pa_painter-gustavklimt-hu","13":"pa_tip_ambalaj-doboz","14":"pa_tip_puzzle-klasszikus","16":"first","17":"instock","18":"taxable","19":"shipping-taxable","20":"product-type-simple"},"yoast_head":"<!-- This site is optimized with the Yoast SEO plugin v20.1 - https:\/\/yoast.com\/wordpress\/plugins\/seo\/ -->\n<title>Feln\u0151tt 1000 darab Gustav Klimt - Hal\u00e1l \u00e9s \u00e9let puzzle<\/title>\n<meta name=\"description\" content=\"Feln\u0151tt 1000 darab Gustav Klimt - Hal\u00e1l \u00e9s \u00e9let puzzle\" \/>\n<meta name=\"robots\" content=\"index, follow, max-snippet:-1, max-image-preview:large, max-video-preview:-1\" \/>\n<link rel=\"canonical\" href=\"https:\/\/business.roovi.com\/hu\/felnott-1000-darab-gustav-klimt-halal-es-elet-puzzle\/p\/\" \/>\n<meta property=\"og:locale\" content=\"hu_HU\" \/>\n<meta property=\"og:type\" content=\"article\" \/>\n<meta property=\"og:title\" content=\"Feln\u0151tt 1000 darab Gustav Klimt - Hal\u00e1l \u00e9s \u00e9let puzzle\" \/>\n<meta property=\"og:description\" content=\"Feln\u0151tt 1000 darab Gustav Klimt - Hal\u00e1l \u00e9s \u00e9let puzzle\" \/>\n<meta property=\"og:url\" content=\"https:\/\/business.roovi.com\/hu\/felnott-1000-darab-gustav-klimt-halal-es-elet-puzzle\/p\/\" \/>\n<meta property=\"og:site_name\" content=\"Roovi B2B\" \/>\n<meta property=\"article:publisher\" content=\"https:\/\/www.facebook.com\/wwwjucariero\" \/>\n<meta property=\"article:modified_time\" content=\"2022-07-06T15:09:24+00:00\" \/>\n<meta property=\"og:image\" content=\"https:\/\/business.roovi.com\/wp-content\/uploads\/2018\/08\/66923-10_ansamblu_dimensiuni_cutie_cm_orizontal_1200x1200.png\" \/>\n\t<meta property=\"og:image:width\" content=\"1200\" \/>\n\t<meta property=\"og:image:height\" content=\"1200\" \/>\n\t<meta property=\"og:image:type\" content=\"image\/png\" \/>\n<meta name=\"twitter:label1\" content=\"Becs\u00fclt olvas\u00e1si id\u0151\" \/>\n\t<meta name=\"twitter:data1\" content=\"4 perc\" \/>\n<script type=\"application\/ld+json\" class=\"yoast-schema-graph\">{\"@context\":\"https:\/\/schema.org\",\"@graph\":[{\"@type\":\"WebPage\",\"@id\":\"https:\/\/business.roovi.com\/hu\/felnott-1000-darab-gustav-klimt-halal-es-elet-puzzle\/p\/\",\"url\":\"https:\/\/business.roovi.com\/hu\/felnott-1000-darab-gustav-klimt-halal-es-elet-puzzle\/p\/\",\"name\":\"Feln\u0151tt 1000 darab Gustav Klimt - Hal\u00e1l \u00e9s \u00e9let puzzle\",\"isPartOf\":{\"@id\":\"https:\/\/business.roovi.com\/hu\/#website\"},\"datePublished\":\"2018-08-02T08:38:02+00:00\",\"dateModified\":\"2022-07-06T15:09:24+00:00\",\"description\":\"Feln\u0151tt 1000 darab Gustav Klimt - Hal\u00e1l \u00e9s \u00e9let puzzle\",\"breadcrumb\":{\"@id\":\"https:\/\/business.roovi.com\/hu\/felnott-1000-darab-gustav-klimt-halal-es-elet-puzzle\/p\/#breadcrumb\"},\"inLanguage\":\"hu\",\"potentialAction\":[{\"@type\":\"ReadAction\",\"target\":[\"https:\/\/business.roovi.com\/hu\/felnott-1000-darab-gustav-klimt-halal-es-elet-puzzle\/p\/\"]}]},{\"@type\":\"BreadcrumbList\",\"@id\":\"https:\/\/business.roovi.com\/hu\/felnott-1000-darab-gustav-klimt-halal-es-elet-puzzle\/p\/#breadcrumb\",\"itemListElement\":[{\"@type\":\"ListItem\",\"position\":1,\"name\":\"Home\",\"item\":\"https:\/\/business.roovi.com\/hu\/\"},{\"@type\":\"ListItem\",\"position\":2,\"name\":\"Shop\",\"item\":\"https:\/\/business.roovi.com\/hu\/shop\/\"},{\"@type\":\"ListItem\",\"position\":3,\"name\":\"Feln\u0151tt 1000 darab Gustav Klimt &#8211; Hal\u00e1l \u00e9s \u00e9let puzzle\"}]},{\"@type\":\"WebSite\",\"@id\":\"https:\/\/business.roovi.com\/hu\/#website\",\"url\":\"https:\/\/business.roovi.com\/hu\/\",\"name\":\"Roovi B2B\",\"description\":\"Roovi Business Website\",\"potentialAction\":[{\"@type\":\"SearchAction\",\"target\":{\"@type\":\"EntryPoint\",\"urlTemplate\":\"https:\/\/business.roovi.com\/hu\/?s={search_term_string}\"},\"query-input\":\"required name=search_term_string\"}],\"inLanguage\":\"hu\"}]}<\/script>\n<!-- \/ Yoast SEO plugin. -->","yoast_head_json":{"title":"Feln\u0151tt 1000 darab Gustav Klimt - Hal\u00e1l \u00e9s \u00e9let puzzle","description":"Feln\u0151tt 1000 darab Gustav Klimt - Hal\u00e1l \u00e9s \u00e9let puzzle","robots":{"index":"index","follow":"follow","max-snippet":"max-snippet:-1","max-image-preview":"max-image-preview:large","max-video-preview":"max-video-preview:-1"},"canonical":"https:\/\/business.roovi.com\/hu\/felnott-1000-darab-gustav-klimt-halal-es-elet-puzzle\/p\/","og_locale":"hu_HU","og_type":"article","og_title":"Feln\u0151tt 1000 darab Gustav Klimt - Hal\u00e1l \u00e9s \u00e9let puzzle","og_description":"Feln\u0151tt 1000 darab Gustav Klimt - Hal\u00e1l \u00e9s \u00e9let puzzle","og_url":"https:\/\/business.roovi.com\/hu\/felnott-1000-darab-gustav-klimt-halal-es-elet-puzzle\/p\/","og_site_name":"Roovi B2B","article_publisher":"https:\/\/www.facebook.com\/wwwjucariero","article_modified_time":"2022-07-06T15:09:24+00:00","og_image":[{"width":1200,"height":1200,"url":"https:\/\/business.roovi.com\/wp-content\/uploads\/2018\/08\/66923-10_ansamblu_dimensiuni_cutie_cm_orizontal_1200x1200.png","type":"image\/png"}],"twitter_misc":{"Becs\u00fclt olvas\u00e1si id\u0151":"4 perc"},"schema":{"@context":"https:\/\/schema.org","@graph":[{"@type":"WebPage","@id":"https:\/\/business.roovi.com\/hu\/felnott-1000-darab-gustav-klimt-halal-es-elet-puzzle\/p\/","url":"https:\/\/business.roovi.com\/hu\/felnott-1000-darab-gustav-klimt-halal-es-elet-puzzle\/p\/","name":"Feln\u0151tt 1000 darab Gustav Klimt - Hal\u00e1l \u00e9s \u00e9let puzzle","isPartOf":{"@id":"https:\/\/business.roovi.com\/hu\/#website"},"datePublished":"2018-08-02T08:38:02+00:00","dateModified":"2022-07-06T15:09:24+00:00","description":"Feln\u0151tt 1000 darab Gustav Klimt - Hal\u00e1l \u00e9s \u00e9let puzzle","breadcrumb":{"@id":"https:\/\/business.roovi.com\/hu\/felnott-1000-darab-gustav-klimt-halal-es-elet-puzzle\/p\/#breadcrumb"},"inLanguage":"hu","potentialAction":[{"@type":"ReadAction","target":["https:\/\/business.roovi.com\/hu\/felnott-1000-darab-gustav-klimt-halal-es-elet-puzzle\/p\/"]}]},{"@type":"BreadcrumbList","@id":"https:\/\/business.roovi.com\/hu\/felnott-1000-darab-gustav-klimt-halal-es-elet-puzzle\/p\/#breadcrumb","itemListElement":[{"@type":"ListItem","position":1,"name":"Home","item":"https:\/\/business.roovi.com\/hu\/"},{"@type":"ListItem","position":2,"name":"Shop","item":"https:\/\/business.roovi.com\/hu\/shop\/"},{"@type":"ListItem","position":3,"name":"Feln\u0151tt 1000 darab Gustav Klimt &#8211; Hal\u00e1l \u00e9s \u00e9let puzzle"}]},{"@type":"WebSite","@id":"https:\/\/business.roovi.com\/hu\/#website","url":"https:\/\/business.roovi.com\/hu\/","name":"Roovi B2B","description":"Roovi Business Website","potentialAction":[{"@type":"SearchAction","target":{"@type":"EntryPoint","urlTemplate":"https:\/\/business.roovi.com\/hu\/?s={search_term_string}"},"query-input":"required name=search_term_string"}],"inLanguage":"hu"}]}},"_links":{"self":[{"href":"https:\/\/business.roovi.com\/hu\/wp-json\/wp\/v2\/product\/40464","targetHints":{"allow":["GET"]}}],"collection":[{"href":"https:\/\/business.roovi.com\/hu\/wp-json\/wp\/v2\/product"}],"about":[{"href":"https:\/\/business.roovi.com\/hu\/wp-json\/wp\/v2\/types\/product"}],"version-history":[{"count":0,"href":"https:\/\/business.roovi.com\/hu\/wp-json\/wp\/v2\/product\/40464\/revisions"}],"wp:featuredmedia":[{"embeddable":true,"href":"https:\/\/business.roovi.com\/hu\/wp-json\/wp\/v2\/media\/36299"}],"wp:attachment":[{"href":"https:\/\/business.roovi.com\/hu\/wp-json\/wp\/v2\/media?parent=40464"}],"wp:term":[{"taxonomy":"product_brand","embeddable":true,"href":"https:\/\/business.roovi.com\/hu\/wp-json\/wp\/v2\/product_brand?post=40464"},{"taxonomy":"product_cat","embeddable":true,"href":"https:\/\/business.roovi.com\/hu\/wp-json\/wp\/v2\/product_cat?post=40464"},{"taxonomy":"product_tag","embeddable":true,"href":"https:\/\/business.roovi.com\/hu\/wp-json\/wp\/v2\/product_tag?post=40464"}],"curies":[{"name":"wp","href":"https:\/\/api.w.org\/{rel}","templated":true}]}}