{"id":40496,"date":"2018-08-02T08:38:01","date_gmt":"2018-08-02T08:38:01","guid":{"rendered":"https:\/\/business.roovi.com\/puzzle-adulti-1000-piese-vintage-collage-paper-money-bancnote\/p\/"},"modified":"2022-07-06T15:09:59","modified_gmt":"2022-07-06T15:09:59","slug":"felnott-1000-darabos-vintage-kollazs-puzzle-papirpenz-bankjegyek","status":"publish","type":"product","link":"https:\/\/business.roovi.com\/hu\/felnott-1000-darabos-vintage-kollazs-puzzle-papirpenz-bankjegyek\/p\/","title":{"rendered":"Feln\u0151tt 1000 darabos Vintage koll\u00e1zs puzzle &#8211; pap\u00edrp\u00e9nz \/ bankjegyek"},"content":{"rendered":"<p><span style=\"font-weight: 400\">Az 1000 darabos pap\u00edrp\u00e9nz puzzle a vintage puzzle kollekci\u00f3b\u00f3l kih\u00edv\u00e1s el\u00e9 \u00e1ll\u00edt, hogy igazi kincsvad\u00e1sz legy\u00e9l, aki felfedezi a vil\u00e1g leg\u00e9rt\u00e9kesebb bankjegyeit.<\/span><\/p>\n<p><span style=\"font-weight: 400\">K\u00e9szen \u00e1llsz arra, hogy a kirak\u00f3s j\u00e1t\u00e9kot a k\u00f6vetkez\u0151 szintre emeld? Az 1000 darabos vintage koll\u00e1zs puzzle gy\u0171jtem\u00e9nyben tal\u00e1lhat\u00f3 pap\u00edrp\u00e9nz modell biztosan teljes figyelmet fog k\u00f6vetelni. Az 1000 darabos pap\u00edrp\u00e9nz puzzle a vil\u00e1g k\u00fcl\u00f6nb\u00f6z\u0151 sarkaib\u00f3l sz\u00e1rmaz\u00f3 sz\u00e1mos bankjegyet illusztr\u00e1l, a m\u00falt id\u0151kb\u0151l, de a mai korhoz is k\u00f6zelebb \u00e1ll.<\/span><\/p>\n<p><span style=\"font-weight: 400\">Ez az \u00f6sszetett kirak\u00f3 eml\u00e9keztetni fogja \u00d6nt a gyermekkori bankjegygy\u0171jt\u0151 hobbij\u00e1ra. Vagy a vintage m\u0171v\u00e9szet ir\u00e1nti jelenlegi szenved\u00e9lye. B\u00e1rmelyik kateg\u00f3ri\u00e1ba is tartozol, az 1000 darabos bankjegy-puzzle kalandoz\u00e1sra \u00e9s tanul\u00e1sra \u00f6szt\u00f6n\u00f6z <\/span><\/p>\n<p><span style=\"font-weight: 400\">Az 1000 darabos kirak\u00f3s j\u00e1t\u00e9kban szerepl\u0151 k\u00e9p \u00fajrateremt\u00e9s\u00e9hez haszn\u00e1lhat egy hagyom\u00e1nyos doh\u00e1nyz\u00f3asztalt. A kapott k\u00e9p m\u00e9rete 50 x 70 cm.<\/span><\/p>\n<p><span style=\"font-weight: 400\">A sz\u00fcreti f\u0151iskolai kirak\u00f3s egy\u00e9b jellemz\u0151i &#8211; bankjegyek:<\/span><\/p>\n<p><strong>A rekonstru\u00e1lt k\u00e9p m\u00e9rete: 50 x 70 cm.<\/strong><\/p>\n<p><strong>Puzzle anyag <\/strong><\/p>\n<p><strong>kiv\u00e1l\u00f3 min\u0151s\u00e9g\u0171 k\u00e9k karton<\/strong><\/p>\n<p><strong>fenntarthat\u00f3, \u00fajrahasznos\u00edthat\u00f3 anyagok<\/strong><\/p>\n<p><strong>f\u00e9lf\u00e9nyes kivitel, \u00e9l\u00e9nk sz\u00ednek<\/strong><\/p>\n<p><strong>A kirak\u00f3s darabok sz\u00e1ma: 1000<\/strong><\/p>\n<p><strong>Aj\u00e1nlott \u00e9letkor: 14+<\/strong><\/p>\n<p><strong>Mi\u00e9rt k\u00fcl\u00f6nleges 1000 darab sz\u00fcreti koll\u00e1zs puzzle &#8211; pap\u00edrp\u00e9nz<\/strong><span style=\"font-weight: 400\">?<\/span><\/p>\n<p><span style=\"font-weight: 400\">Fejleszti a r\u00e9szletekre val\u00f3 figyelmet \u00e9s a koncentr\u00e1ci\u00f3s k\u00e9pess\u00e9get.<\/span><\/p>\n<p><span style=\"font-weight: 400\">Ez egy teljes szellemi edz\u00e9s, amely eg\u00e9szs\u00e9gesen tartja az agyadat.<\/span><\/p>\n<p><span style=\"font-weight: 400\">Egy leny\u0171g\u00f6z\u0151, vintage m\u0171alkot\u00e1st kap, amely k\u00fcl\u00f6nleges hangulatot k\u00f6lcs\u00f6n\u00f6z otthon\u00e1nak.<\/span><\/p>\n<p><span style=\"font-weight: 400\">Ez egy lehet\u0151s\u00e9g arra, hogy ak\u00e1r 30 \u00f3r\u00e1t is elt\u00f6lts\u00f6n a k\u00e9perny\u0151kt\u0151l elszakadva.<\/span><\/p>\n<p><span style=\"font-weight: 400\">Ez egy nagyszer\u0171 lehet\u0151s\u00e9g arra is, hogy min\u0151s\u00e9gi id\u0151t t\u00f6lts\u00f6n a bar\u00e1taival.<\/span><\/p>\n<p><strong>Tudtad, hogy&#8230;?<\/strong><\/p>\n<p><span style=\"font-weight: 400\">A vil\u00e1g legr\u00e9gebbi fennmaradt bankjegye k\u00ednai eredet\u0171, 1375-b\u0151l sz\u00e1rmazik, \u00e9s ma is megtekinthet\u0151 a British Museumban.<\/span><\/p>\n<p><span style=\"font-weight: 400\">Rom\u00e1nia az els\u0151 olyan orsz\u00e1g Eur\u00f3p\u00e1ban, amely m\u0171anyagra nyomtat bankjegyeket.<\/span><\/p>\n<p><span style=\"font-weight: 400\">II. Erzs\u00e9bet kir\u00e1lyn\u0151 az a kir\u00e1lyi szem\u00e9ly, aki t\u00f6bb mint 30 orsz\u00e1g bankjegyein szerepel.<\/span><\/p>\n<p><span style=\"font-weight: 400\">Rom\u00e1nia tartja a vil\u00e1g legkisebb bankjegy\u00e9nek rekordj\u00e1t. Ez a Ferdin\u00e1nd kir\u00e1ly \u00e1ltal 1917-ben kibocs\u00e1tott 10 banis bankjegy <\/span><\/p>\n<p><strong>1000 darabos vintage koll\u00e1zs puzzle &#8211; bankjegyek a kikapcsol\u00f3d\u00e1shoz \u00e9s laz\u00edt\u00e1shoz<\/strong><\/p>\n<p><span style=\"font-weight: 400\">Fedezd fel, hogyan tiszt\u00edtsd meg elm\u00e9det a negat\u00edv gondolatokt\u00f3l \u00e9s energi\u00e1kt\u00f3l ebben a nagy neh\u00e9zs\u00e9g\u0171 kirak\u00f3s j\u00e1t\u00e9kban. Keresse meg, mint egy igazi detekt\u00edv a megfelel\u0151 darabokat, tegye \u0151ket a megfelel\u0151 helyekre, \u00e9s gy\u0171jtse \u00f6ssze a vil\u00e1g minden t\u00e1j\u00e1r\u00f3l sz\u00e1rmaz\u00f3 bankjegyek teljes gy\u0171jtem\u00e9ny\u00e9t. Lehet, hogy anyagilag nem leszel gazdagabb, de a lelked biztosan gazdagodik egy kreat\u00edv \u00e9lm\u00e9nnyel.<\/span><\/p>\n<p><span style=\"font-weight: 400\">Az elszakad\u00e1s \u00e9s az ellazul\u00e1s \u00e9rz\u00e9se sok\u00e1ig megmarad, \u00e9s seg\u00edt:<\/span><\/p>\n<ul>\n<li><span style=\"font-weight: 400\">Legyen optimist\u00e1bb.<\/span><\/li>\n<li><span style=\"font-weight: 400\">B\u00edzzon jobban az er\u0151ss\u00e9geiben<\/span><\/li>\n<li><span style=\"font-weight: 400\">Aludjon jobban.<\/span><\/li>\n<li><span style=\"font-weight: 400\">Legyen kev\u00e9sb\u00e9 stresszes.<\/span><\/li>\n<\/ul>\n<p><span style=\"font-weight: 400\">V\u00e1lassza az 1000 darabos puzzle &#8211; bankjegyek j\u00e1t\u00e9kot a vintage puzzle kollekci\u00f3b\u00f3l, \u00e9s \u00e9lvezze a puzzle j\u00e1t\u00e9k minden el\u0151ny\u00e9t. Vagy h\u00edvd ki egy bar\u00e1todat kreat\u00edv tev\u00e9kenys\u00e9gre, ha ezt a csod\u00e1latos 1000 darabos puzzle-t aj\u00e1nd\u00e9kozod neki.<\/span><\/p><\/p>\n","protected":false},"excerpt":{"rendered":"<p>Az 1000 darabos pap\u00edrp\u00e9nz puzzle a vintage puzzle kollekci\u00f3b\u00f3l kih\u00edv\u00e1s el\u00e9 \u00e1ll\u00edt, hogy igazi kincsvad\u00e1sz legy\u00e9l, aki felfedezi a vil\u00e1g<\/p>\n","protected":false},"featured_media":36157,"template":"","meta":[],"product_brand":[],"product_cat":[1920,1919,1881],"product_tag":[],"class_list":{"0":"post-40496","1":"product","2":"type-product","3":"status-publish","4":"has-post-thumbnail","6":"product_cat-1000-darabos-kirakos-jatek","7":"product_cat-felnott-kirakos-jatekok","8":"product_cat-kirakos-jatekok","9":"pa_bax-10-hu","10":"pa_brand-d_toys-hu","11":"pa_country_of_manufacture-ro-hu","12":"pa_filter_age-14-hu","13":"pa_painter-vintage-collage-hu","14":"pa_tip_ambalaj-doboz","15":"pa_tip_puzzle-klasszikus","17":"first","18":"instock","19":"taxable","20":"shipping-taxable","21":"product-type-simple"},"yoast_head":"<!-- This site is optimized with the Yoast SEO plugin v20.1 - https:\/\/yoast.com\/wordpress\/plugins\/seo\/ -->\n<title>Feln\u0151tt 1000 darabos Vintage koll\u00e1zs puzzle - pap\u00edrp\u00e9nz \/ bankjegyek<\/title>\n<meta name=\"description\" content=\"Feln\u0151tt 1000 darabos Vintage koll\u00e1zs puzzle - pap\u00edrp\u00e9nz \/ bankjegyek\" \/>\n<meta name=\"robots\" content=\"index, follow, max-snippet:-1, max-image-preview:large, max-video-preview:-1\" \/>\n<link rel=\"canonical\" href=\"https:\/\/business.roovi.com\/hu\/felnott-1000-darabos-vintage-kollazs-puzzle-papirpenz-bankjegyek\/p\/\" \/>\n<meta property=\"og:locale\" content=\"hu_HU\" \/>\n<meta property=\"og:type\" content=\"article\" \/>\n<meta property=\"og:title\" content=\"Feln\u0151tt 1000 darabos Vintage koll\u00e1zs puzzle - pap\u00edrp\u00e9nz \/ bankjegyek\" \/>\n<meta property=\"og:description\" content=\"Feln\u0151tt 1000 darabos Vintage koll\u00e1zs puzzle - pap\u00edrp\u00e9nz \/ bankjegyek\" \/>\n<meta property=\"og:url\" content=\"https:\/\/business.roovi.com\/hu\/felnott-1000-darabos-vintage-kollazs-puzzle-papirpenz-bankjegyek\/p\/\" \/>\n<meta property=\"og:site_name\" content=\"Roovi B2B\" \/>\n<meta property=\"article:publisher\" content=\"https:\/\/www.facebook.com\/wwwjucariero\" \/>\n<meta property=\"article:modified_time\" content=\"2022-07-06T15:09:59+00:00\" \/>\n<meta property=\"og:image\" content=\"https:\/\/business.roovi.com\/wp-content\/uploads\/2018\/08\/74362-04_ansamblu_dimensiuni_cutie_cm_vertical_1200x1200.png\" \/>\n\t<meta property=\"og:image:width\" content=\"1200\" \/>\n\t<meta property=\"og:image:height\" content=\"1200\" \/>\n\t<meta property=\"og:image:type\" content=\"image\/png\" \/>\n<meta name=\"twitter:label1\" content=\"Becs\u00fclt olvas\u00e1si id\u0151\" \/>\n\t<meta name=\"twitter:data1\" content=\"3 perc\" \/>\n<script type=\"application\/ld+json\" class=\"yoast-schema-graph\">{\"@context\":\"https:\/\/schema.org\",\"@graph\":[{\"@type\":\"WebPage\",\"@id\":\"https:\/\/business.roovi.com\/hu\/felnott-1000-darabos-vintage-kollazs-puzzle-papirpenz-bankjegyek\/p\/\",\"url\":\"https:\/\/business.roovi.com\/hu\/felnott-1000-darabos-vintage-kollazs-puzzle-papirpenz-bankjegyek\/p\/\",\"name\":\"Feln\u0151tt 1000 darabos Vintage koll\u00e1zs puzzle - pap\u00edrp\u00e9nz \/ bankjegyek\",\"isPartOf\":{\"@id\":\"https:\/\/business.roovi.com\/hu\/#website\"},\"datePublished\":\"2018-08-02T08:38:01+00:00\",\"dateModified\":\"2022-07-06T15:09:59+00:00\",\"description\":\"Feln\u0151tt 1000 darabos Vintage koll\u00e1zs puzzle - pap\u00edrp\u00e9nz \/ bankjegyek\",\"breadcrumb\":{\"@id\":\"https:\/\/business.roovi.com\/hu\/felnott-1000-darabos-vintage-kollazs-puzzle-papirpenz-bankjegyek\/p\/#breadcrumb\"},\"inLanguage\":\"hu\",\"potentialAction\":[{\"@type\":\"ReadAction\",\"target\":[\"https:\/\/business.roovi.com\/hu\/felnott-1000-darabos-vintage-kollazs-puzzle-papirpenz-bankjegyek\/p\/\"]}]},{\"@type\":\"BreadcrumbList\",\"@id\":\"https:\/\/business.roovi.com\/hu\/felnott-1000-darabos-vintage-kollazs-puzzle-papirpenz-bankjegyek\/p\/#breadcrumb\",\"itemListElement\":[{\"@type\":\"ListItem\",\"position\":1,\"name\":\"Home\",\"item\":\"https:\/\/business.roovi.com\/hu\/\"},{\"@type\":\"ListItem\",\"position\":2,\"name\":\"Shop\",\"item\":\"https:\/\/business.roovi.com\/hu\/shop\/\"},{\"@type\":\"ListItem\",\"position\":3,\"name\":\"Feln\u0151tt 1000 darabos Vintage koll\u00e1zs puzzle &#8211; pap\u00edrp\u00e9nz \/ bankjegyek\"}]},{\"@type\":\"WebSite\",\"@id\":\"https:\/\/business.roovi.com\/hu\/#website\",\"url\":\"https:\/\/business.roovi.com\/hu\/\",\"name\":\"Roovi B2B\",\"description\":\"Roovi Business Website\",\"potentialAction\":[{\"@type\":\"SearchAction\",\"target\":{\"@type\":\"EntryPoint\",\"urlTemplate\":\"https:\/\/business.roovi.com\/hu\/?s={search_term_string}\"},\"query-input\":\"required name=search_term_string\"}],\"inLanguage\":\"hu\"}]}<\/script>\n<!-- \/ Yoast SEO plugin. -->","yoast_head_json":{"title":"Feln\u0151tt 1000 darabos Vintage koll\u00e1zs puzzle - pap\u00edrp\u00e9nz \/ bankjegyek","description":"Feln\u0151tt 1000 darabos Vintage koll\u00e1zs puzzle - pap\u00edrp\u00e9nz \/ bankjegyek","robots":{"index":"index","follow":"follow","max-snippet":"max-snippet:-1","max-image-preview":"max-image-preview:large","max-video-preview":"max-video-preview:-1"},"canonical":"https:\/\/business.roovi.com\/hu\/felnott-1000-darabos-vintage-kollazs-puzzle-papirpenz-bankjegyek\/p\/","og_locale":"hu_HU","og_type":"article","og_title":"Feln\u0151tt 1000 darabos Vintage koll\u00e1zs puzzle - pap\u00edrp\u00e9nz \/ bankjegyek","og_description":"Feln\u0151tt 1000 darabos Vintage koll\u00e1zs puzzle - pap\u00edrp\u00e9nz \/ bankjegyek","og_url":"https:\/\/business.roovi.com\/hu\/felnott-1000-darabos-vintage-kollazs-puzzle-papirpenz-bankjegyek\/p\/","og_site_name":"Roovi B2B","article_publisher":"https:\/\/www.facebook.com\/wwwjucariero","article_modified_time":"2022-07-06T15:09:59+00:00","og_image":[{"width":1200,"height":1200,"url":"https:\/\/business.roovi.com\/wp-content\/uploads\/2018\/08\/74362-04_ansamblu_dimensiuni_cutie_cm_vertical_1200x1200.png","type":"image\/png"}],"twitter_misc":{"Becs\u00fclt olvas\u00e1si id\u0151":"3 perc"},"schema":{"@context":"https:\/\/schema.org","@graph":[{"@type":"WebPage","@id":"https:\/\/business.roovi.com\/hu\/felnott-1000-darabos-vintage-kollazs-puzzle-papirpenz-bankjegyek\/p\/","url":"https:\/\/business.roovi.com\/hu\/felnott-1000-darabos-vintage-kollazs-puzzle-papirpenz-bankjegyek\/p\/","name":"Feln\u0151tt 1000 darabos Vintage koll\u00e1zs puzzle - pap\u00edrp\u00e9nz \/ bankjegyek","isPartOf":{"@id":"https:\/\/business.roovi.com\/hu\/#website"},"datePublished":"2018-08-02T08:38:01+00:00","dateModified":"2022-07-06T15:09:59+00:00","description":"Feln\u0151tt 1000 darabos Vintage koll\u00e1zs puzzle - pap\u00edrp\u00e9nz \/ bankjegyek","breadcrumb":{"@id":"https:\/\/business.roovi.com\/hu\/felnott-1000-darabos-vintage-kollazs-puzzle-papirpenz-bankjegyek\/p\/#breadcrumb"},"inLanguage":"hu","potentialAction":[{"@type":"ReadAction","target":["https:\/\/business.roovi.com\/hu\/felnott-1000-darabos-vintage-kollazs-puzzle-papirpenz-bankjegyek\/p\/"]}]},{"@type":"BreadcrumbList","@id":"https:\/\/business.roovi.com\/hu\/felnott-1000-darabos-vintage-kollazs-puzzle-papirpenz-bankjegyek\/p\/#breadcrumb","itemListElement":[{"@type":"ListItem","position":1,"name":"Home","item":"https:\/\/business.roovi.com\/hu\/"},{"@type":"ListItem","position":2,"name":"Shop","item":"https:\/\/business.roovi.com\/hu\/shop\/"},{"@type":"ListItem","position":3,"name":"Feln\u0151tt 1000 darabos Vintage koll\u00e1zs puzzle &#8211; pap\u00edrp\u00e9nz \/ bankjegyek"}]},{"@type":"WebSite","@id":"https:\/\/business.roovi.com\/hu\/#website","url":"https:\/\/business.roovi.com\/hu\/","name":"Roovi B2B","description":"Roovi Business Website","potentialAction":[{"@type":"SearchAction","target":{"@type":"EntryPoint","urlTemplate":"https:\/\/business.roovi.com\/hu\/?s={search_term_string}"},"query-input":"required name=search_term_string"}],"inLanguage":"hu"}]}},"_links":{"self":[{"href":"https:\/\/business.roovi.com\/hu\/wp-json\/wp\/v2\/product\/40496","targetHints":{"allow":["GET"]}}],"collection":[{"href":"https:\/\/business.roovi.com\/hu\/wp-json\/wp\/v2\/product"}],"about":[{"href":"https:\/\/business.roovi.com\/hu\/wp-json\/wp\/v2\/types\/product"}],"version-history":[{"count":0,"href":"https:\/\/business.roovi.com\/hu\/wp-json\/wp\/v2\/product\/40496\/revisions"}],"wp:featuredmedia":[{"embeddable":true,"href":"https:\/\/business.roovi.com\/hu\/wp-json\/wp\/v2\/media\/36157"}],"wp:attachment":[{"href":"https:\/\/business.roovi.com\/hu\/wp-json\/wp\/v2\/media?parent=40496"}],"wp:term":[{"taxonomy":"product_brand","embeddable":true,"href":"https:\/\/business.roovi.com\/hu\/wp-json\/wp\/v2\/product_brand?post=40496"},{"taxonomy":"product_cat","embeddable":true,"href":"https:\/\/business.roovi.com\/hu\/wp-json\/wp\/v2\/product_cat?post=40496"},{"taxonomy":"product_tag","embeddable":true,"href":"https:\/\/business.roovi.com\/hu\/wp-json\/wp\/v2\/product_tag?post=40496"}],"curies":[{"name":"wp","href":"https:\/\/api.w.org\/{rel}","templated":true}]}}