{"id":40504,"date":"2018-08-02T08:38:01","date_gmt":"2018-08-02T08:38:01","guid":{"rendered":"https:\/\/business.roovi.com\/puzzle-adulti-1000-piese-vintage-collage-cabaret-postcards\/p\/"},"modified":"2022-07-06T15:14:20","modified_gmt":"2022-07-06T15:14:20","slug":"felnott-1000-darab-vintage-kollazs-puzzle-cabaret-kepeslapok","status":"publish","type":"product","link":"https:\/\/business.roovi.com\/hu\/felnott-1000-darab-vintage-kollazs-puzzle-cabaret-kepeslapok\/p\/","title":{"rendered":"Feln\u0151tt 1000 darab Vintage koll\u00e1zs puzzle &#8211; Cabaret k\u00e9peslapok"},"content":{"rendered":"<p><span style=\"font-weight: 400\">K\u00edv\u00e1ncsi vagy a kabar\u00e9 vil\u00e1g\u00e1nak felfedez\u00e9s\u00e9re egy mes\u00e9s kirak\u00f3s j\u00e1t\u00e9kon kereszt\u00fcl? Rakj \u00f6ssze z\u00f6kken\u0151mentesen 1000 puzzle-darabot, \u00e9s eg\u00e9sz\u00edtsd ki a koll\u00e1zst t\u00f6bb tucat r\u00e9gi rekl\u00e1mplak\u00e1ttal azokb\u00f3l az id\u0151kb\u0151l, amikor a kabar\u00e9m\u0171sorok a sz\u00f3rakoz\u00e1s nagy r\u00e9sz\u00e9t k\u00e9pezt\u00e9k.<\/span><\/p>\n<p><span style=\"font-weight: 400\">Szeretne megn\u00e9zni egy el\u0151ad\u00e1st a Moulin Rouge-ban? A vibr\u00e1l\u00f3an sz\u00ednes jelmezekben t\u00e1ncol\u00f3 t\u00e1ncosok t\u00f6k\u00e9letes mozdulatait n\u00e9zni biztosan \u00e9lvezetes lesz. A Vintage Collage 1000 Piece Puzzle &#8211; Cabaret Postcards egy virtu\u00e1lis jegyet ad, amely 100 \u00e9vre visszavisz a legfelkapottabb kabar\u00e9m\u0171sorokba.<\/span><\/p>\n<p><span style=\"font-weight: 400\">Fogadd el a kih\u00edv\u00e1st, rakd \u00f6ssze darabr\u00f3l darabra, \u00e9s rakd \u00f6ssze a t\u00f6bb tucat csod\u00e1latos m\u0171sor kirak\u00f3s\u00e1t. Eg\u00e9sz\u00edtsd ki a puzzle-darabokb\u00f3l \u00e1ll\u00f3 festm\u00e9nysorozatodat ezzel a vintage, gy\u0171jthet\u0151 darabbal.<\/span><\/p>\n<p><span style=\"font-weight: 400\">Jellemz\u0151k 1000 darabos Vintage Collage puzzle &#8211; Kabar\u00e9 k\u00e9peslapok:<\/span><\/p>\n<p><strong>A rekonstru\u00e1lt k\u00e9p m\u00e9rete: 50 x 70 cm.<\/strong><\/p>\n<p><strong>Puzzle anyag <\/strong><\/p>\n<p><strong>kiv\u00e1l\u00f3 min\u0151s\u00e9g\u0171 k\u00e9k karton<\/strong><\/p>\n<p><strong>fenntarthat\u00f3, \u00fajrahasznos\u00edthat\u00f3 anyagok<\/strong><\/p>\n<p><strong>f\u00e9lf\u00e9nyes kivitel, \u00e9l\u00e9nk sz\u00ednek<\/strong><\/p>\n<p><strong>A kirak\u00f3s darabok sz\u00e1ma: 1000<\/strong><\/p>\n<p><strong>Aj\u00e1nlott \u00e9letkor: 14+<\/strong><\/p>\n<p><strong>Mi\u00e9rt k\u00fcl\u00f6nleges 1000 darabos Cabaret puzzle?<\/strong><\/p>\n<p><span style=\"font-weight: 400\">Ez egy sz\u00f3rakoztat\u00f3 \u00e9s pihentet\u0151 m\u00f3dja a szabadid\u0151 elt\u00f6lt\u00e9s\u00e9nek.<\/span><\/p>\n<p><span style=\"font-weight: 400\">Lehet\u0151s\u00e9ge van felfedezni a m\u00falt sz\u00e1zadi kabar\u00e9m\u0171sorok rekl\u00e1mjait \u00e1br\u00e1zol\u00f3 r\u00e9gi plak\u00e1tok sokas\u00e1g\u00e1t.<\/span><\/p>\n<p><span style=\"font-weight: 400\">Megalkothatja saj\u00e1t dekor\u00e1ci\u00f3s t\u00e1rgy\u00e1t, amely szem\u00e9lyis\u00e9get ad a helynek, ahol ki\u00e1ll\u00edtja.<\/span><\/p>\n<p><span style=\"font-weight: 400\">Fejleszd a k\u00e9pzeletedet azzal, hogy ment\u00e1lisan fel\u00e9p\u00edtesz jeleneteket kabar\u00e9m\u0171sorokb\u00f3l vagy m\u00e1s olyan jelenetekb\u0151l, amelyek visszarep\u00edtenek az id\u0151ben.<\/span><\/p>\n<p><span style=\"font-weight: 400\">Sok \u00f3r\u00e1ra elszakadsz a k\u00e9perny\u0151kt\u0151l, \u00e9s elszakadsz a mindennapi probl\u00e9m\u00e1kt\u00f3l.<\/span><\/p>\n<p><span style=\"font-weight: 400\">Fejlesztheted a kirak\u00f3s k\u00e9szs\u00e9geidet, \u00e9s megmutathatod a bar\u00e1taid el\u0151tt, hogy milyen \u00fcgyes vagy.<\/span><\/p>\n<p><span style=\"font-weight: 400\">Ez egy lehet\u0151s\u00e9g a szocializ\u00e1l\u00f3d\u00e1sra \u00e9s a szeretteidhez val\u00f3 k\u00f6zelebb ker\u00fcl\u00e9sre, ha egy\u00fctt alkotj\u00e1tok \u00fajra ezt a k\u00e9pet.<\/span><\/p>\n<p><strong>Tudtad, hogy&#8230;?<\/strong><\/p>\n<p><span style=\"font-weight: 400\">A kifejez\u00e9s <\/span><em><span style=\"font-weight: 400\">Kabar\u00e9 <\/span><\/em><span style=\"font-weight: 400\">a holland nyelvb\u0151l sz\u00e1rmazik \u00e9s azt jelenti <\/span><em><span style=\"font-weight: 400\">&#8222;kis szoba&#8221;<\/span><\/em><span style=\"font-weight: 400\">. Eredetileg ezek a helysz\u00ednek intim terek voltak, ahol az el\u0151ad\u00f3k tal\u00e1lkoztak, hogy szocializ\u00e1l\u00f3djanak, \u00e9s nagyon k\u00f6zel voltak a k\u00f6z\u00f6ns\u00e9ghez.<\/span><\/p>\n<p><span style=\"font-weight: 400\">A kabar\u00e9k P\u00e1rizsban sz\u00fclettek. Az 1900-as \u00e9vek legh\u00edresebb helysz\u00ednei a Le Chat Noir \u00e9s a Moulin Rouge voltak. Abban az id\u0151ben t\u00f6bb mint 150 ilyen helysz\u00edn volt a F\u00e9nyek v\u00e1ros\u00e1ban.<\/span><\/p>\n<p><span style=\"font-weight: 400\">Ezek a klubok \u00e1ltal\u00e1ban innovat\u00edv elk\u00e9pzel\u00e9sekkel rendelkez\u0151 m\u0171v\u00e9szeket hoztak \u00f6ssze <\/span><span style=\"font-weight: 400\">A z\u00fcrichi Cabaret Voltaire p\u00e9ld\u00e1ul a dadaista m\u0171v\u00e9szeti mozgalom sz\u00fcl\u0151helye volt, a k\u00f6lt\u00e9szet, a k\u00e9pz\u0151m\u0171v\u00e9szet \u00e9s a zene radik\u00e1lis k\u00eds\u00e9rleteinek platformja.<\/span><\/p>\n<p><span style=\"font-weight: 400\">K\u00e9s\u0151bb ezeken a helysz\u00edneken bel\u00fcl alakult ki a performansz \u00e9s az \u00fan <\/span><em><span style=\"font-weight: 400\">caf\u00e9-chantant.<\/span><\/em><\/p>\n<p><span style=\"font-weight: 400\">A Moulin Rouge f\u00e9nykor\u00e1nak jelenetei Henri de Toulouse-Lautrec \u00e1ltal al\u00e1\u00edrt grafik\u00e1kon tal\u00e1lhat\u00f3k.<\/span><span style=\"font-weight: 400\">  <\/span><\/p>\n<p><strong>1000 darab Vintage Collage Puzzle &#8211; Kabar\u00e9 k\u00e9peslapok &#8211; egy gy\u0171jthet\u0151 festm\u00e9ny<\/strong><\/p>\n<p><span style=\"font-weight: 400\">Ha szereted a vintage st\u00edlus\u00fa festm\u00e9nyeket, akkor az 1000 darabos Cabaret Postcards kirak\u00f3s j\u00e1t\u00e9kkal sikeres replik\u00e1t k\u00e9sz\u00edthetsz. Ez a m\u0171v\u00e9szi puzzle kiv\u00e1l\u00f3 min\u0151s\u00e9g\u0171 darabokb\u00f3l k\u00e9sz\u00fclt, amelyek t\u00f6k\u00e9letesen illeszkednek egym\u00e1shoz, \u00e9s extra szil\u00e1rds\u00e1got adnak a festm\u00e9nynek <\/span><\/p>\n<p><span style=\"font-weight: 400\">A mini vintage koll\u00e1zs poszterek kifog\u00e1stalan grafik\u00e1val rendelkeznek, \u00edgy r\u00e9szletesen l\u00e1thatja az eredeti illusztr\u00e1ci\u00f3k finoms\u00e1gait. R\u00e1ad\u00e1sul a festm\u00e9ny remek\u00fcl mutat a keretben, \u00e9s kihozza az anonimit\u00e1st b\u00e1rmely unalmas t\u00e9rb\u0151l, ahov\u00e1 elhelyezi.<\/span><\/p>\n<p><span style=\"font-weight: 400\">V\u00e1s\u00e1rolja meg mag\u00e1nak az 1000 darabos Cabaret k\u00e9peslapok puzzle-t, \u00e9s tegye teljess\u00e9 vintage m\u0171v\u00e9szeti gy\u0171jtem\u00e9ny\u00e9t. Ez a kirak\u00f3s j\u00e1t\u00e9k remek aj\u00e1nd\u00e9k lehet olyan bar\u00e1toknak, akiknek a k\u00e9pzel\u0151erej\u00e9t \u00e9s t\u00fcrelm\u00e9t szeretn\u00e9 pr\u00f3b\u00e1ra tenni.<\/span><\/p><\/p>\n","protected":false},"excerpt":{"rendered":"<p>K\u00edv\u00e1ncsi vagy a kabar\u00e9 vil\u00e1g\u00e1nak felfedez\u00e9s\u00e9re egy mes\u00e9s kirak\u00f3s j\u00e1t\u00e9kon kereszt\u00fcl? Rakj \u00f6ssze z\u00f6kken\u0151mentesen 1000 puzzle-darabot, \u00e9s eg\u00e9sz\u00edtsd ki a<\/p>\n","protected":false},"featured_media":36185,"template":"","meta":[],"product_brand":[],"product_cat":[1920,1919,1881],"product_tag":[],"class_list":{"0":"post-40504","1":"product","2":"type-product","3":"status-publish","4":"has-post-thumbnail","6":"product_cat-1000-darabos-kirakos-jatek","7":"product_cat-felnott-kirakos-jatekok","8":"product_cat-kirakos-jatekok","9":"pa_bax-10-hu","10":"pa_brand-d_toys-hu","11":"pa_country_of_manufacture-ro-hu","12":"pa_filter_age-14-hu","13":"pa_painter-vintage-collage-hu","14":"pa_tip_ambalaj-doboz","15":"pa_tip_puzzle-klasszikus","17":"first","18":"instock","19":"taxable","20":"shipping-taxable","21":"product-type-simple"},"yoast_head":"<!-- This site is optimized with the Yoast SEO plugin v20.1 - https:\/\/yoast.com\/wordpress\/plugins\/seo\/ -->\n<title>Feln\u0151tt 1000 darab Vintage koll\u00e1zs puzzle - Cabaret k\u00e9peslapok<\/title>\n<meta name=\"description\" content=\"Feln\u0151tt 1000 darab Vintage koll\u00e1zs puzzle - Cabaret k\u00e9peslapok\" \/>\n<meta name=\"robots\" content=\"index, follow, max-snippet:-1, max-image-preview:large, max-video-preview:-1\" \/>\n<link rel=\"canonical\" href=\"https:\/\/business.roovi.com\/hu\/felnott-1000-darab-vintage-kollazs-puzzle-cabaret-kepeslapok\/p\/\" \/>\n<meta property=\"og:locale\" content=\"hu_HU\" \/>\n<meta property=\"og:type\" content=\"article\" \/>\n<meta property=\"og:title\" content=\"Feln\u0151tt 1000 darab Vintage koll\u00e1zs puzzle - Cabaret k\u00e9peslapok\" \/>\n<meta property=\"og:description\" content=\"Feln\u0151tt 1000 darab Vintage koll\u00e1zs puzzle - Cabaret k\u00e9peslapok\" \/>\n<meta property=\"og:url\" content=\"https:\/\/business.roovi.com\/hu\/felnott-1000-darab-vintage-kollazs-puzzle-cabaret-kepeslapok\/p\/\" \/>\n<meta property=\"og:site_name\" content=\"Roovi B2B\" \/>\n<meta property=\"article:publisher\" content=\"https:\/\/www.facebook.com\/wwwjucariero\" \/>\n<meta property=\"article:modified_time\" content=\"2022-07-06T15:14:20+00:00\" \/>\n<meta property=\"og:image\" content=\"https:\/\/business.roovi.com\/wp-content\/uploads\/2018\/08\/74362-06_ansamblu_dimensiuni_cutie_cm_orizontal_1200x1200.png\" \/>\n\t<meta property=\"og:image:width\" content=\"1200\" \/>\n\t<meta property=\"og:image:height\" content=\"1200\" \/>\n\t<meta property=\"og:image:type\" content=\"image\/png\" \/>\n<meta name=\"twitter:label1\" content=\"Becs\u00fclt olvas\u00e1si id\u0151\" \/>\n\t<meta name=\"twitter:data1\" content=\"4 perc\" \/>\n<script type=\"application\/ld+json\" class=\"yoast-schema-graph\">{\"@context\":\"https:\/\/schema.org\",\"@graph\":[{\"@type\":\"WebPage\",\"@id\":\"https:\/\/business.roovi.com\/hu\/felnott-1000-darab-vintage-kollazs-puzzle-cabaret-kepeslapok\/p\/\",\"url\":\"https:\/\/business.roovi.com\/hu\/felnott-1000-darab-vintage-kollazs-puzzle-cabaret-kepeslapok\/p\/\",\"name\":\"Feln\u0151tt 1000 darab Vintage koll\u00e1zs puzzle - Cabaret k\u00e9peslapok\",\"isPartOf\":{\"@id\":\"https:\/\/business.roovi.com\/hu\/#website\"},\"datePublished\":\"2018-08-02T08:38:01+00:00\",\"dateModified\":\"2022-07-06T15:14:20+00:00\",\"description\":\"Feln\u0151tt 1000 darab Vintage koll\u00e1zs puzzle - Cabaret k\u00e9peslapok\",\"breadcrumb\":{\"@id\":\"https:\/\/business.roovi.com\/hu\/felnott-1000-darab-vintage-kollazs-puzzle-cabaret-kepeslapok\/p\/#breadcrumb\"},\"inLanguage\":\"hu\",\"potentialAction\":[{\"@type\":\"ReadAction\",\"target\":[\"https:\/\/business.roovi.com\/hu\/felnott-1000-darab-vintage-kollazs-puzzle-cabaret-kepeslapok\/p\/\"]}]},{\"@type\":\"BreadcrumbList\",\"@id\":\"https:\/\/business.roovi.com\/hu\/felnott-1000-darab-vintage-kollazs-puzzle-cabaret-kepeslapok\/p\/#breadcrumb\",\"itemListElement\":[{\"@type\":\"ListItem\",\"position\":1,\"name\":\"Home\",\"item\":\"https:\/\/business.roovi.com\/hu\/\"},{\"@type\":\"ListItem\",\"position\":2,\"name\":\"Shop\",\"item\":\"https:\/\/business.roovi.com\/hu\/shop\/\"},{\"@type\":\"ListItem\",\"position\":3,\"name\":\"Feln\u0151tt 1000 darab Vintage koll\u00e1zs puzzle &#8211; Cabaret k\u00e9peslapok\"}]},{\"@type\":\"WebSite\",\"@id\":\"https:\/\/business.roovi.com\/hu\/#website\",\"url\":\"https:\/\/business.roovi.com\/hu\/\",\"name\":\"Roovi B2B\",\"description\":\"Roovi Business Website\",\"potentialAction\":[{\"@type\":\"SearchAction\",\"target\":{\"@type\":\"EntryPoint\",\"urlTemplate\":\"https:\/\/business.roovi.com\/hu\/?s={search_term_string}\"},\"query-input\":\"required name=search_term_string\"}],\"inLanguage\":\"hu\"}]}<\/script>\n<!-- \/ Yoast SEO plugin. -->","yoast_head_json":{"title":"Feln\u0151tt 1000 darab Vintage koll\u00e1zs puzzle - Cabaret k\u00e9peslapok","description":"Feln\u0151tt 1000 darab Vintage koll\u00e1zs puzzle - Cabaret k\u00e9peslapok","robots":{"index":"index","follow":"follow","max-snippet":"max-snippet:-1","max-image-preview":"max-image-preview:large","max-video-preview":"max-video-preview:-1"},"canonical":"https:\/\/business.roovi.com\/hu\/felnott-1000-darab-vintage-kollazs-puzzle-cabaret-kepeslapok\/p\/","og_locale":"hu_HU","og_type":"article","og_title":"Feln\u0151tt 1000 darab Vintage koll\u00e1zs puzzle - Cabaret k\u00e9peslapok","og_description":"Feln\u0151tt 1000 darab Vintage koll\u00e1zs puzzle - Cabaret k\u00e9peslapok","og_url":"https:\/\/business.roovi.com\/hu\/felnott-1000-darab-vintage-kollazs-puzzle-cabaret-kepeslapok\/p\/","og_site_name":"Roovi B2B","article_publisher":"https:\/\/www.facebook.com\/wwwjucariero","article_modified_time":"2022-07-06T15:14:20+00:00","og_image":[{"width":1200,"height":1200,"url":"https:\/\/business.roovi.com\/wp-content\/uploads\/2018\/08\/74362-06_ansamblu_dimensiuni_cutie_cm_orizontal_1200x1200.png","type":"image\/png"}],"twitter_misc":{"Becs\u00fclt olvas\u00e1si id\u0151":"4 perc"},"schema":{"@context":"https:\/\/schema.org","@graph":[{"@type":"WebPage","@id":"https:\/\/business.roovi.com\/hu\/felnott-1000-darab-vintage-kollazs-puzzle-cabaret-kepeslapok\/p\/","url":"https:\/\/business.roovi.com\/hu\/felnott-1000-darab-vintage-kollazs-puzzle-cabaret-kepeslapok\/p\/","name":"Feln\u0151tt 1000 darab Vintage koll\u00e1zs puzzle - Cabaret k\u00e9peslapok","isPartOf":{"@id":"https:\/\/business.roovi.com\/hu\/#website"},"datePublished":"2018-08-02T08:38:01+00:00","dateModified":"2022-07-06T15:14:20+00:00","description":"Feln\u0151tt 1000 darab Vintage koll\u00e1zs puzzle - Cabaret k\u00e9peslapok","breadcrumb":{"@id":"https:\/\/business.roovi.com\/hu\/felnott-1000-darab-vintage-kollazs-puzzle-cabaret-kepeslapok\/p\/#breadcrumb"},"inLanguage":"hu","potentialAction":[{"@type":"ReadAction","target":["https:\/\/business.roovi.com\/hu\/felnott-1000-darab-vintage-kollazs-puzzle-cabaret-kepeslapok\/p\/"]}]},{"@type":"BreadcrumbList","@id":"https:\/\/business.roovi.com\/hu\/felnott-1000-darab-vintage-kollazs-puzzle-cabaret-kepeslapok\/p\/#breadcrumb","itemListElement":[{"@type":"ListItem","position":1,"name":"Home","item":"https:\/\/business.roovi.com\/hu\/"},{"@type":"ListItem","position":2,"name":"Shop","item":"https:\/\/business.roovi.com\/hu\/shop\/"},{"@type":"ListItem","position":3,"name":"Feln\u0151tt 1000 darab Vintage koll\u00e1zs puzzle &#8211; Cabaret k\u00e9peslapok"}]},{"@type":"WebSite","@id":"https:\/\/business.roovi.com\/hu\/#website","url":"https:\/\/business.roovi.com\/hu\/","name":"Roovi B2B","description":"Roovi Business Website","potentialAction":[{"@type":"SearchAction","target":{"@type":"EntryPoint","urlTemplate":"https:\/\/business.roovi.com\/hu\/?s={search_term_string}"},"query-input":"required name=search_term_string"}],"inLanguage":"hu"}]}},"_links":{"self":[{"href":"https:\/\/business.roovi.com\/hu\/wp-json\/wp\/v2\/product\/40504","targetHints":{"allow":["GET"]}}],"collection":[{"href":"https:\/\/business.roovi.com\/hu\/wp-json\/wp\/v2\/product"}],"about":[{"href":"https:\/\/business.roovi.com\/hu\/wp-json\/wp\/v2\/types\/product"}],"version-history":[{"count":0,"href":"https:\/\/business.roovi.com\/hu\/wp-json\/wp\/v2\/product\/40504\/revisions"}],"wp:featuredmedia":[{"embeddable":true,"href":"https:\/\/business.roovi.com\/hu\/wp-json\/wp\/v2\/media\/36185"}],"wp:attachment":[{"href":"https:\/\/business.roovi.com\/hu\/wp-json\/wp\/v2\/media?parent=40504"}],"wp:term":[{"taxonomy":"product_brand","embeddable":true,"href":"https:\/\/business.roovi.com\/hu\/wp-json\/wp\/v2\/product_brand?post=40504"},{"taxonomy":"product_cat","embeddable":true,"href":"https:\/\/business.roovi.com\/hu\/wp-json\/wp\/v2\/product_cat?post=40504"},{"taxonomy":"product_tag","embeddable":true,"href":"https:\/\/business.roovi.com\/hu\/wp-json\/wp\/v2\/product_tag?post=40504"}],"curies":[{"name":"wp","href":"https:\/\/api.w.org\/{rel}","templated":true}]}}