{"id":40516,"date":"2018-08-02T08:38:01","date_gmt":"2018-08-02T08:38:01","guid":{"rendered":"https:\/\/business.roovi.com\/puzzle-adulti-1000-piese-gustav-klimt-hygieia\/p\/"},"modified":"2022-07-06T15:14:38","modified_gmt":"2022-07-06T15:14:38","slug":"felnott-1000-darabos-gustav-klimt-puzzle-hygieia","status":"publish","type":"product","link":"https:\/\/business.roovi.com\/hu\/felnott-1000-darabos-gustav-klimt-puzzle-hygieia\/p\/","title":{"rendered":"Feln\u0151tt 1000 darabos Gustav Klimt puzzle &#8211; Hygieia"},"content":{"rendered":"<p><span style=\"font-weight: 400\"> V\u00e1lasszon most a t\u00f6bb sz\u00e1z k\u00e9p k\u00f6z\u00fcl a m\u0171v\u00e9szeti rejtv\u00e9nyek gy\u0171jtem\u00e9ny\u00e9b\u0151l, \u00e9s legyen a kirak\u00f3s j\u00e1t\u00e9kok mestere!<\/span><\/p>\n<p><span style=\"font-weight: 400\">Fedezd fel a Gustav Klimt &#8211; Hygieia m\u0171v\u00e9szeti kirak\u00f3s j\u00e1t\u00e9kban egy elk\u00e9peszt\u0151 kih\u00edv\u00e1st az elm\u00e9d \u00e9s a szellemed sz\u00e1m\u00e1ra! Az ebben a m\u0171v\u00e9szeti kirak\u00f3sban \u00e1br\u00e1zolt m\u0171 egy nagyobb m\u0171 r\u00e9sze &#8211; <\/span><em><span style=\"font-weight: 400\">Gy\u00f3gyszer<\/span><\/em><span style=\"font-weight: 400\"> &#8211; amelyet Klimt a b\u00e9csi egyetem sz\u00e1m\u00e1ra k\u00e9sz\u00edtett. Kort\u00e1rsai vitatt\u00e1k a m\u0171vet. Hygieia a higi\u00e9nia, az eg\u00e9szs\u00e9g \u00e9s a tisztas\u00e1g istenn\u0151je volt. A k\u00edgy\u00f3 \u00e9s a t\u00e1l ma is az orvostudom\u00e1ny szimb\u00f3lumai. De ami ezt a m\u0171vet zavarta, az nem a szimb\u00f3lumok, hanem a n\u0151 er\u0151s \u00e9s fenyeget\u0151 arckifejez\u00e9se, amely ellent\u00e9tben \u00e1ll a g\u00f6r\u00f6g m\u00edtosz szer\u00e9ny Hygiei\u00e1val <\/span><\/p>\n<p><span style=\"font-weight: 400\">Ez a leny\u0171g\u00f6z\u0151 festm\u00e9ny Gustav Klimt m\u0171v\u00e9szeti puzzle &#8211; Hygieia c\u00edm\u0171 alkot\u00e1s\u00e1b\u00f3l leny\u0171g\u00f6z\u0151en fog mutatni a szob\u00e1dban! K\u00e9pezd \u00fajra az 1000 darabos puzzle k\u00e9p\u00e9t, \u00e9s d\u00edsz\u00edtsd otthonodat egy k\u00fcl\u00f6nleges m\u0171v\u00e9szi festm\u00e9nnyel. A festm\u00e9ny \u00fajraalkot\u00e1s\u00e1hoz egy k\u00f6z\u00f6ns\u00e9ges doh\u00e1nyz\u00f3asztalra lesz sz\u00fcks\u00e9ged, mert a v\u00e9gs\u0151 k\u00e9p m\u00e9rete 50 x 70 cm.<\/span><\/p>\n<p><span style=\"font-weight: 400\">Az 1000 darabos Gustav Klimt &#8211; Hygieia puzzle jellemz\u0151i:<\/span><\/p>\n<p><strong>Puzzle anyag <\/strong><\/p>\n<p><strong>kiv\u00e1l\u00f3 min\u0151s\u00e9g\u0171 k\u00e9k karton<\/strong><\/p>\n<p><strong>fenntarthat\u00f3, \u00fajrahasznos\u00edthat\u00f3 anyagok<\/strong><\/p>\n<p><strong>f\u00e9lf\u00e9nyes kivitel, \u00e9l\u00e9nk sz\u00ednek<\/strong><\/p>\n<p><strong>A kirak\u00f3s darabok sz\u00e1ma: 1000<\/strong><\/p>\n<p><strong>Aj\u00e1nlott \u00e9letkor: 14+<\/strong><\/p>\n<p><strong>Hogyan cs\u00f6kkentheted a stressz-szintet feln\u0151tt rejtv\u00e9nyekkel?<\/strong><\/p>\n<p><span style=\"font-weight: 400\">A kirak\u00f3s j\u00e1t\u00e9kok remek kikapcsol\u00f3d\u00e1si lehet\u0151s\u00e9get ny\u00fajtanak. Az \u00f6sszeszerel\u00e9si tev\u00e9kenys\u00e9g sor\u00e1n az agyad &#8222;alfa&#8221; \u00e1llapotban van, hasonl\u00f3an ahhoz, mint amikor alszol. Ez az \u00e1llapot sz\u00e1mos el\u0151nnyel j\u00e1r, t\u00f6bbek k\u00f6z\u00f6tt:<\/span><\/p>\n<ul>\n<li><span style=\"font-weight: 400\">Cs\u00f6kkentett stresszszint a szervezetben.<\/span><\/li>\n<li><span style=\"font-weight: 400\">Jobb hangulat.<\/span><\/li>\n<li><span style=\"font-weight: 400\">A saj\u00e1t magaddal val\u00f3 kapcsolatteremt\u00e9s k\u00e9pess\u00e9ge.<\/span><\/li>\n<li><span style=\"font-weight: 400\">Fokozott \u00f6nbizalom.<\/span><\/li>\n<li><span style=\"font-weight: 400\">A szorong\u00e1s enyh\u00edt\u00e9se.<\/span><\/li>\n<\/ul>\n<p><strong>A soha ki nem \u00e1ll\u00edtott festm\u00e9nyek t\u00f6rt\u00e9nete<\/strong><\/p>\n<p><span style=\"font-weight: 400\">1894-ben Klimt elv\u00e1llalta, hogy a b\u00e9csi egyetem nagyterme sz\u00e1m\u00e1ra fest. H\u00e1rom panel\u00e9rt volt felel\u0151s: Filoz\u00f3fia, orvostudom\u00e1ny \u00e9s jog. A m\u0171vek heves vit\u00e1kat v\u00e1ltottak ki.<\/span><\/p>\n<p><span style=\"font-weight: 400\">Ez volt Gustav Klimt utols\u00f3 nyilv\u00e1nos megb\u00edz\u00e1sa. Ezt k\u00f6vet\u0151en csak mag\u00e1nszem\u00e9lyek felk\u00e9r\u00e9s\u00e9re festett.<\/span><\/p>\n<p><span style=\"font-weight: 400\">A kritik\u00e1kat \u00e9s a pornogr\u00e1fia v\u00e1dj\u00e1t k\u00f6vet\u0151en Klimt visszaadta a megb\u00edz\u00e1s\u00e9rt kapott 30 000 koron\u00e1s honor\u00e1riumot az Eg\u00e9szs\u00e9g\u00fcgyi Miniszt\u00e9riumnak.<\/span><\/p>\n<p><span style=\"font-weight: 400\">E festm\u00e9nyek egyik\u00e9t sem \u00e1ll\u00edtott\u00e1k ki nyilv\u00e1nosan <\/span><\/p>\n<p><span style=\"font-weight: 400\">A sorozat \u00f6sszes alkot\u00e1sa el\u00e9gett, amikor a n\u00e1ci csapatok felgy\u00fajtott\u00e1k a Schloss Immendorf kast\u00e9lyt, ahol ezeket a m\u0171veket \u0151rizt\u00e9k.<\/span><\/p>\n<p><strong>A kirak\u00f3s j\u00e1t\u00e9kok kellemes, meditat\u00edv \u00e9rz\u00e9st ny\u00fajtanak<\/strong><\/p>\n<p><span style=\"font-weight: 400\">Amikor \u00fajraalkotsz egy k\u00e9pet egy feln\u0151tt kirak\u00f3sb\u00f3l, m\u00e9lyen koncentr\u00e1lsz \u00e9s meditat\u00edv \u00e1llapotba ker\u00fclsz. An\u00e9lk\u00fcl, hogy akarn\u00e1d, sz\u00e1m\u0171z\u00f6l minden m\u00e1s gondolatot az elm\u00e9db\u0151l, \u00e9s csak azzal a tev\u00e9kenys\u00e9ggel maradsz kapcsolatban, hogy \u00f6sszerakod az 1000 kirak\u00f3s darabk\u00e1it. A koncentr\u00e1ci\u00f3 sor\u00e1n t\u00f6k\u00e9letes egyens\u00faly j\u00f6n l\u00e9tre a logikus gondolkod\u00e1st ir\u00e1ny\u00edt\u00f3 bal agyf\u00e9lteke \u00e9s a kreat\u00edv gondolkod\u00e1s\u00e9rt \u00e9s intu\u00edci\u00f3\u00e9rt felel\u0151s jobb agyf\u00e9lteke k\u00f6z\u00f6tt. Ez az ellazult \u00e9s kiegyens\u00falyozott \u00e1llapot seg\u00edt az agyadnak pihenni, \u00e9s nem csoda, hogy a kirak\u00f3s j\u00e1t\u00e9k befejezt\u00e9vel felfriss\u00fcltnek \u00e9s boldognak \u00e9rzed magad, ak\u00e1rcsak egy medit\u00e1ci\u00f3s \u00fcl\u00e9s ut\u00e1n.<\/span><\/p>\n<\/p>\n<p><span style=\"font-weight: 400\">V\u00e1s\u00e1rolja meg most a Gustav Klimt &#8211; Hygieia m\u0171v\u00e9szeti puzzle-t \u00e9s merje megv\u00e1ltoztatni a szok\u00e1sait! Rakd \u00f6ssze ezt az 1000 darabos puzzle-t, \u00e9s haszn\u00e1ld ki a puzzle-j\u00e1t\u00e9kok minden el\u0151ny\u00e9t <\/span><\/p>\n<p><span style=\"font-weight: 400\">A Gustav Klimt &#8211; Hygieia 1000 darabos kirak\u00f3s remek aj\u00e1nd\u00e9k lehet szeretteinek k\u00fcl\u00f6nb\u00f6z\u0151 \u00e9vfordul\u00f3k alkalm\u00e1b\u00f3l.<\/span><\/p>\n","protected":false},"excerpt":{"rendered":"<p>V\u00e1lasszon most a t\u00f6bb sz\u00e1z k\u00e9p k\u00f6z\u00fcl a m\u0171v\u00e9szeti rejtv\u00e9nyek gy\u0171jtem\u00e9ny\u00e9b\u0151l, \u00e9s legyen a kirak\u00f3s j\u00e1t\u00e9kok mestere! Fedezd fel a<\/p>\n","protected":false},"featured_media":36215,"template":"","meta":[],"product_brand":[],"product_cat":[1920,1919,1881],"product_tag":[],"class_list":{"0":"post-40516","1":"product","2":"type-product","3":"status-publish","4":"has-post-thumbnail","6":"product_cat-1000-darabos-kirakos-jatek","7":"product_cat-felnott-kirakos-jatekok","8":"product_cat-kirakos-jatekok","9":"pa_brand-d_toys-hu","10":"pa_country_of_manufacture-ro-hu","11":"pa_filter_age-14-hu","12":"pa_painter-gustavklimt-hu","13":"pa_tip_ambalaj-doboz","14":"pa_tip_puzzle-klasszikus","16":"first","17":"instock","18":"taxable","19":"shipping-taxable","20":"product-type-simple"},"yoast_head":"<!-- This site is optimized with the Yoast SEO plugin v20.1 - https:\/\/yoast.com\/wordpress\/plugins\/seo\/ -->\n<title>Feln\u0151tt 1000 darabos Gustav Klimt puzzle - Hygieia<\/title>\n<meta name=\"description\" content=\"Feln\u0151tt 1000 darabos Gustav Klimt puzzle - Hygieia\" \/>\n<meta name=\"robots\" content=\"index, follow, max-snippet:-1, max-image-preview:large, max-video-preview:-1\" \/>\n<link rel=\"canonical\" href=\"https:\/\/business.roovi.com\/hu\/felnott-1000-darabos-gustav-klimt-puzzle-hygieia\/p\/\" \/>\n<meta property=\"og:locale\" content=\"hu_HU\" \/>\n<meta property=\"og:type\" content=\"article\" \/>\n<meta property=\"og:title\" content=\"Feln\u0151tt 1000 darabos Gustav Klimt puzzle - Hygieia\" \/>\n<meta property=\"og:description\" content=\"Feln\u0151tt 1000 darabos Gustav Klimt puzzle - Hygieia\" \/>\n<meta property=\"og:url\" content=\"https:\/\/business.roovi.com\/hu\/felnott-1000-darabos-gustav-klimt-puzzle-hygieia\/p\/\" \/>\n<meta property=\"og:site_name\" content=\"Roovi B2B\" \/>\n<meta property=\"article:publisher\" content=\"https:\/\/www.facebook.com\/wwwjucariero\" \/>\n<meta property=\"article:modified_time\" content=\"2022-07-06T15:14:38+00:00\" \/>\n<meta property=\"og:image\" content=\"https:\/\/business.roovi.com\/wp-content\/uploads\/2018\/08\/66923-11_ansamblu_dimensiuni_cutie_cm_1200x1200.png\" \/>\n\t<meta property=\"og:image:width\" content=\"1200\" \/>\n\t<meta property=\"og:image:height\" content=\"1200\" \/>\n\t<meta property=\"og:image:type\" content=\"image\/png\" \/>\n<meta name=\"twitter:label1\" content=\"Becs\u00fclt olvas\u00e1si id\u0151\" \/>\n\t<meta name=\"twitter:data1\" content=\"4 perc\" \/>\n<script type=\"application\/ld+json\" class=\"yoast-schema-graph\">{\"@context\":\"https:\/\/schema.org\",\"@graph\":[{\"@type\":\"WebPage\",\"@id\":\"https:\/\/business.roovi.com\/hu\/felnott-1000-darabos-gustav-klimt-puzzle-hygieia\/p\/\",\"url\":\"https:\/\/business.roovi.com\/hu\/felnott-1000-darabos-gustav-klimt-puzzle-hygieia\/p\/\",\"name\":\"Feln\u0151tt 1000 darabos Gustav Klimt puzzle - Hygieia\",\"isPartOf\":{\"@id\":\"https:\/\/business.roovi.com\/hu\/#website\"},\"datePublished\":\"2018-08-02T08:38:01+00:00\",\"dateModified\":\"2022-07-06T15:14:38+00:00\",\"description\":\"Feln\u0151tt 1000 darabos Gustav Klimt puzzle - Hygieia\",\"breadcrumb\":{\"@id\":\"https:\/\/business.roovi.com\/hu\/felnott-1000-darabos-gustav-klimt-puzzle-hygieia\/p\/#breadcrumb\"},\"inLanguage\":\"hu\",\"potentialAction\":[{\"@type\":\"ReadAction\",\"target\":[\"https:\/\/business.roovi.com\/hu\/felnott-1000-darabos-gustav-klimt-puzzle-hygieia\/p\/\"]}]},{\"@type\":\"BreadcrumbList\",\"@id\":\"https:\/\/business.roovi.com\/hu\/felnott-1000-darabos-gustav-klimt-puzzle-hygieia\/p\/#breadcrumb\",\"itemListElement\":[{\"@type\":\"ListItem\",\"position\":1,\"name\":\"Home\",\"item\":\"https:\/\/business.roovi.com\/hu\/\"},{\"@type\":\"ListItem\",\"position\":2,\"name\":\"Shop\",\"item\":\"https:\/\/business.roovi.com\/hu\/shop\/\"},{\"@type\":\"ListItem\",\"position\":3,\"name\":\"Feln\u0151tt 1000 darabos Gustav Klimt puzzle &#8211; Hygieia\"}]},{\"@type\":\"WebSite\",\"@id\":\"https:\/\/business.roovi.com\/hu\/#website\",\"url\":\"https:\/\/business.roovi.com\/hu\/\",\"name\":\"Roovi B2B\",\"description\":\"Roovi Business Website\",\"potentialAction\":[{\"@type\":\"SearchAction\",\"target\":{\"@type\":\"EntryPoint\",\"urlTemplate\":\"https:\/\/business.roovi.com\/hu\/?s={search_term_string}\"},\"query-input\":\"required name=search_term_string\"}],\"inLanguage\":\"hu\"}]}<\/script>\n<!-- \/ Yoast SEO plugin. -->","yoast_head_json":{"title":"Feln\u0151tt 1000 darabos Gustav Klimt puzzle - Hygieia","description":"Feln\u0151tt 1000 darabos Gustav Klimt puzzle - Hygieia","robots":{"index":"index","follow":"follow","max-snippet":"max-snippet:-1","max-image-preview":"max-image-preview:large","max-video-preview":"max-video-preview:-1"},"canonical":"https:\/\/business.roovi.com\/hu\/felnott-1000-darabos-gustav-klimt-puzzle-hygieia\/p\/","og_locale":"hu_HU","og_type":"article","og_title":"Feln\u0151tt 1000 darabos Gustav Klimt puzzle - Hygieia","og_description":"Feln\u0151tt 1000 darabos Gustav Klimt puzzle - Hygieia","og_url":"https:\/\/business.roovi.com\/hu\/felnott-1000-darabos-gustav-klimt-puzzle-hygieia\/p\/","og_site_name":"Roovi B2B","article_publisher":"https:\/\/www.facebook.com\/wwwjucariero","article_modified_time":"2022-07-06T15:14:38+00:00","og_image":[{"width":1200,"height":1200,"url":"https:\/\/business.roovi.com\/wp-content\/uploads\/2018\/08\/66923-11_ansamblu_dimensiuni_cutie_cm_1200x1200.png","type":"image\/png"}],"twitter_misc":{"Becs\u00fclt olvas\u00e1si id\u0151":"4 perc"},"schema":{"@context":"https:\/\/schema.org","@graph":[{"@type":"WebPage","@id":"https:\/\/business.roovi.com\/hu\/felnott-1000-darabos-gustav-klimt-puzzle-hygieia\/p\/","url":"https:\/\/business.roovi.com\/hu\/felnott-1000-darabos-gustav-klimt-puzzle-hygieia\/p\/","name":"Feln\u0151tt 1000 darabos Gustav Klimt puzzle - Hygieia","isPartOf":{"@id":"https:\/\/business.roovi.com\/hu\/#website"},"datePublished":"2018-08-02T08:38:01+00:00","dateModified":"2022-07-06T15:14:38+00:00","description":"Feln\u0151tt 1000 darabos Gustav Klimt puzzle - Hygieia","breadcrumb":{"@id":"https:\/\/business.roovi.com\/hu\/felnott-1000-darabos-gustav-klimt-puzzle-hygieia\/p\/#breadcrumb"},"inLanguage":"hu","potentialAction":[{"@type":"ReadAction","target":["https:\/\/business.roovi.com\/hu\/felnott-1000-darabos-gustav-klimt-puzzle-hygieia\/p\/"]}]},{"@type":"BreadcrumbList","@id":"https:\/\/business.roovi.com\/hu\/felnott-1000-darabos-gustav-klimt-puzzle-hygieia\/p\/#breadcrumb","itemListElement":[{"@type":"ListItem","position":1,"name":"Home","item":"https:\/\/business.roovi.com\/hu\/"},{"@type":"ListItem","position":2,"name":"Shop","item":"https:\/\/business.roovi.com\/hu\/shop\/"},{"@type":"ListItem","position":3,"name":"Feln\u0151tt 1000 darabos Gustav Klimt puzzle &#8211; Hygieia"}]},{"@type":"WebSite","@id":"https:\/\/business.roovi.com\/hu\/#website","url":"https:\/\/business.roovi.com\/hu\/","name":"Roovi B2B","description":"Roovi Business Website","potentialAction":[{"@type":"SearchAction","target":{"@type":"EntryPoint","urlTemplate":"https:\/\/business.roovi.com\/hu\/?s={search_term_string}"},"query-input":"required name=search_term_string"}],"inLanguage":"hu"}]}},"_links":{"self":[{"href":"https:\/\/business.roovi.com\/hu\/wp-json\/wp\/v2\/product\/40516","targetHints":{"allow":["GET"]}}],"collection":[{"href":"https:\/\/business.roovi.com\/hu\/wp-json\/wp\/v2\/product"}],"about":[{"href":"https:\/\/business.roovi.com\/hu\/wp-json\/wp\/v2\/types\/product"}],"version-history":[{"count":0,"href":"https:\/\/business.roovi.com\/hu\/wp-json\/wp\/v2\/product\/40516\/revisions"}],"wp:featuredmedia":[{"embeddable":true,"href":"https:\/\/business.roovi.com\/hu\/wp-json\/wp\/v2\/media\/36215"}],"wp:attachment":[{"href":"https:\/\/business.roovi.com\/hu\/wp-json\/wp\/v2\/media?parent=40516"}],"wp:term":[{"taxonomy":"product_brand","embeddable":true,"href":"https:\/\/business.roovi.com\/hu\/wp-json\/wp\/v2\/product_brand?post=40516"},{"taxonomy":"product_cat","embeddable":true,"href":"https:\/\/business.roovi.com\/hu\/wp-json\/wp\/v2\/product_cat?post=40516"},{"taxonomy":"product_tag","embeddable":true,"href":"https:\/\/business.roovi.com\/hu\/wp-json\/wp\/v2\/product_tag?post=40516"}],"curies":[{"name":"wp","href":"https:\/\/api.w.org\/{rel}","templated":true}]}}