{"id":40520,"date":"2018-08-02T08:38:01","date_gmt":"2018-08-02T08:38:01","guid":{"rendered":"https:\/\/business.roovi.com\/puzzle-adulti-1000-piese-gustav-klimt-fulfilment-implinire\/p\/"},"modified":"2023-02-15T07:26:32","modified_gmt":"2023-02-15T07:26:32","slug":"felnott-1000-darabos-gustav-klimt-puzzle-fulfilment-fulfilment","status":"publish","type":"product","link":"https:\/\/business.roovi.com\/hu\/felnott-1000-darabos-gustav-klimt-puzzle-fulfilment-fulfilment\/p\/","title":{"rendered":"Feln\u0151tt 1000 darabos Gustav Klimt puzzle &#8211; Fulfilment"},"content":{"rendered":"<p><span style=\"font-weight: 400;\">Itt 1000 darabos rejtv\u00e9nyeket tal\u00e1lsz minden id\u0151k legszebb festm\u00e9nyeinek leny\u0171g\u00f6z\u0151 k\u00e9peivel. Fedezze fel a teljes aj\u00e1nlatot \u00e9s v\u00e1s\u00e1rolja meg kedvenc rejtv\u00e9nyeit!<\/span><\/p>\n<p><span style=\"font-weight: 400;\">Gustav Klimt m\u0171vei egyform\u00e1n sokkolnak \u00e9s gy\u00f6ny\u00f6rk\u00f6dtetnek. \u00daj, friss \u00e9s vibr\u00e1l\u00f3 st\u00edlusa mag\u00e1val ragadja \u00d6nt m\u0171veivel. A Gustav Klimt Art Puzzle &#8211; Fulfilment\/Fulfillment a feln\u0151tteknek sz\u00f3l\u00f3 rejtv\u00e9nyek egyike az itt tal\u00e1lhat\u00f3 m\u0171v\u00e9szeti rejtv\u00e9nyek b\u0151s\u00e9ges gy\u0171jtem\u00e9ny\u00e9b\u0151l. A festm\u00e9ny egy \u00f6lelkez\u0151 p\u00e1rt \u00e1br\u00e1zol, \u00e9s egy 3 festm\u00e9nyb\u0151l \u00e1ll\u00f3 sorozat r\u00e9sze, amelyet a Stoclet gy\u0171jt\u0151csal\u00e1d rendelt Klimt \u00fagynevezett aranykor\u00e1ban <\/span><\/p>\n<p><span style=\"font-weight: 400;\">Ez a csod\u00e1latos festm\u00e9ny, amely a szenved\u00e9lyes \u00f6lel\u00e9s \u00e1ltali beteljes\u00fcl\u00e9st \u00e1br\u00e1zolja, csak az \u00d6n\u00e9 lehet. \u00dclj\u00f6n le k\u00e9nyelmesen, h\u00fazza k\u00f6zel a nappali doh\u00e1nyz\u00f3asztal\u00e1t, \u00e9s legyen \u00f6n a mesterm\u0171 alkot\u00f3ja egy 1000 darabos puzzle-b\u00f3l. Ak\u00e1r 30 \u00f3ra pihentet\u0151 sz\u00f3rakoz\u00e1st garant\u00e1lunk a kreat\u00edv folyamathoz, \u00e9s sz\u00e1mtalan \u00f3r\u00e1t a l\u00e1tv\u00e1nyos m\u0171alkot\u00e1s csod\u00e1l\u00e1s\u00e1ra.<\/span><\/p>\n<p><span style=\"font-weight: 400;\">Gustav Klimt Art Puzzle Jellemz\u0151k &#8211; Fulfilment\/Fulfillment <\/span><\/p>\n<p><strong>A rekonstru\u00e1lt k\u00e9p m\u00e9rete: 50 x 70 cm <\/strong><\/p>\n<p><strong>Puzzle anyag <\/strong><\/p>\n<p><strong>kiv\u00e1l\u00f3 min\u0151s\u00e9g\u0171 k\u00e9k karton<\/strong><\/p>\n<p><strong>fenntarthat\u00f3, \u00fajrahasznos\u00edthat\u00f3 anyagok<\/strong><\/p>\n<p><strong>f\u00e9lf\u00e9nyes kivitel, \u00e9l\u00e9nk sz\u00ednek<\/strong><\/p>\n<p><strong>A kirak\u00f3s darabok sz\u00e1ma: 1000<\/strong><\/p>\n<p><strong>Aj\u00e1nlott \u00e9letkor: 14+<\/strong><\/p>\n<p><strong>A kirak\u00f3s j\u00e1t\u00e9kok j\u00f3t tesznek az eg\u00e9szs\u00e9gnek!<\/strong><\/p>\n<p><span style=\"font-weight: 400;\">A feln\u0151tteknek sz\u00f3l\u00f3 rejtv\u00e9nyek eg\u00e9szs\u00e9ges m\u00f3dja a sz\u00f3rakoz\u00e1snak \u00e9s a kikapcsol\u00f3d\u00e1snak. Seg\u00edtenek az agy eg\u00e9szs\u00e9g\u00e9nek meg\u0151rz\u00e9s\u00e9ben, \u00edgy jelent\u0151sen cs\u00f6kken a neurodegenerat\u00edv betegs\u00e9gek kialakul\u00e1s\u00e1nak kock\u00e1zata <\/span><\/p>\n<p><span style=\"font-weight: 400;\">A kirak\u00f3s j\u00e1t\u00e9kok seg\u00edtenek a stressz \u00e9s a fesz\u00fclts\u00e9g levezet\u00e9s\u00e9ben, amely egy hossz\u00fa, kem\u00e9ny munkanap sor\u00e1n felgy\u00fclemlett. Egyesek szerint a kirak\u00f3s j\u00e1t\u00e9kok hat\u00e1sa a medit\u00e1ci\u00f3hoz hasonl\u00f3. K\u00e9pzeld el, hogy amikor kinyitsz egy 1000 darabos puzzle-t, nem csak egy csod\u00e1latos k\u00e9pet hozol l\u00e9tre \u00fajra, hanem egy optimista, nyugodt \u00e9s eg\u00e9szs\u00e9ges emberr\u00e9 v\u00e1ltoztatod magad! <\/span><\/p>\n<p><strong>Tudt\u00e1l Gustav Klimtr\u0151l?&#8230;<\/strong><\/p>\n<p><span style=\"font-weight: 400;\">Szerette a n\u0151ket \u00e9s&#8230; a macsk\u00e1kat.<\/span><\/p>\n<p><span style=\"font-weight: 400;\">Tizenn\u00e9gy t\u00f6rv\u00e9nytelen gyermeke sz\u00fcletett, de soha nem h\u00e1zasodott meg.<\/span><\/p>\n<p><span style=\"font-weight: 400;\">Sigmund Freud kort\u00e1rsa volt, \u00e9s Freudhoz hasonl\u00f3an szenved\u00e9lyesen foglalkozott a szexualit\u00e1ssal, az \u00e1lmokkal \u00e9s az emberi tudatalattival.<\/span><\/p>\n<p><span style=\"font-weight: 400;\">A m\u0171v\u00e9sz p\u00e1lyafut\u00e1s\u00e1nak aranykor\u00e1t az jellemezte, hogy festm\u00e9nyein aranylemezt haszn\u00e1lt.<\/span><\/p>\n<p><span style=\"font-weight: 400;\">Pornogr\u00e1fi\u00e1val v\u00e1dolt\u00e1k n\u00e9h\u00e1ny, a b\u00e9csi egyetem sz\u00e1m\u00e1ra k\u00e9sz\u00edtett m\u0171ve miatt, amelyeket soha nem \u00e1ll\u00edtottak ki.<\/span><\/p>\n<p><span style=\"font-weight: 400;\">Sz\u00e1mos festm\u00e9ny\u00e9t ellopt\u00e1k vagy megsemmis\u00edtett\u00e9k a n\u00e1cik.<\/span><\/p>\n<p><strong>A m\u0171v\u00e9szeti rejtv\u00e9nyek seg\u00edtenek a bels\u0151 egyens\u00faly el\u00e9r\u00e9s\u00e9ben<\/strong><\/p>\n<p><span style=\"font-weight: 400;\">Egy m\u0171v\u00e9szi kirak\u00f3s \u00f6sszerak\u00e1sa a koncentr\u00e1ci\u00f3 \u00e9s a bels\u0151 b\u00e9ke \u00e1llapot\u00e1t id\u00e9zi el\u0151. Azokban a pillanatokban, amikor az 1000 darabos kirak\u00f3s j\u00e1t\u00e9k k\u00e9p\u00e9t megalkotod, a jelenben \u00e9lsz. A jelen pillanat tudatos\u00edt\u00e1sa seg\u00edt a pszich\u00e9nek ellazulni, \u00e9s olyan bels\u0151 egyens\u00falyt teremt, amely a boldog \u00e9let alapja. Tapasztald meg ezt a csod\u00e1latos m\u0171v\u00e9szeti kirak\u00f3s tev\u00e9kenys\u00e9get, \u00e9s \u00e9lvezd a vele j\u00e1r\u00f3 el\u0151ny\u00f6ket!<\/span><\/p>\n<p><span style=\"font-weight: 400;\">V\u00e1s\u00e1rolja meg most Gustav Klimt &#8211; Beteljes\u00fcl\u00e9s\/Teljes\u00fcl\u00e9s m\u0171v\u00e9szeti kirak\u00f3st, alkossa \u00fajra a k\u00e9pet, \u00e9s egy olyan festm\u00e9nyt kap, amely a hazai boldogs\u00e1got \u00e9s beteljes\u00fcl\u00e9st szimboliz\u00e1lja. Fedezze fel a Gustav Klimt festm\u00e9nyeinek k\u00e9peit tartalmaz\u00f3 m\u0171v\u00e9szeti kirak\u00f3s gy\u0171jtem\u00e9ny \u00f6sszes 1000 darabos kirak\u00f3s\u00e1t, \u00e9s k\u00e9sz\u00edtsen egyed\u00fcl\u00e1ll\u00f3 gy\u0171jtem\u00e9nyt a m\u0171v\u00e9sz m\u0171veinek 1000 darabos kirak\u00f3s festm\u00e9nyeib\u0151l.<\/span><\/p>\n<p><span style=\"font-weight: 400;\">Aj\u00e1nd\u00e9kot keres egy k\u00f6zeli bar\u00e1tj\u00e1nak? A Gustav Klimt m\u0171v\u00e9szeti puzzle &#8211; Fulfilment\/Fulfillment t\u00f6k\u00e9letes v\u00e1laszt\u00e1s k\u00fcl\u00f6nleges alkalmakra.<\/span><\/p>\n","protected":false},"excerpt":{"rendered":"<p>Itt 1000 darabos rejtv\u00e9nyeket tal\u00e1lsz minden id\u0151k legszebb festm\u00e9nyeinek leny\u0171g\u00f6z\u0151 k\u00e9peivel. Fedezze fel a teljes aj\u00e1nlatot \u00e9s v\u00e1s\u00e1rolja meg kedvenc<\/p>\n","protected":false},"featured_media":36229,"template":"","meta":[],"product_brand":[],"product_cat":[1920,1919,1881],"product_tag":[],"class_list":{"0":"post-40520","1":"product","2":"type-product","3":"status-publish","4":"has-post-thumbnail","6":"product_cat-1000-darabos-kirakos-jatek","7":"product_cat-felnott-kirakos-jatekok","8":"product_cat-kirakos-jatekok","9":"pa_brand-d_toys-hu","10":"pa_country_of_manufacture-ro-hu","11":"pa_filter_age-14-hu","12":"pa_painter-gustavklimt-hu","13":"pa_tip_ambalaj-doboz","14":"pa_tip_puzzle-klasszikus","16":"first","17":"instock","18":"taxable","19":"shipping-taxable","20":"product-type-simple"},"yoast_head":"<!-- This site is optimized with the Yoast SEO plugin v20.1 - https:\/\/yoast.com\/wordpress\/plugins\/seo\/ -->\n<title>Feln\u0151tt 1000 darabos Gustav Klimt puzzle - Fulfilment \/ Fulfilment<\/title>\n<meta name=\"description\" content=\"Feln\u0151tt 1000 darabos Gustav Klimt puzzle - Fulfilment \/ Fulfilment\" \/>\n<meta name=\"robots\" content=\"index, follow, max-snippet:-1, max-image-preview:large, max-video-preview:-1\" \/>\n<link rel=\"canonical\" href=\"https:\/\/business.roovi.com\/hu\/felnott-1000-darabos-gustav-klimt-puzzle-fulfilment-fulfilment\/p\/\" \/>\n<meta property=\"og:locale\" content=\"hu_HU\" \/>\n<meta property=\"og:type\" content=\"article\" \/>\n<meta property=\"og:title\" content=\"Feln\u0151tt 1000 darabos Gustav Klimt puzzle - Fulfilment \/ Fulfilment\" \/>\n<meta property=\"og:description\" content=\"Feln\u0151tt 1000 darabos Gustav Klimt puzzle - Fulfilment \/ Fulfilment\" \/>\n<meta property=\"og:url\" content=\"https:\/\/business.roovi.com\/hu\/felnott-1000-darabos-gustav-klimt-puzzle-fulfilment-fulfilment\/p\/\" \/>\n<meta property=\"og:site_name\" content=\"Roovi B2B\" \/>\n<meta property=\"article:publisher\" content=\"https:\/\/www.facebook.com\/wwwjucariero\" \/>\n<meta property=\"article:modified_time\" content=\"2023-02-15T07:26:32+00:00\" \/>\n<meta property=\"og:image\" content=\"https:\/\/business.roovi.com\/wp-content\/uploads\/2018\/08\/66923-12_ansamblu_dimensiuni_cutie_cm_1200x1200.png\" \/>\n\t<meta property=\"og:image:width\" content=\"1200\" \/>\n\t<meta property=\"og:image:height\" content=\"1200\" \/>\n\t<meta property=\"og:image:type\" content=\"image\/png\" \/>\n<meta name=\"twitter:label1\" content=\"Becs\u00fclt olvas\u00e1si id\u0151\" \/>\n\t<meta name=\"twitter:data1\" content=\"3 perc\" \/>\n<script type=\"application\/ld+json\" class=\"yoast-schema-graph\">{\"@context\":\"https:\/\/schema.org\",\"@graph\":[{\"@type\":\"WebPage\",\"@id\":\"https:\/\/business.roovi.com\/hu\/felnott-1000-darabos-gustav-klimt-puzzle-fulfilment-fulfilment\/p\/\",\"url\":\"https:\/\/business.roovi.com\/hu\/felnott-1000-darabos-gustav-klimt-puzzle-fulfilment-fulfilment\/p\/\",\"name\":\"Feln\u0151tt 1000 darabos Gustav Klimt puzzle - Fulfilment \/ Fulfilment\",\"isPartOf\":{\"@id\":\"https:\/\/business.roovi.com\/hu\/#website\"},\"datePublished\":\"2018-08-02T08:38:01+00:00\",\"dateModified\":\"2023-02-15T07:26:32+00:00\",\"description\":\"Feln\u0151tt 1000 darabos Gustav Klimt puzzle - Fulfilment \/ Fulfilment\",\"breadcrumb\":{\"@id\":\"https:\/\/business.roovi.com\/hu\/felnott-1000-darabos-gustav-klimt-puzzle-fulfilment-fulfilment\/p\/#breadcrumb\"},\"inLanguage\":\"hu\",\"potentialAction\":[{\"@type\":\"ReadAction\",\"target\":[\"https:\/\/business.roovi.com\/hu\/felnott-1000-darabos-gustav-klimt-puzzle-fulfilment-fulfilment\/p\/\"]}]},{\"@type\":\"BreadcrumbList\",\"@id\":\"https:\/\/business.roovi.com\/hu\/felnott-1000-darabos-gustav-klimt-puzzle-fulfilment-fulfilment\/p\/#breadcrumb\",\"itemListElement\":[{\"@type\":\"ListItem\",\"position\":1,\"name\":\"Home\",\"item\":\"https:\/\/business.roovi.com\/hu\/\"},{\"@type\":\"ListItem\",\"position\":2,\"name\":\"Shop\",\"item\":\"https:\/\/business.roovi.com\/hu\/shop\/\"},{\"@type\":\"ListItem\",\"position\":3,\"name\":\"Feln\u0151tt 1000 darabos Gustav Klimt puzzle &#8211; Fulfilment\"}]},{\"@type\":\"WebSite\",\"@id\":\"https:\/\/business.roovi.com\/hu\/#website\",\"url\":\"https:\/\/business.roovi.com\/hu\/\",\"name\":\"Roovi B2B\",\"description\":\"Roovi Business Website\",\"potentialAction\":[{\"@type\":\"SearchAction\",\"target\":{\"@type\":\"EntryPoint\",\"urlTemplate\":\"https:\/\/business.roovi.com\/hu\/?s={search_term_string}\"},\"query-input\":\"required name=search_term_string\"}],\"inLanguage\":\"hu\"}]}<\/script>\n<!-- \/ Yoast SEO plugin. -->","yoast_head_json":{"title":"Feln\u0151tt 1000 darabos Gustav Klimt puzzle - Fulfilment \/ Fulfilment","description":"Feln\u0151tt 1000 darabos Gustav Klimt puzzle - Fulfilment \/ Fulfilment","robots":{"index":"index","follow":"follow","max-snippet":"max-snippet:-1","max-image-preview":"max-image-preview:large","max-video-preview":"max-video-preview:-1"},"canonical":"https:\/\/business.roovi.com\/hu\/felnott-1000-darabos-gustav-klimt-puzzle-fulfilment-fulfilment\/p\/","og_locale":"hu_HU","og_type":"article","og_title":"Feln\u0151tt 1000 darabos Gustav Klimt puzzle - Fulfilment \/ Fulfilment","og_description":"Feln\u0151tt 1000 darabos Gustav Klimt puzzle - Fulfilment \/ Fulfilment","og_url":"https:\/\/business.roovi.com\/hu\/felnott-1000-darabos-gustav-klimt-puzzle-fulfilment-fulfilment\/p\/","og_site_name":"Roovi B2B","article_publisher":"https:\/\/www.facebook.com\/wwwjucariero","article_modified_time":"2023-02-15T07:26:32+00:00","og_image":[{"width":1200,"height":1200,"url":"https:\/\/business.roovi.com\/wp-content\/uploads\/2018\/08\/66923-12_ansamblu_dimensiuni_cutie_cm_1200x1200.png","type":"image\/png"}],"twitter_misc":{"Becs\u00fclt olvas\u00e1si id\u0151":"3 perc"},"schema":{"@context":"https:\/\/schema.org","@graph":[{"@type":"WebPage","@id":"https:\/\/business.roovi.com\/hu\/felnott-1000-darabos-gustav-klimt-puzzle-fulfilment-fulfilment\/p\/","url":"https:\/\/business.roovi.com\/hu\/felnott-1000-darabos-gustav-klimt-puzzle-fulfilment-fulfilment\/p\/","name":"Feln\u0151tt 1000 darabos Gustav Klimt puzzle - Fulfilment \/ Fulfilment","isPartOf":{"@id":"https:\/\/business.roovi.com\/hu\/#website"},"datePublished":"2018-08-02T08:38:01+00:00","dateModified":"2023-02-15T07:26:32+00:00","description":"Feln\u0151tt 1000 darabos Gustav Klimt puzzle - Fulfilment \/ Fulfilment","breadcrumb":{"@id":"https:\/\/business.roovi.com\/hu\/felnott-1000-darabos-gustav-klimt-puzzle-fulfilment-fulfilment\/p\/#breadcrumb"},"inLanguage":"hu","potentialAction":[{"@type":"ReadAction","target":["https:\/\/business.roovi.com\/hu\/felnott-1000-darabos-gustav-klimt-puzzle-fulfilment-fulfilment\/p\/"]}]},{"@type":"BreadcrumbList","@id":"https:\/\/business.roovi.com\/hu\/felnott-1000-darabos-gustav-klimt-puzzle-fulfilment-fulfilment\/p\/#breadcrumb","itemListElement":[{"@type":"ListItem","position":1,"name":"Home","item":"https:\/\/business.roovi.com\/hu\/"},{"@type":"ListItem","position":2,"name":"Shop","item":"https:\/\/business.roovi.com\/hu\/shop\/"},{"@type":"ListItem","position":3,"name":"Feln\u0151tt 1000 darabos Gustav Klimt puzzle &#8211; Fulfilment"}]},{"@type":"WebSite","@id":"https:\/\/business.roovi.com\/hu\/#website","url":"https:\/\/business.roovi.com\/hu\/","name":"Roovi B2B","description":"Roovi Business Website","potentialAction":[{"@type":"SearchAction","target":{"@type":"EntryPoint","urlTemplate":"https:\/\/business.roovi.com\/hu\/?s={search_term_string}"},"query-input":"required name=search_term_string"}],"inLanguage":"hu"}]}},"_links":{"self":[{"href":"https:\/\/business.roovi.com\/hu\/wp-json\/wp\/v2\/product\/40520","targetHints":{"allow":["GET"]}}],"collection":[{"href":"https:\/\/business.roovi.com\/hu\/wp-json\/wp\/v2\/product"}],"about":[{"href":"https:\/\/business.roovi.com\/hu\/wp-json\/wp\/v2\/types\/product"}],"version-history":[{"count":0,"href":"https:\/\/business.roovi.com\/hu\/wp-json\/wp\/v2\/product\/40520\/revisions"}],"wp:featuredmedia":[{"embeddable":true,"href":"https:\/\/business.roovi.com\/hu\/wp-json\/wp\/v2\/media\/36229"}],"wp:attachment":[{"href":"https:\/\/business.roovi.com\/hu\/wp-json\/wp\/v2\/media?parent=40520"}],"wp:term":[{"taxonomy":"product_brand","embeddable":true,"href":"https:\/\/business.roovi.com\/hu\/wp-json\/wp\/v2\/product_brand?post=40520"},{"taxonomy":"product_cat","embeddable":true,"href":"https:\/\/business.roovi.com\/hu\/wp-json\/wp\/v2\/product_cat?post=40520"},{"taxonomy":"product_tag","embeddable":true,"href":"https:\/\/business.roovi.com\/hu\/wp-json\/wp\/v2\/product_tag?post=40520"}],"curies":[{"name":"wp","href":"https:\/\/api.w.org\/{rel}","templated":true}]}}