{"id":40544,"date":"2018-05-26T08:30:52","date_gmt":"2018-05-26T08:30:52","guid":{"rendered":"https:\/\/business.roovi.com\/joc-de-societate-word-colony-jocul-de-baza-editia-2-original-ro-2-4-jucatori\/p\/"},"modified":"2022-07-06T15:19:25","modified_gmt":"2022-07-06T15:19:25","slug":"word-colony-tarsasjatek-alapjatek-2-kiadas-original-ro-2-4-jatekos","status":"publish","type":"product","link":"https:\/\/business.roovi.com\/hu\/word-colony-tarsasjatek-alapjatek-2-kiadas-original-ro-2-4-jatekos\/p\/","title":{"rendered":"Word Colony t\u00e1rsasj\u00e1t\u00e9k, alapj\u00e1t\u00e9k, 2. kiad\u00e1s Original RO, 2-4 j\u00e1t\u00e9kos"},"content":{"rendered":"<p><strong>Azt hiszed, okos vagy?<\/strong><\/p>\n<p>Fedezz fel \u00faj dolgokat a k\u00f6r\u00fcl\u00f6tted l\u00e9v\u0151 vil\u00e1gr\u00f3l interakt\u00edv m\u00f3don, bar\u00e1taiddal vagy csal\u00e1doddal egy\u00fctt!<\/p>\n<ol>\n<li><strong>V\u00e1laszoljon helyesen <\/strong>az \u00e1ltal\u00e1nos ismeretekre vonatkoz\u00f3 k\u00e9rd\u00e9sekre;<\/li>\n<li><strong>Gy\u0171jts <\/strong>min\u00e9l t\u00f6bb bet\u0171s k\u00f6nyvet;<\/li>\n<li><strong>\u00c9p\u00edts sz\u00f3kol\u00f3ni\u00e1kat <\/strong>\u00e9s gy\u0171jtsd \u00f6ssze a pontokat;<\/li>\n<li><strong>K\u00e9sz\u00edtsd el a j\u00e1t\u00e9kstrat\u00e9gi\u00e1dat! <\/strong>Kapcsol\u00f3djatok \u00f6ssze! Nyerj!<\/li>\n<\/ol>\n<h2><strong>Smart az \u00faj Cool!<\/strong><\/h2>\n<p>Fedezd fel a <strong>Word Colony Edition 2 eredeti<\/strong>, rom\u00e1n nyelv\u0171 alapj\u00e1t\u00e9kot.<br \/>\nEgy bar\u00e1ts\u00e1gos \u00e9s kih\u00edv\u00e1sokkal teli t\u00e1rsasj\u00e1t\u00e9k mindazoknak, akik szeretn\u00e9nek <strong>kipr\u00f3b\u00e1lni egy \u00faj interakt\u00edv j\u00e1t\u00e9k\u00e9lm\u00e9nyt<\/strong>.<\/p>\n<h2><strong>Mi van a j\u00e1t\u00e9kban?<\/strong><\/h2>\n<p><strong>420x <\/strong>Lev\u00e9lk\u00e1rty\u00e1k<br \/>\n<strong>22x <\/strong>fekete k\u00e1rtya<br \/>\n<strong>42x <\/strong>K\u00fcl\u00f6nleges k\u00e1rty\u00e1k (Boosterek)<br \/>\n<strong>16x <\/strong>v\u00e1laszk\u00e1rtya (4 ABCD k\u00e9szlet)<br \/>\n<strong>4x sz\u00e1ml\u00e1l\u00f3 <\/strong><br \/>\n<strong>1x <\/strong>j\u00e1t\u00e9kt\u00e1bla<br \/>\n<strong>1x <\/strong>k\u00e1rtyatart\u00f3 doboz a rendszer r\u00e1cs\u00e1ban<br \/>\n<strong>1x <\/strong>j\u00e1t\u00e9kkalauz<\/p>\n<h2><strong>J\u00f3 vagy a kv\u00edzj\u00e1t\u00e9kokban?<\/strong><\/h2>\n<p>A Word Colony j\u00e1t\u00e9k az \u00e1ltal\u00e1nos kult\u00fara elemeit \u00f6tv\u00f6zi mega-\u00e9rdekes kv\u00edzk\u00e9rd\u00e9sek form\u00e1j\u00e1ban olyan ter\u00fcletekr\u0151l, amelyeket biztosan szeretsz.<\/p>\n<h3>Tanulj meg elk\u00e9peszt\u0151 t\u00e9nyeket, alak\u00edtsd ki a j\u00e1t\u00e9kstrat\u00e9gi\u00e1dat \u00e9s nyerj!<\/h3>\n<h2><strong>\u00c9p\u00edtsd meg saj\u00e1t sz\u00f3 kol\u00f3ni\u00e1idat<\/strong><\/h2>\n<p><strong>Egy \u00faj koncepci\u00f3 a keresztrejtv\u00e9nyes t\u00e1rsasj\u00e1t\u00e9kokban<br \/>\n<\/strong><\/p>\n<p>Gy\u0171jts min\u00e9l t\u00f6bb pontot, ha a kezedben l\u00e9v\u0151 k\u00e1rty\u00e1k seg\u00edts\u00e9g\u00e9vel saj\u00e1t sz\u00f3t\u00f6mb\u00f6ket hozol l\u00e9tre.<br \/>\n<strong>Csatlakozz m\u00e1s<\/strong> j\u00e1t\u00e9kosok<strong>kol\u00f3ni\u00e1ihoz<\/strong>, <strong>fejlessz<\/strong> szuperkol\u00f3ni\u00e1kat, \u00e9s <strong>gy\u0171jtsd \u00f6ssze a<\/strong> sz\u00fcks\u00e9ges <strong>pontsz\u00e1mot<\/strong>, hogy els\u0151k\u00e9nt \u00e9rj a gyalogoddal a c\u00e9lba.<\/p>\n<h2><strong>Fedezze fel a Word Colony j\u00e1t\u00e9kk\u00e1rty\u00e1kat<\/strong><\/h2>\n<p>A j\u00e1t\u00e9k 442 k\u00e9rd\u00e9s- \u00e9s bet\u0171k\u00e1rty\u00e1t tartalmaz, amelyek k\u00f6z\u00fcl 22 fekete k\u00e1rtya.<br \/>\nA j\u00e1t\u00e9kban 42 extra el\u0151ny\u00f6kkel rendelkez\u0151 Booster-k\u00e1rtya is el\u00e9rhet\u0151.<\/p>\n<p><strong>K\u00e9szen \u00e1llsz a j\u00e1t\u00e9kra?<br \/>\n<\/strong><\/p>\n<h2><strong>2-4 j\u00e1t\u00e9kos + extr\u00e1k<\/strong><\/h2>\n<p><strong>Olyan t\u00e1rsasj\u00e1t\u00e9kokat keresel, amelyeket min\u00e9l t\u00f6bb bar\u00e1toddal j\u00e1tszhatsz?<\/strong><\/p>\n<p>Az alap Word Colony j\u00e1t\u00e9k 4 j\u00e1t\u00e9kpultot \u00e9s 4 k\u00e1rtyak\u00e9szletet tartalmaz ABCD v\u00e1laszlehet\u0151s\u00e9gekkel (4 j\u00e1t\u00e9kos sz\u00e1m\u00e1ra). Feln\u0151tteknek \u00e9s 12 \u00e9v feletti gyerekeknek. A b\u0151v\u00edtm\u00e9nyekkel minden egyes megv\u00e1s\u00e1rolt b\u0151v\u00edt\u00e9ssel 1 tov\u00e1bbi j\u00e1t\u00e9kossal b\u0151v\u00edtheti a j\u00e1t\u00e9kot.<\/p>\n<p><strong>\u00d6n v\u00e1lasztja ki a j\u00e1t\u00e9k id\u0151tartam\u00e1t<\/strong><\/p>\n<p>A j\u00e1t\u00e9k modul\u00e1ris fel\u00e9p\u00edt\u00e9s\u0171, \u00edgy a j\u00e1t\u00e9kosok m\u00e1r a j\u00e1t\u00e9k megkezd\u00e9se el\u0151tt megv\u00e1laszthatj\u00e1k a j\u00e1t\u00e9k id\u0151tartam\u00e1t.<\/p>\n<h3>Gyors j\u00e1t\u00e9k <strong>30 perc &#8211; 1 \u00f3ra<\/strong><strong><br \/>\n<\/strong>Mesteri j\u00e1t\u00e9k <strong>1 \u00f3ra &#8211; 2 \u00f3ra<\/strong><strong><br \/>\n<\/strong>Teljes j\u00e1t\u00e9k <strong>2 \u00f3ra &#8211; 3 \u00f3ra<\/strong><\/h3>\n<h5><em>*El\u0151sz\u00f6r j\u00e1tszol? Javasoljuk az els\u0151 Quick Game tesztj\u00e1t\u00e9kot.<\/em><\/h5>\n<h2><strong>Az ide\u00e1lis aj\u00e1nd\u00e9k<\/strong><\/h2>\n<p><strong>Eredeti, oktat\u00e1si, interakt\u00edv<\/strong><\/p>\n<p>A Word Colony j\u00e1t\u00e9k <strong>t\u00f6k\u00e9letes aj\u00e1nd\u00e9k<\/strong> szeretteinknek <strong>b\u00e1rmilyen alkalomra<\/strong>!<br \/>\nAz anyagok, amelyekb\u0151l a j\u00e1t\u00e9k k\u00e9sz\u00fclt, kiv\u00e1l\u00f3 min\u0151s\u00e9g\u0171ek, \u00e9s a kivitelez\u00e9s is megfelel\u0151. Fedezd fel a teljes Word Colony gy\u0171jtem\u00e9nyt, \u00e9s h\u00edvd \u00e1t bar\u00e1taidat egy j\u00e1t\u00e9kra!<\/p>\n<p>Word Colony\u00ae Fantasy Animals b\u0151v\u00edt\u00e9s<\/p>\n<p>Word Colony\u00ae Emberi test kiterjeszt\u00e9s<\/p>\n<p>Tal\u00e1lm\u00e1nyok \u00e9s feltal\u00e1l\u00f3k kiterjeszt\u00e9se Word Colony\u00ae<\/p>\n<p>Gasztron\u00f3mia a vil\u00e1gt\u00e9rk\u00e9p kiterjeszt\u00e9se Word Colony\u00ae<\/p>\n<p>Around the World Extension Word Colony\u00ae<\/p>\n","protected":false},"excerpt":{"rendered":"<p>Azt hiszed, okos vagy? Fedezz fel \u00faj dolgokat a k\u00f6r\u00fcl\u00f6tted l\u00e9v\u0151 vil\u00e1gr\u00f3l interakt\u00edv m\u00f3don, bar\u00e1taiddal vagy csal\u00e1doddal egy\u00fctt! V\u00e1laszoljon helyesen<\/p>\n","protected":false},"featured_media":37517,"template":"","meta":[],"product_brand":[],"product_cat":[1860,1861,1859,1858,1939],"product_tag":[],"class_list":{"0":"post-40544","1":"product","2":"type-product","3":"status-publish","4":"has-post-thumbnail","6":"product_cat-csaladi-jatekok","7":"product_cat-edukativ-es-kvizjatekok","8":"product_cat-party-jatekok","9":"product_cat-tarsasjatekok","10":"product_cat-uncategorized-hu","11":"pa_brand-d_toys-hu","12":"pa_country_of_manufacture-ro-hu","13":"pa_filter_age-14-hu","14":"pa_filter_age-18-hu","15":"pa_filter_age-9_14-hu","16":"pa_tip_ambalaj-doboz","18":"first","19":"instock","20":"taxable","21":"shipping-taxable","22":"product-type-simple"},"yoast_head":"<!-- This site is optimized with the Yoast SEO plugin v20.1 - https:\/\/yoast.com\/wordpress\/plugins\/seo\/ -->\n<title>Word Colony t\u00e1rsasj\u00e1t\u00e9k, alapj\u00e1t\u00e9k, 2. kiad\u00e1s Original RO, 2-4 j\u00e1t\u00e9kos<\/title>\n<meta name=\"description\" content=\"Word Colony t\u00e1rsasj\u00e1t\u00e9k, alapj\u00e1t\u00e9k, 2. kiad\u00e1s Original RO, 2-4 j\u00e1t\u00e9kos\" \/>\n<meta name=\"robots\" content=\"index, follow, max-snippet:-1, max-image-preview:large, max-video-preview:-1\" \/>\n<link rel=\"canonical\" href=\"https:\/\/business.roovi.com\/hu\/word-colony-tarsasjatek-alapjatek-2-kiadas-original-ro-2-4-jatekos\/p\/\" \/>\n<meta property=\"og:locale\" content=\"hu_HU\" \/>\n<meta property=\"og:type\" content=\"article\" \/>\n<meta property=\"og:title\" content=\"Word Colony t\u00e1rsasj\u00e1t\u00e9k, alapj\u00e1t\u00e9k, 2. kiad\u00e1s Original RO, 2-4 j\u00e1t\u00e9kos\" \/>\n<meta property=\"og:description\" content=\"Word Colony t\u00e1rsasj\u00e1t\u00e9k, alapj\u00e1t\u00e9k, 2. kiad\u00e1s Original RO, 2-4 j\u00e1t\u00e9kos\" \/>\n<meta property=\"og:url\" content=\"https:\/\/business.roovi.com\/hu\/word-colony-tarsasjatek-alapjatek-2-kiadas-original-ro-2-4-jatekos\/p\/\" \/>\n<meta property=\"og:site_name\" content=\"Roovi B2B\" \/>\n<meta property=\"article:publisher\" content=\"https:\/\/www.facebook.com\/wwwjucariero\" \/>\n<meta property=\"article:modified_time\" content=\"2022-07-06T15:19:25+00:00\" \/>\n<meta property=\"og:image\" content=\"https:\/\/business.roovi.com\/wp-content\/uploads\/2018\/05\/1-jocul-de-baza-word-colony-v2-700x700-1.webp\" \/>\n\t<meta property=\"og:image:width\" content=\"700\" \/>\n\t<meta property=\"og:image:height\" content=\"700\" \/>\n\t<meta property=\"og:image:type\" content=\"image\/webp\" \/>\n<meta name=\"twitter:label1\" content=\"Becs\u00fclt olvas\u00e1si id\u0151\" \/>\n\t<meta name=\"twitter:data1\" content=\"3 perc\" \/>\n<script type=\"application\/ld+json\" class=\"yoast-schema-graph\">{\"@context\":\"https:\/\/schema.org\",\"@graph\":[{\"@type\":\"WebPage\",\"@id\":\"https:\/\/business.roovi.com\/hu\/word-colony-tarsasjatek-alapjatek-2-kiadas-original-ro-2-4-jatekos\/p\/\",\"url\":\"https:\/\/business.roovi.com\/hu\/word-colony-tarsasjatek-alapjatek-2-kiadas-original-ro-2-4-jatekos\/p\/\",\"name\":\"Word Colony t\u00e1rsasj\u00e1t\u00e9k, alapj\u00e1t\u00e9k, 2. kiad\u00e1s Original RO, 2-4 j\u00e1t\u00e9kos\",\"isPartOf\":{\"@id\":\"https:\/\/business.roovi.com\/hu\/#website\"},\"datePublished\":\"2018-05-26T08:30:52+00:00\",\"dateModified\":\"2022-07-06T15:19:25+00:00\",\"description\":\"Word Colony t\u00e1rsasj\u00e1t\u00e9k, alapj\u00e1t\u00e9k, 2. kiad\u00e1s Original RO, 2-4 j\u00e1t\u00e9kos\",\"breadcrumb\":{\"@id\":\"https:\/\/business.roovi.com\/hu\/word-colony-tarsasjatek-alapjatek-2-kiadas-original-ro-2-4-jatekos\/p\/#breadcrumb\"},\"inLanguage\":\"hu\",\"potentialAction\":[{\"@type\":\"ReadAction\",\"target\":[\"https:\/\/business.roovi.com\/hu\/word-colony-tarsasjatek-alapjatek-2-kiadas-original-ro-2-4-jatekos\/p\/\"]}]},{\"@type\":\"BreadcrumbList\",\"@id\":\"https:\/\/business.roovi.com\/hu\/word-colony-tarsasjatek-alapjatek-2-kiadas-original-ro-2-4-jatekos\/p\/#breadcrumb\",\"itemListElement\":[{\"@type\":\"ListItem\",\"position\":1,\"name\":\"Home\",\"item\":\"https:\/\/business.roovi.com\/hu\/\"},{\"@type\":\"ListItem\",\"position\":2,\"name\":\"Shop\",\"item\":\"https:\/\/business.roovi.com\/hu\/shop\/\"},{\"@type\":\"ListItem\",\"position\":3,\"name\":\"Word Colony t\u00e1rsasj\u00e1t\u00e9k, alapj\u00e1t\u00e9k, 2. kiad\u00e1s Original RO, 2-4 j\u00e1t\u00e9kos\"}]},{\"@type\":\"WebSite\",\"@id\":\"https:\/\/business.roovi.com\/hu\/#website\",\"url\":\"https:\/\/business.roovi.com\/hu\/\",\"name\":\"Roovi B2B\",\"description\":\"Roovi Business Website\",\"potentialAction\":[{\"@type\":\"SearchAction\",\"target\":{\"@type\":\"EntryPoint\",\"urlTemplate\":\"https:\/\/business.roovi.com\/hu\/?s={search_term_string}\"},\"query-input\":\"required name=search_term_string\"}],\"inLanguage\":\"hu\"}]}<\/script>\n<!-- \/ Yoast SEO plugin. -->","yoast_head_json":{"title":"Word Colony t\u00e1rsasj\u00e1t\u00e9k, alapj\u00e1t\u00e9k, 2. kiad\u00e1s Original RO, 2-4 j\u00e1t\u00e9kos","description":"Word Colony t\u00e1rsasj\u00e1t\u00e9k, alapj\u00e1t\u00e9k, 2. kiad\u00e1s Original RO, 2-4 j\u00e1t\u00e9kos","robots":{"index":"index","follow":"follow","max-snippet":"max-snippet:-1","max-image-preview":"max-image-preview:large","max-video-preview":"max-video-preview:-1"},"canonical":"https:\/\/business.roovi.com\/hu\/word-colony-tarsasjatek-alapjatek-2-kiadas-original-ro-2-4-jatekos\/p\/","og_locale":"hu_HU","og_type":"article","og_title":"Word Colony t\u00e1rsasj\u00e1t\u00e9k, alapj\u00e1t\u00e9k, 2. kiad\u00e1s Original RO, 2-4 j\u00e1t\u00e9kos","og_description":"Word Colony t\u00e1rsasj\u00e1t\u00e9k, alapj\u00e1t\u00e9k, 2. kiad\u00e1s Original RO, 2-4 j\u00e1t\u00e9kos","og_url":"https:\/\/business.roovi.com\/hu\/word-colony-tarsasjatek-alapjatek-2-kiadas-original-ro-2-4-jatekos\/p\/","og_site_name":"Roovi B2B","article_publisher":"https:\/\/www.facebook.com\/wwwjucariero","article_modified_time":"2022-07-06T15:19:25+00:00","og_image":[{"width":700,"height":700,"url":"https:\/\/business.roovi.com\/wp-content\/uploads\/2018\/05\/1-jocul-de-baza-word-colony-v2-700x700-1.webp","type":"image\/webp"}],"twitter_misc":{"Becs\u00fclt olvas\u00e1si id\u0151":"3 perc"},"schema":{"@context":"https:\/\/schema.org","@graph":[{"@type":"WebPage","@id":"https:\/\/business.roovi.com\/hu\/word-colony-tarsasjatek-alapjatek-2-kiadas-original-ro-2-4-jatekos\/p\/","url":"https:\/\/business.roovi.com\/hu\/word-colony-tarsasjatek-alapjatek-2-kiadas-original-ro-2-4-jatekos\/p\/","name":"Word Colony t\u00e1rsasj\u00e1t\u00e9k, alapj\u00e1t\u00e9k, 2. kiad\u00e1s Original RO, 2-4 j\u00e1t\u00e9kos","isPartOf":{"@id":"https:\/\/business.roovi.com\/hu\/#website"},"datePublished":"2018-05-26T08:30:52+00:00","dateModified":"2022-07-06T15:19:25+00:00","description":"Word Colony t\u00e1rsasj\u00e1t\u00e9k, alapj\u00e1t\u00e9k, 2. kiad\u00e1s Original RO, 2-4 j\u00e1t\u00e9kos","breadcrumb":{"@id":"https:\/\/business.roovi.com\/hu\/word-colony-tarsasjatek-alapjatek-2-kiadas-original-ro-2-4-jatekos\/p\/#breadcrumb"},"inLanguage":"hu","potentialAction":[{"@type":"ReadAction","target":["https:\/\/business.roovi.com\/hu\/word-colony-tarsasjatek-alapjatek-2-kiadas-original-ro-2-4-jatekos\/p\/"]}]},{"@type":"BreadcrumbList","@id":"https:\/\/business.roovi.com\/hu\/word-colony-tarsasjatek-alapjatek-2-kiadas-original-ro-2-4-jatekos\/p\/#breadcrumb","itemListElement":[{"@type":"ListItem","position":1,"name":"Home","item":"https:\/\/business.roovi.com\/hu\/"},{"@type":"ListItem","position":2,"name":"Shop","item":"https:\/\/business.roovi.com\/hu\/shop\/"},{"@type":"ListItem","position":3,"name":"Word Colony t\u00e1rsasj\u00e1t\u00e9k, alapj\u00e1t\u00e9k, 2. kiad\u00e1s Original RO, 2-4 j\u00e1t\u00e9kos"}]},{"@type":"WebSite","@id":"https:\/\/business.roovi.com\/hu\/#website","url":"https:\/\/business.roovi.com\/hu\/","name":"Roovi B2B","description":"Roovi Business Website","potentialAction":[{"@type":"SearchAction","target":{"@type":"EntryPoint","urlTemplate":"https:\/\/business.roovi.com\/hu\/?s={search_term_string}"},"query-input":"required name=search_term_string"}],"inLanguage":"hu"}]}},"_links":{"self":[{"href":"https:\/\/business.roovi.com\/hu\/wp-json\/wp\/v2\/product\/40544","targetHints":{"allow":["GET"]}}],"collection":[{"href":"https:\/\/business.roovi.com\/hu\/wp-json\/wp\/v2\/product"}],"about":[{"href":"https:\/\/business.roovi.com\/hu\/wp-json\/wp\/v2\/types\/product"}],"version-history":[{"count":0,"href":"https:\/\/business.roovi.com\/hu\/wp-json\/wp\/v2\/product\/40544\/revisions"}],"wp:featuredmedia":[{"embeddable":true,"href":"https:\/\/business.roovi.com\/hu\/wp-json\/wp\/v2\/media\/37517"}],"wp:attachment":[{"href":"https:\/\/business.roovi.com\/hu\/wp-json\/wp\/v2\/media?parent=40544"}],"wp:term":[{"taxonomy":"product_brand","embeddable":true,"href":"https:\/\/business.roovi.com\/hu\/wp-json\/wp\/v2\/product_brand?post=40544"},{"taxonomy":"product_cat","embeddable":true,"href":"https:\/\/business.roovi.com\/hu\/wp-json\/wp\/v2\/product_cat?post=40544"},{"taxonomy":"product_tag","embeddable":true,"href":"https:\/\/business.roovi.com\/hu\/wp-json\/wp\/v2\/product_tag?post=40544"}],"curies":[{"name":"wp","href":"https:\/\/api.w.org\/{rel}","templated":true}]}}