{"id":40576,"date":"2018-04-16T10:56:18","date_gmt":"2018-04-16T10:56:18","guid":{"rendered":"https:\/\/business.roovi.com\/puzzle-adulti-1000-piese-muzeul-luvru\/p\/"},"modified":"2022-10-19T08:06:05","modified_gmt":"2022-10-19T08:06:05","slug":"felnott-1000-darabos-puzzle-louvre-muzeum","status":"publish","type":"product","link":"https:\/\/business.roovi.com\/hu\/felnott-1000-darabos-puzzle-louvre-muzeum\/p\/","title":{"rendered":"Feln\u0151tt 1000 darabos puzzle Louvre M\u00fazeum"},"content":{"rendered":"<p><strong><em>A vil\u00e1g legh\u00edresebb m\u00fazeum\u00e1nak megl\u00e1togat\u00e1sa leny\u0171g\u00f6z\u0151, de milyen lenne, ha minden nap megcsod\u00e1lhatn\u00e1nk ezt az ikonikus m\u0171eml\u00e9ket? Rakd rendbe az 1000 darabos kirak\u00f3j\u00e1t\u00e9k darabjait, \u00e9s \u00e9lvezd a Louvre impoz\u00e1ns \u00e9p\u00fclet\u00e9nek eredeti festm\u00e9ny\u00e9t.<\/em><\/strong><\/p>\n<p><span style=\"font-weight: 400;\">A Mona Lisa, a Mil\u00f3i V\u00e9nusz \u00e9s a legkor\u00e1bbi t\u00f6rt\u00e9nelmi id\u0151kb\u0151l sz\u00e1rmaz\u00f3 mesterm\u0171vek ezrei k\u00f6z\u00f6tt gy\u00f6ny\u00f6rk\u00f6dni igazi \u00e9lvezet. De ha az id\u0151 nem engedi, vagy ha \u00f6r\u00f6kre meg akarja \u0151rizni Eur\u00f3pa legl\u00e1togatottabb m\u00fazeum\u00e1nak k\u00e9p\u00e9t, a Louvre M\u00fazeum 1000 darabos puzzle-ja m\u00e9lt\u00f3 alternat\u00edva.<\/span><\/p>\n<p><span style=\"font-weight: 400;\">A kiv\u00e1l\u00f3 min\u0151s\u00e9g\u0171 kartondarabok prec\u00edzen vannak kiv\u00e1gva \u00e9s t\u00f6k\u00e9letesen illeszkednek egym\u00e1shoz, \u00edgy az \u00edgy kapott k\u00e9p egy igazi mesterm\u0171. A Louvre Museum 1000 Piece Adult Puzzle 1000 Piece feln\u0151tt puzzle-b\u00f3l kapott kiv\u00e1l\u00f3 k\u00e9pet egy kiv\u00e1l\u00f3 d\u00edszt\u00e1rggy\u00e1 alak\u00edthatod, amely szem\u00e9lyis\u00e9get k\u00f6lcs\u00f6n\u00f6z minden olyan helynek, ahol ki\u00e1ll\u00edtod.<\/span><\/p>\n<p><span style=\"font-weight: 400;\">Azt mondj\u00e1k, hogy a m\u00fazeumban ki\u00e1ll\u00edtott \u00f6sszes darab megtekint\u00e9s\u00e9hez 100 napra lenne sz\u00fcks\u00e9g! Ez akkor lenne \u00edgy, ha 30 m\u00e1sodpercig \u00fcln\u00e9nek \u00e9s csod\u00e1ln\u00e1nak minden egyes remekm\u0171vet, \u00e9s ennyi. A Louvre M\u00fazeum 1000 darabos kirak\u00f3s j\u00e1t\u00e9k\u00e1val ak\u00e1r 30 \u00f3r\u00e1nyi kikapcsol\u00f3d\u00e1st is garant\u00e1lunk. Ak\u00e1r m\u00e1r puzzle-szak\u00e9rt\u0151 vagy, ak\u00e1r szeretteiddel rakod \u00f6ssze, az id\u0151 sokkal r\u00f6videbb. V\u00e1lassza teh\u00e1t ezt a csod\u00e1latos feln\u0151tt puzzle-t, \u00e9s tegye sz\u00e1mottev\u0151v\u00e9 a szabadidej\u00e9t.<\/span><\/p>\n<p><strong>Jellemz\u0151k 1000 darabos feln\u0151tt puzzle Louvre m\u00fazeum<\/strong><\/p>\n<p><strong>A rekonstru\u00e1lt k\u00e9p m\u00e9rete: 68 x 47 cm.<\/strong><\/p>\n<p><strong>Puzzle anyag <\/strong><\/p>\n<p><strong>kiv\u00e1l\u00f3 min\u0151s\u00e9g\u0171 k\u00e9k karton<\/strong><\/p>\n<p><strong>fenntarthat\u00f3, \u00fajrahasznos\u00edthat\u00f3 anyagok<\/strong><\/p>\n<p><strong>f\u00e9lf\u00e9nyes kivitel, \u00e9l\u00e9nk sz\u00ednek<\/strong><\/p>\n<p><strong>A kirak\u00f3s darabok sz\u00e1ma: 1000<\/strong><\/p>\n<p><strong>Aj\u00e1nlott \u00e9letkor: 14+<\/strong><\/p>\n<p><span style=\"font-weight: 400;\">A kirak\u00f3s j\u00e1t\u00e9kok sz\u00e1mos el\u0151nyt k\u00edn\u00e1lnak, amelyek k\u00fcl\u00f6nb\u00f6z\u0151 szinteken t\u00fckr\u00f6z\u0151dnek:<\/span><\/p>\n<ul>\n<li><span style=\"font-weight: 400;\">Csod\u00e1latos m\u00f3dja a pihen\u00e9snek \u00e9s a kikapcsol\u00f3d\u00e1snak.<\/span><\/li>\n<li><span style=\"font-weight: 400;\">Ez fejleszti a r\u00e9szletekre val\u00f3 odafigyel\u00e9st, a t\u00fcrelmet \u00e9s a kitart\u00e1st.<\/span><\/li>\n<li><span style=\"font-weight: 400;\">Ezek kiv\u00e1l\u00f3 szellemi edz\u00e9snek sz\u00e1m\u00edtanak, \u00e9s \u00e9lesen tartj\u00e1k a mem\u00f3ri\u00e1t.<\/span><\/li>\n<li><span style=\"font-weight: 400;\">Seg\u00edtenek jav\u00edtani a probl\u00e9mamegold\u00f3 k\u00e9szs\u00e9g\u00e9t.<\/span><\/li>\n<li><span style=\"font-weight: 400;\">Lehet\u0151s\u00e9get adhatnak arra, hogy szabadid\u0151t t\u00f6lts\u00f6n a tizen\u00e9vesekkel.<\/span><\/li>\n<\/ul>\n<p><strong>Tudtad, hogy..<\/strong><\/p>\n<p><span style=\"font-weight: 400;\">A Louvre M\u00fazeum eredetileg v\u00e9delmi er\u0151d\u00edtm\u00e9nynek \u00e9p\u00fclt. A m\u00fazeumot az \u00e9vek sor\u00e1n t\u00f6bbf\u00e9lek\u00e9ppen haszn\u00e1lt\u00e1k: a 16. sz\u00e1zadban kir\u00e1lyi rezidencia volt, a m\u00e1sodik vil\u00e1gh\u00e1bor\u00fa alatt pedig a n\u00e1cik haszn\u00e1lt\u00e1k lopott m\u0171kincsek rakt\u00e1rak\u00e9nt.<\/span><\/p>\n<p><span style=\"font-weight: 400;\">Nap\u00f3leon idej\u00e9n a Louvre-t \u00e1tnevezt\u00e9k, mi m\u00e1sra, mint&#8230; Nap\u00f3leon M\u00fazeumra!<\/span><\/p>\n<p><span style=\"font-weight: 400;\">A Mona Lis\u00e1t goly\u00f3\u00e1ll\u00f3 \u00fcveg v\u00e9di, \u00e9s saj\u00e1t test\u0151rei vannak.<\/span><\/p>\n<p><span style=\"font-weight: 400;\">A m\u00fazeum el\u0151tti \u00fcvegpiramis 1989-ben \u00e9p\u00fclt egy k\u00ednai \u00e9p\u00edt\u00e9sz \u00e1ltal.<\/span><\/p>\n<p><span style=\"font-weight: 400;\">A m\u00fazeum sz\u00e1mtalan egyiptomi m\u0171kincsnek ad otthont, \u00edgy a vil\u00e1g egyik legh\u00edresebb gy\u0171jtem\u00e9nye.<\/span><\/p>\n<p><strong>A Louvre M\u00fazeum 1000 darabos kirak\u00f3ja sz\u00f3rakoztat\u00f3, csal\u00e1di sz\u00f3rakoz\u00e1s<\/strong><\/p>\n<p><span style=\"font-weight: 400;\">Szeretn\u00e9l t\u00f6bb id\u0151t t\u00f6lteni a gyerekeiddel, \u00e9s olyan tev\u00e9kenys\u00e9get keresel, ami t\u00e1vol tartja \u0151ket a k\u00e9perny\u0151kt\u0151l? V\u00e1lassza a Louvre M\u00fazeum 1000 darabos puzzle-t, \u00e9s k\u00e9sz\u00edtsenek egy\u00fctt egy sikeres festm\u00e9nyt. K\u00e9pzelje el, hogy mindannyian Eur\u00f3pa legnagyobb m\u00fazeum\u00e1ban s\u00e9t\u00e1lnak, \u00e9s \u00e9lvezik a ki\u00e1ll\u00edtott m\u0171vek mindegyik\u00e9t.<\/span><\/p>\n<p><span style=\"font-weight: 400;\">Ez a kirak\u00f3s j\u00e1t\u00e9k t\u00f6bb mint fant\u00e1ziagyakorlat, az \u00f6sszerak\u00e1s igazi \u00e1ld\u00e1s a szemednek is, hiszen a k\u00e9perny\u0151k k\u00e9k f\u00e9ny\u00e9t\u0151l t\u00e1vol \u00fclve pihenheted ki magad a sok \u00f3r\u00e1nyi kem\u00e9ny munka ut\u00e1n.<\/span><\/p>\n<p><span style=\"font-weight: 400;\">A Louvre M\u00fazeum 1000 darabos puzzle teh\u00e1t t\u00f6k\u00e9letes v\u00e1laszt\u00e1s, ha feln\u0151tt puzzle-rajong\u00f3 vagy, \u00e9s szeretn\u00e9l n\u00e9h\u00e1ny \u00f3r\u00e1ra kikapcsol\u00f3dni a mindennapokb\u00f3l, vagy ha a csal\u00e1dban szeretn\u00e9d megt\u00f6rni a monotonit\u00e1st. Ez a k\u00fcl\u00f6nleges kirak\u00f3s j\u00e1t\u00e9k remek aj\u00e1nd\u00e9k lehet \u00fcnnepekre vagy \u00e9vfordul\u00f3kra is.<\/span><\/p>\n","protected":false},"excerpt":{"rendered":"<p>A vil\u00e1g legh\u00edresebb m\u00fazeum\u00e1nak megl\u00e1togat\u00e1sa leny\u0171g\u00f6z\u0151, de milyen lenne, ha minden nap megcsod\u00e1lhatn\u00e1nk ezt az ikonikus m\u0171eml\u00e9ket? Rakd rendbe az<\/p>\n","protected":false},"featured_media":58407,"template":"","meta":[],"product_brand":[],"product_cat":[1920,1919,1881],"product_tag":[],"class_list":{"0":"post-40576","1":"product","2":"type-product","3":"status-publish","4":"has-post-thumbnail","6":"product_cat-1000-darabos-kirakos-jatek","7":"product_cat-felnott-kirakos-jatekok","8":"product_cat-kirakos-jatekok","9":"pa_bax-8-hu","10":"pa_brand-deico-hu","11":"pa_country_of_manufacture-ro-hu","12":"pa_filter_age-14-hu","13":"pa_painter-europe-hu","14":"pa_tip_ambalaj-doboz","15":"pa_tip_puzzle-klasszikus","17":"first","18":"instock","19":"taxable","20":"shipping-taxable","21":"product-type-simple"},"yoast_head":"<!-- This site is optimized with the Yoast SEO plugin v20.1 - https:\/\/yoast.com\/wordpress\/plugins\/seo\/ -->\n<title>Feln\u0151tt 1000 darabos puzzle Louvre M\u00fazeum<\/title>\n<meta name=\"description\" content=\"Feln\u0151tt 1000 darabos puzzle Louvre M\u00fazeum\" \/>\n<meta name=\"robots\" content=\"index, follow, max-snippet:-1, max-image-preview:large, max-video-preview:-1\" \/>\n<link rel=\"canonical\" href=\"https:\/\/business.roovi.com\/hu\/felnott-1000-darabos-puzzle-louvre-muzeum\/p\/\" \/>\n<meta property=\"og:locale\" content=\"hu_HU\" \/>\n<meta property=\"og:type\" content=\"article\" \/>\n<meta property=\"og:title\" content=\"Feln\u0151tt 1000 darabos puzzle Louvre M\u00fazeum\" \/>\n<meta property=\"og:description\" content=\"Feln\u0151tt 1000 darabos puzzle Louvre M\u00fazeum\" \/>\n<meta property=\"og:url\" content=\"https:\/\/business.roovi.com\/hu\/felnott-1000-darabos-puzzle-louvre-muzeum\/p\/\" \/>\n<meta property=\"og:site_name\" content=\"Roovi B2B\" \/>\n<meta property=\"article:publisher\" content=\"https:\/\/www.facebook.com\/wwwjucariero\" \/>\n<meta property=\"article:modified_time\" content=\"2022-10-19T08:06:05+00:00\" \/>\n<meta property=\"og:image\" content=\"https:\/\/business.roovi.com\/wp-content\/uploads\/2018\/04\/75772-Ansamblu_dimensiuni-cutie-cm_orizontal-4.png\" \/>\n\t<meta property=\"og:image:width\" content=\"1200\" \/>\n\t<meta property=\"og:image:height\" content=\"1200\" \/>\n\t<meta property=\"og:image:type\" content=\"image\/png\" \/>\n<meta name=\"twitter:label1\" content=\"Becs\u00fclt olvas\u00e1si id\u0151\" \/>\n\t<meta name=\"twitter:data1\" content=\"3 perc\" \/>\n<script type=\"application\/ld+json\" class=\"yoast-schema-graph\">{\"@context\":\"https:\/\/schema.org\",\"@graph\":[{\"@type\":\"WebPage\",\"@id\":\"https:\/\/business.roovi.com\/hu\/felnott-1000-darabos-puzzle-louvre-muzeum\/p\/\",\"url\":\"https:\/\/business.roovi.com\/hu\/felnott-1000-darabos-puzzle-louvre-muzeum\/p\/\",\"name\":\"Feln\u0151tt 1000 darabos puzzle Louvre M\u00fazeum\",\"isPartOf\":{\"@id\":\"https:\/\/business.roovi.com\/hu\/#website\"},\"datePublished\":\"2018-04-16T10:56:18+00:00\",\"dateModified\":\"2022-10-19T08:06:05+00:00\",\"description\":\"Feln\u0151tt 1000 darabos puzzle Louvre M\u00fazeum\",\"breadcrumb\":{\"@id\":\"https:\/\/business.roovi.com\/hu\/felnott-1000-darabos-puzzle-louvre-muzeum\/p\/#breadcrumb\"},\"inLanguage\":\"hu\",\"potentialAction\":[{\"@type\":\"ReadAction\",\"target\":[\"https:\/\/business.roovi.com\/hu\/felnott-1000-darabos-puzzle-louvre-muzeum\/p\/\"]}]},{\"@type\":\"BreadcrumbList\",\"@id\":\"https:\/\/business.roovi.com\/hu\/felnott-1000-darabos-puzzle-louvre-muzeum\/p\/#breadcrumb\",\"itemListElement\":[{\"@type\":\"ListItem\",\"position\":1,\"name\":\"Home\",\"item\":\"https:\/\/business.roovi.com\/hu\/\"},{\"@type\":\"ListItem\",\"position\":2,\"name\":\"Shop\",\"item\":\"https:\/\/business.roovi.com\/hu\/shop\/\"},{\"@type\":\"ListItem\",\"position\":3,\"name\":\"Feln\u0151tt 1000 darabos puzzle Louvre M\u00fazeum\"}]},{\"@type\":\"WebSite\",\"@id\":\"https:\/\/business.roovi.com\/hu\/#website\",\"url\":\"https:\/\/business.roovi.com\/hu\/\",\"name\":\"Roovi B2B\",\"description\":\"Roovi Business Website\",\"potentialAction\":[{\"@type\":\"SearchAction\",\"target\":{\"@type\":\"EntryPoint\",\"urlTemplate\":\"https:\/\/business.roovi.com\/hu\/?s={search_term_string}\"},\"query-input\":\"required name=search_term_string\"}],\"inLanguage\":\"hu\"}]}<\/script>\n<!-- \/ Yoast SEO plugin. -->","yoast_head_json":{"title":"Feln\u0151tt 1000 darabos puzzle Louvre M\u00fazeum","description":"Feln\u0151tt 1000 darabos puzzle Louvre M\u00fazeum","robots":{"index":"index","follow":"follow","max-snippet":"max-snippet:-1","max-image-preview":"max-image-preview:large","max-video-preview":"max-video-preview:-1"},"canonical":"https:\/\/business.roovi.com\/hu\/felnott-1000-darabos-puzzle-louvre-muzeum\/p\/","og_locale":"hu_HU","og_type":"article","og_title":"Feln\u0151tt 1000 darabos puzzle Louvre M\u00fazeum","og_description":"Feln\u0151tt 1000 darabos puzzle Louvre M\u00fazeum","og_url":"https:\/\/business.roovi.com\/hu\/felnott-1000-darabos-puzzle-louvre-muzeum\/p\/","og_site_name":"Roovi B2B","article_publisher":"https:\/\/www.facebook.com\/wwwjucariero","article_modified_time":"2022-10-19T08:06:05+00:00","og_image":[{"width":1200,"height":1200,"url":"https:\/\/business.roovi.com\/wp-content\/uploads\/2018\/04\/75772-Ansamblu_dimensiuni-cutie-cm_orizontal-4.png","type":"image\/png"}],"twitter_misc":{"Becs\u00fclt olvas\u00e1si id\u0151":"3 perc"},"schema":{"@context":"https:\/\/schema.org","@graph":[{"@type":"WebPage","@id":"https:\/\/business.roovi.com\/hu\/felnott-1000-darabos-puzzle-louvre-muzeum\/p\/","url":"https:\/\/business.roovi.com\/hu\/felnott-1000-darabos-puzzle-louvre-muzeum\/p\/","name":"Feln\u0151tt 1000 darabos puzzle Louvre M\u00fazeum","isPartOf":{"@id":"https:\/\/business.roovi.com\/hu\/#website"},"datePublished":"2018-04-16T10:56:18+00:00","dateModified":"2022-10-19T08:06:05+00:00","description":"Feln\u0151tt 1000 darabos puzzle Louvre M\u00fazeum","breadcrumb":{"@id":"https:\/\/business.roovi.com\/hu\/felnott-1000-darabos-puzzle-louvre-muzeum\/p\/#breadcrumb"},"inLanguage":"hu","potentialAction":[{"@type":"ReadAction","target":["https:\/\/business.roovi.com\/hu\/felnott-1000-darabos-puzzle-louvre-muzeum\/p\/"]}]},{"@type":"BreadcrumbList","@id":"https:\/\/business.roovi.com\/hu\/felnott-1000-darabos-puzzle-louvre-muzeum\/p\/#breadcrumb","itemListElement":[{"@type":"ListItem","position":1,"name":"Home","item":"https:\/\/business.roovi.com\/hu\/"},{"@type":"ListItem","position":2,"name":"Shop","item":"https:\/\/business.roovi.com\/hu\/shop\/"},{"@type":"ListItem","position":3,"name":"Feln\u0151tt 1000 darabos puzzle Louvre M\u00fazeum"}]},{"@type":"WebSite","@id":"https:\/\/business.roovi.com\/hu\/#website","url":"https:\/\/business.roovi.com\/hu\/","name":"Roovi B2B","description":"Roovi Business Website","potentialAction":[{"@type":"SearchAction","target":{"@type":"EntryPoint","urlTemplate":"https:\/\/business.roovi.com\/hu\/?s={search_term_string}"},"query-input":"required name=search_term_string"}],"inLanguage":"hu"}]}},"_links":{"self":[{"href":"https:\/\/business.roovi.com\/hu\/wp-json\/wp\/v2\/product\/40576","targetHints":{"allow":["GET"]}}],"collection":[{"href":"https:\/\/business.roovi.com\/hu\/wp-json\/wp\/v2\/product"}],"about":[{"href":"https:\/\/business.roovi.com\/hu\/wp-json\/wp\/v2\/types\/product"}],"version-history":[{"count":0,"href":"https:\/\/business.roovi.com\/hu\/wp-json\/wp\/v2\/product\/40576\/revisions"}],"wp:featuredmedia":[{"embeddable":true,"href":"https:\/\/business.roovi.com\/hu\/wp-json\/wp\/v2\/media\/58407"}],"wp:attachment":[{"href":"https:\/\/business.roovi.com\/hu\/wp-json\/wp\/v2\/media?parent=40576"}],"wp:term":[{"taxonomy":"product_brand","embeddable":true,"href":"https:\/\/business.roovi.com\/hu\/wp-json\/wp\/v2\/product_brand?post=40576"},{"taxonomy":"product_cat","embeddable":true,"href":"https:\/\/business.roovi.com\/hu\/wp-json\/wp\/v2\/product_cat?post=40576"},{"taxonomy":"product_tag","embeddable":true,"href":"https:\/\/business.roovi.com\/hu\/wp-json\/wp\/v2\/product_tag?post=40576"}],"curies":[{"name":"wp","href":"https:\/\/api.w.org\/{rel}","templated":true}]}}