{"id":40588,"date":"2018-04-16T10:56:18","date_gmt":"2018-04-16T10:56:18","guid":{"rendered":"https:\/\/business.roovi.com\/puzzle-adulti-1000-piese-classic-tales-pinocchio\/p\/"},"modified":"2022-07-06T15:24:23","modified_gmt":"2022-07-06T15:24:23","slug":"klasszikus-mesek-1000-darabos-felnott-puzzle-pinokkio","status":"publish","type":"product","link":"https:\/\/business.roovi.com\/hu\/klasszikus-mesek-1000-darabos-felnott-puzzle-pinokkio\/p\/","title":{"rendered":"Klasszikus mes\u00e9k 1000 darabos feln\u0151tt puzzle &#8211; Pinokki\u00f3"},"content":{"rendered":"<p><span style=\"font-weight: 400\">Szereted a mes\u00e9ket, \u00e9s szeretn\u00e9d fel\u00e9breszteni a benned lakoz\u00f3 gyermeket? Elk\u00e9sz\u00edtett\u00fcnk egy 1000 darabos kirak\u00f3t, amely a Pinokki\u00f3 aranyos t\u00f6rt\u00e9net\u00e9nek egy jelenet\u00e9t \u00e1br\u00e1zolja nagyszer\u0171 grafik\u00e1val. T\u00f6ltsd ki a k\u00e9pet ebben a csod\u00e1latos feln\u0151tt puzzle-ben, \u00e9s hagyd, hogy elragadjon a mes\u00e9k leny\u0171g\u00f6z\u0151 vil\u00e1ga.<\/span><\/p>\n<p><span style=\"font-weight: 400\">Biztos, hogy Pinokki\u00f3 boh\u00f3ckod\u00e1sai m\u00e9g most is sz\u00f3rakoztatnak \u00e9s gy\u00f6ny\u00f6rk\u00f6dtetnek. \u00d6r\u00f6m\u00f6dre szolg\u00e1l majd, hogy az 1000 darabos Pinokki\u00f3 kirak\u00f3sban megtal\u00e1lod gyermekkorod ikonikus t\u00f6rt\u00e9net\u00e9t <\/span><\/p>\n<p><span style=\"font-weight: 400\">Sokat hallott\u00e1l m\u00e1r Pinokki\u00f3r\u00f3l, rengeteg film \u00e9s \u00fajraj\u00e1tsz\u00e1s k\u00e9sz\u00fclt err\u0151l a csod\u00e1latos t\u00f6rt\u00e9netr\u0151l, \u00e9s azt hitted, hogy m\u00e1r semmi sem tud meglepni. Rakd \u00f6ssze a feln\u0151tt Pinokki\u00f3 puzzle-t, \u00e9s egy leny\u0171g\u00f6z\u0151 anim\u00e1ci\u00f3s k\u00e9pet fedezhetsz fel egy kort\u00e1rs m\u0171v\u00e9sz szemsz\u00f6g\u00e9b\u0151l.<\/span><\/p>\n<p><span style=\"font-weight: 400\">\u00c1ll\u00edtsd \u00f6ssze a Pinokki\u00f3 kalandjai jelenetk\u00e9pet a gyerekekkel. \u00c9lvezni fogj\u00e1k a mesemond\u00e1st \u00e9s a min\u0151s\u00e9gi egy\u00fctt t\u00f6lt\u00f6tt id\u0151t egy aranyos \u00e9s huncut figur\u00e1val.<\/span><\/p>\n<p><strong>Mi\u00e9rt v\u00e1lassza a Classic Tales &#8211; Pinocchio 1000 darabos puzzle-t?<\/strong><\/p>\n<p><span style=\"font-weight: 400\">Egy mes\u00e9s 50 x 70 cm-es k\u00e9pet kapsz, amellyel d\u00edsz\u00edtheted a gyerekszob\u00e1t.<\/span><\/p>\n<p><span style=\"font-weight: 400\">A darabok kiv\u00e1l\u00f3 min\u0151s\u00e9g\u0171 k\u00e9k kartonb\u00f3l k\u00e9sz\u00fcltek, ami tart\u00f3s \u00e9s strapab\u00edr\u00f3.<\/span><\/p>\n<p><span style=\"font-weight: 400\">Az 1000 darabos Pinocchio puzzle fenntarthat\u00f3, \u00fajrahasznos\u00edthat\u00f3 anyagokb\u00f3l k\u00e9sz\u00fclt.<\/span><\/p>\n<p><span style=\"font-weight: 400\">A fel\u00fclet f\u00e9lig f\u00e9nyes, \u00e9l\u00e9nk sz\u00ednekben.<\/span><\/p>\n<p><span style=\"font-weight: 400\">A j\u00e1t\u00e9k 14 \u00e9ven fel\u00fcliek sz\u00e1m\u00e1ra alkalmas, \u00edgy t\u00f6k\u00e9letes lehet\u0151s\u00e9g arra, hogy a tizen\u00e9veseket egy mesebeli k\u00e9pen kereszt\u00fcl bevezesse a kirak\u00f3s j\u00e1t\u00e9k rejtelmeibe.<\/span><\/p>\n<p><span style=\"font-weight: 400\">A kirak\u00f3s j\u00e1t\u00e9kok remek kikapcsol\u00f3d\u00e1si lehet\u0151s\u00e9get ny\u00fajtanak, \u00e9s sz\u00e1mos k\u00e9szs\u00e9get fejlesztenek, p\u00e9ld\u00e1ul:<\/span><\/p>\n<p><span style=\"font-weight: 400\">Koncentr\u00e1ci\u00f3s k\u00e9pess\u00e9g<\/span><\/p>\n<p><span style=\"font-weight: 400\">R\u00f6vid t\u00e1v\u00fa mem\u00f3ria<\/span><\/p>\n<p><span style=\"font-weight: 400\">Figyelem a r\u00e9szletekre<\/span><\/p>\n<p><span style=\"font-weight: 400\">Kitart\u00e1s<\/span><\/p>\n<p><span style=\"font-weight: 400\">K\u00e9pess\u00e9g<\/span><\/p>\n<p><span style=\"font-weight: 400\">Probl\u00e9mamegold\u00f3 k\u00e9pess\u00e9g.  <\/span><\/p>\n<p><strong>Tudtad, hogy&#8230;?<\/strong><\/p>\n<p><em><span style=\"font-weight: 400\">Pinokki\u00f3 kalandjai<\/span><\/em><span style=\"font-weight: 400\"> t\u00f6bb mint 240 nyelvre ford\u00edtott\u00e1k le, ezzel a vil\u00e1g 4. legt\u00f6bbsz\u00f6r leford\u00edtott k\u00f6nyve.<\/span><\/p>\n<p><span style=\"font-weight: 400\">A vil\u00e1g egyik legkelend\u0151bb k\u00f6nyvek\u00e9nt tartj\u00e1k sz\u00e1mon.<\/span><\/p>\n<p><span style=\"font-weight: 400\">A t\u00f6rt\u00e9net eredeti, 1881-ben megjelent v\u00e1ltozat\u00e1ban Pinokki\u00f3t sz\u00f6rny\u0171 sors \u00e9ri: b\u00e9rgyilkosok lesz\u00farj\u00e1k, \u00e9s a k\u00f6nyv fel\u00e9n\u00e9l felakasztj\u00e1k.<\/span><\/p>\n<p><em><span style=\"font-weight: 400\">Pinokki\u00f3 kalandjai <\/span><\/em><span style=\"font-weight: 400\">az \u00f3kori g\u00f6r\u00f6g irodalom &#8211; az \u00e9letre kelt szobor m\u00edtosza &#8211; hat\u00e1sa alatt \u00e1ll.<\/span><\/p>\n<p><span style=\"font-weight: 400\">A Pinokki\u00f3 els\u0151 sz\u00ednpadi megjelen\u00edt\u00e9se 1899-ben k\u00e9sz\u00fclt, de a legh\u00edresebb \u00e9s legikonikusabb anim\u00e1ci\u00f3s produkci\u00f3 az 1940-es Walt Disney-produkci\u00f3 maradt.<\/span><\/p>\n<p><strong>Pinocchio 1000 darabos puzzle &#8211; garant\u00e1lt min\u0151s\u00e9gi id\u0151t\u00f6lt\u00e9s a gyerekekkel<\/strong><\/p>\n<p><span style=\"font-weight: 400\">Azt mondj\u00e1k, hogy a p\u00e9ldamutat\u00e1s erej\u00e9vel lehet a legk\u00f6nnyebben tan\u00edtani a gyerekeket. Ha szeretn\u00e9 fejleszteni a kirak\u00f3s j\u00e1t\u00e9kok ir\u00e1nti szenved\u00e9ly\u00fcket, vonja be \u0151ket ebbe a tev\u00e9kenys\u00e9gbe, amikor maga is egy 1000 darabos kirak\u00f3s j\u00e1t\u00e9kon dolgozik.<\/span><\/p>\n<p><span style=\"font-weight: 400\">A feln\u0151tt Pinokki\u00f3 puzzle ide\u00e1lis csal\u00e1di kirak\u00f3j\u00e1t\u00e9k. Egy klasszikus t\u00f6rt\u00e9net leny\u0171g\u00f6z\u0151 k\u00e9pe kih\u00edv\u00e1st jelent a gyerekeknek, hogy aktiv\u00e1lj\u00e1k a k\u00e9pzelet\u00fcket, \u00e9s szeretettel rakj\u00e1k \u00f6ssze az 1000 darabos kirak\u00f3s illusztr\u00e1ci\u00f3t.<\/span><\/p>\n<p><span style=\"font-weight: 400\">A v\u00e9g\u00e9n, amikor az 1000 darabos kirak\u00f3s k\u00e9p elk\u00e9sz\u00fcl, a f\u00e1rads\u00e1gos munk\u00e1t meg\u00fcnnepelheted azzal, hogy keretbe helyezed. Ez gy\u00f6ny\u00f6r\u0171en fog kin\u00e9zni a gyerekszoba egyik fal\u00e1n, \u00e9s mindig eml\u00e9keztetni fogja \u0151ket a csal\u00e1dk\u00e9nt egy\u00fctt t\u00f6lt\u00f6tt csod\u00e1latos id\u0151kre.<\/span><\/p>\n<p><span style=\"font-weight: 400\">V\u00e1lassza a Classic Tales &#8211; Pinocchio feln\u0151tt puzzle-t csal\u00e1dj\u00e1nak, vagy aj\u00e1nd\u00e9kozza meg bar\u00e1tainak \u00fcnnepekre vagy sz\u00fclet\u00e9snapokra.<\/span><\/p><\/p>\n","protected":false},"excerpt":{"rendered":"<p>Szereted a mes\u00e9ket, \u00e9s szeretn\u00e9d fel\u00e9breszteni a benned lakoz\u00f3 gyermeket? Elk\u00e9sz\u00edtett\u00fcnk egy 1000 darabos kirak\u00f3t, amely a Pinokki\u00f3 aranyos t\u00f6rt\u00e9net\u00e9nek<\/p>\n","protected":false},"featured_media":36023,"template":"","meta":[],"product_brand":[],"product_cat":[1920,1919,1881],"product_tag":[],"class_list":{"0":"post-40588","1":"product","2":"type-product","3":"status-publish","4":"has-post-thumbnail","6":"product_cat-1000-darabos-kirakos-jatek","7":"product_cat-felnott-kirakos-jatekok","8":"product_cat-kirakos-jatekok","9":"pa_brand-d_toys-hu","10":"pa_country_of_manufacture-ro-hu","11":"pa_filter_age-14-hu","12":"pa_painter-klasszikus-mesek","13":"pa_tip_ambalaj-doboz","14":"pa_tip_puzzle-klasszikus","16":"first","17":"instock","18":"taxable","19":"shipping-taxable","20":"product-type-simple"},"yoast_head":"<!-- This site is optimized with the Yoast SEO plugin v20.1 - https:\/\/yoast.com\/wordpress\/plugins\/seo\/ -->\n<title>Klasszikus mes\u00e9k 1000 darabos feln\u0151tt puzzle - Pinokki\u00f3<\/title>\n<meta name=\"description\" content=\"Klasszikus mes\u00e9k 1000 darabos feln\u0151tt puzzle - Pinokki\u00f3\" \/>\n<meta name=\"robots\" content=\"index, follow, max-snippet:-1, max-image-preview:large, max-video-preview:-1\" \/>\n<link rel=\"canonical\" href=\"https:\/\/business.roovi.com\/hu\/klasszikus-mesek-1000-darabos-felnott-puzzle-pinokkio\/p\/\" \/>\n<meta property=\"og:locale\" content=\"hu_HU\" \/>\n<meta property=\"og:type\" content=\"article\" \/>\n<meta property=\"og:title\" content=\"Klasszikus mes\u00e9k 1000 darabos feln\u0151tt puzzle - Pinokki\u00f3\" \/>\n<meta property=\"og:description\" content=\"Klasszikus mes\u00e9k 1000 darabos feln\u0151tt puzzle - Pinokki\u00f3\" \/>\n<meta property=\"og:url\" content=\"https:\/\/business.roovi.com\/hu\/klasszikus-mesek-1000-darabos-felnott-puzzle-pinokkio\/p\/\" \/>\n<meta property=\"og:site_name\" content=\"Roovi B2B\" \/>\n<meta property=\"article:publisher\" content=\"https:\/\/www.facebook.com\/wwwjucariero\" \/>\n<meta property=\"article:modified_time\" content=\"2022-07-06T15:24:23+00:00\" \/>\n<meta property=\"og:image\" content=\"https:\/\/business.roovi.com\/wp-content\/uploads\/2018\/04\/72894-1_ansamblu_dimensiuni_cutie_cm_orizontal_1200x1200.png\" \/>\n\t<meta property=\"og:image:width\" content=\"1200\" \/>\n\t<meta property=\"og:image:height\" content=\"1200\" \/>\n\t<meta property=\"og:image:type\" content=\"image\/png\" \/>\n<meta name=\"twitter:label1\" content=\"Becs\u00fclt olvas\u00e1si id\u0151\" \/>\n\t<meta name=\"twitter:data1\" content=\"3 perc\" \/>\n<script type=\"application\/ld+json\" class=\"yoast-schema-graph\">{\"@context\":\"https:\/\/schema.org\",\"@graph\":[{\"@type\":\"WebPage\",\"@id\":\"https:\/\/business.roovi.com\/hu\/klasszikus-mesek-1000-darabos-felnott-puzzle-pinokkio\/p\/\",\"url\":\"https:\/\/business.roovi.com\/hu\/klasszikus-mesek-1000-darabos-felnott-puzzle-pinokkio\/p\/\",\"name\":\"Klasszikus mes\u00e9k 1000 darabos feln\u0151tt puzzle - Pinokki\u00f3\",\"isPartOf\":{\"@id\":\"https:\/\/business.roovi.com\/hu\/#website\"},\"datePublished\":\"2018-04-16T10:56:18+00:00\",\"dateModified\":\"2022-07-06T15:24:23+00:00\",\"description\":\"Klasszikus mes\u00e9k 1000 darabos feln\u0151tt puzzle - Pinokki\u00f3\",\"breadcrumb\":{\"@id\":\"https:\/\/business.roovi.com\/hu\/klasszikus-mesek-1000-darabos-felnott-puzzle-pinokkio\/p\/#breadcrumb\"},\"inLanguage\":\"hu\",\"potentialAction\":[{\"@type\":\"ReadAction\",\"target\":[\"https:\/\/business.roovi.com\/hu\/klasszikus-mesek-1000-darabos-felnott-puzzle-pinokkio\/p\/\"]}]},{\"@type\":\"BreadcrumbList\",\"@id\":\"https:\/\/business.roovi.com\/hu\/klasszikus-mesek-1000-darabos-felnott-puzzle-pinokkio\/p\/#breadcrumb\",\"itemListElement\":[{\"@type\":\"ListItem\",\"position\":1,\"name\":\"Home\",\"item\":\"https:\/\/business.roovi.com\/hu\/\"},{\"@type\":\"ListItem\",\"position\":2,\"name\":\"Shop\",\"item\":\"https:\/\/business.roovi.com\/hu\/shop\/\"},{\"@type\":\"ListItem\",\"position\":3,\"name\":\"Klasszikus mes\u00e9k 1000 darabos feln\u0151tt puzzle &#8211; Pinokki\u00f3\"}]},{\"@type\":\"WebSite\",\"@id\":\"https:\/\/business.roovi.com\/hu\/#website\",\"url\":\"https:\/\/business.roovi.com\/hu\/\",\"name\":\"Roovi B2B\",\"description\":\"Roovi Business Website\",\"potentialAction\":[{\"@type\":\"SearchAction\",\"target\":{\"@type\":\"EntryPoint\",\"urlTemplate\":\"https:\/\/business.roovi.com\/hu\/?s={search_term_string}\"},\"query-input\":\"required name=search_term_string\"}],\"inLanguage\":\"hu\"}]}<\/script>\n<!-- \/ Yoast SEO plugin. -->","yoast_head_json":{"title":"Klasszikus mes\u00e9k 1000 darabos feln\u0151tt puzzle - Pinokki\u00f3","description":"Klasszikus mes\u00e9k 1000 darabos feln\u0151tt puzzle - Pinokki\u00f3","robots":{"index":"index","follow":"follow","max-snippet":"max-snippet:-1","max-image-preview":"max-image-preview:large","max-video-preview":"max-video-preview:-1"},"canonical":"https:\/\/business.roovi.com\/hu\/klasszikus-mesek-1000-darabos-felnott-puzzle-pinokkio\/p\/","og_locale":"hu_HU","og_type":"article","og_title":"Klasszikus mes\u00e9k 1000 darabos feln\u0151tt puzzle - Pinokki\u00f3","og_description":"Klasszikus mes\u00e9k 1000 darabos feln\u0151tt puzzle - Pinokki\u00f3","og_url":"https:\/\/business.roovi.com\/hu\/klasszikus-mesek-1000-darabos-felnott-puzzle-pinokkio\/p\/","og_site_name":"Roovi B2B","article_publisher":"https:\/\/www.facebook.com\/wwwjucariero","article_modified_time":"2022-07-06T15:24:23+00:00","og_image":[{"width":1200,"height":1200,"url":"https:\/\/business.roovi.com\/wp-content\/uploads\/2018\/04\/72894-1_ansamblu_dimensiuni_cutie_cm_orizontal_1200x1200.png","type":"image\/png"}],"twitter_misc":{"Becs\u00fclt olvas\u00e1si id\u0151":"3 perc"},"schema":{"@context":"https:\/\/schema.org","@graph":[{"@type":"WebPage","@id":"https:\/\/business.roovi.com\/hu\/klasszikus-mesek-1000-darabos-felnott-puzzle-pinokkio\/p\/","url":"https:\/\/business.roovi.com\/hu\/klasszikus-mesek-1000-darabos-felnott-puzzle-pinokkio\/p\/","name":"Klasszikus mes\u00e9k 1000 darabos feln\u0151tt puzzle - Pinokki\u00f3","isPartOf":{"@id":"https:\/\/business.roovi.com\/hu\/#website"},"datePublished":"2018-04-16T10:56:18+00:00","dateModified":"2022-07-06T15:24:23+00:00","description":"Klasszikus mes\u00e9k 1000 darabos feln\u0151tt puzzle - Pinokki\u00f3","breadcrumb":{"@id":"https:\/\/business.roovi.com\/hu\/klasszikus-mesek-1000-darabos-felnott-puzzle-pinokkio\/p\/#breadcrumb"},"inLanguage":"hu","potentialAction":[{"@type":"ReadAction","target":["https:\/\/business.roovi.com\/hu\/klasszikus-mesek-1000-darabos-felnott-puzzle-pinokkio\/p\/"]}]},{"@type":"BreadcrumbList","@id":"https:\/\/business.roovi.com\/hu\/klasszikus-mesek-1000-darabos-felnott-puzzle-pinokkio\/p\/#breadcrumb","itemListElement":[{"@type":"ListItem","position":1,"name":"Home","item":"https:\/\/business.roovi.com\/hu\/"},{"@type":"ListItem","position":2,"name":"Shop","item":"https:\/\/business.roovi.com\/hu\/shop\/"},{"@type":"ListItem","position":3,"name":"Klasszikus mes\u00e9k 1000 darabos feln\u0151tt puzzle &#8211; Pinokki\u00f3"}]},{"@type":"WebSite","@id":"https:\/\/business.roovi.com\/hu\/#website","url":"https:\/\/business.roovi.com\/hu\/","name":"Roovi B2B","description":"Roovi Business Website","potentialAction":[{"@type":"SearchAction","target":{"@type":"EntryPoint","urlTemplate":"https:\/\/business.roovi.com\/hu\/?s={search_term_string}"},"query-input":"required name=search_term_string"}],"inLanguage":"hu"}]}},"_links":{"self":[{"href":"https:\/\/business.roovi.com\/hu\/wp-json\/wp\/v2\/product\/40588","targetHints":{"allow":["GET"]}}],"collection":[{"href":"https:\/\/business.roovi.com\/hu\/wp-json\/wp\/v2\/product"}],"about":[{"href":"https:\/\/business.roovi.com\/hu\/wp-json\/wp\/v2\/types\/product"}],"version-history":[{"count":0,"href":"https:\/\/business.roovi.com\/hu\/wp-json\/wp\/v2\/product\/40588\/revisions"}],"wp:featuredmedia":[{"embeddable":true,"href":"https:\/\/business.roovi.com\/hu\/wp-json\/wp\/v2\/media\/36023"}],"wp:attachment":[{"href":"https:\/\/business.roovi.com\/hu\/wp-json\/wp\/v2\/media?parent=40588"}],"wp:term":[{"taxonomy":"product_brand","embeddable":true,"href":"https:\/\/business.roovi.com\/hu\/wp-json\/wp\/v2\/product_brand?post=40588"},{"taxonomy":"product_cat","embeddable":true,"href":"https:\/\/business.roovi.com\/hu\/wp-json\/wp\/v2\/product_cat?post=40588"},{"taxonomy":"product_tag","embeddable":true,"href":"https:\/\/business.roovi.com\/hu\/wp-json\/wp\/v2\/product_tag?post=40588"}],"curies":[{"name":"wp","href":"https:\/\/api.w.org\/{rel}","templated":true}]}}