{"id":40592,"date":"2018-04-16T10:56:18","date_gmt":"2018-04-16T10:56:18","guid":{"rendered":"https:\/\/business.roovi.com\/puzzle-adulti-1000-piese-classic-tales-little-red-riding-hood-scufita-rosie\/p\/"},"modified":"2022-07-06T15:24:32","modified_gmt":"2022-07-06T15:24:32","slug":"klasszikus-mesek-1000-darabos-felnott-puzzle-piroska-piroska-piroska","status":"publish","type":"product","link":"https:\/\/business.roovi.com\/hu\/klasszikus-mesek-1000-darabos-felnott-puzzle-piroska-piroska-piroska\/p\/","title":{"rendered":"Klasszikus mes\u00e9k 1000 darabos feln\u0151tt puzzle &#8211; Piroska \/ Piroska \/ Piroska"},"content":{"rendered":"<p><span style=\"font-weight: 400\">Gyermekkor\u00e1ban szerette a mes\u00e9ket, \u00e9s szeretn\u00e9 \u00fajra felfedezni var\u00e1zsukat egy pihentet\u0151 tev\u00e9kenys\u00e9g keret\u00e9ben? A Piroska 1000 darabos kirak\u00f3j\u00e1t\u00e9k pont az, amire sz\u00fcks\u00e9ged van <\/span><\/p>\n<p><span style=\"font-weight: 400\">\u00c1ll\u00edtsa \u00f6ssze a k\u00e9pet kifog\u00e1stalan eredeti grafik\u00e1val, \u00e9s tapasztalja meg a sok \u00f3r\u00e1nyi sz\u00f3rakoz\u00e1st \u00e9s kikapcsol\u00f3d\u00e1st egy k\u00fcl\u00f6nleges kirak\u00f3s j\u00e1t\u00e9k t\u00e1rsas\u00e1g\u00e1ban.<\/span><\/p>\n<p><span style=\"font-weight: 400\">A Classic Tales &#8211; Piroska 1000 darabos puzzle azt a jelenetet \u00e1br\u00e1zolja, amikor a farkas a nagyinak \u00e1lc\u00e1zva mag\u00e1t, elcsalja Pirosk\u00e1t. Biro Donat kort\u00e1rs m\u0171v\u00e9sz egyedi, humorral teli illusztr\u00e1ci\u00f3i \u00fajra\u00e9lesztik azokat a gyermekkori pillanatokat, amikor l\u00e9legzetvisszafojtva v\u00e1rtad a t\u00f6rt\u00e9net v\u00e9g\u00e9t.<\/span><\/p>\n<p><span style=\"font-weight: 400\">Szeretne min\u0151s\u00e9gi id\u0151t t\u00f6lteni gyermekeivel? Az 1000 darabos kirak\u00f3j\u00e1t\u00e9k megadja ezt a lehet\u0151s\u00e9get. Ossza sz\u00e9t a darabokat, \u00e9s adjon pontos feladatokat minden r\u00e9sztvev\u0151nek. Valaki \u00fajrateremtheti az \u00e1lruh\u00e1s farkast, valaki m\u00e1s a Pirosk\u00e1t, a festm\u00e9ny k\u00f6rvonala csapatmunk\u00e1ban k\u00e9sz\u00fclhet el <\/span><\/p>\n<p><span style=\"font-weight: 400\">A v\u00e9g\u00e9n egy csod\u00e1latos festm\u00e9nyt kapsz, amelyet sz\u00e9tszedhetsz \u00e9s \u00fajra\u00e9p\u00edthetsz, amikor csak \u00fagy \u00e9rzed, hogy sz\u00fcks\u00e9ged van egy kreat\u00edv kih\u00edv\u00e1sra. Vagy keretbe is teheti, \u00e9s d\u00edsz\u00edtheti vele a gyerekszob\u00e1t.<\/span><\/p>\n<p><span style=\"font-weight: 400\">Jellemz\u0151k Classic Tales &#8211; Piroska 1000 darabos puzzle:<\/span><\/p>\n<p><strong>\u00c1talak\u00edtott k\u00e9pm\u00e9ret: 50 x 70 cm. Az \u00f6sszeszerel\u00e9shez haszn\u00e1lhat egy hagyom\u00e1nyos doh\u00e1nyz\u00f3asztalt.<\/strong><\/p>\n<p><strong>Puzzle anyag <\/strong><\/p>\n<p><strong>kiv\u00e1l\u00f3 min\u0151s\u00e9g\u0171 k\u00e9k karton<\/strong><\/p>\n<p><strong>fenntarthat\u00f3, \u00fajrahasznos\u00edthat\u00f3 anyagok<\/strong><\/p>\n<p><strong>f\u00e9lf\u00e9nyes kivitel, \u00e9l\u00e9nk sz\u00ednek<\/strong><\/p>\n<p><strong>A kirak\u00f3s darabok sz\u00e1ma: 1000<\/strong><\/p>\n<p><strong>Aj\u00e1nlott \u00e9letkor: 14+<\/strong><\/p>\n<p><strong>5 el\u0151ny, amit az 1000 darabos Piroska puzzle seg\u00edts\u00e9g\u00e9vel \u00e9lvezhetsz<\/strong><\/p>\n<p><span style=\"font-weight: 400\">1. Lehet\u0151s\u00e9get ad arra, hogy var\u00e1zslatos pillanatokat \u00e9s felejthetetlen eml\u00e9keket teremtsen gyermekeivel.<\/span><\/p>\n<p><span style=\"font-weight: 400\">2. Ez egy lehet\u0151s\u00e9g a sz\u00f3rakoz\u00e1sra \u00e9s a kikapcsol\u00f3d\u00e1sra szeretteivel.<\/span><\/p>\n<p><span style=\"font-weight: 400\">3. Seg\u00edt gyakorolni a kirak\u00f3s k\u00e9szs\u00e9geket.<\/span><\/p>\n<p><span style=\"font-weight: 400\">4. Seg\u00edt k\u00f6nnyebben kommunik\u00e1lni \u00e9s szorosabban k\u00f6t\u0151dni a szeretteinkhez.<\/span><\/p>\n<p><span style=\"font-weight: 400\">5. Lehet\u0151s\u00e9ge van arra, hogy gyermekeivel egy\u00fctt egy sz\u00e9p d\u00edszt\u00e1rgyat \u00e9p\u00edtsen.<\/span><\/p>\n<p><strong>Tudtad, hogy&#8230;?<\/strong><\/p>\n<p><span style=\"font-weight: 400\">A Piroska egy \u0151si mese, amelyet el\u0151sz\u00f6r Charles Perrault gy\u0171jt\u00f6tt \u00f6ssze \u00e9s \u00edrt meg a 17. sz\u00e1zadban <\/span><\/p>\n<p><span style=\"font-weight: 400\">Egy 2013-as tanulm\u00e1ny szerint a t\u00f6rt\u00e9net sz\u00f3beli v\u00e1ltozata m\u00e1r az 1. sz\u00e1zadban a K\u00f6zel-Keleten keletkezett.<\/span><\/p>\n<p><span style=\"font-weight: 400\">A m\u00faltban a t\u00f6rt\u00e9netet a pubert\u00e1sb\u00f3l a feln\u0151ttkorba val\u00f3 \u00e1tmenet r\u00edtusak\u00e9nt \u00e9rtelmezt\u00e9k.<\/span><\/p>\n<p><span style=\"font-weight: 400\">N\u00e9h\u00e1ny nagyon r\u00e9gi v\u00e1ltozat egyenesen borzalmas. Az egyikben Piroska megeszi a nagyanyj\u00e1t.<\/span><\/p>\n<p><span style=\"font-weight: 400\">M\u00e9g Perrault v\u00e1ltozata is pesszimista: a t\u00f6rt\u00e9net akkor \u00e9r v\u00e9get, amikor Pirosk\u00e1t megeszi a farkas. A Grimm testv\u00e9rek csak a 19. sz\u00e1zadban adj\u00e1k meg a t\u00fcnd\u00e9rmes\u00e9kre jellemz\u0151 happy endet.<\/span><\/p>\n<p><strong>A kirak\u00f3s j\u00e1t\u00e9kok seg\u00edtenek t\u00f6bb k\u00e9szs\u00e9get fejleszteni:<\/strong><\/p>\n<p><span style=\"font-weight: 400\">Figyelem a r\u00e9szletekre<\/span><\/p>\n<p><span style=\"font-weight: 400\">Kitart\u00e1s<\/span><\/p>\n<p><span style=\"font-weight: 400\">Mem\u00f3ria<\/span><\/p>\n<p><span style=\"font-weight: 400\">Kritikus gondolkod\u00e1s<\/span><\/p>\n<p><span style=\"font-weight: 400\">K\u00e9pess\u00e9g<\/span><\/p>\n<p><span style=\"font-weight: 400\">Probl\u00e9mamegold\u00f3 k\u00e9szs\u00e9g.<\/span><\/p>\n<p><span style=\"font-weight: 400\">V\u00e1lassza az 1000 darabos feln\u0151tt puzzle-t Klasszikus t\u00f6rt\u00e9netek &#8211; Piroska \u00e9s \u00e9lje \u00e1t a gyermekkor \u00f6r\u00f6m\u00e9t. Lepd meg bar\u00e1taidat azzal, hogy ezt a csod\u00e1latos kirak\u00f3s j\u00e1t\u00e9kot aj\u00e1nd\u00e9kozod nekik <\/span><\/p><\/p>\n","protected":false},"excerpt":{"rendered":"<p>Gyermekkor\u00e1ban szerette a mes\u00e9ket, \u00e9s szeretn\u00e9 \u00fajra felfedezni var\u00e1zsukat egy pihentet\u0151 tev\u00e9kenys\u00e9g keret\u00e9ben? A Piroska 1000 darabos kirak\u00f3j\u00e1t\u00e9k pont az,<\/p>\n","protected":false},"featured_media":36037,"template":"","meta":[],"product_brand":[],"product_cat":[1920,1919,1881],"product_tag":[],"class_list":{"0":"post-40592","1":"product","2":"type-product","3":"status-publish","4":"has-post-thumbnail","6":"product_cat-1000-darabos-kirakos-jatek","7":"product_cat-felnott-kirakos-jatekok","8":"product_cat-kirakos-jatekok","9":"pa_brand-d_toys-hu","10":"pa_country_of_manufacture-ro-hu","11":"pa_filter_age-14-hu","12":"pa_painter-klasszikus-mesek","13":"pa_tip_ambalaj-doboz","14":"pa_tip_puzzle-klasszikus","16":"first","17":"instock","18":"taxable","19":"shipping-taxable","20":"product-type-simple"},"yoast_head":"<!-- This site is optimized with the Yoast SEO plugin v20.1 - https:\/\/yoast.com\/wordpress\/plugins\/seo\/ -->\n<title>Klasszikus mes\u00e9k 1000 darabos feln\u0151tt puzzle - Piroska \/ Piroska \/ Piroska<\/title>\n<meta name=\"description\" content=\"Klasszikus mes\u00e9k 1000 darabos feln\u0151tt puzzle - Piroska \/ Piroska \/ Piroska\" \/>\n<meta name=\"robots\" content=\"index, follow, max-snippet:-1, max-image-preview:large, max-video-preview:-1\" \/>\n<link rel=\"canonical\" href=\"https:\/\/business.roovi.com\/hu\/klasszikus-mesek-1000-darabos-felnott-puzzle-piroska-piroska-piroska\/p\/\" \/>\n<meta property=\"og:locale\" content=\"hu_HU\" \/>\n<meta property=\"og:type\" content=\"article\" \/>\n<meta property=\"og:title\" content=\"Klasszikus mes\u00e9k 1000 darabos feln\u0151tt puzzle - Piroska \/ Piroska \/ Piroska\" \/>\n<meta property=\"og:description\" content=\"Klasszikus mes\u00e9k 1000 darabos feln\u0151tt puzzle - Piroska \/ Piroska \/ Piroska\" \/>\n<meta property=\"og:url\" content=\"https:\/\/business.roovi.com\/hu\/klasszikus-mesek-1000-darabos-felnott-puzzle-piroska-piroska-piroska\/p\/\" \/>\n<meta property=\"og:site_name\" content=\"Roovi B2B\" \/>\n<meta property=\"article:publisher\" content=\"https:\/\/www.facebook.com\/wwwjucariero\" \/>\n<meta property=\"article:modified_time\" content=\"2022-07-06T15:24:32+00:00\" \/>\n<meta property=\"og:image\" content=\"https:\/\/business.roovi.com\/wp-content\/uploads\/2018\/04\/72894-2_ansamblu_dimensiuni_cutie_cm_orizontal_1200x1200.png\" \/>\n\t<meta property=\"og:image:width\" content=\"1200\" \/>\n\t<meta property=\"og:image:height\" content=\"1200\" \/>\n\t<meta property=\"og:image:type\" content=\"image\/png\" \/>\n<meta name=\"twitter:label1\" content=\"Becs\u00fclt olvas\u00e1si id\u0151\" \/>\n\t<meta name=\"twitter:data1\" content=\"3 perc\" \/>\n<script type=\"application\/ld+json\" class=\"yoast-schema-graph\">{\"@context\":\"https:\/\/schema.org\",\"@graph\":[{\"@type\":\"WebPage\",\"@id\":\"https:\/\/business.roovi.com\/hu\/klasszikus-mesek-1000-darabos-felnott-puzzle-piroska-piroska-piroska\/p\/\",\"url\":\"https:\/\/business.roovi.com\/hu\/klasszikus-mesek-1000-darabos-felnott-puzzle-piroska-piroska-piroska\/p\/\",\"name\":\"Klasszikus mes\u00e9k 1000 darabos feln\u0151tt puzzle - Piroska \/ Piroska \/ Piroska\",\"isPartOf\":{\"@id\":\"https:\/\/business.roovi.com\/hu\/#website\"},\"datePublished\":\"2018-04-16T10:56:18+00:00\",\"dateModified\":\"2022-07-06T15:24:32+00:00\",\"description\":\"Klasszikus mes\u00e9k 1000 darabos feln\u0151tt puzzle - Piroska \/ Piroska \/ Piroska\",\"breadcrumb\":{\"@id\":\"https:\/\/business.roovi.com\/hu\/klasszikus-mesek-1000-darabos-felnott-puzzle-piroska-piroska-piroska\/p\/#breadcrumb\"},\"inLanguage\":\"hu\",\"potentialAction\":[{\"@type\":\"ReadAction\",\"target\":[\"https:\/\/business.roovi.com\/hu\/klasszikus-mesek-1000-darabos-felnott-puzzle-piroska-piroska-piroska\/p\/\"]}]},{\"@type\":\"BreadcrumbList\",\"@id\":\"https:\/\/business.roovi.com\/hu\/klasszikus-mesek-1000-darabos-felnott-puzzle-piroska-piroska-piroska\/p\/#breadcrumb\",\"itemListElement\":[{\"@type\":\"ListItem\",\"position\":1,\"name\":\"Home\",\"item\":\"https:\/\/business.roovi.com\/hu\/\"},{\"@type\":\"ListItem\",\"position\":2,\"name\":\"Shop\",\"item\":\"https:\/\/business.roovi.com\/hu\/shop\/\"},{\"@type\":\"ListItem\",\"position\":3,\"name\":\"Klasszikus mes\u00e9k 1000 darabos feln\u0151tt puzzle &#8211; Piroska \/ Piroska \/ Piroska\"}]},{\"@type\":\"WebSite\",\"@id\":\"https:\/\/business.roovi.com\/hu\/#website\",\"url\":\"https:\/\/business.roovi.com\/hu\/\",\"name\":\"Roovi B2B\",\"description\":\"Roovi Business Website\",\"potentialAction\":[{\"@type\":\"SearchAction\",\"target\":{\"@type\":\"EntryPoint\",\"urlTemplate\":\"https:\/\/business.roovi.com\/hu\/?s={search_term_string}\"},\"query-input\":\"required name=search_term_string\"}],\"inLanguage\":\"hu\"}]}<\/script>\n<!-- \/ Yoast SEO plugin. -->","yoast_head_json":{"title":"Klasszikus mes\u00e9k 1000 darabos feln\u0151tt puzzle - Piroska \/ Piroska \/ Piroska","description":"Klasszikus mes\u00e9k 1000 darabos feln\u0151tt puzzle - Piroska \/ Piroska \/ Piroska","robots":{"index":"index","follow":"follow","max-snippet":"max-snippet:-1","max-image-preview":"max-image-preview:large","max-video-preview":"max-video-preview:-1"},"canonical":"https:\/\/business.roovi.com\/hu\/klasszikus-mesek-1000-darabos-felnott-puzzle-piroska-piroska-piroska\/p\/","og_locale":"hu_HU","og_type":"article","og_title":"Klasszikus mes\u00e9k 1000 darabos feln\u0151tt puzzle - Piroska \/ Piroska \/ Piroska","og_description":"Klasszikus mes\u00e9k 1000 darabos feln\u0151tt puzzle - Piroska \/ Piroska \/ Piroska","og_url":"https:\/\/business.roovi.com\/hu\/klasszikus-mesek-1000-darabos-felnott-puzzle-piroska-piroska-piroska\/p\/","og_site_name":"Roovi B2B","article_publisher":"https:\/\/www.facebook.com\/wwwjucariero","article_modified_time":"2022-07-06T15:24:32+00:00","og_image":[{"width":1200,"height":1200,"url":"https:\/\/business.roovi.com\/wp-content\/uploads\/2018\/04\/72894-2_ansamblu_dimensiuni_cutie_cm_orizontal_1200x1200.png","type":"image\/png"}],"twitter_misc":{"Becs\u00fclt olvas\u00e1si id\u0151":"3 perc"},"schema":{"@context":"https:\/\/schema.org","@graph":[{"@type":"WebPage","@id":"https:\/\/business.roovi.com\/hu\/klasszikus-mesek-1000-darabos-felnott-puzzle-piroska-piroska-piroska\/p\/","url":"https:\/\/business.roovi.com\/hu\/klasszikus-mesek-1000-darabos-felnott-puzzle-piroska-piroska-piroska\/p\/","name":"Klasszikus mes\u00e9k 1000 darabos feln\u0151tt puzzle - Piroska \/ Piroska \/ Piroska","isPartOf":{"@id":"https:\/\/business.roovi.com\/hu\/#website"},"datePublished":"2018-04-16T10:56:18+00:00","dateModified":"2022-07-06T15:24:32+00:00","description":"Klasszikus mes\u00e9k 1000 darabos feln\u0151tt puzzle - Piroska \/ Piroska \/ Piroska","breadcrumb":{"@id":"https:\/\/business.roovi.com\/hu\/klasszikus-mesek-1000-darabos-felnott-puzzle-piroska-piroska-piroska\/p\/#breadcrumb"},"inLanguage":"hu","potentialAction":[{"@type":"ReadAction","target":["https:\/\/business.roovi.com\/hu\/klasszikus-mesek-1000-darabos-felnott-puzzle-piroska-piroska-piroska\/p\/"]}]},{"@type":"BreadcrumbList","@id":"https:\/\/business.roovi.com\/hu\/klasszikus-mesek-1000-darabos-felnott-puzzle-piroska-piroska-piroska\/p\/#breadcrumb","itemListElement":[{"@type":"ListItem","position":1,"name":"Home","item":"https:\/\/business.roovi.com\/hu\/"},{"@type":"ListItem","position":2,"name":"Shop","item":"https:\/\/business.roovi.com\/hu\/shop\/"},{"@type":"ListItem","position":3,"name":"Klasszikus mes\u00e9k 1000 darabos feln\u0151tt puzzle &#8211; Piroska \/ Piroska \/ Piroska"}]},{"@type":"WebSite","@id":"https:\/\/business.roovi.com\/hu\/#website","url":"https:\/\/business.roovi.com\/hu\/","name":"Roovi B2B","description":"Roovi Business Website","potentialAction":[{"@type":"SearchAction","target":{"@type":"EntryPoint","urlTemplate":"https:\/\/business.roovi.com\/hu\/?s={search_term_string}"},"query-input":"required name=search_term_string"}],"inLanguage":"hu"}]}},"_links":{"self":[{"href":"https:\/\/business.roovi.com\/hu\/wp-json\/wp\/v2\/product\/40592","targetHints":{"allow":["GET"]}}],"collection":[{"href":"https:\/\/business.roovi.com\/hu\/wp-json\/wp\/v2\/product"}],"about":[{"href":"https:\/\/business.roovi.com\/hu\/wp-json\/wp\/v2\/types\/product"}],"version-history":[{"count":0,"href":"https:\/\/business.roovi.com\/hu\/wp-json\/wp\/v2\/product\/40592\/revisions"}],"wp:featuredmedia":[{"embeddable":true,"href":"https:\/\/business.roovi.com\/hu\/wp-json\/wp\/v2\/media\/36037"}],"wp:attachment":[{"href":"https:\/\/business.roovi.com\/hu\/wp-json\/wp\/v2\/media?parent=40592"}],"wp:term":[{"taxonomy":"product_brand","embeddable":true,"href":"https:\/\/business.roovi.com\/hu\/wp-json\/wp\/v2\/product_brand?post=40592"},{"taxonomy":"product_cat","embeddable":true,"href":"https:\/\/business.roovi.com\/hu\/wp-json\/wp\/v2\/product_cat?post=40592"},{"taxonomy":"product_tag","embeddable":true,"href":"https:\/\/business.roovi.com\/hu\/wp-json\/wp\/v2\/product_tag?post=40592"}],"curies":[{"name":"wp","href":"https:\/\/api.w.org\/{rel}","templated":true}]}}