{"id":40600,"date":"2018-04-16T10:56:18","date_gmt":"2018-04-16T10:56:18","guid":{"rendered":"https:\/\/business.roovi.com\/puzzle-adulti-1000-piese-cartoon-collection-notre-dame\/p\/"},"modified":"2022-10-18T09:52:28","modified_gmt":"2022-10-18T09:52:28","slug":"puzzle-notre-dame-1000-darabos-felnott-puzzle-cartoon-collection","status":"publish","type":"product","link":"https:\/\/business.roovi.com\/hu\/puzzle-notre-dame-1000-darabos-felnott-puzzle-cartoon-collection\/p\/","title":{"rendered":"Puzzle Notre Dame &#8211; 1000 darabos feln\u0151tt puzzle &#8211; Cartoon Collection"},"content":{"rendered":"<p><span style=\"font-weight: 400;\">A rajzfilmes puzzle-gy\u0171jtem\u00e9ny igazi sz\u00f3rakoz\u00e1ss\u00e1 var\u00e1zsolja az \u00f6sszetett kirak\u00f3s j\u00e1t\u00e9kot. Gy\u0171jtse \u00f6ssze bar\u00e1ti t\u00e1rsas\u00e1g\u00e1t, \u00e9s t\u00f6lts\u00f6n egy\u00fctt sok-sok \u00f3r\u00e1nyi kikapcsol\u00f3d\u00e1st \u00e9s sz\u00f3rakoz\u00e1st.<\/span><\/p>\n<p><span style=\"font-weight: 400;\">A Cartoon puzzle sorozatban szerepel az 1000 darabos Notre Dame puzzle is, amely a Notre Dame katedr\u00e1lis \u00e9p\u00edt\u00e9s\u00e9t \u00e1br\u00e1zolja egy kiv\u00e9teles illusztr\u00e1ci\u00f3n. A kifog\u00e1stalan grafika, a r\u00e9szletekre val\u00f3 odafigyel\u00e9s \u00e9s a sok fant\u00e1zia r\u00e9v\u00e9n az illusztr\u00e1ci\u00f3 \u00e9l\u00e9nk k\u00e9pet ad, sok vicces szerepl\u0151vel, akik r\u00e9szt vesznek az alkot\u00e1s folyamat\u00e1ban.<\/span><\/p>\n<p><span style=\"font-weight: 400;\">Az im\u00e1dnival\u00f3 man\u00f3k szorgalmasak \u00e9s tele vannak energi\u00e1val. Mindenkinek j\u00f3l megvan a maga szerepe, senki sem t\u00e9tlenkedik, kem\u00e9nyen dolgozik azon, hogy a nagyszer\u0171 m\u0171alkot\u00e1s id\u0151ben elk\u00e9sz\u00fclj\u00f6n.<\/span><\/p>\n<p><span style=\"font-weight: 400;\">Csatlakozz a j\u00e1t\u00e9kukhoz, t\u00f6ltsd ki a k\u00e9pet, \u00e9s engedd szabadon sz\u00e1rnyalni a fant\u00e1zi\u00e1dat. \u00c9lvezze a kikapcsol\u00f3d\u00e1st, a mosolyt \u00e9s a sok humort egy egyedi tervez\u00e9s\u0171 kirak\u00f3s j\u00e1t\u00e9kkal.<\/span><\/p>\n<p><strong>Mi\u00e9rt v\u00e1lassza az 1000 darabos Notre Dame puzzle-t a Cartoon kollekci\u00f3b\u00f3l?<\/strong><\/p>\n<p><span style=\"font-weight: 400;\">Egy 50 x 70 cm-es, sz\u00ednes \u00e9s anim\u00e1lt k\u00e9pet kapsz.<\/span><\/p>\n<p><span style=\"font-weight: 400;\">Ez egy olyan dekorat\u00edv t\u00e1rgy lehet, amely kihozza az otthonod b\u00e1rmely unalmas hely\u00e9nek anonimit\u00e1s\u00e1t.<\/span><\/p>\n<p><span style=\"font-weight: 400;\">A term\u00e9k a k\u00f6vetkez\u0151 anyagokb\u00f3l k\u00e9sz\u00fcl <\/span><span style=\"font-weight: 400;\">pr\u00e9mium min\u0151s\u00e9g\u0171 k\u00e9k karton, amely ellen\u00e1ll\u00f3v\u00e1 teszi a t\u00f6bbsz\u00f6ri \u00f6sszeszerel\u00e9ssel szemben.<\/span><\/p>\n<p><span style=\"font-weight: 400;\">A fel\u00fclet f\u00e9lig f\u00e9nyes, kellemes sz\u00ednekben, amelyek kiemelik az illusztr\u00e1ci\u00f3 sz\u00e9ps\u00e9g\u00e9t.<\/span><\/p>\n<p><span style=\"font-weight: 400;\">Az 1000 puzzle-darab prec\u00edzen v\u00e1gott, egyedi \u00e9s t\u00f6k\u00e9letesen illeszked\u0151, igazi gy\u0171jt\u0151i darab.<\/span><\/p>\n<p><span style=\"font-weight: 400;\">K\u00edm\u00e9li a term\u00e9szetet, mivel \u00fajrahasznos\u00edthat\u00f3 \u00e9s fenntarthat\u00f3 anyagokb\u00f3l k\u00e9sz\u00fclt.<\/span><\/p>\n<p><span style=\"font-weight: 400;\">14 \u00e9ves kort\u00f3l &#8211; t\u00f6k\u00e9letes alkalom arra, hogy tizen\u00e9ves gyermekeivel t\u00f6lts\u00f6n el egy kis id\u0151t <\/span><\/p>\n<p><span style=\"font-weight: 400;\">Eg\u00e9sz\u00edtsd ki a Cartoon festm\u00e9nyek gy\u0171jtem\u00e9ny\u00e9t, hogy megmutathasd bar\u00e1taidnak.<\/span><\/p>\n<p><span style=\"font-weight: 400;\">A kirak\u00f3s j\u00e1t\u00e9kok remek kikapcsol\u00f3d\u00e1si lehet\u0151s\u00e9get ny\u00fajtanak, \u00e9s elk\u00e9peszt\u0151 el\u0151ny\u00f6kkel j\u00e1rnak:<\/span><\/p>\n<ul>\n<li><span style=\"font-weight: 400;\">Mindk\u00e9t agyf\u00e9ltek\u00e9t edzik, \u00e9s komplex agyi edz\u00e9st jelentenek.<\/span><\/li>\n<li><span style=\"font-weight: 400;\">A t\u00fcrelmet \u00e9s a kitart\u00e1st fejleszti.<\/span><\/li>\n<li><span style=\"font-weight: 400;\">Seg\u00edt kiszakadni a napi rutinb\u00f3l, \u00e9s \u00e9lvezni az \u00e9let egyszer\u0171 \u00f6r\u00f6meit.<\/span><\/li>\n<li><span style=\"font-weight: 400;\">Fejleszti a k\u00e9pzel\u0151er\u0151t \u00e9s a logikus gondolkod\u00e1st.<\/span><\/li>\n<li><span style=\"font-weight: 400;\">Kellemes m\u00f3dja a szocializ\u00e1ci\u00f3nak \u00e9s a szeretteinkkel val\u00f3 kapcsolatteremt\u00e9snek.<\/span><\/li>\n<\/ul>\n<p><strong>Tudtad, hogy&#8230;?<\/strong><\/p>\n<p><span style=\"font-weight: 400;\">Bonaparte Nap\u00f3leont a Notre-Dame-sz\u00e9kesegyh\u00e1zban cs\u00e1sz\u00e1rr\u00e1 koron\u00e1zt\u00e1k.<\/span><\/p>\n<p><span style=\"font-weight: 400;\">Victor Hugo az\u00e9rt \u00edrta A Notre-Dame-i p\u00fapos c\u00edm\u0171 reg\u00e9ny\u00e9t, hogy megmentse a sz\u00e9kesegyh\u00e1zat a lebont\u00e1st\u00f3l.<\/span><\/p>\n<p><span style=\"font-weight: 400;\">\u00c9vente t\u00f6bb mint 13 milli\u00f3 l\u00e1togat\u00f3 l\u00e9pi \u00e1t ennek a leny\u0171g\u00f6z\u0151 g\u00f3tikus st\u00edlus\u00fa katedr\u00e1lisnak a kapuit.<\/span><\/p>\n<p><span style=\"font-weight: 400;\">A r\u00f3maiak a mai sz\u00e9kesegyh\u00e1z hely\u00e9n egy Jupiter-templomot \u00e9p\u00edtettek.<\/span><\/p>\n<p><span style=\"font-weight: 400;\">Az 1793-as francia forradalom idej\u00e9n a feld\u00fch\u00f6d\u00f6tt t\u00f6megek t\u00f6bb bibliai kir\u00e1lyokat \u00e1br\u00e1zol\u00f3 szobrot lefejeztek.<\/span><\/p>\n<p><strong>Cartoon 1000 darabos puzzle &#8211; Notre Dame katedr\u00e1lis lass\u00edtja az \u00e9let gyors temp\u00f3j\u00e1t<\/strong><\/p>\n<p><span style=\"font-weight: 400;\">Rakd \u00f6ssze darabr\u00f3l darabra a pozit\u00edv rezg\u00e9sekkel teli sz\u00ednes anim\u00e1lt illusztr\u00e1ci\u00f3t, \u00e9s \u00e9lvezd a n\u00e9h\u00e1ny \u00f3r\u00e1s kikapcsol\u00f3d\u00e1st. Az id\u0151 lassabban folyik a teljes m\u00e9rt\u00e9kben ki\u00e9lvezhet\u0151 pillanatokban, \u00e9s a mindennapi gondok \u00e9s ezernyi f\u00e1radt gondolat var\u00e1zs\u00fct\u00e9sre elt\u0171nik az 1000 darabos Cartoon &#8211; Notre Dame puzzle seg\u00edts\u00e9g\u00e9vel.<\/span><\/p>\n<p><span style=\"font-weight: 400;\">Ez az 1000 darabos puzzle ide\u00e1lis azokhoz a pillanatokhoz, amikor egyed\u00fcl akarsz lenni a gondolataiddal, vagy ha szeretn\u00e9l kiszakadni az unalomb\u00f3l, \u00e9s min\u0151s\u00e9gi id\u0151t t\u00f6lteni szeretteiddel.<\/span><\/p>\n<p><span style=\"font-weight: 400;\">V\u00e1lassza az 1000 darabos Notre Dame puzzle-t a Cartoon kollekci\u00f3b\u00f3l, hogy \u00f6sszerakja, amikor csak kedve t\u00e1mad kikapcsol\u00f3dni, vagy tegye be a keretbe, \u00e9s csod\u00e1lja a m\u0171v\u00e9t, amikor csak stresszel. Ha kellemes meglepet\u00e9st szeretne adni a kirak\u00f3s j\u00e1t\u00e9kok kedvel\u0151inek, fontolja meg ezt a csod\u00e1latos 1000 darabos kirak\u00f3t.<\/span><\/p>\n","protected":false},"excerpt":{"rendered":"<p>A rajzfilmes puzzle-gy\u0171jtem\u00e9ny igazi sz\u00f3rakoz\u00e1ss\u00e1 var\u00e1zsolja az \u00f6sszetett kirak\u00f3s j\u00e1t\u00e9kot. Gy\u0171jtse \u00f6ssze bar\u00e1ti t\u00e1rsas\u00e1g\u00e1t, \u00e9s t\u00f6lts\u00f6n egy\u00fctt sok-sok \u00f3r\u00e1nyi kikapcsol\u00f3d\u00e1st<\/p>\n","protected":false},"featured_media":36059,"template":"","meta":[],"product_brand":[],"product_cat":[1920,1919,1881],"product_tag":[],"class_list":{"0":"post-40600","1":"product","2":"type-product","3":"status-publish","4":"has-post-thumbnail","6":"product_cat-1000-darabos-kirakos-jatek","7":"product_cat-felnott-kirakos-jatekok","8":"product_cat-kirakos-jatekok","9":"pa_brand-d_toys-hu","10":"pa_country_of_manufacture-ro-hu","11":"pa_filter_age-14-hu","12":"pa_painter-cartooncollection-hu","13":"pa_tip_ambalaj-doboz","14":"pa_tip_puzzle-klasszikus","16":"first","17":"instock","18":"taxable","19":"shipping-taxable","20":"product-type-simple"},"yoast_head":"<!-- This site is optimized with the Yoast SEO plugin v20.1 - https:\/\/yoast.com\/wordpress\/plugins\/seo\/ -->\n<title>Puzzle Notre Dame - 1000 darabos feln\u0151tt puzzle - Cartoon Collection<\/title>\n<meta name=\"description\" content=\"Puzzle Notre Dame - 1000 darabos feln\u0151tt puzzle - Cartoon Collection\" \/>\n<meta name=\"robots\" content=\"index, follow, max-snippet:-1, max-image-preview:large, max-video-preview:-1\" \/>\n<link rel=\"canonical\" href=\"https:\/\/business.roovi.com\/hu\/puzzle-notre-dame-1000-darabos-felnott-puzzle-cartoon-collection\/p\/\" \/>\n<meta property=\"og:locale\" content=\"hu_HU\" \/>\n<meta property=\"og:type\" content=\"article\" \/>\n<meta property=\"og:title\" content=\"Puzzle Notre Dame - 1000 darabos feln\u0151tt puzzle - Cartoon Collection\" \/>\n<meta property=\"og:description\" content=\"Puzzle Notre Dame - 1000 darabos feln\u0151tt puzzle - Cartoon Collection\" \/>\n<meta property=\"og:url\" content=\"https:\/\/business.roovi.com\/hu\/puzzle-notre-dame-1000-darabos-felnott-puzzle-cartoon-collection\/p\/\" \/>\n<meta property=\"og:site_name\" content=\"Roovi B2B\" \/>\n<meta property=\"article:publisher\" content=\"https:\/\/www.facebook.com\/wwwjucariero\" \/>\n<meta property=\"article:modified_time\" content=\"2022-10-18T09:52:28+00:00\" \/>\n<meta property=\"og:image\" content=\"https:\/\/business.roovi.com\/wp-content\/uploads\/2018\/04\/61218-15-ansamblu_dimensiuni-cutie-cm_orizontal-1200x1200.png\" \/>\n\t<meta property=\"og:image:width\" content=\"840\" \/>\n\t<meta property=\"og:image:height\" content=\"840\" \/>\n\t<meta property=\"og:image:type\" content=\"image\/png\" \/>\n<meta name=\"twitter:label1\" content=\"Becs\u00fclt olvas\u00e1si id\u0151\" \/>\n\t<meta name=\"twitter:data1\" content=\"3 perc\" \/>\n<script type=\"application\/ld+json\" class=\"yoast-schema-graph\">{\"@context\":\"https:\/\/schema.org\",\"@graph\":[{\"@type\":\"WebPage\",\"@id\":\"https:\/\/business.roovi.com\/hu\/puzzle-notre-dame-1000-darabos-felnott-puzzle-cartoon-collection\/p\/\",\"url\":\"https:\/\/business.roovi.com\/hu\/puzzle-notre-dame-1000-darabos-felnott-puzzle-cartoon-collection\/p\/\",\"name\":\"Puzzle Notre Dame - 1000 darabos feln\u0151tt puzzle - Cartoon Collection\",\"isPartOf\":{\"@id\":\"https:\/\/business.roovi.com\/hu\/#website\"},\"datePublished\":\"2018-04-16T10:56:18+00:00\",\"dateModified\":\"2022-10-18T09:52:28+00:00\",\"description\":\"Puzzle Notre Dame - 1000 darabos feln\u0151tt puzzle - Cartoon Collection\",\"breadcrumb\":{\"@id\":\"https:\/\/business.roovi.com\/hu\/puzzle-notre-dame-1000-darabos-felnott-puzzle-cartoon-collection\/p\/#breadcrumb\"},\"inLanguage\":\"hu\",\"potentialAction\":[{\"@type\":\"ReadAction\",\"target\":[\"https:\/\/business.roovi.com\/hu\/puzzle-notre-dame-1000-darabos-felnott-puzzle-cartoon-collection\/p\/\"]}]},{\"@type\":\"BreadcrumbList\",\"@id\":\"https:\/\/business.roovi.com\/hu\/puzzle-notre-dame-1000-darabos-felnott-puzzle-cartoon-collection\/p\/#breadcrumb\",\"itemListElement\":[{\"@type\":\"ListItem\",\"position\":1,\"name\":\"Home\",\"item\":\"https:\/\/business.roovi.com\/hu\/\"},{\"@type\":\"ListItem\",\"position\":2,\"name\":\"Shop\",\"item\":\"https:\/\/business.roovi.com\/hu\/shop\/\"},{\"@type\":\"ListItem\",\"position\":3,\"name\":\"Puzzle Notre Dame &#8211; 1000 darabos feln\u0151tt puzzle &#8211; Cartoon Collection\"}]},{\"@type\":\"WebSite\",\"@id\":\"https:\/\/business.roovi.com\/hu\/#website\",\"url\":\"https:\/\/business.roovi.com\/hu\/\",\"name\":\"Roovi B2B\",\"description\":\"Roovi Business Website\",\"potentialAction\":[{\"@type\":\"SearchAction\",\"target\":{\"@type\":\"EntryPoint\",\"urlTemplate\":\"https:\/\/business.roovi.com\/hu\/?s={search_term_string}\"},\"query-input\":\"required name=search_term_string\"}],\"inLanguage\":\"hu\"}]}<\/script>\n<!-- \/ Yoast SEO plugin. -->","yoast_head_json":{"title":"Puzzle Notre Dame - 1000 darabos feln\u0151tt puzzle - Cartoon Collection","description":"Puzzle Notre Dame - 1000 darabos feln\u0151tt puzzle - Cartoon Collection","robots":{"index":"index","follow":"follow","max-snippet":"max-snippet:-1","max-image-preview":"max-image-preview:large","max-video-preview":"max-video-preview:-1"},"canonical":"https:\/\/business.roovi.com\/hu\/puzzle-notre-dame-1000-darabos-felnott-puzzle-cartoon-collection\/p\/","og_locale":"hu_HU","og_type":"article","og_title":"Puzzle Notre Dame - 1000 darabos feln\u0151tt puzzle - Cartoon Collection","og_description":"Puzzle Notre Dame - 1000 darabos feln\u0151tt puzzle - Cartoon Collection","og_url":"https:\/\/business.roovi.com\/hu\/puzzle-notre-dame-1000-darabos-felnott-puzzle-cartoon-collection\/p\/","og_site_name":"Roovi B2B","article_publisher":"https:\/\/www.facebook.com\/wwwjucariero","article_modified_time":"2022-10-18T09:52:28+00:00","og_image":[{"width":840,"height":840,"url":"https:\/\/business.roovi.com\/wp-content\/uploads\/2018\/04\/61218-15-ansamblu_dimensiuni-cutie-cm_orizontal-1200x1200.png","type":"image\/png"}],"twitter_misc":{"Becs\u00fclt olvas\u00e1si id\u0151":"3 perc"},"schema":{"@context":"https:\/\/schema.org","@graph":[{"@type":"WebPage","@id":"https:\/\/business.roovi.com\/hu\/puzzle-notre-dame-1000-darabos-felnott-puzzle-cartoon-collection\/p\/","url":"https:\/\/business.roovi.com\/hu\/puzzle-notre-dame-1000-darabos-felnott-puzzle-cartoon-collection\/p\/","name":"Puzzle Notre Dame - 1000 darabos feln\u0151tt puzzle - Cartoon Collection","isPartOf":{"@id":"https:\/\/business.roovi.com\/hu\/#website"},"datePublished":"2018-04-16T10:56:18+00:00","dateModified":"2022-10-18T09:52:28+00:00","description":"Puzzle Notre Dame - 1000 darabos feln\u0151tt puzzle - Cartoon Collection","breadcrumb":{"@id":"https:\/\/business.roovi.com\/hu\/puzzle-notre-dame-1000-darabos-felnott-puzzle-cartoon-collection\/p\/#breadcrumb"},"inLanguage":"hu","potentialAction":[{"@type":"ReadAction","target":["https:\/\/business.roovi.com\/hu\/puzzle-notre-dame-1000-darabos-felnott-puzzle-cartoon-collection\/p\/"]}]},{"@type":"BreadcrumbList","@id":"https:\/\/business.roovi.com\/hu\/puzzle-notre-dame-1000-darabos-felnott-puzzle-cartoon-collection\/p\/#breadcrumb","itemListElement":[{"@type":"ListItem","position":1,"name":"Home","item":"https:\/\/business.roovi.com\/hu\/"},{"@type":"ListItem","position":2,"name":"Shop","item":"https:\/\/business.roovi.com\/hu\/shop\/"},{"@type":"ListItem","position":3,"name":"Puzzle Notre Dame &#8211; 1000 darabos feln\u0151tt puzzle &#8211; Cartoon Collection"}]},{"@type":"WebSite","@id":"https:\/\/business.roovi.com\/hu\/#website","url":"https:\/\/business.roovi.com\/hu\/","name":"Roovi B2B","description":"Roovi Business Website","potentialAction":[{"@type":"SearchAction","target":{"@type":"EntryPoint","urlTemplate":"https:\/\/business.roovi.com\/hu\/?s={search_term_string}"},"query-input":"required name=search_term_string"}],"inLanguage":"hu"}]}},"_links":{"self":[{"href":"https:\/\/business.roovi.com\/hu\/wp-json\/wp\/v2\/product\/40600","targetHints":{"allow":["GET"]}}],"collection":[{"href":"https:\/\/business.roovi.com\/hu\/wp-json\/wp\/v2\/product"}],"about":[{"href":"https:\/\/business.roovi.com\/hu\/wp-json\/wp\/v2\/types\/product"}],"version-history":[{"count":0,"href":"https:\/\/business.roovi.com\/hu\/wp-json\/wp\/v2\/product\/40600\/revisions"}],"wp:featuredmedia":[{"embeddable":true,"href":"https:\/\/business.roovi.com\/hu\/wp-json\/wp\/v2\/media\/36059"}],"wp:attachment":[{"href":"https:\/\/business.roovi.com\/hu\/wp-json\/wp\/v2\/media?parent=40600"}],"wp:term":[{"taxonomy":"product_brand","embeddable":true,"href":"https:\/\/business.roovi.com\/hu\/wp-json\/wp\/v2\/product_brand?post=40600"},{"taxonomy":"product_cat","embeddable":true,"href":"https:\/\/business.roovi.com\/hu\/wp-json\/wp\/v2\/product_cat?post=40600"},{"taxonomy":"product_tag","embeddable":true,"href":"https:\/\/business.roovi.com\/hu\/wp-json\/wp\/v2\/product_tag?post=40600"}],"curies":[{"name":"wp","href":"https:\/\/api.w.org\/{rel}","templated":true}]}}