{"id":40604,"date":"2018-04-16T10:56:18","date_gmt":"2018-04-16T10:56:18","guid":{"rendered":"https:\/\/business.roovi.com\/puzzle-copii-240-piese-romania-tara-turismului\/p\/"},"modified":"2023-03-01T11:03:47","modified_gmt":"2023-03-01T11:03:47","slug":"gyermek-kirakos-jatek-240-darab-romania-tara-turismului","status":"publish","type":"product","link":"https:\/\/business.roovi.com\/hu\/gyermek-kirakos-jatek-240-darab-romania-tara-turismului\/p\/","title":{"rendered":"Puzzle 240 darab &#8211; Rom\u00e1nia &#8211; Turizmus orsz\u00e1ga"},"content":{"rendered":"<p><span style=\"font-weight: 400;\">Van olyan gyermeke, akit leny\u0171g\u00f6z a t\u00f6rt\u00e9nelem vagy a f\u00f6ldrajz? Ismer olyan gyermeket, aki szenved\u00e9lyesen szeret utazni \u00e9s \u00faj helyeket felfedezni?<\/span><\/p>\n<p><span style=\"font-weight: 400;\">Mutasd meg nekik, milyen leny\u0171g\u00f6z\u0151 Rom\u00e1nia, \u00e9s hogy mennyi t\u00f6rt\u00e9nelmi eml\u00e9km\u0171 van sz\u00e9tsz\u00f3rva az orsz\u00e1gban ezzel a 240 darabos gyermekkirak\u00f3val, amelyben darabr\u00f3l darabra felfedezhetik Rom\u00e1ni\u00e1t &#8211; A turizmus orsz\u00e1g\u00e1t.<\/span><\/p>\n<p><span style=\"font-weight: 400;\">A gyerekek megismerkedhetnek az orsz\u00e1got v\u00e9d\u0151 t\u00f6rt\u00e9nelmi r\u00e9gi\u00f3kkal \u00e9s impoz\u00e1ns er\u0151d\u00f6kkel, felfedezhetik a v\u00e1rakat \u00e9s a kir\u00e1lyok \u00e9s kir\u00e1lyn\u0151k t\u00f6rt\u00e9neteit, az eg\u00e9sz vil\u00e1got leny\u0171g\u00f6z\u0151 templomokat \u00e9s kolostorokat, amelyek az UNESCO vil\u00e1g\u00f6r\u00f6ks\u00e9gi list\u00e1j\u00e1n szerepelnek, vagy olyan v\u00e1rosokat, amelyek sz\u00e9ps\u00e9g\u00fckben Eur\u00f3pa b\u00e1rmely m\u00e1s v\u00e1ros\u00e1val vetekednek <\/span><\/p>\n<p><span style=\"font-weight: 400;\">Fedezzen fel egy olyan gyermekrejtv\u00e9nyt, amely felkelti a k\u00edv\u00e1ncsis\u00e1got \u00e9s a v\u00e1gyat, hogy r\u00e9szletesebben megismerje Rom\u00e1ni\u00e1t.<\/span><\/p>\n<h2><span style=\"font-weight: 400;\">Mi\u00e9rt v\u00e1lasszon egy 240 darabos gyermek puzzle-t Rom\u00e1nia &#8211; Land of Tourism<\/span><\/h2>\n<ul>\n<li><span style=\"font-weight: 400;\">Ez egy gy\u00f6ny\u00f6r\u0171en sz\u00ednezett kirak\u00f3, \u00e9l\u00e9nk sz\u00ednekkel, amelyek a gyermekek sz\u00e1m\u00e1ra kellemesek, an\u00e9lk\u00fcl, hogy zavar\u00f3ak lenn\u00e9nek a szem sz\u00e1m\u00e1ra.<\/span><\/li>\n<li><span style=\"font-weight: 400;\">Minden egyes puzzle-darab t\u00f6k\u00e9letesen illeszkedik, \u00e9s az eredm\u00e9ny egys\u00e9ges.<\/span><\/li>\n<li><span style=\"font-weight: 400;\">A puzzle nagyon j\u00f3 min\u0151s\u00e9g\u0171, tart\u00f3s, 2 mm vastag kartonb\u00f3l k\u00e9sz\u00fclt.<\/span><\/li>\n<li><span style=\"font-weight: 400;\">A j\u00e1t\u00e9k 7-10 \u00e9ves kor\u00fa gyermekek sz\u00e1m\u00e1ra alkalmas, \u00e9s sz\u00f3rakoztat\u00f3 kih\u00edv\u00e1s, amely serkenti a k\u00e9pzelet\u00fcket \u00e9s a megfigyel\u0151k\u00e9pess\u00e9g\u00fcket.<\/span><\/li>\n<\/ul>\n<p><span style=\"font-weight: 400;\">A gyerekek sz\u00e1m\u00e1ra a kirak\u00f3s j\u00e1t\u00e9k rendk\u00edv\u00fcl hasznos, \u00e9s sz\u00e1mos k\u00e9szs\u00e9g\u00fck fejl\u0151d\u00e9s\u00e9t seg\u00edti:<\/span><\/p>\n<ul>\n<li><span style=\"font-weight: 400;\">\u00f6szt\u00f6nzi a r\u00e9szletekre val\u00f3 odafigyel\u00e9st,<\/span><\/li>\n<li><span style=\"font-weight: 400;\">seg\u00edt a szem-k\u00e9z koordin\u00e1ci\u00f3 gyakorl\u00e1s\u00e1ban,<\/span><\/li>\n<li><span style=\"font-weight: 400;\">serkenti a finommotoros k\u00e9szs\u00e9gek fejl\u0151d\u00e9s\u00e9t \u00e9s a k\u00e9z\u00fcgyess\u00e9g gyakorl\u00e1s\u00e1t,<\/span><\/li>\n<li><span style=\"font-weight: 400;\">egyetlen feladatra val\u00f3 koncentr\u00e1l\u00e1sra \u00f6szt\u00f6n\u00f6z, an\u00e9lk\u00fcl, hogy k\u00f6nnyen eltereln\u00e9k a figyelm\u00fcket a k\u00f6r\u00fcl\u00f6tt\u00fck zajl\u00f3 esem\u00e9nyek,<\/span><\/li>\n<li><span style=\"font-weight: 400;\">pihentet\u0151 \u00e9s sz\u00f3rakoztat\u00f3 tev\u00e9kenys\u00e9g,<\/span><\/li>\n<li><span style=\"font-weight: 400;\">t\u00e1mogatja az agy mindk\u00e9t f\u00e9ltek\u00e9j\u00e9nek fejl\u0151d\u00e9s\u00e9t.<\/span><\/li>\n<\/ul>\n<h2><span style=\"font-weight: 400;\">240 darabos gyermek kirak\u00f3j\u00e1t\u00e9k a kikapcsol\u00f3d\u00e1shoz \u00e9s a mem\u00f3ria tr\u00e9ninghez<\/span><\/h2>\n<p><span style=\"font-weight: 400;\">A gyerekek sz\u00e1m\u00e1ra a t\u00fcrelem a legnehezebben elsaj\u00e1t\u00edthat\u00f3 k\u00e9szs\u00e9gek k\u00f6z\u00e9 tartozik. Mivel naponta t\u00f6bb sz\u00e1z inger \u00e9ri \u0151ket, ak\u00e1r online, ak\u00e1r offline, a gyerekek megtanult\u00e1k, hogy mindent gyorsan kell csin\u00e1lni \u00e9s gyorsan kell \u00e9lni, ak\u00e1rcsak a feln\u0151ttek <\/span><\/p>\n<p><span style=\"font-weight: 400;\">Seg\u00edtsen nekik meg\u00e1llni, hogy jobban jelen legyenek, jobban kapcsol\u00f3djanak a tev\u00e9kenys\u00e9geikhez, \u00e9s sz\u00e1njanak id\u0151t arra, hogy \u00fajra kapcsolatba ker\u00fcljenek \u00f6nmagukkal egy olyan pihentet\u0151 \u00e9s agyserkent\u0151 tev\u00e9kenys\u00e9gen kereszt\u00fcl, mint p\u00e9ld\u00e1ul egy 240 darabos puzzle \u00f6ssze\u00e1ll\u00edt\u00e1sa <\/span><\/p>\n<p><span style=\"font-weight: 400;\">A kirak\u00f3s seg\u00edts\u00e9g\u00e9vel megtanulnak jobban koncentr\u00e1lni, \u00e9s m\u00e9g az iskolai munk\u00e1jukat is jav\u00edthatj\u00e1k.<\/span><\/p>\n<p><span style=\"font-weight: 400;\">Ak\u00e1r \u00fagy d\u00f6ntesz, hogy a kirak\u00f3t magad csin\u00e1lod meg a gyerekekkel, ak\u00e1r aj\u00e1nd\u00e9kba adod, biztosan meglepet\u00e9s \u00e9s sz\u00f3rakoztat\u00f3 tev\u00e9kenys\u00e9g lesz.<\/span><\/p>\n","protected":false},"excerpt":{"rendered":"<p>Van olyan gyermeke, akit leny\u0171g\u00f6z a t\u00f6rt\u00e9nelem vagy a f\u00f6ldrajz? Ismer olyan gyermeket, aki szenved\u00e9lyesen szeret utazni \u00e9s \u00faj helyeket<\/p>\n","protected":false},"featured_media":36071,"template":"","meta":[],"product_brand":[],"product_cat":[1891],"product_tag":[],"class_list":{"0":"post-40604","1":"product","2":"type-product","3":"status-publish","4":"has-post-thumbnail","6":"product_cat-roman-jatekok","7":"pa_brand-d_toys-hu","8":"pa_country_of_manufacture-ro-hu","9":"pa_filter_age-7_9-hu","10":"pa_filter_age-9_14-hu","11":"pa_painter-romania-hu","12":"pa_tip_ambalaj-doboz","13":"pa_tip_puzzle-klasszikus","15":"first","16":"instock","17":"taxable","18":"shipping-taxable","19":"product-type-simple"},"yoast_head":"<!-- This site is optimized with the Yoast SEO plugin v20.1 - https:\/\/yoast.com\/wordpress\/plugins\/seo\/ -->\n<title>Gyermek kirak\u00f3s j\u00e1t\u00e9k 240 darab - Rom\u00e1nia - Tara Turismului<\/title>\n<meta name=\"description\" content=\"Gyermek kirak\u00f3s j\u00e1t\u00e9k 240 darab - Rom\u00e1nia - Tara Turismului\" \/>\n<meta name=\"robots\" content=\"index, follow, max-snippet:-1, max-image-preview:large, max-video-preview:-1\" \/>\n<link rel=\"canonical\" href=\"https:\/\/business.roovi.com\/hu\/gyermek-kirakos-jatek-240-darab-romania-tara-turismului\/p\/\" \/>\n<meta property=\"og:locale\" content=\"hu_HU\" \/>\n<meta property=\"og:type\" content=\"article\" \/>\n<meta property=\"og:title\" content=\"Gyermek kirak\u00f3s j\u00e1t\u00e9k 240 darab - Rom\u00e1nia - Tara Turismului\" \/>\n<meta property=\"og:description\" content=\"Gyermek kirak\u00f3s j\u00e1t\u00e9k 240 darab - Rom\u00e1nia - Tara Turismului\" \/>\n<meta property=\"og:url\" content=\"https:\/\/business.roovi.com\/hu\/gyermek-kirakos-jatek-240-darab-romania-tara-turismului\/p\/\" \/>\n<meta property=\"og:site_name\" content=\"Roovi B2B\" \/>\n<meta property=\"article:publisher\" content=\"https:\/\/www.facebook.com\/wwwjucariero\" \/>\n<meta property=\"article:modified_time\" content=\"2023-03-01T11:03:47+00:00\" \/>\n<meta property=\"og:image\" content=\"https:\/\/business.roovi.com\/wp-content\/uploads\/2018\/04\/74225-02_ansamblu_dimensiuni_cutie_cm.png\" \/>\n\t<meta property=\"og:image:width\" content=\"2000\" \/>\n\t<meta property=\"og:image:height\" content=\"2000\" \/>\n\t<meta property=\"og:image:type\" content=\"image\/png\" \/>\n<meta name=\"twitter:label1\" content=\"Becs\u00fclt olvas\u00e1si id\u0151\" \/>\n\t<meta name=\"twitter:data1\" content=\"2 perc\" \/>\n<script type=\"application\/ld+json\" class=\"yoast-schema-graph\">{\"@context\":\"https:\/\/schema.org\",\"@graph\":[{\"@type\":\"WebPage\",\"@id\":\"https:\/\/business.roovi.com\/hu\/gyermek-kirakos-jatek-240-darab-romania-tara-turismului\/p\/\",\"url\":\"https:\/\/business.roovi.com\/hu\/gyermek-kirakos-jatek-240-darab-romania-tara-turismului\/p\/\",\"name\":\"Gyermek kirak\u00f3s j\u00e1t\u00e9k 240 darab - Rom\u00e1nia - Tara Turismului\",\"isPartOf\":{\"@id\":\"https:\/\/business.roovi.com\/hu\/#website\"},\"datePublished\":\"2018-04-16T10:56:18+00:00\",\"dateModified\":\"2023-03-01T11:03:47+00:00\",\"description\":\"Gyermek kirak\u00f3s j\u00e1t\u00e9k 240 darab - Rom\u00e1nia - Tara Turismului\",\"breadcrumb\":{\"@id\":\"https:\/\/business.roovi.com\/hu\/gyermek-kirakos-jatek-240-darab-romania-tara-turismului\/p\/#breadcrumb\"},\"inLanguage\":\"hu\",\"potentialAction\":[{\"@type\":\"ReadAction\",\"target\":[\"https:\/\/business.roovi.com\/hu\/gyermek-kirakos-jatek-240-darab-romania-tara-turismului\/p\/\"]}]},{\"@type\":\"BreadcrumbList\",\"@id\":\"https:\/\/business.roovi.com\/hu\/gyermek-kirakos-jatek-240-darab-romania-tara-turismului\/p\/#breadcrumb\",\"itemListElement\":[{\"@type\":\"ListItem\",\"position\":1,\"name\":\"Home\",\"item\":\"https:\/\/business.roovi.com\/hu\/\"},{\"@type\":\"ListItem\",\"position\":2,\"name\":\"Shop\",\"item\":\"https:\/\/business.roovi.com\/hu\/shop\/\"},{\"@type\":\"ListItem\",\"position\":3,\"name\":\"Puzzle 240 darab &#8211; Rom\u00e1nia &#8211; Turizmus orsz\u00e1ga\"}]},{\"@type\":\"WebSite\",\"@id\":\"https:\/\/business.roovi.com\/hu\/#website\",\"url\":\"https:\/\/business.roovi.com\/hu\/\",\"name\":\"Roovi B2B\",\"description\":\"Roovi Business Website\",\"potentialAction\":[{\"@type\":\"SearchAction\",\"target\":{\"@type\":\"EntryPoint\",\"urlTemplate\":\"https:\/\/business.roovi.com\/hu\/?s={search_term_string}\"},\"query-input\":\"required name=search_term_string\"}],\"inLanguage\":\"hu\"}]}<\/script>\n<!-- \/ Yoast SEO plugin. -->","yoast_head_json":{"title":"Gyermek kirak\u00f3s j\u00e1t\u00e9k 240 darab - Rom\u00e1nia - Tara Turismului","description":"Gyermek kirak\u00f3s j\u00e1t\u00e9k 240 darab - Rom\u00e1nia - Tara Turismului","robots":{"index":"index","follow":"follow","max-snippet":"max-snippet:-1","max-image-preview":"max-image-preview:large","max-video-preview":"max-video-preview:-1"},"canonical":"https:\/\/business.roovi.com\/hu\/gyermek-kirakos-jatek-240-darab-romania-tara-turismului\/p\/","og_locale":"hu_HU","og_type":"article","og_title":"Gyermek kirak\u00f3s j\u00e1t\u00e9k 240 darab - Rom\u00e1nia - Tara Turismului","og_description":"Gyermek kirak\u00f3s j\u00e1t\u00e9k 240 darab - Rom\u00e1nia - Tara Turismului","og_url":"https:\/\/business.roovi.com\/hu\/gyermek-kirakos-jatek-240-darab-romania-tara-turismului\/p\/","og_site_name":"Roovi B2B","article_publisher":"https:\/\/www.facebook.com\/wwwjucariero","article_modified_time":"2023-03-01T11:03:47+00:00","og_image":[{"width":2000,"height":2000,"url":"https:\/\/business.roovi.com\/wp-content\/uploads\/2018\/04\/74225-02_ansamblu_dimensiuni_cutie_cm.png","type":"image\/png"}],"twitter_misc":{"Becs\u00fclt olvas\u00e1si id\u0151":"2 perc"},"schema":{"@context":"https:\/\/schema.org","@graph":[{"@type":"WebPage","@id":"https:\/\/business.roovi.com\/hu\/gyermek-kirakos-jatek-240-darab-romania-tara-turismului\/p\/","url":"https:\/\/business.roovi.com\/hu\/gyermek-kirakos-jatek-240-darab-romania-tara-turismului\/p\/","name":"Gyermek kirak\u00f3s j\u00e1t\u00e9k 240 darab - Rom\u00e1nia - Tara Turismului","isPartOf":{"@id":"https:\/\/business.roovi.com\/hu\/#website"},"datePublished":"2018-04-16T10:56:18+00:00","dateModified":"2023-03-01T11:03:47+00:00","description":"Gyermek kirak\u00f3s j\u00e1t\u00e9k 240 darab - Rom\u00e1nia - Tara Turismului","breadcrumb":{"@id":"https:\/\/business.roovi.com\/hu\/gyermek-kirakos-jatek-240-darab-romania-tara-turismului\/p\/#breadcrumb"},"inLanguage":"hu","potentialAction":[{"@type":"ReadAction","target":["https:\/\/business.roovi.com\/hu\/gyermek-kirakos-jatek-240-darab-romania-tara-turismului\/p\/"]}]},{"@type":"BreadcrumbList","@id":"https:\/\/business.roovi.com\/hu\/gyermek-kirakos-jatek-240-darab-romania-tara-turismului\/p\/#breadcrumb","itemListElement":[{"@type":"ListItem","position":1,"name":"Home","item":"https:\/\/business.roovi.com\/hu\/"},{"@type":"ListItem","position":2,"name":"Shop","item":"https:\/\/business.roovi.com\/hu\/shop\/"},{"@type":"ListItem","position":3,"name":"Puzzle 240 darab &#8211; Rom\u00e1nia &#8211; Turizmus orsz\u00e1ga"}]},{"@type":"WebSite","@id":"https:\/\/business.roovi.com\/hu\/#website","url":"https:\/\/business.roovi.com\/hu\/","name":"Roovi B2B","description":"Roovi Business Website","potentialAction":[{"@type":"SearchAction","target":{"@type":"EntryPoint","urlTemplate":"https:\/\/business.roovi.com\/hu\/?s={search_term_string}"},"query-input":"required name=search_term_string"}],"inLanguage":"hu"}]}},"_links":{"self":[{"href":"https:\/\/business.roovi.com\/hu\/wp-json\/wp\/v2\/product\/40604","targetHints":{"allow":["GET"]}}],"collection":[{"href":"https:\/\/business.roovi.com\/hu\/wp-json\/wp\/v2\/product"}],"about":[{"href":"https:\/\/business.roovi.com\/hu\/wp-json\/wp\/v2\/types\/product"}],"version-history":[{"count":0,"href":"https:\/\/business.roovi.com\/hu\/wp-json\/wp\/v2\/product\/40604\/revisions"}],"wp:featuredmedia":[{"embeddable":true,"href":"https:\/\/business.roovi.com\/hu\/wp-json\/wp\/v2\/media\/36071"}],"wp:attachment":[{"href":"https:\/\/business.roovi.com\/hu\/wp-json\/wp\/v2\/media?parent=40604"}],"wp:term":[{"taxonomy":"product_brand","embeddable":true,"href":"https:\/\/business.roovi.com\/hu\/wp-json\/wp\/v2\/product_brand?post=40604"},{"taxonomy":"product_cat","embeddable":true,"href":"https:\/\/business.roovi.com\/hu\/wp-json\/wp\/v2\/product_cat?post=40604"},{"taxonomy":"product_tag","embeddable":true,"href":"https:\/\/business.roovi.com\/hu\/wp-json\/wp\/v2\/product_tag?post=40604"}],"curies":[{"name":"wp","href":"https:\/\/api.w.org\/{rel}","templated":true}]}}