{"id":40664,"date":"2022-01-13T13:47:00","date_gmt":"2022-01-13T13:47:00","guid":{"rendered":"https:\/\/business.roovi.com\/puzzle-adulti-1000-piese-gustav-klimt-portrait-of-fritza-riedler\/p\/"},"modified":"2022-07-06T15:34:33","modified_gmt":"2022-07-06T15:34:33","slug":"1000-darabos-gustav-klimt-felnott-puzzle-fritza-riedler-portreja","status":"publish","type":"product","link":"https:\/\/business.roovi.com\/hu\/1000-darabos-gustav-klimt-felnott-puzzle-fritza-riedler-portreja\/p\/","title":{"rendered":"1000 darabos Gustav Klimt feln\u0151tt puzzle &#8211; Fritza Riedler portr\u00e9ja"},"content":{"rendered":"<p><span style=\"font-weight: 400\">Leny\u0171g\u00f6zik a m\u0171alkot\u00e1sok? Mit sz\u00f3ln\u00e1l ahhoz, ha 1000 puzzle-darabb\u00f3l megalkotn\u00e1d a saj\u00e1t szecesszi\u00f3s festm\u00e9nyedet? Elv\u00e1lasztja \u00d6nt a k\u00e9perny\u0151kt\u0151l, \u00e9s a szem\u00e9lyes alkot\u00e1s egyed\u00fcl\u00e1ll\u00f3 \u00e9rz\u00e9s\u00e9t ny\u00fajtja.<\/span><\/p>\n<p><span style=\"font-weight: 400\">Gustav Klimt egyike azoknak a m\u0171v\u00e9szeknek, akik friss \u00e9s \u00fcd\u00edt\u0151 st\u00edlust hoztak a m\u0171v\u00e9szetbe. Egyszerre megd\u00f6bbent\u0151 \u00e9s leny\u0171g\u00f6z\u0151, leny\u0171g\u00f6z\u0151 gy\u0171jtem\u00e9nyt hagyott h\u00e1tra, amely ma is gy\u00f6ny\u00f6rk\u00f6dtet \u00e9s inspir\u00e1l.<\/span><\/p>\n<p><span style=\"font-weight: 400\">A Fritza Riedler 1000 darabos puzzle portr\u00e9ja a m\u0171v\u00e9szn\u0151 korai alkot\u00f3i korszak\u00e1b\u00f3l sz\u00e1rmaz\u00f3, azonos c\u00edm\u0171 festm\u00e9nyt reproduk\u00e1lja. Fritza a 20. sz\u00e1zad eleji b\u00e9csi k\u00f6z\u00e9poszt\u00e1ly gazdags\u00e1g\u00e1t \u00e9s felemelked\u0151 st\u00e1tusz\u00e1t testes\u00edti meg.<\/span><\/p>\n<p><span style=\"font-weight: 400\">\u00c9p\u00edtsd meg Klimt mozaikj\u00e1t darabr\u00f3l darabra, \u00e9s a v\u00e9g\u00e9n \u00e9lvezd az \u00e9rt\u00e9kes festm\u00e9nyt, az eredeti remekm\u0171 t\u00f6k\u00e9letes m\u00e1solat\u00e1t. Haszn\u00e1ljon egy hagyom\u00e1nyos doh\u00e1nyz\u00f3asztalt a darabok al\u00e1t\u00e1maszt\u00e1s\u00e1ra. A festm\u00e9ny m\u00e9rete 50 x 70 cm.<\/span><\/p>\n<p><strong>Mi\u00e9rt k\u00fcl\u00f6nleges 1000 darabos puzzle Gustav Klimt &#8211; Portrait of <\/strong><strong>Fritza Riedler?<\/strong><\/p>\n<p><span style=\"font-weight: 400\">Az eredeti festm\u00e9ny szinte t\u00f6k\u00e9letes m\u00e1solat\u00e1t kapja.<\/span><\/p>\n<p><span style=\"font-weight: 400\">A darabok kiv\u00e1l\u00f3 min\u0151s\u00e9g\u0171, 2 mm vastags\u00e1g\u00fa kartonb\u00f3l k\u00e9sz\u00fclnek, amely t\u00f6k\u00e9letesen illeszkedik \u00e9s biztos\u00edtja a tart\u00f3ss\u00e1got.<\/span><\/p>\n<p><span style=\"font-weight: 400\">\u00dajrahasznos\u00edthat\u00f3 \u00e9s fenntarthat\u00f3 anyagokb\u00f3l k\u00e9sz\u00fclt.<\/span><\/p>\n<p><span style=\"font-weight: 400\">F\u00e9lf\u00e9nyes fel\u00fclet\u0171, kellemes sz\u00ednekben, amelyek kiemelik a festm\u00e9ny sz\u00e9ps\u00e9g\u00e9t.<\/span><\/p>\n<p><span style=\"font-weight: 400\">Ez 14 \u00e9ves kort\u00f3l alkalmas, \u00e9s t\u00f6k\u00e9letes alkalom lehet arra, hogy a tizen\u00e9veseket bevezess\u00fck a m\u0171v\u00e9szet vil\u00e1g\u00e1ba.<\/span><\/p>\n<p><span style=\"font-weight: 400\">Lehet\u0151s\u00e9ged van arra is, hogy k\u00fcl\u00f6nb\u00f6z\u0151 k\u00e9szs\u00e9geket fejlessz, amelyeket a mindennapi tev\u00e9kenys\u00e9geid sor\u00e1n haszn\u00e1lsz:<\/span><\/p>\n<ul>\n<li><span style=\"font-weight: 400\">Figyelem a r\u00e9szletekre<\/span><\/li>\n<li><span style=\"font-weight: 400\">Tanul\u00e1s<\/span><\/li>\n<li><span style=\"font-weight: 400\">Koncentr\u00e1ci\u00f3s k\u00e9pess\u00e9g<\/span><\/li>\n<li><span style=\"font-weight: 400\">Kitart\u00e1s<\/span><\/li>\n<li><span style=\"font-weight: 400\">Logikus gondolkod\u00e1s<\/span><\/li>\n<li><span style=\"font-weight: 400\">Probl\u00e9mamegold\u00f3 k\u00e9szs\u00e9g.<\/span><\/li>\n<\/ul>\n<p><strong>Tudtad, hogy&#8230;?<\/strong><\/p>\n<p><span style=\"font-weight: 400\">Gustav Klimt bels\u0151\u00e9p\u00edt\u00e9szk\u00e9nt kezdte p\u00e1lyafut\u00e1s\u00e1t.<\/span><\/p>\n<p><span style=\"font-weight: 400\">Sz\u00e1mos m\u0171v\u00e9t a n\u00e1cik degener\u00e1ltnak tartott\u00e1k \u00e9s megsemmis\u00edtett\u00e9k.<\/span><\/p>\n<p><span style=\"font-weight: 400\">Sigmund Freud kort\u00e1rsa volt, \u00e9s Freudhoz hasonl\u00f3an a szexualit\u00e1s, az \u00e1lmok \u00e9s az emberi tudatalatti tanulm\u00e1nyoz\u00e1sa \u00e9rdekelte.<\/span><\/p>\n<p><span style=\"font-weight: 400\">Fritza Riedler portr\u00e9j\u00e1hoz a fest\u0151t nyilv\u00e1nval\u00f3an a b\u00e9csi m\u00fazeumokban tal\u00e1lhat\u00f3 \u00f3kori egyiptomi m\u0171v\u00e9szet tanulm\u00e1nyoz\u00e1sa inspir\u00e1lta.<\/span><\/p>\n<p><span style=\"font-weight: 400\">Legdr\u00e1g\u00e1bb festm\u00e9nye <\/span><span style=\"font-weight: 400\">Adele Bloch-Bauer I. portr\u00e9ja, amely 2006-ban 135 milli\u00f3 doll\u00e1ros rekord\u00e1ron kelt el.<\/span><\/p>\n<p><strong>Gustav Klimt 1000 darabos kirak\u00f3 &#8211; Portrait of <\/strong><strong>Fritza Riedler elhozza neked&#8230; boldogs\u00e1got..<\/strong><\/p>\n<p><span style=\"font-weight: 400\">\u00dagy t\u0171nik, hogy a kirak\u00f3s j\u00e1t\u00e9kok sor\u00e1n az emberi agy t\u00f6bb dopamint v\u00e1laszt ki, egy olyan neurotranszmittert, amely biztos\u00edtja a j\u00f3 k\u00f6z\u00e9rzetet, az optimizmust \u00e9s a boldogs\u00e1got <\/span><\/p>\n<p><span style=\"font-weight: 400\">A Riedler Fritza portr\u00e9 1000 darabos puzzle seg\u00edts\u00e9g\u00e9vel nem csak kikapcsol\u00f3dhat, hanem megtapasztalhatja az \u00f6r\u00f6m \u00e9s az el\u00e9gedetts\u00e9g \u00e9rz\u00e9s\u00e9t, hogy saj\u00e1t kez\u0171leg k\u00e9sz\u00edtett egy nagyszer\u0171 alkot\u00e1st. Tegye a remekm\u0171vet a keretbe, \u00e9s csod\u00e1lja meg nyugodtan a gy\u0171jt\u0151i festm\u00e9nyt.<\/span><\/p>\n<p><span style=\"font-weight: 400\">Puzzle 1000 darab <\/span><span style=\"font-weight: 400\">Gustav Klimt &#8211; Portr\u00e9 <\/span><span style=\"font-weight: 400\">A Fritza Riedler ide\u00e1lis aj\u00e1nd\u00e9k minden m\u0171v\u00e9szetkedvel\u0151 \u00e9s kirak\u00f3s j\u00e1t\u00e9krajong\u00f3 sz\u00e1m\u00e1ra. Ne habozzon, ha aj\u00e1nd\u00e9kba szeretn\u00e9 adni szeretteinek. Sok mosolyt \u00e9s \u00f6r\u00f6met fogsz szerezni nekik.<\/span><\/p><\/p>\n","protected":false},"excerpt":{"rendered":"<p>Leny\u0171g\u00f6zik a m\u0171alkot\u00e1sok? Mit sz\u00f3ln\u00e1l ahhoz, ha 1000 puzzle-darabb\u00f3l megalkotn\u00e1d a saj\u00e1t szecesszi\u00f3s festm\u00e9nyedet? Elv\u00e1lasztja \u00d6nt a k\u00e9perny\u0151kt\u0151l, \u00e9s a<\/p>\n","protected":false},"featured_media":47987,"template":"","meta":[],"product_brand":[],"product_cat":[1920,1919,1881],"product_tag":[],"class_list":{"0":"post-40664","1":"product","2":"type-product","3":"status-publish","4":"has-post-thumbnail","6":"product_cat-1000-darabos-kirakos-jatek","7":"product_cat-felnott-kirakos-jatekok","8":"product_cat-kirakos-jatekok","9":"pa_bax-10-hu","10":"pa_brand-d_toys-hu","11":"pa_country_of_manufacture-ro-hu","12":"pa_filter_age-14-hu","13":"pa_painter-gustavklimt-hu","14":"pa_tip_ambalaj-doboz","15":"pa_tip_puzzle-klasszikus","17":"first","18":"instock","19":"taxable","20":"shipping-taxable","21":"product-type-simple"},"yoast_head":"<!-- This site is optimized with the Yoast SEO plugin v20.1 - https:\/\/yoast.com\/wordpress\/plugins\/seo\/ -->\n<title>1000 darabos Gustav Klimt feln\u0151tt puzzle - Fritza Riedler portr\u00e9ja<\/title>\n<meta name=\"description\" content=\"1000 darabos Gustav Klimt feln\u0151tt puzzle - Fritza Riedler portr\u00e9ja\" \/>\n<meta name=\"robots\" content=\"index, follow, max-snippet:-1, max-image-preview:large, max-video-preview:-1\" \/>\n<link rel=\"canonical\" href=\"https:\/\/business.roovi.com\/hu\/1000-darabos-gustav-klimt-felnott-puzzle-fritza-riedler-portreja\/p\/\" \/>\n<meta property=\"og:locale\" content=\"hu_HU\" \/>\n<meta property=\"og:type\" content=\"article\" \/>\n<meta property=\"og:title\" content=\"1000 darabos Gustav Klimt feln\u0151tt puzzle - Fritza Riedler portr\u00e9ja\" \/>\n<meta property=\"og:description\" content=\"1000 darabos Gustav Klimt feln\u0151tt puzzle - Fritza Riedler portr\u00e9ja\" \/>\n<meta property=\"og:url\" content=\"https:\/\/business.roovi.com\/hu\/1000-darabos-gustav-klimt-felnott-puzzle-fritza-riedler-portreja\/p\/\" \/>\n<meta property=\"og:site_name\" content=\"Roovi B2B\" \/>\n<meta property=\"article:publisher\" content=\"https:\/\/www.facebook.com\/wwwjucariero\" \/>\n<meta property=\"article:modified_time\" content=\"2022-07-06T15:34:33+00:00\" \/>\n<meta property=\"og:image\" content=\"https:\/\/business.roovi.com\/wp-content\/uploads\/2022\/01\/p1000_art_klimt_66923kl13.png\" \/>\n\t<meta property=\"og:image:width\" content=\"1200\" \/>\n\t<meta property=\"og:image:height\" content=\"1200\" \/>\n\t<meta property=\"og:image:type\" content=\"image\/png\" \/>\n<meta name=\"twitter:label1\" content=\"Becs\u00fclt olvas\u00e1si id\u0151\" \/>\n\t<meta name=\"twitter:data1\" content=\"3 perc\" \/>\n<script type=\"application\/ld+json\" class=\"yoast-schema-graph\">{\"@context\":\"https:\/\/schema.org\",\"@graph\":[{\"@type\":\"WebPage\",\"@id\":\"https:\/\/business.roovi.com\/hu\/1000-darabos-gustav-klimt-felnott-puzzle-fritza-riedler-portreja\/p\/\",\"url\":\"https:\/\/business.roovi.com\/hu\/1000-darabos-gustav-klimt-felnott-puzzle-fritza-riedler-portreja\/p\/\",\"name\":\"1000 darabos Gustav Klimt feln\u0151tt puzzle - Fritza Riedler portr\u00e9ja\",\"isPartOf\":{\"@id\":\"https:\/\/business.roovi.com\/hu\/#website\"},\"datePublished\":\"2022-01-13T13:47:00+00:00\",\"dateModified\":\"2022-07-06T15:34:33+00:00\",\"description\":\"1000 darabos Gustav Klimt feln\u0151tt puzzle - Fritza Riedler portr\u00e9ja\",\"breadcrumb\":{\"@id\":\"https:\/\/business.roovi.com\/hu\/1000-darabos-gustav-klimt-felnott-puzzle-fritza-riedler-portreja\/p\/#breadcrumb\"},\"inLanguage\":\"hu\",\"potentialAction\":[{\"@type\":\"ReadAction\",\"target\":[\"https:\/\/business.roovi.com\/hu\/1000-darabos-gustav-klimt-felnott-puzzle-fritza-riedler-portreja\/p\/\"]}]},{\"@type\":\"BreadcrumbList\",\"@id\":\"https:\/\/business.roovi.com\/hu\/1000-darabos-gustav-klimt-felnott-puzzle-fritza-riedler-portreja\/p\/#breadcrumb\",\"itemListElement\":[{\"@type\":\"ListItem\",\"position\":1,\"name\":\"Home\",\"item\":\"https:\/\/business.roovi.com\/hu\/\"},{\"@type\":\"ListItem\",\"position\":2,\"name\":\"Shop\",\"item\":\"https:\/\/business.roovi.com\/hu\/shop\/\"},{\"@type\":\"ListItem\",\"position\":3,\"name\":\"1000 darabos Gustav Klimt feln\u0151tt puzzle &#8211; Fritza Riedler portr\u00e9ja\"}]},{\"@type\":\"WebSite\",\"@id\":\"https:\/\/business.roovi.com\/hu\/#website\",\"url\":\"https:\/\/business.roovi.com\/hu\/\",\"name\":\"Roovi B2B\",\"description\":\"Roovi Business Website\",\"potentialAction\":[{\"@type\":\"SearchAction\",\"target\":{\"@type\":\"EntryPoint\",\"urlTemplate\":\"https:\/\/business.roovi.com\/hu\/?s={search_term_string}\"},\"query-input\":\"required name=search_term_string\"}],\"inLanguage\":\"hu\"}]}<\/script>\n<!-- \/ Yoast SEO plugin. -->","yoast_head_json":{"title":"1000 darabos Gustav Klimt feln\u0151tt puzzle - Fritza Riedler portr\u00e9ja","description":"1000 darabos Gustav Klimt feln\u0151tt puzzle - Fritza Riedler portr\u00e9ja","robots":{"index":"index","follow":"follow","max-snippet":"max-snippet:-1","max-image-preview":"max-image-preview:large","max-video-preview":"max-video-preview:-1"},"canonical":"https:\/\/business.roovi.com\/hu\/1000-darabos-gustav-klimt-felnott-puzzle-fritza-riedler-portreja\/p\/","og_locale":"hu_HU","og_type":"article","og_title":"1000 darabos Gustav Klimt feln\u0151tt puzzle - Fritza Riedler portr\u00e9ja","og_description":"1000 darabos Gustav Klimt feln\u0151tt puzzle - Fritza Riedler portr\u00e9ja","og_url":"https:\/\/business.roovi.com\/hu\/1000-darabos-gustav-klimt-felnott-puzzle-fritza-riedler-portreja\/p\/","og_site_name":"Roovi B2B","article_publisher":"https:\/\/www.facebook.com\/wwwjucariero","article_modified_time":"2022-07-06T15:34:33+00:00","og_image":[{"width":1200,"height":1200,"url":"https:\/\/business.roovi.com\/wp-content\/uploads\/2022\/01\/p1000_art_klimt_66923kl13.png","type":"image\/png"}],"twitter_misc":{"Becs\u00fclt olvas\u00e1si id\u0151":"3 perc"},"schema":{"@context":"https:\/\/schema.org","@graph":[{"@type":"WebPage","@id":"https:\/\/business.roovi.com\/hu\/1000-darabos-gustav-klimt-felnott-puzzle-fritza-riedler-portreja\/p\/","url":"https:\/\/business.roovi.com\/hu\/1000-darabos-gustav-klimt-felnott-puzzle-fritza-riedler-portreja\/p\/","name":"1000 darabos Gustav Klimt feln\u0151tt puzzle - Fritza Riedler portr\u00e9ja","isPartOf":{"@id":"https:\/\/business.roovi.com\/hu\/#website"},"datePublished":"2022-01-13T13:47:00+00:00","dateModified":"2022-07-06T15:34:33+00:00","description":"1000 darabos Gustav Klimt feln\u0151tt puzzle - Fritza Riedler portr\u00e9ja","breadcrumb":{"@id":"https:\/\/business.roovi.com\/hu\/1000-darabos-gustav-klimt-felnott-puzzle-fritza-riedler-portreja\/p\/#breadcrumb"},"inLanguage":"hu","potentialAction":[{"@type":"ReadAction","target":["https:\/\/business.roovi.com\/hu\/1000-darabos-gustav-klimt-felnott-puzzle-fritza-riedler-portreja\/p\/"]}]},{"@type":"BreadcrumbList","@id":"https:\/\/business.roovi.com\/hu\/1000-darabos-gustav-klimt-felnott-puzzle-fritza-riedler-portreja\/p\/#breadcrumb","itemListElement":[{"@type":"ListItem","position":1,"name":"Home","item":"https:\/\/business.roovi.com\/hu\/"},{"@type":"ListItem","position":2,"name":"Shop","item":"https:\/\/business.roovi.com\/hu\/shop\/"},{"@type":"ListItem","position":3,"name":"1000 darabos Gustav Klimt feln\u0151tt puzzle &#8211; Fritza Riedler portr\u00e9ja"}]},{"@type":"WebSite","@id":"https:\/\/business.roovi.com\/hu\/#website","url":"https:\/\/business.roovi.com\/hu\/","name":"Roovi B2B","description":"Roovi Business Website","potentialAction":[{"@type":"SearchAction","target":{"@type":"EntryPoint","urlTemplate":"https:\/\/business.roovi.com\/hu\/?s={search_term_string}"},"query-input":"required name=search_term_string"}],"inLanguage":"hu"}]}},"_links":{"self":[{"href":"https:\/\/business.roovi.com\/hu\/wp-json\/wp\/v2\/product\/40664","targetHints":{"allow":["GET"]}}],"collection":[{"href":"https:\/\/business.roovi.com\/hu\/wp-json\/wp\/v2\/product"}],"about":[{"href":"https:\/\/business.roovi.com\/hu\/wp-json\/wp\/v2\/types\/product"}],"version-history":[{"count":0,"href":"https:\/\/business.roovi.com\/hu\/wp-json\/wp\/v2\/product\/40664\/revisions"}],"wp:featuredmedia":[{"embeddable":true,"href":"https:\/\/business.roovi.com\/hu\/wp-json\/wp\/v2\/media\/47987"}],"wp:attachment":[{"href":"https:\/\/business.roovi.com\/hu\/wp-json\/wp\/v2\/media?parent=40664"}],"wp:term":[{"taxonomy":"product_brand","embeddable":true,"href":"https:\/\/business.roovi.com\/hu\/wp-json\/wp\/v2\/product_brand?post=40664"},{"taxonomy":"product_cat","embeddable":true,"href":"https:\/\/business.roovi.com\/hu\/wp-json\/wp\/v2\/product_cat?post=40664"},{"taxonomy":"product_tag","embeddable":true,"href":"https:\/\/business.roovi.com\/hu\/wp-json\/wp\/v2\/product_tag?post=40664"}],"curies":[{"name":"wp","href":"https:\/\/api.w.org\/{rel}","templated":true}]}}