{"id":40720,"date":"2021-12-17T11:31:58","date_gmt":"2021-12-17T11:31:58","guid":{"rendered":"https:\/\/business.roovi.com\/colectie-65-jocuri-pentru-copii\/p\/"},"modified":"2022-07-06T15:39:33","modified_gmt":"2022-07-06T15:39:33","slug":"gyujtemeny-65-gyermekjatekok","status":"publish","type":"product","link":"https:\/\/business.roovi.com\/hu\/gyujtemeny-65-gyermekjatekok\/p\/","title":{"rendered":"Gy\u0171jtem\u00e9ny 65 Gyermekj\u00e1t\u00e9kok"},"content":{"rendered":"<p><strong><em>Szeretn\u00e9 a lehet\u0151 legtov\u00e1bb t\u00e1vol tartani gyermek\u00e9t a k\u00e9perny\u0151kt\u0151l? Fedezd fel a 65. Gyerekeknek sz\u00f3l\u00f3 t\u00e1rsasj\u00e1t\u00e9k-kollekci\u00f3t, \u00e9s add meg nekik a lehet\u0151s\u00e9get, hogy felfedezz\u00e9k a vil\u00e1got a klasszikus mes\u00e9k kedvelt szerepl\u0151ivel.<\/em><\/strong><\/p>\n<p><span style=\"font-weight: 400\">J\u00e1tsszon Oh, Pardon! Csizm\u00e1s Kand\u00farral, Pirosk\u00e1val biztons\u00e1gosan navig\u00e1lhatsz a labirintusban, vagy Jancsival \u00e9s Julisk\u00e1val az elveszett \u00e9s tal\u00e1lt t\u00e1rgyak k\u00f6z\u00f6tt s\u00e9t\u00e1lva hazatal\u00e1lhatsz. A 65 gyermek t\u00e1rsasj\u00e1t\u00e9kgy\u0171jtem\u00e9ny egyed\u00fcl\u00e1ll\u00f3 lehet\u0151s\u00e9get k\u00edn\u00e1l arra, hogy csal\u00e1dj\u00e1val vagy legjobb bar\u00e1taival interakt\u00edv m\u00f3don fedezzen fel id\u0151tlen t\u00f6rt\u00e9neteket.<\/span><\/p>\n<p><span style=\"font-weight: 400\">K\u00e9sz\u00fclj fel egy eml\u00e9kezetes sz\u00f3rakoz\u00e1sra! A sz\u00fclet\u00e9snapi partin vagy azokon az unalmas napokon, amikor a rossz id\u0151j\u00e1r\u00e1s miatt nem tudsz bemenni a h\u00e1zba, most 65 lehet\u0151s\u00e9get fedezhetsz fel dinamikus \u00e9s sz\u00f3rakoztat\u00f3 t\u00e1rsasj\u00e1t\u00e9kok form\u00e1j\u00e1ban <\/span><\/p>\n<p><span style=\"font-weight: 400\">Lehetetlen megunni a mesebeli karaktereket, amelyek \u00e9letre kelnek \u00e9s csatlakoznak hozz\u00e1d a mes\u00e9s versenyeken, ahol a megfelel\u0151 strat\u00e9gia alkalmaz\u00e1s\u00e1val te ker\u00fclsz ki gy\u0151ztesk\u00e9nt. Egyed\u00fcl\u00e1ll\u00f3 gy\u0171jtem\u00e9ny sok izgalmas j\u00e1t\u00e9kkal, amelyek feloldj\u00e1k a hangulatot \u00e9s er\u0151s kapcsolatokat teremtenek a r\u00e9sztvev\u0151k k\u00f6z\u00f6tt.<\/span><\/p>\n<p><strong>Mi\u00e9rt v\u00e1lassza a 65 Games for Kids Collectiont?<\/strong><\/p>\n<p><span style=\"font-weight: 400\">Ez egy \u00f6sszetett k\u00e9szlet, amely sz\u00e1mos j\u00e1t\u00e9kv\u00e1ltozatot k\u00edn\u00e1l, \u00e9s hossz\u00fa id\u0151re lek\u00f6ti a kicsiket.<\/span><\/p>\n<p><span style=\"font-weight: 400\">Tartalmaz 4 k\u00e9toldalas t\u00e1bl\u00e1t, amelyek vastag, rendk\u00edv\u00fcl tart\u00f3s kartonb\u00f3l k\u00e9sz\u00fcltek, \u00edgy sok \u00f3r\u00e1nyi igazi sz\u00f3rakoz\u00e1st ny\u00fajtanak.<\/span><\/p>\n<p><span style=\"font-weight: 400\">A t\u00e1rsasj\u00e1t\u00e9kok serkentik a gyermekek nyelvi fejl\u0151d\u00e9s\u00e9t, figyelm\u00e9t \u00e9s koncentr\u00e1ci\u00f3s k\u00e9szs\u00e9g\u00e9t.<\/span><\/p>\n<p><span style=\"font-weight: 400\">Sz\u00f3rakoztat\u00f3 m\u00f3dja lehet a t\u00f6rt\u00e9netek vil\u00e1g\u00e1nak \u00fajrafelfedez\u00e9s\u00e9nek vagy a vel\u00fck val\u00f3 megismerked\u00e9snek.<\/span><\/p>\n<p><span style=\"font-weight: 400\">A gyermek minden j\u00e1t\u00e9kban megpr\u00f3b\u00e1l fel\u00fclkerekedni, \u00e9s \u00edgy versenyszellemet fejleszt.<\/span><\/p>\n<p><span style=\"font-weight: 400\">A sz\u00f3rakoz\u00e1s \u00e9s a j\u00f3kedv kimer\u00edthetetlen forr\u00e1sa.<\/span><\/p>\n<p><span style=\"font-weight: 400\">Ez eg\u00e9szs\u00e9ges alternat\u00edv\u00e1ja a sz\u00e1m\u00edt\u00f3g\u00e9pes j\u00e1t\u00e9koknak, amelyek elf\u00e1rasztj\u00e1k \u00e9s ny\u0171g\u00f6ss\u00e9 teszik a kicsiket.<\/span><\/p>\n<p><span style=\"font-weight: 400\">Mindezek a t\u00e1rsasj\u00e1t\u00e9kok arra \u00f6szt\u00f6nzik a fiatalokat, hogy csapatk\u00e9nt dolgozzanak egy\u00fctt, \u00e9s \u00e9lvezz\u00e9k a gy\u0151zelem \u00edz\u00e9t partnereikkel <\/span><\/p>\n<p><strong>Tudtad, hogy a t\u00e1rsasj\u00e1t\u00e9kok a gyermekek sz\u00e1m\u00e1ra..<\/strong><\/p>\n<ul>\n<li><span style=\"font-weight: 400\">Seg\u00edtenek a gyermekeknek megtanulni a szab\u00e1lyok tiszteletben tart\u00e1s\u00e1t \u00e9s az \u00faj helyzetekhez val\u00f3 alkalmazkod\u00e1st.<\/span><\/li>\n<li><span style=\"font-weight: 400\">Ez n\u00f6veli az \u00f6nbecs\u00fcl\u00e9st, \u00e9s megtan\u00edtja a gyerekeknek, hogy nem baj, ha vesz\u00edtenek, mert a j\u00e1t\u00e9k c\u00e9lja a sz\u00f3rakoz\u00e1s \u00e9s a szocializ\u00e1ci\u00f3.<\/span><\/li>\n<li><span style=\"font-weight: 400\">Fejleszti a logikus gondolkod\u00e1st \u00e9s a tervez\u00e9si k\u00e9pess\u00e9get, valamint az innovat\u00edv strat\u00e9gi\u00e1k kigondol\u00e1s\u00e1nak k\u00e9pess\u00e9g\u00e9t, hogy egy l\u00e9p\u00e9ssel az ellenfelek el\u0151tt j\u00e1rjon.<\/span><\/li>\n<li><span style=\"font-weight: 400\">Seg\u00edt a gyerekeknek abban, hogy magabiztosabbak legyenek \u00e9s nyilv\u00e1nos besz\u00e9det tartsanak.<\/span><\/li>\n<\/ul>\n<p><strong>Ind\u00edtsd el a m\u00f3k\u00e1t, \u00e9s indulj izgalmas kalandokba kedvenc karaktereiddel!<\/strong><\/p>\n<p><span style=\"font-weight: 400\">Aj\u00e1nlott \u00e9letkor: 4+<\/span><\/p>\n<p><span style=\"font-weight: 400\">J\u00e1t\u00e9k 2-4 j\u00e1t\u00e9kosnak.<\/span><\/p>\n<p><span style=\"font-weight: 400\">Tartalma: 4 j\u00e1t\u00e9kt\u00e1bla, 16 figura, 1 kocka, 8 piros n\u00e9gyzet alak\u00fa figura \u00e9s 16 kerek csillag alak\u00fa figura, j\u00e1t\u00e9k \u00fatmutat\u00f3.<\/span><\/p>\n<p><span style=\"font-weight: 400\">3 \u00e9v alatti gyermekek sz\u00e1m\u00e1ra nem aj\u00e1nlott.<\/span><\/p>\n","protected":false},"excerpt":{"rendered":"<p>Szeretn\u00e9 a lehet\u0151 legtov\u00e1bb t\u00e1vol tartani gyermek\u00e9t a k\u00e9perny\u0151kt\u0151l? Fedezd fel a 65. Gyerekeknek sz\u00f3l\u00f3 t\u00e1rsasj\u00e1t\u00e9k-kollekci\u00f3t, \u00e9s add meg nekik<\/p>\n","protected":false},"featured_media":48075,"template":"","meta":[],"product_brand":[],"product_cat":[1860,1892,1891,1858],"product_tag":[],"class_list":{"0":"post-40720","1":"product","2":"type-product","3":"status-publish","4":"has-post-thumbnail","6":"product_cat-csaladi-jatekok","7":"product_cat-klasszikus-jatekok","8":"product_cat-roman-jatekok","9":"product_cat-tarsasjatekok","10":"pa_brand-deico-hu","11":"pa_country_of_manufacture-ro-hu","12":"pa_filter_age-3_5-hu","13":"pa_filter_age-5_7-hu","14":"pa_filter_age-7_9-hu","15":"pa_tip_ambalaj-doboz","17":"first","18":"instock","19":"taxable","20":"shipping-taxable","21":"product-type-simple"},"yoast_head":"<!-- This site is optimized with the Yoast SEO plugin v20.1 - https:\/\/yoast.com\/wordpress\/plugins\/seo\/ -->\n<title>Gy\u0171jtem\u00e9ny 65 Gyermekj\u00e1t\u00e9kok<\/title>\n<meta name=\"description\" content=\"Gy\u0171jtem\u00e9ny 65 Gyermekj\u00e1t\u00e9kok\" \/>\n<meta name=\"robots\" content=\"index, follow, max-snippet:-1, max-image-preview:large, max-video-preview:-1\" \/>\n<link rel=\"canonical\" href=\"https:\/\/business.roovi.com\/hu\/gyujtemeny-65-gyermekjatekok\/p\/\" \/>\n<meta property=\"og:locale\" content=\"hu_HU\" \/>\n<meta property=\"og:type\" content=\"article\" \/>\n<meta property=\"og:title\" content=\"Gy\u0171jtem\u00e9ny 65 Gyermekj\u00e1t\u00e9kok\" \/>\n<meta property=\"og:description\" content=\"Gy\u0171jtem\u00e9ny 65 Gyermekj\u00e1t\u00e9kok\" \/>\n<meta property=\"og:url\" content=\"https:\/\/business.roovi.com\/hu\/gyujtemeny-65-gyermekjatekok\/p\/\" \/>\n<meta property=\"og:site_name\" content=\"Roovi B2B\" \/>\n<meta property=\"article:publisher\" content=\"https:\/\/www.facebook.com\/wwwjucariero\" \/>\n<meta property=\"article:modified_time\" content=\"2022-07-06T15:39:33+00:00\" \/>\n<meta property=\"og:image\" content=\"https:\/\/business.roovi.com\/wp-content\/uploads\/2021\/12\/colectie_65_basme-65254.jpg\" \/>\n\t<meta property=\"og:image:width\" content=\"1000\" \/>\n\t<meta property=\"og:image:height\" content=\"1000\" \/>\n\t<meta property=\"og:image:type\" content=\"image\/jpeg\" \/>\n<meta name=\"twitter:label1\" content=\"Becs\u00fclt olvas\u00e1si id\u0151\" \/>\n\t<meta name=\"twitter:data1\" content=\"3 perc\" \/>\n<script type=\"application\/ld+json\" class=\"yoast-schema-graph\">{\"@context\":\"https:\/\/schema.org\",\"@graph\":[{\"@type\":\"WebPage\",\"@id\":\"https:\/\/business.roovi.com\/hu\/gyujtemeny-65-gyermekjatekok\/p\/\",\"url\":\"https:\/\/business.roovi.com\/hu\/gyujtemeny-65-gyermekjatekok\/p\/\",\"name\":\"Gy\u0171jtem\u00e9ny 65 Gyermekj\u00e1t\u00e9kok\",\"isPartOf\":{\"@id\":\"https:\/\/business.roovi.com\/hu\/#website\"},\"datePublished\":\"2021-12-17T11:31:58+00:00\",\"dateModified\":\"2022-07-06T15:39:33+00:00\",\"description\":\"Gy\u0171jtem\u00e9ny 65 Gyermekj\u00e1t\u00e9kok\",\"breadcrumb\":{\"@id\":\"https:\/\/business.roovi.com\/hu\/gyujtemeny-65-gyermekjatekok\/p\/#breadcrumb\"},\"inLanguage\":\"hu\",\"potentialAction\":[{\"@type\":\"ReadAction\",\"target\":[\"https:\/\/business.roovi.com\/hu\/gyujtemeny-65-gyermekjatekok\/p\/\"]}]},{\"@type\":\"BreadcrumbList\",\"@id\":\"https:\/\/business.roovi.com\/hu\/gyujtemeny-65-gyermekjatekok\/p\/#breadcrumb\",\"itemListElement\":[{\"@type\":\"ListItem\",\"position\":1,\"name\":\"Home\",\"item\":\"https:\/\/business.roovi.com\/hu\/\"},{\"@type\":\"ListItem\",\"position\":2,\"name\":\"Shop\",\"item\":\"https:\/\/business.roovi.com\/hu\/shop\/\"},{\"@type\":\"ListItem\",\"position\":3,\"name\":\"Gy\u0171jtem\u00e9ny 65 Gyermekj\u00e1t\u00e9kok\"}]},{\"@type\":\"WebSite\",\"@id\":\"https:\/\/business.roovi.com\/hu\/#website\",\"url\":\"https:\/\/business.roovi.com\/hu\/\",\"name\":\"Roovi B2B\",\"description\":\"Roovi Business Website\",\"potentialAction\":[{\"@type\":\"SearchAction\",\"target\":{\"@type\":\"EntryPoint\",\"urlTemplate\":\"https:\/\/business.roovi.com\/hu\/?s={search_term_string}\"},\"query-input\":\"required name=search_term_string\"}],\"inLanguage\":\"hu\"}]}<\/script>\n<!-- \/ Yoast SEO plugin. -->","yoast_head_json":{"title":"Gy\u0171jtem\u00e9ny 65 Gyermekj\u00e1t\u00e9kok","description":"Gy\u0171jtem\u00e9ny 65 Gyermekj\u00e1t\u00e9kok","robots":{"index":"index","follow":"follow","max-snippet":"max-snippet:-1","max-image-preview":"max-image-preview:large","max-video-preview":"max-video-preview:-1"},"canonical":"https:\/\/business.roovi.com\/hu\/gyujtemeny-65-gyermekjatekok\/p\/","og_locale":"hu_HU","og_type":"article","og_title":"Gy\u0171jtem\u00e9ny 65 Gyermekj\u00e1t\u00e9kok","og_description":"Gy\u0171jtem\u00e9ny 65 Gyermekj\u00e1t\u00e9kok","og_url":"https:\/\/business.roovi.com\/hu\/gyujtemeny-65-gyermekjatekok\/p\/","og_site_name":"Roovi B2B","article_publisher":"https:\/\/www.facebook.com\/wwwjucariero","article_modified_time":"2022-07-06T15:39:33+00:00","og_image":[{"width":1000,"height":1000,"url":"https:\/\/business.roovi.com\/wp-content\/uploads\/2021\/12\/colectie_65_basme-65254.jpg","type":"image\/jpeg"}],"twitter_misc":{"Becs\u00fclt olvas\u00e1si id\u0151":"3 perc"},"schema":{"@context":"https:\/\/schema.org","@graph":[{"@type":"WebPage","@id":"https:\/\/business.roovi.com\/hu\/gyujtemeny-65-gyermekjatekok\/p\/","url":"https:\/\/business.roovi.com\/hu\/gyujtemeny-65-gyermekjatekok\/p\/","name":"Gy\u0171jtem\u00e9ny 65 Gyermekj\u00e1t\u00e9kok","isPartOf":{"@id":"https:\/\/business.roovi.com\/hu\/#website"},"datePublished":"2021-12-17T11:31:58+00:00","dateModified":"2022-07-06T15:39:33+00:00","description":"Gy\u0171jtem\u00e9ny 65 Gyermekj\u00e1t\u00e9kok","breadcrumb":{"@id":"https:\/\/business.roovi.com\/hu\/gyujtemeny-65-gyermekjatekok\/p\/#breadcrumb"},"inLanguage":"hu","potentialAction":[{"@type":"ReadAction","target":["https:\/\/business.roovi.com\/hu\/gyujtemeny-65-gyermekjatekok\/p\/"]}]},{"@type":"BreadcrumbList","@id":"https:\/\/business.roovi.com\/hu\/gyujtemeny-65-gyermekjatekok\/p\/#breadcrumb","itemListElement":[{"@type":"ListItem","position":1,"name":"Home","item":"https:\/\/business.roovi.com\/hu\/"},{"@type":"ListItem","position":2,"name":"Shop","item":"https:\/\/business.roovi.com\/hu\/shop\/"},{"@type":"ListItem","position":3,"name":"Gy\u0171jtem\u00e9ny 65 Gyermekj\u00e1t\u00e9kok"}]},{"@type":"WebSite","@id":"https:\/\/business.roovi.com\/hu\/#website","url":"https:\/\/business.roovi.com\/hu\/","name":"Roovi B2B","description":"Roovi Business Website","potentialAction":[{"@type":"SearchAction","target":{"@type":"EntryPoint","urlTemplate":"https:\/\/business.roovi.com\/hu\/?s={search_term_string}"},"query-input":"required name=search_term_string"}],"inLanguage":"hu"}]}},"_links":{"self":[{"href":"https:\/\/business.roovi.com\/hu\/wp-json\/wp\/v2\/product\/40720","targetHints":{"allow":["GET"]}}],"collection":[{"href":"https:\/\/business.roovi.com\/hu\/wp-json\/wp\/v2\/product"}],"about":[{"href":"https:\/\/business.roovi.com\/hu\/wp-json\/wp\/v2\/types\/product"}],"version-history":[{"count":0,"href":"https:\/\/business.roovi.com\/hu\/wp-json\/wp\/v2\/product\/40720\/revisions"}],"wp:featuredmedia":[{"embeddable":true,"href":"https:\/\/business.roovi.com\/hu\/wp-json\/wp\/v2\/media\/48075"}],"wp:attachment":[{"href":"https:\/\/business.roovi.com\/hu\/wp-json\/wp\/v2\/media?parent=40720"}],"wp:term":[{"taxonomy":"product_brand","embeddable":true,"href":"https:\/\/business.roovi.com\/hu\/wp-json\/wp\/v2\/product_brand?post=40720"},{"taxonomy":"product_cat","embeddable":true,"href":"https:\/\/business.roovi.com\/hu\/wp-json\/wp\/v2\/product_cat?post=40720"},{"taxonomy":"product_tag","embeddable":true,"href":"https:\/\/business.roovi.com\/hu\/wp-json\/wp\/v2\/product_tag?post=40720"}],"curies":[{"name":"wp","href":"https:\/\/api.w.org\/{rel}","templated":true}]}}