{"id":40768,"date":"2021-12-14T14:44:02","date_gmt":"2021-12-14T14:44:02","guid":{"rendered":"https:\/\/business.roovi.com\/puzzle-adulti-1000-piese-vintage-poster-chocolat-carpentier\/p\/"},"modified":"2022-07-06T15:44:29","modified_gmt":"2022-07-06T15:44:29","slug":"felnott-1000-darabos-vintage-poszter-puzzle-chocolat-carpentier","status":"publish","type":"product","link":"https:\/\/business.roovi.com\/hu\/felnott-1000-darabos-vintage-poszter-puzzle-chocolat-carpentier\/p\/","title":{"rendered":"Feln\u0151tt 1000 darabos vintage poszter puzzle &#8211; Chocolat Carpentier"},"content":{"rendered":"<p><span style=\"font-weight: 400\">Szereti az igazi m\u0171v\u00e9szetet, \u00e9s sz\u00edvesen birtokolna n\u00e9h\u00e1ny olyan festm\u00e9nyt, amelyek t\u00f6rt\u00e9nelmet \u00edrtak a m\u0171v\u00e9szvil\u00e1gban? Fedezze fel a vintage illusztr\u00e1ci\u00f3kkal ell\u00e1tott feln\u0151tt kirak\u00f3sok legsz\u00e9lesebb v\u00e1laszt\u00e9k\u00e1t, \u00e9s hozza l\u00e9tre \u00e1lmai m\u0171v\u00e9szeti gy\u0171jtem\u00e9ny\u00e9t.<\/span><\/p>\n<p><span style=\"font-weight: 400\">Az 1000 darabos Chocolat Carpentier puzzle a francia m\u0171v\u00e9sz rekl\u00e1millusztr\u00e1ci\u00f3j\u00e1nak k\u00e9p\u00e9t reproduk\u00e1lja <\/span><span style=\"font-weight: 400\">Louis Th\u00e9ophile Hingre. A plak\u00e1t egy <\/span><span style=\"font-weight: 400\">forr\u00f3 csokol\u00e1d\u00e9 rekl\u00e1mja, \u00e9s szecesszi\u00f3s st\u00edlusban k\u00e9sz\u00fclt <\/span><\/p>\n<p><span style=\"font-weight: 400\">Alphonse Mucha csod\u00e1l\u00f3jak\u00e9nt a grafikusm\u0171v\u00e9sz a h\u00edres mester nyomdokaiba l\u00e9pett, \u00e9s a maga eredeti st\u00edlus\u00e1ban k\u00fcl\u00f6nb\u00f6z\u0151 rekl\u00e1mplak\u00e1tokat k\u00e9sz\u00edtett, amelyek hat\u00e1ssal voltak a korabeli k\u00f6z\u00f6ns\u00e9gre <\/span><\/p>\n<p><span style=\"font-weight: 400\">Ha kifinomult hangulatot szeretne var\u00e1zsolni otthon\u00e1ba, az 1000 darabos Chocolat Carpentier puzzle t\u00f6k\u00e9letes v\u00e1laszt\u00e1s. Az eredeti plak\u00e1t vibr\u00e1l\u00f3 sz\u00ednei h\u0171en visszaadj\u00e1k ezt a m\u0171v\u00e9szi kirak\u00f3st, amely kiz\u00f6kkent a mindennapi monotonit\u00e1sb\u00f3l. Haszn\u00e1lhat egy hagyom\u00e1nyos doh\u00e1nyz\u00f3asztalt a darabok al\u00e1t\u00e1maszt\u00e1s\u00e1ra \u00e9s a festm\u00e9ny elk\u00e9sz\u00edt\u00e9s\u00e9re.<\/span><\/p>\n<p><span style=\"font-weight: 400\">Tov\u00e1bbi r\u00e9szletek a Chocolat Carpentier 1000 darabos kirak\u00f3sr\u00f3l al\u00e1bb:<\/span><\/p>\n<p><strong>A rekonstru\u00e1lt k\u00e9p m\u00e9rete: 50 x 70 cm.<\/strong><\/p>\n<p><strong>Puzzle anyag <\/strong><\/p>\n<p><strong>kiv\u00e1l\u00f3 min\u0151s\u00e9g\u0171 k\u00e9k karton<\/strong><\/p>\n<p><strong>fenntarthat\u00f3, \u00fajrahasznos\u00edthat\u00f3 anyagok<\/strong><\/p>\n<p><strong>f\u00e9lf\u00e9nyes kivitel, \u00e9l\u00e9nk sz\u00ednek<\/strong><\/p>\n<p><strong>A kirak\u00f3s darabok sz\u00e1ma: 1000<\/strong><\/p>\n<p><strong>Aj\u00e1nlott \u00e9letkor: 14+<\/strong><\/p>\n<p><strong>Mi\u00e9rt k\u00fcl\u00f6nleges vintage puzzle &#8211; Chocolat Carpentier?<\/strong><\/p>\n<p><span style=\"font-weight: 400\">Ez egy lehet\u0151s\u00e9g, hogy megszerezd egy r\u00e9gi plak\u00e1t leny\u0171g\u00f6z\u0151 m\u00e1solat\u00e1t.<\/span><\/p>\n<p><span style=\"font-weight: 400\">Lehet\u0151s\u00e9ged van arra, hogy fejleszd a kirak\u00f3s \u00f6sszeszerel\u00e9si k\u00e9pess\u00e9geidet.<\/span><\/p>\n<p><span style=\"font-weight: 400\">Fejl\u0151dik az a k\u00e9pess\u00e9ged, hogy egyetlen feladatra tudsz koncentr\u00e1lni.<\/span><\/p>\n<p><span style=\"font-weight: 400\">Szakadj ki a napi rutinb\u00f3l egy kreat\u00edv tev\u00e9kenys\u00e9ggel.<\/span><\/p>\n<p><span style=\"font-weight: 400\">Lehet\u0151s\u00e9get adhat a bar\u00e1tokkal val\u00f3 szocializ\u00e1l\u00f3d\u00e1sra a hideg h\u00e9tv\u00e9g\u00e9ken.<\/span><\/p>\n<p><span style=\"font-weight: 400\">Amint leteszi az utols\u00f3 darabot is a t\u00e1bl\u00e1r\u00f3l, optimizmust \u00e9s \u00f6nbizalmat \u00e9rez.<\/span><\/p>\n<p><strong>Tudtad, hogy&#8230;?<\/strong><\/p>\n<p><span style=\"font-weight: 400\">A plak\u00e1tok vagy hirdet\u0151t\u00e1bl\u00e1k form\u00e1j\u00e1ban megjelen\u0151 rekl\u00e1mm\u0171v\u00e9szet j\u00f3 lehet\u0151s\u00e9get ny\u00fajtott a 19. sz\u00e1zadi m\u0171v\u00e9szeknek arra, hogy munk\u00e1ikat megismertess\u00e9k a nagyk\u00f6z\u00f6ns\u00e9ggel <\/span><\/p>\n<p><span style=\"font-weight: 400\">Az utcai rekl\u00e1mplak\u00e1tok annyira n\u00e9pszer\u0171ek voltak a k\u00f6z\u00f6ns\u00e9g k\u00f6r\u00e9ben, hogy a v\u00e1rosokban val\u00f3 kihelyez\u00e9s\u00fck ut\u00e1n gyorsan elt\u0171ntek.<\/span><\/p>\n<p><span style=\"font-weight: 400\">Olyan m\u0171v\u00e9szek, mint Alphonse Mucha, Th\u00e9ophile-Alexandre Steinlen \u00e9s Henri Toulouse-Lautrec, azok k\u00f6z\u00e9 tartoztak, akik mindenki sz\u00e1m\u00e1ra hozz\u00e1f\u00e9rhet\u0151v\u00e9 akart\u00e1k tenni munk\u00e1jukat, \u00e9s olyan rekl\u00e1mplak\u00e1tokat k\u00e9sz\u00edtettek, amelyeket ma is vad\u00e1sznak a lelkes gy\u0171jt\u0151k, akik t\u00f6bb ezer eur\u00f3t is hajland\u00f3ak fizetni az eredeti p\u00e9ld\u00e1nyok\u00e9rt.<\/span><\/p>\n<p><strong>A Chocolat Carpentier 1000 darabos kirak\u00f3j\u00e1val el\u0171zheti az unalmas napok unalm\u00e1t<\/strong><\/p>\n<p><span style=\"font-weight: 400\">Unatkozik, amikor a hideg id\u0151j\u00e1r\u00e1s vagy m\u00e1s okok miatt otthon\u00e1ban van bez\u00e1rva? V\u00e1lassza az 1000 darabos Chocolat Carpentier puzzle-t, \u00e9s t\u00f6ltse kreat\u00edvan az idej\u00e9t.<\/span><\/p>\n<p><span style=\"font-weight: 400\">Vonja be gyermekeit, nagysz\u00fcleit vagy kedves bar\u00e1tait ebbe a pihentet\u0151 tev\u00e9kenys\u00e9gbe, \u00e9s hozzon l\u00e9tre egy\u00fctt egy k\u00fcl\u00f6nleges festm\u00e9nyt \u00e9s felejthetetlen eml\u00e9keket. Mindenk\u00e9ppen k\u00e9sz\u00edtsetek el\u0151bb egy forr\u00f3 csokit, a poszter biztosan meghozza az \u00e9tv\u00e1gyatokat ehhez az \u00e9des italhoz \ud83d\ude42<\/span><\/p>\n<p><span style=\"font-weight: 400\">Ak\u00e1r pihenni szeretne, ak\u00e1r eredeti d\u00edszt\u00e1rgyat szeretne k\u00e9sz\u00edteni, ak\u00e1r el\u0171zni az unalom \u00f3r\u00e1it, az 1000 darabos Chocolat Carpentier puzzle t\u00f6k\u00e9letes v\u00e1laszt\u00e1s. Ez a k\u00fcl\u00f6nleges kirak\u00f3s j\u00e1t\u00e9k remek aj\u00e1nd\u00e9k lehet bar\u00e1ti sz\u00fclet\u00e9snapokra vagy a Mikul\u00e1s r\u00e9g\u00f3ta v\u00e1rt aj\u00e1nd\u00e9ka is.<\/span><\/p><\/p>\n","protected":false},"excerpt":{"rendered":"<p>Szereti az igazi m\u0171v\u00e9szetet, \u00e9s sz\u00edvesen birtokolna n\u00e9h\u00e1ny olyan festm\u00e9nyt, amelyek t\u00f6rt\u00e9nelmet \u00edrtak a m\u0171v\u00e9szvil\u00e1gban? Fedezze fel a vintage illusztr\u00e1ci\u00f3kkal<\/p>\n","protected":false},"featured_media":48171,"template":"","meta":[],"product_brand":[],"product_cat":[1920,1919,1881],"product_tag":[],"class_list":{"0":"post-40768","1":"product","2":"type-product","3":"status-publish","4":"has-post-thumbnail","6":"product_cat-1000-darabos-kirakos-jatek","7":"product_cat-felnott-kirakos-jatekok","8":"product_cat-kirakos-jatekok","9":"pa_brand-d_toys-hu","10":"pa_country_of_manufacture-ro-hu","11":"pa_filter_age-14-hu","12":"pa_painter-vintage-hu","13":"pa_tip_ambalaj-doboz","14":"pa_tip_puzzle-klasszikus","16":"first","17":"instock","18":"taxable","19":"shipping-taxable","20":"product-type-simple"},"yoast_head":"<!-- This site is optimized with the Yoast SEO plugin v20.1 - https:\/\/yoast.com\/wordpress\/plugins\/seo\/ -->\n<title>Feln\u0151tt 1000 darabos vintage poszter puzzle - Chocolat Carpentier<\/title>\n<meta name=\"description\" content=\"Feln\u0151tt 1000 darabos vintage poszter puzzle - Chocolat Carpentier\" \/>\n<meta name=\"robots\" content=\"index, follow, max-snippet:-1, max-image-preview:large, max-video-preview:-1\" \/>\n<link rel=\"canonical\" href=\"https:\/\/business.roovi.com\/hu\/felnott-1000-darabos-vintage-poszter-puzzle-chocolat-carpentier\/p\/\" \/>\n<meta property=\"og:locale\" content=\"hu_HU\" \/>\n<meta property=\"og:type\" content=\"article\" \/>\n<meta property=\"og:title\" content=\"Feln\u0151tt 1000 darabos vintage poszter puzzle - Chocolat Carpentier\" \/>\n<meta property=\"og:description\" content=\"Feln\u0151tt 1000 darabos vintage poszter puzzle - Chocolat Carpentier\" \/>\n<meta property=\"og:url\" content=\"https:\/\/business.roovi.com\/hu\/felnott-1000-darabos-vintage-poszter-puzzle-chocolat-carpentier\/p\/\" \/>\n<meta property=\"og:site_name\" content=\"Roovi B2B\" \/>\n<meta property=\"article:publisher\" content=\"https:\/\/www.facebook.com\/wwwjucariero\" \/>\n<meta property=\"article:modified_time\" content=\"2022-07-06T15:44:29+00:00\" \/>\n<meta property=\"og:image\" content=\"https:\/\/business.roovi.com\/wp-content\/uploads\/2021\/12\/67555-21_ansamblu_dimensiuni_cutie_cm_vertical_1200x1200.png\" \/>\n\t<meta property=\"og:image:width\" content=\"1200\" \/>\n\t<meta property=\"og:image:height\" content=\"1200\" \/>\n\t<meta property=\"og:image:type\" content=\"image\/png\" \/>\n<meta name=\"twitter:label1\" content=\"Becs\u00fclt olvas\u00e1si id\u0151\" \/>\n\t<meta name=\"twitter:data1\" content=\"3 perc\" \/>\n<script type=\"application\/ld+json\" class=\"yoast-schema-graph\">{\"@context\":\"https:\/\/schema.org\",\"@graph\":[{\"@type\":\"WebPage\",\"@id\":\"https:\/\/business.roovi.com\/hu\/felnott-1000-darabos-vintage-poszter-puzzle-chocolat-carpentier\/p\/\",\"url\":\"https:\/\/business.roovi.com\/hu\/felnott-1000-darabos-vintage-poszter-puzzle-chocolat-carpentier\/p\/\",\"name\":\"Feln\u0151tt 1000 darabos vintage poszter puzzle - Chocolat Carpentier\",\"isPartOf\":{\"@id\":\"https:\/\/business.roovi.com\/hu\/#website\"},\"datePublished\":\"2021-12-14T14:44:02+00:00\",\"dateModified\":\"2022-07-06T15:44:29+00:00\",\"description\":\"Feln\u0151tt 1000 darabos vintage poszter puzzle - Chocolat Carpentier\",\"breadcrumb\":{\"@id\":\"https:\/\/business.roovi.com\/hu\/felnott-1000-darabos-vintage-poszter-puzzle-chocolat-carpentier\/p\/#breadcrumb\"},\"inLanguage\":\"hu\",\"potentialAction\":[{\"@type\":\"ReadAction\",\"target\":[\"https:\/\/business.roovi.com\/hu\/felnott-1000-darabos-vintage-poszter-puzzle-chocolat-carpentier\/p\/\"]}]},{\"@type\":\"BreadcrumbList\",\"@id\":\"https:\/\/business.roovi.com\/hu\/felnott-1000-darabos-vintage-poszter-puzzle-chocolat-carpentier\/p\/#breadcrumb\",\"itemListElement\":[{\"@type\":\"ListItem\",\"position\":1,\"name\":\"Home\",\"item\":\"https:\/\/business.roovi.com\/hu\/\"},{\"@type\":\"ListItem\",\"position\":2,\"name\":\"Shop\",\"item\":\"https:\/\/business.roovi.com\/hu\/shop\/\"},{\"@type\":\"ListItem\",\"position\":3,\"name\":\"Feln\u0151tt 1000 darabos vintage poszter puzzle &#8211; Chocolat Carpentier\"}]},{\"@type\":\"WebSite\",\"@id\":\"https:\/\/business.roovi.com\/hu\/#website\",\"url\":\"https:\/\/business.roovi.com\/hu\/\",\"name\":\"Roovi B2B\",\"description\":\"Roovi Business Website\",\"potentialAction\":[{\"@type\":\"SearchAction\",\"target\":{\"@type\":\"EntryPoint\",\"urlTemplate\":\"https:\/\/business.roovi.com\/hu\/?s={search_term_string}\"},\"query-input\":\"required name=search_term_string\"}],\"inLanguage\":\"hu\"}]}<\/script>\n<!-- \/ Yoast SEO plugin. -->","yoast_head_json":{"title":"Feln\u0151tt 1000 darabos vintage poszter puzzle - Chocolat Carpentier","description":"Feln\u0151tt 1000 darabos vintage poszter puzzle - Chocolat Carpentier","robots":{"index":"index","follow":"follow","max-snippet":"max-snippet:-1","max-image-preview":"max-image-preview:large","max-video-preview":"max-video-preview:-1"},"canonical":"https:\/\/business.roovi.com\/hu\/felnott-1000-darabos-vintage-poszter-puzzle-chocolat-carpentier\/p\/","og_locale":"hu_HU","og_type":"article","og_title":"Feln\u0151tt 1000 darabos vintage poszter puzzle - Chocolat Carpentier","og_description":"Feln\u0151tt 1000 darabos vintage poszter puzzle - Chocolat Carpentier","og_url":"https:\/\/business.roovi.com\/hu\/felnott-1000-darabos-vintage-poszter-puzzle-chocolat-carpentier\/p\/","og_site_name":"Roovi B2B","article_publisher":"https:\/\/www.facebook.com\/wwwjucariero","article_modified_time":"2022-07-06T15:44:29+00:00","og_image":[{"width":1200,"height":1200,"url":"https:\/\/business.roovi.com\/wp-content\/uploads\/2021\/12\/67555-21_ansamblu_dimensiuni_cutie_cm_vertical_1200x1200.png","type":"image\/png"}],"twitter_misc":{"Becs\u00fclt olvas\u00e1si id\u0151":"3 perc"},"schema":{"@context":"https:\/\/schema.org","@graph":[{"@type":"WebPage","@id":"https:\/\/business.roovi.com\/hu\/felnott-1000-darabos-vintage-poszter-puzzle-chocolat-carpentier\/p\/","url":"https:\/\/business.roovi.com\/hu\/felnott-1000-darabos-vintage-poszter-puzzle-chocolat-carpentier\/p\/","name":"Feln\u0151tt 1000 darabos vintage poszter puzzle - Chocolat Carpentier","isPartOf":{"@id":"https:\/\/business.roovi.com\/hu\/#website"},"datePublished":"2021-12-14T14:44:02+00:00","dateModified":"2022-07-06T15:44:29+00:00","description":"Feln\u0151tt 1000 darabos vintage poszter puzzle - Chocolat Carpentier","breadcrumb":{"@id":"https:\/\/business.roovi.com\/hu\/felnott-1000-darabos-vintage-poszter-puzzle-chocolat-carpentier\/p\/#breadcrumb"},"inLanguage":"hu","potentialAction":[{"@type":"ReadAction","target":["https:\/\/business.roovi.com\/hu\/felnott-1000-darabos-vintage-poszter-puzzle-chocolat-carpentier\/p\/"]}]},{"@type":"BreadcrumbList","@id":"https:\/\/business.roovi.com\/hu\/felnott-1000-darabos-vintage-poszter-puzzle-chocolat-carpentier\/p\/#breadcrumb","itemListElement":[{"@type":"ListItem","position":1,"name":"Home","item":"https:\/\/business.roovi.com\/hu\/"},{"@type":"ListItem","position":2,"name":"Shop","item":"https:\/\/business.roovi.com\/hu\/shop\/"},{"@type":"ListItem","position":3,"name":"Feln\u0151tt 1000 darabos vintage poszter puzzle &#8211; Chocolat Carpentier"}]},{"@type":"WebSite","@id":"https:\/\/business.roovi.com\/hu\/#website","url":"https:\/\/business.roovi.com\/hu\/","name":"Roovi B2B","description":"Roovi Business Website","potentialAction":[{"@type":"SearchAction","target":{"@type":"EntryPoint","urlTemplate":"https:\/\/business.roovi.com\/hu\/?s={search_term_string}"},"query-input":"required name=search_term_string"}],"inLanguage":"hu"}]}},"_links":{"self":[{"href":"https:\/\/business.roovi.com\/hu\/wp-json\/wp\/v2\/product\/40768","targetHints":{"allow":["GET"]}}],"collection":[{"href":"https:\/\/business.roovi.com\/hu\/wp-json\/wp\/v2\/product"}],"about":[{"href":"https:\/\/business.roovi.com\/hu\/wp-json\/wp\/v2\/types\/product"}],"version-history":[{"count":0,"href":"https:\/\/business.roovi.com\/hu\/wp-json\/wp\/v2\/product\/40768\/revisions"}],"wp:featuredmedia":[{"embeddable":true,"href":"https:\/\/business.roovi.com\/hu\/wp-json\/wp\/v2\/media\/48171"}],"wp:attachment":[{"href":"https:\/\/business.roovi.com\/hu\/wp-json\/wp\/v2\/media?parent=40768"}],"wp:term":[{"taxonomy":"product_brand","embeddable":true,"href":"https:\/\/business.roovi.com\/hu\/wp-json\/wp\/v2\/product_brand?post=40768"},{"taxonomy":"product_cat","embeddable":true,"href":"https:\/\/business.roovi.com\/hu\/wp-json\/wp\/v2\/product_cat?post=40768"},{"taxonomy":"product_tag","embeddable":true,"href":"https:\/\/business.roovi.com\/hu\/wp-json\/wp\/v2\/product_tag?post=40768"}],"curies":[{"name":"wp","href":"https:\/\/api.w.org\/{rel}","templated":true}]}}