{"id":40772,"date":"2021-12-14T14:39:28","date_gmt":"2021-12-14T14:39:28","guid":{"rendered":"https:\/\/business.roovi.com\/puzzle-adulti-1000-piese-kurti-andrea-catspisici\/p\/"},"modified":"2022-07-06T15:44:33","modified_gmt":"2022-07-06T15:44:33","slug":"kurti-andrea-1000-darabos-felnott-puzzle-macskak-pisici","status":"publish","type":"product","link":"https:\/\/business.roovi.com\/hu\/kurti-andrea-1000-darabos-felnott-puzzle-macskak-pisici\/p\/","title":{"rendered":"K\u00fcrti Andrea 1000 darabos feln\u0151tt puzzle &#8211; Macsk\u00e1k\/Pisici"},"content":{"rendered":"<p><span style=\"font-weight: 400\">K\u00e9szen \u00e1llsz arra, hogy az 1000 darabos kirak\u00f3j\u00e1t\u00e9kodat a k\u00f6vetkez\u0151 szintre emeld? Elk\u00e9peszt\u0151, magas neh\u00e9zs\u00e9g\u0171 \u00e9s leny\u0171g\u00f6z\u0151 kih\u00edv\u00e1st jelent\u0151 tervekkel v\u00e1runk <\/span><\/p>\n<p><span style=\"font-weight: 400\">Puzzle 1000 darab &#8211; Macsk\u00e1k a k\u00f6vetkez\u0151 szintre emeli a rejtv\u00e9nyek ir\u00e1nti szenved\u00e9lyedet. A Kurti Andrea m\u0171v\u00e9szn\u0151 \u00e1ltal k\u00e9sz\u00edtett, eredeti tervez\u00e9s\u0171, magas neh\u00e9zs\u00e9g\u0171 feln\u0151tt puzzle feldobja a monoton pillanatokat.<\/span><\/p>\n<p><span style=\"font-weight: 400\">Ak\u00e1r a k\u00f6vetkez\u0151 szintre szeretn\u00e9d emelni a kirak\u00f3s j\u00e1t\u00e9kodat, ak\u00e1r egy kirak\u00f3s bar\u00e1todat szeretn\u00e9d kih\u00edvni, hogy gyakorolja k\u00e9pess\u00e9geidet \u00e9s t\u00fcrelmedet, ez az 1000 darabos kirak\u00f3s t\u00f6k\u00e9letes v\u00e1laszt\u00e1s.<\/span><\/p>\n<p><span style=\"font-weight: 400\">Az 1000 Piece Puzzle &#8211; Cats lehet\u0151s\u00e9get ad arra, hogy kapcsolatot teremtsen a csal\u00e1ddal vagy a bar\u00e1tokkal. Szervezzen puzzle-esteket szeretteivel, \u00e9s tapasztalja meg az egy\u00fctt t\u00f6lt\u00f6tt id\u0151 \u00f6r\u00f6m\u00e9t. Keretezze be a kapott k\u00e9pet, \u00e9s \u0151rizze meg az \u00e9rt\u00e9kes eml\u00e9ket otthon\u00e1ban.<\/span><\/p>\n<p><strong>Mi\u00e9rt v\u00e1lassza az 1000 db &#8211; Macsk\u00e1k?<\/strong><\/p>\n<p><span style=\"font-weight: 400\">Egy 50 x 70 cm-es festm\u00e9nyt kap, amelyet bekeretezhet \u00e9s minden nap megcsod\u00e1lhat.<\/span><\/p>\n<p><span style=\"font-weight: 400\">Min\u0151s\u00e9gi anyagokb\u00f3l, pr\u00e9mium k\u00e9k kartonb\u00f3l k\u00e9sz\u00fclt, \u00e9s t\u00f6k\u00e9letes aj\u00e1nd\u00e9k lehet az 1000 darabos puzzle szerelmeseinek.<\/span><\/p>\n<p><span style=\"font-weight: 400\">Term\u00e9szetbar\u00e1t \u00e9s hossz\u00fa \u00e9lettartam\u00fa, fenntarthat\u00f3, \u00fajrahasznos\u00edthat\u00f3 \u00e9s tart\u00f3s anyagokb\u00f3l k\u00e9sz\u00fclt.<\/span><\/p>\n<p><span style=\"font-weight: 400\">F\u00e9lf\u00e9nyes fel\u00fclet\u0171, \u00e9s \u00e9l\u00e9nk, nagyon kellemes sz\u00ednekkel rendelkezik.<\/span><\/p>\n<p><span style=\"font-weight: 400\">A j\u00e1t\u00e9k 14 \u00e9v felettiek sz\u00e1m\u00e1ra is alkalmas, \u00edgy a tizen\u00e9vesek is megismerkedhetnek a puzzle-j\u00e1t\u00e9kokkal.<\/span><\/p>\n<p><strong>Tudtad, hogy&#8230;?<\/strong><span style=\"font-weight: 400\"> <\/span><\/p>\n<p><span style=\"font-weight: 400\">A macsk\u00e1k teste 244 csontb\u00f3l \u00e1ll. Ehhez k\u00e9pest az emberi test 206 csontb\u00f3l \u00e1ll.<\/span><\/p>\n<p><span style=\"font-weight: 400\">Az \u00e1ltal\u00e1nos gyakorlattal ellent\u00e9tben a macsk\u00e1kat nem szabad tejjel etetni, mivel a legt\u00f6bb macska lakt\u00f3z\u00e9rz\u00e9keny.<\/span><\/p>\n<p><span style=\"font-weight: 400\">A macsk\u00e1k egy genetikai mut\u00e1ci\u00f3 miatt nem tudj\u00e1k meg\u00edzlelni az \u00e9des \u00edzt, mivel az \u00edz\u00e9rz\u00e9kel\u0151 receptoraikat befoly\u00e1solja.<\/span><\/p>\n<p><span style=\"font-weight: 400\">A macsk\u00e1k ves\u00e9je k\u00e9pes kisz\u0171rni a s\u00f3t a v\u00edzb\u0151l, \u00edgy a tenger viz\u00e9t is meg tudj\u00e1k inni.<\/span><\/p>\n<p><span style=\"font-weight: 400\">A vil\u00e1g leghosszabb \u00e9let\u0171 macsk\u00e1ja a Guinness-k\u00f6nyv szerint 38 \u00e9vig, 1967-t\u0151l 2005-ig \u00e9lt.<\/span><\/p>\n<p><span style=\"font-weight: 400\">1000 darabos puzzle &#8211; A macsk\u00e1k \u00e9s a k\u00e9pess\u00e9gek, amelyeket seg\u00edtenek fejleszteni:<\/span><\/p>\n<ul>\n<li><span style=\"font-weight: 400\">Koncentr\u00e1ci\u00f3s k\u00e9pess\u00e9g<\/span><\/li>\n<li><span style=\"font-weight: 400\">Figyelem a r\u00e9szletekre<\/span><\/li>\n<li><span style=\"font-weight: 400\">Kitart\u00e1s<\/span><\/li>\n<li><span style=\"font-weight: 400\">R\u00f6vid t\u00e1v\u00fa mem\u00f3ria<\/span><\/li>\n<li><span style=\"font-weight: 400\">Logikus gondolkod\u00e1s.<\/span><\/li>\n<\/ul>\n<p><strong>1000 darabos puzzle &#8211; A macsk\u00e1k seg\u00edtik a kreativit\u00e1st \u00e9s a boldogs\u00e1got<\/strong><\/p>\n<p><span style=\"font-weight: 400\">V\u00e1lassza az 1000 darabos, macskamodelleket tartalmaz\u00f3 puzzle-t, \u00e9s eddze az agy\u00e1t monoton pillanatokban vagy h\u00e9tv\u00e9g\u00e9n, amikor a nap a felh\u0151k k\u00f6z\u00f6tt rejt\u0151zik. Seg\u00edt ellazulni \u00e9s fejleszti a kreativit\u00e1st.<\/span><\/p>\n<p><span style=\"font-weight: 400\">Az \u00f6sszeszerel\u00e9si tev\u00e9kenys\u00e9gnek ugyanazok a j\u00f3t\u00e9kony hat\u00e1sai vannak az agyra, mint az edz\u0151termi edz\u00e9snek a testre: eg\u00e9szs\u00e9gesen \u00e9s akt\u00edvan tartja azt.<\/span><\/p>\n<p><span style=\"font-weight: 400\">Emellett azt is meg\u00e1llap\u00edtott\u00e1k, hogy amikor valaki kirak\u00f3s j\u00e1t\u00e9kok k\u00e9peit rakja \u00f6ssze, az agya t\u00f6bb dopamint v\u00e1laszt ki. Ez egy olyan neurotranszmitter, amely az optimizmus\u00e9rt \u00e9s a boldogs\u00e1g\u00e9rt felel\u0151s <\/span><\/p>\n<p><span style=\"font-weight: 400\">Csak j\u00f3 okod van arra, hogy megv\u00e1s\u00e1rold ezt a csod\u00e1latos feln\u0151tt puzzle-t. A term\u00e9k akkor is alkalmas, ha k\u00fcl\u00f6nleges aj\u00e1nd\u00e9kot keres az \u00fcnnepekre vagy k\u00fcl\u00f6nb\u00f6z\u0151 \u00e9vfordul\u00f3kra.<\/span><\/p><\/p>\n","protected":false},"excerpt":{"rendered":"<p>K\u00e9szen \u00e1llsz arra, hogy az 1000 darabos kirak\u00f3j\u00e1t\u00e9kodat a k\u00f6vetkez\u0151 szintre emeld? Elk\u00e9peszt\u0151, magas neh\u00e9zs\u00e9g\u0171 \u00e9s leny\u0171g\u00f6z\u0151 kih\u00edv\u00e1st jelent\u0151 tervekkel<\/p>\n","protected":false},"featured_media":48156,"template":"","meta":[],"product_brand":[],"product_cat":[1920,1919,1881],"product_tag":[],"class_list":{"0":"post-40772","1":"product","2":"type-product","3":"status-publish","4":"has-post-thumbnail","6":"product_cat-1000-darabos-kirakos-jatek","7":"product_cat-felnott-kirakos-jatekok","8":"product_cat-kirakos-jatekok","9":"pa_brand-d_toys-hu","10":"pa_country_of_manufacture-ro-hu","11":"pa_filter_age-14-hu","12":"pa_painter-kurtiandrea-hu","13":"pa_tip_ambalaj-doboz","14":"pa_tip_puzzle-klasszikus","16":"first","17":"instock","18":"taxable","19":"shipping-taxable","20":"product-type-simple"},"yoast_head":"<!-- This site is optimized with the Yoast SEO plugin v20.1 - https:\/\/yoast.com\/wordpress\/plugins\/seo\/ -->\n<title>K\u00fcrti Andrea 1000 darabos feln\u0151tt puzzle - Macsk\u00e1k\/Pisici<\/title>\n<meta name=\"description\" content=\"K\u00fcrti Andrea 1000 darabos feln\u0151tt puzzle - Macsk\u00e1k\/Pisici\" \/>\n<meta name=\"robots\" content=\"index, follow, max-snippet:-1, max-image-preview:large, max-video-preview:-1\" \/>\n<link rel=\"canonical\" href=\"https:\/\/business.roovi.com\/hu\/kurti-andrea-1000-darabos-felnott-puzzle-macskak-pisici\/p\/\" \/>\n<meta property=\"og:locale\" content=\"hu_HU\" \/>\n<meta property=\"og:type\" content=\"article\" \/>\n<meta property=\"og:title\" content=\"K\u00fcrti Andrea 1000 darabos feln\u0151tt puzzle - Macsk\u00e1k\/Pisici\" \/>\n<meta property=\"og:description\" content=\"K\u00fcrti Andrea 1000 darabos feln\u0151tt puzzle - Macsk\u00e1k\/Pisici\" \/>\n<meta property=\"og:url\" content=\"https:\/\/business.roovi.com\/hu\/kurti-andrea-1000-darabos-felnott-puzzle-macskak-pisici\/p\/\" \/>\n<meta property=\"og:site_name\" content=\"Roovi B2B\" \/>\n<meta property=\"article:publisher\" content=\"https:\/\/www.facebook.com\/wwwjucariero\" \/>\n<meta property=\"article:modified_time\" content=\"2022-07-06T15:44:33+00:00\" \/>\n<meta property=\"og:image\" content=\"https:\/\/business.roovi.com\/wp-content\/uploads\/2021\/12\/76847_ansamblu_dimensiuni_cutie_1200x1200.png\" \/>\n\t<meta property=\"og:image:width\" content=\"1200\" \/>\n\t<meta property=\"og:image:height\" content=\"1200\" \/>\n\t<meta property=\"og:image:type\" content=\"image\/png\" \/>\n<meta name=\"twitter:label1\" content=\"Becs\u00fclt olvas\u00e1si id\u0151\" \/>\n\t<meta name=\"twitter:data1\" content=\"3 perc\" \/>\n<script type=\"application\/ld+json\" class=\"yoast-schema-graph\">{\"@context\":\"https:\/\/schema.org\",\"@graph\":[{\"@type\":\"WebPage\",\"@id\":\"https:\/\/business.roovi.com\/hu\/kurti-andrea-1000-darabos-felnott-puzzle-macskak-pisici\/p\/\",\"url\":\"https:\/\/business.roovi.com\/hu\/kurti-andrea-1000-darabos-felnott-puzzle-macskak-pisici\/p\/\",\"name\":\"K\u00fcrti Andrea 1000 darabos feln\u0151tt puzzle - Macsk\u00e1k\/Pisici\",\"isPartOf\":{\"@id\":\"https:\/\/business.roovi.com\/hu\/#website\"},\"datePublished\":\"2021-12-14T14:39:28+00:00\",\"dateModified\":\"2022-07-06T15:44:33+00:00\",\"description\":\"K\u00fcrti Andrea 1000 darabos feln\u0151tt puzzle - Macsk\u00e1k\/Pisici\",\"breadcrumb\":{\"@id\":\"https:\/\/business.roovi.com\/hu\/kurti-andrea-1000-darabos-felnott-puzzle-macskak-pisici\/p\/#breadcrumb\"},\"inLanguage\":\"hu\",\"potentialAction\":[{\"@type\":\"ReadAction\",\"target\":[\"https:\/\/business.roovi.com\/hu\/kurti-andrea-1000-darabos-felnott-puzzle-macskak-pisici\/p\/\"]}]},{\"@type\":\"BreadcrumbList\",\"@id\":\"https:\/\/business.roovi.com\/hu\/kurti-andrea-1000-darabos-felnott-puzzle-macskak-pisici\/p\/#breadcrumb\",\"itemListElement\":[{\"@type\":\"ListItem\",\"position\":1,\"name\":\"Home\",\"item\":\"https:\/\/business.roovi.com\/hu\/\"},{\"@type\":\"ListItem\",\"position\":2,\"name\":\"Shop\",\"item\":\"https:\/\/business.roovi.com\/hu\/shop\/\"},{\"@type\":\"ListItem\",\"position\":3,\"name\":\"K\u00fcrti Andrea 1000 darabos feln\u0151tt puzzle &#8211; Macsk\u00e1k\/Pisici\"}]},{\"@type\":\"WebSite\",\"@id\":\"https:\/\/business.roovi.com\/hu\/#website\",\"url\":\"https:\/\/business.roovi.com\/hu\/\",\"name\":\"Roovi B2B\",\"description\":\"Roovi Business Website\",\"potentialAction\":[{\"@type\":\"SearchAction\",\"target\":{\"@type\":\"EntryPoint\",\"urlTemplate\":\"https:\/\/business.roovi.com\/hu\/?s={search_term_string}\"},\"query-input\":\"required name=search_term_string\"}],\"inLanguage\":\"hu\"}]}<\/script>\n<!-- \/ Yoast SEO plugin. -->","yoast_head_json":{"title":"K\u00fcrti Andrea 1000 darabos feln\u0151tt puzzle - Macsk\u00e1k\/Pisici","description":"K\u00fcrti Andrea 1000 darabos feln\u0151tt puzzle - Macsk\u00e1k\/Pisici","robots":{"index":"index","follow":"follow","max-snippet":"max-snippet:-1","max-image-preview":"max-image-preview:large","max-video-preview":"max-video-preview:-1"},"canonical":"https:\/\/business.roovi.com\/hu\/kurti-andrea-1000-darabos-felnott-puzzle-macskak-pisici\/p\/","og_locale":"hu_HU","og_type":"article","og_title":"K\u00fcrti Andrea 1000 darabos feln\u0151tt puzzle - Macsk\u00e1k\/Pisici","og_description":"K\u00fcrti Andrea 1000 darabos feln\u0151tt puzzle - Macsk\u00e1k\/Pisici","og_url":"https:\/\/business.roovi.com\/hu\/kurti-andrea-1000-darabos-felnott-puzzle-macskak-pisici\/p\/","og_site_name":"Roovi B2B","article_publisher":"https:\/\/www.facebook.com\/wwwjucariero","article_modified_time":"2022-07-06T15:44:33+00:00","og_image":[{"width":1200,"height":1200,"url":"https:\/\/business.roovi.com\/wp-content\/uploads\/2021\/12\/76847_ansamblu_dimensiuni_cutie_1200x1200.png","type":"image\/png"}],"twitter_misc":{"Becs\u00fclt olvas\u00e1si id\u0151":"3 perc"},"schema":{"@context":"https:\/\/schema.org","@graph":[{"@type":"WebPage","@id":"https:\/\/business.roovi.com\/hu\/kurti-andrea-1000-darabos-felnott-puzzle-macskak-pisici\/p\/","url":"https:\/\/business.roovi.com\/hu\/kurti-andrea-1000-darabos-felnott-puzzle-macskak-pisici\/p\/","name":"K\u00fcrti Andrea 1000 darabos feln\u0151tt puzzle - Macsk\u00e1k\/Pisici","isPartOf":{"@id":"https:\/\/business.roovi.com\/hu\/#website"},"datePublished":"2021-12-14T14:39:28+00:00","dateModified":"2022-07-06T15:44:33+00:00","description":"K\u00fcrti Andrea 1000 darabos feln\u0151tt puzzle - Macsk\u00e1k\/Pisici","breadcrumb":{"@id":"https:\/\/business.roovi.com\/hu\/kurti-andrea-1000-darabos-felnott-puzzle-macskak-pisici\/p\/#breadcrumb"},"inLanguage":"hu","potentialAction":[{"@type":"ReadAction","target":["https:\/\/business.roovi.com\/hu\/kurti-andrea-1000-darabos-felnott-puzzle-macskak-pisici\/p\/"]}]},{"@type":"BreadcrumbList","@id":"https:\/\/business.roovi.com\/hu\/kurti-andrea-1000-darabos-felnott-puzzle-macskak-pisici\/p\/#breadcrumb","itemListElement":[{"@type":"ListItem","position":1,"name":"Home","item":"https:\/\/business.roovi.com\/hu\/"},{"@type":"ListItem","position":2,"name":"Shop","item":"https:\/\/business.roovi.com\/hu\/shop\/"},{"@type":"ListItem","position":3,"name":"K\u00fcrti Andrea 1000 darabos feln\u0151tt puzzle &#8211; Macsk\u00e1k\/Pisici"}]},{"@type":"WebSite","@id":"https:\/\/business.roovi.com\/hu\/#website","url":"https:\/\/business.roovi.com\/hu\/","name":"Roovi B2B","description":"Roovi Business Website","potentialAction":[{"@type":"SearchAction","target":{"@type":"EntryPoint","urlTemplate":"https:\/\/business.roovi.com\/hu\/?s={search_term_string}"},"query-input":"required name=search_term_string"}],"inLanguage":"hu"}]}},"_links":{"self":[{"href":"https:\/\/business.roovi.com\/hu\/wp-json\/wp\/v2\/product\/40772","targetHints":{"allow":["GET"]}}],"collection":[{"href":"https:\/\/business.roovi.com\/hu\/wp-json\/wp\/v2\/product"}],"about":[{"href":"https:\/\/business.roovi.com\/hu\/wp-json\/wp\/v2\/types\/product"}],"version-history":[{"count":0,"href":"https:\/\/business.roovi.com\/hu\/wp-json\/wp\/v2\/product\/40772\/revisions"}],"wp:featuredmedia":[{"embeddable":true,"href":"https:\/\/business.roovi.com\/hu\/wp-json\/wp\/v2\/media\/48156"}],"wp:attachment":[{"href":"https:\/\/business.roovi.com\/hu\/wp-json\/wp\/v2\/media?parent=40772"}],"wp:term":[{"taxonomy":"product_brand","embeddable":true,"href":"https:\/\/business.roovi.com\/hu\/wp-json\/wp\/v2\/product_brand?post=40772"},{"taxonomy":"product_cat","embeddable":true,"href":"https:\/\/business.roovi.com\/hu\/wp-json\/wp\/v2\/product_cat?post=40772"},{"taxonomy":"product_tag","embeddable":true,"href":"https:\/\/business.roovi.com\/hu\/wp-json\/wp\/v2\/product_tag?post=40772"}],"curies":[{"name":"wp","href":"https:\/\/api.w.org\/{rel}","templated":true}]}}