{"id":40780,"date":"2021-11-17T14:50:13","date_gmt":"2021-11-17T14:50:13","guid":{"rendered":"https:\/\/business.roovi.com\/puzzle-adulti-1000-piese-cartoon-collection-new-york\/p\/"},"modified":"2022-10-18T09:48:26","modified_gmt":"2022-10-18T09:48:26","slug":"cartoon-collection-1000-darabos-felnott-puzzle-new-york","status":"publish","type":"product","link":"https:\/\/business.roovi.com\/hu\/cartoon-collection-1000-darabos-felnott-puzzle-new-york\/p\/","title":{"rendered":"Cartoon Collection 1000 darabos feln\u0151tt puzzle &#8211; New York"},"content":{"rendered":"<p><span style=\"font-weight: 400;\">A sz\u00f3rakoz\u00e1s \u00e9s a kikapcsol\u00f3d\u00e1s k\u00e9z a k\u00e9zben j\u00e1r az \u00faj Cartoon puzzle kollekci\u00f3val! A sok anim\u00e1lt karakterrel ell\u00e1tott meseillusztr\u00e1ci\u00f3k mes\u00e9s sz\u00f3rakoz\u00e1ss\u00e1 var\u00e1zsolj\u00e1k az \u00f6sszetett kirak\u00f3s j\u00e1t\u00e9kot.<\/span><\/p>\n<p><span style=\"font-weight: 400;\">Elk\u00e9pzelted m\u00e1r, hogyan \u00e9p\u00fclt a h\u00edres Szabads\u00e1g-szobor, \u00e9s hogyan ker\u00fclt New Yorkba? Az 1000 Piece Puzzle Cartoon &#8211; New York sz\u00f3rakoztat\u00f3 perspekt\u00edv\u00e1t ny\u00fajt, ahogy egy sereg szerethet\u0151 karakter igyekszik fel\u00e1ll\u00edtani Amerika egyik legh\u00edresebb nevezetess\u00e9g\u00e9t.<\/span><\/p>\n<p><span style=\"font-weight: 400;\">Rengeteg bonyolult r\u00e9szlet, hasonl\u00f3, de egyedi karakterek, amelyeket azonos\u00edtanod kell, hogy teljes legyen a k\u00e9p, v\u00e1rnak arra, hogy felfedezd. Engedd, hogy elragadjon egy mesebeli jelenet, \u00e9s \u00e9lj \u00e1t egy sz\u00f3rakoztat\u00f3 \u00e9s kreat\u00edv \u00e9lm\u00e9nyt <\/span><\/p>\n<p><span style=\"font-weight: 400;\">Nem tudsz b\u00e1nni a huncut man\u00f3kkal? H\u00edvd seg\u00edts\u00e9g\u00fcl a bar\u00e1taidat, \u00e9s \u00e9p\u00edtsetek egy\u00fctt egy gy\u00f6ny\u00f6r\u0171 illusztr\u00e1ci\u00f3t, tele sz\u00ednekkel \u00e9s m\u00f3k\u00e1val.<\/span><\/p>\n<p><strong>Mi\u00e9rt v\u00e1lassza a Cartoon &#8211; New York 1000 darabos puzzle-t?<\/strong><\/p>\n<p><span style=\"font-weight: 400;\">Lehet\u0151s\u00e9ge van arra, hogy 1000 puzzle-darabb\u00f3l \u00fajraalkosson egy 50 x 70 cm-es festm\u00e9nyt, amelyet otthon\u00e1ban ki\u00e1ll\u00edthat.<\/span><\/p>\n<p><span style=\"font-weight: 400;\">Kiv\u00e1l\u00f3 min\u0151s\u00e9g\u0171 k\u00e9k kartonb\u00f3l k\u00e9sz\u00fcl, ami extra szil\u00e1rds\u00e1got biztos\u00edt m\u00e9g t\u00f6bbsz\u00f6ri \u00fajragy\u00e1rt\u00e1s eset\u00e9n is.<\/span><\/p>\n<p><span style=\"font-weight: 400;\">A fel\u00fclet f\u00e9lig f\u00e9nyes, \u00e9l\u00e9nk sz\u00ednekkel, amelyek kiemelik az illusztr\u00e1ci\u00f3 sz\u00e9ps\u00e9g\u00e9t.<\/span><\/p>\n<p><span style=\"font-weight: 400;\">Ez egy term\u00e9szetbar\u00e1t term\u00e9k, amely \u00fajrahasznos\u00edthat\u00f3 \u00e9s fenntarthat\u00f3 anyagokb\u00f3l k\u00e9sz\u00fclt.<\/span><\/p>\n<p><span style=\"font-weight: 400;\">14 \u00e9v felettiek sz\u00e1m\u00e1ra alkalmas, tizen\u00e9ves gyermekeivel egy\u00fctt is elk\u00e9sz\u00edtheti.<\/span><\/p>\n<p><span style=\"font-weight: 400;\">A kirak\u00f3s j\u00e1t\u00e9kok t\u00f6bb lehet\u0151s\u00e9get adnak a fejl\u0151d\u00e9sre \u00e9s a kapcsolat megszak\u00edt\u00e1s\u00e1ra:<\/span><\/p>\n<ul>\n<li><span style=\"font-weight: 400;\">Seg\u00edtenek ellazulni \u00e9s kiz\u00f6kkenteni a mindennapi monotonit\u00e1sb\u00f3l.<\/span><\/li>\n<li><span style=\"font-weight: 400;\">Fejleszti a r\u00e9szletekre val\u00f3 figyelmet \u00e9s fejleszti a t\u00fcrelmet.<\/span><\/li>\n<li><span style=\"font-weight: 400;\">Eg\u00e9szs\u00e9gesen tartj\u00e1k az agyat \u00e9s \u00e9lesen tartj\u00e1k a mem\u00f3ri\u00e1t.<\/span><\/li>\n<li><span style=\"font-weight: 400;\">Fejlesztik a probl\u00e9mamegold\u00f3 k\u00e9szs\u00e9gedet.<\/span><\/li>\n<li><span style=\"font-weight: 400;\">Serkentik a dopamin kiv\u00e1laszt\u00e1s\u00e1t, \u00e9s j\u00f3 k\u00f6z\u00e9rzetet biztos\u00edtanak.<\/span><\/li>\n<li><span style=\"font-weight: 400;\">Lehet\u0151s\u00e9get ny\u00fajtanak a szocializ\u00e1l\u00f3d\u00e1sra \u00e9s a szeretteinkkel val\u00f3 egy\u00fcttl\u00e9tre.<\/span><\/li>\n<\/ul>\n<p><strong>Tudtad, hogy&#8230;?<\/strong><\/p>\n<p><span style=\"font-weight: 400;\">A Szabads\u00e1g-szobrot a franci\u00e1k aj\u00e1nd\u00e9kozt\u00e1k az amerikaiaknak 1886-ban.<\/span><\/p>\n<p><span style=\"font-weight: 400;\">A szobor arc\u00e1t Frederic-Auguste Bartholdi szobr\u00e1sz \u00e9desanyj\u00e1r\u00f3l mint\u00e1zta <\/span><\/p>\n<p><span style=\"font-weight: 400;\">A szobor koron\u00e1j\u00e1nak 7 sugara a 7 kontinenst \u00e9s a Szabads\u00e1g egyetemes fogalm\u00e1t jelk\u00e9pezi.<\/span><\/p>\n<p><span style=\"font-weight: 400;\">A szobor 16 \u00e9ven \u00e1t, 1886-t\u00f3l 1902-ig jelz\u0151f\u00e9nyk\u00e9nt m\u0171k\u00f6d\u00f6tt, \u00e9s ak\u00e1r 24 m\u00e9rf\u00f6ldes t\u00e1vols\u00e1got is megvil\u00e1g\u00edtott.<\/span><\/p>\n<p><span style=\"font-weight: 400;\">A szobor belsej\u00e9ben 354 l\u00e9pcs\u0151 vezet fel a koron\u00e1ra, ahonnan a metropolisz leny\u0171g\u00f6z\u0151 l\u00e1tv\u00e1ny\u00e1ban gy\u00f6ny\u00f6rk\u00f6dhet.<\/span><\/p>\n<p><span style=\"font-weight: 400;\">Fel\u00e1ll\u00edt\u00e1sa \u00f3ta a becsl\u00e9sek szerint \u00e9vente mintegy 600 alkalommal csapott bele a szoborba vill\u00e1m.<\/span><\/p>\n<p><strong>Rajzfilm 1000 darabos puzzle &#8211; New York fel\u00e9breszti a bels\u0151 gyermeket<\/strong><\/p>\n<p><span style=\"font-weight: 400;\">Tal\u00e1ld meg a gyermekkor \u00f6r\u00f6m\u00e9t egy gy\u00f6ny\u00f6r\u0171en megtervezett kirak\u00f3s j\u00e1t\u00e9kban. A vid\u00e1m, sz\u00ednes, anim\u00e1lt jelenetek meghozz\u00e1k a kedv\u00e9t a j\u00e1t\u00e9khoz, ak\u00e1rcsak gyermekkor\u00e1ban. Kicsit \u00f6sszetettebb, mint a t\u00e9nyleges kirak\u00f3s j\u00e1t\u00e9k, de az \u00e9rz\u00e9s, amit kiv\u00e1lt, ugyanaz: hat\u00e1rtalan \u00f6r\u00f6m.<\/span><\/p>\n<p><span style=\"font-weight: 400;\">Csak pihenj \u00e9s \u00e9rezd j\u00f3l magad, mint a r\u00e9gi sz\u00e9p id\u0151kben, amikor m\u00e9g gyerek volt\u00e1l, \u00e9s az eg\u00e9sz vil\u00e1g a ti\u00e9d volt. A Cartoon Puzzle &#8211; New York az\u00e9rt van itt, hogy felejthetetlen \u00e9lm\u00e9nyt ny\u00fajtson neked, ak\u00e1r bar\u00e1taiddal, ak\u00e1r otthonodban, szabadid\u0151dben j\u00e1tszod el az 1000 darabos puzzle k\u00e9peit <\/span><\/p>\n<p><span style=\"font-weight: 400;\">V\u00e1s\u00e1roljon Cartoon &#8211; New York 1000 darabos puzzle-t \u00e9s \u00e9lvezze a kreat\u00edv tev\u00e9kenys\u00e9get. Fedezze fel a Cartoon kollekci\u00f3 \u00f6sszes mint\u00e1j\u00e1t, \u00e9s hozzon l\u00e9tre egy egyedi k\u00e9pekb\u0151l \u00e1ll\u00f3 gy\u0171jtem\u00e9nyt, amely szem\u00e9lyis\u00e9get k\u00f6lcs\u00f6n\u00f6z otthon\u00e1nak kis helyis\u00e9geinek.<\/span><\/p>\n","protected":false},"excerpt":{"rendered":"<p>A sz\u00f3rakoz\u00e1s \u00e9s a kikapcsol\u00f3d\u00e1s k\u00e9z a k\u00e9zben j\u00e1r az \u00faj Cartoon puzzle kollekci\u00f3val! A sok anim\u00e1lt karakterrel ell\u00e1tott meseillusztr\u00e1ci\u00f3k<\/p>\n","protected":false},"featured_media":48141,"template":"","meta":[],"product_brand":[],"product_cat":[1920,1919,1881],"product_tag":[],"class_list":{"0":"post-40780","1":"product","2":"type-product","3":"status-publish","4":"has-post-thumbnail","6":"product_cat-1000-darabos-kirakos-jatek","7":"product_cat-felnott-kirakos-jatekok","8":"product_cat-kirakos-jatekok","9":"pa_brand-d_toys-hu","10":"pa_country_of_manufacture-ro-hu","11":"pa_filter_age-14-hu","12":"pa_painter-cartooncollection-hu","13":"pa_tip_ambalaj-doboz","14":"pa_tip_puzzle-klasszikus","16":"first","17":"instock","18":"taxable","19":"shipping-taxable","20":"product-type-simple"},"yoast_head":"<!-- This site is optimized with the Yoast SEO plugin v20.1 - https:\/\/yoast.com\/wordpress\/plugins\/seo\/ -->\n<title>Cartoon Collection 1000 darabos feln\u0151tt puzzle - New York<\/title>\n<meta name=\"description\" content=\"Cartoon Collection 1000 darabos feln\u0151tt puzzle - New York\" \/>\n<meta name=\"robots\" content=\"index, follow, max-snippet:-1, max-image-preview:large, max-video-preview:-1\" \/>\n<link rel=\"canonical\" href=\"https:\/\/business.roovi.com\/hu\/cartoon-collection-1000-darabos-felnott-puzzle-new-york\/p\/\" \/>\n<meta property=\"og:locale\" content=\"hu_HU\" \/>\n<meta property=\"og:type\" content=\"article\" \/>\n<meta property=\"og:title\" content=\"Cartoon Collection 1000 darabos feln\u0151tt puzzle - New York\" \/>\n<meta property=\"og:description\" content=\"Cartoon Collection 1000 darabos feln\u0151tt puzzle - New York\" \/>\n<meta property=\"og:url\" content=\"https:\/\/business.roovi.com\/hu\/cartoon-collection-1000-darabos-felnott-puzzle-new-york\/p\/\" \/>\n<meta property=\"og:site_name\" content=\"Roovi B2B\" \/>\n<meta property=\"article:publisher\" content=\"https:\/\/www.facebook.com\/wwwjucariero\" \/>\n<meta property=\"article:modified_time\" content=\"2022-10-18T09:48:26+00:00\" \/>\n<meta property=\"og:image\" content=\"https:\/\/business.roovi.com\/wp-content\/uploads\/2021\/11\/61218_-13_ansamblu_dimensiuni_cutie_cm_vertical_1200x1200.png\" \/>\n\t<meta property=\"og:image:width\" content=\"1200\" \/>\n\t<meta property=\"og:image:height\" content=\"1200\" \/>\n\t<meta property=\"og:image:type\" content=\"image\/png\" \/>\n<meta name=\"twitter:label1\" content=\"Becs\u00fclt olvas\u00e1si id\u0151\" \/>\n\t<meta name=\"twitter:data1\" content=\"2 perc\" \/>\n<script type=\"application\/ld+json\" class=\"yoast-schema-graph\">{\"@context\":\"https:\/\/schema.org\",\"@graph\":[{\"@type\":\"WebPage\",\"@id\":\"https:\/\/business.roovi.com\/hu\/cartoon-collection-1000-darabos-felnott-puzzle-new-york\/p\/\",\"url\":\"https:\/\/business.roovi.com\/hu\/cartoon-collection-1000-darabos-felnott-puzzle-new-york\/p\/\",\"name\":\"Cartoon Collection 1000 darabos feln\u0151tt puzzle - New York\",\"isPartOf\":{\"@id\":\"https:\/\/business.roovi.com\/hu\/#website\"},\"datePublished\":\"2021-11-17T14:50:13+00:00\",\"dateModified\":\"2022-10-18T09:48:26+00:00\",\"description\":\"Cartoon Collection 1000 darabos feln\u0151tt puzzle - New York\",\"breadcrumb\":{\"@id\":\"https:\/\/business.roovi.com\/hu\/cartoon-collection-1000-darabos-felnott-puzzle-new-york\/p\/#breadcrumb\"},\"inLanguage\":\"hu\",\"potentialAction\":[{\"@type\":\"ReadAction\",\"target\":[\"https:\/\/business.roovi.com\/hu\/cartoon-collection-1000-darabos-felnott-puzzle-new-york\/p\/\"]}]},{\"@type\":\"BreadcrumbList\",\"@id\":\"https:\/\/business.roovi.com\/hu\/cartoon-collection-1000-darabos-felnott-puzzle-new-york\/p\/#breadcrumb\",\"itemListElement\":[{\"@type\":\"ListItem\",\"position\":1,\"name\":\"Home\",\"item\":\"https:\/\/business.roovi.com\/hu\/\"},{\"@type\":\"ListItem\",\"position\":2,\"name\":\"Shop\",\"item\":\"https:\/\/business.roovi.com\/hu\/shop\/\"},{\"@type\":\"ListItem\",\"position\":3,\"name\":\"Cartoon Collection 1000 darabos feln\u0151tt puzzle &#8211; New York\"}]},{\"@type\":\"WebSite\",\"@id\":\"https:\/\/business.roovi.com\/hu\/#website\",\"url\":\"https:\/\/business.roovi.com\/hu\/\",\"name\":\"Roovi B2B\",\"description\":\"Roovi Business Website\",\"potentialAction\":[{\"@type\":\"SearchAction\",\"target\":{\"@type\":\"EntryPoint\",\"urlTemplate\":\"https:\/\/business.roovi.com\/hu\/?s={search_term_string}\"},\"query-input\":\"required name=search_term_string\"}],\"inLanguage\":\"hu\"}]}<\/script>\n<!-- \/ Yoast SEO plugin. -->","yoast_head_json":{"title":"Cartoon Collection 1000 darabos feln\u0151tt puzzle - New York","description":"Cartoon Collection 1000 darabos feln\u0151tt puzzle - New York","robots":{"index":"index","follow":"follow","max-snippet":"max-snippet:-1","max-image-preview":"max-image-preview:large","max-video-preview":"max-video-preview:-1"},"canonical":"https:\/\/business.roovi.com\/hu\/cartoon-collection-1000-darabos-felnott-puzzle-new-york\/p\/","og_locale":"hu_HU","og_type":"article","og_title":"Cartoon Collection 1000 darabos feln\u0151tt puzzle - New York","og_description":"Cartoon Collection 1000 darabos feln\u0151tt puzzle - New York","og_url":"https:\/\/business.roovi.com\/hu\/cartoon-collection-1000-darabos-felnott-puzzle-new-york\/p\/","og_site_name":"Roovi B2B","article_publisher":"https:\/\/www.facebook.com\/wwwjucariero","article_modified_time":"2022-10-18T09:48:26+00:00","og_image":[{"width":1200,"height":1200,"url":"https:\/\/business.roovi.com\/wp-content\/uploads\/2021\/11\/61218_-13_ansamblu_dimensiuni_cutie_cm_vertical_1200x1200.png","type":"image\/png"}],"twitter_misc":{"Becs\u00fclt olvas\u00e1si id\u0151":"2 perc"},"schema":{"@context":"https:\/\/schema.org","@graph":[{"@type":"WebPage","@id":"https:\/\/business.roovi.com\/hu\/cartoon-collection-1000-darabos-felnott-puzzle-new-york\/p\/","url":"https:\/\/business.roovi.com\/hu\/cartoon-collection-1000-darabos-felnott-puzzle-new-york\/p\/","name":"Cartoon Collection 1000 darabos feln\u0151tt puzzle - New York","isPartOf":{"@id":"https:\/\/business.roovi.com\/hu\/#website"},"datePublished":"2021-11-17T14:50:13+00:00","dateModified":"2022-10-18T09:48:26+00:00","description":"Cartoon Collection 1000 darabos feln\u0151tt puzzle - New York","breadcrumb":{"@id":"https:\/\/business.roovi.com\/hu\/cartoon-collection-1000-darabos-felnott-puzzle-new-york\/p\/#breadcrumb"},"inLanguage":"hu","potentialAction":[{"@type":"ReadAction","target":["https:\/\/business.roovi.com\/hu\/cartoon-collection-1000-darabos-felnott-puzzle-new-york\/p\/"]}]},{"@type":"BreadcrumbList","@id":"https:\/\/business.roovi.com\/hu\/cartoon-collection-1000-darabos-felnott-puzzle-new-york\/p\/#breadcrumb","itemListElement":[{"@type":"ListItem","position":1,"name":"Home","item":"https:\/\/business.roovi.com\/hu\/"},{"@type":"ListItem","position":2,"name":"Shop","item":"https:\/\/business.roovi.com\/hu\/shop\/"},{"@type":"ListItem","position":3,"name":"Cartoon Collection 1000 darabos feln\u0151tt puzzle &#8211; New York"}]},{"@type":"WebSite","@id":"https:\/\/business.roovi.com\/hu\/#website","url":"https:\/\/business.roovi.com\/hu\/","name":"Roovi B2B","description":"Roovi Business Website","potentialAction":[{"@type":"SearchAction","target":{"@type":"EntryPoint","urlTemplate":"https:\/\/business.roovi.com\/hu\/?s={search_term_string}"},"query-input":"required name=search_term_string"}],"inLanguage":"hu"}]}},"_links":{"self":[{"href":"https:\/\/business.roovi.com\/hu\/wp-json\/wp\/v2\/product\/40780","targetHints":{"allow":["GET"]}}],"collection":[{"href":"https:\/\/business.roovi.com\/hu\/wp-json\/wp\/v2\/product"}],"about":[{"href":"https:\/\/business.roovi.com\/hu\/wp-json\/wp\/v2\/types\/product"}],"version-history":[{"count":0,"href":"https:\/\/business.roovi.com\/hu\/wp-json\/wp\/v2\/product\/40780\/revisions"}],"wp:featuredmedia":[{"embeddable":true,"href":"https:\/\/business.roovi.com\/hu\/wp-json\/wp\/v2\/media\/48141"}],"wp:attachment":[{"href":"https:\/\/business.roovi.com\/hu\/wp-json\/wp\/v2\/media?parent=40780"}],"wp:term":[{"taxonomy":"product_brand","embeddable":true,"href":"https:\/\/business.roovi.com\/hu\/wp-json\/wp\/v2\/product_brand?post=40780"},{"taxonomy":"product_cat","embeddable":true,"href":"https:\/\/business.roovi.com\/hu\/wp-json\/wp\/v2\/product_cat?post=40780"},{"taxonomy":"product_tag","embeddable":true,"href":"https:\/\/business.roovi.com\/hu\/wp-json\/wp\/v2\/product_tag?post=40780"}],"curies":[{"name":"wp","href":"https:\/\/api.w.org\/{rel}","templated":true}]}}