{"id":40791,"date":"2021-11-12T10:55:39","date_gmt":"2021-11-12T10:55:39","guid":{"rendered":"https:\/\/business.roovi.com\/puzzle-adulti-1000-piese-egon-schiele-crescent-of-houses\/p\/"},"modified":"2022-07-06T15:44:47","modified_gmt":"2022-07-06T15:44:47","slug":"felnott-puzzle-1000-darab-egon-schiele-hazak-felholdja","status":"publish","type":"product","link":"https:\/\/business.roovi.com\/hu\/felnott-puzzle-1000-darab-egon-schiele-hazak-felholdja\/p\/","title":{"rendered":"Feln\u0151tt puzzle 1000 darab Egon Schiele &#8211; H\u00e1zak f\u00e9lholdja"},"content":{"rendered":"<p><span style=\"font-size: 14px;line-height: 14px\"><span style=\"font-weight: 400\">L\u00e9pj be minden id\u0151k legh\u00edresebb festm\u00e9nyeinek sz\u00ednes \u00e9s szimbolikus vil\u00e1g\u00e1ba a D-Toys legnagyobb m\u0171v\u00e9szeti kirak\u00f3j\u00e1t\u00e9k-k\u00edn\u00e1lat\u00e1val! Fedezd fel a rejt\u00e9lyt 1000 darabos rejtv\u00e9nyeken kereszt\u00fcl  <\/span><em><span style=\"font-weight: 400\">Mona Lisa<\/span><\/em><span style=\"font-weight: 400\">  da Vinci vagy a csod\u00e1latos rezg\u00e9s  <\/span><em><span style=\"font-weight: 400\">A csillagos \u00e9jszak\u00e1ban<\/span><\/em><span style=\"font-weight: 400\">  \u00e9s sok m\u00e1s remekm\u0171, amelyek \u00e9vsz\u00e1zadok \u00f3ta leny\u0171g\u00f6zik a m\u0171v\u00e9szet szerelmeseit.<\/span><\/span><\/p>\n<p><span style=\"font-size: 14px;line-height: 14px\"><span style=\"font-weight: 400\">Az Egon Schiele &#8211; Crescent of Houses 1000 darabos puzzle megismerteti \u00d6nt a k\u00fcl\u00f6nc osztr\u00e1k fest\u0151vel, akinek munk\u00e1ss\u00e1ga ma is leny\u0171g\u00f6z\u0151. A munka  <\/span><em><span style=\"font-weight: 400\">H\u00e1zak f\u00e9lholdja,  <\/span><\/em><span style=\"font-weight: 400\">mint minden v\u00e1rosk\u00e9pfestm\u00e9nye, nem a h\u00e1zak realisztikus \u00e1br\u00e1zol\u00e1sa, hanem ink\u00e1bb a madarak rep\u00fcl\u00e9s\u00e9nek perspekt\u00edv\u00e1j\u00e1b\u00f3l k\u00e9sz\u00fclt m\u0171 <\/span><\/span><\/p>\n<p><span style=\"font-weight: 400;font-size: 14px;line-height: 14px\">Az \u00e9p\u00fcletek szil\u00e1rd geometri\u00e1j\u00fanak t\u0171nnek, \u00e9s a m\u0171v\u00e9sz sz\u00e1nd\u00e9ka a jelek szerint az volt, hogy sz\u00f6gletes vonalak labirintus\u00e1t hozza l\u00e9tre. Leny\u0171g\u00f6zte ez a m\u0171v\u00e9szi labirintus? H\u00fazza k\u00f6zel a doh\u00e1nyz\u00f3asztalt a nappaliban, \u00e9s kezdje el \u00fajraalkotni a m\u0171alkot\u00e1st. A v\u00e9g\u00e9n egy 50 x 70 cm-es festm\u00e9nyt kapsz. K\u00e9sz\u00edtsd \u00fajra ezt a labirintusszer\u0171 r\u00e1csot, \u00e9s kapj egy nagyszer\u0171 impresszionista festm\u00e9nyt.<\/span><\/p>\n<p><span style=\"font-weight: 400;font-size: 14px;line-height: 14px\">Olvasson t\u00f6bbet ennek a m\u0171v\u00e9szi kirak\u00f3snak a jellemz\u0151ir\u0151l az al\u00e1bbiakban:<\/span><\/p>\n<p><span style=\"font-size: 14px;line-height: 14px\"><strong>Puzzle anyag <\/strong><\/span><\/p>\n<p><span style=\"font-size: 14px;line-height: 14px\"><strong>kiv\u00e1l\u00f3 min\u0151s\u00e9g\u0171 k\u00e9k karton<\/strong><\/span><\/p>\n<p><span style=\"font-size: 14px;line-height: 14px\"><strong>fenntarthat\u00f3, \u00fajrahasznos\u00edthat\u00f3 anyagok<\/strong><\/span><\/p>\n<p><span style=\"font-size: 14px;line-height: 14px\"><strong>f\u00e9lf\u00e9nyes kivitel, \u00e9l\u00e9nk sz\u00ednek<\/strong><\/span><\/p>\n<p><span style=\"font-size: 14px;line-height: 14px\"><strong>A kirak\u00f3s darabok sz\u00e1ma: 1000<\/strong><\/span><\/p>\n<p><span style=\"font-size: 14px;line-height: 14px\"><strong>Aj\u00e1nlott \u00e9letkor: 14+<\/strong><\/span><\/p>\n<p><span style=\"font-size: 14px;line-height: 14px\"><strong>5 elk\u00e9peszt\u0151 el\u0151nye a kirak\u00f3s j\u00e1t\u00e9kok \u00f6sszeszerel\u00e9s\u00e9nek<\/strong><\/span><\/p>\n<p><span style=\"font-weight: 400;font-size: 14px;line-height: 14px\">Rakd \u00f6ssze az 1000 darabos kirak\u00f3s j\u00e1t\u00e9kokat a mag\u00e1nyos pillanatokban vagy a h\u00e9tv\u00e9gi napokon a szeretteiddel. Sz\u00e1mos olyan el\u0151nyben lesz r\u00e9sze, amire nem is gondolt. \u00cdme, csak 5 k\u00f6z\u00fcl\u00fck:<\/span><\/p>\n<p><span style=\"font-weight: 400;font-size: 14px;line-height: 14px\">1. Ak\u00e1r 30 \u00f3r\u00e1nyi sz\u00f3rakoz\u00e1st \u00e9s kikapcsol\u00f3d\u00e1st biztos\u00edt.<\/span><\/p>\n<p><span style=\"font-weight: 400;font-size: 14px;line-height: 14px\">2. \u00d6sszek\u00f6t a csal\u00e1ddal \u00e9s a bar\u00e1tokkal.<\/span><\/p>\n<p><span style=\"font-weight: 400;font-size: 14px;line-height: 14px\">3. Sok vid\u00e1ms\u00e1got hoznak az unalmas t\u00e9li napokon.<\/span><\/p>\n<p><span style=\"font-weight: 400;font-size: 14px;line-height: 14px\">4. Seg\u00edtenek abban, hogy az \u00e9let minden ter\u00fclet\u00e9n kitart\u00f3bb\u00e1 v\u00e1lj.<\/span><\/p>\n<p><span style=\"font-weight: 400;font-size: 14px;line-height: 14px\">5. Jav\u00edtj\u00e1k a mem\u00f3ri\u00e1t.<\/span><\/p>\n<p><span style=\"line-height: 14px;font-size: 14px\"><strong>Egon Schiele &#8211; egy felh\u00e1bor\u00edt\u00f3 \u00e9s zseni\u00e1lis fest\u0151<\/strong><\/span><\/p>\n<p><span style=\"font-weight: 400\">Sok m\u0171v\u00e9sz kit\u0171nik eredetis\u00e9g\u00e9vel \u00e9s sokkol\u00f3 munk\u00e1j\u00e1val. Egon Schiele is hasonl\u00f3 volt, egyesek zseninek, m\u00e1sok pedig&#8230; romlottnak tartott\u00e1k. \u00cdme n\u00e9h\u00e1ny botr\u00e1nyos t\u00e9ny a m\u0171v\u00e9szr\u0151l, aki \u00e9let\u00e9ben a h\u00edres Gustav Klimt v\u00e9delm\u00e9t \u00e9lvezte:<\/span><\/p>\n<p><span style=\"font-weight: 400\">Nyers, intenz\u00edven kifejezett szexualit\u00e1s\u00fa m\u0171veket alkotott, \u00e9s azzal v\u00e1dolt\u00e1k, hogy pornogr\u00e1f elemeket visz be m\u0171v\u00e9szet\u00e9be.<\/span><\/p>\n<p><span style=\"font-weight: 400\">Viszonya volt egy 17 \u00e9ves l\u00e1nnyal, Wallyval &#8211; akir\u0151l azt hitt\u00e9k, hogy tizen\u00e9vesk\u00e9nt prostit\u00faci\u00f3t folytatott -, \u00e9s kiskor\u00faak megront\u00e1s\u00e1val v\u00e1dolt\u00e1k, tov\u00e1bb\u00e1 ismert volt a voyeurizmusra val\u00f3 hajlam\u00e1r\u00f3l is.<\/span><\/p>\n<p><span style=\"font-weight: 400\">\u00c1ll\u00edt\u00f3lag intim kapcsolatot \u00e1polt s\u00f3gorn\u0151j\u00e9vel is, aki f\u00e9rjhezmenetele ut\u00e1n modellkedett neki.<\/span><\/p>\n<p><span style=\"font-weight: 400\">N\u0151k \u00e9s f\u00e9rfiak aktjait festette explicit \u00e9s provokat\u00edv erotikus p\u00f3zokban, egyes esetekben a nemi szerveket hivalkod\u00f3an felfedve.<\/span><\/p>\n<p><span style=\"font-weight: 400\">A n\u00e1cik degener\u00e1ltnak tartott\u00e1k, \u00e9s betiltott\u00e1k festm\u00e9nyeinek ki\u00e1ll\u00edt\u00e1s\u00e1t.<\/span><\/p>\n<p><span style=\"font-weight: 400\">B\u00e1r karrierje r\u00f6vid \u00e9let\u0171 volt &#8211; mind\u00f6ssze 28 \u00e9vesen halt meg spanyoln\u00e1th\u00e1ban -, Schiele a 20. sz\u00e1zad ikonikus m\u0171v\u00e9sze maradt, aki festm\u00e9nyeiben az emberek legm\u00e9lyebb \u00f6szt\u00f6neit tudta \u00e9rz\u00e9keltetni.<\/span><\/p>\n<p><strong>M\u0171v\u00e9szeti rejtv\u00e9nyek: mened\u00e9k egy leny\u0171g\u00f6z\u0151 vil\u00e1gban<\/strong><\/p>\n<p><span style=\"font-weight: 400\">Azokra a ki\u00e9gett pillanatokra, amikor \u00fagy \u00e9rzed, hogy nem tudod magad r\u00e1venni semmire, a m\u0171v\u00e9szi rejtv\u00e9nyek kiv\u00e1l\u00f3 energiz\u00e1l\u00f3k. Seg\u00edtenek kil\u00e9pni a megszokott ker\u00e9kv\u00e1g\u00e1sb\u00f3l, \u00e9s lehet\u0151v\u00e9 teszik, hogy bel\u00e9pjen a m\u0171alkot\u00e1sok leny\u0171g\u00f6z\u0151 vil\u00e1g\u00e1ba. \u00cdme n\u00e9h\u00e1ny tov\u00e1bbi el\u0151nye az 1000 darabos m\u0171v\u00e9szeti rejtv\u00e9nyeknek:<\/span><\/p>\n<p><span style=\"font-weight: 400\">\u00c9les\u00edtik az eszt\u00e9tikai \u00e9rz\u00e9ket.<\/span><\/p>\n<p><span style=\"font-weight: 400\">Lehet\u0151v\u00e9 teszik, hogy saj\u00e1t kez\u0171leg k\u00e9sz\u00edtsd el egy h\u00edres m\u0171alkot\u00e1s m\u00e1solat\u00e1t.<\/span><\/p>\n<p><span style=\"font-weight: 400\">Egyedi d\u00edszt\u00e1rgyakkal d\u00edsz\u00edtik otthon\u00e1t.<\/span><\/p>\n<p><span style=\"font-weight: 400\">T\u00e1g\u00edtj\u00e1k a tud\u00e1s horizontj\u00e1t.<\/span><\/p>\n<p><span style=\"font-weight: 400\">Megmozgatj\u00e1k a k\u00e9pzeletedet.<\/span><\/p>\n<p><span style=\"font-weight: 400\">V\u00e1s\u00e1rolja meg most ezt a csod\u00e1latos Egon Schiele &#8211; Crescent of Houses m\u0171v\u00e9szeti puzzle-t, \u00e9s v\u00e1ljon exkluz\u00edv m\u0171v\u00e9ssz\u00e9. \u00c9lvezze a felejthetetlen \u00e9lm\u00e9nyt, amelyet egy 1000 darabos kirak\u00f3j\u00e1t\u00e9k ny\u00fajt \u00d6nnek. Fedezze fel a t\u00f6bbi h\u00edres m\u0171vet a m\u0171v\u00e9szeti rejtv\u00e9nyek k\u00edn\u00e1lat\u00e1ban, \u00e9s hozzon l\u00e9tre egy leny\u0171g\u00f6z\u0151 feln\u0151tt rejtv\u00e9nygy\u0171jtem\u00e9nyt.<\/span><\/p>\n<p><span style=\"font-weight: 400\">Az Egon Schiele &#8211; Crescent of Houses 1000 darabos kirak\u00f3s j\u00e1t\u00e9k remek aj\u00e1nd\u00e9k lehet a kirak\u00f3st szeret\u0151 bar\u00e1tainak k\u00fcl\u00f6nb\u00f6z\u0151 alkalmakkor.<\/span><\/p><\/p>\n","protected":false},"excerpt":{"rendered":"<p>L\u00e9pj be minden id\u0151k legh\u00edresebb festm\u00e9nyeinek sz\u00ednes \u00e9s szimbolikus vil\u00e1g\u00e1ba a D-Toys legnagyobb m\u0171v\u00e9szeti kirak\u00f3j\u00e1t\u00e9k-k\u00edn\u00e1lat\u00e1val! Fedezd fel a rejt\u00e9lyt 1000<\/p>\n","protected":false},"featured_media":64195,"template":"","meta":[],"product_brand":[],"product_cat":[1920,1919,1881],"product_tag":[],"class_list":{"0":"post-40791","1":"product","2":"type-product","3":"status-publish","4":"has-post-thumbnail","6":"product_cat-1000-darabos-kirakos-jatek","7":"product_cat-felnott-kirakos-jatekok","8":"product_cat-kirakos-jatekok","9":"pa_bax-10-hu","10":"pa_brand-d_toys-hu","11":"pa_country_of_manufacture-ro-hu","12":"pa_filter_age-14-hu","13":"pa_tip_ambalaj-doboz","14":"pa_tip_puzzle-klasszikus","16":"first","17":"instock","18":"taxable","19":"shipping-taxable","20":"product-type-simple"},"yoast_head":"<!-- This site is optimized with the Yoast SEO plugin v20.1 - https:\/\/yoast.com\/wordpress\/plugins\/seo\/ -->\n<title>Feln\u0151tt puzzle 1000 darab Egon Schiele - H\u00e1zak f\u00e9lholdja<\/title>\n<meta name=\"description\" content=\"Feln\u0151tt puzzle 1000 darab Egon Schiele - H\u00e1zak f\u00e9lholdja\" \/>\n<meta name=\"robots\" content=\"index, follow, max-snippet:-1, max-image-preview:large, max-video-preview:-1\" \/>\n<link rel=\"canonical\" href=\"https:\/\/business.roovi.com\/hu\/felnott-puzzle-1000-darab-egon-schiele-hazak-felholdja\/p\/\" \/>\n<meta property=\"og:locale\" content=\"hu_HU\" \/>\n<meta property=\"og:type\" content=\"article\" \/>\n<meta property=\"og:title\" content=\"Feln\u0151tt puzzle 1000 darab Egon Schiele - H\u00e1zak f\u00e9lholdja\" \/>\n<meta property=\"og:description\" content=\"Feln\u0151tt puzzle 1000 darab Egon Schiele - H\u00e1zak f\u00e9lholdja\" \/>\n<meta property=\"og:url\" content=\"https:\/\/business.roovi.com\/hu\/felnott-puzzle-1000-darab-egon-schiele-hazak-felholdja\/p\/\" \/>\n<meta property=\"og:site_name\" content=\"Roovi B2B\" \/>\n<meta property=\"article:publisher\" content=\"https:\/\/www.facebook.com\/wwwjucariero\" \/>\n<meta property=\"article:modified_time\" content=\"2022-07-06T15:44:47+00:00\" \/>\n<meta property=\"og:image\" content=\"https:\/\/business.roovi.com\/wp-content\/uploads\/2021\/11\/76830-01_ansamblu_dimensiuni_cutie_cm_1200x1200.png\" \/>\n\t<meta property=\"og:image:width\" content=\"1200\" \/>\n\t<meta property=\"og:image:height\" content=\"1200\" \/>\n\t<meta property=\"og:image:type\" content=\"image\/png\" \/>\n<meta name=\"twitter:label1\" content=\"Becs\u00fclt olvas\u00e1si id\u0151\" \/>\n\t<meta name=\"twitter:data1\" content=\"4 perc\" \/>\n<script type=\"application\/ld+json\" class=\"yoast-schema-graph\">{\"@context\":\"https:\/\/schema.org\",\"@graph\":[{\"@type\":\"WebPage\",\"@id\":\"https:\/\/business.roovi.com\/hu\/felnott-puzzle-1000-darab-egon-schiele-hazak-felholdja\/p\/\",\"url\":\"https:\/\/business.roovi.com\/hu\/felnott-puzzle-1000-darab-egon-schiele-hazak-felholdja\/p\/\",\"name\":\"Feln\u0151tt puzzle 1000 darab Egon Schiele - H\u00e1zak f\u00e9lholdja\",\"isPartOf\":{\"@id\":\"https:\/\/business.roovi.com\/hu\/#website\"},\"datePublished\":\"2021-11-12T10:55:39+00:00\",\"dateModified\":\"2022-07-06T15:44:47+00:00\",\"description\":\"Feln\u0151tt puzzle 1000 darab Egon Schiele - H\u00e1zak f\u00e9lholdja\",\"breadcrumb\":{\"@id\":\"https:\/\/business.roovi.com\/hu\/felnott-puzzle-1000-darab-egon-schiele-hazak-felholdja\/p\/#breadcrumb\"},\"inLanguage\":\"hu\",\"potentialAction\":[{\"@type\":\"ReadAction\",\"target\":[\"https:\/\/business.roovi.com\/hu\/felnott-puzzle-1000-darab-egon-schiele-hazak-felholdja\/p\/\"]}]},{\"@type\":\"BreadcrumbList\",\"@id\":\"https:\/\/business.roovi.com\/hu\/felnott-puzzle-1000-darab-egon-schiele-hazak-felholdja\/p\/#breadcrumb\",\"itemListElement\":[{\"@type\":\"ListItem\",\"position\":1,\"name\":\"Home\",\"item\":\"https:\/\/business.roovi.com\/hu\/\"},{\"@type\":\"ListItem\",\"position\":2,\"name\":\"Shop\",\"item\":\"https:\/\/business.roovi.com\/hu\/shop\/\"},{\"@type\":\"ListItem\",\"position\":3,\"name\":\"Feln\u0151tt puzzle 1000 darab Egon Schiele &#8211; H\u00e1zak f\u00e9lholdja\"}]},{\"@type\":\"WebSite\",\"@id\":\"https:\/\/business.roovi.com\/hu\/#website\",\"url\":\"https:\/\/business.roovi.com\/hu\/\",\"name\":\"Roovi B2B\",\"description\":\"Roovi Business Website\",\"potentialAction\":[{\"@type\":\"SearchAction\",\"target\":{\"@type\":\"EntryPoint\",\"urlTemplate\":\"https:\/\/business.roovi.com\/hu\/?s={search_term_string}\"},\"query-input\":\"required name=search_term_string\"}],\"inLanguage\":\"hu\"}]}<\/script>\n<!-- \/ Yoast SEO plugin. -->","yoast_head_json":{"title":"Feln\u0151tt puzzle 1000 darab Egon Schiele - H\u00e1zak f\u00e9lholdja","description":"Feln\u0151tt puzzle 1000 darab Egon Schiele - H\u00e1zak f\u00e9lholdja","robots":{"index":"index","follow":"follow","max-snippet":"max-snippet:-1","max-image-preview":"max-image-preview:large","max-video-preview":"max-video-preview:-1"},"canonical":"https:\/\/business.roovi.com\/hu\/felnott-puzzle-1000-darab-egon-schiele-hazak-felholdja\/p\/","og_locale":"hu_HU","og_type":"article","og_title":"Feln\u0151tt puzzle 1000 darab Egon Schiele - H\u00e1zak f\u00e9lholdja","og_description":"Feln\u0151tt puzzle 1000 darab Egon Schiele - H\u00e1zak f\u00e9lholdja","og_url":"https:\/\/business.roovi.com\/hu\/felnott-puzzle-1000-darab-egon-schiele-hazak-felholdja\/p\/","og_site_name":"Roovi B2B","article_publisher":"https:\/\/www.facebook.com\/wwwjucariero","article_modified_time":"2022-07-06T15:44:47+00:00","og_image":[{"width":1200,"height":1200,"url":"https:\/\/business.roovi.com\/wp-content\/uploads\/2021\/11\/76830-01_ansamblu_dimensiuni_cutie_cm_1200x1200.png","type":"image\/png"}],"twitter_misc":{"Becs\u00fclt olvas\u00e1si id\u0151":"4 perc"},"schema":{"@context":"https:\/\/schema.org","@graph":[{"@type":"WebPage","@id":"https:\/\/business.roovi.com\/hu\/felnott-puzzle-1000-darab-egon-schiele-hazak-felholdja\/p\/","url":"https:\/\/business.roovi.com\/hu\/felnott-puzzle-1000-darab-egon-schiele-hazak-felholdja\/p\/","name":"Feln\u0151tt puzzle 1000 darab Egon Schiele - H\u00e1zak f\u00e9lholdja","isPartOf":{"@id":"https:\/\/business.roovi.com\/hu\/#website"},"datePublished":"2021-11-12T10:55:39+00:00","dateModified":"2022-07-06T15:44:47+00:00","description":"Feln\u0151tt puzzle 1000 darab Egon Schiele - H\u00e1zak f\u00e9lholdja","breadcrumb":{"@id":"https:\/\/business.roovi.com\/hu\/felnott-puzzle-1000-darab-egon-schiele-hazak-felholdja\/p\/#breadcrumb"},"inLanguage":"hu","potentialAction":[{"@type":"ReadAction","target":["https:\/\/business.roovi.com\/hu\/felnott-puzzle-1000-darab-egon-schiele-hazak-felholdja\/p\/"]}]},{"@type":"BreadcrumbList","@id":"https:\/\/business.roovi.com\/hu\/felnott-puzzle-1000-darab-egon-schiele-hazak-felholdja\/p\/#breadcrumb","itemListElement":[{"@type":"ListItem","position":1,"name":"Home","item":"https:\/\/business.roovi.com\/hu\/"},{"@type":"ListItem","position":2,"name":"Shop","item":"https:\/\/business.roovi.com\/hu\/shop\/"},{"@type":"ListItem","position":3,"name":"Feln\u0151tt puzzle 1000 darab Egon Schiele &#8211; H\u00e1zak f\u00e9lholdja"}]},{"@type":"WebSite","@id":"https:\/\/business.roovi.com\/hu\/#website","url":"https:\/\/business.roovi.com\/hu\/","name":"Roovi B2B","description":"Roovi Business Website","potentialAction":[{"@type":"SearchAction","target":{"@type":"EntryPoint","urlTemplate":"https:\/\/business.roovi.com\/hu\/?s={search_term_string}"},"query-input":"required name=search_term_string"}],"inLanguage":"hu"}]}},"_links":{"self":[{"href":"https:\/\/business.roovi.com\/hu\/wp-json\/wp\/v2\/product\/40791","targetHints":{"allow":["GET"]}}],"collection":[{"href":"https:\/\/business.roovi.com\/hu\/wp-json\/wp\/v2\/product"}],"about":[{"href":"https:\/\/business.roovi.com\/hu\/wp-json\/wp\/v2\/types\/product"}],"version-history":[{"count":0,"href":"https:\/\/business.roovi.com\/hu\/wp-json\/wp\/v2\/product\/40791\/revisions"}],"wp:featuredmedia":[{"embeddable":true,"href":"https:\/\/business.roovi.com\/hu\/wp-json\/wp\/v2\/media\/64195"}],"wp:attachment":[{"href":"https:\/\/business.roovi.com\/hu\/wp-json\/wp\/v2\/media?parent=40791"}],"wp:term":[{"taxonomy":"product_brand","embeddable":true,"href":"https:\/\/business.roovi.com\/hu\/wp-json\/wp\/v2\/product_brand?post=40791"},{"taxonomy":"product_cat","embeddable":true,"href":"https:\/\/business.roovi.com\/hu\/wp-json\/wp\/v2\/product_cat?post=40791"},{"taxonomy":"product_tag","embeddable":true,"href":"https:\/\/business.roovi.com\/hu\/wp-json\/wp\/v2\/product_tag?post=40791"}],"curies":[{"name":"wp","href":"https:\/\/api.w.org\/{rel}","templated":true}]}}