{"id":40828,"date":"2021-11-11T15:14:56","date_gmt":"2021-11-11T15:14:56","guid":{"rendered":"https:\/\/business.roovi.com\/puzzle-adulti-1000-piese-dante-gabriel-rossetti-a-christmas-carol\/p\/"},"modified":"2022-07-06T15:44:52","modified_gmt":"2022-07-06T15:44:52","slug":"dante-gabriel-rossetti-1000-darabos-felnott-puzzle-a-christmas-carol","status":"publish","type":"product","link":"https:\/\/business.roovi.com\/hu\/dante-gabriel-rossetti-1000-darabos-felnott-puzzle-a-christmas-carol\/p\/","title":{"rendered":"Dante Gabriel Rossetti 1000 darabos feln\u0151tt puzzle &#8211; A Christmas Carol"},"content":{"rendered":"<p><span style=\"font-size: 14px;line-height: 14px\"><span style=\"font-weight: 400\">Csod\u00e1lni<\/span> <span style=\"font-weight: 400\">a m\u0171v\u00e9szet remekm\u0171vei egyed\u00fcl\u00e1ll\u00f3 \u00e9rz\u00e9s, de neh\u00e9z eljutni a h\u00edres m\u00fazeumokba, amikor csak pihen\u00e9sre v\u00e1gyik az ember. A m\u0171v\u00e9szi kirak\u00f3k legnagyobb v\u00e1laszt\u00e9k\u00e1val mostant\u00f3l nemcsak megn\u00e9zheti kedvenc festm\u00e9nyeit, hanem k\u00e9zzel is meg\u00e9p\u00edtheti azokat 1000 darabos kirak\u00f3kb\u00f3l.<\/span><\/span><\/p>\n<p><span style=\"font-size: 14px;line-height: 14px\"><span style=\"font-weight: 400\">1000 darabos puzzle <\/span><span style=\"font-weight: 400\">Dante Gabriel Rossetti &#8211; Kar\u00e1csonyi \u00e9nek<\/span> <span style=\"font-weight: 400\">kifejezi a zene \u00e9rz\u00e9kis\u00e9g\u00e9t, amely leny\u0171g\u00f6zte Rosettit, \u00e9s amelyet a m\u0171v\u00e9sz fest\u00e9szetben jelen\u00edtett meg. Egy gy\u00f6ny\u00f6r\u0171 n\u0151 eleg\u00e1nsan tart egy hangszert, ami azt az \u00e9rz\u00e9st kelti, hogy a zenei aktus kapcsolatot teremt a n\u00e9z\u0151 \u00e9s a m\u0171v\u00e9sz k\u00f6z\u00f6tt. Ez a csod\u00e1latos m\u0171v\u00e9szeti kirak\u00f3j\u00e1t\u00e9k megnyitja a fest\u0151 m\u00e9ly gondolkod\u00e1sa \u00e1ltal teremtett \u00f6sszetett vil\u00e1got <\/span><span style=\"font-weight: 400\">Dante Gabriel Rossetti.<\/span><\/span><\/p>\n<p><span style=\"font-weight: 400\">A m\u0171v\u00e9szeti puzzle jellemz\u0151i <\/span><span style=\"font-weight: 400\">Dante Gabriel Rossetti &#8211; Kar\u00e1csonyi \u00e9nek:<\/span><span style=\"font-weight: 400\"> <\/span><\/p>\n<p><strong>A rekonstru\u00e1lt k\u00e9p m\u00e9retei: 50 x 70 cm.<\/strong><span style=\"font-weight: 400\"> Egy k\u00f6z\u00f6ns\u00e9ges doh\u00e1nyz\u00f3asztalt is haszn\u00e1lhatsz a k\u00e9p \u00fajraalkot\u00e1s\u00e1hoz.<\/span><\/p>\n<p><strong>Puzzle anyag <\/strong><\/p>\n<p><strong>kiv\u00e1l\u00f3 min\u0151s\u00e9g\u0171 k\u00e9k karton<\/strong><\/p>\n<p><strong>fenntarthat\u00f3, \u00fajrahasznos\u00edthat\u00f3 anyagok<\/strong><\/p>\n<p><strong>f\u00e9lf\u00e9nyes kivitel, \u00e9l\u00e9nk sz\u00ednek<\/strong><\/p>\n<p><strong>A kirak\u00f3s darabok sz\u00e1ma: 1000<\/strong><\/p>\n<p><strong>Aj\u00e1nlott \u00e9letkor: 14+<\/strong><\/p>\n<p><strong>Az 1000 darabos puzzle kord\u00e1ban tartja a stresszt<\/strong><\/p>\n<p><span style=\"font-weight: 400\">A kirak\u00f3s j\u00e1t\u00e9kok nagyon sz\u00f3rakoztat\u00f3ak, de egyben nagyon pihentet\u0151ek is. Amikor erre a tev\u00e9kenys\u00e9gre koncentr\u00e1lsz, az elm\u00e9d teljesen megszabadul m\u00e1s gondokt\u00f3l vagy stresszt\u0151l, \u00e9s csak egyetlen c\u00e9lja van: \u00f6sszerakni a k\u00e9pet az 1000 kirak\u00f3s darabb\u00f3l. R\u00e1ad\u00e1sul kider\u00fclt, hogy ez az \u00e1llapot hasonl\u00edt ahhoz a meditat\u00edv \u00e1llapothoz, amely seg\u00edt megbirk\u00f3zni a stresszes helyzetekkel.<\/span><\/p>\n<p><span style=\"font-weight: 400\"> <\/span><strong>1000 darabos puzzle seg\u00edt j\u00f3l \u00e9rezni magad<\/strong><\/p>\n<p><span style=\"font-weight: 400\">Nem titok, hogy a kirak\u00f3s j\u00e1t\u00e9kok j\u00f3 \u00e9rz\u00e9ssel t\u00f6ltenek el. De van r\u00e1 tudom\u00e1nyos magyar\u00e1zat: a feln\u0151tt puzzle-\u00f6ssze\u00e1ll\u00edt\u00e1s pihentet\u0151 tev\u00e9kenys\u00e9ge sor\u00e1n megn\u0151 a dopamintermel\u00e9s. Ez az anyag felel\u0151s a boldogs\u00e1g\u00e9rt \u00e9s a j\u00f3l\u00e9t\u00e9rt. Ez a neurotranszmitter szorosan kapcsol\u00f3dik az optimizmushoz, az el\u00e9gedetts\u00e9ghez, a mem\u00f3ri\u00e1hoz \u00e9s a koncentr\u00e1ci\u00f3hoz is.<\/span><\/p>\n<p><strong>1000 darabos puzzle jav\u00edtja a probl\u00e9mamegold\u00f3 k\u00e9pess\u00e9get<\/strong><\/p>\n<p><span style=\"font-weight: 400\">Egy 1000 darabos kirak\u00f3s olyan, mint egy 1000 darabos probl\u00e9ma. Nagy elsz\u00e1nts\u00e1ggal \u00e9s kitart\u00e1ssal minden alkalommal siker\u00fcl rendet teremtened a t\u00f6bb sz\u00e1z kirak\u00f3s darabk\u00e1b\u00f3l \u00e1ll\u00f3 k\u00e1oszban. Ez a gyakorlat seg\u00edt abban, hogy jobban \u00e9s kreat\u00edvabban oldja meg a probl\u00e9m\u00e1kat \u00e9s egy\u00e9b helyzeteket, amelyekbe az \u00e9let sodorja.<\/span><\/p>\n<p><strong>Amit nem tudott a <\/strong><strong>Dante Gabriel Rossetti<\/strong><\/p>\n<p><span style=\"font-weight: 400\">Megalap\u00edtotta a prerafaelit\u00e1k testv\u00e9ris\u00e9g\u00e9t, amelynek c\u00e9lja a m\u0171v\u00e9szet megreform\u00e1l\u00e1sa volt az\u00e1ltal, hogy megtagadta a manierist\u00e1k m\u0171veinek mechanikus reproduk\u00e1l\u00e1s\u00e1t.<\/span><\/p>\n<p><span style=\"font-weight: 400\">Tehets\u00e9ges k\u00f6lt\u0151 is volt, nem csak fest\u0151. Sz\u00e1mos verset \u00e9s szonettet \u00edrt.<\/span><\/p>\n<p><span style=\"font-weight: 400\">Korai olasz k\u00f6lt\u0151k m\u0171veit ford\u00edtotta le angolra, t\u00f6bbek k\u00f6z\u00f6tt a k\u00f6vetkez\u0151ket <\/span><em><span style=\"font-weight: 400\">Vita Nuova<\/span><\/em><span style=\"font-weight: 400\"> dante Alighieri.<\/span><\/p>\n<p><span style=\"font-weight: 400\">Kidolgozta az akvarellfest\u00e9s m\u00f3dszer\u00e9t, amely a k\u00f6z\u00e9pkori miniat\u00far\u00e1khoz hasonl\u00f3 gazdag hat\u00e1s el\u00e9r\u00e9se \u00e9rdek\u00e9ben gumival kevert s\u0171r\u0171 pigmenteket haszn\u00e1lt.<\/span><\/p>\n<p><span style=\"font-weight: 400\">Feles\u00e9ge, Elisabeth Siddal hal\u00e1la ut\u00e1n a m\u0171v\u00e9sz Chelsea-ben b\u00e9relt egy h\u00e1zat, ahol 20 \u00e9vig \u00e9lt, extravag\u00e1ns b\u00fatorokkal \u00e9s egzotikus madarak \u00e9s \u00e1llatok par\u00e1d\u00e9j\u00e1val k\u00f6r\u00fclv\u00e9ve.<\/span><\/p>\n<p><span style=\"font-weight: 400\">Depresszi\u00f3s betegs\u00e9gben szenvedett, \u00e9s \u00f6ngyilkoss\u00e1got k\u00eds\u00e9relt meg. Agyv\u00e9rz\u00e9sben halt meg.<\/span><\/p>\n<p><strong>4 tov\u00e1bbi el\u0151nye a m\u0171v\u00e9szeti kirak\u00f3s j\u00e1t\u00e9knak<\/strong><\/p>\n<p><span style=\"font-weight: 400\">Ak\u00e1r 30 \u00f3r\u00e1nyi autentikus sz\u00f3rakoz\u00e1st garant\u00e1l<\/span><\/p>\n<p><span style=\"font-weight: 400\">Seg\u00edt fejleszteni az eszt\u00e9tikai \u00e9rz\u00e9ket<\/span><\/p>\n<p><span style=\"font-weight: 400\">Kiv\u00e9teles d\u00edszt\u00e1rgyat ad, amely megsz\u00e9p\u00edti otthon\u00e1t.<\/span><\/p>\n<p><span style=\"font-weight: 400\">T\u00e1pl\u00e1lja a sz\u00e9ps\u00e9g \u00e9s a kult\u00fara ir\u00e1nti szenved\u00e9ly\u00e9t.<\/span><span style=\"font-weight: 400\">V\u00e1s\u00e1roljon 1000 darabos puzzle-t <\/span><span style=\"font-weight: 400\">Dante Gabriel Rossetti &#8211; A Christmas Carol \u00e9s <\/span><span style=\"font-weight: 400\">haszn\u00e1ld ki a kirak\u00f3s j\u00e1t\u00e9k minden el\u0151ny\u00e9t! Fedezze fel a m\u0171v\u00e9szi puzzle-kollekci\u00f3nk \u00f6sszes term\u00e9k\u00e9t, \u00e9s hozza l\u00e9tre saj\u00e1t egyedi gal\u00e9ri\u00e1j\u00e1t kiv\u00e9teles 1000 darabos puzzle-\u00f6kb\u0151l.<\/span><\/p><\/p>\n","protected":false},"excerpt":{"rendered":"<p>Csod\u00e1lni a m\u0171v\u00e9szet remekm\u0171vei egyed\u00fcl\u00e1ll\u00f3 \u00e9rz\u00e9s, de neh\u00e9z eljutni a h\u00edres m\u00fazeumokba, amikor csak pihen\u00e9sre v\u00e1gyik az ember. A m\u0171v\u00e9szi<\/p>\n","protected":false},"featured_media":64201,"template":"","meta":[],"product_brand":[],"product_cat":[1920,1919,1881],"product_tag":[],"class_list":{"0":"post-40828","1":"product","2":"type-product","3":"status-publish","4":"has-post-thumbnail","6":"product_cat-1000-darabos-kirakos-jatek","7":"product_cat-felnott-kirakos-jatekok","8":"product_cat-kirakos-jatekok","9":"pa_bax-10-hu","10":"pa_brand-d_toys-hu","11":"pa_country_of_manufacture-ro-hu","12":"pa_tip_ambalaj-doboz","13":"pa_tip_puzzle-klasszikus","15":"first","16":"instock","17":"taxable","18":"shipping-taxable","19":"product-type-simple"},"yoast_head":"<!-- This site is optimized with the Yoast SEO plugin v20.1 - https:\/\/yoast.com\/wordpress\/plugins\/seo\/ -->\n<title>Dante Gabriel Rossetti 1000 darabos feln\u0151tt puzzle - A Christmas Carol<\/title>\n<meta name=\"description\" content=\"Dante Gabriel Rossetti 1000 darabos feln\u0151tt puzzle - A Christmas Carol\" \/>\n<meta name=\"robots\" content=\"index, follow, max-snippet:-1, max-image-preview:large, max-video-preview:-1\" \/>\n<link rel=\"canonical\" href=\"https:\/\/business.roovi.com\/hu\/dante-gabriel-rossetti-1000-darabos-felnott-puzzle-a-christmas-carol\/p\/\" \/>\n<meta property=\"og:locale\" content=\"hu_HU\" \/>\n<meta property=\"og:type\" content=\"article\" \/>\n<meta property=\"og:title\" content=\"Dante Gabriel Rossetti 1000 darabos feln\u0151tt puzzle - A Christmas Carol\" \/>\n<meta property=\"og:description\" content=\"Dante Gabriel Rossetti 1000 darabos feln\u0151tt puzzle - A Christmas Carol\" \/>\n<meta property=\"og:url\" content=\"https:\/\/business.roovi.com\/hu\/dante-gabriel-rossetti-1000-darabos-felnott-puzzle-a-christmas-carol\/p\/\" \/>\n<meta property=\"og:site_name\" content=\"Roovi B2B\" \/>\n<meta property=\"article:publisher\" content=\"https:\/\/www.facebook.com\/wwwjucariero\" \/>\n<meta property=\"article:modified_time\" content=\"2022-07-06T15:44:52+00:00\" \/>\n<meta property=\"og:image\" content=\"https:\/\/business.roovi.com\/wp-content\/uploads\/2021\/11\/76823-01_ansamblu_dimensiuni_cutie_cm_1200x1200.png\" \/>\n\t<meta property=\"og:image:width\" content=\"1200\" \/>\n\t<meta property=\"og:image:height\" content=\"1200\" \/>\n\t<meta property=\"og:image:type\" content=\"image\/png\" \/>\n<meta name=\"twitter:label1\" content=\"Becs\u00fclt olvas\u00e1si id\u0151\" \/>\n\t<meta name=\"twitter:data1\" content=\"4 perc\" \/>\n<script type=\"application\/ld+json\" class=\"yoast-schema-graph\">{\"@context\":\"https:\/\/schema.org\",\"@graph\":[{\"@type\":\"WebPage\",\"@id\":\"https:\/\/business.roovi.com\/hu\/dante-gabriel-rossetti-1000-darabos-felnott-puzzle-a-christmas-carol\/p\/\",\"url\":\"https:\/\/business.roovi.com\/hu\/dante-gabriel-rossetti-1000-darabos-felnott-puzzle-a-christmas-carol\/p\/\",\"name\":\"Dante Gabriel Rossetti 1000 darabos feln\u0151tt puzzle - A Christmas Carol\",\"isPartOf\":{\"@id\":\"https:\/\/business.roovi.com\/hu\/#website\"},\"datePublished\":\"2021-11-11T15:14:56+00:00\",\"dateModified\":\"2022-07-06T15:44:52+00:00\",\"description\":\"Dante Gabriel Rossetti 1000 darabos feln\u0151tt puzzle - A Christmas Carol\",\"breadcrumb\":{\"@id\":\"https:\/\/business.roovi.com\/hu\/dante-gabriel-rossetti-1000-darabos-felnott-puzzle-a-christmas-carol\/p\/#breadcrumb\"},\"inLanguage\":\"hu\",\"potentialAction\":[{\"@type\":\"ReadAction\",\"target\":[\"https:\/\/business.roovi.com\/hu\/dante-gabriel-rossetti-1000-darabos-felnott-puzzle-a-christmas-carol\/p\/\"]}]},{\"@type\":\"BreadcrumbList\",\"@id\":\"https:\/\/business.roovi.com\/hu\/dante-gabriel-rossetti-1000-darabos-felnott-puzzle-a-christmas-carol\/p\/#breadcrumb\",\"itemListElement\":[{\"@type\":\"ListItem\",\"position\":1,\"name\":\"Home\",\"item\":\"https:\/\/business.roovi.com\/hu\/\"},{\"@type\":\"ListItem\",\"position\":2,\"name\":\"Shop\",\"item\":\"https:\/\/business.roovi.com\/hu\/shop\/\"},{\"@type\":\"ListItem\",\"position\":3,\"name\":\"Dante Gabriel Rossetti 1000 darabos feln\u0151tt puzzle &#8211; A Christmas Carol\"}]},{\"@type\":\"WebSite\",\"@id\":\"https:\/\/business.roovi.com\/hu\/#website\",\"url\":\"https:\/\/business.roovi.com\/hu\/\",\"name\":\"Roovi B2B\",\"description\":\"Roovi Business Website\",\"potentialAction\":[{\"@type\":\"SearchAction\",\"target\":{\"@type\":\"EntryPoint\",\"urlTemplate\":\"https:\/\/business.roovi.com\/hu\/?s={search_term_string}\"},\"query-input\":\"required name=search_term_string\"}],\"inLanguage\":\"hu\"}]}<\/script>\n<!-- \/ Yoast SEO plugin. -->","yoast_head_json":{"title":"Dante Gabriel Rossetti 1000 darabos feln\u0151tt puzzle - A Christmas Carol","description":"Dante Gabriel Rossetti 1000 darabos feln\u0151tt puzzle - A Christmas Carol","robots":{"index":"index","follow":"follow","max-snippet":"max-snippet:-1","max-image-preview":"max-image-preview:large","max-video-preview":"max-video-preview:-1"},"canonical":"https:\/\/business.roovi.com\/hu\/dante-gabriel-rossetti-1000-darabos-felnott-puzzle-a-christmas-carol\/p\/","og_locale":"hu_HU","og_type":"article","og_title":"Dante Gabriel Rossetti 1000 darabos feln\u0151tt puzzle - A Christmas Carol","og_description":"Dante Gabriel Rossetti 1000 darabos feln\u0151tt puzzle - A Christmas Carol","og_url":"https:\/\/business.roovi.com\/hu\/dante-gabriel-rossetti-1000-darabos-felnott-puzzle-a-christmas-carol\/p\/","og_site_name":"Roovi B2B","article_publisher":"https:\/\/www.facebook.com\/wwwjucariero","article_modified_time":"2022-07-06T15:44:52+00:00","og_image":[{"width":1200,"height":1200,"url":"https:\/\/business.roovi.com\/wp-content\/uploads\/2021\/11\/76823-01_ansamblu_dimensiuni_cutie_cm_1200x1200.png","type":"image\/png"}],"twitter_misc":{"Becs\u00fclt olvas\u00e1si id\u0151":"4 perc"},"schema":{"@context":"https:\/\/schema.org","@graph":[{"@type":"WebPage","@id":"https:\/\/business.roovi.com\/hu\/dante-gabriel-rossetti-1000-darabos-felnott-puzzle-a-christmas-carol\/p\/","url":"https:\/\/business.roovi.com\/hu\/dante-gabriel-rossetti-1000-darabos-felnott-puzzle-a-christmas-carol\/p\/","name":"Dante Gabriel Rossetti 1000 darabos feln\u0151tt puzzle - A Christmas Carol","isPartOf":{"@id":"https:\/\/business.roovi.com\/hu\/#website"},"datePublished":"2021-11-11T15:14:56+00:00","dateModified":"2022-07-06T15:44:52+00:00","description":"Dante Gabriel Rossetti 1000 darabos feln\u0151tt puzzle - A Christmas Carol","breadcrumb":{"@id":"https:\/\/business.roovi.com\/hu\/dante-gabriel-rossetti-1000-darabos-felnott-puzzle-a-christmas-carol\/p\/#breadcrumb"},"inLanguage":"hu","potentialAction":[{"@type":"ReadAction","target":["https:\/\/business.roovi.com\/hu\/dante-gabriel-rossetti-1000-darabos-felnott-puzzle-a-christmas-carol\/p\/"]}]},{"@type":"BreadcrumbList","@id":"https:\/\/business.roovi.com\/hu\/dante-gabriel-rossetti-1000-darabos-felnott-puzzle-a-christmas-carol\/p\/#breadcrumb","itemListElement":[{"@type":"ListItem","position":1,"name":"Home","item":"https:\/\/business.roovi.com\/hu\/"},{"@type":"ListItem","position":2,"name":"Shop","item":"https:\/\/business.roovi.com\/hu\/shop\/"},{"@type":"ListItem","position":3,"name":"Dante Gabriel Rossetti 1000 darabos feln\u0151tt puzzle &#8211; A Christmas Carol"}]},{"@type":"WebSite","@id":"https:\/\/business.roovi.com\/hu\/#website","url":"https:\/\/business.roovi.com\/hu\/","name":"Roovi B2B","description":"Roovi Business Website","potentialAction":[{"@type":"SearchAction","target":{"@type":"EntryPoint","urlTemplate":"https:\/\/business.roovi.com\/hu\/?s={search_term_string}"},"query-input":"required name=search_term_string"}],"inLanguage":"hu"}]}},"_links":{"self":[{"href":"https:\/\/business.roovi.com\/hu\/wp-json\/wp\/v2\/product\/40828","targetHints":{"allow":["GET"]}}],"collection":[{"href":"https:\/\/business.roovi.com\/hu\/wp-json\/wp\/v2\/product"}],"about":[{"href":"https:\/\/business.roovi.com\/hu\/wp-json\/wp\/v2\/types\/product"}],"version-history":[{"count":0,"href":"https:\/\/business.roovi.com\/hu\/wp-json\/wp\/v2\/product\/40828\/revisions"}],"wp:featuredmedia":[{"embeddable":true,"href":"https:\/\/business.roovi.com\/hu\/wp-json\/wp\/v2\/media\/64201"}],"wp:attachment":[{"href":"https:\/\/business.roovi.com\/hu\/wp-json\/wp\/v2\/media?parent=40828"}],"wp:term":[{"taxonomy":"product_brand","embeddable":true,"href":"https:\/\/business.roovi.com\/hu\/wp-json\/wp\/v2\/product_brand?post=40828"},{"taxonomy":"product_cat","embeddable":true,"href":"https:\/\/business.roovi.com\/hu\/wp-json\/wp\/v2\/product_cat?post=40828"},{"taxonomy":"product_tag","embeddable":true,"href":"https:\/\/business.roovi.com\/hu\/wp-json\/wp\/v2\/product_tag?post=40828"}],"curies":[{"name":"wp","href":"https:\/\/api.w.org\/{rel}","templated":true}]}}