{"id":40837,"date":"2021-11-11T12:21:38","date_gmt":"2021-11-11T12:21:38","guid":{"rendered":"https:\/\/business.roovi.com\/puzzle-adulti-1000-piese-pieter-bruegel-cel-batran-the-fight-between-carnival-and-lent\/p\/"},"modified":"2022-07-06T15:49:11","modified_gmt":"2022-07-06T15:49:11","slug":"pieter-bruegel-the-elder-a-farsang-es-a-bojt-kozotti-kuzdelem-1000-darabos-felnott-puzzle","status":"publish","type":"product","link":"https:\/\/business.roovi.com\/hu\/pieter-bruegel-the-elder-a-farsang-es-a-bojt-kozotti-kuzdelem-1000-darabos-felnott-puzzle\/p\/","title":{"rendered":"Pieter Bruegel the Elder &#8211; A farsang \u00e9s a b\u00f6jt k\u00f6z\u00f6tti k\u00fczdelem &#8211; 1000 darabos feln\u0151tt puzzle"},"content":{"rendered":"<p><span style=\"font-weight: 400\">Sz\u00f3rakoztat\u00f3 elfoglalts\u00e1got keresel a h\u00e9tv\u00e9g\u00e9re vagy unalmas est\u00e9kre? Rom\u00e1nia legnagyobb m\u0171v\u00e9szeti rejtv\u00e9nygy\u0171jtem\u00e9nye egy m\u00e1sik dimenzi\u00f3ba rep\u00edti \u00d6nt, tele sz\u00ednekkel \u00e9s st\u00edlussal, \u00e9s szabadideje \u00faj \u00e9rt\u00e9ket nyer.<\/span><\/p>\n<p><span style=\"font-weight: 400\">Pieter Bruegel az id\u0151sebb &#8211; A farsang \u00e9s a nagyb\u00f6jt harca 1000 darabos puzzle a h\u00edres renesz\u00e1nsz m\u0171v\u00e9sz festm\u00e9ny\u00e9nek k\u00fcl\u00f6nleges szimbolik\u00e1j\u00e1t adja vissza egyedi k\u00e9pben. Fegyverkezz fel t\u00fcrelemmel, \u00e9s \u00e1ll\u00edtsd helyre a rendet az 1000 puzzle-darabk\u00e1b\u00f3l \u00e1ll\u00f3 k\u00e1oszb\u00f3l. Az 50 x 70 cm-es k\u00e9p vissza\u00e1ll\u00edt\u00e1s\u00e1hoz egy k\u00f6z\u00f6ns\u00e9ges doh\u00e1nyz\u00f3asztalt is haszn\u00e1lhat.<\/span><\/p>\n<p><span style=\"font-weight: 400\">Olvasson t\u00f6bbet err\u0151l a csod\u00e1latos m\u0171v\u00e9szeti kirak\u00f3sr\u00f3l az al\u00e1bbiakban:<\/span><\/p>\n<p><strong>Puzzle anyag <\/strong><\/p>\n<p><strong>kiv\u00e1l\u00f3 min\u0151s\u00e9g\u0171 k\u00e9k karton<\/strong><\/p>\n<p><strong>fenntarthat\u00f3, \u00fajrahasznos\u00edthat\u00f3 anyagok<\/strong><\/p>\n<p><strong>f\u00e9lf\u00e9nyes kivitel, \u00e9l\u00e9nk sz\u00ednek<\/strong><\/p>\n<p><strong>A kirak\u00f3s darabok sz\u00e1ma: 1000<\/strong><\/p>\n<p><strong>Aj\u00e1nlott \u00e9letkor: 14+<\/strong><\/p>\n<p><span style=\"font-weight: 400\">A puzzle j\u00e1t\u00e9kok seg\u00edtenek az eg\u00e9szs\u00e9g meg\u0151rz\u00e9s\u00e9ben<\/span><\/p>\n<p><span style=\"font-weight: 400\">Az 1000 darabos kirak\u00f3sok \u00f6sszerak\u00e1sa ellaz\u00edt, sz\u00f3rakoztat \u00e9s eg\u00e9szs\u00e9gesen tart. \u00cdme n\u00e9h\u00e1ny a feln\u0151tt rejtv\u00e9nyek sz\u00e1mos el\u0151nye k\u00f6z\u00fcl:<\/span><\/p>\n<p><strong>Eg\u00e9szs\u00e9gesen tartj\u00e1k a sz\u00edvedet<\/strong><span style=\"font-weight: 400\"> &#8211; amikor 1000 darabos kirak\u00f3s j\u00e1t\u00e9kokat rak \u00f6ssze, a teste nyugodt \u00e9s pihentet\u0151 \u00e1llapotba ker\u00fcl. Kikapcsol\u00f3dsz a mindennapi gondokb\u00f3l, a tested ellazul \u00e9s norm\u00e1lis param\u00e9terek k\u00f6z\u00f6tt m\u0171k\u00f6dik.<\/span><\/p>\n<p><strong>Az agy eg\u00e9szs\u00e9g\u00e9nek fenntart\u00e1sa<\/strong><span style=\"font-weight: 400\"> &#8211; az 1000 darabos puzzle \u00f6ssze\u00e1ll\u00edt\u00e1sa mindk\u00e9t agyf\u00e9ltek\u00e9t ig\u00e9nybe veszi, \u00edgy kiv\u00e1l\u00f3 agytorna lesz.<\/span><\/p>\n<p><strong>Jav\u00edtsa a mem\u00f3ri\u00e1j\u00e1t &#8211; <\/strong><span style=\"font-weight: 400\">a megfelel\u0151 darabok megtal\u00e1l\u00e1sa, a form\u00e1k, sz\u00ednek \u00e9s az 1000 darabos kirak\u00f3s j\u00e1t\u00e9kban a darabok hely\u00e9nek megjegyz\u00e9se szint\u00e9n hat\u00e9kony gyakorlat a r\u00f6vid t\u00e1v\u00fa mem\u00f3ria sz\u00e1m\u00e1ra.<\/span><\/p>\n<p><span style=\"font-weight: 400\"> <\/span><strong>A  oldalr\u00f3l<\/strong> <strong><em>A farsang \u00e9s a h\u00fasv\u00e9t k\u00f6z\u00f6tti k\u00fczdelem <\/em><\/strong><strong>tudtad?<\/strong><\/p>\n<p><span style=\"font-weight: 400\">Mintegy 200 karaktert emel ki, \u00e9s igazi harc a szent \u00e9s a prof\u00e1n k\u00f6z\u00f6tt.<\/span><\/p>\n<p><span style=\"font-weight: 400\">A m\u0171 a j\u00e1mbors\u00e1g \u00e9s a b\u0171n szimbolikus megjelen\u00edt\u00e9se <\/span><\/p>\n<p><span style=\"font-weight: 400\">\u00dagy t\u0171nik, hogy a m\u0171 k\u00f6z\u00e9ppontj\u00e1ban az a vall\u00e1si konfliktus \u00e1llt, amely II. F\u00fcl\u00f6p spanyol kir\u00e1ly hatalomra ker\u00fcl\u00e9s\u00e9vel alakult ki, aki a katolicizmus hit\u00e9t er\u0151ltette.<\/span><\/p>\n<p><span style=\"font-weight: 400\">A festm\u00e9ny egyik oldalt sem jel\u00f6li j\u00f3nak vagy rossznak, hanem az emberis\u00e9g k\u00e9t sz\u00e9ls\u0151s\u00e9g\u00e9t mutatja be.<\/span><\/p>\n<p><span style=\"font-weight: 400\">A festm\u00e9ny ut\u00e1n 18 m\u00e1solat k\u00e9sz\u00fclt, amelyek k\u00f6z\u00fcl 5-\u00f6t fia, az ifjabb Pieter Brueghel k\u00e9sz\u00edtett.<\/span><\/p>\n<p><strong>1000 darab puzzle sok boldogs\u00e1got hoz neked<\/strong><\/p>\n<p><span style=\"font-weight: 400\">\u00c9s ez nem csak egy sz\u00f3fordulat. Kider\u00fclt, hogy ahogy az 1000 darabos kirak\u00f3s k\u00e9peit \u00e1tdolgozza, az agya t\u00f6bb dopamint v\u00e1laszt ki. Ez az anyag felel\u0151s a boldogs\u00e1g\u00e9rt, az optimizmus\u00e9rt \u00e9s a mem\u00f3ri\u00e1\u00e9rt <\/span><\/p>\n<p><span style=\"font-weight: 400\">Csak el\u0151nyei \u00e9s el\u0151nyei vannak, ha m\u0171v\u00e9szeti rejtv\u00e9nyeket \u00e1ll\u00edt \u00f6ssze. V\u00e1s\u00e1rolja meg most ezt a csod\u00e1latos 1000 darabos Pieter Bruegel the Elder &#8211; A farsang \u00e9s a nagyb\u00f6jt harca puzzle-t \u00e9s \u00e9ljen \u00e1t egy csod\u00e1latos \u00e9lm\u00e9nyt! Tegye boldogg\u00e1 egy kedves bar\u00e1tj\u00e1t, ha megaj\u00e1nd\u00e9kozza ezzel a szimb\u00f3lumokkal \u00e9s misztikummal teli, 1000 darabos kirak\u00f3val.<\/span><\/p><\/p>\n","protected":false},"excerpt":{"rendered":"<p>Sz\u00f3rakoztat\u00f3 elfoglalts\u00e1got keresel a h\u00e9tv\u00e9g\u00e9re vagy unalmas est\u00e9kre? Rom\u00e1nia legnagyobb m\u0171v\u00e9szeti rejtv\u00e9nygy\u0171jtem\u00e9nye egy m\u00e1sik dimenzi\u00f3ba rep\u00edti \u00d6nt, tele sz\u00ednekkel \u00e9s<\/p>\n","protected":false},"featured_media":63155,"template":"","meta":[],"product_brand":[],"product_cat":[1920,1919,1881],"product_tag":[],"class_list":{"0":"post-40837","1":"product","2":"type-product","3":"status-publish","4":"has-post-thumbnail","6":"product_cat-1000-darabos-kirakos-jatek","7":"product_cat-felnott-kirakos-jatekok","8":"product_cat-kirakos-jatekok","9":"pa_bax-10-hu","10":"pa_brand-d_toys-hu","11":"pa_country_of_manufacture-ro-hu","12":"pa_filter_age-14-hu","13":"pa_tip_ambalaj-doboz","15":"first","16":"instock","17":"taxable","18":"shipping-taxable","19":"product-type-simple"},"yoast_head":"<!-- This site is optimized with the Yoast SEO plugin v20.1 - https:\/\/yoast.com\/wordpress\/plugins\/seo\/ -->\n<title>Pieter Bruegel the Elder - A farsang \u00e9s a b\u00f6jt k\u00f6z\u00f6tti k\u00fczdelem - 1000 darabos feln\u0151tt puzzle<\/title>\n<meta name=\"description\" content=\"Pieter Bruegel the Elder - A farsang \u00e9s a b\u00f6jt k\u00f6z\u00f6tti k\u00fczdelem - 1000 darabos feln\u0151tt puzzle\" \/>\n<meta name=\"robots\" content=\"index, follow, max-snippet:-1, max-image-preview:large, max-video-preview:-1\" \/>\n<link rel=\"canonical\" href=\"https:\/\/business.roovi.com\/hu\/pieter-bruegel-the-elder-a-farsang-es-a-bojt-kozotti-kuzdelem-1000-darabos-felnott-puzzle\/p\/\" \/>\n<meta property=\"og:locale\" content=\"hu_HU\" \/>\n<meta property=\"og:type\" content=\"article\" \/>\n<meta property=\"og:title\" content=\"Pieter Bruegel the Elder - A farsang \u00e9s a b\u00f6jt k\u00f6z\u00f6tti k\u00fczdelem - 1000 darabos feln\u0151tt puzzle\" \/>\n<meta property=\"og:description\" content=\"Pieter Bruegel the Elder - A farsang \u00e9s a b\u00f6jt k\u00f6z\u00f6tti k\u00fczdelem - 1000 darabos feln\u0151tt puzzle\" \/>\n<meta property=\"og:url\" content=\"https:\/\/business.roovi.com\/hu\/pieter-bruegel-the-elder-a-farsang-es-a-bojt-kozotti-kuzdelem-1000-darabos-felnott-puzzle\/p\/\" \/>\n<meta property=\"og:site_name\" content=\"Roovi B2B\" \/>\n<meta property=\"article:publisher\" content=\"https:\/\/www.facebook.com\/wwwjucariero\" \/>\n<meta property=\"article:modified_time\" content=\"2022-07-06T15:49:11+00:00\" \/>\n<meta property=\"og:image\" content=\"https:\/\/business.roovi.com\/wp-content\/uploads\/2021\/11\/73778-08_ansamblu_dimensiuni_cutie_cm_1200x1200.png\" \/>\n\t<meta property=\"og:image:width\" content=\"1200\" \/>\n\t<meta property=\"og:image:height\" content=\"1200\" \/>\n\t<meta property=\"og:image:type\" content=\"image\/png\" \/>\n<meta name=\"twitter:label1\" content=\"Becs\u00fclt olvas\u00e1si id\u0151\" \/>\n\t<meta name=\"twitter:data1\" content=\"3 perc\" \/>\n<script type=\"application\/ld+json\" class=\"yoast-schema-graph\">{\"@context\":\"https:\/\/schema.org\",\"@graph\":[{\"@type\":\"WebPage\",\"@id\":\"https:\/\/business.roovi.com\/hu\/pieter-bruegel-the-elder-a-farsang-es-a-bojt-kozotti-kuzdelem-1000-darabos-felnott-puzzle\/p\/\",\"url\":\"https:\/\/business.roovi.com\/hu\/pieter-bruegel-the-elder-a-farsang-es-a-bojt-kozotti-kuzdelem-1000-darabos-felnott-puzzle\/p\/\",\"name\":\"Pieter Bruegel the Elder - A farsang \u00e9s a b\u00f6jt k\u00f6z\u00f6tti k\u00fczdelem - 1000 darabos feln\u0151tt puzzle\",\"isPartOf\":{\"@id\":\"https:\/\/business.roovi.com\/hu\/#website\"},\"datePublished\":\"2021-11-11T12:21:38+00:00\",\"dateModified\":\"2022-07-06T15:49:11+00:00\",\"description\":\"Pieter Bruegel the Elder - A farsang \u00e9s a b\u00f6jt k\u00f6z\u00f6tti k\u00fczdelem - 1000 darabos feln\u0151tt puzzle\",\"breadcrumb\":{\"@id\":\"https:\/\/business.roovi.com\/hu\/pieter-bruegel-the-elder-a-farsang-es-a-bojt-kozotti-kuzdelem-1000-darabos-felnott-puzzle\/p\/#breadcrumb\"},\"inLanguage\":\"hu\",\"potentialAction\":[{\"@type\":\"ReadAction\",\"target\":[\"https:\/\/business.roovi.com\/hu\/pieter-bruegel-the-elder-a-farsang-es-a-bojt-kozotti-kuzdelem-1000-darabos-felnott-puzzle\/p\/\"]}]},{\"@type\":\"BreadcrumbList\",\"@id\":\"https:\/\/business.roovi.com\/hu\/pieter-bruegel-the-elder-a-farsang-es-a-bojt-kozotti-kuzdelem-1000-darabos-felnott-puzzle\/p\/#breadcrumb\",\"itemListElement\":[{\"@type\":\"ListItem\",\"position\":1,\"name\":\"Home\",\"item\":\"https:\/\/business.roovi.com\/hu\/\"},{\"@type\":\"ListItem\",\"position\":2,\"name\":\"Shop\",\"item\":\"https:\/\/business.roovi.com\/hu\/shop\/\"},{\"@type\":\"ListItem\",\"position\":3,\"name\":\"Pieter Bruegel the Elder &#8211; A farsang \u00e9s a b\u00f6jt k\u00f6z\u00f6tti k\u00fczdelem &#8211; 1000 darabos feln\u0151tt puzzle\"}]},{\"@type\":\"WebSite\",\"@id\":\"https:\/\/business.roovi.com\/hu\/#website\",\"url\":\"https:\/\/business.roovi.com\/hu\/\",\"name\":\"Roovi B2B\",\"description\":\"Roovi Business Website\",\"potentialAction\":[{\"@type\":\"SearchAction\",\"target\":{\"@type\":\"EntryPoint\",\"urlTemplate\":\"https:\/\/business.roovi.com\/hu\/?s={search_term_string}\"},\"query-input\":\"required name=search_term_string\"}],\"inLanguage\":\"hu\"}]}<\/script>\n<!-- \/ Yoast SEO plugin. -->","yoast_head_json":{"title":"Pieter Bruegel the Elder - A farsang \u00e9s a b\u00f6jt k\u00f6z\u00f6tti k\u00fczdelem - 1000 darabos feln\u0151tt puzzle","description":"Pieter Bruegel the Elder - A farsang \u00e9s a b\u00f6jt k\u00f6z\u00f6tti k\u00fczdelem - 1000 darabos feln\u0151tt puzzle","robots":{"index":"index","follow":"follow","max-snippet":"max-snippet:-1","max-image-preview":"max-image-preview:large","max-video-preview":"max-video-preview:-1"},"canonical":"https:\/\/business.roovi.com\/hu\/pieter-bruegel-the-elder-a-farsang-es-a-bojt-kozotti-kuzdelem-1000-darabos-felnott-puzzle\/p\/","og_locale":"hu_HU","og_type":"article","og_title":"Pieter Bruegel the Elder - A farsang \u00e9s a b\u00f6jt k\u00f6z\u00f6tti k\u00fczdelem - 1000 darabos feln\u0151tt puzzle","og_description":"Pieter Bruegel the Elder - A farsang \u00e9s a b\u00f6jt k\u00f6z\u00f6tti k\u00fczdelem - 1000 darabos feln\u0151tt puzzle","og_url":"https:\/\/business.roovi.com\/hu\/pieter-bruegel-the-elder-a-farsang-es-a-bojt-kozotti-kuzdelem-1000-darabos-felnott-puzzle\/p\/","og_site_name":"Roovi B2B","article_publisher":"https:\/\/www.facebook.com\/wwwjucariero","article_modified_time":"2022-07-06T15:49:11+00:00","og_image":[{"width":1200,"height":1200,"url":"https:\/\/business.roovi.com\/wp-content\/uploads\/2021\/11\/73778-08_ansamblu_dimensiuni_cutie_cm_1200x1200.png","type":"image\/png"}],"twitter_misc":{"Becs\u00fclt olvas\u00e1si id\u0151":"3 perc"},"schema":{"@context":"https:\/\/schema.org","@graph":[{"@type":"WebPage","@id":"https:\/\/business.roovi.com\/hu\/pieter-bruegel-the-elder-a-farsang-es-a-bojt-kozotti-kuzdelem-1000-darabos-felnott-puzzle\/p\/","url":"https:\/\/business.roovi.com\/hu\/pieter-bruegel-the-elder-a-farsang-es-a-bojt-kozotti-kuzdelem-1000-darabos-felnott-puzzle\/p\/","name":"Pieter Bruegel the Elder - A farsang \u00e9s a b\u00f6jt k\u00f6z\u00f6tti k\u00fczdelem - 1000 darabos feln\u0151tt puzzle","isPartOf":{"@id":"https:\/\/business.roovi.com\/hu\/#website"},"datePublished":"2021-11-11T12:21:38+00:00","dateModified":"2022-07-06T15:49:11+00:00","description":"Pieter Bruegel the Elder - A farsang \u00e9s a b\u00f6jt k\u00f6z\u00f6tti k\u00fczdelem - 1000 darabos feln\u0151tt puzzle","breadcrumb":{"@id":"https:\/\/business.roovi.com\/hu\/pieter-bruegel-the-elder-a-farsang-es-a-bojt-kozotti-kuzdelem-1000-darabos-felnott-puzzle\/p\/#breadcrumb"},"inLanguage":"hu","potentialAction":[{"@type":"ReadAction","target":["https:\/\/business.roovi.com\/hu\/pieter-bruegel-the-elder-a-farsang-es-a-bojt-kozotti-kuzdelem-1000-darabos-felnott-puzzle\/p\/"]}]},{"@type":"BreadcrumbList","@id":"https:\/\/business.roovi.com\/hu\/pieter-bruegel-the-elder-a-farsang-es-a-bojt-kozotti-kuzdelem-1000-darabos-felnott-puzzle\/p\/#breadcrumb","itemListElement":[{"@type":"ListItem","position":1,"name":"Home","item":"https:\/\/business.roovi.com\/hu\/"},{"@type":"ListItem","position":2,"name":"Shop","item":"https:\/\/business.roovi.com\/hu\/shop\/"},{"@type":"ListItem","position":3,"name":"Pieter Bruegel the Elder &#8211; A farsang \u00e9s a b\u00f6jt k\u00f6z\u00f6tti k\u00fczdelem &#8211; 1000 darabos feln\u0151tt puzzle"}]},{"@type":"WebSite","@id":"https:\/\/business.roovi.com\/hu\/#website","url":"https:\/\/business.roovi.com\/hu\/","name":"Roovi B2B","description":"Roovi Business Website","potentialAction":[{"@type":"SearchAction","target":{"@type":"EntryPoint","urlTemplate":"https:\/\/business.roovi.com\/hu\/?s={search_term_string}"},"query-input":"required name=search_term_string"}],"inLanguage":"hu"}]}},"_links":{"self":[{"href":"https:\/\/business.roovi.com\/hu\/wp-json\/wp\/v2\/product\/40837","targetHints":{"allow":["GET"]}}],"collection":[{"href":"https:\/\/business.roovi.com\/hu\/wp-json\/wp\/v2\/product"}],"about":[{"href":"https:\/\/business.roovi.com\/hu\/wp-json\/wp\/v2\/types\/product"}],"version-history":[{"count":0,"href":"https:\/\/business.roovi.com\/hu\/wp-json\/wp\/v2\/product\/40837\/revisions"}],"wp:featuredmedia":[{"embeddable":true,"href":"https:\/\/business.roovi.com\/hu\/wp-json\/wp\/v2\/media\/63155"}],"wp:attachment":[{"href":"https:\/\/business.roovi.com\/hu\/wp-json\/wp\/v2\/media?parent=40837"}],"wp:term":[{"taxonomy":"product_brand","embeddable":true,"href":"https:\/\/business.roovi.com\/hu\/wp-json\/wp\/v2\/product_brand?post=40837"},{"taxonomy":"product_cat","embeddable":true,"href":"https:\/\/business.roovi.com\/hu\/wp-json\/wp\/v2\/product_cat?post=40837"},{"taxonomy":"product_tag","embeddable":true,"href":"https:\/\/business.roovi.com\/hu\/wp-json\/wp\/v2\/product_tag?post=40837"}],"curies":[{"name":"wp","href":"https:\/\/api.w.org\/{rel}","templated":true}]}}