{"id":40845,"date":"2021-11-05T10:02:02","date_gmt":"2021-11-05T10:02:02","guid":{"rendered":"https:\/\/business.roovi.com\/carti-de-joc-pacalici-in-costume-traditionale\/p\/"},"modified":"2023-03-01T15:16:48","modified_gmt":"2023-03-01T15:16:48","slug":"jatekkartyak-trukkosok-hagyomanyos-jelmezben","status":"publish","type":"product","link":"https:\/\/business.roovi.com\/hu\/jatekkartyak-trukkosok-hagyomanyos-jelmezben\/p\/","title":{"rendered":"J\u00e1t\u00e9kk\u00e1rty\u00e1k &#8211; Csal\u00f3k hagyom\u00e1nyos jelmezben &#8211; b\u00fcszk\u00e9n \u00e9s vid\u00e1man mutasd be a n\u00e9pviseletet"},"content":{"rendered":"<p><span style=\"font-weight: 400;\">M\u00e1ramarosszigett\u0151l Dobrudzs\u00e1ig a vicces figur\u00e1k b\u00fcszk\u00e9n \u00e9s vid\u00e1man mutatj\u00e1k be n\u00e9pviselet\u00fcket. Tal\u00e1ld meg a p\u00e1rodat \u00e9s sz\u00f3rakozz a csal\u00e1doddal vagy a legjobb bar\u00e1taiddal!<\/span><\/p>\n<p><span style=\"font-weight: 400;\">Eml\u00e9kszel, amikor gyerek volt\u00e1l, \u00e9s a tr\u00e9famester \u00f6sszegy\u0171jt\u00f6tte az \u00f6sszes gyereket a lak\u00f3h\u00e1z l\u00e9pcs\u0151j\u00e9n, \u00e9s senki sem l\u00e9phetett be a h\u00e1zba, am\u00edg meg nem szabadultak az aranyos tr\u00e9famestert\u0151l? A Jokers j\u00e1t\u00e9kot a gyerekekt\u0151l a feln\u0151ttekig mindenki szerette, j\u00e1tszottuk a bar\u00e1tokkal, testv\u00e9rekkel vagy nagysz\u00fcl\u0151kkel. Fedezd fel \u00fajra a r\u00e9gi id\u0151k sz\u00f3rakoz\u00e1s\u00e1t, \u00e9s adj gyermekeidnek felejthetetlen \u00e9lm\u00e9nyt a gyermekkor legkedveltebb k\u00e1rtyaj\u00e1t\u00e9k\u00e1val: Pac\u0103lici, most \u00fajra\u00e9rtelmezve hagyom\u00e1nyos rom\u00e1n viseletben. Fedezze fel a fed\u00e9lzeten a <\/span><strong>35 j\u00e1t\u00e9kk\u00e1rtya<\/strong><span style=\"font-weight: 400;\">, az orsz\u00e1g legreprezentat\u00edvabb n\u00e9prajzi ter\u00fcleteir\u0151l sz\u00e1rmaz\u00f3 n\u00e9pviseletbe \u00f6lt\u00f6z\u00f6tt bennsz\u00fcl\u00f6tt karakterek.<\/span><\/p>\n<p><strong>Hogyan kell n\u00e9pviseletben P\u0103c\u0103lici-t j\u00e1tszani?<\/strong><\/p>\n<p><span style=\"font-weight: 400;\">Osszon 4 k\u00e1rty\u00e1t minden j\u00e1t\u00e9kosnak.<\/span><\/p>\n<p><span style=\"font-weight: 400;\">A megmaradt k\u00e1rty\u00e1kat k\u00e9ppel lefel\u00e9 egy kupacba rakjuk.<\/span><\/p>\n<p><span style=\"font-weight: 400;\">Minden j\u00e1t\u00e9kos h\u00faz egy k\u00e1rty\u00e1t a legals\u00f3 kupacb\u00f3l, \u00e9s megpr\u00f3b\u00e1lja megtal\u00e1lni a kez\u00e9ben l\u00e9v\u0151 k\u00e1rtyafigur\u00e1k p\u00e1rj\u00e1t.<\/span><\/p>\n<p><span style=\"font-weight: 400;\">Amikor a kupacban l\u00e9v\u0151 k\u00e1rty\u00e1k elfogynak, a j\u00e1t\u00e9kosok az \u00f3ramutat\u00f3 j\u00e1r\u00e1s\u00e1val megegyez\u0151 sorrendben h\u00faznak egy-egy k\u00e1rty\u00e1t egym\u00e1st\u00f3l. Aki el\u0151bb megszabadul az \u00f6sszes k\u00e1rty\u00e1t\u00f3l, az nyer, aki pedig a Tr\u00fckk\u00f6ssel marad, az vesz\u00edt.<\/span><\/p>\n<p><span style=\"font-weight: 400;\">A mi j\u00e1t\u00e9kunkban a joker a joker. Nincs p\u00e1rja, ez\u00e9rt vigy\u00e1zz, hogy ne ragadj le vele!<\/span><\/p>\n<p><span style=\"font-weight: 400;\">A j\u00e1t\u00e9kot minimum 2, maximum 6 j\u00e1t\u00e9kos j\u00e1tszhatja. \u00d6sszesen 17 n\u00e9pszer\u0171 p\u00e1r \u00e9s a mag\u00e1nyos Peccala.<\/span><\/p>\n<p><strong>Tr\u00e9famesterek hagyom\u00e1nyos jelmezekben &#8211; olyan egyszer\u0171, mint amilyen tanuls\u00e1gos \u00e9s sz\u00f3rakoztat\u00f3<\/strong><\/p>\n<p><span style=\"font-weight: 400;\">Tudtad, hogy a gyerekeknek sz\u00f3l\u00f3 k\u00e1rtyaj\u00e1t\u00e9kok nemcsak sz\u00f3rakoztat\u00f3ak, hanem tanuls\u00e1gosak is? \u00cdme n\u00e9h\u00e1ny el\u0151ny, amit \u00e9lvezni fogsz, ha a Hagyom\u00e1nyos jelmezes tr\u00fckk\u00f6s\u00f6ket j\u00e1tszol a gyerekeiddel:<\/span><\/p>\n<p><strong>A gyermek k\u00e1rtyaj\u00e1t\u00e9kok megfizethet\u0151 \u00e9s eg\u00e9szs\u00e9ges alternat\u00edv\u00e1t jelentenek, amelyek elszak\u00edtj\u00e1k a gyerekeket a k\u00e9perny\u0151kt\u0151l.<\/strong><span style=\"font-weight: 400;\"> El akarod t\u00e1vol\u00edtani a telefonj\u00e1t\u00f3l? Mutassa be neki az \u00e1prilisi bolondokat hagyom\u00e1nyos jelmezekben! J\u00e1tsszon egy\u00fctt gyermek\u00e9vel, vagy h\u00edvjon meg n\u00e9h\u00e1ny bar\u00e1tot, \u00e9s h\u00edvja \u0151ket, hogy egy\u00fctt j\u00e1tsszanak. Ez a k\u00e1rtyaj\u00e1t\u00e9k nagyszer\u0171 m\u00f3dja annak, hogy a gyerekek hitelesen szocializ\u00e1l\u00f3djanak \u00e9s megismerj\u00e9k egym\u00e1st.<\/span><\/p>\n<p><strong>A k\u00e1rtyaj\u00e1t\u00e9kok seg\u00edtik a gyermekek kognit\u00edv k\u00e9szs\u00e9geinek fejl\u0151d\u00e9s\u00e9t<\/strong><span style=\"font-weight: 400;\"> mint p\u00e9ld\u00e1ul a mem\u00f3ria, a logikai \u00e9s matematikai gondolkod\u00e1s, a probl\u00e9mamegold\u00f3 k\u00e9pess\u00e9g \u00e9s m\u00e9g sok m\u00e1s. K\u00e1rty\u00e1zni mindig j\u00f3 m\u00f3ka, \u00e9s ha m\u00e9g tanuls\u00e1gos is, az m\u00e9g csod\u00e1latosabb!<\/span><\/p>\n<p><strong>A gyerekeknek sz\u00f3l\u00f3 k\u00e1rtyaj\u00e1t\u00e9kok seg\u00edtik az \u00e9rzelmi intelligencia fejl\u0151d\u00e9s\u00e9t<\/strong><span style=\"font-weight: 400;\">. Az \u00e9rzelmi eg\u00e9szs\u00e9g minden \u00e9letkorban fontos. A gyermekek eset\u00e9ben az \u00e9rzelmi egyens\u00faly a csal\u00e1dban j\u00f6n l\u00e9tre. A k\u00e1rtyaj\u00e1t\u00e9kokon kereszt\u00fcl bar\u00e1ts\u00e1gos versenyben vesznek r\u00e9szt. Megtanulnak mosolyogva vesz\u00edteni, vagy \u00e9lvezni a gy\u0151zelmet \u00e9s k\u00fczdeni a gy\u0151zelem\u00e9rt. Minden k\u00e1rtyaj\u00e1t\u00e9khoz kommunik\u00e1ci\u00f3ra van sz\u00fcks\u00e9g, ez\u00e9rt a gyerekeknek besz\u00e9lni\u00fck kell egym\u00e1ssal, t\u00e1rgyalniuk kell, meg kell \u00e9rteni\u00fck a j\u00e1t\u00e9kszab\u00e1lyokat, seg\u00edteni\u00fck kell egym\u00e1snak, ki kell v\u00e1rniuk a sorukat, \u00e9s szembe kell n\u00e9zni\u00fck a j\u00e1t\u00e9k sor\u00e1n felmer\u00fcl\u0151 kih\u00edv\u00e1sokkal <\/span><\/p>\n<p><strong>Tudtad, hogy a Tricksters?&#8230;<\/strong><\/p>\n<p><span style=\"font-weight: 400;\">Ez a legn\u00e9pszer\u0171bb k\u00e1rtyaj\u00e1t\u00e9k a gyermekek k\u00f6r\u00e9ben, \u00e9s n\u00e9met eredet\u0171. A n\u00e9met v\u00e1ltozat neve Schwarzer Peter &#8211; Fekete P\u00e9ter.<\/span><\/p>\n<p><span style=\"font-weight: 400;\">\u00dagy t\u0171nik, hogy a Trickster k\u00e1rtyaj\u00e1t\u00e9k a b\u00f6rt\u00f6nben sz\u00fcletett&#8230; 1811 k\u00f6r\u00fcl, a tolvaj Johann Peter Petri tal\u00e1lta ki, aki lop\u00e1s\u00e9rt t\u00f6lt\u00f6tte b\u00fcntet\u00e9s\u00e9t, \u00e9s innen sz\u00e1rmazik a n\u00e9met neve.<\/span><\/p>\n<p><span style=\"font-weight: 400;\">Egyesek szerint azonban a j\u00e1t\u00e9k val\u00f3j\u00e1ban sokkal r\u00e9gebbi, \u00e9s egy olyan szerencsej\u00e1t\u00e9kb\u00f3l ered, amelyben a vesztesnek kellett fizetnie a k\u00f6vetkez\u0151 k\u00f6r ital\u00e9rt.<\/span><\/p>\n<p><span style=\"font-weight: 400;\">A vil\u00e1g sz\u00e1mos orsz\u00e1g\u00e1ban j\u00e1tssz\u00e1k k\u00fcl\u00f6nb\u00f6z\u0151 elnevez\u00e9sek alatt. \u00cdme, csak 3 k\u00f6z\u00fcl\u00fck:<\/span><\/p>\n<p><em><span style=\"font-weight: 400;\">Asino<\/span><\/em><span style=\"font-weight: 400;\"> olaszorsz\u00e1gban<\/span><\/p>\n<p><em><span style=\"font-weight: 400;\">Le Pouilleux<\/span><\/em><span style=\"font-weight: 400;\"> franciaorsz\u00e1gban<\/span><\/p>\n<p><em><span style=\"font-weight: 400;\">Babnuki<\/span><\/em><span style=\"font-weight: 400;\"> jap\u00e1nban<\/span><\/p>\n<p><span style=\"font-weight: 400;\">J\u00e1tsszon <\/span><strong>Tr\u00fckk\u00f6s\u00f6k hagyom\u00e1nyos jelmezekben<\/strong><span style=\"font-weight: 400;\"> gyerekekkel, bar\u00e1tokkal vagy nagysz\u00fcl\u0151kkel! Fedezd fel \u00fajra a klasszikus \u00e9s addikt\u00edv k\u00e1rtyaj\u00e1t\u00e9k autentikus \u00f6r\u00f6m\u00e9t. V\u00e1s\u00e1rolja meg ezt a csod\u00e1latos k\u00e1rtyaj\u00e1t\u00e9kot most <\/span><strong>Tr\u00e9famesterek hagyom\u00e1nyos jelmezekben<\/strong><span style=\"font-weight: 400;\"> magadnak, vagy aj\u00e1nd\u00e9kozd meg kedves bar\u00e1taidat.<\/span><\/p>\n","protected":false},"excerpt":{"rendered":"<p>M\u00e1ramarosszigett\u0151l Dobrudzs\u00e1ig a vicces figur\u00e1k b\u00fcszk\u00e9n \u00e9s vid\u00e1man mutatj\u00e1k be n\u00e9pviselet\u00fcket. Tal\u00e1ld meg a p\u00e1rodat \u00e9s sz\u00f3rakozz a csal\u00e1doddal vagy<\/p>\n","protected":false},"featured_media":72637,"template":"","meta":[],"product_brand":[],"product_cat":[1944,1858],"product_tag":[],"class_list":{"0":"post-40845","1":"product","2":"type-product","3":"status-publish","4":"has-post-thumbnail","6":"product_cat-jatekkartyak","7":"product_cat-tarsasjatekok","8":"pa_brand-deico-hu","9":"pa_country_of_manufacture-ro-hu","10":"pa_filter_age-3_5-hu","11":"pa_filter_age-5_7-hu","12":"pa_filter_age-7_9-hu","13":"pa_tip_ambalaj-doboz","15":"first","16":"instock","17":"taxable","18":"shipping-taxable","19":"product-type-simple"},"yoast_head":"<!-- This site is optimized with the Yoast SEO plugin v20.1 - https:\/\/yoast.com\/wordpress\/plugins\/seo\/ -->\n<title>J\u00e1t\u00e9kk\u00e1rty\u00e1k - Tr\u00fckk\u00f6s\u00f6k hagyom\u00e1nyos jelmezben<\/title>\n<meta name=\"description\" content=\"J\u00e1t\u00e9kk\u00e1rty\u00e1k - Tr\u00fckk\u00f6s\u00f6k hagyom\u00e1nyos jelmezben\" \/>\n<meta name=\"robots\" content=\"index, follow, max-snippet:-1, max-image-preview:large, max-video-preview:-1\" \/>\n<link rel=\"canonical\" href=\"https:\/\/business.roovi.com\/hu\/jatekkartyak-trukkosok-hagyomanyos-jelmezben\/p\/\" \/>\n<meta property=\"og:locale\" content=\"hu_HU\" \/>\n<meta property=\"og:type\" content=\"article\" \/>\n<meta property=\"og:title\" content=\"J\u00e1t\u00e9kk\u00e1rty\u00e1k - Tr\u00fckk\u00f6s\u00f6k hagyom\u00e1nyos jelmezben\" \/>\n<meta property=\"og:description\" content=\"J\u00e1t\u00e9kk\u00e1rty\u00e1k - Tr\u00fckk\u00f6s\u00f6k hagyom\u00e1nyos jelmezben\" \/>\n<meta property=\"og:url\" content=\"https:\/\/business.roovi.com\/hu\/jatekkartyak-trukkosok-hagyomanyos-jelmezben\/p\/\" \/>\n<meta property=\"og:site_name\" content=\"Roovi B2B\" \/>\n<meta property=\"article:publisher\" content=\"https:\/\/www.facebook.com\/wwwjucariero\" \/>\n<meta property=\"article:modified_time\" content=\"2023-03-01T15:16:48+00:00\" \/>\n<meta property=\"og:image\" content=\"https:\/\/business.roovi.com\/wp-content\/uploads\/2021\/11\/79060_pacalici_n_costume_tradi_ionale_2.png\" \/>\n\t<meta property=\"og:image:width\" content=\"1200\" \/>\n\t<meta property=\"og:image:height\" content=\"1199\" \/>\n\t<meta property=\"og:image:type\" content=\"image\/png\" \/>\n<meta name=\"twitter:label1\" content=\"Becs\u00fclt olvas\u00e1si id\u0151\" \/>\n\t<meta name=\"twitter:data1\" content=\"3 perc\" \/>\n<script type=\"application\/ld+json\" class=\"yoast-schema-graph\">{\"@context\":\"https:\/\/schema.org\",\"@graph\":[{\"@type\":\"WebPage\",\"@id\":\"https:\/\/business.roovi.com\/hu\/jatekkartyak-trukkosok-hagyomanyos-jelmezben\/p\/\",\"url\":\"https:\/\/business.roovi.com\/hu\/jatekkartyak-trukkosok-hagyomanyos-jelmezben\/p\/\",\"name\":\"J\u00e1t\u00e9kk\u00e1rty\u00e1k - Tr\u00fckk\u00f6s\u00f6k hagyom\u00e1nyos jelmezben\",\"isPartOf\":{\"@id\":\"https:\/\/business.roovi.com\/hu\/#website\"},\"datePublished\":\"2021-11-05T10:02:02+00:00\",\"dateModified\":\"2023-03-01T15:16:48+00:00\",\"description\":\"J\u00e1t\u00e9kk\u00e1rty\u00e1k - Tr\u00fckk\u00f6s\u00f6k hagyom\u00e1nyos jelmezben\",\"breadcrumb\":{\"@id\":\"https:\/\/business.roovi.com\/hu\/jatekkartyak-trukkosok-hagyomanyos-jelmezben\/p\/#breadcrumb\"},\"inLanguage\":\"hu\",\"potentialAction\":[{\"@type\":\"ReadAction\",\"target\":[\"https:\/\/business.roovi.com\/hu\/jatekkartyak-trukkosok-hagyomanyos-jelmezben\/p\/\"]}]},{\"@type\":\"BreadcrumbList\",\"@id\":\"https:\/\/business.roovi.com\/hu\/jatekkartyak-trukkosok-hagyomanyos-jelmezben\/p\/#breadcrumb\",\"itemListElement\":[{\"@type\":\"ListItem\",\"position\":1,\"name\":\"Home\",\"item\":\"https:\/\/business.roovi.com\/hu\/\"},{\"@type\":\"ListItem\",\"position\":2,\"name\":\"Shop\",\"item\":\"https:\/\/business.roovi.com\/hu\/shop\/\"},{\"@type\":\"ListItem\",\"position\":3,\"name\":\"J\u00e1t\u00e9kk\u00e1rty\u00e1k &#8211; Csal\u00f3k hagyom\u00e1nyos jelmezben &#8211; b\u00fcszk\u00e9n \u00e9s vid\u00e1man mutasd be a n\u00e9pviseletet\"}]},{\"@type\":\"WebSite\",\"@id\":\"https:\/\/business.roovi.com\/hu\/#website\",\"url\":\"https:\/\/business.roovi.com\/hu\/\",\"name\":\"Roovi B2B\",\"description\":\"Roovi Business Website\",\"potentialAction\":[{\"@type\":\"SearchAction\",\"target\":{\"@type\":\"EntryPoint\",\"urlTemplate\":\"https:\/\/business.roovi.com\/hu\/?s={search_term_string}\"},\"query-input\":\"required name=search_term_string\"}],\"inLanguage\":\"hu\"}]}<\/script>\n<!-- \/ Yoast SEO plugin. -->","yoast_head_json":{"title":"J\u00e1t\u00e9kk\u00e1rty\u00e1k - Tr\u00fckk\u00f6s\u00f6k hagyom\u00e1nyos jelmezben","description":"J\u00e1t\u00e9kk\u00e1rty\u00e1k - Tr\u00fckk\u00f6s\u00f6k hagyom\u00e1nyos jelmezben","robots":{"index":"index","follow":"follow","max-snippet":"max-snippet:-1","max-image-preview":"max-image-preview:large","max-video-preview":"max-video-preview:-1"},"canonical":"https:\/\/business.roovi.com\/hu\/jatekkartyak-trukkosok-hagyomanyos-jelmezben\/p\/","og_locale":"hu_HU","og_type":"article","og_title":"J\u00e1t\u00e9kk\u00e1rty\u00e1k - Tr\u00fckk\u00f6s\u00f6k hagyom\u00e1nyos jelmezben","og_description":"J\u00e1t\u00e9kk\u00e1rty\u00e1k - Tr\u00fckk\u00f6s\u00f6k hagyom\u00e1nyos jelmezben","og_url":"https:\/\/business.roovi.com\/hu\/jatekkartyak-trukkosok-hagyomanyos-jelmezben\/p\/","og_site_name":"Roovi B2B","article_publisher":"https:\/\/www.facebook.com\/wwwjucariero","article_modified_time":"2023-03-01T15:16:48+00:00","og_image":[{"width":1200,"height":1199,"url":"https:\/\/business.roovi.com\/wp-content\/uploads\/2021\/11\/79060_pacalici_n_costume_tradi_ionale_2.png","type":"image\/png"}],"twitter_misc":{"Becs\u00fclt olvas\u00e1si id\u0151":"3 perc"},"schema":{"@context":"https:\/\/schema.org","@graph":[{"@type":"WebPage","@id":"https:\/\/business.roovi.com\/hu\/jatekkartyak-trukkosok-hagyomanyos-jelmezben\/p\/","url":"https:\/\/business.roovi.com\/hu\/jatekkartyak-trukkosok-hagyomanyos-jelmezben\/p\/","name":"J\u00e1t\u00e9kk\u00e1rty\u00e1k - Tr\u00fckk\u00f6s\u00f6k hagyom\u00e1nyos jelmezben","isPartOf":{"@id":"https:\/\/business.roovi.com\/hu\/#website"},"datePublished":"2021-11-05T10:02:02+00:00","dateModified":"2023-03-01T15:16:48+00:00","description":"J\u00e1t\u00e9kk\u00e1rty\u00e1k - Tr\u00fckk\u00f6s\u00f6k hagyom\u00e1nyos jelmezben","breadcrumb":{"@id":"https:\/\/business.roovi.com\/hu\/jatekkartyak-trukkosok-hagyomanyos-jelmezben\/p\/#breadcrumb"},"inLanguage":"hu","potentialAction":[{"@type":"ReadAction","target":["https:\/\/business.roovi.com\/hu\/jatekkartyak-trukkosok-hagyomanyos-jelmezben\/p\/"]}]},{"@type":"BreadcrumbList","@id":"https:\/\/business.roovi.com\/hu\/jatekkartyak-trukkosok-hagyomanyos-jelmezben\/p\/#breadcrumb","itemListElement":[{"@type":"ListItem","position":1,"name":"Home","item":"https:\/\/business.roovi.com\/hu\/"},{"@type":"ListItem","position":2,"name":"Shop","item":"https:\/\/business.roovi.com\/hu\/shop\/"},{"@type":"ListItem","position":3,"name":"J\u00e1t\u00e9kk\u00e1rty\u00e1k &#8211; Csal\u00f3k hagyom\u00e1nyos jelmezben &#8211; b\u00fcszk\u00e9n \u00e9s vid\u00e1man mutasd be a n\u00e9pviseletet"}]},{"@type":"WebSite","@id":"https:\/\/business.roovi.com\/hu\/#website","url":"https:\/\/business.roovi.com\/hu\/","name":"Roovi B2B","description":"Roovi Business Website","potentialAction":[{"@type":"SearchAction","target":{"@type":"EntryPoint","urlTemplate":"https:\/\/business.roovi.com\/hu\/?s={search_term_string}"},"query-input":"required name=search_term_string"}],"inLanguage":"hu"}]}},"_links":{"self":[{"href":"https:\/\/business.roovi.com\/hu\/wp-json\/wp\/v2\/product\/40845","targetHints":{"allow":["GET"]}}],"collection":[{"href":"https:\/\/business.roovi.com\/hu\/wp-json\/wp\/v2\/product"}],"about":[{"href":"https:\/\/business.roovi.com\/hu\/wp-json\/wp\/v2\/types\/product"}],"version-history":[{"count":0,"href":"https:\/\/business.roovi.com\/hu\/wp-json\/wp\/v2\/product\/40845\/revisions"}],"wp:featuredmedia":[{"embeddable":true,"href":"https:\/\/business.roovi.com\/hu\/wp-json\/wp\/v2\/media\/72637"}],"wp:attachment":[{"href":"https:\/\/business.roovi.com\/hu\/wp-json\/wp\/v2\/media?parent=40845"}],"wp:term":[{"taxonomy":"product_brand","embeddable":true,"href":"https:\/\/business.roovi.com\/hu\/wp-json\/wp\/v2\/product_brand?post=40845"},{"taxonomy":"product_cat","embeddable":true,"href":"https:\/\/business.roovi.com\/hu\/wp-json\/wp\/v2\/product_cat?post=40845"},{"taxonomy":"product_tag","embeddable":true,"href":"https:\/\/business.roovi.com\/hu\/wp-json\/wp\/v2\/product_tag?post=40845"}],"curies":[{"name":"wp","href":"https:\/\/api.w.org\/{rel}","templated":true}]}}