{"id":40853,"date":"2021-11-02T15:29:28","date_gmt":"2021-11-02T15:29:28","guid":{"rendered":"https:\/\/business.roovi.com\/joc-educativ-montessori-sa-invatam-formele-geometrice\/p\/"},"modified":"2022-07-06T15:49:36","modified_gmt":"2022-07-06T15:49:36","slug":"geometriai-formak-tanulasa-jatek-montessori-oktato-jatek","status":"publish","type":"product","link":"https:\/\/business.roovi.com\/hu\/geometriai-formak-tanulasa-jatek-montessori-oktato-jatek\/p\/","title":{"rendered":"Geometriai form\u00e1k tanul\u00e1sa j\u00e1t\u00e9k &#8211; Montessori oktat\u00f3 j\u00e1t\u00e9k"},"content":{"rendered":"<p><span style=\"font-weight: 400\">Szeretn\u00e9, ha a kisgyermeke csod\u00e1latos tanul\u00e1si \u00e9lm\u00e9nyt kapna a j\u00e1t\u00e9kon kereszt\u00fcl? Fedezze fel a Montessori-oktat\u00f3 j\u00e1t\u00e9kok v\u00e1laszt\u00e9k\u00e1t, amelyek el\u00e9rhet\u0151v\u00e9 \u00e9s bar\u00e1ts\u00e1goss\u00e1 teszik az oktat\u00e1st. Gyermeke intuit\u00edv m\u00f3don \u00e9s k\u00f6nnyed\u00e9n tanulja meg a bet\u0171ket, sz\u00e1mokat, geometriai alakzatokat \u00e9s sok m\u00e1s alapfogalmat <\/span><\/p>\n<p><span style=\"font-weight: 400\">A Montessori oktat\u00f3j\u00e1t\u00e9k &#8211; Tanuljunk geometriai alakzatokat tartalmaz sok geometriai alakzatot \u00e9l\u00e9nk, szemet gy\u00f6ny\u00f6rk\u00f6dtet\u0151 sz\u00ednekben, amelyek serkentik a kisgyermek fant\u00e1zi\u00e1j\u00e1t <\/span><span style=\"font-weight: 400\">A Montessori-elv a sz\u00edneket \u00e9s a form\u00e1kat haszn\u00e1lja az intuit\u00edv oktat\u00e1shoz, amely seg\u00edt a gyermeknek megtal\u00e1lni a megfelel\u0151 megold\u00e1sokat. \u00cdgy ha a kisgyermek m\u00e9g nem is ismeri a geometriai alakzatokat, k\u00f6nnyen megtanulhatja azokat, ha a m\u00e1gneses darabokat a k\u00e1rty\u00e1kon l\u00e9v\u0151 alakzatokkal p\u00e1ros\u00edtja <\/span><\/p>\n<p><strong>Mit tartalmaz a Montessori oktat\u00f3j\u00e1t\u00e9k &#8211; Geometriai form\u00e1k tanul\u00e1sa?<\/strong><\/p>\n<p><strong>1 \u00edr\u00f3t\u00e1bla<\/strong><span style=\"font-weight: 400\"> &#8211; amelyre a gyermek a k\u00e9szletben tal\u00e1lhat\u00f3 geometriai alakzatokkal al\u00e1t\u00e1masztott j\u00e1t\u00e9kk\u00e1rty\u00e1kat helyez.<\/span><\/p>\n<p><strong>1 jelz\u0151<\/strong><span style=\"font-weight: 400\"> geometriai alakzatok rajzol\u00e1s\u00e1ra, vagy b\u00e1rmi m\u00e1sra, amit a gyermek k\u00e9pzelete dikt\u00e1l.<\/span><\/p>\n<p><strong>1 k\u00e9szlet sok m\u00e1gneses geometriai alakzattal<\/strong><span style=\"font-weight: 400\"> k\u00fcl\u00f6nb\u00f6z\u0151 form\u00e1k \u00e9s sz\u00ednek, amelyekkel m\u00e1s form\u00e1kat lehet \u00e9p\u00edteni, vagy jel\u00f6lni a k\u00e1rty\u00e1kon.<\/span><\/p>\n<p><strong>32 j\u00e1t\u00e9kk\u00e1rtya <\/strong><span style=\"font-weight: 400\">amely a k\u00e9szletben szerepl\u0151 geometriai alakzatokb\u00f3l \u00f6ssze\u00e1ll\u00edtott k\u00e9peket tartalmaz, amelyeket rekonstru\u00e1lni tud bel\u0151l\u00fck.<\/span><\/p>\n<p><span style=\"font-weight: 400\">A j\u00e1t\u00e9kk\u00e1rty\u00e1k egyes k\u00e9pei t\u00f6bb darabb\u00f3l \u00e1llnak. A gyermeknek teh\u00e1t meg kell tal\u00e1lnia a m\u00e1gneses form\u00e1kb\u00f3l \u00e1ll\u00f3 k\u00e9szletben azokat a darabokat, amelyek a k\u00e1rty\u00e1kon l\u00e9v\u0151 k\u00e9pet alkotj\u00e1k. A j\u00e1t\u00e9kk\u00e1rty\u00e1kon l\u00e9v\u0151 k\u00e9pek \u00e9s form\u00e1k sz\u00edne \u00e9s alakja megegyezik a k\u00e9szlet m\u00e1gneses darabjainak sz\u00edn\u00e9vel \u00e9s form\u00e1j\u00e1val. A gyermeknek csak fel kell fedeznie \u00e9s \u00f6ssze kell illesztenie \u0151ket. Ez az oktat\u00f3j\u00e1t\u00e9k egy gyermek sz\u00e1m\u00e1ra is alkalmas, de 2-4 j\u00e1t\u00e9kos sz\u00e1m\u00e1ra t\u00e1rsasj\u00e1t\u00e9kk\u00e9nt is haszn\u00e1lhat\u00f3.<\/span><\/p>\n<p><strong>Amit tal\u00e1n nem tudt\u00e1l Maria Montessorir\u00f3l&#8230;<\/strong><\/p>\n<p><span style=\"font-weight: 400\">K\u00fcl\u00f6nb\u00f6z\u0151 t\u00e1rsadalmi h\u00e1tter\u0171 \u00e9s kult\u00far\u00e1j\u00fa gyerekekkel dolgozott, \u00e9s arra a k\u00f6vetkeztet\u00e9sre jutott, hogy az emberi fejl\u0151d\u00e9s t\u00f6rv\u00e9nyei mindenhol \u00e9rv\u00e9nyesek.<\/span><\/p>\n<p><span style=\"font-weight: 400\">H\u00e1romszor jel\u00f6lt\u00e9k Nobel-d\u00edjra, \u00e9s pedag\u00f3giai munk\u00e1ss\u00e1g\u00e1\u00e9rt m\u00e1r \u00e9let\u00e9ben sz\u00e1mos d\u00edjat \u00e9s kit\u00fcntet\u00e9st kapott.<\/span><\/p>\n<p><span style=\"font-weight: 400\">A nev\u00e9t visel\u0151 elv 24 \u00e9ves korig alkalmazhat\u00f3, \u00e9s biztos\u00edtja a gyermekek sz\u00e1m\u00e1ra a saj\u00e1t temp\u00f3jukban t\u00f6rt\u00e9n\u0151 nevel\u00e9s \u00e9s fejl\u0151d\u00e9s szabads\u00e1g\u00e1t.<\/span><\/p>\n<p><span style=\"font-weight: 400\">A m\u00e1sodik vil\u00e1gh\u00e1bor\u00fa alatt a Montessori-iskol\u00e1kat betiltott\u00e1k, Maria Montessorit h\u00e1zi \u0151rizetbe helyezt\u00e9k, fi\u00e1t, Mari\u00f3t pedig letart\u00f3ztatt\u00e1k.<\/span><\/p>\n<p><span style=\"font-weight: 400\">N\u00e9h\u00e1ny h\u00edres szem\u00e9lyis\u00e9g, akiket Montessori st\u00edlusban neveltek: Bill Gates &#8211; a Microsoft alap\u00edt\u00f3ja, <\/span><span style=\"font-weight: 400\">Jeff Bezos &#8211; az Amazon alap\u00edt\u00f3ja, Vilmos \u00e9s Harry herceg, Steve Jobs &#8211; az Apple alap\u00edt\u00f3ja, Michael Douglas \u00e9s Hugh Grant sz\u00edn\u00e9szek, Jacqueline Bouvier Kennedy Onassis &#8211; az USA egykori first ladyje, Gabriel Garcia Marquez \u00edr\u00f3, \u00e9s a lista folytathat\u00f3.<\/span><\/p>\n<p><strong>Az oktat\u00f3j\u00e1t\u00e9kok megtan\u00edtj\u00e1k a gyerekeket a szab\u00e1lyok szerint j\u00e1tszani<\/strong><\/p>\n<p><span style=\"font-weight: 400\">Az oktat\u00f3j\u00e1t\u00e9kok seg\u00edts\u00e9g\u00e9vel a gyerekek megtanulj\u00e1k, hogyan ir\u00e1ny\u00edts\u00e1k impulzusaikat, \u00e9s hogyan gondolkodjanak el a d\u00f6nt\u00e9seiken. Ez jobb teljes\u00edtm\u00e9nyt eredm\u00e9nyez a koncentr\u00e1ci\u00f3t \u00e9s \u00f6nkontrollt ig\u00e9nyl\u0151 oktat\u00e1si feladatokban <\/span><\/p>\n<p><strong>Az oktat\u00f3j\u00e1t\u00e9kok seg\u00edtenek a gyerekeknek meg\u00e9rteni a tisztelet \u00e9rt\u00e9k\u00e9t<\/strong><\/p>\n<p><span style=\"font-weight: 400\">K\u00fcl\u00f6n\u00f6sen a t\u00f6bbi gyermekkel val\u00f3 k\u00f6z\u00f6s j\u00e1t\u00e9k sor\u00e1n a fiatalok az oktat\u00f3j\u00e1t\u00e9kokon kereszt\u00fcl megtanulj\u00e1k, hogy tiszteljenek m\u00e1sokat \u00e9s saj\u00e1t magukat is. A j\u00f3 modor gyakorl\u00e1sa &#8211; hagyni m\u00e1sokat j\u00e1tszani, felv\u00e1ltva j\u00e1tszani, felv\u00e1ltva kifejezni a v\u00e9lem\u00e9ny\u00fcket an\u00e9lk\u00fcl, hogy f\u00e9lbeszak\u00edtan\u00e1nak m\u00e1sokat, amikor azok besz\u00e9lnek &#8211; apr\u00f3s\u00e1gok, de megtan\u00edtj\u00e1k a gyerekeket arra, hogy minden helyzetben sz\u00e9pen viselkedjenek, \u00e9s tisztelettud\u00f3an viselkedjenek a t\u00e1rsadalomban.<\/span><\/p>\n<p><span style=\"font-weight: 400\">Adja meg gyermek\u00e9nek a lehet\u0151s\u00e9get, hogy kreat\u00edvan \u00e9s intuit\u00edvan tanulja meg a geometriai form\u00e1kat a Montessori j\u00e1t\u00e9kkal &#8211;<\/span> <span style=\"font-weight: 400\">Tanuljunk geometriai form\u00e1kat! V\u00e1s\u00e1rolja meg most kisgyermek\u00e9nek ezt a csod\u00e1latos oktat\u00f3j\u00e1t\u00e9kot <\/span><\/p>\n<p><span style=\"font-weight: 400\">Montessori j\u00e1t\u00e9k &#8211;<\/span> <span style=\"font-weight: 400\">A Let&#8217;s Learn Geometric Shapes (Tanuljunk geometriai form\u00e1kat) ide\u00e1lis aj\u00e1nd\u00e9k a kreat\u00edv kisgyermekeknek k\u00fcl\u00f6nb\u00f6z\u0151 \u00fcnnepi alkalmakra.<\/span><\/p><\/p>\n","protected":false},"excerpt":{"rendered":"<p>Szeretn\u00e9, ha a kisgyermeke csod\u00e1latos tanul\u00e1si \u00e9lm\u00e9nyt kapna a j\u00e1t\u00e9kon kereszt\u00fcl? Fedezze fel a Montessori-oktat\u00f3 j\u00e1t\u00e9kok v\u00e1laszt\u00e9k\u00e1t, amelyek el\u00e9rhet\u0151v\u00e9 \u00e9s<\/p>\n","protected":false},"featured_media":48213,"template":"","meta":[],"product_brand":[],"product_cat":[1900],"product_tag":[],"class_list":{"0":"post-40853","1":"product","2":"type-product","3":"status-publish","4":"has-post-thumbnail","6":"product_cat-oktatasi-es-tudomanyos-jatekok","7":"pa_bax-10-hu","8":"pa_brand-d_toys-hu","9":"pa_country_of_manufacture-ro-hu","10":"pa_filter_age-5_7-hu","11":"pa_tip_ambalaj-doboz","13":"first","14":"instock","15":"taxable","16":"shipping-taxable","17":"product-type-simple"},"yoast_head":"<!-- This site is optimized with the Yoast SEO plugin v20.1 - https:\/\/yoast.com\/wordpress\/plugins\/seo\/ -->\n<title>Geometriai form\u00e1k tanul\u00e1sa j\u00e1t\u00e9k - Montessori oktat\u00f3 j\u00e1t\u00e9k<\/title>\n<meta name=\"description\" content=\"Geometriai form\u00e1k tanul\u00e1sa j\u00e1t\u00e9k - Montessori oktat\u00f3 j\u00e1t\u00e9k\" \/>\n<meta name=\"robots\" content=\"index, follow, max-snippet:-1, max-image-preview:large, max-video-preview:-1\" \/>\n<link rel=\"canonical\" href=\"https:\/\/business.roovi.com\/hu\/geometriai-formak-tanulasa-jatek-montessori-oktato-jatek\/p\/\" \/>\n<meta property=\"og:locale\" content=\"hu_HU\" \/>\n<meta property=\"og:type\" content=\"article\" \/>\n<meta property=\"og:title\" content=\"Geometriai form\u00e1k tanul\u00e1sa j\u00e1t\u00e9k - Montessori oktat\u00f3 j\u00e1t\u00e9k\" \/>\n<meta property=\"og:description\" content=\"Geometriai form\u00e1k tanul\u00e1sa j\u00e1t\u00e9k - Montessori oktat\u00f3 j\u00e1t\u00e9k\" \/>\n<meta property=\"og:url\" content=\"https:\/\/business.roovi.com\/hu\/geometriai-formak-tanulasa-jatek-montessori-oktato-jatek\/p\/\" \/>\n<meta property=\"og:site_name\" content=\"Roovi B2B\" \/>\n<meta property=\"article:publisher\" content=\"https:\/\/www.facebook.com\/wwwjucariero\" \/>\n<meta property=\"article:modified_time\" content=\"2022-07-06T15:49:36+00:00\" \/>\n<meta property=\"og:image\" content=\"https:\/\/business.roovi.com\/wp-content\/uploads\/2021\/11\/montessori_magnetic_forme_geometrice.png\" \/>\n\t<meta property=\"og:image:width\" content=\"1200\" \/>\n\t<meta property=\"og:image:height\" content=\"1200\" \/>\n\t<meta property=\"og:image:type\" content=\"image\/png\" \/>\n<meta name=\"twitter:label1\" content=\"Becs\u00fclt olvas\u00e1si id\u0151\" \/>\n\t<meta name=\"twitter:data1\" content=\"4 perc\" \/>\n<script type=\"application\/ld+json\" class=\"yoast-schema-graph\">{\"@context\":\"https:\/\/schema.org\",\"@graph\":[{\"@type\":\"WebPage\",\"@id\":\"https:\/\/business.roovi.com\/hu\/geometriai-formak-tanulasa-jatek-montessori-oktato-jatek\/p\/\",\"url\":\"https:\/\/business.roovi.com\/hu\/geometriai-formak-tanulasa-jatek-montessori-oktato-jatek\/p\/\",\"name\":\"Geometriai form\u00e1k tanul\u00e1sa j\u00e1t\u00e9k - Montessori oktat\u00f3 j\u00e1t\u00e9k\",\"isPartOf\":{\"@id\":\"https:\/\/business.roovi.com\/hu\/#website\"},\"datePublished\":\"2021-11-02T15:29:28+00:00\",\"dateModified\":\"2022-07-06T15:49:36+00:00\",\"description\":\"Geometriai form\u00e1k tanul\u00e1sa j\u00e1t\u00e9k - Montessori oktat\u00f3 j\u00e1t\u00e9k\",\"breadcrumb\":{\"@id\":\"https:\/\/business.roovi.com\/hu\/geometriai-formak-tanulasa-jatek-montessori-oktato-jatek\/p\/#breadcrumb\"},\"inLanguage\":\"hu\",\"potentialAction\":[{\"@type\":\"ReadAction\",\"target\":[\"https:\/\/business.roovi.com\/hu\/geometriai-formak-tanulasa-jatek-montessori-oktato-jatek\/p\/\"]}]},{\"@type\":\"BreadcrumbList\",\"@id\":\"https:\/\/business.roovi.com\/hu\/geometriai-formak-tanulasa-jatek-montessori-oktato-jatek\/p\/#breadcrumb\",\"itemListElement\":[{\"@type\":\"ListItem\",\"position\":1,\"name\":\"Home\",\"item\":\"https:\/\/business.roovi.com\/hu\/\"},{\"@type\":\"ListItem\",\"position\":2,\"name\":\"Shop\",\"item\":\"https:\/\/business.roovi.com\/hu\/shop\/\"},{\"@type\":\"ListItem\",\"position\":3,\"name\":\"Geometriai form\u00e1k tanul\u00e1sa j\u00e1t\u00e9k &#8211; Montessori oktat\u00f3 j\u00e1t\u00e9k\"}]},{\"@type\":\"WebSite\",\"@id\":\"https:\/\/business.roovi.com\/hu\/#website\",\"url\":\"https:\/\/business.roovi.com\/hu\/\",\"name\":\"Roovi B2B\",\"description\":\"Roovi Business Website\",\"potentialAction\":[{\"@type\":\"SearchAction\",\"target\":{\"@type\":\"EntryPoint\",\"urlTemplate\":\"https:\/\/business.roovi.com\/hu\/?s={search_term_string}\"},\"query-input\":\"required name=search_term_string\"}],\"inLanguage\":\"hu\"}]}<\/script>\n<!-- \/ Yoast SEO plugin. -->","yoast_head_json":{"title":"Geometriai form\u00e1k tanul\u00e1sa j\u00e1t\u00e9k - Montessori oktat\u00f3 j\u00e1t\u00e9k","description":"Geometriai form\u00e1k tanul\u00e1sa j\u00e1t\u00e9k - Montessori oktat\u00f3 j\u00e1t\u00e9k","robots":{"index":"index","follow":"follow","max-snippet":"max-snippet:-1","max-image-preview":"max-image-preview:large","max-video-preview":"max-video-preview:-1"},"canonical":"https:\/\/business.roovi.com\/hu\/geometriai-formak-tanulasa-jatek-montessori-oktato-jatek\/p\/","og_locale":"hu_HU","og_type":"article","og_title":"Geometriai form\u00e1k tanul\u00e1sa j\u00e1t\u00e9k - Montessori oktat\u00f3 j\u00e1t\u00e9k","og_description":"Geometriai form\u00e1k tanul\u00e1sa j\u00e1t\u00e9k - Montessori oktat\u00f3 j\u00e1t\u00e9k","og_url":"https:\/\/business.roovi.com\/hu\/geometriai-formak-tanulasa-jatek-montessori-oktato-jatek\/p\/","og_site_name":"Roovi B2B","article_publisher":"https:\/\/www.facebook.com\/wwwjucariero","article_modified_time":"2022-07-06T15:49:36+00:00","og_image":[{"width":1200,"height":1200,"url":"https:\/\/business.roovi.com\/wp-content\/uploads\/2021\/11\/montessori_magnetic_forme_geometrice.png","type":"image\/png"}],"twitter_misc":{"Becs\u00fclt olvas\u00e1si id\u0151":"4 perc"},"schema":{"@context":"https:\/\/schema.org","@graph":[{"@type":"WebPage","@id":"https:\/\/business.roovi.com\/hu\/geometriai-formak-tanulasa-jatek-montessori-oktato-jatek\/p\/","url":"https:\/\/business.roovi.com\/hu\/geometriai-formak-tanulasa-jatek-montessori-oktato-jatek\/p\/","name":"Geometriai form\u00e1k tanul\u00e1sa j\u00e1t\u00e9k - Montessori oktat\u00f3 j\u00e1t\u00e9k","isPartOf":{"@id":"https:\/\/business.roovi.com\/hu\/#website"},"datePublished":"2021-11-02T15:29:28+00:00","dateModified":"2022-07-06T15:49:36+00:00","description":"Geometriai form\u00e1k tanul\u00e1sa j\u00e1t\u00e9k - Montessori oktat\u00f3 j\u00e1t\u00e9k","breadcrumb":{"@id":"https:\/\/business.roovi.com\/hu\/geometriai-formak-tanulasa-jatek-montessori-oktato-jatek\/p\/#breadcrumb"},"inLanguage":"hu","potentialAction":[{"@type":"ReadAction","target":["https:\/\/business.roovi.com\/hu\/geometriai-formak-tanulasa-jatek-montessori-oktato-jatek\/p\/"]}]},{"@type":"BreadcrumbList","@id":"https:\/\/business.roovi.com\/hu\/geometriai-formak-tanulasa-jatek-montessori-oktato-jatek\/p\/#breadcrumb","itemListElement":[{"@type":"ListItem","position":1,"name":"Home","item":"https:\/\/business.roovi.com\/hu\/"},{"@type":"ListItem","position":2,"name":"Shop","item":"https:\/\/business.roovi.com\/hu\/shop\/"},{"@type":"ListItem","position":3,"name":"Geometriai form\u00e1k tanul\u00e1sa j\u00e1t\u00e9k &#8211; Montessori oktat\u00f3 j\u00e1t\u00e9k"}]},{"@type":"WebSite","@id":"https:\/\/business.roovi.com\/hu\/#website","url":"https:\/\/business.roovi.com\/hu\/","name":"Roovi B2B","description":"Roovi Business Website","potentialAction":[{"@type":"SearchAction","target":{"@type":"EntryPoint","urlTemplate":"https:\/\/business.roovi.com\/hu\/?s={search_term_string}"},"query-input":"required name=search_term_string"}],"inLanguage":"hu"}]}},"_links":{"self":[{"href":"https:\/\/business.roovi.com\/hu\/wp-json\/wp\/v2\/product\/40853","targetHints":{"allow":["GET"]}}],"collection":[{"href":"https:\/\/business.roovi.com\/hu\/wp-json\/wp\/v2\/product"}],"about":[{"href":"https:\/\/business.roovi.com\/hu\/wp-json\/wp\/v2\/types\/product"}],"version-history":[{"count":0,"href":"https:\/\/business.roovi.com\/hu\/wp-json\/wp\/v2\/product\/40853\/revisions"}],"wp:featuredmedia":[{"embeddable":true,"href":"https:\/\/business.roovi.com\/hu\/wp-json\/wp\/v2\/media\/48213"}],"wp:attachment":[{"href":"https:\/\/business.roovi.com\/hu\/wp-json\/wp\/v2\/media?parent=40853"}],"wp:term":[{"taxonomy":"product_brand","embeddable":true,"href":"https:\/\/business.roovi.com\/hu\/wp-json\/wp\/v2\/product_brand?post=40853"},{"taxonomy":"product_cat","embeddable":true,"href":"https:\/\/business.roovi.com\/hu\/wp-json\/wp\/v2\/product_cat?post=40853"},{"taxonomy":"product_tag","embeddable":true,"href":"https:\/\/business.roovi.com\/hu\/wp-json\/wp\/v2\/product_tag?post=40853"}],"curies":[{"name":"wp","href":"https:\/\/api.w.org\/{rel}","templated":true}]}}