{"id":40861,"date":"2021-11-02T15:21:14","date_gmt":"2021-11-02T15:21:14","guid":{"rendered":"https:\/\/business.roovi.com\/joc-educativ-montessori-sa-invatam-numerele-si-operatiile-de-baza\/p\/"},"modified":"2022-07-06T15:49:47","modified_gmt":"2022-07-06T15:49:47","slug":"montessori-oktatojatek-szamok-es-alapmuveletek-tanulasa","status":"publish","type":"product","link":"https:\/\/business.roovi.com\/hu\/montessori-oktatojatek-szamok-es-alapmuveletek-tanulasa\/p\/","title":{"rendered":"Montessori oktat\u00f3j\u00e1t\u00e9k &#8211; Sz\u00e1mok \u00e9s alapm\u0171veletek tanul\u00e1sa"},"content":{"rendered":"<p><span style=\"font-weight: 400\">Szeretn\u00e9, ha a kisgyermeke \u00fagy tudna olvasni, sz\u00e1molni \u00e9s sz\u00e1molni, hogy ne \u00e9rezze az oktat\u00e1s nyom\u00e1s\u00e1t? A Montessori inspir\u00e1lta oktat\u00e1si j\u00e1t\u00e9kok v\u00e1laszt\u00e9ka seg\u00edt gyermek\u00e9nek az alapokat j\u00e1t\u00e9kosan elsaj\u00e1t\u00edtani. A Montessori-oktat\u00f3 j\u00e1t\u00e9kok fejlesztik a kisgyermek t\u00fcrelm\u00e9t, figyelm\u00e9t, strat\u00e9giai gondolkod\u00e1s\u00e1t \u00e9s sok m\u00e1s k\u00e9szs\u00e9get is <\/span><\/p>\n<p><span style=\"font-weight: 400\">A Montessori oktat\u00f3j\u00e1t\u00e9k &#8211; Tanuljunk sz\u00e1mokat \u00e9s alapm\u0171veleteket seg\u00edt gyermek\u00e9nek logikusan \u00e9s intuit\u00edv m\u00f3don elsaj\u00e1t\u00edtani a legegyszer\u0171bb matematikai m\u0171veleteket. A Montessori-elv a form\u00e1k \u00e9s a sz\u00ednek seg\u00edts\u00e9g\u00e9vel seg\u00edti a fiatal matematikusokat a helyes megold\u00e1sok megtal\u00e1l\u00e1s\u00e1ban, m\u00e9g akkor is, ha nem tudj\u00e1k, hogyan kell matematik\u00e1zni. A gyerekek a j\u00e1t\u00e9kk\u00e1rty\u00e1n l\u00e9v\u0151, a t\u00e1bl\u00e1n l\u00e9v\u0151 p\u00e1rral megegyez\u0151 m\u0171velet m\u00f6g\u00f6tti forma \u00e9s sz\u00edn alapj\u00e1n t\u00e1j\u00e9koz\u00f3dnak.<\/span><\/p>\n<p><strong>Mi van a Montessori oktat\u00f3j\u00e1t\u00e9kban &#8211; Sz\u00e1mok \u00e9s alapm\u0171veletek tanul\u00e1sa?<\/strong><\/p>\n<p><strong>32 j\u00e1t\u00e9kk\u00e1rtya<\/strong><span style=\"font-weight: 400\">olyan matematikai m\u0171veletekkel, amelyek h\u00e1tter\u00e9ben sz\u00ednes alakzat van<\/span><\/p>\n<p><strong>1 j\u00e1t\u00e9kt\u00e1bla<\/strong><span style=\"font-weight: 400\">sz\u00e1mokkal, sz\u00ednes alakzatokkal a h\u00e1tt\u00e9rben. A rajta l\u00e9v\u0151 sz\u00e1mok a j\u00e1t\u00e9kk\u00e1rty\u00e1kon v\u00e9gzett m\u0171veletek eredm\u00e9nyei. Az egyik oldalon az \u00f6sszead\u00e1s \u00e9s a kivon\u00e1s, a m\u00e1sikon pedig a szorz\u00e1s \u00e9s az oszt\u00e1s eredm\u00e9nyei vannak. A m\u0171veletek egyszer\u0171ek, az eredm\u00e9nyek nem haladj\u00e1k meg a 9-et a t\u00e1bla egyik oldal\u00e1n sem.<\/span><\/p>\n<p><strong>1 j\u00e1t\u00e9kszab\u00e1lyok<\/strong><span style=\"font-weight: 400\"> ahol \u00fatmutat\u00f3kat \u00e9s tov\u00e1bbi j\u00e1t\u00e9k\u00f6tleteket tal\u00e1lsz.<\/span><\/p>\n<p><span style=\"font-weight: 400\">Montessori oktat\u00f3j\u00e1t\u00e9k &#8211; A sz\u00e1mok \u00e9s alapm\u0171veletek tanul\u00e1sa egyszer\u0171 \u00e9s sz\u00f3rakoztat\u00f3 j\u00e1t\u00e9kk\u00e1 teszi a matematik\u00e1t! J\u00e1tszhatsz a kisgyerekeddel matematikai m\u0171veletekkel vagy Ki a leggyorsabb, \u00e9s az oktat\u00f3 j\u00e1t\u00e9k nagyon sz\u00f3rakoztat\u00f3v\u00e1 v\u00e1lik! A lehet\u0151s\u00e9gek v\u00e9gtelenek, ha hagyod, hogy a k\u00e9pzeleted szabadj\u00e1ra engedd, \u00e9s hagyod, hogy a pillanat ihlete vezessen.<\/span><\/p>\n<p><strong>5 h\u00edres, ma is \u00e9rv\u00e9nyes id\u00e9zet Maria Montessorit\u00f3l<\/strong><\/p>\n<p><span style=\"font-weight: 400\">Maria Montessori vil\u00e1gszerte ismert a gyermekk\u00f6zpont\u00fa nevel\u00e9si m\u00f3dszereir\u0151l, amelyeket eg\u00e9sz \u00e9let\u00e9ben kifejlesztett \u00e9s az emberis\u00e9gre hagyott. \u00cdme n\u00e9h\u00e1ny kijelent\u00e9se, amelyek ma aktu\u00e1lisabbnak t\u0171nnek, mint valaha:<\/span><\/p>\n<p><span style=\"font-weight: 400\">&#8222;<\/span><span style=\"font-weight: 400\">A gyermekben rejlik a j\u00f6v\u0151 sorsa<\/span><span style=\"font-weight: 400\">&#8222;<\/span><span style=\"font-weight: 400\"><\/span><\/p>\n<p><span style=\"font-weight: 400\">&#8222;<\/span><span style=\"font-weight: 400\">Seg\u00edten\u00fcnk kell a gyermeket, hogy egyed\u00fcl cselekedjen, egyed\u00fcl akarjon, egyed\u00fcl gondolkodjon; ez azoknak a m\u0171v\u00e9szete, akik arra t\u00f6rekszenek, hogy a szellemet szolg\u00e1lj\u00e1k<\/span><span style=\"font-weight: 400\">&#8222;<\/span><span style=\"font-weight: 400\">.<\/span><\/p>\n<p><span style=\"font-weight: 400\">&#8222;<\/span><span style=\"font-weight: 400\">Az emberek csak azt a nyelvet besz\u00e9lik t\u00f6k\u00e9letesen, amelyet gyermekkorukban tanulnak, amikor senki sem tan\u00edtja \u0151ket semmire!<\/span><span style=\"font-weight: 400\">&#8222;<\/span><\/p>\n<p><span style=\"font-weight: 400\">&#8222;<\/span><span style=\"font-weight: 400\">Az els\u0151 gondolat, amit a gyermeknek el kell saj\u00e1t\u00edtania, az a helyes \u00e9s helytelen k\u00f6z\u00f6tti k\u00fcl\u00f6nbs\u00e9g<\/span><span style=\"font-weight: 400\">&#8222;<\/span><span style=\"font-weight: 400\">.<\/span><\/p>\n<h4><span style=\"font-weight: 400\">&#8222;<\/span><span style=\"font-weight: 400\">Soha ne seg\u00edtsen a gyermeknek olyasmiben, amir\u0151l azt hiszi, hogy egyed\u00fcl is meg tudja csin\u00e1lni<\/span><span style=\"font-weight: 400\">&#8222;<\/span><span style=\"font-weight: 400\">.<\/span><\/h4>\n<p><strong>Az oktat\u00f3j\u00e1t\u00e9kok szerepe a gyermekek fejl\u0151d\u00e9s\u00e9ben<\/strong><\/p>\n<p><span style=\"font-weight: 400\">Az oktat\u00f3j\u00e1t\u00e9kok a vil\u00e1g felfedez\u00e9s\u00e9re tan\u00edtj\u00e1k gyermek\u00e9t, m\u00e9ghozz\u00e1 lebilincsel\u0151 \u00e9s konstrukt\u00edv m\u00f3don. A j\u00e1t\u00e9k \u00edgy rendk\u00edv\u00fcl fontos nevel\u00e9si \u00e9s tanul\u00e1si t\u00e9nyez\u0151v\u00e9 v\u00e1lik. \u00cdme, csak n\u00e9h\u00e1ny az oktat\u00f3j\u00e1t\u00e9kok el\u0151nyei k\u00f6z\u00fcl gyermeke fejl\u0151d\u00e9se szempontj\u00e1b\u00f3l:<\/span><\/p>\n<p><span style=\"font-weight: 400\">Fejleszti a motoros \u00e9s \u00fcgyess\u00e9gi k\u00e9szs\u00e9geket.<\/span><\/p>\n<p><span style=\"font-weight: 400\">Seg\u00edti \u0151ket a m\u00e1sokkal val\u00f3 szocializ\u00e1l\u00f3d\u00e1sban, megtan\u00edtja \u0151ket a szab\u00e1lyok fogalm\u00e1ra \u00e9s betart\u00e1s\u00e1ra.<\/span><\/p>\n<p><span style=\"font-weight: 400\">Megtan\u00edtja \u0151ket arra, hogy gyorsabban tal\u00e1ljanak megold\u00e1st a probl\u00e9m\u00e1kra.<\/span><\/p>\n<p><span style=\"font-weight: 400\">Fejlesztik matematikai k\u00e9szs\u00e9geiket, logikus gondolkod\u00e1sukat \u00e9s kritikai gondolkod\u00e1sukat.<\/span><\/p>\n<p><span style=\"font-weight: 400\">Seg\u00edt nekik edzeni \u00e9s jav\u00edtani a mem\u00f3ri\u00e1jukat.<\/span><\/p>\n<p><span style=\"font-weight: 400\">Megtanulj\u00e1k az \u00f6nmaguk, szeretteik \u00e9s a vil\u00e1g, amelyben \u00e9lnek, tisztelet\u00e9nek \u00e9rt\u00e9k\u00e9t.<\/span><\/p>\n<p><span style=\"font-weight: 400\">V\u00e1s\u00e1rl\u00e1s most The Educational Game <\/span><span style=\"font-weight: 400\">Montessori &#8211; Tanuljuk meg a sz\u00e1mokat \u00e9s az alapm\u0171veleteket, \u00e9s seg\u00edtsd a kisgyermekednek \u00e9lvezni ennek az oktat\u00f3j\u00e1t\u00e9knak az el\u0151nyeit! J\u00e1tssz vele egy\u00fctt, vagy haszn\u00e1ld t\u00e1rsasj\u00e1t\u00e9kk\u00e9nt 2-4 kis matematikus sz\u00e1m\u00e1ra.<\/span><\/p>\n<p><span style=\"font-weight: 400\">Nem tudja, milyen aj\u00e1nd\u00e9kot adjon egy kis felfedez\u0151 kedves\u00e9nek? A Montessori Oktat\u00f3j\u00e1t\u00e9k &#8211; Tanuljunk sz\u00e1mokat \u00e9s alapm\u0171veleteket a legjobb v\u00e1laszt\u00e1s, ha azt szeretn\u00e9, hogy tanuls\u00e1gos \u00e9s \u00e9p\u00edt\u0151 m\u00f3don foglalj\u00e1k le az idej\u00fcket.<\/span><\/p><\/p>\n","protected":false},"excerpt":{"rendered":"<p>Szeretn\u00e9, ha a kisgyermeke \u00fagy tudna olvasni, sz\u00e1molni \u00e9s sz\u00e1molni, hogy ne \u00e9rezze az oktat\u00e1s nyom\u00e1s\u00e1t? A Montessori inspir\u00e1lta oktat\u00e1si<\/p>\n","protected":false},"featured_media":48209,"template":"","meta":[],"product_brand":[],"product_cat":[1900],"product_tag":[],"class_list":{"0":"post-40861","1":"product","2":"type-product","3":"status-publish","4":"has-post-thumbnail","6":"product_cat-oktatasi-es-tudomanyos-jatekok","7":"pa_bax-14-hu","8":"pa_brand-deico-hu","9":"pa_country_of_manufacture-ro-hu","10":"pa_filter_age-5_7-hu","11":"pa_tip_ambalaj-doboz","13":"first","14":"instock","15":"taxable","16":"shipping-taxable","17":"product-type-simple"},"yoast_head":"<!-- This site is optimized with the Yoast SEO plugin v20.1 - https:\/\/yoast.com\/wordpress\/plugins\/seo\/ -->\n<title>Montessori oktat\u00f3j\u00e1t\u00e9k - Sz\u00e1mok \u00e9s alapm\u0171veletek tanul\u00e1sa<\/title>\n<meta name=\"description\" content=\"Montessori oktat\u00f3j\u00e1t\u00e9k - Sz\u00e1mok \u00e9s alapm\u0171veletek tanul\u00e1sa\" \/>\n<meta name=\"robots\" content=\"index, follow, max-snippet:-1, max-image-preview:large, max-video-preview:-1\" \/>\n<link rel=\"canonical\" href=\"https:\/\/business.roovi.com\/hu\/montessori-oktatojatek-szamok-es-alapmuveletek-tanulasa\/p\/\" \/>\n<meta property=\"og:locale\" content=\"hu_HU\" \/>\n<meta property=\"og:type\" content=\"article\" \/>\n<meta property=\"og:title\" content=\"Montessori oktat\u00f3j\u00e1t\u00e9k - Sz\u00e1mok \u00e9s alapm\u0171veletek tanul\u00e1sa\" \/>\n<meta property=\"og:description\" content=\"Montessori oktat\u00f3j\u00e1t\u00e9k - Sz\u00e1mok \u00e9s alapm\u0171veletek tanul\u00e1sa\" \/>\n<meta property=\"og:url\" content=\"https:\/\/business.roovi.com\/hu\/montessori-oktatojatek-szamok-es-alapmuveletek-tanulasa\/p\/\" \/>\n<meta property=\"og:site_name\" content=\"Roovi B2B\" \/>\n<meta property=\"article:publisher\" content=\"https:\/\/www.facebook.com\/wwwjucariero\" \/>\n<meta property=\"article:modified_time\" content=\"2022-07-06T15:49:47+00:00\" \/>\n<meta property=\"og:image\" content=\"https:\/\/business.roovi.com\/wp-content\/uploads\/2021\/11\/montessori_deico_games_numerele.png\" \/>\n\t<meta property=\"og:image:width\" content=\"1200\" \/>\n\t<meta property=\"og:image:height\" content=\"1200\" \/>\n\t<meta property=\"og:image:type\" content=\"image\/png\" \/>\n<meta name=\"twitter:label1\" content=\"Becs\u00fclt olvas\u00e1si id\u0151\" \/>\n\t<meta name=\"twitter:data1\" content=\"4 perc\" \/>\n<script type=\"application\/ld+json\" class=\"yoast-schema-graph\">{\"@context\":\"https:\/\/schema.org\",\"@graph\":[{\"@type\":\"WebPage\",\"@id\":\"https:\/\/business.roovi.com\/hu\/montessori-oktatojatek-szamok-es-alapmuveletek-tanulasa\/p\/\",\"url\":\"https:\/\/business.roovi.com\/hu\/montessori-oktatojatek-szamok-es-alapmuveletek-tanulasa\/p\/\",\"name\":\"Montessori oktat\u00f3j\u00e1t\u00e9k - Sz\u00e1mok \u00e9s alapm\u0171veletek tanul\u00e1sa\",\"isPartOf\":{\"@id\":\"https:\/\/business.roovi.com\/hu\/#website\"},\"datePublished\":\"2021-11-02T15:21:14+00:00\",\"dateModified\":\"2022-07-06T15:49:47+00:00\",\"description\":\"Montessori oktat\u00f3j\u00e1t\u00e9k - Sz\u00e1mok \u00e9s alapm\u0171veletek tanul\u00e1sa\",\"breadcrumb\":{\"@id\":\"https:\/\/business.roovi.com\/hu\/montessori-oktatojatek-szamok-es-alapmuveletek-tanulasa\/p\/#breadcrumb\"},\"inLanguage\":\"hu\",\"potentialAction\":[{\"@type\":\"ReadAction\",\"target\":[\"https:\/\/business.roovi.com\/hu\/montessori-oktatojatek-szamok-es-alapmuveletek-tanulasa\/p\/\"]}]},{\"@type\":\"BreadcrumbList\",\"@id\":\"https:\/\/business.roovi.com\/hu\/montessori-oktatojatek-szamok-es-alapmuveletek-tanulasa\/p\/#breadcrumb\",\"itemListElement\":[{\"@type\":\"ListItem\",\"position\":1,\"name\":\"Home\",\"item\":\"https:\/\/business.roovi.com\/hu\/\"},{\"@type\":\"ListItem\",\"position\":2,\"name\":\"Shop\",\"item\":\"https:\/\/business.roovi.com\/hu\/shop\/\"},{\"@type\":\"ListItem\",\"position\":3,\"name\":\"Montessori oktat\u00f3j\u00e1t\u00e9k &#8211; Sz\u00e1mok \u00e9s alapm\u0171veletek tanul\u00e1sa\"}]},{\"@type\":\"WebSite\",\"@id\":\"https:\/\/business.roovi.com\/hu\/#website\",\"url\":\"https:\/\/business.roovi.com\/hu\/\",\"name\":\"Roovi B2B\",\"description\":\"Roovi Business Website\",\"potentialAction\":[{\"@type\":\"SearchAction\",\"target\":{\"@type\":\"EntryPoint\",\"urlTemplate\":\"https:\/\/business.roovi.com\/hu\/?s={search_term_string}\"},\"query-input\":\"required name=search_term_string\"}],\"inLanguage\":\"hu\"}]}<\/script>\n<!-- \/ Yoast SEO plugin. -->","yoast_head_json":{"title":"Montessori oktat\u00f3j\u00e1t\u00e9k - Sz\u00e1mok \u00e9s alapm\u0171veletek tanul\u00e1sa","description":"Montessori oktat\u00f3j\u00e1t\u00e9k - Sz\u00e1mok \u00e9s alapm\u0171veletek tanul\u00e1sa","robots":{"index":"index","follow":"follow","max-snippet":"max-snippet:-1","max-image-preview":"max-image-preview:large","max-video-preview":"max-video-preview:-1"},"canonical":"https:\/\/business.roovi.com\/hu\/montessori-oktatojatek-szamok-es-alapmuveletek-tanulasa\/p\/","og_locale":"hu_HU","og_type":"article","og_title":"Montessori oktat\u00f3j\u00e1t\u00e9k - Sz\u00e1mok \u00e9s alapm\u0171veletek tanul\u00e1sa","og_description":"Montessori oktat\u00f3j\u00e1t\u00e9k - Sz\u00e1mok \u00e9s alapm\u0171veletek tanul\u00e1sa","og_url":"https:\/\/business.roovi.com\/hu\/montessori-oktatojatek-szamok-es-alapmuveletek-tanulasa\/p\/","og_site_name":"Roovi B2B","article_publisher":"https:\/\/www.facebook.com\/wwwjucariero","article_modified_time":"2022-07-06T15:49:47+00:00","og_image":[{"width":1200,"height":1200,"url":"https:\/\/business.roovi.com\/wp-content\/uploads\/2021\/11\/montessori_deico_games_numerele.png","type":"image\/png"}],"twitter_misc":{"Becs\u00fclt olvas\u00e1si id\u0151":"4 perc"},"schema":{"@context":"https:\/\/schema.org","@graph":[{"@type":"WebPage","@id":"https:\/\/business.roovi.com\/hu\/montessori-oktatojatek-szamok-es-alapmuveletek-tanulasa\/p\/","url":"https:\/\/business.roovi.com\/hu\/montessori-oktatojatek-szamok-es-alapmuveletek-tanulasa\/p\/","name":"Montessori oktat\u00f3j\u00e1t\u00e9k - Sz\u00e1mok \u00e9s alapm\u0171veletek tanul\u00e1sa","isPartOf":{"@id":"https:\/\/business.roovi.com\/hu\/#website"},"datePublished":"2021-11-02T15:21:14+00:00","dateModified":"2022-07-06T15:49:47+00:00","description":"Montessori oktat\u00f3j\u00e1t\u00e9k - Sz\u00e1mok \u00e9s alapm\u0171veletek tanul\u00e1sa","breadcrumb":{"@id":"https:\/\/business.roovi.com\/hu\/montessori-oktatojatek-szamok-es-alapmuveletek-tanulasa\/p\/#breadcrumb"},"inLanguage":"hu","potentialAction":[{"@type":"ReadAction","target":["https:\/\/business.roovi.com\/hu\/montessori-oktatojatek-szamok-es-alapmuveletek-tanulasa\/p\/"]}]},{"@type":"BreadcrumbList","@id":"https:\/\/business.roovi.com\/hu\/montessori-oktatojatek-szamok-es-alapmuveletek-tanulasa\/p\/#breadcrumb","itemListElement":[{"@type":"ListItem","position":1,"name":"Home","item":"https:\/\/business.roovi.com\/hu\/"},{"@type":"ListItem","position":2,"name":"Shop","item":"https:\/\/business.roovi.com\/hu\/shop\/"},{"@type":"ListItem","position":3,"name":"Montessori oktat\u00f3j\u00e1t\u00e9k &#8211; Sz\u00e1mok \u00e9s alapm\u0171veletek tanul\u00e1sa"}]},{"@type":"WebSite","@id":"https:\/\/business.roovi.com\/hu\/#website","url":"https:\/\/business.roovi.com\/hu\/","name":"Roovi B2B","description":"Roovi Business Website","potentialAction":[{"@type":"SearchAction","target":{"@type":"EntryPoint","urlTemplate":"https:\/\/business.roovi.com\/hu\/?s={search_term_string}"},"query-input":"required name=search_term_string"}],"inLanguage":"hu"}]}},"_links":{"self":[{"href":"https:\/\/business.roovi.com\/hu\/wp-json\/wp\/v2\/product\/40861","targetHints":{"allow":["GET"]}}],"collection":[{"href":"https:\/\/business.roovi.com\/hu\/wp-json\/wp\/v2\/product"}],"about":[{"href":"https:\/\/business.roovi.com\/hu\/wp-json\/wp\/v2\/types\/product"}],"version-history":[{"count":0,"href":"https:\/\/business.roovi.com\/hu\/wp-json\/wp\/v2\/product\/40861\/revisions"}],"wp:featuredmedia":[{"embeddable":true,"href":"https:\/\/business.roovi.com\/hu\/wp-json\/wp\/v2\/media\/48209"}],"wp:attachment":[{"href":"https:\/\/business.roovi.com\/hu\/wp-json\/wp\/v2\/media?parent=40861"}],"wp:term":[{"taxonomy":"product_brand","embeddable":true,"href":"https:\/\/business.roovi.com\/hu\/wp-json\/wp\/v2\/product_brand?post=40861"},{"taxonomy":"product_cat","embeddable":true,"href":"https:\/\/business.roovi.com\/hu\/wp-json\/wp\/v2\/product_cat?post=40861"},{"taxonomy":"product_tag","embeddable":true,"href":"https:\/\/business.roovi.com\/hu\/wp-json\/wp\/v2\/product_tag?post=40861"}],"curies":[{"name":"wp","href":"https:\/\/api.w.org\/{rel}","templated":true}]}}