{"id":40911,"date":"2018-04-16T10:56:07","date_gmt":"2018-04-16T10:56:07","guid":{"rendered":"https:\/\/business.roovi.com\/tolo-ursuletul-saltaret\/p\/"},"modified":"2022-07-06T15:54:54","modified_gmt":"2022-07-06T15:54:54","slug":"tolo-bouncy-bear-jatek-babaknak","status":"publish","type":"product","link":"https:\/\/business.roovi.com\/hu\/tolo-bouncy-bear-jatek-babaknak\/p\/","title":{"rendered":"Tolo Bouncy Bear, j\u00e1t\u00e9k bab\u00e1knak"},"content":{"rendered":"<p>Az ugr\u00e1l\u00f3s, sz\u00ednes macinak mindig \u00f6r\u00fclni fogsz! Elb\u00fajik a kis piros doboz\u00e1ban, csak a sapk\u00e1ja l\u00e1tszik, \u00e9s amikor megnyomod a fej\u00e9t, WOWWWWWW, kiugrik mindenki sz\u00f3rakoztat\u00e1s\u00e1ra! A Tolo j\u00e1t\u00e9kok fejlesztik a sz\u00edn\u00e9rz\u00e9kel\u00e9st, a hall\u00e1s\u00e9rz\u00e9kel\u00e9st \u00e9s a tapint\u00e1st. Az ugr\u00e1l\u00f3 mack\u00f3 egyenk\u00e9nt csomagolva.<\/p>\n","protected":false},"excerpt":{"rendered":"<p>Az ugr\u00e1l\u00f3s, sz\u00ednes macinak mindig \u00f6r\u00fclni fogsz! Elb\u00fajik a kis piros doboz\u00e1ban, csak a sapk\u00e1ja l\u00e1tszik, \u00e9s amikor megnyomod a<\/p>\n","protected":false},"featured_media":30704,"template":"","meta":[],"product_brand":[],"product_cat":[1959,2021,1914],"product_tag":[],"class_list":{"0":"post-40911","1":"product","2":"type-product","3":"status-publish","4":"has-post-thumbnail","6":"product_cat-baba-jatekok","7":"product_cat-baba-pluss-jatekok","8":"product_cat-tovabbi-kategoriak","9":"pa_bax-12-hu","10":"pa_brand-tolo-hu","11":"pa_filter_age-0_3-hu","12":"pa_filter_age-3_5-hu","13":"pa_tip_ambalaj-doboz","15":"first","16":"instock","17":"taxable","18":"shipping-taxable","19":"product-type-simple"},"yoast_head":"<!-- This site is optimized with the Yoast SEO plugin v20.1 - https:\/\/yoast.com\/wordpress\/plugins\/seo\/ -->\n<title>Tolo Bouncy Bear, j\u00e1t\u00e9k bab\u00e1knak<\/title>\n<meta name=\"description\" content=\"Tolo Bouncy Bear, j\u00e1t\u00e9k bab\u00e1knak\" \/>\n<meta name=\"robots\" content=\"index, follow, max-snippet:-1, max-image-preview:large, max-video-preview:-1\" \/>\n<link rel=\"canonical\" href=\"https:\/\/business.roovi.com\/hu\/tolo-bouncy-bear-jatek-babaknak\/p\/\" \/>\n<meta property=\"og:locale\" content=\"hu_HU\" \/>\n<meta property=\"og:type\" content=\"article\" \/>\n<meta property=\"og:title\" content=\"Tolo Bouncy Bear, j\u00e1t\u00e9k bab\u00e1knak\" \/>\n<meta property=\"og:description\" content=\"Tolo Bouncy Bear, j\u00e1t\u00e9k bab\u00e1knak\" \/>\n<meta property=\"og:url\" content=\"https:\/\/business.roovi.com\/hu\/tolo-bouncy-bear-jatek-babaknak\/p\/\" \/>\n<meta property=\"og:site_name\" content=\"Roovi B2B\" \/>\n<meta property=\"article:publisher\" content=\"https:\/\/www.facebook.com\/wwwjucariero\" \/>\n<meta property=\"article:modified_time\" content=\"2022-07-06T15:54:54+00:00\" \/>\n<meta property=\"og:image\" content=\"https:\/\/business.roovi.com\/wp-content\/uploads\/2018\/04\/89575_2_.jpg\" \/>\n\t<meta property=\"og:image:width\" content=\"700\" \/>\n\t<meta property=\"og:image:height\" content=\"700\" \/>\n\t<meta property=\"og:image:type\" content=\"image\/jpeg\" \/>\n<script type=\"application\/ld+json\" class=\"yoast-schema-graph\">{\"@context\":\"https:\/\/schema.org\",\"@graph\":[{\"@type\":\"WebPage\",\"@id\":\"https:\/\/business.roovi.com\/hu\/tolo-bouncy-bear-jatek-babaknak\/p\/\",\"url\":\"https:\/\/business.roovi.com\/hu\/tolo-bouncy-bear-jatek-babaknak\/p\/\",\"name\":\"Tolo Bouncy Bear, j\u00e1t\u00e9k bab\u00e1knak\",\"isPartOf\":{\"@id\":\"https:\/\/business.roovi.com\/hu\/#website\"},\"datePublished\":\"2018-04-16T10:56:07+00:00\",\"dateModified\":\"2022-07-06T15:54:54+00:00\",\"description\":\"Tolo Bouncy Bear, j\u00e1t\u00e9k bab\u00e1knak\",\"breadcrumb\":{\"@id\":\"https:\/\/business.roovi.com\/hu\/tolo-bouncy-bear-jatek-babaknak\/p\/#breadcrumb\"},\"inLanguage\":\"hu\",\"potentialAction\":[{\"@type\":\"ReadAction\",\"target\":[\"https:\/\/business.roovi.com\/hu\/tolo-bouncy-bear-jatek-babaknak\/p\/\"]}]},{\"@type\":\"BreadcrumbList\",\"@id\":\"https:\/\/business.roovi.com\/hu\/tolo-bouncy-bear-jatek-babaknak\/p\/#breadcrumb\",\"itemListElement\":[{\"@type\":\"ListItem\",\"position\":1,\"name\":\"Home\",\"item\":\"https:\/\/business.roovi.com\/hu\/\"},{\"@type\":\"ListItem\",\"position\":2,\"name\":\"Shop\",\"item\":\"https:\/\/business.roovi.com\/hu\/shop\/\"},{\"@type\":\"ListItem\",\"position\":3,\"name\":\"Tolo Bouncy Bear, j\u00e1t\u00e9k bab\u00e1knak\"}]},{\"@type\":\"WebSite\",\"@id\":\"https:\/\/business.roovi.com\/hu\/#website\",\"url\":\"https:\/\/business.roovi.com\/hu\/\",\"name\":\"Roovi B2B\",\"description\":\"Roovi Business Website\",\"potentialAction\":[{\"@type\":\"SearchAction\",\"target\":{\"@type\":\"EntryPoint\",\"urlTemplate\":\"https:\/\/business.roovi.com\/hu\/?s={search_term_string}\"},\"query-input\":\"required name=search_term_string\"}],\"inLanguage\":\"hu\"}]}<\/script>\n<!-- \/ Yoast SEO plugin. -->","yoast_head_json":{"title":"Tolo Bouncy Bear, j\u00e1t\u00e9k bab\u00e1knak","description":"Tolo Bouncy Bear, j\u00e1t\u00e9k bab\u00e1knak","robots":{"index":"index","follow":"follow","max-snippet":"max-snippet:-1","max-image-preview":"max-image-preview:large","max-video-preview":"max-video-preview:-1"},"canonical":"https:\/\/business.roovi.com\/hu\/tolo-bouncy-bear-jatek-babaknak\/p\/","og_locale":"hu_HU","og_type":"article","og_title":"Tolo Bouncy Bear, j\u00e1t\u00e9k bab\u00e1knak","og_description":"Tolo Bouncy Bear, j\u00e1t\u00e9k bab\u00e1knak","og_url":"https:\/\/business.roovi.com\/hu\/tolo-bouncy-bear-jatek-babaknak\/p\/","og_site_name":"Roovi B2B","article_publisher":"https:\/\/www.facebook.com\/wwwjucariero","article_modified_time":"2022-07-06T15:54:54+00:00","og_image":[{"width":700,"height":700,"url":"https:\/\/business.roovi.com\/wp-content\/uploads\/2018\/04\/89575_2_.jpg","type":"image\/jpeg"}],"schema":{"@context":"https:\/\/schema.org","@graph":[{"@type":"WebPage","@id":"https:\/\/business.roovi.com\/hu\/tolo-bouncy-bear-jatek-babaknak\/p\/","url":"https:\/\/business.roovi.com\/hu\/tolo-bouncy-bear-jatek-babaknak\/p\/","name":"Tolo Bouncy Bear, j\u00e1t\u00e9k bab\u00e1knak","isPartOf":{"@id":"https:\/\/business.roovi.com\/hu\/#website"},"datePublished":"2018-04-16T10:56:07+00:00","dateModified":"2022-07-06T15:54:54+00:00","description":"Tolo Bouncy Bear, j\u00e1t\u00e9k bab\u00e1knak","breadcrumb":{"@id":"https:\/\/business.roovi.com\/hu\/tolo-bouncy-bear-jatek-babaknak\/p\/#breadcrumb"},"inLanguage":"hu","potentialAction":[{"@type":"ReadAction","target":["https:\/\/business.roovi.com\/hu\/tolo-bouncy-bear-jatek-babaknak\/p\/"]}]},{"@type":"BreadcrumbList","@id":"https:\/\/business.roovi.com\/hu\/tolo-bouncy-bear-jatek-babaknak\/p\/#breadcrumb","itemListElement":[{"@type":"ListItem","position":1,"name":"Home","item":"https:\/\/business.roovi.com\/hu\/"},{"@type":"ListItem","position":2,"name":"Shop","item":"https:\/\/business.roovi.com\/hu\/shop\/"},{"@type":"ListItem","position":3,"name":"Tolo Bouncy Bear, j\u00e1t\u00e9k bab\u00e1knak"}]},{"@type":"WebSite","@id":"https:\/\/business.roovi.com\/hu\/#website","url":"https:\/\/business.roovi.com\/hu\/","name":"Roovi B2B","description":"Roovi Business Website","potentialAction":[{"@type":"SearchAction","target":{"@type":"EntryPoint","urlTemplate":"https:\/\/business.roovi.com\/hu\/?s={search_term_string}"},"query-input":"required name=search_term_string"}],"inLanguage":"hu"}]}},"_links":{"self":[{"href":"https:\/\/business.roovi.com\/hu\/wp-json\/wp\/v2\/product\/40911","targetHints":{"allow":["GET"]}}],"collection":[{"href":"https:\/\/business.roovi.com\/hu\/wp-json\/wp\/v2\/product"}],"about":[{"href":"https:\/\/business.roovi.com\/hu\/wp-json\/wp\/v2\/types\/product"}],"version-history":[{"count":0,"href":"https:\/\/business.roovi.com\/hu\/wp-json\/wp\/v2\/product\/40911\/revisions"}],"wp:featuredmedia":[{"embeddable":true,"href":"https:\/\/business.roovi.com\/hu\/wp-json\/wp\/v2\/media\/30704"}],"wp:attachment":[{"href":"https:\/\/business.roovi.com\/hu\/wp-json\/wp\/v2\/media?parent=40911"}],"wp:term":[{"taxonomy":"product_brand","embeddable":true,"href":"https:\/\/business.roovi.com\/hu\/wp-json\/wp\/v2\/product_brand?post=40911"},{"taxonomy":"product_cat","embeddable":true,"href":"https:\/\/business.roovi.com\/hu\/wp-json\/wp\/v2\/product_cat?post=40911"},{"taxonomy":"product_tag","embeddable":true,"href":"https:\/\/business.roovi.com\/hu\/wp-json\/wp\/v2\/product_tag?post=40911"}],"curies":[{"name":"wp","href":"https:\/\/api.w.org\/{rel}","templated":true}]}}