{"id":41223,"date":"2018-04-16T10:56:06","date_gmt":"2018-04-16T10:56:06","guid":{"rendered":"https:\/\/business.roovi.com\/joc-eduscience-laboratorul-de-saruri-si-bombe-de-baie\/p\/"},"modified":"2022-07-06T16:34:14","modified_gmt":"2022-07-06T16:34:14","slug":"jatek-sok-es-furdobombak-laboratorium-eduscience-oktatasi-jatek","status":"publish","type":"product","link":"https:\/\/business.roovi.com\/hu\/jatek-sok-es-furdobombak-laboratorium-eduscience-oktatasi-jatek\/p\/","title":{"rendered":"J\u00e1t\u00e9k S\u00f3k \u00e9s f\u00fcrd\u0151bomb\u00e1k laborat\u00f3rium &#8211; EduScience oktat\u00e1si j\u00e1t\u00e9k"},"content":{"rendered":"<p>Mindenki szereti a f\u00fcrd\u0151bomb\u00e1kat! A gyerekek mostant\u00f3l a &#8222;pezsg\u00e9s&#8221; tudom\u00e1ny\u00e1nak vizsg\u00e1lat\u00e1val saj\u00e1t luxus \u00e9s pomp\u00e1s illat\u00fa f\u00fcrd\u0151bomb\u00e1kat k\u00e9sz\u00edthetnek. K\u00eds\u00e9rletezhetnek a k\u00fcl\u00f6nb\u00f6z\u0151 sz\u00edn\u0171 f\u00fcrd\u0151s\u00f3k l\u00e9trehoz\u00e1s\u00e1val, kit\u00f6r\u0151 vulk\u00e1nokat \u00e9s habz\u00f3 l\u00e1va sz\u00f6k\u0151kutakat hozhatnak l\u00e9tre, amelyek pezsg\u0151 sz\u00f3rakoz\u00e1ss\u00e1 var\u00e1zsolj\u00e1k a f\u00fcrd\u0151j\u00fcket. A k\u00e9szlet a k\u00f6vetkez\u0151ket tartalmazza: tengeri s\u00f3, sz\u00f3dabikarb\u00f3na, citromsav, kukoricakem\u00e9ny\u00edt\u0151, glicerin, 2 f\u0151z\u0151poh\u00e1r, 1 forma k\u00fcl\u00f6nb\u00f6z\u0151 form\u00e1j\u00fa f\u00fcrd\u0151bomb\u00e1khoz, 1 p\u00e1r laborat\u00f3riumi keszty\u0171, 1 p\u00e1r v\u00e9d\u0151szem\u00fcveg, 2 te\u00e1skan\u00e1l, 2 foly\u00e9kony sz\u00ednez\u00e9k, 1 van\u00edlia parf\u00fcm, 3 kever\u0151p\u00e1lca, dekorat\u00edv matric\u00e1k, 4 aj\u00e1nd\u00e9ktasak, r\u00e9szletes haszn\u00e1lati utas\u00edt\u00e1s.<\/p>\n","protected":false},"excerpt":{"rendered":"<p>Mindenki szereti a f\u00fcrd\u0151bomb\u00e1kat! A gyerekek mostant\u00f3l a &#8222;pezsg\u00e9s&#8221; tudom\u00e1ny\u00e1nak vizsg\u00e1lat\u00e1val saj\u00e1t luxus \u00e9s pomp\u00e1s illat\u00fa f\u00fcrd\u0151bomb\u00e1kat k\u00e9sz\u00edthetnek. K\u00eds\u00e9rletezhetnek a<\/p>\n","protected":false},"featured_media":30022,"template":"","meta":[],"product_brand":[],"product_cat":[1900,1902],"product_tag":[],"class_list":{"0":"post-41223","1":"product","2":"type-product","3":"status-publish","4":"has-post-thumbnail","6":"product_cat-oktatasi-es-tudomanyos-jatekok","7":"product_cat-tudomanyos-jatekok","8":"pa_bax-12-hu","9":"pa_brand-treetoys-hu","10":"pa_country_of_manufacture-ro-hu","11":"pa_filter_age-9_14-hu","12":"pa_filter_age-14-hu","13":"pa_tip_ambalaj-doboz","15":"first","16":"outofstock","17":"taxable","18":"shipping-taxable","19":"product-type-simple"},"yoast_head":"<!-- This site is optimized with the Yoast SEO plugin v20.1 - https:\/\/yoast.com\/wordpress\/plugins\/seo\/ -->\n<title>J\u00e1t\u00e9k S\u00f3k \u00e9s f\u00fcrd\u0151bomb\u00e1k laborat\u00f3rium - EduScience oktat\u00e1si j\u00e1t\u00e9k<\/title>\n<meta name=\"description\" content=\"J\u00e1t\u00e9k S\u00f3k \u00e9s f\u00fcrd\u0151bomb\u00e1k laborat\u00f3rium - EduScience oktat\u00e1si j\u00e1t\u00e9k\" \/>\n<meta name=\"robots\" content=\"index, follow, max-snippet:-1, max-image-preview:large, max-video-preview:-1\" \/>\n<link rel=\"canonical\" href=\"https:\/\/business.roovi.com\/hu\/jatek-sok-es-furdobombak-laboratorium-eduscience-oktatasi-jatek\/p\/\" \/>\n<meta property=\"og:locale\" content=\"hu_HU\" \/>\n<meta property=\"og:type\" content=\"article\" \/>\n<meta property=\"og:title\" content=\"J\u00e1t\u00e9k S\u00f3k \u00e9s f\u00fcrd\u0151bomb\u00e1k laborat\u00f3rium - EduScience oktat\u00e1si j\u00e1t\u00e9k\" \/>\n<meta property=\"og:description\" content=\"J\u00e1t\u00e9k S\u00f3k \u00e9s f\u00fcrd\u0151bomb\u00e1k laborat\u00f3rium - EduScience oktat\u00e1si j\u00e1t\u00e9k\" \/>\n<meta property=\"og:url\" content=\"https:\/\/business.roovi.com\/hu\/jatek-sok-es-furdobombak-laboratorium-eduscience-oktatasi-jatek\/p\/\" \/>\n<meta property=\"og:site_name\" content=\"Roovi B2B\" \/>\n<meta property=\"article:publisher\" content=\"https:\/\/www.facebook.com\/wwwjucariero\" \/>\n<meta property=\"article:modified_time\" content=\"2022-07-06T16:34:14+00:00\" \/>\n<meta property=\"og:image\" content=\"https:\/\/business.roovi.com\/wp-content\/uploads\/2018\/04\/laboratorul_de_saruri_si_bombe.jpg\" \/>\n\t<meta property=\"og:image:width\" content=\"1200\" \/>\n\t<meta property=\"og:image:height\" content=\"1200\" \/>\n\t<meta property=\"og:image:type\" content=\"image\/jpeg\" \/>\n<meta name=\"twitter:label1\" content=\"Becs\u00fclt olvas\u00e1si id\u0151\" \/>\n\t<meta name=\"twitter:data1\" content=\"1 perc\" \/>\n<script type=\"application\/ld+json\" class=\"yoast-schema-graph\">{\"@context\":\"https:\/\/schema.org\",\"@graph\":[{\"@type\":\"WebPage\",\"@id\":\"https:\/\/business.roovi.com\/hu\/jatek-sok-es-furdobombak-laboratorium-eduscience-oktatasi-jatek\/p\/\",\"url\":\"https:\/\/business.roovi.com\/hu\/jatek-sok-es-furdobombak-laboratorium-eduscience-oktatasi-jatek\/p\/\",\"name\":\"J\u00e1t\u00e9k S\u00f3k \u00e9s f\u00fcrd\u0151bomb\u00e1k laborat\u00f3rium - EduScience oktat\u00e1si j\u00e1t\u00e9k\",\"isPartOf\":{\"@id\":\"https:\/\/business.roovi.com\/hu\/#website\"},\"datePublished\":\"2018-04-16T10:56:06+00:00\",\"dateModified\":\"2022-07-06T16:34:14+00:00\",\"description\":\"J\u00e1t\u00e9k S\u00f3k \u00e9s f\u00fcrd\u0151bomb\u00e1k laborat\u00f3rium - EduScience oktat\u00e1si j\u00e1t\u00e9k\",\"breadcrumb\":{\"@id\":\"https:\/\/business.roovi.com\/hu\/jatek-sok-es-furdobombak-laboratorium-eduscience-oktatasi-jatek\/p\/#breadcrumb\"},\"inLanguage\":\"hu\",\"potentialAction\":[{\"@type\":\"ReadAction\",\"target\":[\"https:\/\/business.roovi.com\/hu\/jatek-sok-es-furdobombak-laboratorium-eduscience-oktatasi-jatek\/p\/\"]}]},{\"@type\":\"BreadcrumbList\",\"@id\":\"https:\/\/business.roovi.com\/hu\/jatek-sok-es-furdobombak-laboratorium-eduscience-oktatasi-jatek\/p\/#breadcrumb\",\"itemListElement\":[{\"@type\":\"ListItem\",\"position\":1,\"name\":\"Home\",\"item\":\"https:\/\/business.roovi.com\/hu\/\"},{\"@type\":\"ListItem\",\"position\":2,\"name\":\"Shop\",\"item\":\"https:\/\/business.roovi.com\/hu\/shop\/\"},{\"@type\":\"ListItem\",\"position\":3,\"name\":\"J\u00e1t\u00e9k S\u00f3k \u00e9s f\u00fcrd\u0151bomb\u00e1k laborat\u00f3rium &#8211; EduScience oktat\u00e1si j\u00e1t\u00e9k\"}]},{\"@type\":\"WebSite\",\"@id\":\"https:\/\/business.roovi.com\/hu\/#website\",\"url\":\"https:\/\/business.roovi.com\/hu\/\",\"name\":\"Roovi B2B\",\"description\":\"Roovi Business Website\",\"potentialAction\":[{\"@type\":\"SearchAction\",\"target\":{\"@type\":\"EntryPoint\",\"urlTemplate\":\"https:\/\/business.roovi.com\/hu\/?s={search_term_string}\"},\"query-input\":\"required name=search_term_string\"}],\"inLanguage\":\"hu\"}]}<\/script>\n<!-- \/ Yoast SEO plugin. -->","yoast_head_json":{"title":"J\u00e1t\u00e9k S\u00f3k \u00e9s f\u00fcrd\u0151bomb\u00e1k laborat\u00f3rium - EduScience oktat\u00e1si j\u00e1t\u00e9k","description":"J\u00e1t\u00e9k S\u00f3k \u00e9s f\u00fcrd\u0151bomb\u00e1k laborat\u00f3rium - EduScience oktat\u00e1si j\u00e1t\u00e9k","robots":{"index":"index","follow":"follow","max-snippet":"max-snippet:-1","max-image-preview":"max-image-preview:large","max-video-preview":"max-video-preview:-1"},"canonical":"https:\/\/business.roovi.com\/hu\/jatek-sok-es-furdobombak-laboratorium-eduscience-oktatasi-jatek\/p\/","og_locale":"hu_HU","og_type":"article","og_title":"J\u00e1t\u00e9k S\u00f3k \u00e9s f\u00fcrd\u0151bomb\u00e1k laborat\u00f3rium - EduScience oktat\u00e1si j\u00e1t\u00e9k","og_description":"J\u00e1t\u00e9k S\u00f3k \u00e9s f\u00fcrd\u0151bomb\u00e1k laborat\u00f3rium - EduScience oktat\u00e1si j\u00e1t\u00e9k","og_url":"https:\/\/business.roovi.com\/hu\/jatek-sok-es-furdobombak-laboratorium-eduscience-oktatasi-jatek\/p\/","og_site_name":"Roovi B2B","article_publisher":"https:\/\/www.facebook.com\/wwwjucariero","article_modified_time":"2022-07-06T16:34:14+00:00","og_image":[{"width":1200,"height":1200,"url":"https:\/\/business.roovi.com\/wp-content\/uploads\/2018\/04\/laboratorul_de_saruri_si_bombe.jpg","type":"image\/jpeg"}],"twitter_misc":{"Becs\u00fclt olvas\u00e1si id\u0151":"1 perc"},"schema":{"@context":"https:\/\/schema.org","@graph":[{"@type":"WebPage","@id":"https:\/\/business.roovi.com\/hu\/jatek-sok-es-furdobombak-laboratorium-eduscience-oktatasi-jatek\/p\/","url":"https:\/\/business.roovi.com\/hu\/jatek-sok-es-furdobombak-laboratorium-eduscience-oktatasi-jatek\/p\/","name":"J\u00e1t\u00e9k S\u00f3k \u00e9s f\u00fcrd\u0151bomb\u00e1k laborat\u00f3rium - EduScience oktat\u00e1si j\u00e1t\u00e9k","isPartOf":{"@id":"https:\/\/business.roovi.com\/hu\/#website"},"datePublished":"2018-04-16T10:56:06+00:00","dateModified":"2022-07-06T16:34:14+00:00","description":"J\u00e1t\u00e9k S\u00f3k \u00e9s f\u00fcrd\u0151bomb\u00e1k laborat\u00f3rium - EduScience oktat\u00e1si j\u00e1t\u00e9k","breadcrumb":{"@id":"https:\/\/business.roovi.com\/hu\/jatek-sok-es-furdobombak-laboratorium-eduscience-oktatasi-jatek\/p\/#breadcrumb"},"inLanguage":"hu","potentialAction":[{"@type":"ReadAction","target":["https:\/\/business.roovi.com\/hu\/jatek-sok-es-furdobombak-laboratorium-eduscience-oktatasi-jatek\/p\/"]}]},{"@type":"BreadcrumbList","@id":"https:\/\/business.roovi.com\/hu\/jatek-sok-es-furdobombak-laboratorium-eduscience-oktatasi-jatek\/p\/#breadcrumb","itemListElement":[{"@type":"ListItem","position":1,"name":"Home","item":"https:\/\/business.roovi.com\/hu\/"},{"@type":"ListItem","position":2,"name":"Shop","item":"https:\/\/business.roovi.com\/hu\/shop\/"},{"@type":"ListItem","position":3,"name":"J\u00e1t\u00e9k S\u00f3k \u00e9s f\u00fcrd\u0151bomb\u00e1k laborat\u00f3rium &#8211; EduScience oktat\u00e1si j\u00e1t\u00e9k"}]},{"@type":"WebSite","@id":"https:\/\/business.roovi.com\/hu\/#website","url":"https:\/\/business.roovi.com\/hu\/","name":"Roovi B2B","description":"Roovi Business Website","potentialAction":[{"@type":"SearchAction","target":{"@type":"EntryPoint","urlTemplate":"https:\/\/business.roovi.com\/hu\/?s={search_term_string}"},"query-input":"required name=search_term_string"}],"inLanguage":"hu"}]}},"_links":{"self":[{"href":"https:\/\/business.roovi.com\/hu\/wp-json\/wp\/v2\/product\/41223","targetHints":{"allow":["GET"]}}],"collection":[{"href":"https:\/\/business.roovi.com\/hu\/wp-json\/wp\/v2\/product"}],"about":[{"href":"https:\/\/business.roovi.com\/hu\/wp-json\/wp\/v2\/types\/product"}],"version-history":[{"count":0,"href":"https:\/\/business.roovi.com\/hu\/wp-json\/wp\/v2\/product\/41223\/revisions"}],"wp:featuredmedia":[{"embeddable":true,"href":"https:\/\/business.roovi.com\/hu\/wp-json\/wp\/v2\/media\/30022"}],"wp:attachment":[{"href":"https:\/\/business.roovi.com\/hu\/wp-json\/wp\/v2\/media?parent=41223"}],"wp:term":[{"taxonomy":"product_brand","embeddable":true,"href":"https:\/\/business.roovi.com\/hu\/wp-json\/wp\/v2\/product_brand?post=41223"},{"taxonomy":"product_cat","embeddable":true,"href":"https:\/\/business.roovi.com\/hu\/wp-json\/wp\/v2\/product_cat?post=41223"},{"taxonomy":"product_tag","embeddable":true,"href":"https:\/\/business.roovi.com\/hu\/wp-json\/wp\/v2\/product_tag?post=41223"}],"curies":[{"name":"wp","href":"https:\/\/api.w.org\/{rel}","templated":true}]}}