{"id":41347,"date":"2018-04-16T10:56:17","date_gmt":"2018-04-16T10:56:17","guid":{"rendered":"https:\/\/business.roovi.com\/puzzle-adulti-1000-piese-peisaje-de-noapte-neuschwanstein-germania\/p\/"},"modified":"2022-07-06T16:49:23","modified_gmt":"2022-07-06T16:49:23","slug":"felnott-1000-darabos-ejszakai-tajkep-puzzle-neuschwanstein-nemetorszag","status":"publish","type":"product","link":"https:\/\/business.roovi.com\/hu\/felnott-1000-darabos-ejszakai-tajkep-puzzle-neuschwanstein-nemetorszag\/p\/","title":{"rendered":"Feln\u0151tt 1000 darabos \u00e9jszakai t\u00e1jk\u00e9p puzzle &#8211; Neuschwanstein, N\u00e9metorsz\u00e1g"},"content":{"rendered":"<p><span style=\"font-weight: 400\">A Neuschwanstein-kast\u00e9lyt Richard Wagner zen\u00e9sz tisztelet\u00e9re \u00e9p\u00edtett\u00e9k, a k\u00f6zelm\u00faltban pedig Disney-filmek ihlet\u0151j\u00e9v\u00e9 v\u00e1lt <\/span><\/p>\n<p><span style=\"font-weight: 400\">A kast\u00e9ly \u00e9p\u00edt\u00e9s\u00e9t II. Ludwig bajor kir\u00e1ly rendelte meg. Szem\u00e9lyes visszavonul\u00e1sra v\u00e1gyott, k\u00fcl\u00f6n\u00f6sen akkor, amikor a poroszok elfoglalt\u00e1k a tartom\u00e1nyt, \u00e9s befoly\u00e1sa cs\u00f6kkent. Az uralkod\u00f3 mind\u00f6ssze 172 napig \u00e9lvezte munk\u00e1j\u00e1t. Rejt\u00e9lyes m\u00f3don meghalt, \u00e9s soha nem l\u00e1thatta a kast\u00e9ly befejez\u00e9s\u00e9t.<\/span><\/p>\n<p><span style=\"font-weight: 400\">Lesz\u00e1rmazottai 1886-ban bek\u00f6vetkezett hal\u00e1la ut\u00e1n megnyitott\u00e1k a kast\u00e9lyt a l\u00e1togat\u00f3k el\u0151tt. Ma N\u00e9metorsz\u00e1g egyik legn\u00e9pszer\u0171bb l\u00e1tv\u00e1nyoss\u00e1ga, amelyet \u00e9vente t\u00f6bb mint egymilli\u00f3 turista l\u00e1togat meg a vil\u00e1g minden t\u00e1j\u00e1r\u00f3l <\/span><\/p>\n<p><span style=\"font-weight: 400\">A var\u00e1zslatos term\u00e9szeti k\u00f6rnyezetben \u00e1ll\u00f3 impoz\u00e1ns \u00e9p\u00fclet l\u00e9legzetel\u00e1ll\u00edt\u00f3 l\u00e1tv\u00e1nyt ny\u00fajt, amely visszarep\u00edt az \u00e1lomszer\u0171 palot\u00e1kban \u00e9l\u0151 hercegek \u00e9s hercegn\u0151k id\u0151tlen mes\u00e9ibe.<\/span><\/p>\n<p><span style=\"font-weight: 400\">Az 1000 darabos Neuschwanstein-kast\u00e9ly puzzle est\u00e9nk\u00e9nt bepillant\u00e1st enged a fens\u00e9ges \u00e9p\u00fcletbe. A kiv\u00e9teles min\u0151s\u00e9g\u0171, prec\u00edzi\u00f3s v\u00e1g\u00e1s\u00fa, t\u00f6k\u00e9letesen illeszked\u0151 darabokb\u00f3l \u00e1ll\u00f3 kirak\u00f3 lehet\u0151v\u00e9 teszi, hogy a v\u00e1r leny\u0171g\u00f6z\u0151 \u00e9p\u00edt\u00e9szeti r\u00e9szleteinek kiv\u00e9teles k\u00e9p\u00e9t \u00f6sszerakja.<\/span><\/p>\n<p><strong>Mi\u00e9rt v\u00e1lassza az 1000 darabos puzzle \u00c9jszakai t\u00e1jak &#8211; Neuschwanstein kast\u00e9lyt?<\/strong><\/p>\n<p><span style=\"font-weight: 400\">Az 1000 darabos kirak\u00f3s j\u00e1t\u00e9kkal kikapcsol\u00f3dhatsz, \u00e9s felfedezheted a leny\u0171g\u00f6z\u0151 t\u00f6rt\u00e9nelm\u0171 \u00e9s egyedi szimb\u00f3lumokkal rendelkez\u0151 egyedi l\u00e1tnival\u00f3kat.<\/span><\/p>\n<p><span style=\"font-weight: 400\">1000 puzzle-darabb\u00f3l egy leny\u0171g\u00f6z\u0151 festm\u00e9nyt \u00e1ll\u00edthatsz \u00f6ssze, amelyet sok\u00e1ig csod\u00e1lhatsz.<\/span><\/p>\n<p><span style=\"font-weight: 400\">A v\u00e9gleges festm\u00e9ny m\u00e9rete 68 x 47 cm, \u00e9s keretbe helyezve az otthon b\u00e1rmelyik unalmas hely\u00e9t impoz\u00e1nss\u00e1 teszi.<\/span><\/p>\n<p><span style=\"font-weight: 400\">A puzzle-darabok kiv\u00e1l\u00f3 min\u0151s\u00e9g\u0171 kartonb\u00f3l k\u00e9sz\u00fcltek, \u00edgy a k\u00e9pet t\u00f6bbsz\u00f6r is \u00f6ssze\u00e1ll\u00edthatod, \u00e9s a festm\u00e9ny minden alkalommal hib\u00e1tlanul fog kin\u00e9zni.<\/span><\/p>\n<p><span style=\"font-weight: 400\">A kirak\u00f3sok f\u00e9lig f\u00e9nyes fel\u00fclet\u0171ek, \u00e9l\u00e9nk sz\u00ednekben, amelyek tiszt\u00e1n tartj\u00e1k a k\u00e9pet.<\/span><\/p>\n<p><span style=\"font-weight: 400\">A kirak\u00f3s j\u00e1t\u00e9kok gy\u00e1rt\u00e1s\u00e1hoz felhaszn\u00e1lt anyagok fenntarthat\u00f3ak \u00e9s \u00fajrahasznos\u00edthat\u00f3k.<\/span><\/p>\n<p><span style=\"font-weight: 400\">A rejtv\u00e9nyj\u00e1t\u00e9kok nagyszer\u0171 m\u00f3dja annak, hogy sz\u00e1mos olyan k\u00e9szs\u00e9get fejlessz\u00fcnk, amelyeket a mindennapi tev\u00e9kenys\u00e9gek sor\u00e1n haszn\u00e1lunk:<\/span><\/p>\n<ul>\n<li><span style=\"font-weight: 400\">Fejlesztik a r\u00e9szletekre val\u00f3 figyelmet \u00e9s a kitart\u00e1st.<\/span><\/li>\n<li><span style=\"font-weight: 400\">Ezek j\u00f3 gyakorlatot jelentenek a k\u00e9pzeletnek.<\/span><\/li>\n<li><span style=\"font-weight: 400\">Ezek edzik a mem\u00f3ri\u00e1t \u00e9s eg\u00e9szs\u00e9gesen tartj\u00e1k az agyat.<\/span><\/li>\n<li><span style=\"font-weight: 400\">Seg\u00edtenek abban, hogy hosszabb ideig koncentr\u00e1lhasson egy feladatra.<\/span><\/li>\n<li><span style=\"font-weight: 400\">Ezek j\u00f3 m\u00f3dja annak, hogy fejlessze a csapatmunka k\u00e9szs\u00e9g\u00e9t, amikor a szeretteivel egy\u00fctt \u00e1ll\u00edt \u00f6ssze k\u00e9peket.<\/span><\/li>\n<\/ul>\n<p><strong>Tudtad, hogy..<\/strong><\/p>\n<p><span style=\"font-weight: 400\">A neuschwansteini kast\u00e9ly k\u00fcl\u00f6nb\u00f6z\u0151 \u00e9p\u00edt\u00e9szeti st\u00edlusokban \u00e9p\u00fclt: rom\u00e1n, g\u00f3tikus \u00e9s biz\u00e1nci.<\/span><\/p>\n<p><span style=\"font-weight: 400\">Kir\u00e1ly <\/span><span style=\"font-weight: 400\">II. Lajosnak soha nem \u00e1llt sz\u00e1nd\u00e9k\u00e1ban, hogy ezt a kast\u00e9lyt a nagyk\u00f6z\u00f6ns\u00e9g sz\u00e1m\u00e1ra hozz\u00e1f\u00e9rhet\u0151v\u00e9 tegye.<\/span><\/p>\n<p><span style=\"font-weight: 400\">A kast\u00e9lyt a kir\u00e1ly saj\u00e1t p\u00e9nz\u00e9b\u0151l \u00e9p\u00edtett\u00e9k, an\u00e9lk\u00fcl, hogy k\u00f6zp\u00e9nzeket kellett volna ig\u00e9nybe vennie.<\/span><\/p>\n<p><span style=\"font-weight: 400\">Richard Wagner, a bar\u00e1tja <\/span><span style=\"font-weight: 400\"> <\/span><span style=\"font-weight: 400\">II. Lajos 1883-ban halt meg, \u00e9s soha nem l\u00e1togathatta meg a befejezett kast\u00e9lyt.<\/span><\/p>\n<p><span style=\"font-weight: 400\">T\u00e1voli elhelyezked\u00e9se miatt a kast\u00e9ly <\/span><span style=\"font-weight: 400\">Neuschwanstein mindk\u00e9t vil\u00e1gh\u00e1bor\u00fat nagyobb k\u00e1rok n\u00e9lk\u00fcl v\u00e9szelte \u00e1t<\/span><span style=\"font-weight: 400\">.<\/span><\/p>\n<p><strong>1000 darabos puzzle <\/strong><strong>Neuschwanstein kast\u00e9ly pihentet \u00e9s sok boldogs\u00e1got hoz \u00d6nnek<\/strong><\/p>\n<p><span style=\"font-weight: 400\">Az 1000 darabos puzzle Castle <\/span><span style=\"font-weight: 400\">A Neuschwanstein kast\u00e9lyban egy k\u00fcl\u00f6nleges \u00e9p\u00edt\u00e9szeti eml\u00e9km\u0171vet rakhatsz \u00f6ssze darabr\u00f3l darabra, egyed\u00fcl vagy olyan szeretteiddel, akik osztoznak a szenved\u00e9lyedben.<\/span><\/p>\n<p><span style=\"font-weight: 400\">Mik\u00f6zben ezen a k\u00fcl\u00f6nleges kirak\u00f3s j\u00e1t\u00e9kon dolgozik, agya t\u00f6bb dopamint v\u00e1laszt ki, azt a neurotranszmittert, amely sz\u00e1mos k\u00fcl\u00f6nb\u00f6z\u0151 tev\u00e9kenys\u00e9gben vesz r\u00e9szt, p\u00e9ld\u00e1ul az izommozg\u00e1sok ir\u00e1ny\u00edt\u00e1s\u00e1ban vagy a hangulat jav\u00edt\u00e1s\u00e1ban. Min\u00e9l k\u00f6zelebb ker\u00fclsz a v\u00e9g\u00e9hez, ann\u00e1l optimist\u00e1bbnak \u00e9rzed magad. \u00c9s amikor \u00f6sszeragasztod az 1000 puzzle utols\u00f3 darabj\u00e1t, az el\u00e9gedetts\u00e9g \u00e9rz\u00e9se felbecs\u00fclhetetlen.<\/span><\/p>\n<p><span style=\"font-weight: 400\">Az alkot\u00e1s \u00e9s a puszta \u00f6r\u00f6m \u00e9lm\u00e9nye, az 1000 darabos kast\u00e9ly puzzle <\/span><span style=\"font-weight: 400\">A Neuschwanstein kast\u00e9ly t\u00f6k\u00e9letes v\u00e1laszt\u00e1s. A kirak\u00f3s j\u00e1t\u00e9kok \u00e1ltal leny\u0171g\u00f6z\u00f6tt bar\u00e1todat is kellemesen meglepheted, ha ezt a k\u00fcl\u00f6nleges kirak\u00f3s j\u00e1t\u00e9kot aj\u00e1nd\u00e9kozod neki.<\/span><\/p><\/p>\n","protected":false},"excerpt":{"rendered":"<p>A Neuschwanstein-kast\u00e9lyt Richard Wagner zen\u00e9sz tisztelet\u00e9re \u00e9p\u00edtett\u00e9k, a k\u00f6zelm\u00faltban pedig Disney-filmek ihlet\u0151j\u00e9v\u00e9 v\u00e1lt A kast\u00e9ly \u00e9p\u00edt\u00e9s\u00e9t II. Ludwig bajor kir\u00e1ly<\/p>\n","protected":false},"featured_media":33756,"template":"","meta":[],"product_brand":[],"product_cat":[1920,1919,1881],"product_tag":[],"class_list":{"0":"post-41347","1":"product","2":"type-product","3":"status-publish","4":"has-post-thumbnail","6":"product_cat-1000-darabos-kirakos-jatek","7":"product_cat-felnott-kirakos-jatekok","8":"product_cat-kirakos-jatekok","9":"pa_bax-10-hu","10":"pa_brand-d_toys-hu","11":"pa_country_of_manufacture-ro-hu","12":"pa_filter_age-14-hu","13":"pa_painter-night-landscapes-hu","14":"pa_tip_ambalaj-doboz","15":"pa_tip_puzzle-klasszikus","17":"first","18":"onbackorder","19":"taxable","20":"shipping-taxable","21":"product-type-simple"},"yoast_head":"<!-- This site is optimized with the Yoast SEO plugin v20.1 - https:\/\/yoast.com\/wordpress\/plugins\/seo\/ -->\n<title>Feln\u0151tt 1000 darabos \u00e9jszakai t\u00e1jk\u00e9p puzzle - Neuschwanstein, N\u00e9metorsz\u00e1g<\/title>\n<meta name=\"description\" content=\"Feln\u0151tt 1000 darabos \u00e9jszakai t\u00e1jk\u00e9p puzzle - Neuschwanstein, N\u00e9metorsz\u00e1g\" \/>\n<meta name=\"robots\" content=\"index, follow, max-snippet:-1, max-image-preview:large, max-video-preview:-1\" \/>\n<link rel=\"canonical\" href=\"https:\/\/business.roovi.com\/hu\/felnott-1000-darabos-ejszakai-tajkep-puzzle-neuschwanstein-nemetorszag\/p\/\" \/>\n<meta property=\"og:locale\" content=\"hu_HU\" \/>\n<meta property=\"og:type\" content=\"article\" \/>\n<meta property=\"og:title\" content=\"Feln\u0151tt 1000 darabos \u00e9jszakai t\u00e1jk\u00e9p puzzle - Neuschwanstein, N\u00e9metorsz\u00e1g\" \/>\n<meta property=\"og:description\" content=\"Feln\u0151tt 1000 darabos \u00e9jszakai t\u00e1jk\u00e9p puzzle - Neuschwanstein, N\u00e9metorsz\u00e1g\" \/>\n<meta property=\"og:url\" content=\"https:\/\/business.roovi.com\/hu\/felnott-1000-darabos-ejszakai-tajkep-puzzle-neuschwanstein-nemetorszag\/p\/\" \/>\n<meta property=\"og:site_name\" content=\"Roovi B2B\" \/>\n<meta property=\"article:publisher\" content=\"https:\/\/www.facebook.com\/wwwjucariero\" \/>\n<meta property=\"article:modified_time\" content=\"2022-07-06T16:49:23+00:00\" \/>\n<meta property=\"og:image\" content=\"https:\/\/business.roovi.com\/wp-content\/uploads\/2018\/04\/64301-07-ansamblu_dimensiuni-cutie-cm_orizontal.png\" \/>\n\t<meta property=\"og:image:width\" content=\"1000\" \/>\n\t<meta property=\"og:image:height\" content=\"1000\" \/>\n\t<meta property=\"og:image:type\" content=\"image\/png\" \/>\n<meta name=\"twitter:label1\" content=\"Becs\u00fclt olvas\u00e1si id\u0151\" \/>\n\t<meta name=\"twitter:data1\" content=\"4 perc\" \/>\n<script type=\"application\/ld+json\" class=\"yoast-schema-graph\">{\"@context\":\"https:\/\/schema.org\",\"@graph\":[{\"@type\":\"WebPage\",\"@id\":\"https:\/\/business.roovi.com\/hu\/felnott-1000-darabos-ejszakai-tajkep-puzzle-neuschwanstein-nemetorszag\/p\/\",\"url\":\"https:\/\/business.roovi.com\/hu\/felnott-1000-darabos-ejszakai-tajkep-puzzle-neuschwanstein-nemetorszag\/p\/\",\"name\":\"Feln\u0151tt 1000 darabos \u00e9jszakai t\u00e1jk\u00e9p puzzle - Neuschwanstein, N\u00e9metorsz\u00e1g\",\"isPartOf\":{\"@id\":\"https:\/\/business.roovi.com\/hu\/#website\"},\"datePublished\":\"2018-04-16T10:56:17+00:00\",\"dateModified\":\"2022-07-06T16:49:23+00:00\",\"description\":\"Feln\u0151tt 1000 darabos \u00e9jszakai t\u00e1jk\u00e9p puzzle - Neuschwanstein, N\u00e9metorsz\u00e1g\",\"breadcrumb\":{\"@id\":\"https:\/\/business.roovi.com\/hu\/felnott-1000-darabos-ejszakai-tajkep-puzzle-neuschwanstein-nemetorszag\/p\/#breadcrumb\"},\"inLanguage\":\"hu\",\"potentialAction\":[{\"@type\":\"ReadAction\",\"target\":[\"https:\/\/business.roovi.com\/hu\/felnott-1000-darabos-ejszakai-tajkep-puzzle-neuschwanstein-nemetorszag\/p\/\"]}]},{\"@type\":\"BreadcrumbList\",\"@id\":\"https:\/\/business.roovi.com\/hu\/felnott-1000-darabos-ejszakai-tajkep-puzzle-neuschwanstein-nemetorszag\/p\/#breadcrumb\",\"itemListElement\":[{\"@type\":\"ListItem\",\"position\":1,\"name\":\"Home\",\"item\":\"https:\/\/business.roovi.com\/hu\/\"},{\"@type\":\"ListItem\",\"position\":2,\"name\":\"Shop\",\"item\":\"https:\/\/business.roovi.com\/hu\/shop\/\"},{\"@type\":\"ListItem\",\"position\":3,\"name\":\"Feln\u0151tt 1000 darabos \u00e9jszakai t\u00e1jk\u00e9p puzzle &#8211; Neuschwanstein, N\u00e9metorsz\u00e1g\"}]},{\"@type\":\"WebSite\",\"@id\":\"https:\/\/business.roovi.com\/hu\/#website\",\"url\":\"https:\/\/business.roovi.com\/hu\/\",\"name\":\"Roovi B2B\",\"description\":\"Roovi Business Website\",\"potentialAction\":[{\"@type\":\"SearchAction\",\"target\":{\"@type\":\"EntryPoint\",\"urlTemplate\":\"https:\/\/business.roovi.com\/hu\/?s={search_term_string}\"},\"query-input\":\"required name=search_term_string\"}],\"inLanguage\":\"hu\"}]}<\/script>\n<!-- \/ Yoast SEO plugin. -->","yoast_head_json":{"title":"Feln\u0151tt 1000 darabos \u00e9jszakai t\u00e1jk\u00e9p puzzle - Neuschwanstein, N\u00e9metorsz\u00e1g","description":"Feln\u0151tt 1000 darabos \u00e9jszakai t\u00e1jk\u00e9p puzzle - Neuschwanstein, N\u00e9metorsz\u00e1g","robots":{"index":"index","follow":"follow","max-snippet":"max-snippet:-1","max-image-preview":"max-image-preview:large","max-video-preview":"max-video-preview:-1"},"canonical":"https:\/\/business.roovi.com\/hu\/felnott-1000-darabos-ejszakai-tajkep-puzzle-neuschwanstein-nemetorszag\/p\/","og_locale":"hu_HU","og_type":"article","og_title":"Feln\u0151tt 1000 darabos \u00e9jszakai t\u00e1jk\u00e9p puzzle - Neuschwanstein, N\u00e9metorsz\u00e1g","og_description":"Feln\u0151tt 1000 darabos \u00e9jszakai t\u00e1jk\u00e9p puzzle - Neuschwanstein, N\u00e9metorsz\u00e1g","og_url":"https:\/\/business.roovi.com\/hu\/felnott-1000-darabos-ejszakai-tajkep-puzzle-neuschwanstein-nemetorszag\/p\/","og_site_name":"Roovi B2B","article_publisher":"https:\/\/www.facebook.com\/wwwjucariero","article_modified_time":"2022-07-06T16:49:23+00:00","og_image":[{"width":1000,"height":1000,"url":"https:\/\/business.roovi.com\/wp-content\/uploads\/2018\/04\/64301-07-ansamblu_dimensiuni-cutie-cm_orizontal.png","type":"image\/png"}],"twitter_misc":{"Becs\u00fclt olvas\u00e1si id\u0151":"4 perc"},"schema":{"@context":"https:\/\/schema.org","@graph":[{"@type":"WebPage","@id":"https:\/\/business.roovi.com\/hu\/felnott-1000-darabos-ejszakai-tajkep-puzzle-neuschwanstein-nemetorszag\/p\/","url":"https:\/\/business.roovi.com\/hu\/felnott-1000-darabos-ejszakai-tajkep-puzzle-neuschwanstein-nemetorszag\/p\/","name":"Feln\u0151tt 1000 darabos \u00e9jszakai t\u00e1jk\u00e9p puzzle - Neuschwanstein, N\u00e9metorsz\u00e1g","isPartOf":{"@id":"https:\/\/business.roovi.com\/hu\/#website"},"datePublished":"2018-04-16T10:56:17+00:00","dateModified":"2022-07-06T16:49:23+00:00","description":"Feln\u0151tt 1000 darabos \u00e9jszakai t\u00e1jk\u00e9p puzzle - Neuschwanstein, N\u00e9metorsz\u00e1g","breadcrumb":{"@id":"https:\/\/business.roovi.com\/hu\/felnott-1000-darabos-ejszakai-tajkep-puzzle-neuschwanstein-nemetorszag\/p\/#breadcrumb"},"inLanguage":"hu","potentialAction":[{"@type":"ReadAction","target":["https:\/\/business.roovi.com\/hu\/felnott-1000-darabos-ejszakai-tajkep-puzzle-neuschwanstein-nemetorszag\/p\/"]}]},{"@type":"BreadcrumbList","@id":"https:\/\/business.roovi.com\/hu\/felnott-1000-darabos-ejszakai-tajkep-puzzle-neuschwanstein-nemetorszag\/p\/#breadcrumb","itemListElement":[{"@type":"ListItem","position":1,"name":"Home","item":"https:\/\/business.roovi.com\/hu\/"},{"@type":"ListItem","position":2,"name":"Shop","item":"https:\/\/business.roovi.com\/hu\/shop\/"},{"@type":"ListItem","position":3,"name":"Feln\u0151tt 1000 darabos \u00e9jszakai t\u00e1jk\u00e9p puzzle &#8211; Neuschwanstein, N\u00e9metorsz\u00e1g"}]},{"@type":"WebSite","@id":"https:\/\/business.roovi.com\/hu\/#website","url":"https:\/\/business.roovi.com\/hu\/","name":"Roovi B2B","description":"Roovi Business Website","potentialAction":[{"@type":"SearchAction","target":{"@type":"EntryPoint","urlTemplate":"https:\/\/business.roovi.com\/hu\/?s={search_term_string}"},"query-input":"required name=search_term_string"}],"inLanguage":"hu"}]}},"_links":{"self":[{"href":"https:\/\/business.roovi.com\/hu\/wp-json\/wp\/v2\/product\/41347","targetHints":{"allow":["GET"]}}],"collection":[{"href":"https:\/\/business.roovi.com\/hu\/wp-json\/wp\/v2\/product"}],"about":[{"href":"https:\/\/business.roovi.com\/hu\/wp-json\/wp\/v2\/types\/product"}],"version-history":[{"count":0,"href":"https:\/\/business.roovi.com\/hu\/wp-json\/wp\/v2\/product\/41347\/revisions"}],"wp:featuredmedia":[{"embeddable":true,"href":"https:\/\/business.roovi.com\/hu\/wp-json\/wp\/v2\/media\/33756"}],"wp:attachment":[{"href":"https:\/\/business.roovi.com\/hu\/wp-json\/wp\/v2\/media?parent=41347"}],"wp:term":[{"taxonomy":"product_brand","embeddable":true,"href":"https:\/\/business.roovi.com\/hu\/wp-json\/wp\/v2\/product_brand?post=41347"},{"taxonomy":"product_cat","embeddable":true,"href":"https:\/\/business.roovi.com\/hu\/wp-json\/wp\/v2\/product_cat?post=41347"},{"taxonomy":"product_tag","embeddable":true,"href":"https:\/\/business.roovi.com\/hu\/wp-json\/wp\/v2\/product_tag?post=41347"}],"curies":[{"name":"wp","href":"https:\/\/api.w.org\/{rel}","templated":true}]}}