{"id":41351,"date":"2018-04-16T10:56:17","date_gmt":"2018-04-16T10:56:17","guid":{"rendered":"https:\/\/business.roovi.com\/puzzle-adulti-1000-piese-peisaje-de-noapte-notre-dame\/p\/"},"modified":"2022-07-06T16:49:30","modified_gmt":"2022-07-06T16:49:30","slug":"1000-darabos-felnott-puzzle-ejszakai-tajak-notre-dame","status":"publish","type":"product","link":"https:\/\/business.roovi.com\/hu\/1000-darabos-felnott-puzzle-ejszakai-tajak-notre-dame\/p\/","title":{"rendered":"1000 darabos feln\u0151tt puzzle \u00c9jszakai t\u00e1jak &#8211; Notre Dame"},"content":{"rendered":"<p><span style=\"font-weight: 400\">Leny\u0171g\u00f6zik a h\u00edres l\u00e1tnival\u00f3k? Most m\u00e1r \u00f6r\u00f6kre meg\u0151rizheted 1000 darabos puzzle k\u00e9pekben azokat a csod\u00e1latos helyeket, ahol m\u00e1r j\u00e1rt\u00e1l, vagy amelyek a bakancslist\u00e1don vannak.<\/span><\/p>\n<p><span style=\"font-weight: 400\">Puzzle gy\u0171jtem\u00e9ny <\/span><em><span style=\"font-weight: 400\">\u00c9jszakai t\u00e1jak<\/span><\/em><span style=\"font-weight: 400\"> \u00e1lomszer\u0171 k\u00e9peket k\u00e9sz\u00edt a s\u00f6t\u00e9ted\u00e9s ut\u00e1n r\u00f6gz\u00edtett l\u00e1tnival\u00f3kr\u00f3l. Egy ilyen t\u00e9m\u00e1j\u00fa, 1000 darabos puzzle \u00f6ssze\u00e1ll\u00edt\u00e1sa egyfajta kikapcsol\u00f3d\u00e1si lehet\u0151s\u00e9g, mik\u00f6zben megismerkedhet\u00fcnk a t\u00f6bb sz\u00e1z \u00e9ves t\u00f6rt\u00e9nelemmel \u00e9s szimb\u00f3lumokkal \u00e1tsz\u0151tt gy\u00f6ny\u00f6r\u0171 helysz\u00ednekkel.<\/span><\/p>\n<p><span style=\"font-weight: 400\">Ha m\u00e1r j\u00e1rt a p\u00e1rizsi Notre-Dame sz\u00e9kesegyh\u00e1zban, vagy szeretne, de m\u00e9g nem volt r\u00e1 lehet\u0151s\u00e9ge, a Notre-Dame 1000 darabos puzzle lehet\u0151s\u00e9get ad arra, hogy otthon\u00e1ban, a saj\u00e1t mag\u00e1ny\u00e1ban csod\u00e1lhassa meg a csod\u00e1latos \u00e9p\u00fcletet egy kiv\u00e9teles, saj\u00e1t maga \u00e1ltal \u00f6ssze\u00e1ll\u00edthat\u00f3 k\u00e9pen.<\/span><\/p>\n<p><span style=\"font-weight: 400\">A francia g\u00f3tikus \u00e9p\u00edt\u00e9szet szimb\u00f3lum\u00e1nak tartott Notre-Dame-sz\u00e9kesegyh\u00e1z \u00e9vente turist\u00e1k milli\u00f3it vonzza. Az impoz\u00e1ns \u00e9p\u00fclet \u00e9p\u00edt\u00e9se a 12. sz\u00e1zadban kezd\u0151d\u00f6tt, \u00e9s k\u00f6r\u00fclbel\u00fcl 100 \u00e9vig tartott. T\u00f6rt\u00e9nelme sor\u00e1n jelent\u0151s k\u00e1rokat szenvedett, de \u00e1llva maradt, \u00e9s tov\u00e1bbra is csod\u00e1l\u00f3kat vonz a vil\u00e1g minden t\u00e1j\u00e1r\u00f3l.<\/span><\/p>\n<p><span style=\"font-weight: 400\">Az 1000 darabos Notre-Dame kirak\u00f3s j\u00e1t\u00e9k t\u00f6k\u00e9letes alkalom arra, hogy a sz\u00e9kesegyh\u00e1z \u00e9p\u00edt\u00e9szeti r\u00e9szleteit \u00e9s pomp\u00e1j\u00e1t nyugodtan megcsod\u00e1lhassa. Ezenk\u00edv\u00fcl az 1000 darabos puzzle dekor\u00e1ci\u00f3s elemk\u00e9nt is d\u00edsz\u00edtheti otthon\u00e1t.<\/span><\/p>\n<p><strong>Mi\u00e9rt v\u00e1lassza az 1000 darabos Nightscapes &#8211; Notre Dame puzzle-t?<\/strong><\/p>\n<p><span style=\"font-weight: 400\">Az 1000 darabos kirak\u00f3s j\u00e1t\u00e9k kikapcsol\u00f3d\u00e1st ny\u00fajt, \u00e9s lehet\u0151s\u00e9get ad a h\u00edres l\u00e1tnival\u00f3k szimb\u00f3lumainak felfedez\u00e9s\u00e9re.<\/span><\/p>\n<p><span style=\"font-weight: 400\">1000 puzzle-darabb\u00f3l egy leny\u0171g\u00f6z\u0151, 68 x 47 cm-es festm\u00e9nyt \u00e1ll\u00edthat \u00f6ssze, amely kifinomult hangulatot k\u00f6lcs\u00f6n\u00f6z otthon\u00e1nak.<\/span><\/p>\n<p><span style=\"font-weight: 400\">Az 1000 puzzle-darab kiv\u00e1l\u00f3 min\u0151s\u00e9g\u0171 kartonb\u00f3l k\u00e9sz\u00fclt, ami ellen\u00e1ll\u00f3v\u00e1 teszi a t\u00f6bbsz\u00f6ri \u00f6sszeszerel\u00e9ssel szemben.<\/span><\/p>\n<p><span style=\"font-weight: 400\">A kirak\u00f3s fel\u00fclet\u00e9n f\u00e9lig f\u00e9nyes, kellemes sz\u00ednekkel, amelyek kiemelik a k\u00e9p tisztas\u00e1g\u00e1t.<\/span><\/p>\n<p><span style=\"font-weight: 400\">A kirak\u00f3s k\u00e9szletek gy\u00e1rt\u00e1s\u00e1hoz felhaszn\u00e1lt anyagok fenntarthat\u00f3ak \u00e9s \u00fajrahasznos\u00edthat\u00f3k.<\/span><\/p>\n<p><span style=\"font-weight: 400\">Alkalmas 14 \u00e9ves kor felett, lehet\u0151s\u00e9g arra, hogy a tizen\u00e9ves gyerekekkel egy\u00fctt \u00e1ll\u00edts\u00e1tok \u00f6ssze.<\/span><\/p>\n<p><span style=\"font-weight: 400\">Egy 1000 darabos puzzle egy turisztikai l\u00e1tv\u00e1nyoss\u00e1g k\u00e9p\u00e9vel t\u00f6k\u00e9letes alkalom arra, hogy kiszakadj a mindennapi rutinb\u00f3l. R\u00e1ad\u00e1sul olyan csod\u00e1latos el\u0151ny\u00f6kkel j\u00e1r, mint p\u00e9ld\u00e1ul:<\/span><\/p>\n<ul>\n<li><span style=\"font-weight: 400\">Jav\u00edtja a r\u00e9szletekre val\u00f3 figyelmet \u00e9s a mem\u00f3ri\u00e1t.<\/span><\/li>\n<li><span style=\"font-weight: 400\">Seg\u00edt hosszabb ideig egyetlen feladatra koncentr\u00e1lni.<\/span><\/li>\n<li><span style=\"font-weight: 400\">Az agy mindk\u00e9t f\u00e9ltek\u00e9j\u00e9t edzi, \u00edgy teljes agyi edz\u00e9st jelent.<\/span><\/li>\n<li><span style=\"font-weight: 400\">Seg\u00edt ellazulni \u00e9s j\u00f3 \u00e9rz\u00e9st ad.<\/span><\/li>\n<\/ul>\n<p><strong>Tudtad, hogy&#8230;?<\/strong><\/p>\n<p><span style=\"font-weight: 400\">A h\u00edres sz\u00e9kesegyh\u00e1zat Sz\u0171z M\u00e1ri\u00e1nak szentelt\u00e9k, ez\u00e9rt is h\u00edvj\u00e1k \u00fagy <\/span><em><span style=\"font-weight: 400\">Notre Dame &#8211; Our Lady<\/span><\/em><span style=\"font-weight: 400\">.<\/span><\/p>\n<p><span style=\"font-weight: 400\">A Notre-Dame sz\u00e9kesegyh\u00e1z legjelent\u0151sebb harangja az Emmanuel nevet viseli, \u00e9s t\u00f6bb mint 13 tonn\u00e1t nyom.<\/span><\/p>\n<p><span style=\"font-weight: 400\">A Notre Dame-ban tal\u00e1lhat\u00f3 a kereszt\u00e9nys\u00e9g legikonikusabb szent erekly\u00e9i k\u00f6z\u00fcl n\u00e9h\u00e1ny: J\u00e9zus t\u00f6viskoron\u00e1ja, a kereszt egy r\u00e9sze \u00e9s J\u00e9zus keresztj\u00e9nek egy sz\u00f6ge <\/span><\/p>\n<p><span style=\"font-weight: 400\">A sz\u00e9kesegyh\u00e1zat Victor Hugo k\u00f6nyve mentette meg a lebont\u00e1st\u00f3l &#8211; <\/span><em><span style=\"font-weight: 400\">A Notre Dame-i p\u00fapos<\/span><\/em><span style=\"font-weight: 400\">. A k\u00f6nyv sikere 25 \u00e9ves restaur\u00e1l\u00e1si projektet ind\u00edtott el az 1830-ban m\u00e1r el\u0151rehaladott \u00e1llapotban l\u00e9v\u0151 m\u0171eml\u00e9k helyre\u00e1ll\u00edt\u00e1s\u00e1ra.<\/span><\/p>\n<p><span style=\"font-weight: 400\">A katedr\u00e1lis Edith Piaf, Franciaorsz\u00e1g egyik ikonikus m\u0171v\u00e9szn\u0151je sz\u00e1m\u00e1ra is ihletforr\u00e1s volt, aki az impoz\u00e1ns katedr\u00e1lis sz\u00e9ps\u00e9g\u00e9t \u00e9s nagys\u00e1g\u00e1t dics\u00e9ri a k\u00f6vetkez\u0151 dalban <\/span><em><span style=\"font-weight: 400\">Notre-Dame de Paris<\/span><\/em><span style=\"font-weight: 400\">.<\/span><\/p>\n<p><strong>Notre Dame 1000 darabos puzzle &#8211; mosolyg\u00f3s \u00e9s csal\u00e1di sz\u00f3rakoz\u00e1s<\/strong><\/p>\n<p><span style=\"font-weight: 400\">Szeretn\u00e9 megt\u00f6rni a napok monotonit\u00e1s\u00e1t, amikor a rossz id\u0151j\u00e1r\u00e1s bent tartja? Szervezzen kirak\u00f3s j\u00e1t\u00e9kid\u0151t a csal\u00e1dj\u00e1val vagy bar\u00e1ti t\u00e1rsas\u00e1g\u00e1val, \u00e9s t\u00f6ltsenek egy\u00fctt min\u0151s\u00e9gi id\u0151t <\/span><\/p>\n<p><span style=\"font-weight: 400\">Tal\u00e1lj ki innovat\u00edv strat\u00e9gi\u00e1kat, dolgozzatok csapatban \u00e9s ossz\u00e1tok meg a feladatokat, hogy a lehet\u0151 legr\u00f6videbb id\u0151 alatt befejezz\u00e9tek a Notre Dame 1000 darabos kirak\u00f3s k\u00e9p\u00e9t. Ez egy nagyszer\u0171 m\u00f3dja annak, hogy meger\u0151s\u00edts\u00fck a szeretteinkkel val\u00f3 kapcsolatokat \u00e9s megismerj\u00fck egym\u00e1st. R\u00e1ad\u00e1sul a sz\u00f3rakoz\u00e1s garant\u00e1lt, \u00e9s amikor \u00f6sszeragasztj\u00e1tok a kirak\u00f3s utols\u00f3 darabj\u00e1t, \u00e9lvezni fogj\u00e1tok, hogy egy\u00fctt \u00e9ritek el a k\u00f6z\u00f6s c\u00e9lt.<\/span><\/p>\n<p><span style=\"font-weight: 400\">V\u00e1lassza teh\u00e1t az 1000 darabos Notre Dame puzzle-t, hogy var\u00e1zslatos pillanatokat t\u00f6lthessen el szeretteivel, vagy hogy csiszolja kirak\u00f3s k\u00e9szs\u00e9geit. Bar\u00e1taidat is meg\u00f6rvendeztetheted, ha megaj\u00e1nd\u00e9kozod \u0151ket ezzel a feln\u0151tteknek sz\u00f3l\u00f3 kirak\u00f3s j\u00e1t\u00e9kkal az 1000 darabos kirak\u00f3s kollekci\u00f3b\u00f3l <\/span><em><span style=\"font-weight: 400\">\u00c9jszakai t\u00e1jak.<\/span><\/em><\/p><\/p>\n","protected":false},"excerpt":{"rendered":"<p>Leny\u0171g\u00f6zik a h\u00edres l\u00e1tnival\u00f3k? Most m\u00e1r \u00f6r\u00f6kre meg\u0151rizheted 1000 darabos puzzle k\u00e9pekben azokat a csod\u00e1latos helyeket, ahol m\u00e1r j\u00e1rt\u00e1l, vagy<\/p>\n","protected":false},"featured_media":33770,"template":"","meta":[],"product_brand":[],"product_cat":[1920,1919,1881],"product_tag":[],"class_list":{"0":"post-41351","1":"product","2":"type-product","3":"status-publish","4":"has-post-thumbnail","6":"product_cat-1000-darabos-kirakos-jatek","7":"product_cat-felnott-kirakos-jatekok","8":"product_cat-kirakos-jatekok","9":"pa_bax-10-hu","10":"pa_brand-d_toys-hu","11":"pa_country_of_manufacture-ro-hu","12":"pa_filter_age-14-hu","13":"pa_painter-night-landscapes-hu","14":"pa_tip_ambalaj-doboz","15":"pa_tip_puzzle-klasszikus","17":"first","18":"onbackorder","19":"taxable","20":"shipping-taxable","21":"product-type-simple"},"yoast_head":"<!-- This site is optimized with the Yoast SEO plugin v20.1 - https:\/\/yoast.com\/wordpress\/plugins\/seo\/ -->\n<title>1000 darabos feln\u0151tt puzzle \u00c9jszakai t\u00e1jak - Notre Dame<\/title>\n<meta name=\"description\" content=\"1000 darabos feln\u0151tt puzzle \u00c9jszakai t\u00e1jak - Notre Dame\" \/>\n<meta name=\"robots\" content=\"index, follow, max-snippet:-1, max-image-preview:large, max-video-preview:-1\" \/>\n<link rel=\"canonical\" href=\"https:\/\/business.roovi.com\/hu\/1000-darabos-felnott-puzzle-ejszakai-tajak-notre-dame\/p\/\" \/>\n<meta property=\"og:locale\" content=\"hu_HU\" \/>\n<meta property=\"og:type\" content=\"article\" \/>\n<meta property=\"og:title\" content=\"1000 darabos feln\u0151tt puzzle \u00c9jszakai t\u00e1jak - Notre Dame\" \/>\n<meta property=\"og:description\" content=\"1000 darabos feln\u0151tt puzzle \u00c9jszakai t\u00e1jak - Notre Dame\" \/>\n<meta property=\"og:url\" content=\"https:\/\/business.roovi.com\/hu\/1000-darabos-felnott-puzzle-ejszakai-tajak-notre-dame\/p\/\" \/>\n<meta property=\"og:site_name\" content=\"Roovi B2B\" \/>\n<meta property=\"article:publisher\" content=\"https:\/\/www.facebook.com\/wwwjucariero\" \/>\n<meta property=\"article:modified_time\" content=\"2022-07-06T16:49:30+00:00\" \/>\n<meta property=\"og:image\" content=\"https:\/\/business.roovi.com\/wp-content\/uploads\/2018\/04\/64301-08-ansamblu_dimensiuni-cutie-cm_orizontal.png\" \/>\n\t<meta property=\"og:image:width\" content=\"920\" \/>\n\t<meta property=\"og:image:height\" content=\"920\" \/>\n\t<meta property=\"og:image:type\" content=\"image\/png\" \/>\n<meta name=\"twitter:label1\" content=\"Becs\u00fclt olvas\u00e1si id\u0151\" \/>\n\t<meta name=\"twitter:data1\" content=\"4 perc\" \/>\n<script type=\"application\/ld+json\" class=\"yoast-schema-graph\">{\"@context\":\"https:\/\/schema.org\",\"@graph\":[{\"@type\":\"WebPage\",\"@id\":\"https:\/\/business.roovi.com\/hu\/1000-darabos-felnott-puzzle-ejszakai-tajak-notre-dame\/p\/\",\"url\":\"https:\/\/business.roovi.com\/hu\/1000-darabos-felnott-puzzle-ejszakai-tajak-notre-dame\/p\/\",\"name\":\"1000 darabos feln\u0151tt puzzle \u00c9jszakai t\u00e1jak - Notre Dame\",\"isPartOf\":{\"@id\":\"https:\/\/business.roovi.com\/hu\/#website\"},\"datePublished\":\"2018-04-16T10:56:17+00:00\",\"dateModified\":\"2022-07-06T16:49:30+00:00\",\"description\":\"1000 darabos feln\u0151tt puzzle \u00c9jszakai t\u00e1jak - Notre Dame\",\"breadcrumb\":{\"@id\":\"https:\/\/business.roovi.com\/hu\/1000-darabos-felnott-puzzle-ejszakai-tajak-notre-dame\/p\/#breadcrumb\"},\"inLanguage\":\"hu\",\"potentialAction\":[{\"@type\":\"ReadAction\",\"target\":[\"https:\/\/business.roovi.com\/hu\/1000-darabos-felnott-puzzle-ejszakai-tajak-notre-dame\/p\/\"]}]},{\"@type\":\"BreadcrumbList\",\"@id\":\"https:\/\/business.roovi.com\/hu\/1000-darabos-felnott-puzzle-ejszakai-tajak-notre-dame\/p\/#breadcrumb\",\"itemListElement\":[{\"@type\":\"ListItem\",\"position\":1,\"name\":\"Home\",\"item\":\"https:\/\/business.roovi.com\/hu\/\"},{\"@type\":\"ListItem\",\"position\":2,\"name\":\"Shop\",\"item\":\"https:\/\/business.roovi.com\/hu\/shop\/\"},{\"@type\":\"ListItem\",\"position\":3,\"name\":\"1000 darabos feln\u0151tt puzzle \u00c9jszakai t\u00e1jak &#8211; Notre Dame\"}]},{\"@type\":\"WebSite\",\"@id\":\"https:\/\/business.roovi.com\/hu\/#website\",\"url\":\"https:\/\/business.roovi.com\/hu\/\",\"name\":\"Roovi B2B\",\"description\":\"Roovi Business Website\",\"potentialAction\":[{\"@type\":\"SearchAction\",\"target\":{\"@type\":\"EntryPoint\",\"urlTemplate\":\"https:\/\/business.roovi.com\/hu\/?s={search_term_string}\"},\"query-input\":\"required name=search_term_string\"}],\"inLanguage\":\"hu\"}]}<\/script>\n<!-- \/ Yoast SEO plugin. -->","yoast_head_json":{"title":"1000 darabos feln\u0151tt puzzle \u00c9jszakai t\u00e1jak - Notre Dame","description":"1000 darabos feln\u0151tt puzzle \u00c9jszakai t\u00e1jak - Notre Dame","robots":{"index":"index","follow":"follow","max-snippet":"max-snippet:-1","max-image-preview":"max-image-preview:large","max-video-preview":"max-video-preview:-1"},"canonical":"https:\/\/business.roovi.com\/hu\/1000-darabos-felnott-puzzle-ejszakai-tajak-notre-dame\/p\/","og_locale":"hu_HU","og_type":"article","og_title":"1000 darabos feln\u0151tt puzzle \u00c9jszakai t\u00e1jak - Notre Dame","og_description":"1000 darabos feln\u0151tt puzzle \u00c9jszakai t\u00e1jak - Notre Dame","og_url":"https:\/\/business.roovi.com\/hu\/1000-darabos-felnott-puzzle-ejszakai-tajak-notre-dame\/p\/","og_site_name":"Roovi B2B","article_publisher":"https:\/\/www.facebook.com\/wwwjucariero","article_modified_time":"2022-07-06T16:49:30+00:00","og_image":[{"width":920,"height":920,"url":"https:\/\/business.roovi.com\/wp-content\/uploads\/2018\/04\/64301-08-ansamblu_dimensiuni-cutie-cm_orizontal.png","type":"image\/png"}],"twitter_misc":{"Becs\u00fclt olvas\u00e1si id\u0151":"4 perc"},"schema":{"@context":"https:\/\/schema.org","@graph":[{"@type":"WebPage","@id":"https:\/\/business.roovi.com\/hu\/1000-darabos-felnott-puzzle-ejszakai-tajak-notre-dame\/p\/","url":"https:\/\/business.roovi.com\/hu\/1000-darabos-felnott-puzzle-ejszakai-tajak-notre-dame\/p\/","name":"1000 darabos feln\u0151tt puzzle \u00c9jszakai t\u00e1jak - Notre Dame","isPartOf":{"@id":"https:\/\/business.roovi.com\/hu\/#website"},"datePublished":"2018-04-16T10:56:17+00:00","dateModified":"2022-07-06T16:49:30+00:00","description":"1000 darabos feln\u0151tt puzzle \u00c9jszakai t\u00e1jak - Notre Dame","breadcrumb":{"@id":"https:\/\/business.roovi.com\/hu\/1000-darabos-felnott-puzzle-ejszakai-tajak-notre-dame\/p\/#breadcrumb"},"inLanguage":"hu","potentialAction":[{"@type":"ReadAction","target":["https:\/\/business.roovi.com\/hu\/1000-darabos-felnott-puzzle-ejszakai-tajak-notre-dame\/p\/"]}]},{"@type":"BreadcrumbList","@id":"https:\/\/business.roovi.com\/hu\/1000-darabos-felnott-puzzle-ejszakai-tajak-notre-dame\/p\/#breadcrumb","itemListElement":[{"@type":"ListItem","position":1,"name":"Home","item":"https:\/\/business.roovi.com\/hu\/"},{"@type":"ListItem","position":2,"name":"Shop","item":"https:\/\/business.roovi.com\/hu\/shop\/"},{"@type":"ListItem","position":3,"name":"1000 darabos feln\u0151tt puzzle \u00c9jszakai t\u00e1jak &#8211; Notre Dame"}]},{"@type":"WebSite","@id":"https:\/\/business.roovi.com\/hu\/#website","url":"https:\/\/business.roovi.com\/hu\/","name":"Roovi B2B","description":"Roovi Business Website","potentialAction":[{"@type":"SearchAction","target":{"@type":"EntryPoint","urlTemplate":"https:\/\/business.roovi.com\/hu\/?s={search_term_string}"},"query-input":"required name=search_term_string"}],"inLanguage":"hu"}]}},"_links":{"self":[{"href":"https:\/\/business.roovi.com\/hu\/wp-json\/wp\/v2\/product\/41351","targetHints":{"allow":["GET"]}}],"collection":[{"href":"https:\/\/business.roovi.com\/hu\/wp-json\/wp\/v2\/product"}],"about":[{"href":"https:\/\/business.roovi.com\/hu\/wp-json\/wp\/v2\/types\/product"}],"version-history":[{"count":0,"href":"https:\/\/business.roovi.com\/hu\/wp-json\/wp\/v2\/product\/41351\/revisions"}],"wp:featuredmedia":[{"embeddable":true,"href":"https:\/\/business.roovi.com\/hu\/wp-json\/wp\/v2\/media\/33770"}],"wp:attachment":[{"href":"https:\/\/business.roovi.com\/hu\/wp-json\/wp\/v2\/media?parent=41351"}],"wp:term":[{"taxonomy":"product_brand","embeddable":true,"href":"https:\/\/business.roovi.com\/hu\/wp-json\/wp\/v2\/product_brand?post=41351"},{"taxonomy":"product_cat","embeddable":true,"href":"https:\/\/business.roovi.com\/hu\/wp-json\/wp\/v2\/product_cat?post=41351"},{"taxonomy":"product_tag","embeddable":true,"href":"https:\/\/business.roovi.com\/hu\/wp-json\/wp\/v2\/product_tag?post=41351"}],"curies":[{"name":"wp","href":"https:\/\/api.w.org\/{rel}","templated":true}]}}