{"id":41355,"date":"2018-04-16T10:56:17","date_gmt":"2018-04-16T10:56:17","guid":{"rendered":"https:\/\/business.roovi.com\/puzzle-adulti-1000-piese-peisaje-de-noapte-praga\/p\/"},"modified":"2022-07-06T16:49:40","modified_gmt":"2022-07-06T16:49:40","slug":"1000-darab-felnott-puzzle-ejszakai-tajak-praga","status":"publish","type":"product","link":"https:\/\/business.roovi.com\/hu\/1000-darab-felnott-puzzle-ejszakai-tajak-praga\/p\/","title":{"rendered":"1000 darab feln\u0151tt puzzle \u00c9jszakai t\u00e1jak &#8211; Pr\u00e1ga"},"content":{"rendered":"<p><span style=\"font-weight: 400\">Szenved\u00e9lyesen szeretsz utazni \u00e9s kirak\u00f3s j\u00e1t\u00e9kokat j\u00e1tszani? Most itt a lehet\u0151s\u00e9g, hogy 1000 puzzle-darabb\u00f3l meg\u00e9p\u00edtsd a saj\u00e1t gy\u00f6ny\u00f6r\u0171 festm\u00e9nyedet a h\u00edres l\u00e1tnival\u00f3kr\u00f3l, amelyeket az esti \u00f3r\u00e1kban \u00f6r\u00f6k\u00edtett\u00e9l meg.<\/span><\/p>\n<p><span style=\"font-weight: 400\">A K\u00e1roly-h\u00edd a cseh f\u0151v\u00e1ros, Pr\u00e1ga egyik ikonikus k\u00e9pe. Este k\u00fcl\u00f6nleges l\u00e1tv\u00e1nyt ny\u00fajt az \u00f3v\u00e1rost a pr\u00e1gai v\u00e1rral \u00f6sszek\u00f6t\u0151 h\u00edd. 1000 darab pr\u00e1gai puzzle a gy\u0171jtem\u00e9nyb\u0151l <\/span><em><span style=\"font-weight: 400\">\u00c9jszakai t\u00e1jak<\/span><\/em><span style=\"font-weight: 400\"> reproduk\u00e1lja ezt a leny\u0171g\u00f6z\u0151 k\u00e9pet, amely minden utaz\u00e1srajong\u00f3 szem\u00e9t gy\u00f6ny\u00f6rk\u00f6dtetni fogja.  <\/span><\/p>\n<p><span style=\"font-weight: 400\">A K\u00e1roly-h\u00edd a pr\u00e1gai Moldva foly\u00f3n \u00edvel \u00e1t, \u00e9s 1357-t\u0151l \u00e9p\u00fclt IV. Eredetileg a k\u00f6vetkez\u0151 volt a neve <\/span><em><span style=\"font-weight: 400\">K\u0151h\u00edd<\/span><\/em><span style=\"font-weight: 400\"> \u00e9s csak 1870-ben vette fel a Carol nevet <\/span><\/p>\n<p><span style=\"font-weight: 400\">A h\u00edd m\u00e1gnesk\u00e9nt vonzza a turist\u00e1kat a vil\u00e1g minden t\u00e1j\u00e1r\u00f3l. Leny\u0171g\u00f6z\u0151 kil\u00e1t\u00e1s ny\u00edlik a Pr\u00e1gai V\u00e1rra \u00e9s a Moldva foly\u00f3ra, \u00e9s s\u00e9t\u00e1k \u00e9s felejthetetlen f\u00e9nyk\u00e9pek helysz\u00edne <\/span><\/p>\n<p><span style=\"font-weight: 400\">Ez\u00e9rt megh\u00edvjuk \u00d6nt egy k\u00e9pzeletbeli t\u00far\u00e1ra a h\u00edres K\u00e1roly h\u00eddon az 1000 darabos pr\u00e1gai puzzle j\u00e1t\u00e9kon kereszt\u00fcl. Az \u00f6sszeszerel\u00e9shez haszn\u00e1lhat egy hagyom\u00e1nyos doh\u00e1nyz\u00f3asztalt. A rekonstru\u00e1lt festm\u00e9ny m\u00e9rete 68 x 47 cm. Tegye a keretbe, \u00e9s n\u00e9zze meg k\u00f6zelebbr\u0151l ezt a t\u00f6rt\u00e9nelemmel \u00e9s szimb\u00f3lumokkal teli, \u00e1lomszer\u0171 helyet.<\/span><\/p>\n<p><strong>Mi\u00e9rt v\u00e1lassza az 1000 darabos Nightscapes &#8211; Prague puzzle-t?<\/strong><\/p>\n<p><span style=\"font-weight: 400\">Az 1000 darabos kirak\u00f3s j\u00e1t\u00e9k kikapcsol\u00f3d\u00e1st ny\u00fajt, \u00e9s lehet\u0151s\u00e9get ad a h\u00edres l\u00e1tnival\u00f3k felfedez\u00e9s\u00e9re.<\/span><\/p>\n<p><span style=\"font-weight: 400\">Egy gy\u00f6ny\u00f6r\u0171 k\u00e9pet kap, amellyel d\u00edsz\u00edtheti otthon\u00e1t.<\/span><\/p>\n<p><span style=\"font-weight: 400\">Az 1000 puzzle-darab kiv\u00e1l\u00f3 min\u0151s\u00e9g\u0171 k\u00e9k kartonb\u00f3l k\u00e9sz\u00fclt, amelyek t\u00f6k\u00e9letesen illeszkednek egym\u00e1shoz, m\u00e9g akkor is, ha sokszor rakod \u00f6ssze a k\u00e9pet.<\/span><\/p>\n<p><span style=\"font-weight: 400\">A kirak\u00f3sok fel\u00fclete f\u00e9lig f\u00e9nyes, kellemes sz\u00ednekben, amelyek kiemelik a k\u00e9p tisztas\u00e1g\u00e1t.<\/span><\/p>\n<p><span style=\"font-weight: 400\">A kirak\u00f3s j\u00e1t\u00e9kok gy\u00e1rt\u00e1s\u00e1hoz haszn\u00e1lt anyagok fenntarthat\u00f3ak \u00e9s \u00fajrahasznos\u00edthat\u00f3k.<\/span><\/p>\n<p><span style=\"font-weight: 400\">14 \u00e9v felettiek sz\u00e1m\u00e1ra alkalmas, \u00edgy lehet\u0151s\u00e9g van arra, hogy tizen\u00e9ves gyermekeivel egy\u00fctt \u00e1ll\u00edtsa \u00f6ssze.<\/span><\/p>\n<p><span style=\"font-weight: 400\">A kirak\u00f3s j\u00e1t\u00e9kok csod\u00e1latos m\u00f3don fejlesztik az olyan k\u00e9szs\u00e9geket, mint p\u00e9ld\u00e1ul:<\/span><\/p>\n<ul>\n<li><span style=\"font-weight: 400\">T\u00fcrelem<\/span><\/li>\n<li><span style=\"font-weight: 400\">Mem\u00f3ria<\/span><\/li>\n<li><span style=\"font-weight: 400\">Logikus gondolkod\u00e1s<\/span><\/li>\n<li><span style=\"font-weight: 400\">Figyelem a r\u00e9szletekre<\/span><\/li>\n<li><span style=\"font-weight: 400\">Kitart\u00e1s<\/span><\/li>\n<li><span style=\"font-weight: 400\">Koncentr\u00e1ci\u00f3s k\u00e9pess\u00e9g.<\/span><\/li>\n<\/ul>\n<p><strong>Tudtad, hogy&#8230;?<\/strong><\/p>\n<p><span style=\"font-weight: 400\">A pr\u00e1gai K\u00e1roly-h\u00edd 516 m\u00e9ter hossz\u00fa \u00e9s 3 toronnyal rendelkezik. Ezek k\u00f6z\u00fcl az \u00f3v\u00e1rosban tal\u00e1lhat\u00f3 tornyot tartj\u00e1k Eur\u00f3pa legszebb h\u00eddtorny\u00e1nak.<\/span><\/p>\n<p><span style=\"font-weight: 400\">A h\u00edd korl\u00e1tj\u00e1n 30 szobrot \u00e9s szoborcsoportot csod\u00e1lhat meg, amelyeket az id\u0151k sor\u00e1n, 1683-t\u00f3l kezdve helyeztek el. A legt\u00f6bbj\u00fck az id\u0151k sor\u00e1n elhaszn\u00e1l\u00f3dott, \u00e9s fokozatosan hasonl\u00f3 m\u00e1solatokkal v\u00e1ltott\u00e1k fel \u0151ket..  <\/span><\/p>\n<p><span style=\"font-weight: 400\">A v\u00e1rosi legend\u00e1k szerint ezt a hidat sz\u00e1mos szellem k\u00eds\u00e9rti.<\/span><\/p>\n<p><span style=\"font-weight: 400\">A h\u00edd sok\u00e1ig fontos k\u00f6zleked\u00e9si kapcsolat volt, egy id\u0151ben m\u00e9g villamos is k\u00f6zlekedett rajta.<\/span><\/p>\n<p><strong>1000 darab pr\u00e1gai puzzle &#8211; \u00e9rt\u00e9kes pillanatok a szeretteivel<\/strong><\/p>\n<p><span style=\"font-weight: 400\">Rossz az id\u0151, \u00e9s nem tudsz kimenni a szabadba? Az 1000 darabos pr\u00e1gai puzzle az \u00c9jszakai t\u00e1jak gy\u0171jtem\u00e9nyb\u0151l \u00e9rtelmet ad a szabadid\u0151dnek. T\u00f6lts\u00f6n el n\u00e9h\u00e1ny sz\u00f3rakoztat\u00f3 \u00e9s pihentet\u0151 \u00f3r\u00e1t a csal\u00e1d vagy a kedves bar\u00e1tok t\u00e1rsas\u00e1g\u00e1ban.<\/span><\/p>\n<p><span style=\"font-weight: 400\">Alkalmazzon \u00fajszer\u0171 strat\u00e9gi\u00e1kat, szervezze meg az \u00f6sszeszerel\u00e9si munk\u00e1t csapatokban, \u00e9s kezdjen mes\u00e9s k\u00e9pet alkotni. Olyanok vagytok, mint igazi nyomoz\u00f3k, akik nyomokat keresnek, hogy seg\u00edtsenek megoldani a leny\u0171g\u00f6z\u0151 pr\u00e1gai K\u00e1roly-h\u00edd rejt\u00e9ly\u00e9t. Ezzel a csod\u00e1latos kirak\u00f3s j\u00e1t\u00e9kkal gy\u00f6ny\u00f6r\u0171 \u00e9rzelmeket \u00e9lhetsz \u00e1t, \u00e9s er\u0151s\u00edtheted a kapcsolatotokat egym\u00e1ssal.<\/span><\/p>\n<p><span style=\"font-weight: 400\">Ak\u00e1r meg akarja t\u00f6rni a monotonit\u00e1st, \u00e9s sz\u00f3rakoztat\u00f3 \u00e9lm\u00e9nyben szeretn\u00e9 sz\u00f3rakoztatni szeretteit, ak\u00e1r szeretne n\u00e9h\u00e1ny \u00f3r\u00e1ra kikapcsol\u00f3dni, \u00e9s kreat\u00edvan elfoglalni az idej\u00e9t, az 1000 darabos pr\u00e1gai puzzle a megfelel\u0151 v\u00e1laszt\u00e1s.<\/span><\/p><\/p>\n","protected":false},"excerpt":{"rendered":"<p>Szenved\u00e9lyesen szeretsz utazni \u00e9s kirak\u00f3s j\u00e1t\u00e9kokat j\u00e1tszani? Most itt a lehet\u0151s\u00e9g, hogy 1000 puzzle-darabb\u00f3l meg\u00e9p\u00edtsd a saj\u00e1t gy\u00f6ny\u00f6r\u0171 festm\u00e9nyedet a<\/p>\n","protected":false},"featured_media":33784,"template":"","meta":[],"product_brand":[],"product_cat":[1920,1919,1881],"product_tag":[],"class_list":{"0":"post-41355","1":"product","2":"type-product","3":"status-publish","4":"has-post-thumbnail","6":"product_cat-1000-darabos-kirakos-jatek","7":"product_cat-felnott-kirakos-jatekok","8":"product_cat-kirakos-jatekok","9":"pa_bax-10-hu","10":"pa_brand-d_toys-hu","11":"pa_country_of_manufacture-ro-hu","12":"pa_filter_age-14-hu","13":"pa_painter-night-landscapes-hu","14":"pa_tip_ambalaj-doboz","15":"pa_tip_puzzle-klasszikus","17":"first","18":"instock","19":"taxable","20":"shipping-taxable","21":"product-type-simple"},"yoast_head":"<!-- This site is optimized with the Yoast SEO plugin v20.1 - https:\/\/yoast.com\/wordpress\/plugins\/seo\/ -->\n<title>1000 darab feln\u0151tt puzzle \u00c9jszakai t\u00e1jak - Pr\u00e1ga<\/title>\n<meta name=\"description\" content=\"1000 darab feln\u0151tt puzzle \u00c9jszakai t\u00e1jak - Pr\u00e1ga\" \/>\n<meta name=\"robots\" content=\"index, follow, max-snippet:-1, max-image-preview:large, max-video-preview:-1\" \/>\n<link rel=\"canonical\" href=\"https:\/\/business.roovi.com\/hu\/1000-darab-felnott-puzzle-ejszakai-tajak-praga\/p\/\" \/>\n<meta property=\"og:locale\" content=\"hu_HU\" \/>\n<meta property=\"og:type\" content=\"article\" \/>\n<meta property=\"og:title\" content=\"1000 darab feln\u0151tt puzzle \u00c9jszakai t\u00e1jak - Pr\u00e1ga\" \/>\n<meta property=\"og:description\" content=\"1000 darab feln\u0151tt puzzle \u00c9jszakai t\u00e1jak - Pr\u00e1ga\" \/>\n<meta property=\"og:url\" content=\"https:\/\/business.roovi.com\/hu\/1000-darab-felnott-puzzle-ejszakai-tajak-praga\/p\/\" \/>\n<meta property=\"og:site_name\" content=\"Roovi B2B\" \/>\n<meta property=\"article:publisher\" content=\"https:\/\/www.facebook.com\/wwwjucariero\" \/>\n<meta property=\"article:modified_time\" content=\"2022-07-06T16:49:40+00:00\" \/>\n<meta property=\"og:image\" content=\"https:\/\/business.roovi.com\/wp-content\/uploads\/2018\/04\/64301-09-ansamblu_dimensiuni-cutie-cm_orizontal.png\" \/>\n\t<meta property=\"og:image:width\" content=\"900\" \/>\n\t<meta property=\"og:image:height\" content=\"900\" \/>\n\t<meta property=\"og:image:type\" content=\"image\/png\" \/>\n<meta name=\"twitter:label1\" content=\"Becs\u00fclt olvas\u00e1si id\u0151\" \/>\n\t<meta name=\"twitter:data1\" content=\"4 perc\" \/>\n<script type=\"application\/ld+json\" class=\"yoast-schema-graph\">{\"@context\":\"https:\/\/schema.org\",\"@graph\":[{\"@type\":\"WebPage\",\"@id\":\"https:\/\/business.roovi.com\/hu\/1000-darab-felnott-puzzle-ejszakai-tajak-praga\/p\/\",\"url\":\"https:\/\/business.roovi.com\/hu\/1000-darab-felnott-puzzle-ejszakai-tajak-praga\/p\/\",\"name\":\"1000 darab feln\u0151tt puzzle \u00c9jszakai t\u00e1jak - Pr\u00e1ga\",\"isPartOf\":{\"@id\":\"https:\/\/business.roovi.com\/hu\/#website\"},\"datePublished\":\"2018-04-16T10:56:17+00:00\",\"dateModified\":\"2022-07-06T16:49:40+00:00\",\"description\":\"1000 darab feln\u0151tt puzzle \u00c9jszakai t\u00e1jak - Pr\u00e1ga\",\"breadcrumb\":{\"@id\":\"https:\/\/business.roovi.com\/hu\/1000-darab-felnott-puzzle-ejszakai-tajak-praga\/p\/#breadcrumb\"},\"inLanguage\":\"hu\",\"potentialAction\":[{\"@type\":\"ReadAction\",\"target\":[\"https:\/\/business.roovi.com\/hu\/1000-darab-felnott-puzzle-ejszakai-tajak-praga\/p\/\"]}]},{\"@type\":\"BreadcrumbList\",\"@id\":\"https:\/\/business.roovi.com\/hu\/1000-darab-felnott-puzzle-ejszakai-tajak-praga\/p\/#breadcrumb\",\"itemListElement\":[{\"@type\":\"ListItem\",\"position\":1,\"name\":\"Home\",\"item\":\"https:\/\/business.roovi.com\/hu\/\"},{\"@type\":\"ListItem\",\"position\":2,\"name\":\"Shop\",\"item\":\"https:\/\/business.roovi.com\/hu\/shop\/\"},{\"@type\":\"ListItem\",\"position\":3,\"name\":\"1000 darab feln\u0151tt puzzle \u00c9jszakai t\u00e1jak &#8211; Pr\u00e1ga\"}]},{\"@type\":\"WebSite\",\"@id\":\"https:\/\/business.roovi.com\/hu\/#website\",\"url\":\"https:\/\/business.roovi.com\/hu\/\",\"name\":\"Roovi B2B\",\"description\":\"Roovi Business Website\",\"potentialAction\":[{\"@type\":\"SearchAction\",\"target\":{\"@type\":\"EntryPoint\",\"urlTemplate\":\"https:\/\/business.roovi.com\/hu\/?s={search_term_string}\"},\"query-input\":\"required name=search_term_string\"}],\"inLanguage\":\"hu\"}]}<\/script>\n<!-- \/ Yoast SEO plugin. -->","yoast_head_json":{"title":"1000 darab feln\u0151tt puzzle \u00c9jszakai t\u00e1jak - Pr\u00e1ga","description":"1000 darab feln\u0151tt puzzle \u00c9jszakai t\u00e1jak - Pr\u00e1ga","robots":{"index":"index","follow":"follow","max-snippet":"max-snippet:-1","max-image-preview":"max-image-preview:large","max-video-preview":"max-video-preview:-1"},"canonical":"https:\/\/business.roovi.com\/hu\/1000-darab-felnott-puzzle-ejszakai-tajak-praga\/p\/","og_locale":"hu_HU","og_type":"article","og_title":"1000 darab feln\u0151tt puzzle \u00c9jszakai t\u00e1jak - Pr\u00e1ga","og_description":"1000 darab feln\u0151tt puzzle \u00c9jszakai t\u00e1jak - Pr\u00e1ga","og_url":"https:\/\/business.roovi.com\/hu\/1000-darab-felnott-puzzle-ejszakai-tajak-praga\/p\/","og_site_name":"Roovi B2B","article_publisher":"https:\/\/www.facebook.com\/wwwjucariero","article_modified_time":"2022-07-06T16:49:40+00:00","og_image":[{"width":900,"height":900,"url":"https:\/\/business.roovi.com\/wp-content\/uploads\/2018\/04\/64301-09-ansamblu_dimensiuni-cutie-cm_orizontal.png","type":"image\/png"}],"twitter_misc":{"Becs\u00fclt olvas\u00e1si id\u0151":"4 perc"},"schema":{"@context":"https:\/\/schema.org","@graph":[{"@type":"WebPage","@id":"https:\/\/business.roovi.com\/hu\/1000-darab-felnott-puzzle-ejszakai-tajak-praga\/p\/","url":"https:\/\/business.roovi.com\/hu\/1000-darab-felnott-puzzle-ejszakai-tajak-praga\/p\/","name":"1000 darab feln\u0151tt puzzle \u00c9jszakai t\u00e1jak - Pr\u00e1ga","isPartOf":{"@id":"https:\/\/business.roovi.com\/hu\/#website"},"datePublished":"2018-04-16T10:56:17+00:00","dateModified":"2022-07-06T16:49:40+00:00","description":"1000 darab feln\u0151tt puzzle \u00c9jszakai t\u00e1jak - Pr\u00e1ga","breadcrumb":{"@id":"https:\/\/business.roovi.com\/hu\/1000-darab-felnott-puzzle-ejszakai-tajak-praga\/p\/#breadcrumb"},"inLanguage":"hu","potentialAction":[{"@type":"ReadAction","target":["https:\/\/business.roovi.com\/hu\/1000-darab-felnott-puzzle-ejszakai-tajak-praga\/p\/"]}]},{"@type":"BreadcrumbList","@id":"https:\/\/business.roovi.com\/hu\/1000-darab-felnott-puzzle-ejszakai-tajak-praga\/p\/#breadcrumb","itemListElement":[{"@type":"ListItem","position":1,"name":"Home","item":"https:\/\/business.roovi.com\/hu\/"},{"@type":"ListItem","position":2,"name":"Shop","item":"https:\/\/business.roovi.com\/hu\/shop\/"},{"@type":"ListItem","position":3,"name":"1000 darab feln\u0151tt puzzle \u00c9jszakai t\u00e1jak &#8211; Pr\u00e1ga"}]},{"@type":"WebSite","@id":"https:\/\/business.roovi.com\/hu\/#website","url":"https:\/\/business.roovi.com\/hu\/","name":"Roovi B2B","description":"Roovi Business Website","potentialAction":[{"@type":"SearchAction","target":{"@type":"EntryPoint","urlTemplate":"https:\/\/business.roovi.com\/hu\/?s={search_term_string}"},"query-input":"required name=search_term_string"}],"inLanguage":"hu"}]}},"_links":{"self":[{"href":"https:\/\/business.roovi.com\/hu\/wp-json\/wp\/v2\/product\/41355","targetHints":{"allow":["GET"]}}],"collection":[{"href":"https:\/\/business.roovi.com\/hu\/wp-json\/wp\/v2\/product"}],"about":[{"href":"https:\/\/business.roovi.com\/hu\/wp-json\/wp\/v2\/types\/product"}],"version-history":[{"count":0,"href":"https:\/\/business.roovi.com\/hu\/wp-json\/wp\/v2\/product\/41355\/revisions"}],"wp:featuredmedia":[{"embeddable":true,"href":"https:\/\/business.roovi.com\/hu\/wp-json\/wp\/v2\/media\/33784"}],"wp:attachment":[{"href":"https:\/\/business.roovi.com\/hu\/wp-json\/wp\/v2\/media?parent=41355"}],"wp:term":[{"taxonomy":"product_brand","embeddable":true,"href":"https:\/\/business.roovi.com\/hu\/wp-json\/wp\/v2\/product_brand?post=41355"},{"taxonomy":"product_cat","embeddable":true,"href":"https:\/\/business.roovi.com\/hu\/wp-json\/wp\/v2\/product_cat?post=41355"},{"taxonomy":"product_tag","embeddable":true,"href":"https:\/\/business.roovi.com\/hu\/wp-json\/wp\/v2\/product_tag?post=41355"}],"curies":[{"name":"wp","href":"https:\/\/api.w.org\/{rel}","templated":true}]}}