{"id":41379,"date":"2018-04-16T10:56:17","date_gmt":"2018-04-16T10:56:17","guid":{"rendered":"https:\/\/business.roovi.com\/super-puzzle-copii-24-piese-basme-scufita-rosie\/p\/"},"modified":"2022-07-06T16:54:18","modified_gmt":"2022-07-06T16:54:18","slug":"piroska-puzzle-gyerek-puzzle-24-darab","status":"publish","type":"product","link":"https:\/\/business.roovi.com\/hu\/piroska-puzzle-gyerek-puzzle-24-darab\/p\/","title":{"rendered":"Piroska puzzle &#8211; Gyerek puzzle, 24 darab"},"content":{"rendered":"<p><span style=\"font-weight: 400\">Adjon lehet\u0151s\u00e9get gyermek\u00e9nek a felfedez\u00e9sre a j\u00e1t\u00e9kon kereszt\u00fcl, \u00e9s ismertesse meg vele a Grimm-mes\u00e9k leny\u0171g\u00f6z\u0151 vil\u00e1g\u00e1t egy gyermekkirak\u00f3 form\u00e1j\u00e1ban. Idilli t\u00e1jakat, sz\u00ednes \u00e9s vicces illusztr\u00e1ci\u00f3kat, valamint vid\u00e1m karaktereket fedezhetnek fel, amelyeket a kicsik azonnal megszeretnek <\/span><\/p>\n<p><span style=\"font-weight: 400\">Fedezd fel a gyermekkor egyik legkedveltebb mes\u00e9j\u00e9t, a Piroska c\u00edm\u0171 mes\u00e9t sz\u00ednes illusztr\u00e1ci\u00f3kkal \u00e9s nagym\u00e9ret\u0171 darabokkal ell\u00e1tott puzzle form\u00e1j\u00e1ban, amely m\u00e9g a kisebb gyerekek sz\u00e1m\u00e1ra is alkalmas, akik m\u00e9g csak gyakorolj\u00e1k a finommotoros k\u00e9szs\u00e9geket <\/span><\/p>\n<p><span style=\"font-weight: 400\">A mesebeli jeleneteket illusztr\u00e1l\u00f3 gyermekkirak\u00f3 t\u00f6bb mint j\u00e1t\u00e9k. T\u00f6k\u00e9letes alkalom lehet arra, hogy megvitassuk az emberi tulajdons\u00e1gokat, \u00e9rzelmeket, a k\u00fcl\u00f6nb\u00f6z\u0151 helyzetekben adott megfelel\u0151 reakci\u00f3kat, mik\u00f6zben a v\u00e9gs\u0151 k\u00e9pet darabr\u00f3l darabra kieg\u00e9sz\u00edtj\u00fck <\/span><\/p>\n<p><span style=\"font-weight: 400\">Ezenk\u00edv\u00fcl egy kirak\u00f3s j\u00e1t\u00e9k nagyon kellemes m\u00f3dja annak, hogy elszakadjon a mindennapi tev\u00e9kenys\u00e9gekt\u0151l, \u00e9s min\u0151s\u00e9gi id\u0151t t\u00f6lts\u00f6n a kicsikkel. Keresse meg egy\u00fctt a darabokat, illessze \u00f6ssze \u0151ket, hogy teljes legyen a k\u00e9p, sz\u00f3rakozzon, \u00e9s legyen igaz\u00e1n jelen a kicsik j\u00e1t\u00e9k\u00e1ban.<\/span><\/p>\n<p><span style=\"font-weight: 400\">V\u00e1lasszon gyermeke sz\u00e1m\u00e1ra egy \u00e9des t\u00f6rt\u00e9netet tartalmaz\u00f3 puzzle-t, egy j\u00e1t\u00e9kot, amely elk\u00eds\u00e9ri Pirosk\u00e1t az erd\u0151n kereszt\u00fcl a nagymama h\u00e1zik\u00f3j\u00e1ig.<\/span><\/p>\n<h2><span style=\"font-weight: 400\">Mi\u00e9rt v\u00e1lassza a Super Fairytale Kids Puzzle-t<\/span><\/h2>\n<ul>\n<li><span style=\"font-weight: 400\">Seg\u00edti a gyermekek kreativit\u00e1s\u00e1nak fejl\u0151d\u00e9s\u00e9t.<\/span><\/li>\n<li><span style=\"font-weight: 400\">A kirak\u00f3s j\u00e1t\u00e9k j\u00f3 mem\u00f3riatr\u00e9ner.<\/span><\/li>\n<li><span style=\"font-weight: 400\">Ez egy sz\u00f3rakoztat\u00f3 m\u00f3dja annak, hogy felid\u00e9zz\u00e9k a klasszikus mes\u00e9k jeleneteit, vagy megismerkedjenek vel\u00fck.<\/span><\/li>\n<li><span style=\"font-weight: 400\">Az egyes darabok egym\u00e1shoz illeszt\u00e9s\u00e9vel seg\u00edti a k\u00e9szs\u00e9gek fejleszt\u00e9s\u00e9t.<\/span><\/li>\n<li><span style=\"font-weight: 400\">A motoros k\u00e9szs\u00e9geket \u00e9s a szem-k\u00e9z koordin\u00e1ci\u00f3t edzi.<\/span><\/li>\n<li><span style=\"font-weight: 400\">Serkenti \u00e9s t\u00e1mogatja a koncentr\u00e1ci\u00f3t \u00e9s a j\u00e1t\u00e9kra val\u00f3 figyelmet.<\/span><\/li>\n<li><span style=\"font-weight: 400\">Ez pihentet\u0151 \u00e9s kikapcsol\u00f3.<\/span><\/li>\n<li><span style=\"font-weight: 400\">Fejleszti az \u00e9rz\u00e9kszervi koordin\u00e1ci\u00f3t \u00e9s a t\u00e1j\u00e9koz\u00f3d\u00e1st.<\/span><\/li>\n<li><span style=\"font-weight: 400\">Kis kezek sz\u00e1m\u00e1ra is alkalmas nagy darabokkal rendelkezik.<\/span><\/li>\n<li><span style=\"font-weight: 400\">T\u00f6bb el\u0151nye van, mint egy digit\u00e1lis j\u00e1t\u00e9knak, \u00e9s akt\u00edv kikapcsol\u00f3d\u00e1st ny\u00fajt a kicsiknek, ami t\u00e1vol tartja \u0151ket a k\u00e9perny\u0151kt\u0151l.<\/span><\/li>\n<\/ul>\n<h2><span style=\"font-weight: 400\">Fedezz fel egy szuper egyszer\u0171 kirak\u00f3t, amely kezd\u0151knek is alkalmas<\/span><\/h2>\n<p><span style=\"font-weight: 400\">Minden egyes puzzle vastag, kiv\u00e1l\u00f3 min\u0151s\u00e9g\u0171 kartonb\u00f3l k\u00e9sz\u00fcl, \u00edgy \u00fajra \u00e9s \u00fajra haszn\u00e1lhat\u00f3 an\u00e9lk\u00fcl, hogy a darabok elt\u00f6rn\u00e9nek vagy elvesz\u00edten\u00e9k alakjukat <\/span><\/p>\n<p><span style=\"font-weight: 400\">Az \u00e9l\u00e9nk sz\u00edn\u0171 k\u00e9pek a klasszikus gyermekmes\u00e9k kedvelt szerepl\u0151it \u00e1br\u00e1zolj\u00e1k, gondosan kidolgozott grafik\u00e1val \u00e9s aranyos, vid\u00e1m illusztr\u00e1ci\u00f3kkal, amelyeket a kicsik im\u00e1dnak.<\/span><\/p>\n<p><span style=\"font-weight: 400\">A 24 darab olyan m\u00e9ret\u0171 \u00e9s alak\u00fa, hogy a kisgyermekek k\u00f6nnyen meg tudj\u00e1k fogni \u00e9s elhelyezni, a v\u00e9gs\u0151 k\u00e9p pedig nagyvonal\u00faan nagym\u00e9ret\u0171, \u00edgy a kirak\u00f3s 42 x 28,8 cm-es.<\/span><\/p>\n<p><span style=\"font-weight: 400\">A gyerekek im\u00e1dnak \u00e9p\u00edteni, \u00e9s biztos, hogy szeretik majd darabr\u00f3l darabra rekonstru\u00e1lni a szeretett t\u00f6rt\u00e9neteket!<\/span><\/p>\n<p><span style=\"font-weight: 400\">Ha olyan j\u00e1t\u00e9kot keresel, amely egyszerre kreat\u00edv, akt\u00edv, mag\u00e1val ragad\u00f3 \u00e9s sz\u00f3rakoztat\u00f3, v\u00e1lassz egy mes\u00e9k illusztr\u00e1ci\u00f3ival ell\u00e1tott gyermekkirak\u00f3t.  <\/span><\/p><\/p>\n","protected":false},"excerpt":{"rendered":"<p>Adjon lehet\u0151s\u00e9get gyermek\u00e9nek a felfedez\u00e9sre a j\u00e1t\u00e9kon kereszt\u00fcl, \u00e9s ismertesse meg vele a Grimm-mes\u00e9k leny\u0171g\u00f6z\u0151 vil\u00e1g\u00e1t egy gyermekkirak\u00f3 form\u00e1j\u00e1ban. Idilli<\/p>\n","protected":false},"featured_media":33828,"template":"","meta":[],"product_brand":[],"product_cat":[1882,1981,1881],"product_tag":[],"class_list":{"0":"post-41379","1":"product","2":"type-product","3":"status-publish","4":"has-post-thumbnail","6":"product_cat-gyermek-rejtvenyek","7":"product_cat-kirakos-jatek","8":"product_cat-kirakos-jatekok","9":"pa_bax-10-hu","10":"pa_brand-d_toys-hu","11":"pa_filter_age-3_5-hu","12":"pa_filter_age-5_7-hu","13":"pa_tip_ambalaj-doboz","14":"pa_tip_puzzle-klasszikus","16":"first","17":"instock","18":"taxable","19":"shipping-taxable","20":"product-type-simple"},"yoast_head":"<!-- This site is optimized with the Yoast SEO plugin v20.1 - https:\/\/yoast.com\/wordpress\/plugins\/seo\/ -->\n<title>Piroska puzzle - Gyerek puzzle, 24 darab<\/title>\n<meta name=\"description\" content=\"Piroska puzzle - Gyerek puzzle, 24 darab\" \/>\n<meta name=\"robots\" content=\"index, follow, max-snippet:-1, max-image-preview:large, max-video-preview:-1\" \/>\n<link rel=\"canonical\" href=\"https:\/\/business.roovi.com\/hu\/piroska-puzzle-gyerek-puzzle-24-darab\/p\/\" \/>\n<meta property=\"og:locale\" content=\"hu_HU\" \/>\n<meta property=\"og:type\" content=\"article\" \/>\n<meta property=\"og:title\" content=\"Piroska puzzle - Gyerek puzzle, 24 darab\" \/>\n<meta property=\"og:description\" content=\"Piroska puzzle - Gyerek puzzle, 24 darab\" \/>\n<meta property=\"og:url\" content=\"https:\/\/business.roovi.com\/hu\/piroska-puzzle-gyerek-puzzle-24-darab\/p\/\" \/>\n<meta property=\"og:site_name\" content=\"Roovi B2B\" \/>\n<meta property=\"article:publisher\" content=\"https:\/\/www.facebook.com\/wwwjucariero\" \/>\n<meta property=\"article:modified_time\" content=\"2022-07-06T16:54:18+00:00\" \/>\n<meta property=\"og:image\" content=\"https:\/\/business.roovi.com\/wp-content\/uploads\/2018\/04\/60372_02.jpg\" \/>\n\t<meta property=\"og:image:width\" content=\"1200\" \/>\n\t<meta property=\"og:image:height\" content=\"1200\" \/>\n\t<meta property=\"og:image:type\" content=\"image\/jpeg\" \/>\n<meta name=\"twitter:label1\" content=\"Becs\u00fclt olvas\u00e1si id\u0151\" \/>\n\t<meta name=\"twitter:data1\" content=\"3 perc\" \/>\n<script type=\"application\/ld+json\" class=\"yoast-schema-graph\">{\"@context\":\"https:\/\/schema.org\",\"@graph\":[{\"@type\":\"WebPage\",\"@id\":\"https:\/\/business.roovi.com\/hu\/piroska-puzzle-gyerek-puzzle-24-darab\/p\/\",\"url\":\"https:\/\/business.roovi.com\/hu\/piroska-puzzle-gyerek-puzzle-24-darab\/p\/\",\"name\":\"Piroska puzzle - Gyerek puzzle, 24 darab\",\"isPartOf\":{\"@id\":\"https:\/\/business.roovi.com\/hu\/#website\"},\"datePublished\":\"2018-04-16T10:56:17+00:00\",\"dateModified\":\"2022-07-06T16:54:18+00:00\",\"description\":\"Piroska puzzle - Gyerek puzzle, 24 darab\",\"breadcrumb\":{\"@id\":\"https:\/\/business.roovi.com\/hu\/piroska-puzzle-gyerek-puzzle-24-darab\/p\/#breadcrumb\"},\"inLanguage\":\"hu\",\"potentialAction\":[{\"@type\":\"ReadAction\",\"target\":[\"https:\/\/business.roovi.com\/hu\/piroska-puzzle-gyerek-puzzle-24-darab\/p\/\"]}]},{\"@type\":\"BreadcrumbList\",\"@id\":\"https:\/\/business.roovi.com\/hu\/piroska-puzzle-gyerek-puzzle-24-darab\/p\/#breadcrumb\",\"itemListElement\":[{\"@type\":\"ListItem\",\"position\":1,\"name\":\"Home\",\"item\":\"https:\/\/business.roovi.com\/hu\/\"},{\"@type\":\"ListItem\",\"position\":2,\"name\":\"Shop\",\"item\":\"https:\/\/business.roovi.com\/hu\/shop\/\"},{\"@type\":\"ListItem\",\"position\":3,\"name\":\"Piroska puzzle &#8211; Gyerek puzzle, 24 darab\"}]},{\"@type\":\"WebSite\",\"@id\":\"https:\/\/business.roovi.com\/hu\/#website\",\"url\":\"https:\/\/business.roovi.com\/hu\/\",\"name\":\"Roovi B2B\",\"description\":\"Roovi Business Website\",\"potentialAction\":[{\"@type\":\"SearchAction\",\"target\":{\"@type\":\"EntryPoint\",\"urlTemplate\":\"https:\/\/business.roovi.com\/hu\/?s={search_term_string}\"},\"query-input\":\"required name=search_term_string\"}],\"inLanguage\":\"hu\"}]}<\/script>\n<!-- \/ Yoast SEO plugin. -->","yoast_head_json":{"title":"Piroska puzzle - Gyerek puzzle, 24 darab","description":"Piroska puzzle - Gyerek puzzle, 24 darab","robots":{"index":"index","follow":"follow","max-snippet":"max-snippet:-1","max-image-preview":"max-image-preview:large","max-video-preview":"max-video-preview:-1"},"canonical":"https:\/\/business.roovi.com\/hu\/piroska-puzzle-gyerek-puzzle-24-darab\/p\/","og_locale":"hu_HU","og_type":"article","og_title":"Piroska puzzle - Gyerek puzzle, 24 darab","og_description":"Piroska puzzle - Gyerek puzzle, 24 darab","og_url":"https:\/\/business.roovi.com\/hu\/piroska-puzzle-gyerek-puzzle-24-darab\/p\/","og_site_name":"Roovi B2B","article_publisher":"https:\/\/www.facebook.com\/wwwjucariero","article_modified_time":"2022-07-06T16:54:18+00:00","og_image":[{"width":1200,"height":1200,"url":"https:\/\/business.roovi.com\/wp-content\/uploads\/2018\/04\/60372_02.jpg","type":"image\/jpeg"}],"twitter_misc":{"Becs\u00fclt olvas\u00e1si id\u0151":"3 perc"},"schema":{"@context":"https:\/\/schema.org","@graph":[{"@type":"WebPage","@id":"https:\/\/business.roovi.com\/hu\/piroska-puzzle-gyerek-puzzle-24-darab\/p\/","url":"https:\/\/business.roovi.com\/hu\/piroska-puzzle-gyerek-puzzle-24-darab\/p\/","name":"Piroska puzzle - Gyerek puzzle, 24 darab","isPartOf":{"@id":"https:\/\/business.roovi.com\/hu\/#website"},"datePublished":"2018-04-16T10:56:17+00:00","dateModified":"2022-07-06T16:54:18+00:00","description":"Piroska puzzle - Gyerek puzzle, 24 darab","breadcrumb":{"@id":"https:\/\/business.roovi.com\/hu\/piroska-puzzle-gyerek-puzzle-24-darab\/p\/#breadcrumb"},"inLanguage":"hu","potentialAction":[{"@type":"ReadAction","target":["https:\/\/business.roovi.com\/hu\/piroska-puzzle-gyerek-puzzle-24-darab\/p\/"]}]},{"@type":"BreadcrumbList","@id":"https:\/\/business.roovi.com\/hu\/piroska-puzzle-gyerek-puzzle-24-darab\/p\/#breadcrumb","itemListElement":[{"@type":"ListItem","position":1,"name":"Home","item":"https:\/\/business.roovi.com\/hu\/"},{"@type":"ListItem","position":2,"name":"Shop","item":"https:\/\/business.roovi.com\/hu\/shop\/"},{"@type":"ListItem","position":3,"name":"Piroska puzzle &#8211; Gyerek puzzle, 24 darab"}]},{"@type":"WebSite","@id":"https:\/\/business.roovi.com\/hu\/#website","url":"https:\/\/business.roovi.com\/hu\/","name":"Roovi B2B","description":"Roovi Business Website","potentialAction":[{"@type":"SearchAction","target":{"@type":"EntryPoint","urlTemplate":"https:\/\/business.roovi.com\/hu\/?s={search_term_string}"},"query-input":"required name=search_term_string"}],"inLanguage":"hu"}]}},"_links":{"self":[{"href":"https:\/\/business.roovi.com\/hu\/wp-json\/wp\/v2\/product\/41379","targetHints":{"allow":["GET"]}}],"collection":[{"href":"https:\/\/business.roovi.com\/hu\/wp-json\/wp\/v2\/product"}],"about":[{"href":"https:\/\/business.roovi.com\/hu\/wp-json\/wp\/v2\/types\/product"}],"version-history":[{"count":0,"href":"https:\/\/business.roovi.com\/hu\/wp-json\/wp\/v2\/product\/41379\/revisions"}],"wp:featuredmedia":[{"embeddable":true,"href":"https:\/\/business.roovi.com\/hu\/wp-json\/wp\/v2\/media\/33828"}],"wp:attachment":[{"href":"https:\/\/business.roovi.com\/hu\/wp-json\/wp\/v2\/media?parent=41379"}],"wp:term":[{"taxonomy":"product_brand","embeddable":true,"href":"https:\/\/business.roovi.com\/hu\/wp-json\/wp\/v2\/product_brand?post=41379"},{"taxonomy":"product_cat","embeddable":true,"href":"https:\/\/business.roovi.com\/hu\/wp-json\/wp\/v2\/product_cat?post=41379"},{"taxonomy":"product_tag","embeddable":true,"href":"https:\/\/business.roovi.com\/hu\/wp-json\/wp\/v2\/product_tag?post=41379"}],"curies":[{"name":"wp","href":"https:\/\/api.w.org\/{rel}","templated":true}]}}