{"id":41387,"date":"2018-04-16T10:56:17","date_gmt":"2018-04-16T10:56:17","guid":{"rendered":"https:\/\/business.roovi.com\/puzzle-adulti-1000-piese-locuri-celebre-amsterdam\/p\/"},"modified":"2022-07-06T16:54:37","modified_gmt":"2022-07-06T16:54:37","slug":"felnott-1000-darabos-puzzle-hires-helyek-amszterdam","status":"publish","type":"product","link":"https:\/\/business.roovi.com\/hu\/felnott-1000-darabos-puzzle-hires-helyek-amszterdam\/p\/","title":{"rendered":"Feln\u0151tt 1000 darabos puzzle &#8211; H\u00edres helyek &#8211; Amszterdam"},"content":{"rendered":"<p><strong><em>A kirak\u00f3s j\u00e1t\u00e9kok felfedez\u0151 kalandot jelentenek az elm\u00e9dnek? Fedezd fel a H\u00edres helyek 1000 darabos kirak\u00f3s term\u00e9kcsal\u00e1dot, \u00e9s j\u00e1rd be a vil\u00e1g sz\u00e1mos ikonikus l\u00e1tnival\u00f3j\u00e1t.<\/em><\/strong><\/p>\n<p><span style=\"font-weight: 400\">Az 1000 darabos Amszterdam puzzle a holland f\u0151v\u00e1ros egyik ikonikus nevezetess\u00e9g\u00e9t \u00e1br\u00e1zolja: egy 18. sz\u00e1zadi kelet-indiai haj\u00f3 m\u00e1solat\u00e1t.<\/span><\/p>\n<p><span style=\"font-weight: 400\">Az Amszterdam kereskedelmi haj\u00f3k\u00e9nt haszn\u00e1lt haj\u00f3 1749-ben indult \u00fatnak. Alig 9 h\u00f3nappal k\u00e9s\u0151bb egy \u00e9szaki-tengeri viharban megsemmis\u00fclt. Az 1985 \u00e9s 1990 k\u00f6z\u00f6tt \u00e9p\u00fclt haj\u00f3 m\u00e1solata az amszterdami Tenger\u00e9szeti M\u00fazeumban l\u00e1that\u00f3.<\/span><\/p>\n<p><span style=\"font-weight: 400\">K\u00e9pzeld magad ennek a leny\u0171g\u00f6z\u0151 haj\u00f3nak az \u00e9p\u00edt\u00e9szek\u00e9nt, amelyet 1000 puzzle-darabb\u00f3l hozol l\u00e9tre. Azt\u00e1n s\u00f3v\u00e1rogva b\u00e1mulja a fens\u00e9ges remekm\u0171vet, amely visszarep\u00edti \u00d6nt az id\u0151ben, amikor a tehersz\u00e1ll\u00edt\u00e1s h\u00f3napokig tartott, \u00e9s a haj\u00f3k nem mindig \u00e9rtek biztons\u00e1gban c\u00e9lba.<\/span><\/p>\n<p><strong>Mi\u00e9rt v\u00e1lassza az 1000 darabos Amszterdam kirak\u00f3t a H\u00edres helyek kirak\u00f3s kollekci\u00f3b\u00f3l?<\/strong><\/p>\n<p><span style=\"font-weight: 400\">Ez egy pihentet\u0151 m\u00f3dja Amszterdam egyik legk\u00fcl\u00f6nlegesebb l\u00e1tnival\u00f3j\u00e1nak felfedez\u00e9s\u00e9hez.<\/span><\/p>\n<p><span style=\"font-weight: 400\">Saj\u00e1t kez\u0171leg k\u00e9sz\u00edtesz egy leny\u0171g\u00f6z\u0151, 68 x 47 cm-es k\u00e9pet, amellyel otthonodat d\u00edsz\u00edtheted.<\/span><\/p>\n<p><span style=\"font-weight: 400\">Mindegyik 1000 darabos puzzle kiv\u00e1l\u00f3 min\u0151s\u00e9g\u0171 kartonb\u00f3l k\u00e9sz\u00fclt, ami a darabokat t\u00f6bbsz\u00f6ri haszn\u00e1lat ut\u00e1n is tart\u00f3ss\u00e1 teszi.<\/span><\/p>\n<p><span style=\"font-weight: 400\">Term\u00e9szetbar\u00e1t, fenntarthat\u00f3 \u00e9s \u00fajrahasznos\u00edthat\u00f3 anyagokb\u00f3l k\u00e9sz\u00fclt.<\/span><\/p>\n<p><span style=\"font-weight: 400\">F\u00e9lf\u00e9nyes fel\u00fclet\u0171, kellemes sz\u00ednekkel rendelkezik, amelyek kiemelik a k\u00e9p tisztas\u00e1g\u00e1t.<\/span><\/p>\n<p><span style=\"font-weight: 400\">A j\u00e1t\u00e9k 14 \u00e9v felettiek sz\u00e1m\u00e1ra is alkalmas, \u00edgy a tizen\u00e9vesek kreativit\u00e1s\u00e1t is kih\u00edv\u00e1s el\u00e9 \u00e1ll\u00edthatod egy remek kirak\u00f3s j\u00e1t\u00e9kkal.<\/span><\/p>\n<p><span style=\"font-weight: 400\">A kirak\u00f3s j\u00e1t\u00e9k kih\u00edv\u00e1st jelent az intellektusodnak, \u00e9s kiv\u00e1l\u00f3 szellemi edz\u00e9s <\/span><\/p>\n<p><span style=\"font-weight: 400\">Seg\u00edt meg\u0151rizni a koordin\u00e1ci\u00f3t \u00e9s a koncentr\u00e1ci\u00f3s k\u00e9pess\u00e9get hossz\u00fa ideig <\/span><\/p>\n<p><span style=\"font-weight: 400\">Seg\u00edt jav\u00edtani a hangulatodat, \u00e9s el\u00e9gedetts\u00e9get ad, hogy el\u00e9rt\u00e9l egy konkr\u00e9t c\u00e9lt.<\/span><\/p>\n<p><strong>Tudtad, hogy&#8230;?<\/strong><\/p>\n<p><span style=\"font-weight: 400\">Az amszterdami haj\u00f3 t\u00f6lgyf\u00e1b\u00f3l \u00e9p\u00fclt.<\/span><\/p>\n<p><span style=\"font-weight: 400\">1969-ben a haj\u00f3 roncsait felfedezt\u00e9k a <\/span><span style=\"font-weight: 400\">Bulverhythe Bay az Egyes\u00fclt Kir\u00e1lys\u00e1gban, \u00e9s n\u00e9ha l\u00e1that\u00f3 ap\u00e1lykor.<\/span><\/p>\n<p><span style=\"font-weight: 400\">A haj\u00f3 rakom\u00e1nyt \u00e9s l\u00e1d\u00e1nyi ez\u00fcstp\u00e9nzeket sz\u00e1ll\u00edtott, amelyek ma t\u00f6bb milli\u00f3 eur\u00f3t \u00e9rn\u00e9nek.<\/span><\/p>\n<p><span style=\"font-weight: 400\">Amszterdamban mintegy 400 m\u00fazeum \u00e9s m\u0171v\u00e9szeti gal\u00e9ria tal\u00e1lhat\u00f3. Ezek k\u00f6z\u00f6tt vannak szokatlanok is, mint p\u00e9ld\u00e1ul a Szex, Hasis \u00e9s K\u00ednz\u00e1s M\u00fazeuma.<\/span><\/p>\n<p><strong>Amszterdam 1000 darabos puzzle a nyugodt \u00e9s edzett elm\u00e9\u00e9rt<\/strong><span style=\"font-weight: 400\"> <\/span><\/p>\n<p><span style=\"font-weight: 400\">Egy 1000 darabos kirak\u00f3s \u00f6ssze\u00e1ll\u00edt\u00e1sakor az elm\u00e9d rendk\u00edv\u00fcl koncentr\u00e1l a pontos c\u00e9lra, \u00e9s vigy\u00e1z, hogy ne hagyj ki egyetlen r\u00e9szletet sem, legyen az b\u00e1rmilyen apr\u00f3. Ahogy az 1000 darabos kirak\u00f3s k\u00e9p form\u00e1t \u00f6lt, egyre motiv\u00e1ltabb\u00e1 v\u00e1lik a feladat elv\u00e9gz\u00e9s\u00e9re. Ezzel egyidej\u0171leg ellazulsz \u00e9s elszakadsz a mindennapi probl\u00e9m\u00e1kt\u00f3l.<\/span><\/p>\n<p><span style=\"font-weight: 400\">\u00cdgy amikor az utols\u00f3 puzzle-darabk\u00e1t is beragasztod, ami teljess\u00e9 teszi a k\u00e9pet, csod\u00e1latos el\u00e9gedetts\u00e9g\u00e9rz\u00e9s ker\u00edt hatalm\u00e1ba, \u00e9s \u00fajra \u00e9s \u00fajra \u00e1t akarod \u00e9lni az \u00e9lm\u00e9nyt. Minden egyes kirak\u00f3s j\u00e1t\u00e9kkal, amit \u00f6sszeraksz, az agyad jobban edz\u0151dik \u00e9s a mem\u00f3ri\u00e1d \u00e9lesedik.<\/span><\/p>\n<p><span style=\"font-weight: 400\">Az 1000 darabos Amszterdam puzzle a Feln\u0151tt puzzle kollekci\u00f3b\u00f3l &#8211; H\u00edres helyek is lehet\u0151s\u00e9get adhat a szabadid\u0151 kreat\u00edv elt\u00f6lt\u00e9s\u00e9re a csal\u00e1ddal \u00e9s a bar\u00e1tokkal. B\u00e1rmelyik v\u00e1ltozatot is v\u00e1lasztja, az 1000 darabos amszterdami puzzle t\u00f6k\u00e9letes kirak\u00f3s j\u00e1t\u00e9k, amely nem hi\u00e1nyozhat otthon\u00e1b\u00f3l.<\/span><\/p><\/p>\n","protected":false},"excerpt":{"rendered":"<p>A kirak\u00f3s j\u00e1t\u00e9kok felfedez\u0151 kalandot jelentenek az elm\u00e9dnek? Fedezd fel a H\u00edres helyek 1000 darabos kirak\u00f3s term\u00e9kcsal\u00e1dot, \u00e9s j\u00e1rd be<\/p>\n","protected":false},"featured_media":33846,"template":"","meta":[],"product_brand":[],"product_cat":[1920,1919,1881],"product_tag":[],"class_list":{"0":"post-41387","1":"product","2":"type-product","3":"status-publish","4":"has-post-thumbnail","6":"product_cat-1000-darabos-kirakos-jatek","7":"product_cat-felnott-kirakos-jatekok","8":"product_cat-kirakos-jatekok","9":"pa_bax-10-hu","10":"pa_brand-d_toys-hu","11":"pa_country_of_manufacture-ro-hu","12":"pa_filter_age-14-hu","13":"pa_painter-hires-helyek","14":"pa_tip_ambalaj-doboz","15":"pa_tip_puzzle-klasszikus","17":"first","18":"instock","19":"taxable","20":"shipping-taxable","21":"product-type-simple"},"yoast_head":"<!-- This site is optimized with the Yoast SEO plugin v20.1 - https:\/\/yoast.com\/wordpress\/plugins\/seo\/ -->\n<title>Feln\u0151tt 1000 darabos puzzle - H\u00edres helyek - Amszterdam<\/title>\n<meta name=\"description\" content=\"Feln\u0151tt 1000 darabos puzzle - H\u00edres helyek - Amszterdam\" \/>\n<meta name=\"robots\" content=\"index, follow, max-snippet:-1, max-image-preview:large, max-video-preview:-1\" \/>\n<link rel=\"canonical\" href=\"https:\/\/business.roovi.com\/hu\/felnott-1000-darabos-puzzle-hires-helyek-amszterdam\/p\/\" \/>\n<meta property=\"og:locale\" content=\"hu_HU\" \/>\n<meta property=\"og:type\" content=\"article\" \/>\n<meta property=\"og:title\" content=\"Feln\u0151tt 1000 darabos puzzle - H\u00edres helyek - Amszterdam\" \/>\n<meta property=\"og:description\" content=\"Feln\u0151tt 1000 darabos puzzle - H\u00edres helyek - Amszterdam\" \/>\n<meta property=\"og:url\" content=\"https:\/\/business.roovi.com\/hu\/felnott-1000-darabos-puzzle-hires-helyek-amszterdam\/p\/\" \/>\n<meta property=\"og:site_name\" content=\"Roovi B2B\" \/>\n<meta property=\"article:publisher\" content=\"https:\/\/www.facebook.com\/wwwjucariero\" \/>\n<meta property=\"article:modified_time\" content=\"2022-07-06T16:54:37+00:00\" \/>\n<meta property=\"og:image\" content=\"https:\/\/business.roovi.com\/wp-content\/uploads\/2018\/04\/64288-04-ansamblu_dimensiuni-cutie-cm_vertical_1.png\" \/>\n\t<meta property=\"og:image:width\" content=\"1200\" \/>\n\t<meta property=\"og:image:height\" content=\"1200\" \/>\n\t<meta property=\"og:image:type\" content=\"image\/png\" \/>\n<meta name=\"twitter:label1\" content=\"Becs\u00fclt olvas\u00e1si id\u0151\" \/>\n\t<meta name=\"twitter:data1\" content=\"3 perc\" \/>\n<script type=\"application\/ld+json\" class=\"yoast-schema-graph\">{\"@context\":\"https:\/\/schema.org\",\"@graph\":[{\"@type\":\"WebPage\",\"@id\":\"https:\/\/business.roovi.com\/hu\/felnott-1000-darabos-puzzle-hires-helyek-amszterdam\/p\/\",\"url\":\"https:\/\/business.roovi.com\/hu\/felnott-1000-darabos-puzzle-hires-helyek-amszterdam\/p\/\",\"name\":\"Feln\u0151tt 1000 darabos puzzle - H\u00edres helyek - Amszterdam\",\"isPartOf\":{\"@id\":\"https:\/\/business.roovi.com\/hu\/#website\"},\"datePublished\":\"2018-04-16T10:56:17+00:00\",\"dateModified\":\"2022-07-06T16:54:37+00:00\",\"description\":\"Feln\u0151tt 1000 darabos puzzle - H\u00edres helyek - Amszterdam\",\"breadcrumb\":{\"@id\":\"https:\/\/business.roovi.com\/hu\/felnott-1000-darabos-puzzle-hires-helyek-amszterdam\/p\/#breadcrumb\"},\"inLanguage\":\"hu\",\"potentialAction\":[{\"@type\":\"ReadAction\",\"target\":[\"https:\/\/business.roovi.com\/hu\/felnott-1000-darabos-puzzle-hires-helyek-amszterdam\/p\/\"]}]},{\"@type\":\"BreadcrumbList\",\"@id\":\"https:\/\/business.roovi.com\/hu\/felnott-1000-darabos-puzzle-hires-helyek-amszterdam\/p\/#breadcrumb\",\"itemListElement\":[{\"@type\":\"ListItem\",\"position\":1,\"name\":\"Home\",\"item\":\"https:\/\/business.roovi.com\/hu\/\"},{\"@type\":\"ListItem\",\"position\":2,\"name\":\"Shop\",\"item\":\"https:\/\/business.roovi.com\/hu\/shop\/\"},{\"@type\":\"ListItem\",\"position\":3,\"name\":\"Feln\u0151tt 1000 darabos puzzle &#8211; H\u00edres helyek &#8211; Amszterdam\"}]},{\"@type\":\"WebSite\",\"@id\":\"https:\/\/business.roovi.com\/hu\/#website\",\"url\":\"https:\/\/business.roovi.com\/hu\/\",\"name\":\"Roovi B2B\",\"description\":\"Roovi Business Website\",\"potentialAction\":[{\"@type\":\"SearchAction\",\"target\":{\"@type\":\"EntryPoint\",\"urlTemplate\":\"https:\/\/business.roovi.com\/hu\/?s={search_term_string}\"},\"query-input\":\"required name=search_term_string\"}],\"inLanguage\":\"hu\"}]}<\/script>\n<!-- \/ Yoast SEO plugin. -->","yoast_head_json":{"title":"Feln\u0151tt 1000 darabos puzzle - H\u00edres helyek - Amszterdam","description":"Feln\u0151tt 1000 darabos puzzle - H\u00edres helyek - Amszterdam","robots":{"index":"index","follow":"follow","max-snippet":"max-snippet:-1","max-image-preview":"max-image-preview:large","max-video-preview":"max-video-preview:-1"},"canonical":"https:\/\/business.roovi.com\/hu\/felnott-1000-darabos-puzzle-hires-helyek-amszterdam\/p\/","og_locale":"hu_HU","og_type":"article","og_title":"Feln\u0151tt 1000 darabos puzzle - H\u00edres helyek - Amszterdam","og_description":"Feln\u0151tt 1000 darabos puzzle - H\u00edres helyek - Amszterdam","og_url":"https:\/\/business.roovi.com\/hu\/felnott-1000-darabos-puzzle-hires-helyek-amszterdam\/p\/","og_site_name":"Roovi B2B","article_publisher":"https:\/\/www.facebook.com\/wwwjucariero","article_modified_time":"2022-07-06T16:54:37+00:00","og_image":[{"width":1200,"height":1200,"url":"https:\/\/business.roovi.com\/wp-content\/uploads\/2018\/04\/64288-04-ansamblu_dimensiuni-cutie-cm_vertical_1.png","type":"image\/png"}],"twitter_misc":{"Becs\u00fclt olvas\u00e1si id\u0151":"3 perc"},"schema":{"@context":"https:\/\/schema.org","@graph":[{"@type":"WebPage","@id":"https:\/\/business.roovi.com\/hu\/felnott-1000-darabos-puzzle-hires-helyek-amszterdam\/p\/","url":"https:\/\/business.roovi.com\/hu\/felnott-1000-darabos-puzzle-hires-helyek-amszterdam\/p\/","name":"Feln\u0151tt 1000 darabos puzzle - H\u00edres helyek - Amszterdam","isPartOf":{"@id":"https:\/\/business.roovi.com\/hu\/#website"},"datePublished":"2018-04-16T10:56:17+00:00","dateModified":"2022-07-06T16:54:37+00:00","description":"Feln\u0151tt 1000 darabos puzzle - H\u00edres helyek - Amszterdam","breadcrumb":{"@id":"https:\/\/business.roovi.com\/hu\/felnott-1000-darabos-puzzle-hires-helyek-amszterdam\/p\/#breadcrumb"},"inLanguage":"hu","potentialAction":[{"@type":"ReadAction","target":["https:\/\/business.roovi.com\/hu\/felnott-1000-darabos-puzzle-hires-helyek-amszterdam\/p\/"]}]},{"@type":"BreadcrumbList","@id":"https:\/\/business.roovi.com\/hu\/felnott-1000-darabos-puzzle-hires-helyek-amszterdam\/p\/#breadcrumb","itemListElement":[{"@type":"ListItem","position":1,"name":"Home","item":"https:\/\/business.roovi.com\/hu\/"},{"@type":"ListItem","position":2,"name":"Shop","item":"https:\/\/business.roovi.com\/hu\/shop\/"},{"@type":"ListItem","position":3,"name":"Feln\u0151tt 1000 darabos puzzle &#8211; H\u00edres helyek &#8211; Amszterdam"}]},{"@type":"WebSite","@id":"https:\/\/business.roovi.com\/hu\/#website","url":"https:\/\/business.roovi.com\/hu\/","name":"Roovi B2B","description":"Roovi Business Website","potentialAction":[{"@type":"SearchAction","target":{"@type":"EntryPoint","urlTemplate":"https:\/\/business.roovi.com\/hu\/?s={search_term_string}"},"query-input":"required name=search_term_string"}],"inLanguage":"hu"}]}},"_links":{"self":[{"href":"https:\/\/business.roovi.com\/hu\/wp-json\/wp\/v2\/product\/41387","targetHints":{"allow":["GET"]}}],"collection":[{"href":"https:\/\/business.roovi.com\/hu\/wp-json\/wp\/v2\/product"}],"about":[{"href":"https:\/\/business.roovi.com\/hu\/wp-json\/wp\/v2\/types\/product"}],"version-history":[{"count":0,"href":"https:\/\/business.roovi.com\/hu\/wp-json\/wp\/v2\/product\/41387\/revisions"}],"wp:featuredmedia":[{"embeddable":true,"href":"https:\/\/business.roovi.com\/hu\/wp-json\/wp\/v2\/media\/33846"}],"wp:attachment":[{"href":"https:\/\/business.roovi.com\/hu\/wp-json\/wp\/v2\/media?parent=41387"}],"wp:term":[{"taxonomy":"product_brand","embeddable":true,"href":"https:\/\/business.roovi.com\/hu\/wp-json\/wp\/v2\/product_brand?post=41387"},{"taxonomy":"product_cat","embeddable":true,"href":"https:\/\/business.roovi.com\/hu\/wp-json\/wp\/v2\/product_cat?post=41387"},{"taxonomy":"product_tag","embeddable":true,"href":"https:\/\/business.roovi.com\/hu\/wp-json\/wp\/v2\/product_tag?post=41387"}],"curies":[{"name":"wp","href":"https:\/\/api.w.org\/{rel}","templated":true}]}}