{"id":41391,"date":"2018-04-16T10:56:17","date_gmt":"2018-04-16T10:56:17","guid":{"rendered":"https:\/\/business.roovi.com\/puzzle-adulti-1000-piese-locuri-celebre-sagrada-familia\/p\/"},"modified":"2022-07-06T16:54:46","modified_gmt":"2022-07-06T16:54:46","slug":"felnott-1000-darabos-puzzle-hires-helyek-sagrada-familia","status":"publish","type":"product","link":"https:\/\/business.roovi.com\/hu\/felnott-1000-darabos-puzzle-hires-helyek-sagrada-familia\/p\/","title":{"rendered":"Feln\u0151tt 1000 darabos puzzle &#8211; H\u00edres helyek &#8211; Sagrada Familia"},"content":{"rendered":"<p><strong><em>K\u00fcl\u00f6nleges aj\u00e1nd\u00e9kot keres, vagy tal\u00e1n szeretn\u00e9 el\u0171zni az unalmas napok unalm\u00e1t? Menj biztosra a Famous Places kollekci\u00f3 1000 darabos puzzle-j\u00e1val! <\/em><\/strong><\/p>\n<p><span style=\"font-weight: 400\">A Sagrada Familia l\u00e9legzetel\u00e1ll\u00edt\u00f3, ha szem\u00e9lyesen l\u00e1tod, \u00e9s akkor is, ha egy olyan kifog\u00e1stalan k\u00e9pen n\u00e9zed meg, mint amilyen a H\u00edres helyek gy\u0171jtem\u00e9ny 1000 darabos kirak\u00f3s j\u00e1t\u00e9k\u00e1ban tal\u00e1lhat\u00f3. Nagy odaad\u00e1ssal \u00e9s \u00fcgyess\u00e9ggel lehet\u0151s\u00e9ged van egy kiv\u00e9teles kirak\u00f3s j\u00e1t\u00e9k befejez\u00e9s\u00e9re, \u00e9s a h\u00edres katal\u00e1n katedr\u00e1lis k\u00e9p\u00e9nek kit\u00f6lt\u00e9s\u00e9re.<\/span><\/p>\n<p><span style=\"font-weight: 400\">Az \u00e9p\u00edt\u00e9sz  <\/span><span style=\"font-weight: 400\">Antonio Gaudi \u00e9lete utols\u00f3 15 \u00e9v\u00e9t kiz\u00e1r\u00f3lag ennek a projektnek szentelte, de soha nem siker\u00fclt befejeznie. A munka m\u00e9g folyamatban van, \u00e9s a projektben r\u00e9szt vev\u0151 \u00e9p\u00edt\u00e9szek rem\u00e9lik, hogy 2026-ra, Gaudi hal\u00e1l\u00e1nak 100. \u00e9vfordul\u00f3j\u00e1ra elk\u00e9sz\u00fcl.<\/span><\/p>\n<p><span style=\"font-weight: 400\">Az \u00e9p\u00edtkez\u00e9s els\u0151 \u00e9veiben Gaudi itt alap\u00edtott egy iskol\u00e1t, ahov\u00e1 a Sagrada Familia \u00e9p\u00edt\u00e9s\u00e9n dolgoz\u00f3 munk\u00e1sok gyermekei j\u00e1rtak. Ma a h\u00edres sz\u00e9kesegyh\u00e1zr\u00f3l sz\u00f3l\u00f3 ki\u00e1ll\u00edt\u00e1snak ad otthont.<\/span><\/p>\n<p><span style=\"font-weight: 400\">Rakd darabr\u00f3l darabra, \u00e9s faragj 1000 t\u00f6k\u00e9letesen v\u00e1gott darabb\u00f3l egy leny\u0171g\u00f6z\u0151 k\u00e9pet err\u0151l az ikonikus barcelonai nevezetess\u00e9gr\u0151l. Amikor a festm\u00e9ny elk\u00e9sz\u00fcl, v\u00e1gyakozva n\u00e9zheted a g\u00f3tikus \u00e9s szecesszi\u00f3s st\u00edlusok \u00f6tv\u00f6z\u00e9s\u00e9vel k\u00e9sz\u00fclt, a vil\u00e1gon egyed\u00fcl\u00e1ll\u00f3 remekm\u0171vet.<\/span><\/p>\n<p><strong>Mi\u00e9rt v\u00e1lasszon egy 1000 darabos puzzle-t a h\u00edres helyek gy\u0171jtem\u00e9ny\u00e9b\u0151l?<\/strong><\/p>\n<p><span style=\"font-weight: 400\">Az 1000 darabos puzzle eredeti m\u00f3dja annak, hogy felfedezd a vil\u00e1g egy-egy h\u00edres nevezetess\u00e9g\u00e9nek sz\u00e9ps\u00e9g\u00e9t \u00e9s egyedis\u00e9g\u00e9t.<\/span><\/p>\n<p><span style=\"font-weight: 400\">Egy leny\u0171g\u00f6z\u0151, 68 x 47 cm-es festm\u00e9nyt kapsz, amely szem\u00e9lyis\u00e9get k\u00f6lcs\u00f6n\u00f6z otthonod b\u00e1rmelyik unalmas hely\u00e9nek.<\/span><\/p>\n<p><span style=\"font-weight: 400\">Minden 1000 darabos puzzle kiv\u00e1l\u00f3 min\u0151s\u00e9g\u0171 kartonb\u00f3l k\u00e9sz\u00fcl, ami a darabok tart\u00f3ss\u00e1g\u00e1t t\u00f6bbsz\u00f6ri haszn\u00e1lat ut\u00e1n is biztos\u00edtja.<\/span><\/p>\n<p><span style=\"font-weight: 400\">Term\u00e9szetbar\u00e1t, mivel fenntarthat\u00f3 \u00e9s \u00fajrahasznos\u00edthat\u00f3 anyagokb\u00f3l k\u00e9sz\u00fclt.<\/span><\/p>\n<p><span style=\"font-weight: 400\">F\u00e9lf\u00e9nyes fel\u00fclet\u0171, kellemes sz\u00ednekkel rendelkezik, amelyek kiemelik a k\u00e9p tisztas\u00e1g\u00e1t.<\/span><\/p>\n<p><span style=\"font-weight: 400\">A program 14 \u00e9vesn\u00e9l id\u0151sebbek sz\u00e1m\u00e1ra alkalmas, \u00e9s lehet\u0151s\u00e9get ny\u00fajt arra, hogy min\u0151s\u00e9gi id\u0151t t\u00f6lts\u00f6n a tizen\u00e9vesekkel.<\/span><\/p>\n<p><span style=\"font-weight: 400\">Kiv\u00e1l\u00f3 agyi edz\u00e9s, seg\u00edt a mem\u00f3ria jav\u00edt\u00e1s\u00e1ban.<\/span><\/p>\n<p><span style=\"font-weight: 400\">Seg\u00edt meg\u0151rizni a koordin\u00e1ci\u00f3t \u00e9s a koncentr\u00e1ci\u00f3s k\u00e9pess\u00e9get hossz\u00fa ideig <\/span><\/p>\n<p><span style=\"font-weight: 400\">Remek hangulatot teremt, \u00e9s el\u00e9gedetts\u00e9ggel t\u00f6lti el, hogy el\u00e9rt egy konkr\u00e9t c\u00e9lt.<\/span><\/p>\n<p><strong>Tudtad, hogy&#8230;?<\/strong><\/p>\n<p><span style=\"font-weight: 400\">A Sagrada Familia 18 toronyb\u00f3l \u00e1ll majd. Jelenleg csak 9 k\u00e9sz\u00fclt el, a legmagasabb 138 m\u00e9teres.<\/span><\/p>\n<p><span style=\"font-weight: 400\">Kiz\u00e1r\u00f3lag adom\u00e1nyokb\u00f3l \u00e9p\u00fclt, ahogy Gaudi akarta, \u00e9s ez\u00e9rt tart ilyen sok\u00e1ig a befejez\u00e9se.<\/span><\/p>\n<p><span style=\"font-weight: 400\">Az 1936-os polg\u00e1rh\u00e1bor\u00fa alatt Gaudi sz\u00e1mos v\u00e1zlata \u00e9s terve megsemmis\u00fclt. Ezeket rekonstru\u00e1lt\u00e1k, de sokan \u00fagy v\u00e9lik, hogy a Sagrada Familia befejez\u00e9se ut\u00e1n nem \u00fagy fog kin\u00e9zni, ahogyan azt alkot\u00f3ja elk\u00e9pzelte.<\/span><\/p>\n<p><span style=\"font-weight: 400\">Gaudi \u00fagy v\u00e9lte, hogy a Sagrada Familia Isten isteni terve volt sz\u00e1m\u00e1ra, \u00e9s 40 \u00e9vet szentelt ennek a munk\u00e1nak.<\/span><\/p>\n<p><strong>Az 1000 darabos puzzle Sagrada Familia lev\u00e1laszt a k\u00e9perny\u0151kr\u0151l<\/strong><\/p>\n<p><span style=\"font-weight: 400\">Szeretn\u00e9l t\u00f6bb id\u0151t t\u00f6lteni a k\u00e9perny\u0151kt\u0151l t\u00e1vol, de amint eszedbe jut a mobiltelefonod, m\u00e1ris a virtu\u00e1lis vil\u00e1gba l\u00e9psz? A Sagrada Familia k\u00e9p\u00e9vel ell\u00e1tott 1000 darabos kirak\u00f3s \u00f6sszekapcsolja \u00d6nt \u00f6nmag\u00e1val, \u00e9s t\u00e1vol tartja a virtu\u00e1lis k\u00eds\u00e9rt\u00e9sekt\u0151l. Ha egyszer siker\u00fcl befejeznie a k\u00e9pet, az \u00f6nel\u00e9g\u00fclts\u00e9g p\u00e1ratlan \u00e1llapot\u00e1t \u00e9li \u00e1t, \u00e9s \u00fajra \u00e9s \u00fajra \u00e1t akarja \u00e9lni.<\/span><\/p>\n<p><span style=\"font-weight: 400\">Szeretteidet is bevonhatod ebbe a csod\u00e1latos tervbe. Szervezzen rejtv\u00e9nyfejt\u0151 foglalkoz\u00e1sokat gyermekeivel vagy bar\u00e1taival, \u00e9s \u00e9lvezze a val\u00f3di t\u00e1rsas\u00e1gi \u00e9letet val\u00f3di emberek t\u00e1rsas\u00e1g\u00e1ban <\/span><\/p>\n<p><span style=\"font-weight: 400\">V\u00e1lassza az 1000 darabos Sagrada Familia kirak\u00f3j\u00e1t\u00e9kot a h\u00edres helyeket \u00e1br\u00e1zol\u00f3 puzzle-j\u00e1t\u00e9kok gy\u0171jtem\u00e9ny\u00e9b\u0151l azokhoz az alkalmakhoz, amikor szellemi kih\u00edv\u00e1sokra v\u00e1gyik, vagy adja aj\u00e1nd\u00e9kba puzzle-rajong\u00f3 bar\u00e1tainak k\u00fcl\u00f6nb\u00f6z\u0151 \u00fcnnepi alkalmakkor.<\/span><\/p><\/p>\n","protected":false},"excerpt":{"rendered":"<p>K\u00fcl\u00f6nleges aj\u00e1nd\u00e9kot keres, vagy tal\u00e1n szeretn\u00e9 el\u0171zni az unalmas napok unalm\u00e1t? Menj biztosra a Famous Places kollekci\u00f3 1000 darabos puzzle-j\u00e1val!<\/p>\n","protected":false},"featured_media":33860,"template":"","meta":[],"product_brand":[],"product_cat":[1920,1919,1881],"product_tag":[],"class_list":{"0":"post-41391","1":"product","2":"type-product","3":"status-publish","4":"has-post-thumbnail","6":"product_cat-1000-darabos-kirakos-jatek","7":"product_cat-felnott-kirakos-jatekok","8":"product_cat-kirakos-jatekok","9":"pa_bax-10-hu","10":"pa_brand-d_toys-hu","11":"pa_country_of_manufacture-ro-hu","12":"pa_filter_age-14-hu","13":"pa_painter-hires-helyek","14":"pa_tip_ambalaj-doboz","15":"pa_tip_puzzle-klasszikus","17":"first","18":"instock","19":"taxable","20":"shipping-taxable","21":"product-type-simple"},"yoast_head":"<!-- This site is optimized with the Yoast SEO plugin v20.1 - https:\/\/yoast.com\/wordpress\/plugins\/seo\/ -->\n<title>Feln\u0151tt 1000 darabos puzzle - H\u00edres helyek - Sagrada Familia<\/title>\n<meta name=\"description\" content=\"Feln\u0151tt 1000 darabos puzzle - H\u00edres helyek - Sagrada Familia\" \/>\n<meta name=\"robots\" content=\"index, follow, max-snippet:-1, max-image-preview:large, max-video-preview:-1\" \/>\n<link rel=\"canonical\" href=\"https:\/\/business.roovi.com\/hu\/felnott-1000-darabos-puzzle-hires-helyek-sagrada-familia\/p\/\" \/>\n<meta property=\"og:locale\" content=\"hu_HU\" \/>\n<meta property=\"og:type\" content=\"article\" \/>\n<meta property=\"og:title\" content=\"Feln\u0151tt 1000 darabos puzzle - H\u00edres helyek - Sagrada Familia\" \/>\n<meta property=\"og:description\" content=\"Feln\u0151tt 1000 darabos puzzle - H\u00edres helyek - Sagrada Familia\" \/>\n<meta property=\"og:url\" content=\"https:\/\/business.roovi.com\/hu\/felnott-1000-darabos-puzzle-hires-helyek-sagrada-familia\/p\/\" \/>\n<meta property=\"og:site_name\" content=\"Roovi B2B\" \/>\n<meta property=\"article:publisher\" content=\"https:\/\/www.facebook.com\/wwwjucariero\" \/>\n<meta property=\"article:modified_time\" content=\"2022-07-06T16:54:46+00:00\" \/>\n<meta property=\"og:image\" content=\"https:\/\/business.roovi.com\/wp-content\/uploads\/2018\/04\/64288-06-ansamblu_dimensiuni-cutie-cm_vertical_1.png\" \/>\n\t<meta property=\"og:image:width\" content=\"1200\" \/>\n\t<meta property=\"og:image:height\" content=\"1200\" \/>\n\t<meta property=\"og:image:type\" content=\"image\/png\" \/>\n<meta name=\"twitter:label1\" content=\"Becs\u00fclt olvas\u00e1si id\u0151\" \/>\n\t<meta name=\"twitter:data1\" content=\"4 perc\" \/>\n<script type=\"application\/ld+json\" class=\"yoast-schema-graph\">{\"@context\":\"https:\/\/schema.org\",\"@graph\":[{\"@type\":\"WebPage\",\"@id\":\"https:\/\/business.roovi.com\/hu\/felnott-1000-darabos-puzzle-hires-helyek-sagrada-familia\/p\/\",\"url\":\"https:\/\/business.roovi.com\/hu\/felnott-1000-darabos-puzzle-hires-helyek-sagrada-familia\/p\/\",\"name\":\"Feln\u0151tt 1000 darabos puzzle - H\u00edres helyek - Sagrada Familia\",\"isPartOf\":{\"@id\":\"https:\/\/business.roovi.com\/hu\/#website\"},\"datePublished\":\"2018-04-16T10:56:17+00:00\",\"dateModified\":\"2022-07-06T16:54:46+00:00\",\"description\":\"Feln\u0151tt 1000 darabos puzzle - H\u00edres helyek - Sagrada Familia\",\"breadcrumb\":{\"@id\":\"https:\/\/business.roovi.com\/hu\/felnott-1000-darabos-puzzle-hires-helyek-sagrada-familia\/p\/#breadcrumb\"},\"inLanguage\":\"hu\",\"potentialAction\":[{\"@type\":\"ReadAction\",\"target\":[\"https:\/\/business.roovi.com\/hu\/felnott-1000-darabos-puzzle-hires-helyek-sagrada-familia\/p\/\"]}]},{\"@type\":\"BreadcrumbList\",\"@id\":\"https:\/\/business.roovi.com\/hu\/felnott-1000-darabos-puzzle-hires-helyek-sagrada-familia\/p\/#breadcrumb\",\"itemListElement\":[{\"@type\":\"ListItem\",\"position\":1,\"name\":\"Home\",\"item\":\"https:\/\/business.roovi.com\/hu\/\"},{\"@type\":\"ListItem\",\"position\":2,\"name\":\"Shop\",\"item\":\"https:\/\/business.roovi.com\/hu\/shop\/\"},{\"@type\":\"ListItem\",\"position\":3,\"name\":\"Feln\u0151tt 1000 darabos puzzle &#8211; H\u00edres helyek &#8211; Sagrada Familia\"}]},{\"@type\":\"WebSite\",\"@id\":\"https:\/\/business.roovi.com\/hu\/#website\",\"url\":\"https:\/\/business.roovi.com\/hu\/\",\"name\":\"Roovi B2B\",\"description\":\"Roovi Business Website\",\"potentialAction\":[{\"@type\":\"SearchAction\",\"target\":{\"@type\":\"EntryPoint\",\"urlTemplate\":\"https:\/\/business.roovi.com\/hu\/?s={search_term_string}\"},\"query-input\":\"required name=search_term_string\"}],\"inLanguage\":\"hu\"}]}<\/script>\n<!-- \/ Yoast SEO plugin. -->","yoast_head_json":{"title":"Feln\u0151tt 1000 darabos puzzle - H\u00edres helyek - Sagrada Familia","description":"Feln\u0151tt 1000 darabos puzzle - H\u00edres helyek - Sagrada Familia","robots":{"index":"index","follow":"follow","max-snippet":"max-snippet:-1","max-image-preview":"max-image-preview:large","max-video-preview":"max-video-preview:-1"},"canonical":"https:\/\/business.roovi.com\/hu\/felnott-1000-darabos-puzzle-hires-helyek-sagrada-familia\/p\/","og_locale":"hu_HU","og_type":"article","og_title":"Feln\u0151tt 1000 darabos puzzle - H\u00edres helyek - Sagrada Familia","og_description":"Feln\u0151tt 1000 darabos puzzle - H\u00edres helyek - Sagrada Familia","og_url":"https:\/\/business.roovi.com\/hu\/felnott-1000-darabos-puzzle-hires-helyek-sagrada-familia\/p\/","og_site_name":"Roovi B2B","article_publisher":"https:\/\/www.facebook.com\/wwwjucariero","article_modified_time":"2022-07-06T16:54:46+00:00","og_image":[{"width":1200,"height":1200,"url":"https:\/\/business.roovi.com\/wp-content\/uploads\/2018\/04\/64288-06-ansamblu_dimensiuni-cutie-cm_vertical_1.png","type":"image\/png"}],"twitter_misc":{"Becs\u00fclt olvas\u00e1si id\u0151":"4 perc"},"schema":{"@context":"https:\/\/schema.org","@graph":[{"@type":"WebPage","@id":"https:\/\/business.roovi.com\/hu\/felnott-1000-darabos-puzzle-hires-helyek-sagrada-familia\/p\/","url":"https:\/\/business.roovi.com\/hu\/felnott-1000-darabos-puzzle-hires-helyek-sagrada-familia\/p\/","name":"Feln\u0151tt 1000 darabos puzzle - H\u00edres helyek - Sagrada Familia","isPartOf":{"@id":"https:\/\/business.roovi.com\/hu\/#website"},"datePublished":"2018-04-16T10:56:17+00:00","dateModified":"2022-07-06T16:54:46+00:00","description":"Feln\u0151tt 1000 darabos puzzle - H\u00edres helyek - Sagrada Familia","breadcrumb":{"@id":"https:\/\/business.roovi.com\/hu\/felnott-1000-darabos-puzzle-hires-helyek-sagrada-familia\/p\/#breadcrumb"},"inLanguage":"hu","potentialAction":[{"@type":"ReadAction","target":["https:\/\/business.roovi.com\/hu\/felnott-1000-darabos-puzzle-hires-helyek-sagrada-familia\/p\/"]}]},{"@type":"BreadcrumbList","@id":"https:\/\/business.roovi.com\/hu\/felnott-1000-darabos-puzzle-hires-helyek-sagrada-familia\/p\/#breadcrumb","itemListElement":[{"@type":"ListItem","position":1,"name":"Home","item":"https:\/\/business.roovi.com\/hu\/"},{"@type":"ListItem","position":2,"name":"Shop","item":"https:\/\/business.roovi.com\/hu\/shop\/"},{"@type":"ListItem","position":3,"name":"Feln\u0151tt 1000 darabos puzzle &#8211; H\u00edres helyek &#8211; Sagrada Familia"}]},{"@type":"WebSite","@id":"https:\/\/business.roovi.com\/hu\/#website","url":"https:\/\/business.roovi.com\/hu\/","name":"Roovi B2B","description":"Roovi Business Website","potentialAction":[{"@type":"SearchAction","target":{"@type":"EntryPoint","urlTemplate":"https:\/\/business.roovi.com\/hu\/?s={search_term_string}"},"query-input":"required name=search_term_string"}],"inLanguage":"hu"}]}},"_links":{"self":[{"href":"https:\/\/business.roovi.com\/hu\/wp-json\/wp\/v2\/product\/41391","targetHints":{"allow":["GET"]}}],"collection":[{"href":"https:\/\/business.roovi.com\/hu\/wp-json\/wp\/v2\/product"}],"about":[{"href":"https:\/\/business.roovi.com\/hu\/wp-json\/wp\/v2\/types\/product"}],"version-history":[{"count":0,"href":"https:\/\/business.roovi.com\/hu\/wp-json\/wp\/v2\/product\/41391\/revisions"}],"wp:featuredmedia":[{"embeddable":true,"href":"https:\/\/business.roovi.com\/hu\/wp-json\/wp\/v2\/media\/33860"}],"wp:attachment":[{"href":"https:\/\/business.roovi.com\/hu\/wp-json\/wp\/v2\/media?parent=41391"}],"wp:term":[{"taxonomy":"product_brand","embeddable":true,"href":"https:\/\/business.roovi.com\/hu\/wp-json\/wp\/v2\/product_brand?post=41391"},{"taxonomy":"product_cat","embeddable":true,"href":"https:\/\/business.roovi.com\/hu\/wp-json\/wp\/v2\/product_cat?post=41391"},{"taxonomy":"product_tag","embeddable":true,"href":"https:\/\/business.roovi.com\/hu\/wp-json\/wp\/v2\/product_tag?post=41391"}],"curies":[{"name":"wp","href":"https:\/\/api.w.org\/{rel}","templated":true}]}}