{"id":41395,"date":"2018-04-16T10:56:17","date_gmt":"2018-04-16T10:56:17","guid":{"rendered":"https:\/\/business.roovi.com\/super-puzzle-copii-35-piese-basme-hansel-si-gretel\/p\/"},"modified":"2022-07-06T16:54:52","modified_gmt":"2022-07-06T16:54:52","slug":"super-puzzle-jancsi-es-juliska-kirakos-gyerekeknek-35-darabos-puzzle","status":"publish","type":"product","link":"https:\/\/business.roovi.com\/hu\/super-puzzle-jancsi-es-juliska-kirakos-gyerekeknek-35-darabos-puzzle\/p\/","title":{"rendered":"Super Puzzle Jancsi \u00e9s Juliska &#8211; kirak\u00f3s gyerekeknek, 35 darabos puzzle"},"content":{"rendered":"<p><span style=\"font-weight: 400\">K\u00e9szen \u00e1llsz arra, hogy gyermekeddel egy\u00fctt bel\u00e9pj a mes\u00e9k leny\u0171g\u00f6z\u0151 vil\u00e1g\u00e1ba, ahol m\u00e9zeskal\u00e1cs h\u00e1zik\u00f3k, boszork\u00e1nyok \u00e9s k\u00e9t testv\u00e9r mindig megtal\u00e1lja a m\u00f3dj\u00e1t, hogy egy\u00fctt maradjanak? A Jancsi \u00e9s Juliska a gyermekkor egyik legkedveltebb mes\u00e9je, amely tele van tanuls\u00e1gokkal \u00e9s \u00e9lett\u00f6rt\u00e9netekkel, amelyekre a kicsik egy \u00e9leten \u00e1t eml\u00e9kezni fognak <\/span><\/p>\n<p><span style=\"font-weight: 400\">A mes\u00e9kb\u0151l vett jeleneteket illusztr\u00e1l\u00f3 gyermekkirak\u00f3 nem csak j\u00e1t\u00e9k. T\u00f6k\u00e9letes alkalom lehet az emberi tulajdons\u00e1gok, a j\u00f3 \u00e9s kev\u00e9sb\u00e9 j\u00f3 viselked\u00e9sm\u00f3dok megbesz\u00e9l\u00e9s\u00e9re, \u00e9s ahogy a k\u00e9p kialakul, a gyerekek k\u00fcl\u00f6nb\u00f6z\u0151 t\u00e1rgyakat vagy t\u00e1jakat fedeznek fel, amelyek kieg\u00e9sz\u00edtik az eg\u00e9sz t\u00f6rt\u00e9net keret\u00e9t.<\/span><\/p>\n<p><span style=\"font-weight: 400\">Ak\u00e1rhogy is, b\u00e1tor\u00edtsd a k\u00e9pzelet\u00fcket, \u00e9s seg\u00edts nekik, hogy maguk \u00edrj\u00e1k \u00fajra a t\u00f6rt\u00e9neteket, darabr\u00f3l darabra, ahogyan \u0151k szeretn\u00e9k.  <\/span><\/p>\n<p><span style=\"font-weight: 400\">V\u00e1lasszon gyermeke sz\u00e1m\u00e1ra egy \u00e9des t\u00f6rt\u00e9netet tartalmaz\u00f3 kirak\u00f3st, egy j\u00e1t\u00e9kot, amely elk\u00eds\u00e9ri Jancsi \u00e9s Juliska boszork\u00e1ny m\u00e9zeskal\u00e1csh\u00e1z\u00e1ba.   <\/span><\/p>\n<h2><span style=\"font-weight: 400\">Mi\u00e9rt v\u00e1lassza a Super Fairytale Kids Puzzle-t<\/span><\/h2>\n<ul>\n<li><span style=\"font-weight: 400\">Seg\u00edti a gyermekek kreativit\u00e1s\u00e1nak fejl\u0151d\u00e9s\u00e9t.<\/span><\/li>\n<li><span style=\"font-weight: 400\">Ez egy sz\u00f3rakoztat\u00f3 m\u00f3dja annak, hogy felid\u00e9zz\u00e9k a klasszikus mes\u00e9k jeleneteit, vagy megismerkedjenek vel\u00fck.<\/span><\/li>\n<li><span style=\"font-weight: 400\">A kirak\u00f3s j\u00e1t\u00e9k j\u00f3 mem\u00f3riatr\u00e9ner.<\/span><\/li>\n<li><span style=\"font-weight: 400\">Az egyes darabok egym\u00e1shoz illeszt\u00e9s\u00e9vel seg\u00edti a k\u00e9szs\u00e9gek fejleszt\u00e9s\u00e9t.<\/span><\/li>\n<li><span style=\"font-weight: 400\">Serkenti \u00e9s t\u00e1mogatja a koncentr\u00e1ci\u00f3t \u00e9s a j\u00e1t\u00e9kra val\u00f3 figyelmet.<\/span><\/li>\n<li><span style=\"font-weight: 400\">Ez pihentet\u0151 \u00e9s kikapcsol\u00f3.<\/span><\/li>\n<li><span style=\"font-weight: 400\">A motoros k\u00e9szs\u00e9geket \u00e9s a szem-k\u00e9z koordin\u00e1ci\u00f3t edzi.<\/span><\/li>\n<li><span style=\"font-weight: 400\">Fejleszti az \u00e9rz\u00e9kszervi koordin\u00e1ci\u00f3t.<\/span><\/li>\n<li><span style=\"font-weight: 400\">Ez egy j\u00f3 j\u00e1t\u00e9k, amit hosszabb utaz\u00e1sokra is mag\u00e1val vihet, ha valamivel le kell foglalnia mag\u00e1t, hogy ne unatkozzon.<\/span><\/li>\n<li><span style=\"font-weight: 400\">Nagym\u00e9ret\u0171 darabokkal rendelkezik, amelyek alkalmasak a kis kezek sz\u00e1m\u00e1ra.<\/span><\/li>\n<\/ul>\n<h2><span style=\"font-weight: 400\">Fedezz fel egy szuper egyszer\u0171 kirak\u00f3t, amely kezd\u0151knek is alkalmas<\/span><\/h2>\n<p><span style=\"font-weight: 400\">Minden egyes puzzle vastag, kiv\u00e1l\u00f3 min\u0151s\u00e9g\u0171 kartonb\u00f3l k\u00e9sz\u00fcl, \u00edgy \u00fajra \u00e9s \u00fajra haszn\u00e1lhat\u00f3 an\u00e9lk\u00fcl, hogy a darabok elt\u00f6rn\u00e9nek vagy elvesz\u00edten\u00e9k alakjukat <\/span><\/p>\n<p><span style=\"font-weight: 400\">Az \u00e9l\u00e9nk sz\u00edn\u0171 k\u00e9pek a klasszikus gyermekmes\u00e9k kedvelt szerepl\u0151it \u00e1br\u00e1zolj\u00e1k, a gondosan megalkotott grafik\u00e1k aranyos \u00e9s vid\u00e1m, a kicsiknek is megfelel\u0151 figur\u00e1kat \u00e1br\u00e1zolnak.<\/span><\/p>\n<p><span style=\"font-weight: 400\">A 35 darab gyermekbar\u00e1t m\u00e9ret\u0171 \u00e9s form\u00e1j\u00fa, \u00edgy a kicsik k\u00f6nnyen meg tudj\u00e1k fogni \u00e9s elhelyezni \u0151ket.<\/span><\/p>\n<p><span style=\"font-weight: 400\">A gyerekek szeretnek \u00e9p\u00edteni, \u00e9s biztosan szeretik majd darabr\u00f3l darabra rekonstru\u00e1lni a szeretett t\u00f6rt\u00e9neteket!<\/span><\/p>\n<p><span style=\"font-weight: 400\">Ha olyan j\u00e1t\u00e9kot keresel, amely egyszerre kreat\u00edv, akt\u00edv, mag\u00e1val ragad\u00f3 \u00e9s sz\u00f3rakoztat\u00f3, v\u00e1lassz egy mes\u00e9k illusztr\u00e1ci\u00f3ival ell\u00e1tott gyermekkirak\u00f3t.  <\/span><\/p><\/p>\n","protected":false},"excerpt":{"rendered":"<p>K\u00e9szen \u00e1llsz arra, hogy gyermekeddel egy\u00fctt bel\u00e9pj a mes\u00e9k leny\u0171g\u00f6z\u0151 vil\u00e1g\u00e1ba, ahol m\u00e9zeskal\u00e1cs h\u00e1zik\u00f3k, boszork\u00e1nyok \u00e9s k\u00e9t testv\u00e9r mindig megtal\u00e1lja<\/p>\n","protected":false},"featured_media":33874,"template":"","meta":[],"product_brand":[],"product_cat":[1882,1981,1881],"product_tag":[],"class_list":{"0":"post-41395","1":"product","2":"type-product","3":"status-publish","4":"has-post-thumbnail","6":"product_cat-gyermek-rejtvenyek","7":"product_cat-kirakos-jatek","8":"product_cat-kirakos-jatekok","9":"pa_bax-10-hu","10":"pa_brand-d_toys-hu","11":"pa_filter_age-3_5-hu","12":"pa_filter_age-5_7-hu","13":"pa_filter_age-7_9-hu","14":"pa_tip_ambalaj-doboz","15":"pa_tip_puzzle-klasszikus","17":"first","18":"instock","19":"taxable","20":"shipping-taxable","21":"product-type-simple"},"yoast_head":"<!-- This site is optimized with the Yoast SEO plugin v20.1 - https:\/\/yoast.com\/wordpress\/plugins\/seo\/ -->\n<title>Super Puzzle Jancsi \u00e9s Juliska - kirak\u00f3s gyerekeknek, 35 darabos puzzle<\/title>\n<meta name=\"description\" content=\"Super Puzzle Jancsi \u00e9s Juliska - kirak\u00f3s gyerekeknek, 35 darabos puzzle\" \/>\n<meta name=\"robots\" content=\"index, follow, max-snippet:-1, max-image-preview:large, max-video-preview:-1\" \/>\n<link rel=\"canonical\" href=\"https:\/\/business.roovi.com\/hu\/super-puzzle-jancsi-es-juliska-kirakos-gyerekeknek-35-darabos-puzzle\/p\/\" \/>\n<meta property=\"og:locale\" content=\"hu_HU\" \/>\n<meta property=\"og:type\" content=\"article\" \/>\n<meta property=\"og:title\" content=\"Super Puzzle Jancsi \u00e9s Juliska - kirak\u00f3s gyerekeknek, 35 darabos puzzle\" \/>\n<meta property=\"og:description\" content=\"Super Puzzle Jancsi \u00e9s Juliska - kirak\u00f3s gyerekeknek, 35 darabos puzzle\" \/>\n<meta property=\"og:url\" content=\"https:\/\/business.roovi.com\/hu\/super-puzzle-jancsi-es-juliska-kirakos-gyerekeknek-35-darabos-puzzle\/p\/\" \/>\n<meta property=\"og:site_name\" content=\"Roovi B2B\" \/>\n<meta property=\"article:publisher\" content=\"https:\/\/www.facebook.com\/wwwjucariero\" \/>\n<meta property=\"article:modified_time\" content=\"2022-07-06T16:54:52+00:00\" \/>\n<meta property=\"og:image\" content=\"https:\/\/business.roovi.com\/wp-content\/uploads\/2018\/04\/60389_02.jpg\" \/>\n\t<meta property=\"og:image:width\" content=\"1200\" \/>\n\t<meta property=\"og:image:height\" content=\"1200\" \/>\n\t<meta property=\"og:image:type\" content=\"image\/jpeg\" \/>\n<meta name=\"twitter:label1\" content=\"Becs\u00fclt olvas\u00e1si id\u0151\" \/>\n\t<meta name=\"twitter:data1\" content=\"2 perc\" \/>\n<script type=\"application\/ld+json\" class=\"yoast-schema-graph\">{\"@context\":\"https:\/\/schema.org\",\"@graph\":[{\"@type\":\"WebPage\",\"@id\":\"https:\/\/business.roovi.com\/hu\/super-puzzle-jancsi-es-juliska-kirakos-gyerekeknek-35-darabos-puzzle\/p\/\",\"url\":\"https:\/\/business.roovi.com\/hu\/super-puzzle-jancsi-es-juliska-kirakos-gyerekeknek-35-darabos-puzzle\/p\/\",\"name\":\"Super Puzzle Jancsi \u00e9s Juliska - kirak\u00f3s gyerekeknek, 35 darabos puzzle\",\"isPartOf\":{\"@id\":\"https:\/\/business.roovi.com\/hu\/#website\"},\"datePublished\":\"2018-04-16T10:56:17+00:00\",\"dateModified\":\"2022-07-06T16:54:52+00:00\",\"description\":\"Super Puzzle Jancsi \u00e9s Juliska - kirak\u00f3s gyerekeknek, 35 darabos puzzle\",\"breadcrumb\":{\"@id\":\"https:\/\/business.roovi.com\/hu\/super-puzzle-jancsi-es-juliska-kirakos-gyerekeknek-35-darabos-puzzle\/p\/#breadcrumb\"},\"inLanguage\":\"hu\",\"potentialAction\":[{\"@type\":\"ReadAction\",\"target\":[\"https:\/\/business.roovi.com\/hu\/super-puzzle-jancsi-es-juliska-kirakos-gyerekeknek-35-darabos-puzzle\/p\/\"]}]},{\"@type\":\"BreadcrumbList\",\"@id\":\"https:\/\/business.roovi.com\/hu\/super-puzzle-jancsi-es-juliska-kirakos-gyerekeknek-35-darabos-puzzle\/p\/#breadcrumb\",\"itemListElement\":[{\"@type\":\"ListItem\",\"position\":1,\"name\":\"Home\",\"item\":\"https:\/\/business.roovi.com\/hu\/\"},{\"@type\":\"ListItem\",\"position\":2,\"name\":\"Shop\",\"item\":\"https:\/\/business.roovi.com\/hu\/shop\/\"},{\"@type\":\"ListItem\",\"position\":3,\"name\":\"Super Puzzle Jancsi \u00e9s Juliska &#8211; kirak\u00f3s gyerekeknek, 35 darabos puzzle\"}]},{\"@type\":\"WebSite\",\"@id\":\"https:\/\/business.roovi.com\/hu\/#website\",\"url\":\"https:\/\/business.roovi.com\/hu\/\",\"name\":\"Roovi B2B\",\"description\":\"Roovi Business Website\",\"potentialAction\":[{\"@type\":\"SearchAction\",\"target\":{\"@type\":\"EntryPoint\",\"urlTemplate\":\"https:\/\/business.roovi.com\/hu\/?s={search_term_string}\"},\"query-input\":\"required name=search_term_string\"}],\"inLanguage\":\"hu\"}]}<\/script>\n<!-- \/ Yoast SEO plugin. -->","yoast_head_json":{"title":"Super Puzzle Jancsi \u00e9s Juliska - kirak\u00f3s gyerekeknek, 35 darabos puzzle","description":"Super Puzzle Jancsi \u00e9s Juliska - kirak\u00f3s gyerekeknek, 35 darabos puzzle","robots":{"index":"index","follow":"follow","max-snippet":"max-snippet:-1","max-image-preview":"max-image-preview:large","max-video-preview":"max-video-preview:-1"},"canonical":"https:\/\/business.roovi.com\/hu\/super-puzzle-jancsi-es-juliska-kirakos-gyerekeknek-35-darabos-puzzle\/p\/","og_locale":"hu_HU","og_type":"article","og_title":"Super Puzzle Jancsi \u00e9s Juliska - kirak\u00f3s gyerekeknek, 35 darabos puzzle","og_description":"Super Puzzle Jancsi \u00e9s Juliska - kirak\u00f3s gyerekeknek, 35 darabos puzzle","og_url":"https:\/\/business.roovi.com\/hu\/super-puzzle-jancsi-es-juliska-kirakos-gyerekeknek-35-darabos-puzzle\/p\/","og_site_name":"Roovi B2B","article_publisher":"https:\/\/www.facebook.com\/wwwjucariero","article_modified_time":"2022-07-06T16:54:52+00:00","og_image":[{"width":1200,"height":1200,"url":"https:\/\/business.roovi.com\/wp-content\/uploads\/2018\/04\/60389_02.jpg","type":"image\/jpeg"}],"twitter_misc":{"Becs\u00fclt olvas\u00e1si id\u0151":"2 perc"},"schema":{"@context":"https:\/\/schema.org","@graph":[{"@type":"WebPage","@id":"https:\/\/business.roovi.com\/hu\/super-puzzle-jancsi-es-juliska-kirakos-gyerekeknek-35-darabos-puzzle\/p\/","url":"https:\/\/business.roovi.com\/hu\/super-puzzle-jancsi-es-juliska-kirakos-gyerekeknek-35-darabos-puzzle\/p\/","name":"Super Puzzle Jancsi \u00e9s Juliska - kirak\u00f3s gyerekeknek, 35 darabos puzzle","isPartOf":{"@id":"https:\/\/business.roovi.com\/hu\/#website"},"datePublished":"2018-04-16T10:56:17+00:00","dateModified":"2022-07-06T16:54:52+00:00","description":"Super Puzzle Jancsi \u00e9s Juliska - kirak\u00f3s gyerekeknek, 35 darabos puzzle","breadcrumb":{"@id":"https:\/\/business.roovi.com\/hu\/super-puzzle-jancsi-es-juliska-kirakos-gyerekeknek-35-darabos-puzzle\/p\/#breadcrumb"},"inLanguage":"hu","potentialAction":[{"@type":"ReadAction","target":["https:\/\/business.roovi.com\/hu\/super-puzzle-jancsi-es-juliska-kirakos-gyerekeknek-35-darabos-puzzle\/p\/"]}]},{"@type":"BreadcrumbList","@id":"https:\/\/business.roovi.com\/hu\/super-puzzle-jancsi-es-juliska-kirakos-gyerekeknek-35-darabos-puzzle\/p\/#breadcrumb","itemListElement":[{"@type":"ListItem","position":1,"name":"Home","item":"https:\/\/business.roovi.com\/hu\/"},{"@type":"ListItem","position":2,"name":"Shop","item":"https:\/\/business.roovi.com\/hu\/shop\/"},{"@type":"ListItem","position":3,"name":"Super Puzzle Jancsi \u00e9s Juliska &#8211; kirak\u00f3s gyerekeknek, 35 darabos puzzle"}]},{"@type":"WebSite","@id":"https:\/\/business.roovi.com\/hu\/#website","url":"https:\/\/business.roovi.com\/hu\/","name":"Roovi B2B","description":"Roovi Business Website","potentialAction":[{"@type":"SearchAction","target":{"@type":"EntryPoint","urlTemplate":"https:\/\/business.roovi.com\/hu\/?s={search_term_string}"},"query-input":"required name=search_term_string"}],"inLanguage":"hu"}]}},"_links":{"self":[{"href":"https:\/\/business.roovi.com\/hu\/wp-json\/wp\/v2\/product\/41395","targetHints":{"allow":["GET"]}}],"collection":[{"href":"https:\/\/business.roovi.com\/hu\/wp-json\/wp\/v2\/product"}],"about":[{"href":"https:\/\/business.roovi.com\/hu\/wp-json\/wp\/v2\/types\/product"}],"version-history":[{"count":0,"href":"https:\/\/business.roovi.com\/hu\/wp-json\/wp\/v2\/product\/41395\/revisions"}],"wp:featuredmedia":[{"embeddable":true,"href":"https:\/\/business.roovi.com\/hu\/wp-json\/wp\/v2\/media\/33874"}],"wp:attachment":[{"href":"https:\/\/business.roovi.com\/hu\/wp-json\/wp\/v2\/media?parent=41395"}],"wp:term":[{"taxonomy":"product_brand","embeddable":true,"href":"https:\/\/business.roovi.com\/hu\/wp-json\/wp\/v2\/product_brand?post=41395"},{"taxonomy":"product_cat","embeddable":true,"href":"https:\/\/business.roovi.com\/hu\/wp-json\/wp\/v2\/product_cat?post=41395"},{"taxonomy":"product_tag","embeddable":true,"href":"https:\/\/business.roovi.com\/hu\/wp-json\/wp\/v2\/product_tag?post=41395"}],"curies":[{"name":"wp","href":"https:\/\/api.w.org\/{rel}","templated":true}]}}