{"id":41435,"date":"2018-04-16T10:56:17","date_gmt":"2018-04-16T10:56:17","guid":{"rendered":"https:\/\/business.roovi.com\/puzzle-adulti-1000-piese-locuri-celebre-biserica-maria-magdalena-ierusalim\/p\/"},"modified":"2022-07-06T17:04:11","modified_gmt":"2022-07-06T17:04:11","slug":"1000-darabos-felnott-puzzle-hires-helyek-maria-magdolna-templom-jeruzsalem","status":"publish","type":"product","link":"https:\/\/business.roovi.com\/hu\/1000-darabos-felnott-puzzle-hires-helyek-maria-magdolna-templom-jeruzsalem\/p\/","title":{"rendered":"1000 darabos feln\u0151tt puzzle H\u00edres helyek &#8211; M\u00e1ria Magdolna templom, Jeruzs\u00e1lem"},"content":{"rendered":"<p><strong><em>A H\u00edres helyek c\u00edm\u0171 1000 darabos feln\u0151tt puzzle gy\u0171jtem\u00e9ny a vil\u00e1g ikonikus l\u00e1tnival\u00f3ir\u00f3l k\u00e9sz\u00fclt leny\u0171g\u00f6z\u0151 k\u00e9peket gy\u0171jti egybe. Rakd \u00f6ssze a k\u00fcl\u00f6nleges tervez\u00e9s\u0171 kirak\u00f3s j\u00e1t\u00e9kokat, \u00e9s l\u00e9gy egy t\u00f6bb ezer kirak\u00f3s darabb\u00f3l \u00e1ll\u00f3, eredeti m\u0171v\u00e9szi festm\u00e9nysorozat tulajdonosa.<\/em><\/strong><\/p>\n<p><span style=\"font-weight: 400\">Jeruzs\u00e1lem a vil\u00e1g egyik legr\u00e9gebbi v\u00e1rosa, amely leny\u0171g\u00f6z\u0151 t\u00f6rt\u00e9nelm\u00e9r\u0151l \u00e9s nagy vall\u00e1si jelent\u0151s\u00e9g\u00e9r\u0151l h\u00edres. Szent f\u00f6ldnek tekintik, \u00e9s a vil\u00e1g minden t\u00e1j\u00e1r\u00f3l, a k\u00fcl\u00f6nb\u00f6z\u0151 vall\u00e1sokb\u00f3l \u00e9s hitekb\u0151l \u00e9rkez\u0151 utaz\u00f3kat \u00e9vente vonzza a h\u00edres l\u00e1tnival\u00f3khoz.<\/span><\/p>\n<p><span style=\"font-weight: 400\">Az 1000 darabos Jeruzs\u00e1lem puzzle a H\u00edres helyek puzzle kollekci\u00f3b\u00f3l egy ikonikus jeruzs\u00e1lemi nevezetess\u00e9get \u00e1br\u00e1zol: a M\u00e1ria Magdolna templomot. Az Olajf\u00e1k hegy\u00e9n, a Gecsem\u00e1n\u00e9-kert k\u00f6zel\u00e9ben tal\u00e1lhat\u00f3 templomot III. S\u00e1ndor c\u00e1r alap\u00edtotta 1888-ban \u00e9desanyja, Marija Alekszandrovna c\u00e1rn\u0151 tisztelet\u00e9re <\/span><\/p>\n<p><span style=\"font-weight: 400\">Az 1000 darabos jeruzs\u00e1lemi M\u00e1ria Magdolna-templom kirak\u00f3j\u00e1t\u00e9kkal \u00d6n lehet a k\u00fcl\u00f6nleges orosz \u00e9p\u00edt\u00e9szet e csod\u00e1latos hely\u00e9nek egyedi festm\u00e9ny\u00e9nek alkot\u00f3ja. Rakd \u00f6ssze darabr\u00f3l darabra, \u00e9s figyeld, ahogy kezeid egy egyedi alkot\u00e1st \u00e9p\u00edtenek, amely gy\u00f6ny\u00f6rk\u00f6dteti a szemedet \u00e9s gy\u00f6ny\u00f6rk\u00f6dteti a lelkedet.<\/span><\/p>\n<p><strong>Mi\u00e9rt v\u00e1lassza az 1000 darabos feln\u0151tt puzzle-t M\u00e1ria Magdolna temploma Jeruzs\u00e1lemben?<\/strong><\/p>\n<p><span style=\"font-weight: 400\">Ez egy nagyszer\u0171 m\u00f3dja annak, hogy pihenjen \u00e9s felfedezze Jeruzs\u00e1lem ikonikus nevezetess\u00e9g\u00e9nek egyedis\u00e9g\u00e9t.<\/span><\/p>\n<p><span style=\"font-weight: 400\">Egy 68 x 47 cm-es festm\u00e9nyt kap, amellyel otthon\u00e1t d\u00edsz\u00edtheti.<\/span><\/p>\n<p><span style=\"font-weight: 400\">A darabok kiv\u00e1l\u00f3 min\u0151s\u00e9g\u0171 kartonb\u00f3l k\u00e9sz\u00fcltek, \u00edgy er\u0151sek, \u00e9s minden \u00f6sszeszerel\u00e9skor t\u00f6k\u00e9letesen \u00f6sszetapadnak.<\/span><\/p>\n<p><span style=\"font-weight: 400\">Fenntarthat\u00f3 \u00e9s \u00fajrahasznos\u00edthat\u00f3 anyagokat haszn\u00e1lunk minden egyes kirak\u00f3s j\u00e1t\u00e9k elk\u00e9sz\u00edt\u00e9s\u00e9hez.<\/span><\/p>\n<p><span style=\"font-weight: 400\">A kivitelez\u00e9s kellemes, \u00e9s az \u00e9l\u00e9nk sz\u00ednek kiemelik a k\u00e9p sz\u00e9ps\u00e9g\u00e9t.<\/span><\/p>\n<p><span style=\"font-weight: 400\">A kirak\u00f3s j\u00e1t\u00e9k 14 \u00e9ves kort\u00f3l alkalmas, \u00e9s k\u00f6zepes neh\u00e9zs\u00e9gi szint\u0171.<\/span><\/p>\n<p><span style=\"font-weight: 400\">N\u00f6veli a r\u00e9szletekre val\u00f3 figyelmet \u00e9s a koncentr\u00e1ci\u00f3t.<\/span><\/p>\n<p><span style=\"font-weight: 400\">T\u00f6k\u00e9letes lehet\u0151s\u00e9g a bar\u00e1tokkal val\u00f3 ismerked\u00e9sre \u00e9s a szeretteivel val\u00f3 pihentet\u0151 est\u00e9k elt\u00f6lt\u00e9s\u00e9re.<\/span><\/p>\n<p><span style=\"font-weight: 400\">Ez egy \u00e9lvezetes m\u00f3dja az elm\u00e9d edz\u00e9s\u00e9nek b\u00e1rmely \u00e9letkorban.<\/span><\/p>\n<p><strong>Tudtad, hogy&#8230;?<\/strong><\/p>\n<p><span style=\"font-weight: 400\">Szergej Ivanov orosz fest\u0151m\u0171v\u00e9sz kapott megb\u00edz\u00e1st a templom belsej\u00e9nek megfest\u00e9s\u00e9re, \u00e9s t\u00f6bb, M\u00e1ria Magdolna \u00e9let\u00e9t \u00e1br\u00e1zol\u00f3 jelenetet festett, amelyek ma is fennmaradtak <\/span><\/p>\n<p><span style=\"font-weight: 400\">A templomban tal\u00e1lhat\u00f3 a Libanonb\u00f3l hozott, csodat\u00e9v\u0151 Ir\u00e1ny\u00edt\u00f3 Sz\u0171zanya ikonja. \u00dagy t\u0171nik, hogy a 16. sz\u00e1zadi t\u0171zv\u00e9sz ut\u00e1n is \u00e9ps\u00e9gben maradt.<\/span><\/p>\n<p><span style=\"font-weight: 400\">1936-ban szerzetesi k\u00f6z\u00f6ss\u00e9get alap\u00edtottak itt, \u00e9s ma 30 k\u00fcl\u00f6nb\u00f6z\u0151 nemzetis\u00e9g\u0171 ap\u00e1ca \u00e9l itt.<\/span><\/p>\n<p><span style=\"font-weight: 400\">A templom kript\u00e1j\u00e1ban Alexandra g\u00f6r\u00f6g hercegn\u0151, Edinburgh herceg\u00e9nek \u00e9desanyja \u00e9s II. Erzs\u00e9bet brit kir\u00e1lyn\u0151 any\u00f3sa f\u00f6ldi maradv\u00e1nyait is \u0151rzik <\/span><\/p>\n<p><strong>1000 Pieces Puzzle Jeruzs\u00e1lem elszakad a rohan\u00f3 \u00e9lett\u0151l<\/strong><\/p>\n<p><span style=\"font-weight: 400\">Az 1000 darabos Jeruzs\u00e1lem, M\u00e1ria Magdolna temploma puzzle seg\u00edts\u00e9g\u00e9vel egy k\u00e9pzeletbeli utaz\u00e1sra indulhatsz, amely felt\u00e1rja egy egyed\u00fcl\u00e1ll\u00f3 mesterm\u0171 sz\u00e9ps\u00e9g\u00e9t \u00e9s k\u00e9zm\u0171ves kivitelez\u00e9s\u00e9t. Kem\u00e9nyen koncentr\u00e1lsz, \u00f6sszerakod az 1000 darabos puzzle minden r\u00e9szlet\u00e9t, \u00e9s egy leny\u0171g\u00f6z\u0151 k\u00e9pet alkotsz, amelyet sok\u00e1ig fogsz csod\u00e1lni <\/span><\/p>\n<p><span style=\"font-weight: 400\">Itt az ideje a pihen\u00e9snek \u00e9s a teljes kikapcsol\u00f3d\u00e1snak. \u00c9lvezze ezt az egyed\u00fcl\u00e1ll\u00f3 kreat\u00edv \u00e9s fant\u00e1ziad\u00fas \u00e9lm\u00e9nyt <\/span><\/p>\n<p><span style=\"font-weight: 400\">V\u00e1lassza a Jeruzs\u00e1lem 1000 darabos puzzle-t, \u00e9s tartsa otthon\u00e1ban azokra a pillanatokra, amikor szeretne kikapcsol\u00f3dni a mindennapokb\u00f3l, vagy min\u0151s\u00e9gi id\u0151t t\u00f6lteni szeretteivel. Ha k\u00fcl\u00f6nleges aj\u00e1nd\u00e9kot szeretne adni, ez a kirak\u00f3s j\u00e1t\u00e9k ide\u00e1lis v\u00e1laszt\u00e1s.<\/span><\/p><\/p>\n","protected":false},"excerpt":{"rendered":"<p>A H\u00edres helyek c\u00edm\u0171 1000 darabos feln\u0151tt puzzle gy\u0171jtem\u00e9ny a vil\u00e1g ikonikus l\u00e1tnival\u00f3ir\u00f3l k\u00e9sz\u00fclt leny\u0171g\u00f6z\u0151 k\u00e9peket gy\u0171jti egybe. Rakd \u00f6ssze<\/p>\n","protected":false},"featured_media":33938,"template":"","meta":[],"product_brand":[],"product_cat":[1920,1919,1881],"product_tag":[],"class_list":{"0":"post-41435","1":"product","2":"type-product","3":"status-publish","4":"has-post-thumbnail","6":"product_cat-1000-darabos-kirakos-jatek","7":"product_cat-felnott-kirakos-jatekok","8":"product_cat-kirakos-jatekok","9":"pa_bax-10-hu","10":"pa_brand-d_toys-hu","11":"pa_country_of_manufacture-ro-hu","12":"pa_filter_age-14-hu","13":"pa_painter-hires-helyek","14":"pa_tip_ambalaj-doboz","15":"pa_tip_puzzle-klasszikus","17":"first","18":"instock","19":"taxable","20":"shipping-taxable","21":"product-type-simple"},"yoast_head":"<!-- This site is optimized with the Yoast SEO plugin v20.1 - https:\/\/yoast.com\/wordpress\/plugins\/seo\/ -->\n<title>1000 darabos feln\u0151tt puzzle H\u00edres helyek - M\u00e1ria Magdolna templom, Jeruzs\u00e1lem<\/title>\n<meta name=\"description\" content=\"1000 darabos feln\u0151tt puzzle H\u00edres helyek - M\u00e1ria Magdolna templom, Jeruzs\u00e1lem\" \/>\n<meta name=\"robots\" content=\"index, follow, max-snippet:-1, max-image-preview:large, max-video-preview:-1\" \/>\n<link rel=\"canonical\" href=\"https:\/\/business.roovi.com\/hu\/1000-darabos-felnott-puzzle-hires-helyek-maria-magdolna-templom-jeruzsalem\/p\/\" \/>\n<meta property=\"og:locale\" content=\"hu_HU\" \/>\n<meta property=\"og:type\" content=\"article\" \/>\n<meta property=\"og:title\" content=\"1000 darabos feln\u0151tt puzzle H\u00edres helyek - M\u00e1ria Magdolna templom, Jeruzs\u00e1lem\" \/>\n<meta property=\"og:description\" content=\"1000 darabos feln\u0151tt puzzle H\u00edres helyek - M\u00e1ria Magdolna templom, Jeruzs\u00e1lem\" \/>\n<meta property=\"og:url\" content=\"https:\/\/business.roovi.com\/hu\/1000-darabos-felnott-puzzle-hires-helyek-maria-magdolna-templom-jeruzsalem\/p\/\" \/>\n<meta property=\"og:site_name\" content=\"Roovi B2B\" \/>\n<meta property=\"article:publisher\" content=\"https:\/\/www.facebook.com\/wwwjucariero\" \/>\n<meta property=\"article:modified_time\" content=\"2022-07-06T17:04:11+00:00\" \/>\n<meta property=\"og:image\" content=\"https:\/\/business.roovi.com\/wp-content\/uploads\/2018\/04\/64288-10-ansamblu_dimensiuni-cutie-cm_vertical_1.png\" \/>\n\t<meta property=\"og:image:width\" content=\"1200\" \/>\n\t<meta property=\"og:image:height\" content=\"1200\" \/>\n\t<meta property=\"og:image:type\" content=\"image\/png\" \/>\n<meta name=\"twitter:label1\" content=\"Becs\u00fclt olvas\u00e1si id\u0151\" \/>\n\t<meta name=\"twitter:data1\" content=\"3 perc\" \/>\n<script type=\"application\/ld+json\" class=\"yoast-schema-graph\">{\"@context\":\"https:\/\/schema.org\",\"@graph\":[{\"@type\":\"WebPage\",\"@id\":\"https:\/\/business.roovi.com\/hu\/1000-darabos-felnott-puzzle-hires-helyek-maria-magdolna-templom-jeruzsalem\/p\/\",\"url\":\"https:\/\/business.roovi.com\/hu\/1000-darabos-felnott-puzzle-hires-helyek-maria-magdolna-templom-jeruzsalem\/p\/\",\"name\":\"1000 darabos feln\u0151tt puzzle H\u00edres helyek - M\u00e1ria Magdolna templom, Jeruzs\u00e1lem\",\"isPartOf\":{\"@id\":\"https:\/\/business.roovi.com\/hu\/#website\"},\"datePublished\":\"2018-04-16T10:56:17+00:00\",\"dateModified\":\"2022-07-06T17:04:11+00:00\",\"description\":\"1000 darabos feln\u0151tt puzzle H\u00edres helyek - M\u00e1ria Magdolna templom, Jeruzs\u00e1lem\",\"breadcrumb\":{\"@id\":\"https:\/\/business.roovi.com\/hu\/1000-darabos-felnott-puzzle-hires-helyek-maria-magdolna-templom-jeruzsalem\/p\/#breadcrumb\"},\"inLanguage\":\"hu\",\"potentialAction\":[{\"@type\":\"ReadAction\",\"target\":[\"https:\/\/business.roovi.com\/hu\/1000-darabos-felnott-puzzle-hires-helyek-maria-magdolna-templom-jeruzsalem\/p\/\"]}]},{\"@type\":\"BreadcrumbList\",\"@id\":\"https:\/\/business.roovi.com\/hu\/1000-darabos-felnott-puzzle-hires-helyek-maria-magdolna-templom-jeruzsalem\/p\/#breadcrumb\",\"itemListElement\":[{\"@type\":\"ListItem\",\"position\":1,\"name\":\"Home\",\"item\":\"https:\/\/business.roovi.com\/hu\/\"},{\"@type\":\"ListItem\",\"position\":2,\"name\":\"Shop\",\"item\":\"https:\/\/business.roovi.com\/hu\/shop\/\"},{\"@type\":\"ListItem\",\"position\":3,\"name\":\"1000 darabos feln\u0151tt puzzle H\u00edres helyek &#8211; M\u00e1ria Magdolna templom, Jeruzs\u00e1lem\"}]},{\"@type\":\"WebSite\",\"@id\":\"https:\/\/business.roovi.com\/hu\/#website\",\"url\":\"https:\/\/business.roovi.com\/hu\/\",\"name\":\"Roovi B2B\",\"description\":\"Roovi Business Website\",\"potentialAction\":[{\"@type\":\"SearchAction\",\"target\":{\"@type\":\"EntryPoint\",\"urlTemplate\":\"https:\/\/business.roovi.com\/hu\/?s={search_term_string}\"},\"query-input\":\"required name=search_term_string\"}],\"inLanguage\":\"hu\"}]}<\/script>\n<!-- \/ Yoast SEO plugin. -->","yoast_head_json":{"title":"1000 darabos feln\u0151tt puzzle H\u00edres helyek - M\u00e1ria Magdolna templom, Jeruzs\u00e1lem","description":"1000 darabos feln\u0151tt puzzle H\u00edres helyek - M\u00e1ria Magdolna templom, Jeruzs\u00e1lem","robots":{"index":"index","follow":"follow","max-snippet":"max-snippet:-1","max-image-preview":"max-image-preview:large","max-video-preview":"max-video-preview:-1"},"canonical":"https:\/\/business.roovi.com\/hu\/1000-darabos-felnott-puzzle-hires-helyek-maria-magdolna-templom-jeruzsalem\/p\/","og_locale":"hu_HU","og_type":"article","og_title":"1000 darabos feln\u0151tt puzzle H\u00edres helyek - M\u00e1ria Magdolna templom, Jeruzs\u00e1lem","og_description":"1000 darabos feln\u0151tt puzzle H\u00edres helyek - M\u00e1ria Magdolna templom, Jeruzs\u00e1lem","og_url":"https:\/\/business.roovi.com\/hu\/1000-darabos-felnott-puzzle-hires-helyek-maria-magdolna-templom-jeruzsalem\/p\/","og_site_name":"Roovi B2B","article_publisher":"https:\/\/www.facebook.com\/wwwjucariero","article_modified_time":"2022-07-06T17:04:11+00:00","og_image":[{"width":1200,"height":1200,"url":"https:\/\/business.roovi.com\/wp-content\/uploads\/2018\/04\/64288-10-ansamblu_dimensiuni-cutie-cm_vertical_1.png","type":"image\/png"}],"twitter_misc":{"Becs\u00fclt olvas\u00e1si id\u0151":"3 perc"},"schema":{"@context":"https:\/\/schema.org","@graph":[{"@type":"WebPage","@id":"https:\/\/business.roovi.com\/hu\/1000-darabos-felnott-puzzle-hires-helyek-maria-magdolna-templom-jeruzsalem\/p\/","url":"https:\/\/business.roovi.com\/hu\/1000-darabos-felnott-puzzle-hires-helyek-maria-magdolna-templom-jeruzsalem\/p\/","name":"1000 darabos feln\u0151tt puzzle H\u00edres helyek - M\u00e1ria Magdolna templom, Jeruzs\u00e1lem","isPartOf":{"@id":"https:\/\/business.roovi.com\/hu\/#website"},"datePublished":"2018-04-16T10:56:17+00:00","dateModified":"2022-07-06T17:04:11+00:00","description":"1000 darabos feln\u0151tt puzzle H\u00edres helyek - M\u00e1ria Magdolna templom, Jeruzs\u00e1lem","breadcrumb":{"@id":"https:\/\/business.roovi.com\/hu\/1000-darabos-felnott-puzzle-hires-helyek-maria-magdolna-templom-jeruzsalem\/p\/#breadcrumb"},"inLanguage":"hu","potentialAction":[{"@type":"ReadAction","target":["https:\/\/business.roovi.com\/hu\/1000-darabos-felnott-puzzle-hires-helyek-maria-magdolna-templom-jeruzsalem\/p\/"]}]},{"@type":"BreadcrumbList","@id":"https:\/\/business.roovi.com\/hu\/1000-darabos-felnott-puzzle-hires-helyek-maria-magdolna-templom-jeruzsalem\/p\/#breadcrumb","itemListElement":[{"@type":"ListItem","position":1,"name":"Home","item":"https:\/\/business.roovi.com\/hu\/"},{"@type":"ListItem","position":2,"name":"Shop","item":"https:\/\/business.roovi.com\/hu\/shop\/"},{"@type":"ListItem","position":3,"name":"1000 darabos feln\u0151tt puzzle H\u00edres helyek &#8211; M\u00e1ria Magdolna templom, Jeruzs\u00e1lem"}]},{"@type":"WebSite","@id":"https:\/\/business.roovi.com\/hu\/#website","url":"https:\/\/business.roovi.com\/hu\/","name":"Roovi B2B","description":"Roovi Business Website","potentialAction":[{"@type":"SearchAction","target":{"@type":"EntryPoint","urlTemplate":"https:\/\/business.roovi.com\/hu\/?s={search_term_string}"},"query-input":"required name=search_term_string"}],"inLanguage":"hu"}]}},"_links":{"self":[{"href":"https:\/\/business.roovi.com\/hu\/wp-json\/wp\/v2\/product\/41435","targetHints":{"allow":["GET"]}}],"collection":[{"href":"https:\/\/business.roovi.com\/hu\/wp-json\/wp\/v2\/product"}],"about":[{"href":"https:\/\/business.roovi.com\/hu\/wp-json\/wp\/v2\/types\/product"}],"version-history":[{"count":0,"href":"https:\/\/business.roovi.com\/hu\/wp-json\/wp\/v2\/product\/41435\/revisions"}],"wp:featuredmedia":[{"embeddable":true,"href":"https:\/\/business.roovi.com\/hu\/wp-json\/wp\/v2\/media\/33938"}],"wp:attachment":[{"href":"https:\/\/business.roovi.com\/hu\/wp-json\/wp\/v2\/media?parent=41435"}],"wp:term":[{"taxonomy":"product_brand","embeddable":true,"href":"https:\/\/business.roovi.com\/hu\/wp-json\/wp\/v2\/product_brand?post=41435"},{"taxonomy":"product_cat","embeddable":true,"href":"https:\/\/business.roovi.com\/hu\/wp-json\/wp\/v2\/product_cat?post=41435"},{"taxonomy":"product_tag","embeddable":true,"href":"https:\/\/business.roovi.com\/hu\/wp-json\/wp\/v2\/product_tag?post=41435"}],"curies":[{"name":"wp","href":"https:\/\/api.w.org\/{rel}","templated":true}]}}