{"id":41447,"date":"2018-04-16T10:56:17","date_gmt":"2018-04-16T10:56:17","guid":{"rendered":"https:\/\/business.roovi.com\/puzzle-adulti-1000-piese-locuri-celebre-biserica-sfantului-mormant-ierusalim\/p\/"},"modified":"2022-07-06T17:04:31","modified_gmt":"2022-07-06T17:04:31","slug":"1000-darabos-felnott-puzzle-hires-helyek-szent-sir-templom-jeruzsalem","status":"publish","type":"product","link":"https:\/\/business.roovi.com\/hu\/1000-darabos-felnott-puzzle-hires-helyek-szent-sir-templom-jeruzsalem\/p\/","title":{"rendered":"1000 darabos feln\u0151tt puzzle H\u00edres helyek &#8211; Szent S\u00edr templom, Jeruzs\u00e1lem"},"content":{"rendered":"<p><strong><em>A H\u00edres helyek puzzle-j\u00e1t\u00e9kok sorozata a vil\u00e1g sz\u00e1mos turisztikai l\u00e1tv\u00e1nyoss\u00e1g\u00e1nak k\u00e9peit gy\u0171jti egybe. P\u00e1ros\u00edtsd \u00f6ssze az 1000 puzzle darabjait, \u00e9s szerezz gy\u00f6ny\u00f6r\u0171 k\u00e9peket felejthetetlen helysz\u00ednekr\u0151l.<\/em><\/strong><\/p>\n<p><span style=\"font-weight: 400\">A Szent S\u00edrkert a kereszt\u00e9ny vil\u00e1g legikonikusabb zar\u00e1ndokhelye. Ha \u00e9rt\u00e9keli a kereszt\u00e9ny vil\u00e1g sz\u00e1m\u00e1ra k\u00fcl\u00f6nleges jelent\u0151s\u00e9ggel b\u00edr\u00f3 szent helyeket, \u00f6r\u00f6mmel fogja fogadni a jeruzs\u00e1lemi Szent S\u00edr-templom gy\u00f6ny\u00f6r\u0171en megtervezett 1000 darabos kirak\u00f3s j\u00e1t\u00e9k\u00e1ban tal\u00e1lhat\u00f3 gy\u00f6ny\u00f6r\u0171 k\u00e9pet <\/span><\/p>\n<p><span style=\"font-weight: 400\">A Szent S\u00edr-templomban tal\u00e1lhat\u00f3 a kereszt\u00e9nyek k\u00e9t legikonikusabb helysz\u00edne: a Golgota, J\u00e9zus keresztre fesz\u00edt\u00e9s\u00e9nek helye, \u00e9s a s\u00edr, ahol eltemett\u00e9k \u00e9s felt\u00e1madt. Ez\u00e9rt is h\u00edvj\u00e1k a Felt\u00e1mad\u00e1s Templom\u00e1nak. A jelenlegi templomot a 11. sz\u00e1zadban \u00e9p\u00edtett\u00e9k azon a helyen, ahol a 4. sz\u00e1zadban Nagy Konstantin cs\u00e1sz\u00e1r fel\u00e9p\u00edtette az els\u0151, a felt\u00e1mad\u00e1snak szentelt templomot.<\/span><\/p>\n<p><span style=\"font-weight: 400\">B\u00e1mulatos, hogyan lehet 1000 kirak\u00f3s darabb\u00f3l rekonstru\u00e1lni egy leny\u0171g\u00f6z\u0151 t\u00f6rt\u00e9nelm\u0171, legend\u00e1kkal \u00e9s szimb\u00f3lumokkal teli eml\u00e9km\u0171vet. Fogadja el a kih\u00edv\u00e1st, \u00e9s \u00e9p\u00edtsen egy kirak\u00f3sb\u00f3l egy leny\u0171g\u00f6z\u0151 festm\u00e9nyt, amelyet sok\u00e1ig csod\u00e1lni fog, amikor csak \u00fagy \u00e9rzi, hogy ki akar l\u00e9pni a mindennapi rutinb\u00f3l. Az 1000 darabos Szent S\u00edr-templom kirak\u00f3s j\u00e1t\u00e9kkal r\u00e1ad\u00e1sul az emberis\u00e9g t\u00f6rt\u00e9nelm\u00e9nek egyik ikonikus helysz\u00edn\u00e9nek sz\u00e9ps\u00e9g\u00e9t is felfedezheti.<\/span><\/p>\n<p><strong>Mi\u00e9rt v\u00e1lasszon 1000 darabos puzzle-t a H\u00edres helyek puzzle kollekci\u00f3b\u00f3l?<\/strong><\/p>\n<p><span style=\"font-weight: 400\">Az 1000 darabos kirak\u00f3s j\u00e1t\u00e9k csod\u00e1latos m\u00f3dja annak, hogy felfedezze a hossz\u00fa t\u00f6rt\u00e9nelm\u0171 \u00e9s k\u00fcl\u00f6nleges szimbolik\u00e1j\u00fa ikonikus nevezetess\u00e9geket.<\/span><\/p>\n<p><span style=\"font-weight: 400\">Lehet\u0151s\u00e9ge van arra, hogy darabr\u00f3l darabra fel\u00e9p\u00edtse egy olyan hely k\u00e9p\u00e9t, amelyet emberek milli\u00f3i tartanak szentnek.<\/span><\/p>\n<p><span style=\"font-weight: 400\">A 68 x 47 cm-es festm\u00e9ny ide\u00e1lis dekor\u00e1ci\u00f3s t\u00e1rgy lesz, hogy feldobja otthona b\u00e1rmelyik unalmas hely\u00e9nek anonimit\u00e1s\u00e1t.<\/span><\/p>\n<p><span style=\"font-weight: 400\">Minden egyes kirak\u00f3s j\u00e1t\u00e9kunk kiv\u00e1l\u00f3 min\u0151s\u00e9g\u0171 kartonb\u00f3l k\u00e9sz\u00fcl, ami m\u00e9g sz\u00e1mtalan \u00f6sszeszerel\u00e9s ut\u00e1n is extra szil\u00e1rds\u00e1got k\u00f6lcs\u00f6n\u00f6z a daraboknak.<\/span><\/p>\n<p><span style=\"font-weight: 400\">A fel\u00fclet f\u00e9lig f\u00e9nyes, \u00e9l\u00e9nk sz\u00ednekkel, amelyek kiemelik a k\u00e9p tisztas\u00e1g\u00e1t.<\/span><\/p>\n<p><span style=\"font-weight: 400\">\u00dajrahasznos\u00edthat\u00f3, fenntarthat\u00f3 anyagokb\u00f3l k\u00e9sz\u00fcl.<\/span><\/p>\n<p><span style=\"font-weight: 400\">14 \u00e9ves kor felett alkalmas &#8211; j\u00f3 lehet\u0151s\u00e9g a k\u00e9p \u00e1tdolgoz\u00e1s\u00e1ra a tizen\u00e9vesekkel.<\/span><\/p>\n<p><span style=\"font-weight: 400\">Ez egy nagyszer\u0171 m\u00f3dja az elm\u00e9d edz\u00e9s\u00e9nek \u00e9s a kreativit\u00e1sod \u00e1pol\u00e1s\u00e1nak.<\/span><\/p>\n<p><span style=\"font-weight: 400\">Seg\u00edt fejleszteni az olyan k\u00e9szs\u00e9geket, mint a mem\u00f3ria, a logikus gondolkod\u00e1s, a k\u00e9z\u00fcgyess\u00e9g \u00e9s a finommotorika.<\/span><\/p>\n<p><strong>Tudtad, hogy&#8230;?<\/strong><\/p>\n<p><span style=\"font-weight: 400\">Hadrianus r\u00f3mai cs\u00e1sz\u00e1r a Kr. u. 2. sz\u00e1zadban templomot \u00e9p\u00edttetett Aphrodit\u00e9 istenn\u0151nek, hogy eltemesse azt a barlangot, ahol J\u00e9zust eltemett\u00e9k. 325 k\u00f6r\u00fcl az els\u0151 kereszt\u00e9ny cs\u00e1sz\u00e1r, Nagy Konstantin elrendelte, hogy a hely\u00e9n templomot \u00e9p\u00edtsenek.<\/span><\/p>\n<p><span style=\"font-weight: 400\">A templomot az \u00e9vek sor\u00e1n t\u00f6bbsz\u00f6r lerombolt\u00e1k \u00e9s \u00fajj\u00e1\u00e9p\u00edtett\u00e9k. A mai templom 1149-b\u0151l, a keresztes lovagok idej\u00e9b\u0151l sz\u00e1rmazik.<\/span><\/p>\n<p><span style=\"font-weight: 400\">Az \u00e9p\u00fclet 7 helyis\u00e9gb\u0151l \u00e1ll, \u00e9s k\u00fcl\u00f6nb\u00f6z\u0151 vall\u00e1sokhoz tartoz\u00f3 r\u00e9szekre van osztva: g\u00f6r\u00f6g ortodox, r\u00f3mai katolikus, \u00f6rm\u00e9ny, kopt, eti\u00f3p ortodox \u00e9s sz\u00edriai.<\/span><\/p>\n<p><span style=\"font-weight: 400\">A Szent S\u00edr a g\u00f6r\u00f6g, a katolikus \u00e9s az \u00f6rm\u00e9ny k\u00f6z\u00f6ss\u00e9gek\u00e9. T\u00e9glalap alak\u00fa, \u00e9s itt tal\u00e1lhat\u00f3 a J\u00e9zus s\u00edrj\u00e1b\u00f3l sz\u00e1rmaz\u00f3 szikla egy kis darabja.<\/span><\/p>\n<p><strong>A Szent S\u00edr-templom 1000 darabos puzzle &#8211; lehet\u0151s\u00e9g a medit\u00e1ci\u00f3ra \u00e9s a mindennapi \u00e9letb\u0151l val\u00f3 kikapcsol\u00f3d\u00e1sra<\/strong><\/p>\n<p><span style=\"font-weight: 400\">Ha szeretne n\u00e9h\u00e1ny \u00f3r\u00e1n \u00e1t b\u00e9k\u00e9ben \u00e9s csendben m\u00e9lyen kikapcsol\u00f3dni, az 1000 darabos Szent S\u00edr-templom puzzle t\u00f6k\u00e9letes v\u00e1laszt\u00e1s. A szent helyeken az id\u0151 \u00e9s a t\u00e9r \u00e1ll\u00edt\u00f3lag m\u00e1s dimenzi\u00f3t kap, \u00e9s az isteni kapcsolata m\u00e9lyrehat\u00f3. Egy 1000 darabos puzzle \u00fajrateremt\u00e9se az isteni energia ezen helyeinek k\u00e9peivel lehet\u0151s\u00e9get ad arra, hogy elm\u00e9ddel t\u00e1voli birodalmakba utazz, \u00e9s elszakadj a mindennapi gondokt\u00f3l.<\/span><\/p>\n<p><span style=\"font-weight: 400\">Egy kirak\u00f3s j\u00e1t\u00e9k \u00f6sszerak\u00e1sa a m\u00e9ly medit\u00e1ci\u00f3 hat\u00e1s\u00e1val j\u00e1r, pontosan az\u00e9rt, mert a figyelmedet hossz\u00fa id\u0151n kereszt\u00fcl egy pontos feladatra ir\u00e1ny\u00edtja. Ez megszabad\u00edtja az elm\u00e9t a negat\u00edv gondolatokt\u00f3l \u00e9s a mindennapi stresszt\u0151l, \u00e9s megtapasztalja a nagyon sz\u00fcks\u00e9ges b\u00e9ke \u00e1llapot\u00e1t.<\/span><\/p>\n<p><span style=\"font-weight: 400\">A Szent S\u00edr-templom 1000 darabos kirak\u00f3s j\u00e1t\u00e9k arra is alkalmat adhat, hogy szabadidej\u00e9t szeretteivel t\u00f6ltse. Szervezzenek kirak\u00f3stol\u00e1st a gyerekekkel, mes\u00e9ljenek a hely t\u00f6rt\u00e9nelm\u00e9r\u0151l vagy J\u00e9zus \u00e9let\u00e9r\u0151l. A kirak\u00f3s j\u00e1t\u00e9kb\u00f3l izgalmas tanul\u00e1si \u00e9s kreat\u00edv foglalkoz\u00e1s lesz.<\/span><\/p>\n<p><span style=\"font-weight: 400\">Fedezze fel a H\u00edres helyek puzzle gy\u0171jtem\u00e9ny 1000 darabos feln\u0151tt kirak\u00f3s j\u00e1t\u00e9k\u00e1t, \u00e9s hozza l\u00e9tre saj\u00e1t, egyedi gy\u0171jtem\u00e9ny\u00e9t a vil\u00e1g mes\u00e9s nevezetess\u00e9geit \u00e1br\u00e1zol\u00f3 k\u00e9pekb\u0151l.<\/span><\/p><\/p>\n","protected":false},"excerpt":{"rendered":"<p>A H\u00edres helyek puzzle-j\u00e1t\u00e9kok sorozata a vil\u00e1g sz\u00e1mos turisztikai l\u00e1tv\u00e1nyoss\u00e1g\u00e1nak k\u00e9peit gy\u0171jti egybe. P\u00e1ros\u00edtsd \u00f6ssze az 1000 puzzle darabjait, \u00e9s<\/p>\n","protected":false},"featured_media":33960,"template":"","meta":[],"product_brand":[],"product_cat":[1920,1919,1881],"product_tag":[],"class_list":{"0":"post-41447","1":"product","2":"type-product","3":"status-publish","4":"has-post-thumbnail","6":"product_cat-1000-darabos-kirakos-jatek","7":"product_cat-felnott-kirakos-jatekok","8":"product_cat-kirakos-jatekok","9":"pa_bax-10-hu","10":"pa_brand-d_toys-hu","11":"pa_country_of_manufacture-ro-hu","12":"pa_filter_age-14-hu","13":"pa_painter-hires-helyek","14":"pa_tip_ambalaj-doboz","15":"pa_tip_puzzle-klasszikus","17":"first","18":"instock","19":"taxable","20":"shipping-taxable","21":"product-type-simple"},"yoast_head":"<!-- This site is optimized with the Yoast SEO plugin v20.1 - https:\/\/yoast.com\/wordpress\/plugins\/seo\/ -->\n<title>1000 darabos feln\u0151tt puzzle H\u00edres helyek - Szent S\u00edr templom, Jeruzs\u00e1lem<\/title>\n<meta name=\"description\" content=\"1000 darabos feln\u0151tt puzzle H\u00edres helyek - Szent S\u00edr templom, Jeruzs\u00e1lem\" \/>\n<meta name=\"robots\" content=\"index, follow, max-snippet:-1, max-image-preview:large, max-video-preview:-1\" \/>\n<link rel=\"canonical\" href=\"https:\/\/business.roovi.com\/hu\/1000-darabos-felnott-puzzle-hires-helyek-szent-sir-templom-jeruzsalem\/p\/\" \/>\n<meta property=\"og:locale\" content=\"hu_HU\" \/>\n<meta property=\"og:type\" content=\"article\" \/>\n<meta property=\"og:title\" content=\"1000 darabos feln\u0151tt puzzle H\u00edres helyek - Szent S\u00edr templom, Jeruzs\u00e1lem\" \/>\n<meta property=\"og:description\" content=\"1000 darabos feln\u0151tt puzzle H\u00edres helyek - Szent S\u00edr templom, Jeruzs\u00e1lem\" \/>\n<meta property=\"og:url\" content=\"https:\/\/business.roovi.com\/hu\/1000-darabos-felnott-puzzle-hires-helyek-szent-sir-templom-jeruzsalem\/p\/\" \/>\n<meta property=\"og:site_name\" content=\"Roovi B2B\" \/>\n<meta property=\"article:publisher\" content=\"https:\/\/www.facebook.com\/wwwjucariero\" \/>\n<meta property=\"article:modified_time\" content=\"2022-07-06T17:04:31+00:00\" \/>\n<meta property=\"og:image\" content=\"https:\/\/business.roovi.com\/wp-content\/uploads\/2018\/04\/64288-11_ansamblu_dimensiuni_cutie_cm_orizontal.png\" \/>\n\t<meta property=\"og:image:width\" content=\"1200\" \/>\n\t<meta property=\"og:image:height\" content=\"1200\" \/>\n\t<meta property=\"og:image:type\" content=\"image\/png\" \/>\n<meta name=\"twitter:label1\" content=\"Becs\u00fclt olvas\u00e1si id\u0151\" \/>\n\t<meta name=\"twitter:data1\" content=\"5 perc\" \/>\n<script type=\"application\/ld+json\" class=\"yoast-schema-graph\">{\"@context\":\"https:\/\/schema.org\",\"@graph\":[{\"@type\":\"WebPage\",\"@id\":\"https:\/\/business.roovi.com\/hu\/1000-darabos-felnott-puzzle-hires-helyek-szent-sir-templom-jeruzsalem\/p\/\",\"url\":\"https:\/\/business.roovi.com\/hu\/1000-darabos-felnott-puzzle-hires-helyek-szent-sir-templom-jeruzsalem\/p\/\",\"name\":\"1000 darabos feln\u0151tt puzzle H\u00edres helyek - Szent S\u00edr templom, Jeruzs\u00e1lem\",\"isPartOf\":{\"@id\":\"https:\/\/business.roovi.com\/hu\/#website\"},\"datePublished\":\"2018-04-16T10:56:17+00:00\",\"dateModified\":\"2022-07-06T17:04:31+00:00\",\"description\":\"1000 darabos feln\u0151tt puzzle H\u00edres helyek - Szent S\u00edr templom, Jeruzs\u00e1lem\",\"breadcrumb\":{\"@id\":\"https:\/\/business.roovi.com\/hu\/1000-darabos-felnott-puzzle-hires-helyek-szent-sir-templom-jeruzsalem\/p\/#breadcrumb\"},\"inLanguage\":\"hu\",\"potentialAction\":[{\"@type\":\"ReadAction\",\"target\":[\"https:\/\/business.roovi.com\/hu\/1000-darabos-felnott-puzzle-hires-helyek-szent-sir-templom-jeruzsalem\/p\/\"]}]},{\"@type\":\"BreadcrumbList\",\"@id\":\"https:\/\/business.roovi.com\/hu\/1000-darabos-felnott-puzzle-hires-helyek-szent-sir-templom-jeruzsalem\/p\/#breadcrumb\",\"itemListElement\":[{\"@type\":\"ListItem\",\"position\":1,\"name\":\"Home\",\"item\":\"https:\/\/business.roovi.com\/hu\/\"},{\"@type\":\"ListItem\",\"position\":2,\"name\":\"Shop\",\"item\":\"https:\/\/business.roovi.com\/hu\/shop\/\"},{\"@type\":\"ListItem\",\"position\":3,\"name\":\"1000 darabos feln\u0151tt puzzle H\u00edres helyek &#8211; Szent S\u00edr templom, Jeruzs\u00e1lem\"}]},{\"@type\":\"WebSite\",\"@id\":\"https:\/\/business.roovi.com\/hu\/#website\",\"url\":\"https:\/\/business.roovi.com\/hu\/\",\"name\":\"Roovi B2B\",\"description\":\"Roovi Business Website\",\"potentialAction\":[{\"@type\":\"SearchAction\",\"target\":{\"@type\":\"EntryPoint\",\"urlTemplate\":\"https:\/\/business.roovi.com\/hu\/?s={search_term_string}\"},\"query-input\":\"required name=search_term_string\"}],\"inLanguage\":\"hu\"}]}<\/script>\n<!-- \/ Yoast SEO plugin. -->","yoast_head_json":{"title":"1000 darabos feln\u0151tt puzzle H\u00edres helyek - Szent S\u00edr templom, Jeruzs\u00e1lem","description":"1000 darabos feln\u0151tt puzzle H\u00edres helyek - Szent S\u00edr templom, Jeruzs\u00e1lem","robots":{"index":"index","follow":"follow","max-snippet":"max-snippet:-1","max-image-preview":"max-image-preview:large","max-video-preview":"max-video-preview:-1"},"canonical":"https:\/\/business.roovi.com\/hu\/1000-darabos-felnott-puzzle-hires-helyek-szent-sir-templom-jeruzsalem\/p\/","og_locale":"hu_HU","og_type":"article","og_title":"1000 darabos feln\u0151tt puzzle H\u00edres helyek - Szent S\u00edr templom, Jeruzs\u00e1lem","og_description":"1000 darabos feln\u0151tt puzzle H\u00edres helyek - Szent S\u00edr templom, Jeruzs\u00e1lem","og_url":"https:\/\/business.roovi.com\/hu\/1000-darabos-felnott-puzzle-hires-helyek-szent-sir-templom-jeruzsalem\/p\/","og_site_name":"Roovi B2B","article_publisher":"https:\/\/www.facebook.com\/wwwjucariero","article_modified_time":"2022-07-06T17:04:31+00:00","og_image":[{"width":1200,"height":1200,"url":"https:\/\/business.roovi.com\/wp-content\/uploads\/2018\/04\/64288-11_ansamblu_dimensiuni_cutie_cm_orizontal.png","type":"image\/png"}],"twitter_misc":{"Becs\u00fclt olvas\u00e1si id\u0151":"5 perc"},"schema":{"@context":"https:\/\/schema.org","@graph":[{"@type":"WebPage","@id":"https:\/\/business.roovi.com\/hu\/1000-darabos-felnott-puzzle-hires-helyek-szent-sir-templom-jeruzsalem\/p\/","url":"https:\/\/business.roovi.com\/hu\/1000-darabos-felnott-puzzle-hires-helyek-szent-sir-templom-jeruzsalem\/p\/","name":"1000 darabos feln\u0151tt puzzle H\u00edres helyek - Szent S\u00edr templom, Jeruzs\u00e1lem","isPartOf":{"@id":"https:\/\/business.roovi.com\/hu\/#website"},"datePublished":"2018-04-16T10:56:17+00:00","dateModified":"2022-07-06T17:04:31+00:00","description":"1000 darabos feln\u0151tt puzzle H\u00edres helyek - Szent S\u00edr templom, Jeruzs\u00e1lem","breadcrumb":{"@id":"https:\/\/business.roovi.com\/hu\/1000-darabos-felnott-puzzle-hires-helyek-szent-sir-templom-jeruzsalem\/p\/#breadcrumb"},"inLanguage":"hu","potentialAction":[{"@type":"ReadAction","target":["https:\/\/business.roovi.com\/hu\/1000-darabos-felnott-puzzle-hires-helyek-szent-sir-templom-jeruzsalem\/p\/"]}]},{"@type":"BreadcrumbList","@id":"https:\/\/business.roovi.com\/hu\/1000-darabos-felnott-puzzle-hires-helyek-szent-sir-templom-jeruzsalem\/p\/#breadcrumb","itemListElement":[{"@type":"ListItem","position":1,"name":"Home","item":"https:\/\/business.roovi.com\/hu\/"},{"@type":"ListItem","position":2,"name":"Shop","item":"https:\/\/business.roovi.com\/hu\/shop\/"},{"@type":"ListItem","position":3,"name":"1000 darabos feln\u0151tt puzzle H\u00edres helyek &#8211; Szent S\u00edr templom, Jeruzs\u00e1lem"}]},{"@type":"WebSite","@id":"https:\/\/business.roovi.com\/hu\/#website","url":"https:\/\/business.roovi.com\/hu\/","name":"Roovi B2B","description":"Roovi Business Website","potentialAction":[{"@type":"SearchAction","target":{"@type":"EntryPoint","urlTemplate":"https:\/\/business.roovi.com\/hu\/?s={search_term_string}"},"query-input":"required name=search_term_string"}],"inLanguage":"hu"}]}},"_links":{"self":[{"href":"https:\/\/business.roovi.com\/hu\/wp-json\/wp\/v2\/product\/41447","targetHints":{"allow":["GET"]}}],"collection":[{"href":"https:\/\/business.roovi.com\/hu\/wp-json\/wp\/v2\/product"}],"about":[{"href":"https:\/\/business.roovi.com\/hu\/wp-json\/wp\/v2\/types\/product"}],"version-history":[{"count":0,"href":"https:\/\/business.roovi.com\/hu\/wp-json\/wp\/v2\/product\/41447\/revisions"}],"wp:featuredmedia":[{"embeddable":true,"href":"https:\/\/business.roovi.com\/hu\/wp-json\/wp\/v2\/media\/33960"}],"wp:attachment":[{"href":"https:\/\/business.roovi.com\/hu\/wp-json\/wp\/v2\/media?parent=41447"}],"wp:term":[{"taxonomy":"product_brand","embeddable":true,"href":"https:\/\/business.roovi.com\/hu\/wp-json\/wp\/v2\/product_brand?post=41447"},{"taxonomy":"product_cat","embeddable":true,"href":"https:\/\/business.roovi.com\/hu\/wp-json\/wp\/v2\/product_cat?post=41447"},{"taxonomy":"product_tag","embeddable":true,"href":"https:\/\/business.roovi.com\/hu\/wp-json\/wp\/v2\/product_tag?post=41447"}],"curies":[{"name":"wp","href":"https:\/\/api.w.org\/{rel}","templated":true}]}}