{"id":41483,"date":"2018-04-16T10:56:17","date_gmt":"2018-04-16T10:56:17","guid":{"rendered":"https:\/\/business.roovi.com\/puzzle-adulti-1000-piese-cal-sur\/p\/"},"modified":"2022-10-25T11:20:25","modified_gmt":"2022-10-25T11:20:25","slug":"felnott-puzzle-1000-darab-cal-sur","status":"publish","type":"product","link":"https:\/\/business.roovi.com\/hu\/felnott-puzzle-1000-darab-cal-sur\/p\/","title":{"rendered":"Feln\u0151tt puzzle 1000 darab Cal sur"},"content":{"rendered":"<p><strong><em>Az 1000 darabos Cal sur puzzle-ben olyan k\u00e9pet tal\u00e1lsz, amely a v\u00e9gtelen szabads\u00e1g \u00e9rz\u00e9s\u00e9t kelti. Rakd \u00f6ssze darabr\u00f3l darabra, \u00e9s csod\u00e1ld meg a leny\u0171g\u00f6z\u0151 k\u00e9pet, amikor \u00fagy \u00e9rzed, hogy el kell menek\u00fcln\u00f6d a mindennapok el\u0151l.<\/em><\/strong><\/p>\n<p><span style=\"font-weight: 400;\">A lovak \u00e9vezredek \u00f3ta az ember megb\u00edzhat\u00f3 t\u00e1rsai, akiket vontat\u00f3\u00e1llatk\u00e9nt, sz\u00e1ll\u00edt\u00f3\u00e1llatk\u00e9nt, s\u00e9takocsik\u00e1z\u00e1sban, h\u00e1bor\u00faban vagy \u00fajabban ter\u00e1pi\u00e1s c\u00e9llal, k\u00fcl\u00f6nb\u00f6z\u0151 betegs\u00e9gek vagy f\u00fcgg\u0151s\u00e9gek kezel\u00e9s\u00e9re haszn\u00e1lnak.<\/span><\/p>\n<p><span style=\"font-weight: 400;\">Az 1000 darabos Cal sur puzzle egy nemes \u00e1llatot \u00e1br\u00e1zol, amely a vadonban \u00e9lvezi a szabads\u00e1got. Ak\u00e1r leny\u0171g\u00f6z ez az okos \u00e1llat, ak\u00e1r kreat\u00edvan szeretn\u00e9 elt\u00f6lteni a szabadidej\u00e9t, az 1000 darabos D\u00e9li l\u00f3 kirak\u00f3j\u00e1t\u00e9k pontosan az, amire sz\u00fcks\u00e9ge van.<\/span><\/p>\n<p><span style=\"font-weight: 400;\">Az 1000 puzzle-darabot pontosan v\u00e1gj\u00e1k ki, \u00e9s t\u00f6k\u00e9letesen illeszkedik egym\u00e1shoz, \u00edgy egy leny\u0171g\u00f6z\u0151 k\u00e9pet kap, amelyet azt\u00e1n bekeretezhet. St\u00edlusos megjelen\u00e9st k\u00f6lcs\u00f6n\u00f6z minden unalmas helynek, ahol megjelen\u00edti.<\/span><\/p>\n<p><strong>Mi\u00e9rt v\u00e1lassza az 1000 darabos Cal sur puzzle-t?<\/strong><\/p>\n<p><span style=\"font-weight: 400;\">Ez egy pihentet\u0151 m\u00f3dja a szabadid\u0151 elt\u00f6lt\u00e9s\u00e9nek.<\/span><\/p>\n<p><span style=\"font-weight: 400;\">J\u00f3 \u00e9rz\u00e9ssel \u00e9s optimizmussal t\u00f6lt el <\/span><\/p>\n<p><span style=\"font-weight: 400;\">Egy 68 x 47 cm-es festm\u00e9nyt kap, amely nagyszer\u0171 dekor\u00e1ci\u00f3s t\u00e1rgy lesz.<\/span><\/p>\n<p><span style=\"font-weight: 400;\">Kiv\u00e1l\u00f3 min\u0151s\u00e9g\u0171 k\u00e9k kartonb\u00f3l k\u00e9sz\u00fclt, ami id\u0151vel tart\u00f3sabb\u00e1 teszi <\/span><\/p>\n<p><span style=\"font-weight: 400;\">K\u00f6rnyezetbar\u00e1t, mivel \u00fajrahasznos\u00edthat\u00f3 \u00e9s fenntarthat\u00f3 anyagokb\u00f3l k\u00e9sz\u00fcl.<\/span><\/p>\n<p><span style=\"font-weight: 400;\">A fel\u00fclet f\u00e9lig f\u00e9nyes, kellemes sz\u00ednekben, amelyek kiemelik a k\u00e9p tisztas\u00e1g\u00e1t.<\/span><\/p>\n<p><span style=\"font-weight: 400;\">A 14 \u00e9v felettiek sz\u00e1m\u00e1ra alkalmas, egy lehet\u0151s\u00e9g a szabadid\u0151 elt\u00f6lt\u00e9s\u00e9re a tin\u00e9dzserekkel.<\/span><\/p>\n<p><strong>Tudtad, hogy&#8230;?<\/strong><\/p>\n<p><span style=\"font-weight: 400;\">A vil\u00e1gon ma k\u00f6r\u00fclbel\u00fcl 600 l\u00f3fajta l\u00e9tezik.<\/span><\/p>\n<p><span style=\"font-weight: 400;\">A vil\u00e1g leghosszabb \u00e9let\u0171 lova 62 \u00e9vet \u00e9lt. Egy l\u00f3 \u00e1ltal\u00e1ban 25-30 \u00e9vig \u00e9l.<\/span><\/p>\n<p><span style=\"font-weight: 400;\">A lovak \u00e1llva is tudnak aludni <\/span><\/p>\n<p><span style=\"font-weight: 400;\">A h\u00edmeknek t\u00f6bb foguk van, mint a n\u0151st\u00e9nyeknek. A l\u00f3nak \u00e1ltal\u00e1ban 40, a n\u0151st\u00e9nynek 36 foga van.<\/span><\/p>\n<p><span style=\"font-weight: 400;\">A Feng Shui-ban a l\u00f3 a sikert \u00e9s az anyagi b\u0151s\u00e9get szimboliz\u00e1lja <\/span><\/p>\n<p><strong>5 k\u00e9szs\u00e9g, amit a kirak\u00f3s j\u00e1t\u00e9kokkal fejleszthetsz<\/strong><\/p>\n<ul>\n<li><span style=\"font-weight: 400;\">K\u00e9pess\u00e9g<\/span><\/li>\n<li><span style=\"font-weight: 400;\">Figyelem a r\u00e9szletekre<\/span><\/li>\n<li><span style=\"font-weight: 400;\">Logikus gondolkod\u00e1s<\/span><\/li>\n<li><span style=\"font-weight: 400;\">Kreativit\u00e1s<\/span><\/li>\n<li><span style=\"font-weight: 400;\">Probl\u00e9mamegold\u00f3 k\u00e9szs\u00e9g.<\/span><\/li>\n<\/ul>\n<p><span style=\"font-weight: 400;\">Az 1000 darabos Cal sur puzzle egy olyan kirak\u00f3s j\u00e1t\u00e9k, amelyet a gyerekekkel egy\u00fctt rakhatsz \u00f6ssze az unalmas napokon, amikor a rossz id\u0151j\u00e1r\u00e1s miatt nem tudsz bemenni a h\u00e1zba. A gyerekeket leny\u0171g\u00f6zi ez a gy\u00f6ny\u00f6r\u0171 k\u00e9p. Adj hozz\u00e1 n\u00e9h\u00e1ny egyedi inform\u00e1ci\u00f3t ezekr\u0151l a nemes \u00e1llatokr\u00f3l, \u00e9s m\u00e1ris biztos\u00edtva van egy kreat\u00edv \u00e9s oktat\u00f3 tev\u00e9kenys\u00e9g kicsiknek \u00e9s nagyoknak egyar\u00e1nt<\/span><span style=\"font-weight: 400;\">i.<\/span><\/p>\n<p><span style=\"font-weight: 400;\">Fantasztikus aj\u00e1nd\u00e9k\u00f6tletre van sz\u00fcks\u00e9ge? Az 1000 darabos South Cal puzzle ide\u00e1lis aj\u00e1nd\u00e9k az \u00fcnnepekre vagy \u00e9vfordul\u00f3kra.<\/span><\/p>\n","protected":false},"excerpt":{"rendered":"<p>Az 1000 darabos Cal sur puzzle-ben olyan k\u00e9pet tal\u00e1lsz, amely a v\u00e9gtelen szabads\u00e1g \u00e9rz\u00e9s\u00e9t kelti. Rakd \u00f6ssze darabr\u00f3l darabra, \u00e9s<\/p>\n","protected":false},"featured_media":60054,"template":"","meta":[],"product_brand":[],"product_cat":[1920,1919,1881],"product_tag":[],"class_list":{"0":"post-41483","1":"product","2":"type-product","3":"status-publish","4":"has-post-thumbnail","6":"product_cat-1000-darabos-kirakos-jatek","7":"product_cat-felnott-kirakos-jatekok","8":"product_cat-kirakos-jatekok","9":"pa_bax-10-hu","10":"pa_brand-d_toys-hu","11":"pa_country_of_manufacture-ro-hu","12":"pa_filter_age-14-hu","13":"pa_painter-lovak","14":"pa_tip_ambalaj-doboz","15":"pa_tip_puzzle-klasszikus","17":"first","18":"instock","19":"taxable","20":"shipping-taxable","21":"product-type-simple"},"yoast_head":"<!-- This site is optimized with the Yoast SEO plugin v20.1 - https:\/\/yoast.com\/wordpress\/plugins\/seo\/ -->\n<title>Feln\u0151tt puzzle 1000 darab Cal sur<\/title>\n<meta name=\"description\" content=\"Feln\u0151tt puzzle 1000 darab Cal sur\" \/>\n<meta name=\"robots\" content=\"index, follow, max-snippet:-1, max-image-preview:large, max-video-preview:-1\" \/>\n<link rel=\"canonical\" href=\"https:\/\/business.roovi.com\/hu\/felnott-puzzle-1000-darab-cal-sur\/p\/\" \/>\n<meta property=\"og:locale\" content=\"hu_HU\" \/>\n<meta property=\"og:type\" content=\"article\" \/>\n<meta property=\"og:title\" content=\"Feln\u0151tt puzzle 1000 darab Cal sur\" \/>\n<meta property=\"og:description\" content=\"Feln\u0151tt puzzle 1000 darab Cal sur\" \/>\n<meta property=\"og:url\" content=\"https:\/\/business.roovi.com\/hu\/felnott-puzzle-1000-darab-cal-sur\/p\/\" \/>\n<meta property=\"og:site_name\" content=\"Roovi B2B\" \/>\n<meta property=\"article:publisher\" content=\"https:\/\/www.facebook.com\/wwwjucariero\" \/>\n<meta property=\"article:modified_time\" content=\"2022-10-25T11:20:25+00:00\" \/>\n<meta property=\"og:image\" content=\"https:\/\/business.roovi.com\/wp-content\/uploads\/2018\/04\/65988-02-Ansamblu_dimensiuni-cutie-cm_vertical-3.png\" \/>\n\t<meta property=\"og:image:width\" content=\"1200\" \/>\n\t<meta property=\"og:image:height\" content=\"1200\" \/>\n\t<meta property=\"og:image:type\" content=\"image\/png\" \/>\n<meta name=\"twitter:label1\" content=\"Becs\u00fclt olvas\u00e1si id\u0151\" \/>\n\t<meta name=\"twitter:data1\" content=\"2 perc\" \/>\n<script type=\"application\/ld+json\" class=\"yoast-schema-graph\">{\"@context\":\"https:\/\/schema.org\",\"@graph\":[{\"@type\":\"WebPage\",\"@id\":\"https:\/\/business.roovi.com\/hu\/felnott-puzzle-1000-darab-cal-sur\/p\/\",\"url\":\"https:\/\/business.roovi.com\/hu\/felnott-puzzle-1000-darab-cal-sur\/p\/\",\"name\":\"Feln\u0151tt puzzle 1000 darab Cal sur\",\"isPartOf\":{\"@id\":\"https:\/\/business.roovi.com\/hu\/#website\"},\"datePublished\":\"2018-04-16T10:56:17+00:00\",\"dateModified\":\"2022-10-25T11:20:25+00:00\",\"description\":\"Feln\u0151tt puzzle 1000 darab Cal sur\",\"breadcrumb\":{\"@id\":\"https:\/\/business.roovi.com\/hu\/felnott-puzzle-1000-darab-cal-sur\/p\/#breadcrumb\"},\"inLanguage\":\"hu\",\"potentialAction\":[{\"@type\":\"ReadAction\",\"target\":[\"https:\/\/business.roovi.com\/hu\/felnott-puzzle-1000-darab-cal-sur\/p\/\"]}]},{\"@type\":\"BreadcrumbList\",\"@id\":\"https:\/\/business.roovi.com\/hu\/felnott-puzzle-1000-darab-cal-sur\/p\/#breadcrumb\",\"itemListElement\":[{\"@type\":\"ListItem\",\"position\":1,\"name\":\"Home\",\"item\":\"https:\/\/business.roovi.com\/hu\/\"},{\"@type\":\"ListItem\",\"position\":2,\"name\":\"Shop\",\"item\":\"https:\/\/business.roovi.com\/hu\/shop\/\"},{\"@type\":\"ListItem\",\"position\":3,\"name\":\"Feln\u0151tt puzzle 1000 darab Cal sur\"}]},{\"@type\":\"WebSite\",\"@id\":\"https:\/\/business.roovi.com\/hu\/#website\",\"url\":\"https:\/\/business.roovi.com\/hu\/\",\"name\":\"Roovi B2B\",\"description\":\"Roovi Business Website\",\"potentialAction\":[{\"@type\":\"SearchAction\",\"target\":{\"@type\":\"EntryPoint\",\"urlTemplate\":\"https:\/\/business.roovi.com\/hu\/?s={search_term_string}\"},\"query-input\":\"required name=search_term_string\"}],\"inLanguage\":\"hu\"}]}<\/script>\n<!-- \/ Yoast SEO plugin. -->","yoast_head_json":{"title":"Feln\u0151tt puzzle 1000 darab Cal sur","description":"Feln\u0151tt puzzle 1000 darab Cal sur","robots":{"index":"index","follow":"follow","max-snippet":"max-snippet:-1","max-image-preview":"max-image-preview:large","max-video-preview":"max-video-preview:-1"},"canonical":"https:\/\/business.roovi.com\/hu\/felnott-puzzle-1000-darab-cal-sur\/p\/","og_locale":"hu_HU","og_type":"article","og_title":"Feln\u0151tt puzzle 1000 darab Cal sur","og_description":"Feln\u0151tt puzzle 1000 darab Cal sur","og_url":"https:\/\/business.roovi.com\/hu\/felnott-puzzle-1000-darab-cal-sur\/p\/","og_site_name":"Roovi B2B","article_publisher":"https:\/\/www.facebook.com\/wwwjucariero","article_modified_time":"2022-10-25T11:20:25+00:00","og_image":[{"width":1200,"height":1200,"url":"https:\/\/business.roovi.com\/wp-content\/uploads\/2018\/04\/65988-02-Ansamblu_dimensiuni-cutie-cm_vertical-3.png","type":"image\/png"}],"twitter_misc":{"Becs\u00fclt olvas\u00e1si id\u0151":"2 perc"},"schema":{"@context":"https:\/\/schema.org","@graph":[{"@type":"WebPage","@id":"https:\/\/business.roovi.com\/hu\/felnott-puzzle-1000-darab-cal-sur\/p\/","url":"https:\/\/business.roovi.com\/hu\/felnott-puzzle-1000-darab-cal-sur\/p\/","name":"Feln\u0151tt puzzle 1000 darab Cal sur","isPartOf":{"@id":"https:\/\/business.roovi.com\/hu\/#website"},"datePublished":"2018-04-16T10:56:17+00:00","dateModified":"2022-10-25T11:20:25+00:00","description":"Feln\u0151tt puzzle 1000 darab Cal sur","breadcrumb":{"@id":"https:\/\/business.roovi.com\/hu\/felnott-puzzle-1000-darab-cal-sur\/p\/#breadcrumb"},"inLanguage":"hu","potentialAction":[{"@type":"ReadAction","target":["https:\/\/business.roovi.com\/hu\/felnott-puzzle-1000-darab-cal-sur\/p\/"]}]},{"@type":"BreadcrumbList","@id":"https:\/\/business.roovi.com\/hu\/felnott-puzzle-1000-darab-cal-sur\/p\/#breadcrumb","itemListElement":[{"@type":"ListItem","position":1,"name":"Home","item":"https:\/\/business.roovi.com\/hu\/"},{"@type":"ListItem","position":2,"name":"Shop","item":"https:\/\/business.roovi.com\/hu\/shop\/"},{"@type":"ListItem","position":3,"name":"Feln\u0151tt puzzle 1000 darab Cal sur"}]},{"@type":"WebSite","@id":"https:\/\/business.roovi.com\/hu\/#website","url":"https:\/\/business.roovi.com\/hu\/","name":"Roovi B2B","description":"Roovi Business Website","potentialAction":[{"@type":"SearchAction","target":{"@type":"EntryPoint","urlTemplate":"https:\/\/business.roovi.com\/hu\/?s={search_term_string}"},"query-input":"required name=search_term_string"}],"inLanguage":"hu"}]}},"_links":{"self":[{"href":"https:\/\/business.roovi.com\/hu\/wp-json\/wp\/v2\/product\/41483","targetHints":{"allow":["GET"]}}],"collection":[{"href":"https:\/\/business.roovi.com\/hu\/wp-json\/wp\/v2\/product"}],"about":[{"href":"https:\/\/business.roovi.com\/hu\/wp-json\/wp\/v2\/types\/product"}],"version-history":[{"count":0,"href":"https:\/\/business.roovi.com\/hu\/wp-json\/wp\/v2\/product\/41483\/revisions"}],"wp:featuredmedia":[{"embeddable":true,"href":"https:\/\/business.roovi.com\/hu\/wp-json\/wp\/v2\/media\/60054"}],"wp:attachment":[{"href":"https:\/\/business.roovi.com\/hu\/wp-json\/wp\/v2\/media?parent=41483"}],"wp:term":[{"taxonomy":"product_brand","embeddable":true,"href":"https:\/\/business.roovi.com\/hu\/wp-json\/wp\/v2\/product_brand?post=41483"},{"taxonomy":"product_cat","embeddable":true,"href":"https:\/\/business.roovi.com\/hu\/wp-json\/wp\/v2\/product_cat?post=41483"},{"taxonomy":"product_tag","embeddable":true,"href":"https:\/\/business.roovi.com\/hu\/wp-json\/wp\/v2\/product_tag?post=41483"}],"curies":[{"name":"wp","href":"https:\/\/api.w.org\/{rel}","templated":true}]}}