{"id":41487,"date":"2018-04-16T10:56:17","date_gmt":"2018-04-16T10:56:17","guid":{"rendered":"https:\/\/business.roovi.com\/puzzle-adulti-1000-piese-egiptul-antic-masca-mortuara-a-lui-tutankhamon\/p\/"},"modified":"2022-07-06T17:09:51","modified_gmt":"2022-07-06T17:09:51","slug":"okori-egyiptom-1000-darabos-felnott-puzzle-tutanhamon-halalos-maszkja","status":"publish","type":"product","link":"https:\/\/business.roovi.com\/hu\/okori-egyiptom-1000-darabos-felnott-puzzle-tutanhamon-halalos-maszkja\/p\/","title":{"rendered":"\u00d3kori Egyiptom 1000 darabos feln\u0151tt puzzle &#8211; Tutanhamon hal\u00e1los maszkja"},"content":{"rendered":"<p><span style=\"font-weight: 400\">Olyan tev\u00e9kenys\u00e9gre v\u00e1gysz, amely kih\u00edv\u00e1st jelent az elm\u00e9dnek \u00e9s ellaz\u00edt? Vagy egyedi aj\u00e1nd\u00e9kot keres egy kedves bar\u00e1tj\u00e1nak? Mit sz\u00f3ln\u00e1l egy 1000 darabos puzzle-hoz Tutanhamon maszkj\u00e1nak k\u00e9p\u00e9vel? T\u00f6k\u00e9letes v\u00e1laszt\u00e1s, amely egyszerre kih\u00edv\u00e1s \u00e9s \u00f6r\u00f6m.<\/span><\/p>\n<p><span style=\"font-weight: 400\">Fedezd fel az \u00f3kori Egyiptom leny\u0171g\u00f6z\u0151 t\u00f6rt\u00e9nelm\u00e9t, ha \u00f6sszerakod ezt a csod\u00e1latos k\u00e9pet egy kiv\u00e9teles kirak\u00f3s j\u00e1t\u00e9kb\u00f3l.<\/span><\/p>\n<p><span style=\"font-weight: 400\">1000 darab Maszk a <\/span><span style=\"font-weight: 400\">A Tutanhamon \u00fajrateremti a vil\u00e1g egyik legh\u00edresebb m\u0171alkot\u00e1s\u00e1nak k\u00e9p\u00e9t. A Tutanhamon f\u00e1ra\u00f3 s\u00edrj\u00e1ban 1925-ben felfedezett s\u00edreml\u00e9k aranyb\u00f3l k\u00e9sz\u00fclt, d\u00edsz\u00edtett \u00e9s festett maszk <\/span><span style=\"font-weight: 400\">lapis lazuli, kvarc, obszidi\u00e1n, t\u00fcrkiz, fajansz \u00e9s \u00fcveg.<\/span><\/p>\n<p><span style=\"font-weight: 400\">A maszk \u00e9s a f\u00e1ra\u00f3 teljes kincsesl\u00e1d\u00e1ja a kair\u00f3i Egyiptomi M\u00fazeumban tekinthet\u0151 meg. Most m\u00e1r \u00d6n is \u00e9lvezheti ezt a mes\u00e9s m\u0171t\u00e1rgyat saj\u00e1t otthon\u00e1ban. Rakd \u00f6ssze ezt a m\u0171v\u00e9szeti puzzle-t az \u00f3kori Egyiptom kirak\u00f3s gy\u0171jtem\u00e9nyb\u0151l, \u00e9s csod\u00e1ld meg a t\u00f6bb mint 3000 \u00e9ves m\u0171alkot\u00e1sok k\u00e9p\u00e9t.<\/span><\/p>\n<p><span style=\"font-weight: 400\">Az 1000 darabos Tomb Mask of Tutankhamun puzzle kiv\u00e1l\u00f3 min\u0151s\u00e9g\u0171, 2 mm vastag k\u00e9k kartonb\u00f3l k\u00e9sz\u00fclt, ami hossz\u00fa ideig tart\u00f3 ellen\u00e1ll\u00e1st biztos\u00edt a t\u00f6bbsz\u00f6ri haszn\u00e1lat sor\u00e1n. Az \u00f6sszeszerel\u00e9shez haszn\u00e1lhat egy hagyom\u00e1nyos doh\u00e1nyz\u00f3asztalt. A fel\u00faj\u00edtott t\u00e1bla m\u00e9rete 50 x 70 cm.<\/span><\/p>\n<p><strong>Mi\u00e9rt k\u00fcl\u00f6nleges 1000 darab Puzzle Tomb Mask of Tutankhamon?<\/strong><\/p>\n<p><span style=\"font-weight: 400\">A prec\u00edz v\u00e1g\u00e1snak k\u00f6sz\u00f6nhet\u0151en az 1000 puzzle-darab t\u00f6k\u00e9letesen illeszkedik egym\u00e1shoz. \u00cdgy, <\/span><span style=\"font-weight: 400\">egy leny\u0171g\u00f6z\u0151 festm\u00e9nyt kap, amelyet ki\u00e1ll\u00edthat otthon\u00e1ban <\/span><\/p>\n<p><span style=\"font-weight: 400\">Fenntarthat\u00f3, \u00fajrahasznos\u00edthat\u00f3 anyagokb\u00f3l k\u00e9sz\u00fclt, \u00e9s felel\u0151ss\u00e9gteljesen j\u00e1tszol, mik\u00f6zben v\u00e9ded a term\u00e9szetet.<\/span><\/p>\n<p><span style=\"font-weight: 400\">Nagyszer\u0171, f\u00e9lig f\u00e9nyes fel\u00fclet\u0171, \u00e9l\u00e9nk sz\u00ednekben.<\/span><\/p>\n<p><span style=\"font-weight: 400\">Mind\u00f6ssze 1000 darabb\u00f3l \u00e1ll, \u00e9s \u00f6sszeszerel\u00e9s\u00fck ak\u00e1r 30 \u00f3r\u00e1nyi pihentet\u0151 sz\u00f3rakoz\u00e1st is ny\u00fajt.<\/span><\/p>\n<p><span style=\"font-weight: 400\">T\u00f6k\u00e9letes lehet\u0151s\u00e9g arra, hogy t\u00f6bbet interakci\u00f3zzon \u00e9s k\u00f6t\u0151dj\u00f6n tizen\u00e9ves gyermekeivel, mivel ez egy 14 \u00e9ven fel\u00fcliek sz\u00e1m\u00e1ra alkalmas kirak\u00f3s j\u00e1t\u00e9k.<\/span><\/p>\n<p><strong>Tudtad, hogy&#8230;?<\/strong><\/p>\n<p><span style=\"font-weight: 400\">Tutanhamon halotti maszkj\u00e1t a vil\u00e1g legh\u00edresebb lelet\u00e9nek tartj\u00e1k.<\/span><\/p>\n<p><span style=\"font-weight: 400\">Tutanhamon s\u00edrj\u00e1t tartj\u00e1k a vil\u00e1g legdr\u00e1g\u00e1bbj\u00e1nak.<\/span><\/p>\n<p><span style=\"font-weight: 400\">A maszk v\u00e1ll\u00e1ra egyiptomi hieroglif\u00e1kkal van \u00edrva egy v\u00e9d\u0151var\u00e1zslat, amely a k\u00f6vetkez\u0151kt\u0151l sz\u00e1rmazik <\/span><em><span style=\"font-weight: 400\">A halottak k\u00f6nyve<\/span><\/em><span style=\"font-weight: 400\">.<\/span><\/p>\n<p><span style=\"font-weight: 400\">2015-ben a maszk fonott szak\u00e1lla leesett, \u00e9s a m\u00fazeum alkalmazottai durv\u00e1n felragasztott\u00e1k. Hossz\u00fa id\u0151be telt a m\u0171t\u00e1rgy helyre\u00e1ll\u00edt\u00e1sa.<\/span><\/p>\n<p><span style=\"font-weight: 400\">Tutanhamon ortop\u00e9d szand\u00e1lt viselt. Ezek talp\u00e1n ellens\u00e9gk\u00e9pek voltak festve, hogy a kir\u00e1ly mindig r\u00e1juk l\u00e9pjen.<\/span><\/p>\n<p><span style=\"font-weight: 400\">Tutanhamon 9 \u00e9vesen lett kir\u00e1ly, \u00e9s 18 \u00e9vesen halt meg. Hal\u00e1l\u00e1nak pontos oka nem ismert. T\u00f6bb feltev\u00e9s is l\u00e9tezik: mal\u00e1ria, csontbetegs\u00e9g vagy v\u00e9rbetegs\u00e9g.<\/span><\/p>\n<p><strong>5 el\u0151ny, amit az 1000 darabos kirak\u00f3s kit\u00f6lt\u00e9s\u00e9vel \u00e9lvezhetsz<\/strong><\/p>\n<p><strong>K\u00e9pezd az elm\u00e9det<\/strong><span style=\"font-weight: 400\">. Ha siker\u00fcl legal\u00e1bb napi 30 percet sz\u00e1nni a rejtv\u00e9nyfejt\u00e9sre, az agyad eg\u00e9szs\u00e9ges \u00e9s akt\u00edv marad.<\/span><\/p>\n<p><strong>Fejleszti a vizu\u00e1lis-t\u00e9rbeli gondolkod\u00e1s\u00e1t.<\/strong><span style=\"font-weight: 400\"> Ez olyan mindennapi feladatokhoz sz\u00fcks\u00e9ges, mint az aut\u00f3vezet\u00e9s, a t\u00e9rk\u00e9pek haszn\u00e1lata vagy a t\u00e1rgyak elrendez\u00e9se kis helyen.<\/span><\/p>\n<p><strong>N\u00f6veli a koncentr\u00e1ci\u00f3s k\u00e9pess\u00e9g\u00e9t<\/strong><span style=\"font-weight: 400\">. A c\u00e9ljaid el\u00e9r\u00e9s\u00e9hez intenz\u00edven kell koncentr\u00e1lnod. Az 1000 darabos kirak\u00f3s kit\u0171n\u0151 gyakorlat erre.<\/span><\/p>\n<p><strong>N\u00f6veli a termel\u00e9kenys\u00e9g\u00e9t.<\/strong><span style=\"font-weight: 400\"> A pontos feladatokra \u00f6sszpontos\u00edt\u00f3 nyugodt elme k\u00e9pes megbirk\u00f3zni a szakmai kih\u00edv\u00e1sokkal.<\/span><\/p>\n<p><strong>Jav\u00edtja a mem\u00f3ri\u00e1j\u00e1t.<\/strong><span style=\"font-weight: 400\"> Egy 1000 darabos kirak\u00f3s minden egyes \u00faj \u00f6sszerak\u00e1sakor meg kell jegyezni a darabok alakj\u00e1t, illetve azt, hogy hol illeszkednek egym\u00e1shoz. Teh\u00e1t a kirak\u00f3s j\u00e1t\u00e9k egy csod\u00e1latos gyakorlat a mem\u00f3ria sz\u00e1m\u00e1ra.<\/span><\/p>\n<p><span style=\"font-weight: 400\">Az 1000 darabos puzzle A Tutanhamon halotti maszkja az egyiptomi f\u00e1ra\u00f3k leny\u0171g\u00f6z\u0151 vil\u00e1g\u00e1ba kalauzol el. E csod\u00e1latos m\u0171v\u00e9szi rejtv\u00e9ny el\u0151tt \u00fagy fogod \u00e9rezni magad, mint egy igazi detekt\u00edv, aki kitart\u00f3an keresi a nyomokat, hogy megoldjon egy 3000 \u00e9ves rejt\u00e9lyt.<\/span><\/p>\n<p><span style=\"font-weight: 400\">Az 1000 darabos The Death Mask of Tutankhamun puzzle az Ancient Egypt puzzle kollekci\u00f3 r\u00e9sze. Fedezze fel a term\u00e9kcsal\u00e1d \u00f6sszes rejtv\u00e9ny\u00e9t, \u00e9s hozza l\u00e9tre saj\u00e1t, gy\u00f6ny\u00f6r\u0171 festm\u00e9nyekb\u0151l \u00e1ll\u00f3 gy\u0171jtem\u00e9ny\u00e9t.<\/span><\/p>\n<p><span style=\"font-weight: 400\">V\u00e1s\u00e1rolja meg az Ancient Egypt &#8211; The Mortuary Mask of Tutankhamun feln\u0151tt kirak\u00f3s j\u00e1t\u00e9kot, \u00e9s t\u00f6lts\u00f6n el ak\u00e1r 30 \u00f3r\u00e1nyi kikapcsol\u00f3d\u00e1st a legh\u00edresebb egyiptomi lelet \u00f6ssze\u00e1ll\u00edt\u00e1s\u00e1val. Keretezze be a rekonstru\u00e1lt festm\u00e9nyt, \u00e9s d\u00edsz\u00edtse otthon\u00e1t egy leny\u0171g\u00f6z\u0151 d\u00edszt\u00e1rggyal.<\/span><\/p>\n<p><span style=\"font-weight: 400\">Vannak olyan bar\u00e1taid, akik szenved\u00e9lyesen szeretik az \u00f3kori t\u00f6rt\u00e9nelmet vagy a f\u00e1ra\u00f3k rejt\u00e9lyeit? Aj\u00e1nd\u00e9kozzon nekik egy epikus \u00fcnnepi vagy sz\u00fclet\u00e9snapi meglepet\u00e9st: az 1000 darabos Mask of Tutankhamun puzzle-t.<\/span><\/p><\/p>\n","protected":false},"excerpt":{"rendered":"<p>Olyan tev\u00e9kenys\u00e9gre v\u00e1gysz, amely kih\u00edv\u00e1st jelent az elm\u00e9dnek \u00e9s ellaz\u00edt? Vagy egyedi aj\u00e1nd\u00e9kot keres egy kedves bar\u00e1tj\u00e1nak? Mit sz\u00f3ln\u00e1l egy<\/p>\n","protected":false},"featured_media":34058,"template":"","meta":[],"product_brand":[],"product_cat":[1920,1919,1881],"product_tag":[],"class_list":{"0":"post-41487","1":"product","2":"type-product","3":"status-publish","4":"has-post-thumbnail","6":"product_cat-1000-darabos-kirakos-jatek","7":"product_cat-felnott-kirakos-jatekok","8":"product_cat-kirakos-jatekok","9":"pa_bax-10-hu","10":"pa_brand-d_toys-hu","11":"pa_country_of_manufacture-ro-hu","12":"pa_filter_age-14-hu","13":"pa_painter-az-okori-egyiptom","14":"pa_tip_ambalaj-doboz","15":"pa_tip_puzzle-klasszikus","17":"first","18":"instock","19":"taxable","20":"shipping-taxable","21":"product-type-simple"},"yoast_head":"<!-- This site is optimized with the Yoast SEO plugin v20.1 - https:\/\/yoast.com\/wordpress\/plugins\/seo\/ -->\n<title>\u00d3kori Egyiptom 1000 darabos feln\u0151tt puzzle - Tutanhamon hal\u00e1los maszkja<\/title>\n<meta name=\"description\" content=\"\u00d3kori Egyiptom 1000 darabos feln\u0151tt puzzle - Tutanhamon hal\u00e1los maszkja\" \/>\n<meta name=\"robots\" content=\"index, follow, max-snippet:-1, max-image-preview:large, max-video-preview:-1\" \/>\n<link rel=\"canonical\" href=\"https:\/\/business.roovi.com\/hu\/okori-egyiptom-1000-darabos-felnott-puzzle-tutanhamon-halalos-maszkja\/p\/\" \/>\n<meta property=\"og:locale\" content=\"hu_HU\" \/>\n<meta property=\"og:type\" content=\"article\" \/>\n<meta property=\"og:title\" content=\"\u00d3kori Egyiptom 1000 darabos feln\u0151tt puzzle - Tutanhamon hal\u00e1los maszkja\" \/>\n<meta property=\"og:description\" content=\"\u00d3kori Egyiptom 1000 darabos feln\u0151tt puzzle - Tutanhamon hal\u00e1los maszkja\" \/>\n<meta property=\"og:url\" content=\"https:\/\/business.roovi.com\/hu\/okori-egyiptom-1000-darabos-felnott-puzzle-tutanhamon-halalos-maszkja\/p\/\" \/>\n<meta property=\"og:site_name\" content=\"Roovi B2B\" \/>\n<meta property=\"article:publisher\" content=\"https:\/\/www.facebook.com\/wwwjucariero\" \/>\n<meta property=\"article:modified_time\" content=\"2022-07-06T17:09:51+00:00\" \/>\n<meta property=\"og:image\" content=\"https:\/\/business.roovi.com\/wp-content\/uploads\/2018\/04\/65971-2_ansamblu_dimensiuni_cutie_cm_vertical_1200x1200.png\" \/>\n\t<meta property=\"og:image:width\" content=\"1200\" \/>\n\t<meta property=\"og:image:height\" content=\"1200\" \/>\n\t<meta property=\"og:image:type\" content=\"image\/png\" \/>\n<meta name=\"twitter:label1\" content=\"Becs\u00fclt olvas\u00e1si id\u0151\" \/>\n\t<meta name=\"twitter:data1\" content=\"4 perc\" \/>\n<script type=\"application\/ld+json\" class=\"yoast-schema-graph\">{\"@context\":\"https:\/\/schema.org\",\"@graph\":[{\"@type\":\"WebPage\",\"@id\":\"https:\/\/business.roovi.com\/hu\/okori-egyiptom-1000-darabos-felnott-puzzle-tutanhamon-halalos-maszkja\/p\/\",\"url\":\"https:\/\/business.roovi.com\/hu\/okori-egyiptom-1000-darabos-felnott-puzzle-tutanhamon-halalos-maszkja\/p\/\",\"name\":\"\u00d3kori Egyiptom 1000 darabos feln\u0151tt puzzle - Tutanhamon hal\u00e1los maszkja\",\"isPartOf\":{\"@id\":\"https:\/\/business.roovi.com\/hu\/#website\"},\"datePublished\":\"2018-04-16T10:56:17+00:00\",\"dateModified\":\"2022-07-06T17:09:51+00:00\",\"description\":\"\u00d3kori Egyiptom 1000 darabos feln\u0151tt puzzle - Tutanhamon hal\u00e1los maszkja\",\"breadcrumb\":{\"@id\":\"https:\/\/business.roovi.com\/hu\/okori-egyiptom-1000-darabos-felnott-puzzle-tutanhamon-halalos-maszkja\/p\/#breadcrumb\"},\"inLanguage\":\"hu\",\"potentialAction\":[{\"@type\":\"ReadAction\",\"target\":[\"https:\/\/business.roovi.com\/hu\/okori-egyiptom-1000-darabos-felnott-puzzle-tutanhamon-halalos-maszkja\/p\/\"]}]},{\"@type\":\"BreadcrumbList\",\"@id\":\"https:\/\/business.roovi.com\/hu\/okori-egyiptom-1000-darabos-felnott-puzzle-tutanhamon-halalos-maszkja\/p\/#breadcrumb\",\"itemListElement\":[{\"@type\":\"ListItem\",\"position\":1,\"name\":\"Home\",\"item\":\"https:\/\/business.roovi.com\/hu\/\"},{\"@type\":\"ListItem\",\"position\":2,\"name\":\"Shop\",\"item\":\"https:\/\/business.roovi.com\/hu\/shop\/\"},{\"@type\":\"ListItem\",\"position\":3,\"name\":\"\u00d3kori Egyiptom 1000 darabos feln\u0151tt puzzle &#8211; Tutanhamon hal\u00e1los maszkja\"}]},{\"@type\":\"WebSite\",\"@id\":\"https:\/\/business.roovi.com\/hu\/#website\",\"url\":\"https:\/\/business.roovi.com\/hu\/\",\"name\":\"Roovi B2B\",\"description\":\"Roovi Business Website\",\"potentialAction\":[{\"@type\":\"SearchAction\",\"target\":{\"@type\":\"EntryPoint\",\"urlTemplate\":\"https:\/\/business.roovi.com\/hu\/?s={search_term_string}\"},\"query-input\":\"required name=search_term_string\"}],\"inLanguage\":\"hu\"}]}<\/script>\n<!-- \/ Yoast SEO plugin. -->","yoast_head_json":{"title":"\u00d3kori Egyiptom 1000 darabos feln\u0151tt puzzle - Tutanhamon hal\u00e1los maszkja","description":"\u00d3kori Egyiptom 1000 darabos feln\u0151tt puzzle - Tutanhamon hal\u00e1los maszkja","robots":{"index":"index","follow":"follow","max-snippet":"max-snippet:-1","max-image-preview":"max-image-preview:large","max-video-preview":"max-video-preview:-1"},"canonical":"https:\/\/business.roovi.com\/hu\/okori-egyiptom-1000-darabos-felnott-puzzle-tutanhamon-halalos-maszkja\/p\/","og_locale":"hu_HU","og_type":"article","og_title":"\u00d3kori Egyiptom 1000 darabos feln\u0151tt puzzle - Tutanhamon hal\u00e1los maszkja","og_description":"\u00d3kori Egyiptom 1000 darabos feln\u0151tt puzzle - Tutanhamon hal\u00e1los maszkja","og_url":"https:\/\/business.roovi.com\/hu\/okori-egyiptom-1000-darabos-felnott-puzzle-tutanhamon-halalos-maszkja\/p\/","og_site_name":"Roovi B2B","article_publisher":"https:\/\/www.facebook.com\/wwwjucariero","article_modified_time":"2022-07-06T17:09:51+00:00","og_image":[{"width":1200,"height":1200,"url":"https:\/\/business.roovi.com\/wp-content\/uploads\/2018\/04\/65971-2_ansamblu_dimensiuni_cutie_cm_vertical_1200x1200.png","type":"image\/png"}],"twitter_misc":{"Becs\u00fclt olvas\u00e1si id\u0151":"4 perc"},"schema":{"@context":"https:\/\/schema.org","@graph":[{"@type":"WebPage","@id":"https:\/\/business.roovi.com\/hu\/okori-egyiptom-1000-darabos-felnott-puzzle-tutanhamon-halalos-maszkja\/p\/","url":"https:\/\/business.roovi.com\/hu\/okori-egyiptom-1000-darabos-felnott-puzzle-tutanhamon-halalos-maszkja\/p\/","name":"\u00d3kori Egyiptom 1000 darabos feln\u0151tt puzzle - Tutanhamon hal\u00e1los maszkja","isPartOf":{"@id":"https:\/\/business.roovi.com\/hu\/#website"},"datePublished":"2018-04-16T10:56:17+00:00","dateModified":"2022-07-06T17:09:51+00:00","description":"\u00d3kori Egyiptom 1000 darabos feln\u0151tt puzzle - Tutanhamon hal\u00e1los maszkja","breadcrumb":{"@id":"https:\/\/business.roovi.com\/hu\/okori-egyiptom-1000-darabos-felnott-puzzle-tutanhamon-halalos-maszkja\/p\/#breadcrumb"},"inLanguage":"hu","potentialAction":[{"@type":"ReadAction","target":["https:\/\/business.roovi.com\/hu\/okori-egyiptom-1000-darabos-felnott-puzzle-tutanhamon-halalos-maszkja\/p\/"]}]},{"@type":"BreadcrumbList","@id":"https:\/\/business.roovi.com\/hu\/okori-egyiptom-1000-darabos-felnott-puzzle-tutanhamon-halalos-maszkja\/p\/#breadcrumb","itemListElement":[{"@type":"ListItem","position":1,"name":"Home","item":"https:\/\/business.roovi.com\/hu\/"},{"@type":"ListItem","position":2,"name":"Shop","item":"https:\/\/business.roovi.com\/hu\/shop\/"},{"@type":"ListItem","position":3,"name":"\u00d3kori Egyiptom 1000 darabos feln\u0151tt puzzle &#8211; Tutanhamon hal\u00e1los maszkja"}]},{"@type":"WebSite","@id":"https:\/\/business.roovi.com\/hu\/#website","url":"https:\/\/business.roovi.com\/hu\/","name":"Roovi B2B","description":"Roovi Business Website","potentialAction":[{"@type":"SearchAction","target":{"@type":"EntryPoint","urlTemplate":"https:\/\/business.roovi.com\/hu\/?s={search_term_string}"},"query-input":"required name=search_term_string"}],"inLanguage":"hu"}]}},"_links":{"self":[{"href":"https:\/\/business.roovi.com\/hu\/wp-json\/wp\/v2\/product\/41487","targetHints":{"allow":["GET"]}}],"collection":[{"href":"https:\/\/business.roovi.com\/hu\/wp-json\/wp\/v2\/product"}],"about":[{"href":"https:\/\/business.roovi.com\/hu\/wp-json\/wp\/v2\/types\/product"}],"version-history":[{"count":0,"href":"https:\/\/business.roovi.com\/hu\/wp-json\/wp\/v2\/product\/41487\/revisions"}],"wp:featuredmedia":[{"embeddable":true,"href":"https:\/\/business.roovi.com\/hu\/wp-json\/wp\/v2\/media\/34058"}],"wp:attachment":[{"href":"https:\/\/business.roovi.com\/hu\/wp-json\/wp\/v2\/media?parent=41487"}],"wp:term":[{"taxonomy":"product_brand","embeddable":true,"href":"https:\/\/business.roovi.com\/hu\/wp-json\/wp\/v2\/product_brand?post=41487"},{"taxonomy":"product_cat","embeddable":true,"href":"https:\/\/business.roovi.com\/hu\/wp-json\/wp\/v2\/product_cat?post=41487"},{"taxonomy":"product_tag","embeddable":true,"href":"https:\/\/business.roovi.com\/hu\/wp-json\/wp\/v2\/product_tag?post=41487"}],"curies":[{"name":"wp","href":"https:\/\/api.w.org\/{rel}","templated":true}]}}