{"id":41491,"date":"2018-04-16T10:56:17","date_gmt":"2018-04-16T10:56:17","guid":{"rendered":"https:\/\/business.roovi.com\/puzzle-adulti-1000-piese-pierre-auguste-cot-the-storm-furtuna\/p\/"},"modified":"2022-07-06T17:14:12","modified_gmt":"2022-07-06T17:14:12","slug":"felnott-puzzle-1000-darab-pierre-auguste-cot-a-vihar","status":"publish","type":"product","link":"https:\/\/business.roovi.com\/hu\/felnott-puzzle-1000-darab-pierre-auguste-cot-a-vihar\/p\/","title":{"rendered":"Feln\u0151tt puzzle 1000 darab Pierre-Auguste Cot &#8211; A vihar"},"content":{"rendered":"<p><span style=\"font-weight: 400\">K\u00fcl\u00f6nleges d\u00edszt\u00e1rgyat szeretne? Vagy egy kedves bar\u00e1tj\u00e1t szeretn\u00e9 meglepni egy k\u00fcl\u00f6nleges aj\u00e1nd\u00e9kkal? A h\u00edres festm\u00e9nyek k\u00e9peit tartalmaz\u00f3 m\u0171v\u00e9szeti rejtv\u00e9nyek pont erre van sz\u00fcks\u00e9ged! <\/span><\/p>\n<p><span style=\"font-weight: 400\">1000 darabos kirak\u00f3s j\u00e1t\u00e9kokat k\u00edn\u00e1lunk a Mona Lisa, az \u00c9jjeli \u0151rs\u00e9g \u00e9s sok m\u00e1s h\u00edres m\u0171alkot\u00e1s k\u00e9p\u00e9vel. N\u00e9h\u00e1ny kattint\u00e1ssal mind a ti\u00e9d lehet!<\/span><\/p>\n<p><span style=\"font-weight: 400\">Pierre-Auguste Cot 1000 darabos puzzle &#8211; A vihar a mi aj\u00e1nl\u00e1sunk az \u00d6n sz\u00e1m\u00e1ra a h\u00edres festm\u00e9ny k\u00e9pe \u00e1ltal k\u00f6zvet\u00edtett \u00e9rzelmeknek k\u00f6sz\u00f6nhet\u0151en. A vihar el\u0151l mened\u00e9ket keres\u0151 fiatal p\u00e1r volt az a festm\u00e9ny, amely a 19. sz\u00e1zadban szenz\u00e1ci\u00f3t keltett a korabeli m\u0171kedvel\u0151k k\u00f6r\u00e9ben. A festm\u00e9ny a kort\u00e1rs n\u00e9z\u0151ket is elk\u00e1pr\u00e1ztatja, \u00e9s a kritikusok m\u00e9g mindig a francia fest\u0151nek tulajdon\u00edtj\u00e1k a h\u00edres m\u0171v\u00f6n alkalmazott hib\u00e1tlan technik\u00e1t.<\/span><\/p>\n<p><span style=\"font-weight: 400\">Ezt a m\u0171v\u00e9szi kirak\u00f3t egy satndard doh\u00e1nyz\u00f3asztal seg\u00edts\u00e9g\u00e9vel \u00e1ll\u00edthatod \u00f6ssze, amely az 1000 darab h\u00e1tter\u00e9\u00fcl szolg\u00e1l. A rekonstru\u00e1lt festm\u00e9ny m\u00e9rete 50 x 70 cm.<\/span><\/p>\n<p><span style=\"font-weight: 400\">Pierre-Auguste Cot 1000 darabos puzzle-j\u00e9nek egy\u00e9b jellemz\u0151i &#8211; A vihar:<\/span><\/p>\n<p><strong>Puzzle anyag <\/strong><\/p>\n<p><strong>kiv\u00e1l\u00f3 min\u0151s\u00e9g\u0171 k\u00e9k karton<\/strong><\/p>\n<p><strong>fenntarthat\u00f3, \u00fajrahasznos\u00edthat\u00f3 anyagok<\/strong><\/p>\n<p><strong>f\u00e9lf\u00e9nyes kivitel, \u00e9l\u00e9nk sz\u00ednek<\/strong><\/p>\n<p><strong>A kirak\u00f3s darabok sz\u00e1ma: 1000<\/strong><\/p>\n<p><strong>Aj\u00e1nlott \u00e9letkor: 14+<\/strong><\/p>\n<p><strong>A kirak\u00f3s j\u00e1t\u00e9kok megtan\u00edtanak kitart\u00f3nak lenni<\/strong><\/p>\n<p><span style=\"font-weight: 400\">Az 1000 darabos kirak\u00f3s k\u00e9sz\u00edt\u00e9se nagy kih\u00edv\u00e1s az elme sz\u00e1m\u00e1ra, \u00e9s ennek a neh\u00e9z feladatnak a v\u00e1llal\u00e1sa az els\u0151 l\u00e9p\u00e9s a kitart\u00e1s fejleszt\u00e9s\u00e9hez. Min\u00e9l t\u00f6bb kirak\u00f3s j\u00e1t\u00e9kmint\u00e1t raksz \u00f6ssze, ann\u00e1l nagyobb el\u0151rel\u00e9p\u00e9st \u00e9rsz el ebben az ir\u00e1nyban <\/span><\/p>\n<p><span style=\"font-weight: 400\">Ezen az el\u0151ny\u00f6n k\u00edv\u00fcl a kirak\u00f3s j\u00e1t\u00e9kok m\u00e1s el\u0151ny\u00f6ket is k\u00edn\u00e1lnak. \u00cdme n\u00e9h\u00e1ny k\u00f6z\u00fcl\u00fck:<\/span><\/p>\n<p><span style=\"font-weight: 400\">J\u00f3 m\u00f3dja a kikapcsol\u00f3d\u00e1snak \u00e9s a mindennapi probl\u00e9m\u00e1kt\u00f3l val\u00f3 elrugaszkod\u00e1snak.<\/span><\/p>\n<p><span style=\"font-weight: 400\">Jav\u00edtj\u00e1k a mem\u00f3ri\u00e1t.<\/span><\/p>\n<p><span style=\"font-weight: 400\">N\u00f6velik a r\u00e9szletekre val\u00f3 odafigyel\u00e9st.<\/span><\/p>\n<p><span style=\"font-weight: 400\">A probl\u00e9mamegold\u00f3 k\u00e9szs\u00e9g fejleszt\u00e9se.<\/span><\/p>\n<p><span style=\"font-weight: 400\">Seg\u00edt jav\u00edtani a hangulatot.<\/span><\/p>\n<p><strong>Pierre-Auguste Cot-r\u00f3l \u00e9s <\/strong><strong><em>A vihar<\/em><\/strong><strong> tudtad ezt?<\/strong><\/p>\n<p><span style=\"font-weight: 400\">A kritikusok pozit\u00edvan \u00e9rt\u00e9kelt\u00e9k, de sokat spekul\u00e1ltak az 1880-as p\u00e1rizsi szalonban ki\u00e1ll\u00edtott festm\u00e9ny t\u00e9m\u00e1ja alapj\u00e1n.<\/span><\/p>\n<p><span style=\"font-weight: 400\">Egyesek szerint Bernardin de Saint-Pierre Paul \u00e9s Virginia h\u00e1zasp\u00e1rj\u00e1nak \u00e1br\u00e1zol\u00e1sa, m\u00e1sok szerint Daphnis \u00e9s Chloe a p\u00e1sztor\u00e9letb\u0151l, a Daphnis \u00e9s Chloe c\u00edm\u0171 t\u00f6rt\u00e9netb\u0151l <\/span><span style=\"font-weight: 400\">Longus<\/span><\/p>\n<p><span style=\"font-weight: 400\">A festm\u00e9ny rendk\u00edv\u00fcl n\u00e9pszer\u0171 lett, \u00e9s sz\u00e9les k\u00f6rben reproduk\u00e1lt\u00e1k.<\/span><\/p>\n<p><span style=\"font-weight: 400\">1870-ben <\/span><span style=\"font-weight: 400\">Pierre-August Cot <\/span><span style=\"font-weight: 400\">a h\u00edrneve cs\u00facs\u00e1n volt, ez\u00e9rt b\u00fcszkes\u00e9ggel t\u00f6lt\u00f6tte el, ha az embernek volt egy festm\u00e9nye ett\u0151l a fest\u0151t\u0151l az otthon\u00e1ban.<\/span><\/p>\n<p><span style=\"font-weight: 400\">Mind\u00f6ssze 46 \u00e9vet \u00e9lt, de \u00e9lete sor\u00e1n Cot sz\u00e1mos d\u00edjat kapott munk\u00e1ss\u00e1g\u00e1\u00e9rt, 1874-ben pedig <\/span><span style=\"font-weight: 400\">a Becs\u00fcletl\u00e9gi\u00f3 lovagj\u00e1v\u00e1 avatt\u00e1k.<\/span><\/p>\n<p><strong>Milyen k\u00e9szs\u00e9geket fejlesztenek a m\u0171v\u00e9szeti rejtv\u00e9nyek?<\/strong><\/p>\n<p><span style=\"font-weight: 400\">A m\u0171v\u00e9szi rejtv\u00e9nyek t\u00f6bb mint egy pihentet\u0151 tev\u00e9kenys\u00e9g. T\u00f6bb szinten is seg\u00edtenek \u00d6nnek, nevezetesen:<\/span><\/p>\n<p><span style=\"font-weight: 400\">Fejlesztik a sz\u00edn\u00e9rz\u00e9kedet.<\/span><\/p>\n<p><span style=\"font-weight: 400\">Ez edzi a k\u00e9pzel\u0151er\u0151t.<\/span><\/p>\n<p><span style=\"font-weight: 400\">Megnyitj\u00e1k a m\u0171v\u00e9szet vil\u00e1g\u00e1t.<\/span><\/p>\n<p><span style=\"font-weight: 400\">Seg\u00edtenek csiszolni a feln\u0151tt kirak\u00f3s k\u00e9szs\u00e9geket.<\/span><\/p>\n<p><span style=\"font-weight: 400\">V\u00e1s\u00e1rolja meg Pierre-Auguste Cot 1000 darabos puzzle-j\u00e9t &#8211; A vihar \u00e9s gy\u0171jtse \u00f6ssze az eg\u00e9sz csal\u00e1dot egy csod\u00e1latos kirak\u00f3s j\u00e1t\u00e9k k\u00f6r\u00e9! \u00dajra elk\u00e9pzelni \u00e9s felejthetetlen pillanatokat szerezni egy\u00fctt. Fedezze fel a t\u00f6bbi 1000 darabos rejtv\u00e9nyt a m\u0171v\u00e9szeti rejtv\u00e9nyek k\u00edn\u00e1lat\u00e1ban, \u00e9s \u00e9p\u00edtsen egy csod\u00e1latos m\u0171v\u00e9szeti festm\u00e9nygy\u0171jtem\u00e9nyt.<\/span><\/p>\n<p><span style=\"font-weight: 400\">Pierre-Auguste Cot &#8211; A vihar\/vihar aj\u00e1nd\u00e9kba adhat\u00f3 szeretteinek k\u00fcl\u00f6nb\u00f6z\u0151 \u00fcnnepi alkalmakkor.<\/span><\/p>\n","protected":false},"excerpt":{"rendered":"<p>K\u00fcl\u00f6nleges d\u00edszt\u00e1rgyat szeretne? Vagy egy kedves bar\u00e1tj\u00e1t szeretn\u00e9 meglepni egy k\u00fcl\u00f6nleges aj\u00e1nd\u00e9kkal? A h\u00edres festm\u00e9nyek k\u00e9peit tartalmaz\u00f3 m\u0171v\u00e9szeti rejtv\u00e9nyek pont<\/p>\n","protected":false},"featured_media":63391,"template":"","meta":[],"product_brand":[],"product_cat":[1920,1919,1881],"product_tag":[],"class_list":{"0":"post-41491","1":"product","2":"type-product","3":"status-publish","4":"has-post-thumbnail","6":"product_cat-1000-darabos-kirakos-jatek","7":"product_cat-felnott-kirakos-jatekok","8":"product_cat-kirakos-jatekok","9":"pa_bax-10-hu","10":"pa_brand-d_toys-hu","11":"pa_country_of_manufacture-ro-hu","12":"pa_filter_age-14-hu","13":"pa_painter-pierre-auguste-cot-hu","14":"pa_tip_ambalaj-doboz","15":"pa_tip_puzzle-klasszikus","17":"first","18":"instock","19":"taxable","20":"shipping-taxable","21":"product-type-simple"},"yoast_head":"<!-- This site is optimized with the Yoast SEO plugin v20.1 - https:\/\/yoast.com\/wordpress\/plugins\/seo\/ -->\n<title>Feln\u0151tt puzzle 1000 darab Pierre-Auguste Cot - A vihar<\/title>\n<meta name=\"description\" content=\"Feln\u0151tt puzzle 1000 darab Pierre-Auguste Cot - A vihar\" \/>\n<meta name=\"robots\" content=\"index, follow, max-snippet:-1, max-image-preview:large, max-video-preview:-1\" \/>\n<link rel=\"canonical\" href=\"https:\/\/business.roovi.com\/hu\/felnott-puzzle-1000-darab-pierre-auguste-cot-a-vihar\/p\/\" \/>\n<meta property=\"og:locale\" content=\"hu_HU\" \/>\n<meta property=\"og:type\" content=\"article\" \/>\n<meta property=\"og:title\" content=\"Feln\u0151tt puzzle 1000 darab Pierre-Auguste Cot - A vihar\" \/>\n<meta property=\"og:description\" content=\"Feln\u0151tt puzzle 1000 darab Pierre-Auguste Cot - A vihar\" \/>\n<meta property=\"og:url\" content=\"https:\/\/business.roovi.com\/hu\/felnott-puzzle-1000-darab-pierre-auguste-cot-a-vihar\/p\/\" \/>\n<meta property=\"og:site_name\" content=\"Roovi B2B\" \/>\n<meta property=\"article:publisher\" content=\"https:\/\/www.facebook.com\/wwwjucariero\" \/>\n<meta property=\"article:modified_time\" content=\"2022-07-06T17:14:12+00:00\" \/>\n<meta property=\"og:image\" content=\"https:\/\/business.roovi.com\/wp-content\/uploads\/2018\/04\/72740-01_ansamblu_dimensiuni_cutie_cm_1200x1200.png\" \/>\n\t<meta property=\"og:image:width\" content=\"1200\" \/>\n\t<meta property=\"og:image:height\" content=\"1200\" \/>\n\t<meta property=\"og:image:type\" content=\"image\/png\" \/>\n<meta name=\"twitter:label1\" content=\"Becs\u00fclt olvas\u00e1si id\u0151\" \/>\n\t<meta name=\"twitter:data1\" content=\"4 perc\" \/>\n<script type=\"application\/ld+json\" class=\"yoast-schema-graph\">{\"@context\":\"https:\/\/schema.org\",\"@graph\":[{\"@type\":\"WebPage\",\"@id\":\"https:\/\/business.roovi.com\/hu\/felnott-puzzle-1000-darab-pierre-auguste-cot-a-vihar\/p\/\",\"url\":\"https:\/\/business.roovi.com\/hu\/felnott-puzzle-1000-darab-pierre-auguste-cot-a-vihar\/p\/\",\"name\":\"Feln\u0151tt puzzle 1000 darab Pierre-Auguste Cot - A vihar\",\"isPartOf\":{\"@id\":\"https:\/\/business.roovi.com\/hu\/#website\"},\"datePublished\":\"2018-04-16T10:56:17+00:00\",\"dateModified\":\"2022-07-06T17:14:12+00:00\",\"description\":\"Feln\u0151tt puzzle 1000 darab Pierre-Auguste Cot - A vihar\",\"breadcrumb\":{\"@id\":\"https:\/\/business.roovi.com\/hu\/felnott-puzzle-1000-darab-pierre-auguste-cot-a-vihar\/p\/#breadcrumb\"},\"inLanguage\":\"hu\",\"potentialAction\":[{\"@type\":\"ReadAction\",\"target\":[\"https:\/\/business.roovi.com\/hu\/felnott-puzzle-1000-darab-pierre-auguste-cot-a-vihar\/p\/\"]}]},{\"@type\":\"BreadcrumbList\",\"@id\":\"https:\/\/business.roovi.com\/hu\/felnott-puzzle-1000-darab-pierre-auguste-cot-a-vihar\/p\/#breadcrumb\",\"itemListElement\":[{\"@type\":\"ListItem\",\"position\":1,\"name\":\"Home\",\"item\":\"https:\/\/business.roovi.com\/hu\/\"},{\"@type\":\"ListItem\",\"position\":2,\"name\":\"Shop\",\"item\":\"https:\/\/business.roovi.com\/hu\/shop\/\"},{\"@type\":\"ListItem\",\"position\":3,\"name\":\"Feln\u0151tt puzzle 1000 darab Pierre-Auguste Cot &#8211; A vihar\"}]},{\"@type\":\"WebSite\",\"@id\":\"https:\/\/business.roovi.com\/hu\/#website\",\"url\":\"https:\/\/business.roovi.com\/hu\/\",\"name\":\"Roovi B2B\",\"description\":\"Roovi Business Website\",\"potentialAction\":[{\"@type\":\"SearchAction\",\"target\":{\"@type\":\"EntryPoint\",\"urlTemplate\":\"https:\/\/business.roovi.com\/hu\/?s={search_term_string}\"},\"query-input\":\"required name=search_term_string\"}],\"inLanguage\":\"hu\"}]}<\/script>\n<!-- \/ Yoast SEO plugin. -->","yoast_head_json":{"title":"Feln\u0151tt puzzle 1000 darab Pierre-Auguste Cot - A vihar","description":"Feln\u0151tt puzzle 1000 darab Pierre-Auguste Cot - A vihar","robots":{"index":"index","follow":"follow","max-snippet":"max-snippet:-1","max-image-preview":"max-image-preview:large","max-video-preview":"max-video-preview:-1"},"canonical":"https:\/\/business.roovi.com\/hu\/felnott-puzzle-1000-darab-pierre-auguste-cot-a-vihar\/p\/","og_locale":"hu_HU","og_type":"article","og_title":"Feln\u0151tt puzzle 1000 darab Pierre-Auguste Cot - A vihar","og_description":"Feln\u0151tt puzzle 1000 darab Pierre-Auguste Cot - A vihar","og_url":"https:\/\/business.roovi.com\/hu\/felnott-puzzle-1000-darab-pierre-auguste-cot-a-vihar\/p\/","og_site_name":"Roovi B2B","article_publisher":"https:\/\/www.facebook.com\/wwwjucariero","article_modified_time":"2022-07-06T17:14:12+00:00","og_image":[{"width":1200,"height":1200,"url":"https:\/\/business.roovi.com\/wp-content\/uploads\/2018\/04\/72740-01_ansamblu_dimensiuni_cutie_cm_1200x1200.png","type":"image\/png"}],"twitter_misc":{"Becs\u00fclt olvas\u00e1si id\u0151":"4 perc"},"schema":{"@context":"https:\/\/schema.org","@graph":[{"@type":"WebPage","@id":"https:\/\/business.roovi.com\/hu\/felnott-puzzle-1000-darab-pierre-auguste-cot-a-vihar\/p\/","url":"https:\/\/business.roovi.com\/hu\/felnott-puzzle-1000-darab-pierre-auguste-cot-a-vihar\/p\/","name":"Feln\u0151tt puzzle 1000 darab Pierre-Auguste Cot - A vihar","isPartOf":{"@id":"https:\/\/business.roovi.com\/hu\/#website"},"datePublished":"2018-04-16T10:56:17+00:00","dateModified":"2022-07-06T17:14:12+00:00","description":"Feln\u0151tt puzzle 1000 darab Pierre-Auguste Cot - A vihar","breadcrumb":{"@id":"https:\/\/business.roovi.com\/hu\/felnott-puzzle-1000-darab-pierre-auguste-cot-a-vihar\/p\/#breadcrumb"},"inLanguage":"hu","potentialAction":[{"@type":"ReadAction","target":["https:\/\/business.roovi.com\/hu\/felnott-puzzle-1000-darab-pierre-auguste-cot-a-vihar\/p\/"]}]},{"@type":"BreadcrumbList","@id":"https:\/\/business.roovi.com\/hu\/felnott-puzzle-1000-darab-pierre-auguste-cot-a-vihar\/p\/#breadcrumb","itemListElement":[{"@type":"ListItem","position":1,"name":"Home","item":"https:\/\/business.roovi.com\/hu\/"},{"@type":"ListItem","position":2,"name":"Shop","item":"https:\/\/business.roovi.com\/hu\/shop\/"},{"@type":"ListItem","position":3,"name":"Feln\u0151tt puzzle 1000 darab Pierre-Auguste Cot &#8211; A vihar"}]},{"@type":"WebSite","@id":"https:\/\/business.roovi.com\/hu\/#website","url":"https:\/\/business.roovi.com\/hu\/","name":"Roovi B2B","description":"Roovi Business Website","potentialAction":[{"@type":"SearchAction","target":{"@type":"EntryPoint","urlTemplate":"https:\/\/business.roovi.com\/hu\/?s={search_term_string}"},"query-input":"required name=search_term_string"}],"inLanguage":"hu"}]}},"_links":{"self":[{"href":"https:\/\/business.roovi.com\/hu\/wp-json\/wp\/v2\/product\/41491","targetHints":{"allow":["GET"]}}],"collection":[{"href":"https:\/\/business.roovi.com\/hu\/wp-json\/wp\/v2\/product"}],"about":[{"href":"https:\/\/business.roovi.com\/hu\/wp-json\/wp\/v2\/types\/product"}],"version-history":[{"count":0,"href":"https:\/\/business.roovi.com\/hu\/wp-json\/wp\/v2\/product\/41491\/revisions"}],"wp:featuredmedia":[{"embeddable":true,"href":"https:\/\/business.roovi.com\/hu\/wp-json\/wp\/v2\/media\/63391"}],"wp:attachment":[{"href":"https:\/\/business.roovi.com\/hu\/wp-json\/wp\/v2\/media?parent=41491"}],"wp:term":[{"taxonomy":"product_brand","embeddable":true,"href":"https:\/\/business.roovi.com\/hu\/wp-json\/wp\/v2\/product_brand?post=41491"},{"taxonomy":"product_cat","embeddable":true,"href":"https:\/\/business.roovi.com\/hu\/wp-json\/wp\/v2\/product_cat?post=41491"},{"taxonomy":"product_tag","embeddable":true,"href":"https:\/\/business.roovi.com\/hu\/wp-json\/wp\/v2\/product_tag?post=41491"}],"curies":[{"name":"wp","href":"https:\/\/api.w.org\/{rel}","templated":true}]}}