{"id":41495,"date":"2018-04-16T10:56:17","date_gmt":"2018-04-16T10:56:17","guid":{"rendered":"https:\/\/business.roovi.com\/puzzle-adulti-1000-piese-edgar-degas-the-ballet-class\/p\/"},"modified":"2022-07-06T17:14:23","modified_gmt":"2022-07-06T17:14:23","slug":"felnott-1000-darabos-puzzle-edgar-degas-a-balettosztaly","status":"publish","type":"product","link":"https:\/\/business.roovi.com\/hu\/felnott-1000-darabos-puzzle-edgar-degas-a-balettosztaly\/p\/","title":{"rendered":"Feln\u0151tt 1000 darabos puzzle Edgar Degas &#8211; A balettoszt\u00e1ly"},"content":{"rendered":"<p><strong><em>Leny\u0171g\u00f6zik Da Vinci, Botticelli vagy Van Gogh festm\u00e9nyei? Fedezze fel minden id\u0151k legh\u00edresebb festm\u00e9nyeinek k\u00e9peit a Rom\u00e1ni\u00e1ban k\u00e9sz\u00fclt m\u0171v\u00e9szeti rejtv\u00e9nyek legnagyobb v\u00e1laszt\u00e9k\u00e1ban <\/em><\/strong><\/p>\n<p><span style=\"font-weight: 400\">Az 1000 darabos Edgar Degas &#8211; A balettoszt\u00e1ly c\u00edm\u0171 puzzle a balerin\u00e1k fest\u00e9s\u00e9r\u0151l ismert francia fest\u0151m\u0171v\u00e9sz \u00e1ltal k\u00e9sz\u00edtett azonos c\u00edm\u0171 festm\u00e9ny k\u00e9p\u00e9t \u00e1br\u00e1zolja <\/span><\/p>\n<p><span style=\"font-weight: 400\">Edgar Degas gyakran j\u00e1rt a p\u00e1rizsi Oper\u00e1ba, hogy megn\u00e9zze az el\u0151ad\u00e1sokat, \u00e9s ami m\u00e9g fontosabb, hogy megfigyelje a finom balerin\u00e1k kem\u00e9ny edz\u00e9s\u00e9t. Minden olyan m\u0171v\u00e9t, amelyben a balerin\u00e1k \u00e1llnak a m\u0171v\u00e9szi univerzum k\u00f6z\u00e9ppontj\u00e1ban, a kecsess\u00e9g \u00e9s a harm\u00f3nia jellemzi.<\/span><\/p>\n<p><span style=\"font-weight: 400\">Degas-t nem az erotika \u00e9rdekli, hanem a n\u0151i test harm\u00f3ni\u00e1j\u00e1nak \u00e1br\u00e1zol\u00e1sa a mozg\u00e1sban. M\u0171veinek spontaneit\u00e1s\u00e1r\u00f3l \u00e9s lend\u00fclet\u00e9r\u0151l v\u00e1lt h\u00edress\u00e9. \u00dagy t\u0171nik, hogy a m\u0171v\u00e9sz minden k\u00e9pen a sz\u00ednpadi el\u0151ad\u00e1s vagy az \u00e1ltal\u00e1nos pr\u00f3ba minden egyes mozdulat\u00e1t \u00e9s gesztus\u00e1t, minden \u00e1rnyalat\u00e1t meg akarta \u00f6r\u00f6k\u00edteni <\/span><\/p>\n<p><span style=\"font-weight: 400\">Ha Degas festm\u00e9nyeinek dinamizmusa \u00e9s sz\u00ednharm\u00f3ni\u00e1ja felkeltette \u00e9rdekl\u0151d\u00e9s\u00e9t, akkor a The Ballet Class c\u00edm\u0171 1000 darabos kirak\u00f3j\u00e1t\u00e9kot felt\u00e9tlen\u00fcl meg kell ismernie. B\u00fajj a m\u0171v\u00e9sz b\u0151r\u00e9be, \u00e9s alkoss 1000 puzzle-darabb\u00f3l egy r\u00e9g\u00f3ta csod\u00e1lt m\u0171v\u00e9szi remekm\u0171vet.<\/span><\/p>\n<p><strong>Jellemz\u0151k 1000 darabos puzzle Edgar Degas &#8211; A balettoszt\u00e1ly<\/strong><\/p>\n<p><strong>A rekonstru\u00e1lt k\u00e9p m\u00e9rete: 68 x 47 cm<\/strong><\/p>\n<p><strong>Puzzle anyag <\/strong><\/p>\n<p><strong>kiv\u00e1l\u00f3 min\u0151s\u00e9g\u0171 k\u00e9k karton<\/strong><\/p>\n<p><strong>fenntarthat\u00f3, \u00fajrahasznos\u00edthat\u00f3 anyagok<\/strong><\/p>\n<p><strong>f\u00e9lf\u00e9nyes kivitel, \u00e9l\u00e9nk sz\u00ednek<\/strong><\/p>\n<p><strong>A kirak\u00f3s darabok sz\u00e1ma: 1000<\/strong><\/p>\n<p><strong>Aj\u00e1nlott \u00e9letkor: 14+<\/strong><\/p>\n<p><span style=\"font-weight: 400\">A kirak\u00f3s j\u00e1t\u00e9kok sz\u00e1mos k\u00e9szs\u00e9get fejlesztenek, amelyek t\u00f6bb szinten is t\u00fckr\u00f6z\u0151dnek:<\/span><\/p>\n<ul>\n<li><span style=\"font-weight: 400\">Seg\u00edtenek t\u00fcrelmesnek \u00e9s kitart\u00f3nak lenni, amikor nagy c\u00e9lokat akarsz el\u00e9rni.<\/span><\/li>\n<li><span style=\"font-weight: 400\">Ez edzi az elm\u00e9t \u00e9s \u00e9lesen tartja a mem\u00f3ri\u00e1t.<\/span><\/li>\n<li><span style=\"font-weight: 400\">Fejleszti a probl\u00e9mamegold\u00f3 \u00e9s stresszhelyzetekben a nyom\u00e1ssal val\u00f3 megbirk\u00f3z\u00e1si k\u00e9pess\u00e9get.<\/span><\/li>\n<li><span style=\"font-weight: 400\">Seg\u00edt fenntartani a finom mozg\u00e9konys\u00e1got, k\u00e9z\u00fcgyess\u00e9get \u00e9s koordin\u00e1ci\u00f3t minden \u00e9letkorban.<\/span><\/li>\n<li><span style=\"font-weight: 400\">Serkentik a dopamin kiv\u00e1laszt\u00e1s\u00e1t, \u00e9s \u00edgy boldogs\u00e1g\u00e9rzetet, optimizmust \u00e9s \u00f6nbizalmat adnak.<\/span><\/li>\n<\/ul>\n<p><strong>Tudtad, hogy&#8230;?<\/strong><\/p>\n<p><span style=\"font-weight: 400\">Degas valamennyi festm\u00e9nye a m\u0171v\u00e9sz m\u0171term\u00e9ben k\u00e9sz\u00fclt, b\u00e1r r\u00e9szletesen \u00e1br\u00e1zolja a pr\u00f3b\u00e1k vagy el\u0151ad\u00e1sok dinamikus jeleneteit.<\/span><\/p>\n<p><span style=\"font-weight: 400\">36 \u00e9ves kor\u00e1ban a fest\u0151nek gondjai t\u00e1madnak a l\u00e1t\u00e1s\u00e1val. Ez id\u0151vel romlik, \u00e9s \u00e9lete v\u00e9g\u00e9re Degas majdnem megvakul.<\/span><\/p>\n<p><span style=\"font-weight: 400\">Degas-t leny\u0171g\u00f6zt\u00e9k a balerin\u00e1k, \u00e9s mintegy 1500 olyan festm\u00e9nyt alkotott, amelynek k\u00f6zponti t\u00e9m\u00e1ja ezek a t\u00e1ncosn\u0151k voltak.<\/span><\/p>\n<p><span style=\"font-weight: 400\">Edgar Degas-t 40 \u00e9ven \u00e1t k\u00fcl\u00f6nleges bar\u00e1ts\u00e1g f\u0171zte Mary Cassat fest\u0151n\u0151h\u00f6z.<\/span><\/p>\n<p><span style=\"font-weight: 400\">A fest\u0151m\u0171v\u00e9sz lelkes m\u0171gy\u0171jt\u0151 is volt. Mag\u00e1ngy\u0171jtem\u00e9ny\u00e9ben 1917-ben Ingres, Delacroix, Monet, Cezanne, Gauguin, Van Gogh \u00e9s sok m\u00e1s m\u0171v\u00e9sz \u00e9rt\u00e9kes m\u0171vei voltak <\/span><\/p>\n<p><strong>Mi\u00e9rt v\u00e1lasszon 1000 darabos puzzle-t a m\u0171v\u00e9szeti puzzle kollekci\u00f3b\u00f3l?<\/strong><\/p>\n<p><span style=\"font-weight: 400\">A m\u0171v\u00e9szi kirak\u00f3s t\u00f6bb mint egy pihentet\u0151 tev\u00e9kenys\u00e9g, t\u00f6bbf\u00e9le el\u0151nnyel j\u00e1r, p\u00e9ld\u00e1ul:<\/span><\/p>\n<p><span style=\"font-weight: 400\">M\u0171veli az eszt\u00e9tikai \u00edzl\u00e9st <\/span><\/p>\n<p><span style=\"font-weight: 400\">Fejleszti a k\u00e9pzel\u0151er\u0151t.<\/span><\/p>\n<p><span style=\"font-weight: 400\">Felkelti a k\u00edv\u00e1ncsis\u00e1got \u00e9s a v\u00e1gyat a m\u0171v\u00e9szet m\u00e9lyebb megismer\u00e9s\u00e9re.<\/span><\/p>\n<p><span style=\"font-weight: 400\">Ez egy nagyszer\u0171 m\u00f3dja annak, hogy fejlessze a kirak\u00f3s k\u00e9szs\u00e9geit.<\/span><\/p>\n<p><span style=\"font-weight: 400\">Nagyszer\u0171 lehet\u0151s\u00e9g egy m\u0171v\u00e9szi remekm\u0171 \u00fajrateremt\u00e9s\u00e9re, \u00e9s egy h\u00edres festm\u00e9ny legapr\u00f3bb r\u00e9szleteinek megcsod\u00e1l\u00e1s\u00e1ra.<\/span><\/p>\n<p><span style=\"font-weight: 400\">Kap egy eredeti festm\u00e9nyt, egy h\u00edres festm\u00e9ny szinte t\u00f6k\u00e9letes m\u00e1solat\u00e1t, amellyel d\u00edsz\u00edtheti otthon\u00e1t.<\/span><\/p>\n<p><span style=\"font-weight: 400\">V\u00e1lassza teh\u00e1t az 1000 darabos puzzle Edgar Degas &#8211; A balettoszt\u00e1ly c\u00edm\u0171 j\u00e1t\u00e9kot, \u00e9s \u00e9lvezze a kirak\u00f3s j\u00e1t\u00e9k minden el\u0151ny\u00e9t. Ha egy feln\u0151tt puzzle-rajong\u00f3t is szeretne kellemesen meglepni, aj\u00e1nd\u00e9kozza neki ezt a leny\u0171g\u00f6z\u0151 m\u0171v\u00e9szi puzzle-t.<\/span><\/p><\/p>\n","protected":false},"excerpt":{"rendered":"<p>Leny\u0171g\u00f6zik Da Vinci, Botticelli vagy Van Gogh festm\u00e9nyei? Fedezze fel minden id\u0151k legh\u00edresebb festm\u00e9nyeinek k\u00e9peit a Rom\u00e1ni\u00e1ban k\u00e9sz\u00fclt m\u0171v\u00e9szeti rejtv\u00e9nyek<\/p>\n","protected":false},"featured_media":63473,"template":"","meta":[],"product_brand":[],"product_cat":[1920,1919,1881],"product_tag":[],"class_list":{"0":"post-41495","1":"product","2":"type-product","3":"status-publish","4":"has-post-thumbnail","6":"product_cat-1000-darabos-kirakos-jatek","7":"product_cat-felnott-kirakos-jatekok","8":"product_cat-kirakos-jatekok","9":"pa_bax-10-hu","10":"pa_brand-d_toys-hu","11":"pa_country_of_manufacture-ro-hu","12":"pa_filter_age-14-hu","13":"pa_painter-edgardegas-hu","14":"pa_tip_ambalaj-doboz","15":"pa_tip_puzzle-klasszikus","17":"first","18":"instock","19":"taxable","20":"shipping-taxable","21":"product-type-simple"},"yoast_head":"<!-- This site is optimized with the Yoast SEO plugin v20.1 - https:\/\/yoast.com\/wordpress\/plugins\/seo\/ -->\n<title>Feln\u0151tt 1000 darabos puzzle Edgar Degas - A balettoszt\u00e1ly<\/title>\n<meta name=\"description\" content=\"Feln\u0151tt 1000 darabos puzzle Edgar Degas - A balettoszt\u00e1ly\" \/>\n<meta name=\"robots\" content=\"index, follow, max-snippet:-1, max-image-preview:large, max-video-preview:-1\" \/>\n<link rel=\"canonical\" href=\"https:\/\/business.roovi.com\/hu\/felnott-1000-darabos-puzzle-edgar-degas-a-balettosztaly\/p\/\" \/>\n<meta property=\"og:locale\" content=\"hu_HU\" \/>\n<meta property=\"og:type\" content=\"article\" \/>\n<meta property=\"og:title\" content=\"Feln\u0151tt 1000 darabos puzzle Edgar Degas - A balettoszt\u00e1ly\" \/>\n<meta property=\"og:description\" content=\"Feln\u0151tt 1000 darabos puzzle Edgar Degas - A balettoszt\u00e1ly\" \/>\n<meta property=\"og:url\" content=\"https:\/\/business.roovi.com\/hu\/felnott-1000-darabos-puzzle-edgar-degas-a-balettosztaly\/p\/\" \/>\n<meta property=\"og:site_name\" content=\"Roovi B2B\" \/>\n<meta property=\"article:publisher\" content=\"https:\/\/www.facebook.com\/wwwjucariero\" \/>\n<meta property=\"article:modified_time\" content=\"2022-07-06T17:14:23+00:00\" \/>\n<meta property=\"og:image\" content=\"https:\/\/business.roovi.com\/wp-content\/uploads\/2018\/04\/72801-02_ansamblu_dimensiuni_cutie_cm_orizontal.png\" \/>\n\t<meta property=\"og:image:width\" content=\"1200\" \/>\n\t<meta property=\"og:image:height\" content=\"1200\" \/>\n\t<meta property=\"og:image:type\" content=\"image\/png\" \/>\n<meta name=\"twitter:label1\" content=\"Becs\u00fclt olvas\u00e1si id\u0151\" \/>\n\t<meta name=\"twitter:data1\" content=\"4 perc\" \/>\n<script type=\"application\/ld+json\" class=\"yoast-schema-graph\">{\"@context\":\"https:\/\/schema.org\",\"@graph\":[{\"@type\":\"WebPage\",\"@id\":\"https:\/\/business.roovi.com\/hu\/felnott-1000-darabos-puzzle-edgar-degas-a-balettosztaly\/p\/\",\"url\":\"https:\/\/business.roovi.com\/hu\/felnott-1000-darabos-puzzle-edgar-degas-a-balettosztaly\/p\/\",\"name\":\"Feln\u0151tt 1000 darabos puzzle Edgar Degas - A balettoszt\u00e1ly\",\"isPartOf\":{\"@id\":\"https:\/\/business.roovi.com\/hu\/#website\"},\"datePublished\":\"2018-04-16T10:56:17+00:00\",\"dateModified\":\"2022-07-06T17:14:23+00:00\",\"description\":\"Feln\u0151tt 1000 darabos puzzle Edgar Degas - A balettoszt\u00e1ly\",\"breadcrumb\":{\"@id\":\"https:\/\/business.roovi.com\/hu\/felnott-1000-darabos-puzzle-edgar-degas-a-balettosztaly\/p\/#breadcrumb\"},\"inLanguage\":\"hu\",\"potentialAction\":[{\"@type\":\"ReadAction\",\"target\":[\"https:\/\/business.roovi.com\/hu\/felnott-1000-darabos-puzzle-edgar-degas-a-balettosztaly\/p\/\"]}]},{\"@type\":\"BreadcrumbList\",\"@id\":\"https:\/\/business.roovi.com\/hu\/felnott-1000-darabos-puzzle-edgar-degas-a-balettosztaly\/p\/#breadcrumb\",\"itemListElement\":[{\"@type\":\"ListItem\",\"position\":1,\"name\":\"Home\",\"item\":\"https:\/\/business.roovi.com\/hu\/\"},{\"@type\":\"ListItem\",\"position\":2,\"name\":\"Shop\",\"item\":\"https:\/\/business.roovi.com\/hu\/shop\/\"},{\"@type\":\"ListItem\",\"position\":3,\"name\":\"Feln\u0151tt 1000 darabos puzzle Edgar Degas &#8211; A balettoszt\u00e1ly\"}]},{\"@type\":\"WebSite\",\"@id\":\"https:\/\/business.roovi.com\/hu\/#website\",\"url\":\"https:\/\/business.roovi.com\/hu\/\",\"name\":\"Roovi B2B\",\"description\":\"Roovi Business Website\",\"potentialAction\":[{\"@type\":\"SearchAction\",\"target\":{\"@type\":\"EntryPoint\",\"urlTemplate\":\"https:\/\/business.roovi.com\/hu\/?s={search_term_string}\"},\"query-input\":\"required name=search_term_string\"}],\"inLanguage\":\"hu\"}]}<\/script>\n<!-- \/ Yoast SEO plugin. -->","yoast_head_json":{"title":"Feln\u0151tt 1000 darabos puzzle Edgar Degas - A balettoszt\u00e1ly","description":"Feln\u0151tt 1000 darabos puzzle Edgar Degas - A balettoszt\u00e1ly","robots":{"index":"index","follow":"follow","max-snippet":"max-snippet:-1","max-image-preview":"max-image-preview:large","max-video-preview":"max-video-preview:-1"},"canonical":"https:\/\/business.roovi.com\/hu\/felnott-1000-darabos-puzzle-edgar-degas-a-balettosztaly\/p\/","og_locale":"hu_HU","og_type":"article","og_title":"Feln\u0151tt 1000 darabos puzzle Edgar Degas - A balettoszt\u00e1ly","og_description":"Feln\u0151tt 1000 darabos puzzle Edgar Degas - A balettoszt\u00e1ly","og_url":"https:\/\/business.roovi.com\/hu\/felnott-1000-darabos-puzzle-edgar-degas-a-balettosztaly\/p\/","og_site_name":"Roovi B2B","article_publisher":"https:\/\/www.facebook.com\/wwwjucariero","article_modified_time":"2022-07-06T17:14:23+00:00","og_image":[{"width":1200,"height":1200,"url":"https:\/\/business.roovi.com\/wp-content\/uploads\/2018\/04\/72801-02_ansamblu_dimensiuni_cutie_cm_orizontal.png","type":"image\/png"}],"twitter_misc":{"Becs\u00fclt olvas\u00e1si id\u0151":"4 perc"},"schema":{"@context":"https:\/\/schema.org","@graph":[{"@type":"WebPage","@id":"https:\/\/business.roovi.com\/hu\/felnott-1000-darabos-puzzle-edgar-degas-a-balettosztaly\/p\/","url":"https:\/\/business.roovi.com\/hu\/felnott-1000-darabos-puzzle-edgar-degas-a-balettosztaly\/p\/","name":"Feln\u0151tt 1000 darabos puzzle Edgar Degas - A balettoszt\u00e1ly","isPartOf":{"@id":"https:\/\/business.roovi.com\/hu\/#website"},"datePublished":"2018-04-16T10:56:17+00:00","dateModified":"2022-07-06T17:14:23+00:00","description":"Feln\u0151tt 1000 darabos puzzle Edgar Degas - A balettoszt\u00e1ly","breadcrumb":{"@id":"https:\/\/business.roovi.com\/hu\/felnott-1000-darabos-puzzle-edgar-degas-a-balettosztaly\/p\/#breadcrumb"},"inLanguage":"hu","potentialAction":[{"@type":"ReadAction","target":["https:\/\/business.roovi.com\/hu\/felnott-1000-darabos-puzzle-edgar-degas-a-balettosztaly\/p\/"]}]},{"@type":"BreadcrumbList","@id":"https:\/\/business.roovi.com\/hu\/felnott-1000-darabos-puzzle-edgar-degas-a-balettosztaly\/p\/#breadcrumb","itemListElement":[{"@type":"ListItem","position":1,"name":"Home","item":"https:\/\/business.roovi.com\/hu\/"},{"@type":"ListItem","position":2,"name":"Shop","item":"https:\/\/business.roovi.com\/hu\/shop\/"},{"@type":"ListItem","position":3,"name":"Feln\u0151tt 1000 darabos puzzle Edgar Degas &#8211; A balettoszt\u00e1ly"}]},{"@type":"WebSite","@id":"https:\/\/business.roovi.com\/hu\/#website","url":"https:\/\/business.roovi.com\/hu\/","name":"Roovi B2B","description":"Roovi Business Website","potentialAction":[{"@type":"SearchAction","target":{"@type":"EntryPoint","urlTemplate":"https:\/\/business.roovi.com\/hu\/?s={search_term_string}"},"query-input":"required name=search_term_string"}],"inLanguage":"hu"}]}},"_links":{"self":[{"href":"https:\/\/business.roovi.com\/hu\/wp-json\/wp\/v2\/product\/41495","targetHints":{"allow":["GET"]}}],"collection":[{"href":"https:\/\/business.roovi.com\/hu\/wp-json\/wp\/v2\/product"}],"about":[{"href":"https:\/\/business.roovi.com\/hu\/wp-json\/wp\/v2\/types\/product"}],"version-history":[{"count":0,"href":"https:\/\/business.roovi.com\/hu\/wp-json\/wp\/v2\/product\/41495\/revisions"}],"wp:featuredmedia":[{"embeddable":true,"href":"https:\/\/business.roovi.com\/hu\/wp-json\/wp\/v2\/media\/63473"}],"wp:attachment":[{"href":"https:\/\/business.roovi.com\/hu\/wp-json\/wp\/v2\/media?parent=41495"}],"wp:term":[{"taxonomy":"product_brand","embeddable":true,"href":"https:\/\/business.roovi.com\/hu\/wp-json\/wp\/v2\/product_brand?post=41495"},{"taxonomy":"product_cat","embeddable":true,"href":"https:\/\/business.roovi.com\/hu\/wp-json\/wp\/v2\/product_cat?post=41495"},{"taxonomy":"product_tag","embeddable":true,"href":"https:\/\/business.roovi.com\/hu\/wp-json\/wp\/v2\/product_tag?post=41495"}],"curies":[{"name":"wp","href":"https:\/\/api.w.org\/{rel}","templated":true}]}}