{"id":41499,"date":"2018-04-16T10:56:17","date_gmt":"2018-04-16T10:56:17","guid":{"rendered":"https:\/\/business.roovi.com\/puzzle-adulti-1000-piese-edward-burne-jones-the-mirror-of-venus\/p\/"},"modified":"2022-07-06T17:14:31","modified_gmt":"2022-07-06T17:14:31","slug":"felnott-1000-darabos-puzzle-edward-burne-jones-a-venusz-tukre","status":"publish","type":"product","link":"https:\/\/business.roovi.com\/hu\/felnott-1000-darabos-puzzle-edward-burne-jones-a-venusz-tukre\/p\/","title":{"rendered":"Feln\u0151tt 1000 darabos puzzle Edward Burne-Jones &#8211; A V\u00e9nusz t\u00fckre"},"content":{"rendered":"<p><span style=\"font-weight: 400\">Tapasztalja meg a sz\u00f3rakoztat\u00f3 \u00e9s pihentet\u0151 tev\u00e9kenys\u00e9get Rom\u00e1nia legnagyobb m\u0171v\u00e9szeti rejtv\u00e9nyk\u00edn\u00e1lat\u00e1val! V\u00e1lassza ki kedvenc kirak\u00f3it, rakja \u00f6ssze \u0151ket, \u00e9s hozza l\u00e9tre saj\u00e1t, egyedi m\u0171v\u00e9szeti gy\u0171jtem\u00e9ny\u00e9t 1000 darabos kirak\u00f3kb\u00f3l!   <\/span><\/p>\n<p><span style=\"font-weight: 400\">Az Edward Burne-Jones 1000 darabos puzzle &#8211; The Mirror of Venus\/Oglinda lui Venus lehet az els\u0151 m\u0171v\u00e9szi puzzle k\u00e9p a r\u00e9g\u00f3ta meg\u00e1lmodott gy\u0171jtem\u00e9nyedben. Az eszt\u00e9ticizmus h\u00edve, a m\u0171v\u00e9sz olyan remekm\u0171vet alkotott, amely az ide\u00e1lis sz\u00e9ps\u00e9g magasztal\u00e1sa, a festm\u00e9ny hangulat\u00e1t a k\u00e9s\u0151 viktori\u00e1nus m\u0171v\u00e9szet \u00e9rt\u00e9keihez igaz\u00edtva. A jelenet tiszt\u00e1n k\u00e9pzeletbeli, \u00e9s V\u00e9nuszt \u00e9s szolg\u00e1l\u00f3it mutatja, amint a v\u00edzben t\u00fckr\u00f6z\u0151d\u0151 t\u00fck\u00f6rk\u00e9p\u00fcket figyelik <\/span><\/p>\n<p><span style=\"font-weight: 400\">Haszn\u00e1ld a fant\u00e1zi\u00e1dat, \u00e9s alkosd \u00fajra ezt a csod\u00e1latra m\u00e9lt\u00f3 festm\u00e9nyt, a 19. sz\u00e1zadi fest\u00e9szet egyik kifejez\u0151d\u00e9s\u00e9t! Az \u00f6sszeszerel\u00e9shez egy k\u00f6z\u00f6ns\u00e9ges doh\u00e1nyz\u00f3asztalt is haszn\u00e1lhat &#8211; a v\u00e9gs\u0151 k\u00e9p m\u00e9rete 50 x 70 cm.<\/span><\/p>\n<p><span style=\"font-weight: 400\">Jellemz\u0151k 1000 darabos puzzle Edward Burne-Jones &#8211; The Mirror of Venus\/Oglinda di Venus:<\/span><\/p>\n<p><strong>A rekonstru\u00e1lt k\u00e9p m\u00e9rete: 50 x 70 cm <\/strong><\/p>\n<p><strong>Puzzle anyag <\/strong><\/p>\n<p><strong>kiv\u00e1l\u00f3 min\u0151s\u00e9g\u0171 k\u00e9k karton<\/strong><\/p>\n<p><strong>fenntarthat\u00f3, \u00fajrahasznos\u00edthat\u00f3 anyagok<\/strong><\/p>\n<p><strong>f\u00e9lf\u00e9nyes kivitel, \u00e9l\u00e9nk sz\u00ednek<\/strong><\/p>\n<p><strong>A kirak\u00f3s darabok sz\u00e1ma: 1000<\/strong><\/p>\n<p><strong>Aj\u00e1nlott \u00e9letkor: 14+<\/strong><\/p>\n<p><strong>A kirak\u00f3s j\u00e1t\u00e9kok \u00e9s az \u00e1ltaluk fejlesztett k\u00e9szs\u00e9gek<\/strong><\/p>\n<p><span style=\"font-weight: 400\">A feln\u0151tteknek sz\u00f3l\u00f3 rejtv\u00e9nyek egyszerre szolg\u00e1lnak kikapcsol\u00f3d\u00e1sra \u00e9s sz\u00e1mos k\u00e9szs\u00e9g fejleszt\u00e9s\u00e9re. \u00cdme n\u00e9h\u00e1ny k\u00f6z\u00fcl\u00fck:<\/span><\/p>\n<p><span style=\"font-weight: 400\">Probl\u00e9mamegold\u00f3 k\u00e9szs\u00e9g<\/span><\/p>\n<p><span style=\"font-weight: 400\">Logikus gondolkod\u00e1s<\/span><\/p>\n<p><span style=\"font-weight: 400\">Kritikus gondolkod\u00e1s<\/span><\/p>\n<p><span style=\"font-weight: 400\">Mem\u00f3ria<\/span><\/p>\n<p><span style=\"font-weight: 400\">Vizu\u00e1lis-t\u00e9rbeli intelligencia<\/span><\/p>\n<p><span style=\"font-weight: 400\">K\u00e9z-szem koordin\u00e1ci\u00f3<\/span><\/p>\n<p><strong>5 inform\u00e1ci\u00f3 a fest\u00e9szetr\u0151l <\/strong><strong><em>A V\u00e9nusz t\u00fckre<\/em><\/strong><strong> \u00e9s Edward Burne-Jones<\/strong><\/p>\n<p><span style=\"font-weight: 400\">A festm\u00e9ny z\u00f6kken\u0151mentesen \u00f6tv\u00f6zi a preraffaelita \u00e9s az olasz renesz\u00e1nsz eszt\u00e9tik\u00e1t.<\/span><\/p>\n<p><span style=\"font-weight: 400\">Az alakok eleganci\u00e1ja Botticellire eml\u00e9keztet, \u00e9s &#8222;el\u00e1rulja&#8221; Burne-Jones ir\u00e1nta \u00e9rzett csod\u00e1lat\u00e1t.<\/span><\/p>\n<p><span style=\"font-weight: 400\">Edward Burne-Jones \u00e1ll\u00edt\u00f3lag azt k\u00edv\u00e1nta, b\u00e1rcsak Botticelli kort\u00e1rsa lett volna, \u00e9s folyamatosan nosztalgi\u00e1zott a renesz\u00e1nsz korszak ut\u00e1n.<\/span><\/p>\n<p><span style=\"font-weight: 400\">A l\u00e1nyok arca \u00e9s melankolikus arckifejez\u00e9se szomor\u00fas\u00e1got \u00e9s nosztalgi\u00e1t sugall a fest\u0151 m\u00faltja ir\u00e1nt.<\/span><\/p>\n<p><span style=\"font-weight: 400\">A m\u0171 Edward Burne-Jones k\u00f6vet\u0151inek mint\u00e1j\u00e1v\u00e1 v\u00e1lt, akik sz\u00e9les k\u00f6rben ut\u00e1noztak bel\u0151le jeleneteket.<\/span><\/p>\n<p><strong>M\u0171v\u00e9szeti rejtv\u00e9nyek: kollekt\u00edv id\u0151t\u00f6lt\u00e9s<\/strong><\/p>\n<p><span style=\"font-weight: 400\">Olyan tev\u00e9kenys\u00e9get keres, amely k\u00f6zelebb hozza \u00d6nt \u00e9s gyermekeit egym\u00e1shoz? Vagy egy interakt\u00edv est\u00e9re v\u00e1gysz a bar\u00e1ti t\u00e1rsas\u00e1goddal? Fedezz\u00e9tek fel egy\u00fctt a m\u0171v\u00e9szeti rejtv\u00e9nyeket. K\u00e9sz\u00edtsd \u00fajra h\u00edres festm\u00e9nyek k\u00e9peit, \u00e9s keress \u00faj inform\u00e1ci\u00f3kat a m\u0171v\u00e9szi remekm\u0171vekr\u0151l \u00e9s szerz\u0151ikr\u0151l. \u00cdgy min\u0151s\u00e9gi id\u0151t t\u00f6lthetsz szeretteiddel \u00e9s fejlesztheted \u00e1ltal\u00e1nos tud\u00e1sodat.<\/span><\/p>\n<p><span style=\"font-weight: 400\">Nem tudod eld\u00f6nteni, hogy melyik m\u0171v\u00e9szeti kirak\u00f3st v\u00e1laszd a feln\u0151tteknek sz\u00f3l\u00f3 kirak\u00f3sok k\u00f6z\u00fcl? Edward Burne-Jones 1000 darabos puzzle &#8211; The Mirror of Venus\/Oglinda de Venus a mi aj\u00e1nl\u00e1sunk az \u00d6n sz\u00e1m\u00e1ra. \u00c1ll\u00edtson \u00f6ssze egy idilli k\u00e9pet egy 1000 darabos kirak\u00f3sb\u00f3l, amely egy elismert pre-raffaelita m\u0171v\u00e9sz m\u0171v\u00e9sz m\u0171v\u00e9szi \u00e9rz\u00e9kenys\u00e9g\u00e9nek kifejez\u0151d\u00e9se. Keretezd be a festm\u00e9nyt ebb\u0151l a csod\u00e1latos m\u0171v\u00e9szeti kirak\u00f3sb\u00f3l, \u00e9s csod\u00e1ld meg a saj\u00e1t kezedb\u0151l k\u00e9sz\u00fclt remekm\u0171vet.<\/span><\/p>\n<p><span style=\"font-weight: 400\">Ha meg akarja lepni kirakni a kirak\u00f3sokat kedvel\u0151 bar\u00e1tj\u00e1t, aj\u00e1nd\u00e9kozza meg az Edward Burne-Jones &#8211; Mirror of Venus m\u0171v\u00e9szeti kirak\u00f3st.<\/span><\/p><\/p>\n","protected":false},"excerpt":{"rendered":"<p>Tapasztalja meg a sz\u00f3rakoztat\u00f3 \u00e9s pihentet\u0151 tev\u00e9kenys\u00e9get Rom\u00e1nia legnagyobb m\u0171v\u00e9szeti rejtv\u00e9nyk\u00edn\u00e1lat\u00e1val! V\u00e1lassza ki kedvenc kirak\u00f3it, rakja \u00f6ssze \u0151ket, \u00e9s hozza<\/p>\n","protected":false},"featured_media":34100,"template":"","meta":[],"product_brand":[],"product_cat":[1920,1919,1881],"product_tag":[],"class_list":{"0":"post-41499","1":"product","2":"type-product","3":"status-publish","4":"has-post-thumbnail","6":"product_cat-1000-darabos-kirakos-jatek","7":"product_cat-felnott-kirakos-jatekok","8":"product_cat-kirakos-jatekok","9":"pa_bax-10-hu","10":"pa_brand-d_toys-hu","11":"pa_country_of_manufacture-ro-hu","12":"pa_filter_age-14-hu","13":"pa_painter-edward-burne-jones-hu","14":"pa_tip_ambalaj-doboz","15":"pa_tip_puzzle-klasszikus","17":"first","18":"onbackorder","19":"taxable","20":"shipping-taxable","21":"product-type-simple"},"yoast_head":"<!-- This site is optimized with the Yoast SEO plugin v20.1 - https:\/\/yoast.com\/wordpress\/plugins\/seo\/ -->\n<title>Feln\u0151tt 1000 darabos puzzle Edward Burne-Jones - A V\u00e9nusz t\u00fckre<\/title>\n<meta name=\"description\" content=\"Feln\u0151tt 1000 darabos puzzle Edward Burne-Jones - A V\u00e9nusz t\u00fckre\" \/>\n<meta name=\"robots\" content=\"index, follow, max-snippet:-1, max-image-preview:large, max-video-preview:-1\" \/>\n<link rel=\"canonical\" href=\"https:\/\/business.roovi.com\/hu\/felnott-1000-darabos-puzzle-edward-burne-jones-a-venusz-tukre\/p\/\" \/>\n<meta property=\"og:locale\" content=\"hu_HU\" \/>\n<meta property=\"og:type\" content=\"article\" \/>\n<meta property=\"og:title\" content=\"Feln\u0151tt 1000 darabos puzzle Edward Burne-Jones - A V\u00e9nusz t\u00fckre\" \/>\n<meta property=\"og:description\" content=\"Feln\u0151tt 1000 darabos puzzle Edward Burne-Jones - A V\u00e9nusz t\u00fckre\" \/>\n<meta property=\"og:url\" content=\"https:\/\/business.roovi.com\/hu\/felnott-1000-darabos-puzzle-edward-burne-jones-a-venusz-tukre\/p\/\" \/>\n<meta property=\"og:site_name\" content=\"Roovi B2B\" \/>\n<meta property=\"article:publisher\" content=\"https:\/\/www.facebook.com\/wwwjucariero\" \/>\n<meta property=\"article:modified_time\" content=\"2022-07-06T17:14:31+00:00\" \/>\n<meta property=\"og:image\" content=\"https:\/\/business.roovi.com\/wp-content\/uploads\/2018\/04\/p1000_burne-jones_72733_bu01-02_r700_64x88cm_no_stanc.jpg\" \/>\n\t<meta property=\"og:image:width\" content=\"1200\" \/>\n\t<meta property=\"og:image:height\" content=\"1200\" \/>\n\t<meta property=\"og:image:type\" content=\"image\/jpeg\" \/>\n<meta name=\"twitter:label1\" content=\"Becs\u00fclt olvas\u00e1si id\u0151\" \/>\n\t<meta name=\"twitter:data1\" content=\"3 perc\" \/>\n<script type=\"application\/ld+json\" class=\"yoast-schema-graph\">{\"@context\":\"https:\/\/schema.org\",\"@graph\":[{\"@type\":\"WebPage\",\"@id\":\"https:\/\/business.roovi.com\/hu\/felnott-1000-darabos-puzzle-edward-burne-jones-a-venusz-tukre\/p\/\",\"url\":\"https:\/\/business.roovi.com\/hu\/felnott-1000-darabos-puzzle-edward-burne-jones-a-venusz-tukre\/p\/\",\"name\":\"Feln\u0151tt 1000 darabos puzzle Edward Burne-Jones - A V\u00e9nusz t\u00fckre\",\"isPartOf\":{\"@id\":\"https:\/\/business.roovi.com\/hu\/#website\"},\"datePublished\":\"2018-04-16T10:56:17+00:00\",\"dateModified\":\"2022-07-06T17:14:31+00:00\",\"description\":\"Feln\u0151tt 1000 darabos puzzle Edward Burne-Jones - A V\u00e9nusz t\u00fckre\",\"breadcrumb\":{\"@id\":\"https:\/\/business.roovi.com\/hu\/felnott-1000-darabos-puzzle-edward-burne-jones-a-venusz-tukre\/p\/#breadcrumb\"},\"inLanguage\":\"hu\",\"potentialAction\":[{\"@type\":\"ReadAction\",\"target\":[\"https:\/\/business.roovi.com\/hu\/felnott-1000-darabos-puzzle-edward-burne-jones-a-venusz-tukre\/p\/\"]}]},{\"@type\":\"BreadcrumbList\",\"@id\":\"https:\/\/business.roovi.com\/hu\/felnott-1000-darabos-puzzle-edward-burne-jones-a-venusz-tukre\/p\/#breadcrumb\",\"itemListElement\":[{\"@type\":\"ListItem\",\"position\":1,\"name\":\"Home\",\"item\":\"https:\/\/business.roovi.com\/hu\/\"},{\"@type\":\"ListItem\",\"position\":2,\"name\":\"Shop\",\"item\":\"https:\/\/business.roovi.com\/hu\/shop\/\"},{\"@type\":\"ListItem\",\"position\":3,\"name\":\"Feln\u0151tt 1000 darabos puzzle Edward Burne-Jones &#8211; A V\u00e9nusz t\u00fckre\"}]},{\"@type\":\"WebSite\",\"@id\":\"https:\/\/business.roovi.com\/hu\/#website\",\"url\":\"https:\/\/business.roovi.com\/hu\/\",\"name\":\"Roovi B2B\",\"description\":\"Roovi Business Website\",\"potentialAction\":[{\"@type\":\"SearchAction\",\"target\":{\"@type\":\"EntryPoint\",\"urlTemplate\":\"https:\/\/business.roovi.com\/hu\/?s={search_term_string}\"},\"query-input\":\"required name=search_term_string\"}],\"inLanguage\":\"hu\"}]}<\/script>\n<!-- \/ Yoast SEO plugin. -->","yoast_head_json":{"title":"Feln\u0151tt 1000 darabos puzzle Edward Burne-Jones - A V\u00e9nusz t\u00fckre","description":"Feln\u0151tt 1000 darabos puzzle Edward Burne-Jones - A V\u00e9nusz t\u00fckre","robots":{"index":"index","follow":"follow","max-snippet":"max-snippet:-1","max-image-preview":"max-image-preview:large","max-video-preview":"max-video-preview:-1"},"canonical":"https:\/\/business.roovi.com\/hu\/felnott-1000-darabos-puzzle-edward-burne-jones-a-venusz-tukre\/p\/","og_locale":"hu_HU","og_type":"article","og_title":"Feln\u0151tt 1000 darabos puzzle Edward Burne-Jones - A V\u00e9nusz t\u00fckre","og_description":"Feln\u0151tt 1000 darabos puzzle Edward Burne-Jones - A V\u00e9nusz t\u00fckre","og_url":"https:\/\/business.roovi.com\/hu\/felnott-1000-darabos-puzzle-edward-burne-jones-a-venusz-tukre\/p\/","og_site_name":"Roovi B2B","article_publisher":"https:\/\/www.facebook.com\/wwwjucariero","article_modified_time":"2022-07-06T17:14:31+00:00","og_image":[{"width":1200,"height":1200,"url":"https:\/\/business.roovi.com\/wp-content\/uploads\/2018\/04\/p1000_burne-jones_72733_bu01-02_r700_64x88cm_no_stanc.jpg","type":"image\/jpeg"}],"twitter_misc":{"Becs\u00fclt olvas\u00e1si id\u0151":"3 perc"},"schema":{"@context":"https:\/\/schema.org","@graph":[{"@type":"WebPage","@id":"https:\/\/business.roovi.com\/hu\/felnott-1000-darabos-puzzle-edward-burne-jones-a-venusz-tukre\/p\/","url":"https:\/\/business.roovi.com\/hu\/felnott-1000-darabos-puzzle-edward-burne-jones-a-venusz-tukre\/p\/","name":"Feln\u0151tt 1000 darabos puzzle Edward Burne-Jones - A V\u00e9nusz t\u00fckre","isPartOf":{"@id":"https:\/\/business.roovi.com\/hu\/#website"},"datePublished":"2018-04-16T10:56:17+00:00","dateModified":"2022-07-06T17:14:31+00:00","description":"Feln\u0151tt 1000 darabos puzzle Edward Burne-Jones - A V\u00e9nusz t\u00fckre","breadcrumb":{"@id":"https:\/\/business.roovi.com\/hu\/felnott-1000-darabos-puzzle-edward-burne-jones-a-venusz-tukre\/p\/#breadcrumb"},"inLanguage":"hu","potentialAction":[{"@type":"ReadAction","target":["https:\/\/business.roovi.com\/hu\/felnott-1000-darabos-puzzle-edward-burne-jones-a-venusz-tukre\/p\/"]}]},{"@type":"BreadcrumbList","@id":"https:\/\/business.roovi.com\/hu\/felnott-1000-darabos-puzzle-edward-burne-jones-a-venusz-tukre\/p\/#breadcrumb","itemListElement":[{"@type":"ListItem","position":1,"name":"Home","item":"https:\/\/business.roovi.com\/hu\/"},{"@type":"ListItem","position":2,"name":"Shop","item":"https:\/\/business.roovi.com\/hu\/shop\/"},{"@type":"ListItem","position":3,"name":"Feln\u0151tt 1000 darabos puzzle Edward Burne-Jones &#8211; A V\u00e9nusz t\u00fckre"}]},{"@type":"WebSite","@id":"https:\/\/business.roovi.com\/hu\/#website","url":"https:\/\/business.roovi.com\/hu\/","name":"Roovi B2B","description":"Roovi Business Website","potentialAction":[{"@type":"SearchAction","target":{"@type":"EntryPoint","urlTemplate":"https:\/\/business.roovi.com\/hu\/?s={search_term_string}"},"query-input":"required name=search_term_string"}],"inLanguage":"hu"}]}},"_links":{"self":[{"href":"https:\/\/business.roovi.com\/hu\/wp-json\/wp\/v2\/product\/41499","targetHints":{"allow":["GET"]}}],"collection":[{"href":"https:\/\/business.roovi.com\/hu\/wp-json\/wp\/v2\/product"}],"about":[{"href":"https:\/\/business.roovi.com\/hu\/wp-json\/wp\/v2\/types\/product"}],"version-history":[{"count":0,"href":"https:\/\/business.roovi.com\/hu\/wp-json\/wp\/v2\/product\/41499\/revisions"}],"wp:featuredmedia":[{"embeddable":true,"href":"https:\/\/business.roovi.com\/hu\/wp-json\/wp\/v2\/media\/34100"}],"wp:attachment":[{"href":"https:\/\/business.roovi.com\/hu\/wp-json\/wp\/v2\/media?parent=41499"}],"wp:term":[{"taxonomy":"product_brand","embeddable":true,"href":"https:\/\/business.roovi.com\/hu\/wp-json\/wp\/v2\/product_brand?post=41499"},{"taxonomy":"product_cat","embeddable":true,"href":"https:\/\/business.roovi.com\/hu\/wp-json\/wp\/v2\/product_cat?post=41499"},{"taxonomy":"product_tag","embeddable":true,"href":"https:\/\/business.roovi.com\/hu\/wp-json\/wp\/v2\/product_tag?post=41499"}],"curies":[{"name":"wp","href":"https:\/\/api.w.org\/{rel}","templated":true}]}}