{"id":41503,"date":"2018-04-16T10:56:17","date_gmt":"2018-04-16T10:56:17","guid":{"rendered":"https:\/\/business.roovi.com\/puzzle-adulti-1000-piese-paul-gauguin-where-are-you-going\/p\/"},"modified":"2022-07-06T17:14:38","modified_gmt":"2022-07-06T17:14:38","slug":"paul-gauguin-1000-darabos-felnott-puzzle-hova-mesz","status":"publish","type":"product","link":"https:\/\/business.roovi.com\/hu\/paul-gauguin-1000-darabos-felnott-puzzle-hova-mesz\/p\/","title":{"rendered":"Paul Gauguin 1000 darabos feln\u0151tt puzzle &#8211; Hov\u00e1 m\u00e9sz?"},"content":{"rendered":"<p><span style=\"font-weight: 400\">Leny\u0171g\u00f6zik a h\u00edres festm\u00e9nyek, \u00e9s szeretne h\u00edres m\u0171alkot\u00e1sokat otthon\u00e1ban? A m\u0171v\u00e9szi rejtv\u00e9nyek legnagyobb v\u00e1laszt\u00e9k\u00e1val mostant\u00f3l lehet\u0151s\u00e9ge van erre. \u00c1ll\u00edtsd \u00f6ssze a vil\u00e1g legh\u00edresebb festm\u00e9nyeinek 1000 darabos kirak\u00f3it, \u00e9s hozz l\u00e9tre egy mes\u00e9s m\u0171v\u00e9szeti gy\u0171jtem\u00e9nyt.<\/span><\/p>\n<p><span style=\"font-weight: 400\">A Paul Gauguin k\u00f6telez\u0151 darab a m\u0171v\u00e9szeti kirak\u00f3s j\u00e1t\u00e9kgy\u0171jtem\u00e9nyedben. Az 1000 darabos kirak\u00f3s Hov\u00e1 m\u00e9sz &#8211; N\u0151 gy\u00fcm\u00f6lccsel Tahiti sziget\u00e9nek \u00e9rintetlen, primit\u00edv \u00e9let\u00e9t \u00e9s term\u00e9szeti harm\u00f3ni\u00e1j\u00e1t \u00e1br\u00e1zolja, ahol a m\u0171v\u00e9sz \u00e9lete utols\u00f3 szakasz\u00e1t t\u00f6lt\u00f6tte.<\/span><\/p>\n<p><span style=\"font-weight: 400\">Paul Gauguin &#8211; Hov\u00e1 m\u00e9sz (N\u0151 egy gy\u00fcm\u00f6lccsel) m\u0171v\u00e9szeti puzzle a 19. sz\u00e1zadi tahiti emberek egyszer\u0171 \u00e9s nyugodt vil\u00e1g\u00e1ba kalauzol el. A k\u00e9p az \u00fajonnan \u00e9rkezett m\u0171v\u00e9sz els\u0151 benyom\u00e1sait t\u00fckr\u00f6zi.<\/span><\/p>\n<p><span style=\"font-weight: 400\">Rakd \u00f6ssze az 1000 puzzle-darabot, \u00e9s egy gy\u00f6ny\u00f6r\u0171, \u00e9l\u00e9nk sz\u00ednekben pomp\u00e1z\u00f3 festm\u00e9nyt kapsz. Haszn\u00e1ljon egy hagyom\u00e1nyos doh\u00e1nyz\u00f3asztalt a darabok al\u00e1t\u00e1maszt\u00e1s\u00e1ra. Az \u00e1tdolgozott k\u00e9p m\u00e9rete 50 x 70 cm.<\/span><\/p>\n<p><span style=\"font-weight: 400\">Jellemz\u0151k 1000 darabos puzzle Paul Gauguin &#8211; Hov\u00e1 m\u00e9sz (N\u0151 egy gy\u00fcm\u00f6lccsel):<\/span><\/p>\n<p><strong>Puzzle anyag <\/strong><\/p>\n<p><strong>kiv\u00e1l\u00f3 min\u0151s\u00e9g\u0171 k\u00e9k karton<\/strong><\/p>\n<p><strong>fenntarthat\u00f3, \u00fajrahasznos\u00edthat\u00f3 anyagok<\/strong><\/p>\n<p><strong>f\u00e9lf\u00e9nyes kivitel, \u00e9l\u00e9nk sz\u00ednek<\/strong><\/p>\n<p><strong>A kirak\u00f3s darabok sz\u00e1ma: 1000<\/strong><\/p>\n<p><strong>Aj\u00e1nlott \u00e9letkor: 14+<\/strong><\/p>\n<p><strong>Sok \u00f3r\u00e1nyi pihentet\u0151 sz\u00f3rakoz\u00e1sra v\u00e1gyik? Az 1000 darabos Paul Gauguin &#8211; Hov\u00e1 m\u00e9sz! kirak\u00f3s j\u00e1t\u00e9kkal megkaphatod \u0151ket <\/strong><\/p>\n<p><span style=\"font-weight: 400\">Ak\u00e1r az es\u0151s d\u00e9lut\u00e1nok unalmas \u00f3r\u00e1it szeretn\u00e9 feldobni, ak\u00e1r a h\u00e9tv\u00e9g\u00e9it szeretn\u00e9 kreat\u00edvan elt\u00f6lteni, a Paul Gauguin &#8211; Hov\u00e1 m\u00e9sz 1000 darabos puzzle-vel<\/span> <span style=\"font-weight: 400\">az ihletett v\u00e1laszt\u00e1s. A sz\u00f3rakoz\u00e1s \u00e9s a kikapcsol\u00f3d\u00e1s mellett \u00e9lvezheti a m\u0171v\u00e9szi rejtv\u00e9nyek egy\u00e9b el\u0151nyeit is:<\/span><\/p>\n<p><span style=\"font-weight: 400\">Kreativit\u00e1s fejleszt\u00e9se<\/span><\/p>\n<p><span style=\"font-weight: 400\">Mem\u00f3ria tr\u00e9ning <\/span><\/p>\n<p><span style=\"font-weight: 400\">A r\u00e9szletekre val\u00f3 odafigyel\u00e9s jav\u00edt\u00e1sa<\/span><\/p>\n<p><span style=\"font-weight: 400\">Kritikai gondolkod\u00e1s \u00e9s kitart\u00e1s fejleszt\u00e9se<\/span><\/p>\n<p><span style=\"font-weight: 400\">Jav\u00edtja a hangulatot.<\/span><\/p>\n<p><strong>Tudt\u00e1l Paul Gauguinr\u00f3l?&#8230;<\/strong><span style=\"font-weight: 400\"> <\/span><\/p>\n<p><span style=\"font-weight: 400\">T\u0151zsde\u00fcgyn\u00f6knek k\u00e9sz\u00fclt, de elbukott, \u00e9s arra a ter\u00fcletre \u00f6sszpontos\u00edtott, amelyr\u0151l \u00fagy \u00e9rezte, hogy megfelel neki: a fest\u00e9szetre.<\/span><\/p>\n<p><span style=\"font-weight: 400\">Gyermekk\u00e9nt n\u00e9h\u00e1ny \u00e9vet \u00e9lt Peruban, \u00e9s \u00fagy t\u0171nik, hogy a primitivizmus ir\u00e1nti \u00e9rdekl\u0151d\u00e9se ebb\u0151l az \u00e9lm\u00e9nyb\u0151l ered <\/span><\/p>\n<p><span style=\"font-weight: 400\">Vincent van Gogh kisz\u00e1m\u00edthatatlan viselked\u00e9se \u00e9s depresszi\u00f3s epiz\u00f3djai miatt bonyolult bar\u00e1ts\u00e1g f\u0171zte Vincent van Gogh-hoz.<\/span><\/p>\n<p><span style=\"font-weight: 400\">Edgar Degas viszont \u00e9lete v\u00e9g\u00e9ig h\u0171s\u00e9ges bar\u00e1tja volt. Gauguin sz\u00e1mos m\u0171v\u00e9t megv\u00e1s\u00e1rolta.<\/span><\/p>\n<p><span style=\"font-weight: 400\">\u00c9let\u00e9ben alacsony \u00e1ron adta el m\u0171veit. M\u0171v\u00e9szi sikere k\u00e9s\u0151n, csak hal\u00e1la ut\u00e1n j\u00f6tt el.<\/span><\/p>\n<p><strong>1000 darabos puzzle \u00e9l\u00e9nk \u00e9s \u00e9l\u00e9nk sz\u00ednekben<\/strong><\/p>\n<p><span style=\"font-weight: 400\">Fedezze fel az egzotikus kult\u00fara csod\u00e1latos szimb\u00f3lumait a m\u0171v\u00e9szeti puzzle Paul Gauguin &#8211; Hov\u00e1 m\u00e9sz. A festm\u00e9ny az \u00e9let \u00f6r\u00f6k ritmus\u00e1t \u00e9s az egyszer\u0171 emberek \u00e9s a term\u00e9szet k\u00f6z\u00f6tti harm\u00f3ni\u00e1t testes\u00edti meg.<\/span><\/p>\n<p><span style=\"font-weight: 400\">Rakd \u00f6ssze darabr\u00f3l darabra, \u00e9s alkosd \u00fajra ezt a vil\u00e1g\u00edt\u00f3 festm\u00e9nyt egy 1000 darabos kirak\u00f3sban. Gy\u0171jtsd \u00f6ssze bar\u00e1taidat, \u00e9s t\u00f6ltsd ki az egzotikus Paul Gauguin &#8211; Hov\u00e1 m\u00e9sz c\u00edm\u0171 festm\u00e9nyt. Egy m\u0171v\u00e9szi kirak\u00f3j\u00e1t\u00e9k \u00f6sszek\u00f6t a szeretteiddel, \u00e9s t\u00f6k\u00e9letes alkalom arra, hogy min\u0151s\u00e9gi id\u0151t t\u00f6lts a bar\u00e1taiddal.<\/span><\/p>\n<p><span style=\"font-weight: 400\">Az 1000 darabos Paul Gauguin &#8211; Hov\u00e1 m\u00e9sz puzzle megfelel\u0151 aj\u00e1nd\u00e9k a kirak\u00f3s j\u00e1t\u00e9kok kedvel\u0151inek, valamint olyan helyzetekben, amikor kellemes meglepet\u00e9st szeretne okozni szeretteinek.<\/span><\/p><\/p>\n","protected":false},"excerpt":{"rendered":"<p>Leny\u0171g\u00f6zik a h\u00edres festm\u00e9nyek, \u00e9s szeretne h\u00edres m\u0171alkot\u00e1sokat otthon\u00e1ban? A m\u0171v\u00e9szi rejtv\u00e9nyek legnagyobb v\u00e1laszt\u00e9k\u00e1val mostant\u00f3l lehet\u0151s\u00e9ge van erre. \u00c1ll\u00edtsd \u00f6ssze<\/p>\n","protected":false},"featured_media":34104,"template":"","meta":[],"product_brand":[],"product_cat":[1920,1919,1881],"product_tag":[],"class_list":{"0":"post-41503","1":"product","2":"type-product","3":"status-publish","4":"has-post-thumbnail","6":"product_cat-1000-darabos-kirakos-jatek","7":"product_cat-felnott-kirakos-jatekok","8":"product_cat-kirakos-jatekok","9":"pa_bax-10-hu","10":"pa_brand-d_toys-hu","11":"pa_country_of_manufacture-ro-hu","12":"pa_filter_age-14-hu","13":"pa_painter-paul-gauguin-hu","14":"pa_tip_ambalaj-doboz","15":"pa_tip_puzzle-klasszikus","17":"first","18":"instock","19":"taxable","20":"shipping-taxable","21":"product-type-simple"},"yoast_head":"<!-- This site is optimized with the Yoast SEO plugin v20.1 - https:\/\/yoast.com\/wordpress\/plugins\/seo\/ -->\n<title>Paul Gauguin 1000 darabos feln\u0151tt puzzle - Hov\u00e1 m\u00e9sz?<\/title>\n<meta name=\"description\" content=\"Paul Gauguin 1000 darabos feln\u0151tt puzzle - Hov\u00e1 m\u00e9sz?\" \/>\n<meta name=\"robots\" content=\"index, follow, max-snippet:-1, max-image-preview:large, max-video-preview:-1\" \/>\n<link rel=\"canonical\" href=\"https:\/\/business.roovi.com\/hu\/paul-gauguin-1000-darabos-felnott-puzzle-hova-mesz\/p\/\" \/>\n<meta property=\"og:locale\" content=\"hu_HU\" \/>\n<meta property=\"og:type\" content=\"article\" \/>\n<meta property=\"og:title\" content=\"Paul Gauguin 1000 darabos feln\u0151tt puzzle - Hov\u00e1 m\u00e9sz?\" \/>\n<meta property=\"og:description\" content=\"Paul Gauguin 1000 darabos feln\u0151tt puzzle - Hov\u00e1 m\u00e9sz?\" \/>\n<meta property=\"og:url\" content=\"https:\/\/business.roovi.com\/hu\/paul-gauguin-1000-darabos-felnott-puzzle-hova-mesz\/p\/\" \/>\n<meta property=\"og:site_name\" content=\"Roovi B2B\" \/>\n<meta property=\"article:publisher\" content=\"https:\/\/www.facebook.com\/wwwjucariero\" \/>\n<meta property=\"article:modified_time\" content=\"2022-07-06T17:14:38+00:00\" \/>\n<meta property=\"og:image\" content=\"https:\/\/business.roovi.com\/wp-content\/uploads\/2018\/04\/p1000_gauguin_72818_ga01-02_r700_64x88cm_no_stanc2.jpg\" \/>\n\t<meta property=\"og:image:width\" content=\"1200\" \/>\n\t<meta property=\"og:image:height\" content=\"1200\" \/>\n\t<meta property=\"og:image:type\" content=\"image\/jpeg\" \/>\n<meta name=\"twitter:label1\" content=\"Becs\u00fclt olvas\u00e1si id\u0151\" \/>\n\t<meta name=\"twitter:data1\" content=\"3 perc\" \/>\n<script type=\"application\/ld+json\" class=\"yoast-schema-graph\">{\"@context\":\"https:\/\/schema.org\",\"@graph\":[{\"@type\":\"WebPage\",\"@id\":\"https:\/\/business.roovi.com\/hu\/paul-gauguin-1000-darabos-felnott-puzzle-hova-mesz\/p\/\",\"url\":\"https:\/\/business.roovi.com\/hu\/paul-gauguin-1000-darabos-felnott-puzzle-hova-mesz\/p\/\",\"name\":\"Paul Gauguin 1000 darabos feln\u0151tt puzzle - Hov\u00e1 m\u00e9sz?\",\"isPartOf\":{\"@id\":\"https:\/\/business.roovi.com\/hu\/#website\"},\"datePublished\":\"2018-04-16T10:56:17+00:00\",\"dateModified\":\"2022-07-06T17:14:38+00:00\",\"description\":\"Paul Gauguin 1000 darabos feln\u0151tt puzzle - Hov\u00e1 m\u00e9sz?\",\"breadcrumb\":{\"@id\":\"https:\/\/business.roovi.com\/hu\/paul-gauguin-1000-darabos-felnott-puzzle-hova-mesz\/p\/#breadcrumb\"},\"inLanguage\":\"hu\",\"potentialAction\":[{\"@type\":\"ReadAction\",\"target\":[\"https:\/\/business.roovi.com\/hu\/paul-gauguin-1000-darabos-felnott-puzzle-hova-mesz\/p\/\"]}]},{\"@type\":\"BreadcrumbList\",\"@id\":\"https:\/\/business.roovi.com\/hu\/paul-gauguin-1000-darabos-felnott-puzzle-hova-mesz\/p\/#breadcrumb\",\"itemListElement\":[{\"@type\":\"ListItem\",\"position\":1,\"name\":\"Home\",\"item\":\"https:\/\/business.roovi.com\/hu\/\"},{\"@type\":\"ListItem\",\"position\":2,\"name\":\"Shop\",\"item\":\"https:\/\/business.roovi.com\/hu\/shop\/\"},{\"@type\":\"ListItem\",\"position\":3,\"name\":\"Paul Gauguin 1000 darabos feln\u0151tt puzzle &#8211; Hov\u00e1 m\u00e9sz?\"}]},{\"@type\":\"WebSite\",\"@id\":\"https:\/\/business.roovi.com\/hu\/#website\",\"url\":\"https:\/\/business.roovi.com\/hu\/\",\"name\":\"Roovi B2B\",\"description\":\"Roovi Business Website\",\"potentialAction\":[{\"@type\":\"SearchAction\",\"target\":{\"@type\":\"EntryPoint\",\"urlTemplate\":\"https:\/\/business.roovi.com\/hu\/?s={search_term_string}\"},\"query-input\":\"required name=search_term_string\"}],\"inLanguage\":\"hu\"}]}<\/script>\n<!-- \/ Yoast SEO plugin. -->","yoast_head_json":{"title":"Paul Gauguin 1000 darabos feln\u0151tt puzzle - Hov\u00e1 m\u00e9sz?","description":"Paul Gauguin 1000 darabos feln\u0151tt puzzle - Hov\u00e1 m\u00e9sz?","robots":{"index":"index","follow":"follow","max-snippet":"max-snippet:-1","max-image-preview":"max-image-preview:large","max-video-preview":"max-video-preview:-1"},"canonical":"https:\/\/business.roovi.com\/hu\/paul-gauguin-1000-darabos-felnott-puzzle-hova-mesz\/p\/","og_locale":"hu_HU","og_type":"article","og_title":"Paul Gauguin 1000 darabos feln\u0151tt puzzle - Hov\u00e1 m\u00e9sz?","og_description":"Paul Gauguin 1000 darabos feln\u0151tt puzzle - Hov\u00e1 m\u00e9sz?","og_url":"https:\/\/business.roovi.com\/hu\/paul-gauguin-1000-darabos-felnott-puzzle-hova-mesz\/p\/","og_site_name":"Roovi B2B","article_publisher":"https:\/\/www.facebook.com\/wwwjucariero","article_modified_time":"2022-07-06T17:14:38+00:00","og_image":[{"width":1200,"height":1200,"url":"https:\/\/business.roovi.com\/wp-content\/uploads\/2018\/04\/p1000_gauguin_72818_ga01-02_r700_64x88cm_no_stanc2.jpg","type":"image\/jpeg"}],"twitter_misc":{"Becs\u00fclt olvas\u00e1si id\u0151":"3 perc"},"schema":{"@context":"https:\/\/schema.org","@graph":[{"@type":"WebPage","@id":"https:\/\/business.roovi.com\/hu\/paul-gauguin-1000-darabos-felnott-puzzle-hova-mesz\/p\/","url":"https:\/\/business.roovi.com\/hu\/paul-gauguin-1000-darabos-felnott-puzzle-hova-mesz\/p\/","name":"Paul Gauguin 1000 darabos feln\u0151tt puzzle - Hov\u00e1 m\u00e9sz?","isPartOf":{"@id":"https:\/\/business.roovi.com\/hu\/#website"},"datePublished":"2018-04-16T10:56:17+00:00","dateModified":"2022-07-06T17:14:38+00:00","description":"Paul Gauguin 1000 darabos feln\u0151tt puzzle - Hov\u00e1 m\u00e9sz?","breadcrumb":{"@id":"https:\/\/business.roovi.com\/hu\/paul-gauguin-1000-darabos-felnott-puzzle-hova-mesz\/p\/#breadcrumb"},"inLanguage":"hu","potentialAction":[{"@type":"ReadAction","target":["https:\/\/business.roovi.com\/hu\/paul-gauguin-1000-darabos-felnott-puzzle-hova-mesz\/p\/"]}]},{"@type":"BreadcrumbList","@id":"https:\/\/business.roovi.com\/hu\/paul-gauguin-1000-darabos-felnott-puzzle-hova-mesz\/p\/#breadcrumb","itemListElement":[{"@type":"ListItem","position":1,"name":"Home","item":"https:\/\/business.roovi.com\/hu\/"},{"@type":"ListItem","position":2,"name":"Shop","item":"https:\/\/business.roovi.com\/hu\/shop\/"},{"@type":"ListItem","position":3,"name":"Paul Gauguin 1000 darabos feln\u0151tt puzzle &#8211; Hov\u00e1 m\u00e9sz?"}]},{"@type":"WebSite","@id":"https:\/\/business.roovi.com\/hu\/#website","url":"https:\/\/business.roovi.com\/hu\/","name":"Roovi B2B","description":"Roovi Business Website","potentialAction":[{"@type":"SearchAction","target":{"@type":"EntryPoint","urlTemplate":"https:\/\/business.roovi.com\/hu\/?s={search_term_string}"},"query-input":"required name=search_term_string"}],"inLanguage":"hu"}]}},"_links":{"self":[{"href":"https:\/\/business.roovi.com\/hu\/wp-json\/wp\/v2\/product\/41503","targetHints":{"allow":["GET"]}}],"collection":[{"href":"https:\/\/business.roovi.com\/hu\/wp-json\/wp\/v2\/product"}],"about":[{"href":"https:\/\/business.roovi.com\/hu\/wp-json\/wp\/v2\/types\/product"}],"version-history":[{"count":0,"href":"https:\/\/business.roovi.com\/hu\/wp-json\/wp\/v2\/product\/41503\/revisions"}],"wp:featuredmedia":[{"embeddable":true,"href":"https:\/\/business.roovi.com\/hu\/wp-json\/wp\/v2\/media\/34104"}],"wp:attachment":[{"href":"https:\/\/business.roovi.com\/hu\/wp-json\/wp\/v2\/media?parent=41503"}],"wp:term":[{"taxonomy":"product_brand","embeddable":true,"href":"https:\/\/business.roovi.com\/hu\/wp-json\/wp\/v2\/product_brand?post=41503"},{"taxonomy":"product_cat","embeddable":true,"href":"https:\/\/business.roovi.com\/hu\/wp-json\/wp\/v2\/product_cat?post=41503"},{"taxonomy":"product_tag","embeddable":true,"href":"https:\/\/business.roovi.com\/hu\/wp-json\/wp\/v2\/product_tag?post=41503"}],"curies":[{"name":"wp","href":"https:\/\/api.w.org\/{rel}","templated":true}]}}