{"id":41523,"date":"2018-04-16T10:56:17","date_gmt":"2018-04-16T10:56:17","guid":{"rendered":"https:\/\/business.roovi.com\/puzzle-adulti-jean-honore-fragonard-blind-mans-bluff-1000-piese\/p\/"},"modified":"2022-07-06T17:19:23","modified_gmt":"2022-07-06T17:19:23","slug":"felnott-puzzle-1000-darab-jean-honore-fragonard-blind-mans-bluff-vak-ember-bloffje","status":"publish","type":"product","link":"https:\/\/business.roovi.com\/hu\/felnott-puzzle-1000-darab-jean-honore-fragonard-blind-mans-bluff-vak-ember-bloffje\/p\/","title":{"rendered":"Feln\u0151tt puzzle 1000 darab Jean-Honor\u00e9 Fragonard &#8211; Blind Man&#8217;s Bluff (Vak ember bl\u00f6ffje)"},"content":{"rendered":"<p><span style=\"font-weight: 400\">Szusszan\u00e1snyi sz\u00fcnetet vagy pihen\u00e9st keres a rohan\u00f3 \u00e9let\u00e9b\u0151l? Fedezze fel a legnagyobb m\u0171v\u00e9szeti rejtv\u00e9nygy\u0171jtem\u00e9nyt, alkossa \u00fajra minden id\u0151k legh\u00edresebb m\u0171alkot\u00e1sait, \u00e9s \u00e9lvezze a nyugalmat, amit egy 1000 darabos rejtv\u00e9ny adhat \u00d6nnek!<\/span><\/p>\n<p><span style=\"font-weight: 400\">V\u00e1lasszon a t\u00f6bb sz\u00e1z rajz k\u00f6z\u00fcl a m\u0171v\u00e9szeti rejtv\u00e9nyek gy\u0171jtem\u00e9ny\u00e9ben a csod\u00e1latos 1000 darabos Jean-Honor\u00e9 Fragonard &#8211; Blind Man&#8217;s Bluff puzzle-t. A festm\u00e9ny egy \u00e9rz\u00e9ki udvarl\u00e1si jelenetet \u00e1br\u00e1zol a tipikus 18. sz\u00e1zadi &#8222;vak bl\u00f6ff&#8221; j\u00e1t\u00e9kon kereszt\u00fcl. \u00cdgy t\u00e1rul fel a &#8222;szerelem vak&#8221; fogalma egy j\u00e1t\u00e9kos m\u0171v\u00e9szi kompoz\u00edci\u00f3ban. Engedje, hogy mag\u00e1val ragadja ez a csod\u00e1latos sz\u00ednj\u00e1t\u00e9k, \u00e9s alkossa meg \u00fajra a csod\u00e1latos Blind Man&#8217;s Bluff festm\u00e9nyt.<\/span><\/p>\n<p><span style=\"font-weight: 400\">Az Art Puzzles kollekci\u00f3 1000 darabos kirak\u00f3i kiv\u00e1l\u00f3 min\u0151s\u00e9g\u0171 anyagokb\u00f3l k\u00e9sz\u00fclnek, amelyek tart\u00f3ss\u00e1got biztos\u00edtanak sz\u00e1mukra. A k\u00e9pet annyiszor \u00fajrak\u00e9sz\u00edtheti, ah\u00e1nyszor csak akarja, an\u00e9lk\u00fcl, hogy agg\u00f3dnia kellene a festm\u00e9ny s\u00e9r\u00fcl\u00e9se miatt. Az \u00f6ssze\u00e1ll\u00edt\u00e1shoz egy k\u00f6z\u00f6ns\u00e9ges doh\u00e1nyz\u00f3asztalt is haszn\u00e1lhat, mivel a k\u00e9sz festm\u00e9ny m\u00e9rete 50 x 70 cm.<\/span><\/p>\n<p><span style=\"font-weight: 400\">Az 1000 darabos Jean-Honor\u00e9 Fragonard &#8211; Blind Man&#8217;s Bluff egy\u00e9b jellemz\u0151i:<\/span><\/p>\n<p><strong>Puzzle anyag <\/strong><\/p>\n<p><strong>kiv\u00e1l\u00f3 min\u0151s\u00e9g\u0171 k\u00e9k karton<\/strong><\/p>\n<p><strong>fenntarthat\u00f3, \u00fajrahasznos\u00edthat\u00f3 anyagok<\/strong><\/p>\n<p><strong>f\u00e9lf\u00e9nyes kivitel, \u00e9l\u00e9nk sz\u00ednek<\/strong><\/p>\n<p><strong>A kirak\u00f3s darabok sz\u00e1ma: 1000<\/strong><\/p>\n<p><strong>Aj\u00e1nlott \u00e9letkor: 14+<\/strong><\/p>\n<p><strong>Milyen el\u0151nyei vannak az 1000 darabos kirak\u00f3s j\u00e1t\u00e9koknak?<\/strong><\/p>\n<p><span style=\"font-weight: 400\">Rakj \u00f6ssze minden nap egy 1000 darabos kirak\u00f3t, \u00e9s \u00e9lvezd ennek a tev\u00e9kenys\u00e9gnek az \u00f6sszes el\u0151ny\u00e9t:<\/span><\/p>\n<p><span style=\"font-weight: 400\">Rengeteg kikapcsol\u00f3d\u00e1st ny\u00fajt.<\/span><\/p>\n<p><span style=\"font-weight: 400\">Seg\u00edt elszakadni a mindennapi probl\u00e9m\u00e1kt\u00f3l.<\/span><\/p>\n<p><span style=\"font-weight: 400\">Jav\u00edtja a probl\u00e9mamegold\u00f3 k\u00e9szs\u00e9get.<\/span><\/p>\n<p><span style=\"font-weight: 400\">\u00d6sszek\u00f6t m\u00e1sokkal, ha a szeretteiddel egy\u00fctt rejtv\u00e9nyt fejtesz.<\/span><\/p>\n<p><span style=\"font-weight: 400\">Seg\u00edt meg\u0151rizni az agy eg\u00e9szs\u00e9g\u00e9t.<\/span><\/p>\n<p><span style=\"font-weight: 400\">Jav\u00edtja a mem\u00f3ri\u00e1t.<\/span><\/p>\n<p><span style=\"font-weight: 400\">N\u00f6veli a termel\u00e9kenys\u00e9get.<\/span><\/p>\n<p><strong>Jean-Honor\u00e9 Fragonard &#8211; egy t\u00fal\u00e1rad\u00f3 \u00e9s eredeti fest\u0151m\u0171v\u00e9sz<\/strong><\/p>\n<p><span style=\"font-weight: 400\">B\u00e1r \u0151t a 18. sz\u00e1zad m\u00e1sodik fel\u00e9nek barokkj\u00e1nak k\u00e9pvisel\u0151jek\u00e9nt tartj\u00e1k sz\u00e1mon, <\/span><span style=\"font-weight: 400\">Jean-Honor\u00e9 Fragonard nem sorolhat\u00f3 egyetlen m\u0171v\u00e9szeti ir\u00e1nyzatba sem. A kor minden st\u00edlus\u00e1ban festett <\/span><\/p>\n<p><strong>Amit tal\u00e1n nem tudt\u00e1l err\u0151l a fest\u0151r\u0151l:<\/strong><\/p>\n<p><span style=\"font-weight: 400\">Festm\u00e9nyein mer\u00e9sz t\u00e9m\u00e1kat dolgozott fel, kiemelve a finom \u00e9s frivol szerelmi jeleneteket.<\/span><\/p>\n<p><span style=\"font-weight: 400\">Olyan befoly\u00e1sos embereknek festett, mint a kir\u00e1ly <\/span><span style=\"font-weight: 400\">XV. Lajos<\/span><\/p>\n<p><span style=\"font-weight: 400\">B\u00e1r \u00e9let\u00e9ben tekint\u00e9lyt \u00e9lvezett, n\u00e9h\u00e1ny m\u0171ve miatt a korabeli kritikusok frivols\u00e1ggal v\u00e1dolt\u00e1k.<\/span><\/p>\n<p><span style=\"font-weight: 400\">A Louvre-ban \u00e9lt, \u00e9s a m\u00fazeum m\u0171gy\u0171jtem\u00e9nyeinek rendez\u00e9s\u00e9\u00e9rt felelt.<\/span><\/p>\n<p><span style=\"font-weight: 400\">Hirtelen halt meg, mik\u00f6zben fagylaltot evett.<\/span><\/p>\n<p><strong>Vegy\u00e9l egy mini vak\u00e1ci\u00f3t a k\u00fclvil\u00e1gt\u00f3l az 1000 darabos m\u0171v\u00e9szi kirak\u00f3val!<\/strong><\/p>\n<p><span style=\"font-weight: 400\">Menj\u00fcnk..<\/span> <span style=\"font-weight: 400\">n\u00e9h\u00e1ny \u00f3r\u00e1t magaddal t\u00f6lteni remek m\u00f3dja annak, hogy egy f\u00e1raszt\u00f3 munkanap ut\u00e1n kikapcsol\u00f3dj \u00e9s \u00fajraindulj. Olyan ez, mint egy minivak\u00e1ci\u00f3, ahol egy m\u0171v\u00e9szeti kirak\u00f3s j\u00e1t\u00e9k egy m\u00e1sik vil\u00e1gba kapcsol, tele harm\u00f3ni\u00e1val \u00e9s sz\u00ednekkel. Amikor a festm\u00e9ny elk\u00e9sz\u00fcl, csod\u00e1latos \u00e9rz\u00e9ssel t\u00f6lt el, hogy egy kiv\u00e9teles m\u0171alkot\u00e1st alkott\u00e1l. Most egy kicsit t\u00f6bb id\u0151t sz\u00e1nhatsz arra, hogy nyugodtan csod\u00e1ld a v\u00e1sznat.<\/span><\/p>\n<p><span style=\"font-weight: 400\">\u00c9s azt hiszed, hogy &#8222;a szerelem vak&#8221;? Engedje mag\u00e1t elragadtatni Jean-Honor\u00e9 Fragonard szimb\u00f3lumokkal teli v\u00e1sznain, \u00e9s k\u00e9sz\u00edtsen eml\u00e9kezetes festm\u00e9nyt egy 1000 darabos kirak\u00f3sb\u00f3l.  <\/span><\/p>\n<p><span style=\"font-weight: 400\">V\u00e1s\u00e1rolja meg a Jean-Honor\u00e9 Fragonard &#8211; Blind Man&#8217;s Bluff m\u0171v\u00e9szeti puzzle-t mag\u00e1nak most, vagy aj\u00e1nd\u00e9kozza meg egy bar\u00e1tj\u00e1nak, aki szereti a m\u0171v\u00e9szeti puzzle-ket.<\/span><\/p>\n","protected":false},"excerpt":{"rendered":"<p>Szusszan\u00e1snyi sz\u00fcnetet vagy pihen\u00e9st keres a rohan\u00f3 \u00e9let\u00e9b\u0151l? Fedezze fel a legnagyobb m\u0171v\u00e9szeti rejtv\u00e9nygy\u0171jtem\u00e9nyt, alkossa \u00fajra minden id\u0151k legh\u00edresebb m\u0171alkot\u00e1sait,<\/p>\n","protected":false},"featured_media":63311,"template":"","meta":[],"product_brand":[],"product_cat":[1881,1919,1920],"product_tag":[],"class_list":{"0":"post-41523","1":"product","2":"type-product","3":"status-publish","4":"has-post-thumbnail","6":"product_cat-kirakos-jatekok","7":"product_cat-felnott-kirakos-jatekok","8":"product_cat-1000-darabos-kirakos-jatek","9":"pa_bax-10-hu","10":"pa_brand-d_toys-hu","11":"pa_country_of_manufacture-ro-hu","12":"pa_filter_age-14-hu","13":"pa_painter-jean-honore-fragonard-hu","14":"pa_tip_ambalaj-doboz","15":"pa_tip_puzzle-klasszikus","17":"first","18":"instock","19":"taxable","20":"shipping-taxable","21":"product-type-simple"},"yoast_head":"<!-- This site is optimized with the Yoast SEO plugin v20.1 - https:\/\/yoast.com\/wordpress\/plugins\/seo\/ -->\n<title>Feln\u0151tt puzzle 1000 darab Jean-Honor\u00e9 Fragonard - Blind Man&#039;s Bluff (Vak ember bl\u00f6ffje)<\/title>\n<meta name=\"description\" content=\"Feln\u0151tt puzzle 1000 darab Jean-Honor\u00e9 Fragonard - Blind Man&#039;s Bluff (Vak ember bl\u00f6ffje)\" \/>\n<meta name=\"robots\" content=\"index, follow, max-snippet:-1, max-image-preview:large, max-video-preview:-1\" \/>\n<link rel=\"canonical\" href=\"https:\/\/business.roovi.com\/hu\/felnott-puzzle-1000-darab-jean-honore-fragonard-blind-mans-bluff-vak-ember-bloffje\/p\/\" \/>\n<meta property=\"og:locale\" content=\"hu_HU\" \/>\n<meta property=\"og:type\" content=\"article\" \/>\n<meta property=\"og:title\" content=\"Feln\u0151tt puzzle 1000 darab Jean-Honor\u00e9 Fragonard - Blind Man&#039;s Bluff (Vak ember bl\u00f6ffje)\" \/>\n<meta property=\"og:description\" content=\"Feln\u0151tt puzzle 1000 darab Jean-Honor\u00e9 Fragonard - Blind Man&#039;s Bluff (Vak ember bl\u00f6ffje)\" \/>\n<meta property=\"og:url\" content=\"https:\/\/business.roovi.com\/hu\/felnott-puzzle-1000-darab-jean-honore-fragonard-blind-mans-bluff-vak-ember-bloffje\/p\/\" \/>\n<meta property=\"og:site_name\" content=\"Roovi B2B\" \/>\n<meta property=\"article:publisher\" content=\"https:\/\/www.facebook.com\/wwwjucariero\" \/>\n<meta property=\"article:modified_time\" content=\"2022-07-06T17:19:23+00:00\" \/>\n<meta property=\"og:image\" content=\"https:\/\/business.roovi.com\/wp-content\/uploads\/2018\/04\/72702-01_ansamblu_dimensiuni_cutie_cm.png\" \/>\n\t<meta property=\"og:image:width\" content=\"2000\" \/>\n\t<meta property=\"og:image:height\" content=\"2000\" \/>\n\t<meta property=\"og:image:type\" content=\"image\/png\" \/>\n<meta name=\"twitter:label1\" content=\"Becs\u00fclt olvas\u00e1si id\u0151\" \/>\n\t<meta name=\"twitter:data1\" content=\"3 perc\" \/>\n<script type=\"application\/ld+json\" class=\"yoast-schema-graph\">{\"@context\":\"https:\/\/schema.org\",\"@graph\":[{\"@type\":\"WebPage\",\"@id\":\"https:\/\/business.roovi.com\/hu\/felnott-puzzle-1000-darab-jean-honore-fragonard-blind-mans-bluff-vak-ember-bloffje\/p\/\",\"url\":\"https:\/\/business.roovi.com\/hu\/felnott-puzzle-1000-darab-jean-honore-fragonard-blind-mans-bluff-vak-ember-bloffje\/p\/\",\"name\":\"Feln\u0151tt puzzle 1000 darab Jean-Honor\u00e9 Fragonard - Blind Man's Bluff (Vak ember bl\u00f6ffje)\",\"isPartOf\":{\"@id\":\"https:\/\/business.roovi.com\/hu\/#website\"},\"datePublished\":\"2018-04-16T10:56:17+00:00\",\"dateModified\":\"2022-07-06T17:19:23+00:00\",\"description\":\"Feln\u0151tt puzzle 1000 darab Jean-Honor\u00e9 Fragonard - Blind Man's Bluff (Vak ember bl\u00f6ffje)\",\"breadcrumb\":{\"@id\":\"https:\/\/business.roovi.com\/hu\/felnott-puzzle-1000-darab-jean-honore-fragonard-blind-mans-bluff-vak-ember-bloffje\/p\/#breadcrumb\"},\"inLanguage\":\"hu\",\"potentialAction\":[{\"@type\":\"ReadAction\",\"target\":[\"https:\/\/business.roovi.com\/hu\/felnott-puzzle-1000-darab-jean-honore-fragonard-blind-mans-bluff-vak-ember-bloffje\/p\/\"]}]},{\"@type\":\"BreadcrumbList\",\"@id\":\"https:\/\/business.roovi.com\/hu\/felnott-puzzle-1000-darab-jean-honore-fragonard-blind-mans-bluff-vak-ember-bloffje\/p\/#breadcrumb\",\"itemListElement\":[{\"@type\":\"ListItem\",\"position\":1,\"name\":\"Home\",\"item\":\"https:\/\/business.roovi.com\/hu\/\"},{\"@type\":\"ListItem\",\"position\":2,\"name\":\"Shop\",\"item\":\"https:\/\/business.roovi.com\/hu\/shop\/\"},{\"@type\":\"ListItem\",\"position\":3,\"name\":\"Feln\u0151tt puzzle 1000 darab Jean-Honor\u00e9 Fragonard &#8211; Blind Man&#8217;s Bluff (Vak ember bl\u00f6ffje)\"}]},{\"@type\":\"WebSite\",\"@id\":\"https:\/\/business.roovi.com\/hu\/#website\",\"url\":\"https:\/\/business.roovi.com\/hu\/\",\"name\":\"Roovi B2B\",\"description\":\"Roovi Business Website\",\"potentialAction\":[{\"@type\":\"SearchAction\",\"target\":{\"@type\":\"EntryPoint\",\"urlTemplate\":\"https:\/\/business.roovi.com\/hu\/?s={search_term_string}\"},\"query-input\":\"required name=search_term_string\"}],\"inLanguage\":\"hu\"}]}<\/script>\n<!-- \/ Yoast SEO plugin. -->","yoast_head_json":{"title":"Feln\u0151tt puzzle 1000 darab Jean-Honor\u00e9 Fragonard - Blind Man's Bluff (Vak ember bl\u00f6ffje)","description":"Feln\u0151tt puzzle 1000 darab Jean-Honor\u00e9 Fragonard - Blind Man's Bluff (Vak ember bl\u00f6ffje)","robots":{"index":"index","follow":"follow","max-snippet":"max-snippet:-1","max-image-preview":"max-image-preview:large","max-video-preview":"max-video-preview:-1"},"canonical":"https:\/\/business.roovi.com\/hu\/felnott-puzzle-1000-darab-jean-honore-fragonard-blind-mans-bluff-vak-ember-bloffje\/p\/","og_locale":"hu_HU","og_type":"article","og_title":"Feln\u0151tt puzzle 1000 darab Jean-Honor\u00e9 Fragonard - Blind Man's Bluff (Vak ember bl\u00f6ffje)","og_description":"Feln\u0151tt puzzle 1000 darab Jean-Honor\u00e9 Fragonard - Blind Man's Bluff (Vak ember bl\u00f6ffje)","og_url":"https:\/\/business.roovi.com\/hu\/felnott-puzzle-1000-darab-jean-honore-fragonard-blind-mans-bluff-vak-ember-bloffje\/p\/","og_site_name":"Roovi B2B","article_publisher":"https:\/\/www.facebook.com\/wwwjucariero","article_modified_time":"2022-07-06T17:19:23+00:00","og_image":[{"width":2000,"height":2000,"url":"https:\/\/business.roovi.com\/wp-content\/uploads\/2018\/04\/72702-01_ansamblu_dimensiuni_cutie_cm.png","type":"image\/png"}],"twitter_misc":{"Becs\u00fclt olvas\u00e1si id\u0151":"3 perc"},"schema":{"@context":"https:\/\/schema.org","@graph":[{"@type":"WebPage","@id":"https:\/\/business.roovi.com\/hu\/felnott-puzzle-1000-darab-jean-honore-fragonard-blind-mans-bluff-vak-ember-bloffje\/p\/","url":"https:\/\/business.roovi.com\/hu\/felnott-puzzle-1000-darab-jean-honore-fragonard-blind-mans-bluff-vak-ember-bloffje\/p\/","name":"Feln\u0151tt puzzle 1000 darab Jean-Honor\u00e9 Fragonard - Blind Man's Bluff (Vak ember bl\u00f6ffje)","isPartOf":{"@id":"https:\/\/business.roovi.com\/hu\/#website"},"datePublished":"2018-04-16T10:56:17+00:00","dateModified":"2022-07-06T17:19:23+00:00","description":"Feln\u0151tt puzzle 1000 darab Jean-Honor\u00e9 Fragonard - Blind Man's Bluff (Vak ember bl\u00f6ffje)","breadcrumb":{"@id":"https:\/\/business.roovi.com\/hu\/felnott-puzzle-1000-darab-jean-honore-fragonard-blind-mans-bluff-vak-ember-bloffje\/p\/#breadcrumb"},"inLanguage":"hu","potentialAction":[{"@type":"ReadAction","target":["https:\/\/business.roovi.com\/hu\/felnott-puzzle-1000-darab-jean-honore-fragonard-blind-mans-bluff-vak-ember-bloffje\/p\/"]}]},{"@type":"BreadcrumbList","@id":"https:\/\/business.roovi.com\/hu\/felnott-puzzle-1000-darab-jean-honore-fragonard-blind-mans-bluff-vak-ember-bloffje\/p\/#breadcrumb","itemListElement":[{"@type":"ListItem","position":1,"name":"Home","item":"https:\/\/business.roovi.com\/hu\/"},{"@type":"ListItem","position":2,"name":"Shop","item":"https:\/\/business.roovi.com\/hu\/shop\/"},{"@type":"ListItem","position":3,"name":"Feln\u0151tt puzzle 1000 darab Jean-Honor\u00e9 Fragonard &#8211; Blind Man&#8217;s Bluff (Vak ember bl\u00f6ffje)"}]},{"@type":"WebSite","@id":"https:\/\/business.roovi.com\/hu\/#website","url":"https:\/\/business.roovi.com\/hu\/","name":"Roovi B2B","description":"Roovi Business Website","potentialAction":[{"@type":"SearchAction","target":{"@type":"EntryPoint","urlTemplate":"https:\/\/business.roovi.com\/hu\/?s={search_term_string}"},"query-input":"required name=search_term_string"}],"inLanguage":"hu"}]}},"_links":{"self":[{"href":"https:\/\/business.roovi.com\/hu\/wp-json\/wp\/v2\/product\/41523","targetHints":{"allow":["GET"]}}],"collection":[{"href":"https:\/\/business.roovi.com\/hu\/wp-json\/wp\/v2\/product"}],"about":[{"href":"https:\/\/business.roovi.com\/hu\/wp-json\/wp\/v2\/types\/product"}],"version-history":[{"count":0,"href":"https:\/\/business.roovi.com\/hu\/wp-json\/wp\/v2\/product\/41523\/revisions"}],"wp:featuredmedia":[{"embeddable":true,"href":"https:\/\/business.roovi.com\/hu\/wp-json\/wp\/v2\/media\/63311"}],"wp:attachment":[{"href":"https:\/\/business.roovi.com\/hu\/wp-json\/wp\/v2\/media?parent=41523"}],"wp:term":[{"taxonomy":"product_brand","embeddable":true,"href":"https:\/\/business.roovi.com\/hu\/wp-json\/wp\/v2\/product_brand?post=41523"},{"taxonomy":"product_cat","embeddable":true,"href":"https:\/\/business.roovi.com\/hu\/wp-json\/wp\/v2\/product_cat?post=41523"},{"taxonomy":"product_tag","embeddable":true,"href":"https:\/\/business.roovi.com\/hu\/wp-json\/wp\/v2\/product_tag?post=41523"}],"curies":[{"name":"wp","href":"https:\/\/api.w.org\/{rel}","templated":true}]}}