{"id":41539,"date":"2018-04-16T10:56:17","date_gmt":"2018-04-16T10:56:17","guid":{"rendered":"https:\/\/business.roovi.com\/puzzle-adulti-sandro-botticelli-the-birth-of-venusnasterea-lui-venus-1000-piese\/p\/"},"modified":"2022-07-06T17:19:48","modified_gmt":"2022-07-06T17:19:48","slug":"felnott-1000-darab-sandro-botticelli-venusz-szuletese-puzzle","status":"publish","type":"product","link":"https:\/\/business.roovi.com\/hu\/felnott-1000-darab-sandro-botticelli-venusz-szuletese-puzzle\/p\/","title":{"rendered":"Feln\u0151tt 1000 darab Sandro Botticelli &#8211; V\u00e9nusz sz\u00fclet\u00e9se puzzle"},"content":{"rendered":"<p><span style=\"font-weight: 400\">A rejtv\u00e9nyj\u00e1t\u00e9kok elszak\u00edtj\u00e1k a mindennapi gondokt\u00f3l. Ellaz\u00edtanak, \u00e9s egy \u00f3r\u00e1ra (vagy m\u00e9g t\u00f6bbre, tapasztalatb\u00f3l mondhatjuk) munk\u00e1ra fogj\u00e1k az elm\u00e9det, a v\u00e9g\u00e9n pedig azt az el\u00e9gedetts\u00e9get adj\u00e1k, hogy egy neh\u00e9z feladatot elv\u00e9gezt\u00e9l. R\u00e1ad\u00e1sul az eredm\u00e9ny csod\u00e1latos. Hogyan ne \u00f6r\u00fclhetn\u00e9l annak, hogy egy m\u00e1r ismert m\u0171alkot\u00e1s h\u0171 m\u00e1solat\u00e1t teheted a faladra? Egy igazi Da Vinci, Renoir, Monet \u00e9s m\u00e9g sokan m\u00e1sok a ti\u00e9d lehetnek, fedezd fel \u0151ket m\u0171v\u00e9szeti puzzle gy\u0171jtem\u00e9ny\u00fcnkben.<\/span><\/p>\n<p><span style=\"font-weight: 400\">\u00d6ssze\u00e1ll\u00edt\u00e1s <\/span><span style=\"font-weight: 400\">Sandro Botticelli &#8211; A V\u00e9nusz sz\u00fclet\u00e9se 1000 darabos puzzle, \u00e9s a renesz\u00e1nsz fest\u00e9szet egyik legszebb alkot\u00e1sa a saj\u00e1t otthonodban lesz a ti\u00e9d. Leny\u0171g\u00f6z\u0151, ahogy a h\u00edres fest\u0151 m\u0171v\u00e9szi \u00e9rz\u00e9kenys\u00e9g\u00e9t egy 1000 darabos puzzle \u0151rzi. Az \u0151szinte V\u00e9nusz arca val\u00f3j\u00e1ban az a kifejez\u00e9s <\/span><span style=\"font-weight: 400\">Simonetta Vespucci, a fiatal n\u0151, akit Botticelli eg\u00e9sz \u00e9let\u00e9ben isten\u00edtett, de aki beteljes\u00fcletlen szerelem maradt.<\/span><\/p>\n<p><span style=\"font-weight: 400\">Mag\u00e1val ragad az 1000 darabos V\u00e9nusz sz\u00fclet\u00e9se puzzle t\u00f6rt\u00e9nete? A m\u0171v\u00e9szeti kirak\u00f3 m\u00e1r csak egy kattint\u00e1snyira van. L\u00e1sd al\u00e1bb a feln\u0151tt puzzle m\u00e9reteinek \u00e9s funkci\u00f3inak r\u00e9szleteit, add le a rendel\u00e9sed, \u00e9s kezdj el dolgozni a remekm\u0171 \u00fajrak\u00e9sz\u00edt\u00e9s\u00e9n! Legal\u00e1bb 30 \u00f3ra sz\u00f3rakoz\u00e1s garant\u00e1lt <\/span><\/p>\n<p><span style=\"font-weight: 400\">\u00d6ssze\u00e1ll\u00edtott puzzle m\u00e9rete: 50&#215;70 cm &#8211; az eredeti festm\u00e9ny valamivel nagyobb &#8211; <\/span><span style=\"font-weight: 400\">172,5 \u00d7 278,5 cm<\/span><span style=\"font-weight: 400\">. Ezt az 1000 darabos puzzle-t egy k\u00f6z\u00f6ns\u00e9ges doh\u00e1nyz\u00f3asztalon is \u00f6ssze\u00e1ll\u00edthatja.<\/span><\/p>\n<p><span style=\"font-weight: 400\">Puzzle anyag <\/span><\/p>\n<ul>\n<li><span style=\"font-weight: 400\">kiv\u00e1l\u00f3 min\u0151s\u00e9g\u0171 k\u00e9k karton<\/span><\/li>\n<li><span style=\"font-weight: 400\">fenntarthat\u00f3, \u00fajrahasznos\u00edthat\u00f3 anyagok<\/span><\/li>\n<li><span style=\"font-weight: 400\">f\u00e9lf\u00e9nyes kivitel, \u00e9l\u00e9nk sz\u00ednek<\/span><\/li>\n<\/ul>\n<p><span style=\"font-weight: 400\">A kirak\u00f3s darabok sz\u00e1ma: 1000<\/span><\/p>\n<p><span style=\"font-weight: 400\">Aj\u00e1nlott \u00e9letkor: 14+<\/span><\/p>\n<p><strong>1000 darabos puzzle: feln\u0151tt puzzle t\u00f6bbf\u00e9le el\u0151nnyel<\/strong><\/p>\n<p><span style=\"font-weight: 400\">Az 1000 darabos puzzle t\u00f6bb, mint egy feln\u0151tt puzzle, amellyel kit\u00f6ltheted az unalmas napokat. \u00cdme, csak n\u00e9h\u00e1ny el\u0151nye annak, ha nap mint nap m\u0171v\u00e9szeti rejtv\u00e9nyeket old meg:<\/span><\/p>\n<p><strong>A m\u0171v\u00e9szi r\u00e9szletek ismer\u0151j\u00e9v\u00e9 v\u00e1lsz <\/strong><span style=\"font-weight: 400\">A m\u0171v\u00e9szeti puzzle-kollekci\u00f3nk 1000 darabos kirak\u00f3i kiv\u00e1l\u00f3 min\u0151s\u00e9g\u0171 kartonb\u00f3l k\u00e9sz\u00fclnek, \u00edgy a rekonstru\u00e1lt k\u00e9p visszaadja azokat a m\u0171v\u00e9szi r\u00e9szleteket, amelyeket a m\u00fazeumban l\u00e1tott hiteles m\u0171alkot\u00e1sok megtekint\u00e9sekor.<\/span><\/p>\n<p><strong>\u00c9rezd magad igazi m\u0171v\u00e9sznek<\/strong><span style=\"font-weight: 400\"> ennek a csod\u00e1latos 1000 darabos kirak\u00f3snak a kit\u00f6lt\u00e9se. Keresed a megfelel\u0151 darabokat, n\u00e9ha elrontod, de \u00fajrakezded, mert tudod, milyen j\u00f3 \u00e9rz\u00e9s, amikor a munka elk\u00e9sz\u00fcl. Pontosan \u00fagy, mint egy igazi fest\u0151, aki addig csin\u00e1lja \u00e9s \u00fajra \u00e9s \u00fajra a k\u00f6rvonalakat \u00e9s a sz\u00edneket, am\u00edg a m\u0171 be nem fejez\u0151dik, igaz? <\/span><\/p>\n<p><span style=\"font-weight: 400\">  <\/span><strong>Sok \u00f3r\u00e1nyi nyugalmat \u00e9s kikapcsol\u00f3d\u00e1st biztos\u00edt <\/strong><span style=\"font-weight: 400\">Egy m\u0171v\u00e9szeti kirak\u00f3s t\u00e1rsas\u00e1g\u00e1ban t\u00f6bb \u00f3r\u00e1ra kikapcsol\u00f3dni a napi gondokt\u00f3l \u00e9s gondolatokt\u00f3l igazi \u00e9lm\u00e9ny. A m\u0171v\u00e9szeti puzzle-gy\u0171jtem\u00e9ny 1000 darabos kirak\u00f3j\u00e1nak befejez\u00e9se a b\u00e9ke \u00e9s a kikapcsol\u00f3d\u00e1s o\u00e1zisa minden feln\u0151tt m\u0171v\u00e9szetkedvel\u0151 sz\u00e1m\u00e1ra.<\/span><\/p>\n<p><strong>\u00d6sszek\u00f6t egy szeretteddel.<\/strong><span style=\"font-weight: 400\"> Az 1000 darabos rejtv\u00e9nyek k\u00e9sz\u00edt\u00e9se is lehet csoportos tev\u00e9kenys\u00e9g. H\u00edvja meg bar\u00e1tait, vagy gy\u0171jtse \u00f6ssze csal\u00e1dj\u00e1t az \u00e9tkez\u0151asztal k\u00f6r\u00e9, \u00e9s kezdje el \u00f6sszerakni a festm\u00e9nyt. Mindannyian \u00fagy fogj\u00e1tok \u00e9rezni magatokat, mintha igazi nyomoz\u00f3k lenn\u00e9tek, akik egy\u00fctt dolgoznak egy nagy rejt\u00e9ly megold\u00e1s\u00e1n.<\/span><\/p>\n<p><strong>Tudt\u00e1l Sandro Botticellir\u0151l?&#8230;<\/strong><\/p>\n<ul>\n<li>a renesz\u00e1nsz kecses fest\u0151jek\u00e9nt ismerik, mert a festm\u00e9nyein l\u00e1that\u00f3 testek kifinomults\u00e1got \u00e9s harm\u00f3ni\u00e1t t\u00fckr\u00f6znek, finom \u00e9s finom sziluettjeik vannak, ellent\u00e9tben p\u00e9ld\u00e1ul Michelangel\u00f3val, akinek teste herkulesi izomzat\u00fa, er\u0151t kifejez\u0151.<\/li>\n<li>egyes kritikusok k\u00e9telkedtek szexu\u00e1lis ir\u00e1nyults\u00e1g\u00e1ban, de ez a felt\u00e9telez\u00e9s eld\u0151lt, amikor kider\u00fclt, hogy a fest\u0151 eg\u00e9sz \u00e9let\u00e9ben szerelmes volt Simonetta Vespucciba, akit m\u00e9lt\u00f3s\u00e1gteljesen \u00e1br\u00e1zolt a V\u00e9nusz sz\u00fclet\u00e9se c\u00edm\u0171 m\u0171v\u00e9ben.<\/li>\n<li>azt k\u00e9rte, hogy a firenzei Ognisanti-templomban a szeretett n\u0151 l\u00e1baihoz temess\u00e9k, \u00e9s k\u00edv\u00e1ns\u00e1ga teljes\u00fclt.<\/li>\n<li>j\u00f3val Michelangelo el\u0151tt, IV. Sixtus p\u00e1pa felk\u00e9r\u00e9s\u00e9re h\u00e1rom fresk\u00f3t festett a Sixtus-k\u00e1polna sz\u00e1m\u00e1ra. M\u0171vei ma is megcsod\u00e1lhat\u00f3k a k\u00e1polna oldalfalain.<\/li>\n<li>sok\u00e1ig ismeretlen volt a renesz\u00e1nsz t\u00f6rt\u00e9nelemben. Olyan szent sz\u00f6rnyek kort\u00e1rs\u00e1nak lenni, mint Leonardo da Vinci vagy Michelangelo, nagy h\u00e1tr\u00e1nyt jelenthet, mert gyorsan n\u00e9vtelens\u00e9ghez vezet <\/li>\n<\/ul>\n<p><strong>3 \u00e9rdekess\u00e9g a V\u00e9nusz sz\u00fclet\u00e9s\u00e9r\u0151l ebben az 1000 darabos kirak\u00f3s j\u00e1t\u00e9kban<\/strong><\/p>\n<ol>\n<li><span style=\"font-weight: 400\">A festm\u00e9nyt a Medici csal\u00e1d k\u00e9pvisel\u0151i rendelt\u00e9k meg, \u00e9s sok\u00e1ig a Villa Castell\u00f3ban maradt.<\/span><\/li>\n<li><span style=\"font-weight: 400\">A festm\u00e9ny k\u00f6z\u00e9ppontj\u00e1ban az \u00e1ll, ahogy Botticelli megfestette a sz\u00e9l okozta mozg\u00e1st \u00e9s azt, ahogyan V\u00e9nusz istenn\u0151 haj\u00e1t csavarja.<\/span><\/li>\n<li><em><span style=\"font-weight: 400\">V\u00e9nusz sz\u00fclet\u00e9se<\/span><\/em><span style=\"font-weight: 400\"> \u00e9s <\/span><em><span style=\"font-weight: 400\">Tavaszi<\/span><\/em><span style=\"font-weight: 400\"> botticelli els\u0151 pog\u00e1ny t\u00e9m\u00e1j\u00fa festm\u00e9nyei, mivel addig az \u00f6sszes m\u0171ve t\u00falnyom\u00f3r\u00e9szt vall\u00e1si t\u00e9m\u00e1j\u00fa volt.<\/span><\/li>\n<\/ol>\n<p><strong>Mit mondanak a tud\u00f3sok az 1000 darabos kirak\u00f3k el\u0151nyeir\u0151l?<\/strong><\/p>\n<p><span style=\"font-weight: 400\">Az \u00e9vek sor\u00e1n v\u00e9gzett tanulm\u00e1nyok egy\u00f6ntet\u0171en t\u00fckr\u00f6zik a feln\u0151tteknek sz\u00e1nt kirak\u00f3s j\u00e1t\u00e9kok sz\u00e1mos el\u0151ny\u00e9t. \u00cdme n\u00e9h\u00e1ny k\u00f6z\u00fcl\u00fck:<\/span><\/p>\n<ul>\n<li><span style=\"font-weight: 400\">Mem\u00f3ria tr\u00e9ning<\/span><\/li>\n<li><span style=\"font-weight: 400\">Jav\u00edtja a koncentr\u00e1ci\u00f3t<\/span><\/li>\n<li><span style=\"font-weight: 400\">Ezek nagyszer\u0171 ment\u00e1lis gyakorlatok<\/span><\/li>\n<li><span style=\"font-weight: 400\">Jav\u00edtja a hangulatot<\/span><\/li>\n<li><span style=\"font-weight: 400\">Stressz cs\u00f6kkent\u00e9se<\/span><\/li>\n<\/ul>\n<p><span style=\"font-weight: 400\">V\u00e1s\u00e1rolja meg ezt a csod\u00e1latos, 1000 darabos kirak\u00f3s j\u00e1t\u00e9kot m\u0171v\u00e9szi kirak\u00f3s gy\u0171jtem\u00e9ny\u00fcnkb\u0151l, \u00e9s igazi kikapcsol\u00f3d\u00e1st ny\u00fajt. Merj n\u00e9h\u00e1ny \u00f3r\u00e1ra Sandro Botticelli m\u0171v\u00e9t fest\u0151 fest\u0151 lenni, \u00e9s n\u00e9zd meg, milyen csod\u00e1latos festm\u00e9ny ker\u00fcl ki a kezeid k\u00f6z\u00fcl a V\u00e9nusz sz\u00fclet\u00e9se!<\/span><\/p>\n<p><span style=\"font-weight: 400\">A V\u00e9nusz sz\u00fclet\u00e9se 1000 darabos puzzle ide\u00e1lis aj\u00e1nd\u00e9k a m\u0171v\u00e9szet \u00e9s a feln\u0151tt 1000 darabos puzzle rajong\u00f3knak, de azoknak is, akik szeretik az \u00faj \u00e9s kifinomult puzzle j\u00e1t\u00e9kok kipr\u00f3b\u00e1l\u00e1s\u00e1nak kih\u00edv\u00e1s\u00e1t.<\/span><\/p>\n","protected":false},"excerpt":{"rendered":"<p>A rejtv\u00e9nyj\u00e1t\u00e9kok elszak\u00edtj\u00e1k a mindennapi gondokt\u00f3l. Ellaz\u00edtanak, \u00e9s egy \u00f3r\u00e1ra (vagy m\u00e9g t\u00f6bbre, tapasztalatb\u00f3l mondhatjuk) munk\u00e1ra fogj\u00e1k az elm\u00e9det, a<\/p>\n","protected":false},"featured_media":63097,"template":"","meta":[],"product_brand":[],"product_cat":[1920,1919,1881],"product_tag":[],"class_list":{"0":"post-41539","1":"product","2":"type-product","3":"status-publish","4":"has-post-thumbnail","6":"product_cat-1000-darabos-kirakos-jatek","7":"product_cat-felnott-kirakos-jatekok","8":"product_cat-kirakos-jatekok","9":"pa_bax-10-hu","10":"pa_brand-d_toys-hu","11":"pa_country_of_manufacture-ro-hu","12":"pa_filter_age-14-hu","13":"pa_painter-sandrobotticelli-hu","14":"pa_tip_ambalaj-doboz","15":"pa_tip_puzzle-klasszikus","17":"first","18":"instock","19":"taxable","20":"shipping-taxable","21":"product-type-simple"},"yoast_head":"<!-- This site is optimized with the Yoast SEO plugin v20.1 - https:\/\/yoast.com\/wordpress\/plugins\/seo\/ -->\n<title>Feln\u0151tt 1000 darab Sandro Botticelli - V\u00e9nusz sz\u00fclet\u00e9se puzzle<\/title>\n<meta name=\"description\" content=\"Feln\u0151tt 1000 darab Sandro Botticelli - V\u00e9nusz sz\u00fclet\u00e9se puzzle\" \/>\n<meta name=\"robots\" content=\"index, follow, max-snippet:-1, max-image-preview:large, max-video-preview:-1\" \/>\n<link rel=\"canonical\" href=\"https:\/\/business.roovi.com\/hu\/felnott-1000-darab-sandro-botticelli-venusz-szuletese-puzzle\/p\/\" \/>\n<meta property=\"og:locale\" content=\"hu_HU\" \/>\n<meta property=\"og:type\" content=\"article\" \/>\n<meta property=\"og:title\" content=\"Feln\u0151tt 1000 darab Sandro Botticelli - V\u00e9nusz sz\u00fclet\u00e9se puzzle\" \/>\n<meta property=\"og:description\" content=\"Feln\u0151tt 1000 darab Sandro Botticelli - V\u00e9nusz sz\u00fclet\u00e9se puzzle\" \/>\n<meta property=\"og:url\" content=\"https:\/\/business.roovi.com\/hu\/felnott-1000-darab-sandro-botticelli-venusz-szuletese-puzzle\/p\/\" \/>\n<meta property=\"og:site_name\" content=\"Roovi B2B\" \/>\n<meta property=\"article:publisher\" content=\"https:\/\/www.facebook.com\/wwwjucariero\" \/>\n<meta property=\"article:modified_time\" content=\"2022-07-06T17:19:48+00:00\" \/>\n<meta property=\"og:image\" content=\"https:\/\/business.roovi.com\/wp-content\/uploads\/2018\/04\/72672-01_ansamblu_dimensiuni_cutie_cm.png\" \/>\n\t<meta property=\"og:image:width\" content=\"1200\" \/>\n\t<meta property=\"og:image:height\" content=\"1200\" \/>\n\t<meta property=\"og:image:type\" content=\"image\/png\" \/>\n<meta name=\"twitter:label1\" content=\"Becs\u00fclt olvas\u00e1si id\u0151\" \/>\n\t<meta name=\"twitter:data1\" content=\"5 perc\" \/>\n<script type=\"application\/ld+json\" class=\"yoast-schema-graph\">{\"@context\":\"https:\/\/schema.org\",\"@graph\":[{\"@type\":\"WebPage\",\"@id\":\"https:\/\/business.roovi.com\/hu\/felnott-1000-darab-sandro-botticelli-venusz-szuletese-puzzle\/p\/\",\"url\":\"https:\/\/business.roovi.com\/hu\/felnott-1000-darab-sandro-botticelli-venusz-szuletese-puzzle\/p\/\",\"name\":\"Feln\u0151tt 1000 darab Sandro Botticelli - V\u00e9nusz sz\u00fclet\u00e9se puzzle\",\"isPartOf\":{\"@id\":\"https:\/\/business.roovi.com\/hu\/#website\"},\"datePublished\":\"2018-04-16T10:56:17+00:00\",\"dateModified\":\"2022-07-06T17:19:48+00:00\",\"description\":\"Feln\u0151tt 1000 darab Sandro Botticelli - V\u00e9nusz sz\u00fclet\u00e9se puzzle\",\"breadcrumb\":{\"@id\":\"https:\/\/business.roovi.com\/hu\/felnott-1000-darab-sandro-botticelli-venusz-szuletese-puzzle\/p\/#breadcrumb\"},\"inLanguage\":\"hu\",\"potentialAction\":[{\"@type\":\"ReadAction\",\"target\":[\"https:\/\/business.roovi.com\/hu\/felnott-1000-darab-sandro-botticelli-venusz-szuletese-puzzle\/p\/\"]}]},{\"@type\":\"BreadcrumbList\",\"@id\":\"https:\/\/business.roovi.com\/hu\/felnott-1000-darab-sandro-botticelli-venusz-szuletese-puzzle\/p\/#breadcrumb\",\"itemListElement\":[{\"@type\":\"ListItem\",\"position\":1,\"name\":\"Home\",\"item\":\"https:\/\/business.roovi.com\/hu\/\"},{\"@type\":\"ListItem\",\"position\":2,\"name\":\"Shop\",\"item\":\"https:\/\/business.roovi.com\/hu\/shop\/\"},{\"@type\":\"ListItem\",\"position\":3,\"name\":\"Feln\u0151tt 1000 darab Sandro Botticelli &#8211; V\u00e9nusz sz\u00fclet\u00e9se puzzle\"}]},{\"@type\":\"WebSite\",\"@id\":\"https:\/\/business.roovi.com\/hu\/#website\",\"url\":\"https:\/\/business.roovi.com\/hu\/\",\"name\":\"Roovi B2B\",\"description\":\"Roovi Business Website\",\"potentialAction\":[{\"@type\":\"SearchAction\",\"target\":{\"@type\":\"EntryPoint\",\"urlTemplate\":\"https:\/\/business.roovi.com\/hu\/?s={search_term_string}\"},\"query-input\":\"required name=search_term_string\"}],\"inLanguage\":\"hu\"}]}<\/script>\n<!-- \/ Yoast SEO plugin. -->","yoast_head_json":{"title":"Feln\u0151tt 1000 darab Sandro Botticelli - V\u00e9nusz sz\u00fclet\u00e9se puzzle","description":"Feln\u0151tt 1000 darab Sandro Botticelli - V\u00e9nusz sz\u00fclet\u00e9se puzzle","robots":{"index":"index","follow":"follow","max-snippet":"max-snippet:-1","max-image-preview":"max-image-preview:large","max-video-preview":"max-video-preview:-1"},"canonical":"https:\/\/business.roovi.com\/hu\/felnott-1000-darab-sandro-botticelli-venusz-szuletese-puzzle\/p\/","og_locale":"hu_HU","og_type":"article","og_title":"Feln\u0151tt 1000 darab Sandro Botticelli - V\u00e9nusz sz\u00fclet\u00e9se puzzle","og_description":"Feln\u0151tt 1000 darab Sandro Botticelli - V\u00e9nusz sz\u00fclet\u00e9se puzzle","og_url":"https:\/\/business.roovi.com\/hu\/felnott-1000-darab-sandro-botticelli-venusz-szuletese-puzzle\/p\/","og_site_name":"Roovi B2B","article_publisher":"https:\/\/www.facebook.com\/wwwjucariero","article_modified_time":"2022-07-06T17:19:48+00:00","og_image":[{"width":1200,"height":1200,"url":"https:\/\/business.roovi.com\/wp-content\/uploads\/2018\/04\/72672-01_ansamblu_dimensiuni_cutie_cm.png","type":"image\/png"}],"twitter_misc":{"Becs\u00fclt olvas\u00e1si id\u0151":"5 perc"},"schema":{"@context":"https:\/\/schema.org","@graph":[{"@type":"WebPage","@id":"https:\/\/business.roovi.com\/hu\/felnott-1000-darab-sandro-botticelli-venusz-szuletese-puzzle\/p\/","url":"https:\/\/business.roovi.com\/hu\/felnott-1000-darab-sandro-botticelli-venusz-szuletese-puzzle\/p\/","name":"Feln\u0151tt 1000 darab Sandro Botticelli - V\u00e9nusz sz\u00fclet\u00e9se puzzle","isPartOf":{"@id":"https:\/\/business.roovi.com\/hu\/#website"},"datePublished":"2018-04-16T10:56:17+00:00","dateModified":"2022-07-06T17:19:48+00:00","description":"Feln\u0151tt 1000 darab Sandro Botticelli - V\u00e9nusz sz\u00fclet\u00e9se puzzle","breadcrumb":{"@id":"https:\/\/business.roovi.com\/hu\/felnott-1000-darab-sandro-botticelli-venusz-szuletese-puzzle\/p\/#breadcrumb"},"inLanguage":"hu","potentialAction":[{"@type":"ReadAction","target":["https:\/\/business.roovi.com\/hu\/felnott-1000-darab-sandro-botticelli-venusz-szuletese-puzzle\/p\/"]}]},{"@type":"BreadcrumbList","@id":"https:\/\/business.roovi.com\/hu\/felnott-1000-darab-sandro-botticelli-venusz-szuletese-puzzle\/p\/#breadcrumb","itemListElement":[{"@type":"ListItem","position":1,"name":"Home","item":"https:\/\/business.roovi.com\/hu\/"},{"@type":"ListItem","position":2,"name":"Shop","item":"https:\/\/business.roovi.com\/hu\/shop\/"},{"@type":"ListItem","position":3,"name":"Feln\u0151tt 1000 darab Sandro Botticelli &#8211; V\u00e9nusz sz\u00fclet\u00e9se puzzle"}]},{"@type":"WebSite","@id":"https:\/\/business.roovi.com\/hu\/#website","url":"https:\/\/business.roovi.com\/hu\/","name":"Roovi B2B","description":"Roovi Business Website","potentialAction":[{"@type":"SearchAction","target":{"@type":"EntryPoint","urlTemplate":"https:\/\/business.roovi.com\/hu\/?s={search_term_string}"},"query-input":"required name=search_term_string"}],"inLanguage":"hu"}]}},"_links":{"self":[{"href":"https:\/\/business.roovi.com\/hu\/wp-json\/wp\/v2\/product\/41539","targetHints":{"allow":["GET"]}}],"collection":[{"href":"https:\/\/business.roovi.com\/hu\/wp-json\/wp\/v2\/product"}],"about":[{"href":"https:\/\/business.roovi.com\/hu\/wp-json\/wp\/v2\/types\/product"}],"version-history":[{"count":0,"href":"https:\/\/business.roovi.com\/hu\/wp-json\/wp\/v2\/product\/41539\/revisions"}],"wp:featuredmedia":[{"embeddable":true,"href":"https:\/\/business.roovi.com\/hu\/wp-json\/wp\/v2\/media\/63097"}],"wp:attachment":[{"href":"https:\/\/business.roovi.com\/hu\/wp-json\/wp\/v2\/media?parent=41539"}],"wp:term":[{"taxonomy":"product_brand","embeddable":true,"href":"https:\/\/business.roovi.com\/hu\/wp-json\/wp\/v2\/product_brand?post=41539"},{"taxonomy":"product_cat","embeddable":true,"href":"https:\/\/business.roovi.com\/hu\/wp-json\/wp\/v2\/product_cat?post=41539"},{"taxonomy":"product_tag","embeddable":true,"href":"https:\/\/business.roovi.com\/hu\/wp-json\/wp\/v2\/product_tag?post=41539"}],"curies":[{"name":"wp","href":"https:\/\/api.w.org\/{rel}","templated":true}]}}