{"id":41543,"date":"2018-04-16T10:56:17","date_gmt":"2018-04-16T10:56:17","guid":{"rendered":"https:\/\/business.roovi.com\/puzzle-adulti-sandro-botticelli-primavera-1000-piese\/p\/"},"modified":"2022-07-06T17:19:57","modified_gmt":"2022-07-06T17:19:57","slug":"felnott-1000-darabos-sandro-botticelli-puzzle-tavasz","status":"publish","type":"product","link":"https:\/\/business.roovi.com\/hu\/felnott-1000-darabos-sandro-botticelli-puzzle-tavasz\/p\/","title":{"rendered":"Feln\u0151tt 1000 darabos Sandro Botticelli puzzle &#8211; Tavasz"},"content":{"rendered":"<p><span style=\"font-weight: 400\">Fedezze fel most az 1000 darabos puzzle gy\u0171jtem\u00e9nyt, amely a renesz\u00e1nsz kor legh\u00edresebb festm\u00e9nyeinek k\u00e9peit tartalmazza. Leonardo Da Vinci, Sandro Boticelli, <\/span><span style=\"font-weight: 400\">Vincent Van Gogh \u00e9s m\u00e9g sokan m\u00e1sok szerepelnek puzzle art k\u00edn\u00e1latunkban. \u00c1ll\u00edtsd \u00f6ssze a feln\u0151tteknek sz\u00e1nt kirak\u00f3sokat, \u00e9s alkoss \u00fajra val\u00f3di m\u0171alkot\u00e1sokat, amelyek minden nap gy\u00f6ny\u00f6rk\u00f6dtetik majd a szemedet.<\/span><\/p>\n<p><span style=\"font-weight: 400\">Teljes puzzle 1000 <\/span><span style=\"font-weight: 400\">Sandro Botticelli &#8211; <\/span><span style=\"font-weight: 400\">Primavera, \u00e9s egy csod\u00e1latos festm\u00e9nyt kapsz, amely a m\u0171v\u00e9sz \u00e9rz\u00e9kenys\u00e9g\u00e9t \u00e9s kecsess\u00e9g\u00e9t t\u00fckr\u00f6zi. Ez a h\u00edres festm\u00e9ny val\u00f3j\u00e1ban 2 x 3,14 m\u00e9teres, \u00e9s a vil\u00e1g egyik legvitatottabb festm\u00e9nye <\/span><\/p>\n<p><span style=\"font-weight: 400\">Rendezze el ennek a m\u0171v\u00e9szeti kirak\u00f3snak a darabjait \u00e9s vigye haza <\/span><em><span style=\"font-weight: 400\">Tavaszi<\/span><\/em><span style=\"font-weight: 400\"> botticelli leny\u0171g\u00f6z\u0151 tavasza! Az 1000 darabos kirak\u00f3sb\u00f3l kapott festm\u00e9ny nem akkora, mint a val\u00f3di festm\u00e9ny, de nagyon pontos m\u00e1solata az eredetinek, sok olyan r\u00e9szlettel, amelyet akkor l\u00e1thatsz, ha megn\u00e9zed a firenzei m\u00fazeumban l\u00e9v\u0151 csod\u00e1latos festm\u00e9nyt.  A m\u0171v\u00e9szi kirak\u00f3j\u00e1t\u00e9k r\u00e9szleteit \u00e9s jellemz\u0151it l\u00e1sd al\u00e1bb.<\/span><\/p>\n<p><span style=\"font-weight: 400\">\u00d6ssze\u00e1ll\u00edtott puzzle m\u00e9rete: 50&#215;70 cm. Ezt az 1000 darabos puzzle-t egy k\u00f6z\u00f6ns\u00e9ges doh\u00e1nyz\u00f3asztalon is \u00f6ssze\u00e1ll\u00edthatja.<\/span><\/p>\n<p><span style=\"font-weight: 400\">Puzzle anyag <\/span><\/p>\n<ul style=\"list-style-type: circle\">\n<li><span style=\"font-weight: 400\">kiv\u00e1l\u00f3 min\u0151s\u00e9g\u0171 k\u00e9k karton<\/span><\/li>\n<li><span style=\"font-weight: 400\">fenntarthat\u00f3, \u00fajrahasznos\u00edthat\u00f3 anyagok<\/span><\/li>\n<li><span style=\"font-weight: 400\">f\u00e9lf\u00e9nyes kivitel, \u00e9l\u00e9nk sz\u00ednek<\/span><\/li>\n<\/ul>\n<p><span style=\"font-weight: 400\">A kirak\u00f3s darabok sz\u00e1ma: 1000<\/span><\/p>\n<p><span style=\"font-weight: 400\">Aj\u00e1nlott \u00e9letkor: 14+<\/span><\/p>\n<p><strong>Mi\u00e9rt el\u0151ny\u00f6s az 1000 darabos kirak\u00f3j\u00e1t\u00e9kok k\u00e9sz\u00edt\u00e9se?<\/strong><\/p>\n<ul style=\"list-style-type: circle\">\n<li><span style=\"font-weight: 400\">Mert t\u00e1vol tartja \u00d6nt a virtu\u00e1lis vil\u00e1gt\u00f3l, kitiszt\u00edtja az elm\u00e9j\u00e9t \u00e9s seg\u00edt ellazulni.<\/span><\/li>\n<li><span style=\"font-weight: 400\">Hossz\u00fa t\u00e1von azt fogja tapasztalni, hogy javul a mem\u00f3ri\u00e1ja. A kapcsolat fenntart\u00e1sa \u00e9s a f\u00f3kusz\u00e1l\u00e1s olyan j\u00f3t\u00e9kony edz\u00e9s, amely az \u00e9leted m\u00e1s ter\u00fcleteire is \u00e1tragad.<\/span><\/li>\n<li><span style=\"font-weight: 400\">Mert t\u00e1vol tartja \u00d6nt az olyan neurodegenerat\u00edv betegs\u00e9gekt\u0151l, mint az Alzheimer-k\u00f3r. A minden nap dolgoz\u00f3 agy eg\u00e9szs\u00e9ges agy. A feln\u0151tteknek sz\u00f3l\u00f3 rejtv\u00e9nyfejt\u00e9s egyike azoknak a tev\u00e9kenys\u00e9geknek, amelyek j\u00f3t\u00e9konyan hatnak az agyra.<\/span><\/li>\n<li><span style=\"font-weight: 400\">A csal\u00e1d sz\u00e1m\u00e1ra is sz\u00f3rakoztat\u00f3 lehet. Mi is lehetne pihentet\u0151bb a borong\u00f3s t\u00e9li est\u00e9ken, mint egy sz\u00f3rakoztat\u00f3 csal\u00e1di tev\u00e9kenys\u00e9g az \u00e9tkez\u0151asztal k\u00f6r\u00fcl, ahol minden szerett\u00fcnk fokozatosan megfejti az 1000 darabos kirak\u00f3s rejt\u00e9ly\u00e9t? <\/span><\/li>\n<li><span style=\"font-weight: 400\">Mert boldogg\u00e1 tesz! A feln\u0151ttkori rejtv\u00e9nyfejt\u00e9sr\u0151l kider\u00fclt, hogy serkenti a dopamin &#8211; a boldogs\u00e1g\u00e9rzet\u00e9rt felel\u0151s hormon &#8211; kiv\u00e1laszt\u00e1s\u00e1t.<\/span><\/li>\n<\/ul>\n<p><strong>Szeretne t\u00f6bbet tudni Botticellir\u0151l?<\/strong><\/p>\n<p><span style=\"font-weight: 400\">A Sandro Botticelli &#8211; Primavera 1000 darabos puzzle nemcsak a m\u0171v\u00e9szeti puzzle k\u00edn\u00e1latunkban tal\u00e1lhat\u00f3 feln\u0151tt puzzle-k magas min\u0151s\u00e9g\u00e9t t\u00fckr\u00f6zi, hanem a m\u0171v\u00e9sz \u00e9s munk\u00e1ss\u00e1g\u00e1nak \u00f6sszetetts\u00e9g\u00e9t is, amely ebben az 1000 darabos puzzle-ben megtal\u00e1lhat\u00f3. \u00cdme n\u00e9h\u00e1ny \u00e9rdekess\u00e9g az eredeti festm\u00e9nyr\u0151l \u00e9s h\u00edres szerz\u0151j\u00e9r\u0151l:<\/span><\/p>\n<ul style=\"list-style-type: circle\">\n<li><span style=\"font-weight: 400\">Botticelli festm\u00e9nyei, \u00edgy t\u00f6bbek k\u00f6z\u00f6tt  <\/span><em><span style=\"font-weight: 400\">Primavera<\/span><\/em><span style=\"font-weight: 400\">mind temper\u00e1val vannak festve.<\/span><\/li>\n<li><span style=\"font-weight: 400\">Egy 1996-ban felfedezett aszteroida viseli a m\u0171v\u00e9sz nev\u00e9t.<\/span><\/li>\n<li><span style=\"font-weight: 400\">Festm\u00e9nyei \u00e1ttetsz\u0151 \u00e9s k\u00e9t\u00e9rtelm\u0171 jelleg\u00fckr\u0151l nevezetesek. A festm\u00e9nyeken szerepl\u0151 alakok k\u00f6z\u00fcl sokan lebegni l\u00e1tszanak. \u00cdgy, b\u00e1r \u00e1llnak, m\u00e9gis azt a benyom\u00e1st keltik, mintha mozg\u00e1sban lenn\u00e9nek, ami bizonyos k\u00e9t\u00e9rtelm\u0171s\u00e9get eredm\u00e9nyez<\/span><\/li>\n<li><span style=\"font-weight: 400\">A pontos el\u0151zm\u00e9nyek nem ismertek  <\/span><em><span style=\"font-weight: 400\">Tavaszi<\/span><\/em><span style=\"font-weight: 400\">  botticelli Tavasza. \u00dagy gondolj\u00e1k, hogy a Medici csal\u00e1d egyik tagja rendelte meg, ahogyan a <\/span><em><span style=\"font-weight: 400\">V\u00e9nusz sz\u00fclet\u00e9se<\/span><\/em><span style=\"font-weight: 400\">.<\/span><\/li>\n<li><span style=\"font-weight: 400\">A tavasz a szerelmet, a fiatals\u00e1got, a sz\u00e9ps\u00e9get \u00e9s az \u00fajj\u00e1sz\u00fclet\u00e9st is szimboliz\u00e1lja, mert ahogy a tavasz \u00e9vr\u0151l \u00e9vre \u00e9letre kelti a term\u00e9szetet, \u00fagy az ember is boldogs\u00e1gra \u00e9s \u00f6r\u00f6k fiatals\u00e1gra v\u00e1gyik.<\/span><\/li>\n<\/ul>\n<p><strong>Az 1000 darabos kirak\u00f3j\u00e1t\u00e9k 5 tov\u00e1bbi el\u0151nye<\/strong><\/p>\n<ol>\n<li><span style=\"font-weight: 400\">Seg\u00edt jobban koncentr\u00e1lni a mindennapi \u00e9letben.<\/span><\/li>\n<li><span style=\"font-weight: 400\">Seg\u00edt jav\u00edtani a mem\u00f3ri\u00e1t.<\/span><\/li>\n<li><span style=\"font-weight: 400\">\u00dagy \u00e9rzi mag\u00e1t, mint egy kis detekt\u00edv, aki nyomokat keres, \u00f6sszerakja \u0151ket, \u00e9s megoldja a m\u0171alkot\u00e1s rejt\u00e9ly\u00e9t.<\/span><\/li>\n<li><span style=\"font-weight: 400\">Seg\u00edt kapcsolatba l\u00e9pni \u00f6nmagaddal. Csak te vagy magaddal, egy pontos feladatra \u00f6sszpontos\u00edtva, amelyet elt\u00f6k\u00e9lten v\u00e9gzel.<\/span><\/li>\n<li><span style=\"font-weight: 400\">jav\u00edtja a vizu\u00e1lis \u00e9s t\u00e9rbeli gondolkod\u00e1st. Amikor egy 1000 darabos kirak\u00f3st k\u00e9sz\u00edtesz, \u00fcgyelned kell arra, hogy minden egyes darabot beillessz a nagyobb k\u00e9pbe. A gyakorl\u00e1s jav\u00edtja ezt a k\u00e9pess\u00e9get.<\/span><\/li>\n<\/ol>\n<p><span style=\"font-weight: 400\">Hozd el otthonodba Sandro Botticelli tavasz\u00e1t! Fedezd fel ezt a csod\u00e1latos kirak\u00f3s j\u00e1t\u00e9kot, \u00e9s kapcsol\u00f3dj a m\u0171v\u00e9szvil\u00e1ghoz. F\u00f3kusz\u00e1lj a feln\u0151tt puzzle-re, rakd \u00f6ssze a k\u00e9pet az 1000 darabos puzzle-b\u00f3l, \u00e9s tedd a k\u00e9pet a keretbe.  V\u00e1s\u00e1rolja meg most ezt a csod\u00e1latos 1000 darabos puzzle-t mag\u00e1nak, vagy aj\u00e1nd\u00e9kozza meg egy kedves bar\u00e1tj\u00e1nak.<\/span><\/p>\n","protected":false},"excerpt":{"rendered":"<p>Fedezze fel most az 1000 darabos puzzle gy\u0171jtem\u00e9nyt, amely a renesz\u00e1nsz kor legh\u00edresebb festm\u00e9nyeinek k\u00e9peit tartalmazza. Leonardo Da Vinci, Sandro<\/p>\n","protected":false},"featured_media":63103,"template":"","meta":[],"product_brand":[],"product_cat":[1920,1919,1881],"product_tag":[],"class_list":{"0":"post-41543","1":"product","2":"type-product","3":"status-publish","4":"has-post-thumbnail","6":"product_cat-1000-darabos-kirakos-jatek","7":"product_cat-felnott-kirakos-jatekok","8":"product_cat-kirakos-jatekok","9":"pa_bax-10-hu","10":"pa_brand-d_toys-hu","11":"pa_country_of_manufacture-ro-hu","12":"pa_filter_age-14-hu","13":"pa_painter-sandrobotticelli-hu","14":"pa_tip_ambalaj-doboz","15":"pa_tip_puzzle-klasszikus","17":"first","18":"instock","19":"taxable","20":"shipping-taxable","21":"product-type-simple"},"yoast_head":"<!-- This site is optimized with the Yoast SEO plugin v20.1 - https:\/\/yoast.com\/wordpress\/plugins\/seo\/ -->\n<title>Feln\u0151tt 1000 darabos Sandro Botticelli puzzle - Tavasz<\/title>\n<meta name=\"description\" content=\"Feln\u0151tt 1000 darabos Sandro Botticelli puzzle - Tavasz\" \/>\n<meta name=\"robots\" content=\"index, follow, max-snippet:-1, max-image-preview:large, max-video-preview:-1\" \/>\n<link rel=\"canonical\" href=\"https:\/\/business.roovi.com\/hu\/felnott-1000-darabos-sandro-botticelli-puzzle-tavasz\/p\/\" \/>\n<meta property=\"og:locale\" content=\"hu_HU\" \/>\n<meta property=\"og:type\" content=\"article\" \/>\n<meta property=\"og:title\" content=\"Feln\u0151tt 1000 darabos Sandro Botticelli puzzle - Tavasz\" \/>\n<meta property=\"og:description\" content=\"Feln\u0151tt 1000 darabos Sandro Botticelli puzzle - Tavasz\" \/>\n<meta property=\"og:url\" content=\"https:\/\/business.roovi.com\/hu\/felnott-1000-darabos-sandro-botticelli-puzzle-tavasz\/p\/\" \/>\n<meta property=\"og:site_name\" content=\"Roovi B2B\" \/>\n<meta property=\"article:publisher\" content=\"https:\/\/www.facebook.com\/wwwjucariero\" \/>\n<meta property=\"article:modified_time\" content=\"2022-07-06T17:19:57+00:00\" \/>\n<meta property=\"og:image\" content=\"https:\/\/business.roovi.com\/wp-content\/uploads\/2018\/04\/72672-02_ansamblu_dimensiuni_cutie_cm.png\" \/>\n\t<meta property=\"og:image:width\" content=\"1200\" \/>\n\t<meta property=\"og:image:height\" content=\"1200\" \/>\n\t<meta property=\"og:image:type\" content=\"image\/png\" \/>\n<meta name=\"twitter:label1\" content=\"Becs\u00fclt olvas\u00e1si id\u0151\" \/>\n\t<meta name=\"twitter:data1\" content=\"4 perc\" \/>\n<script type=\"application\/ld+json\" class=\"yoast-schema-graph\">{\"@context\":\"https:\/\/schema.org\",\"@graph\":[{\"@type\":\"WebPage\",\"@id\":\"https:\/\/business.roovi.com\/hu\/felnott-1000-darabos-sandro-botticelli-puzzle-tavasz\/p\/\",\"url\":\"https:\/\/business.roovi.com\/hu\/felnott-1000-darabos-sandro-botticelli-puzzle-tavasz\/p\/\",\"name\":\"Feln\u0151tt 1000 darabos Sandro Botticelli puzzle - Tavasz\",\"isPartOf\":{\"@id\":\"https:\/\/business.roovi.com\/hu\/#website\"},\"datePublished\":\"2018-04-16T10:56:17+00:00\",\"dateModified\":\"2022-07-06T17:19:57+00:00\",\"description\":\"Feln\u0151tt 1000 darabos Sandro Botticelli puzzle - Tavasz\",\"breadcrumb\":{\"@id\":\"https:\/\/business.roovi.com\/hu\/felnott-1000-darabos-sandro-botticelli-puzzle-tavasz\/p\/#breadcrumb\"},\"inLanguage\":\"hu\",\"potentialAction\":[{\"@type\":\"ReadAction\",\"target\":[\"https:\/\/business.roovi.com\/hu\/felnott-1000-darabos-sandro-botticelli-puzzle-tavasz\/p\/\"]}]},{\"@type\":\"BreadcrumbList\",\"@id\":\"https:\/\/business.roovi.com\/hu\/felnott-1000-darabos-sandro-botticelli-puzzle-tavasz\/p\/#breadcrumb\",\"itemListElement\":[{\"@type\":\"ListItem\",\"position\":1,\"name\":\"Home\",\"item\":\"https:\/\/business.roovi.com\/hu\/\"},{\"@type\":\"ListItem\",\"position\":2,\"name\":\"Shop\",\"item\":\"https:\/\/business.roovi.com\/hu\/shop\/\"},{\"@type\":\"ListItem\",\"position\":3,\"name\":\"Feln\u0151tt 1000 darabos Sandro Botticelli puzzle &#8211; Tavasz\"}]},{\"@type\":\"WebSite\",\"@id\":\"https:\/\/business.roovi.com\/hu\/#website\",\"url\":\"https:\/\/business.roovi.com\/hu\/\",\"name\":\"Roovi B2B\",\"description\":\"Roovi Business Website\",\"potentialAction\":[{\"@type\":\"SearchAction\",\"target\":{\"@type\":\"EntryPoint\",\"urlTemplate\":\"https:\/\/business.roovi.com\/hu\/?s={search_term_string}\"},\"query-input\":\"required name=search_term_string\"}],\"inLanguage\":\"hu\"}]}<\/script>\n<!-- \/ Yoast SEO plugin. -->","yoast_head_json":{"title":"Feln\u0151tt 1000 darabos Sandro Botticelli puzzle - Tavasz","description":"Feln\u0151tt 1000 darabos Sandro Botticelli puzzle - Tavasz","robots":{"index":"index","follow":"follow","max-snippet":"max-snippet:-1","max-image-preview":"max-image-preview:large","max-video-preview":"max-video-preview:-1"},"canonical":"https:\/\/business.roovi.com\/hu\/felnott-1000-darabos-sandro-botticelli-puzzle-tavasz\/p\/","og_locale":"hu_HU","og_type":"article","og_title":"Feln\u0151tt 1000 darabos Sandro Botticelli puzzle - Tavasz","og_description":"Feln\u0151tt 1000 darabos Sandro Botticelli puzzle - Tavasz","og_url":"https:\/\/business.roovi.com\/hu\/felnott-1000-darabos-sandro-botticelli-puzzle-tavasz\/p\/","og_site_name":"Roovi B2B","article_publisher":"https:\/\/www.facebook.com\/wwwjucariero","article_modified_time":"2022-07-06T17:19:57+00:00","og_image":[{"width":1200,"height":1200,"url":"https:\/\/business.roovi.com\/wp-content\/uploads\/2018\/04\/72672-02_ansamblu_dimensiuni_cutie_cm.png","type":"image\/png"}],"twitter_misc":{"Becs\u00fclt olvas\u00e1si id\u0151":"4 perc"},"schema":{"@context":"https:\/\/schema.org","@graph":[{"@type":"WebPage","@id":"https:\/\/business.roovi.com\/hu\/felnott-1000-darabos-sandro-botticelli-puzzle-tavasz\/p\/","url":"https:\/\/business.roovi.com\/hu\/felnott-1000-darabos-sandro-botticelli-puzzle-tavasz\/p\/","name":"Feln\u0151tt 1000 darabos Sandro Botticelli puzzle - Tavasz","isPartOf":{"@id":"https:\/\/business.roovi.com\/hu\/#website"},"datePublished":"2018-04-16T10:56:17+00:00","dateModified":"2022-07-06T17:19:57+00:00","description":"Feln\u0151tt 1000 darabos Sandro Botticelli puzzle - Tavasz","breadcrumb":{"@id":"https:\/\/business.roovi.com\/hu\/felnott-1000-darabos-sandro-botticelli-puzzle-tavasz\/p\/#breadcrumb"},"inLanguage":"hu","potentialAction":[{"@type":"ReadAction","target":["https:\/\/business.roovi.com\/hu\/felnott-1000-darabos-sandro-botticelli-puzzle-tavasz\/p\/"]}]},{"@type":"BreadcrumbList","@id":"https:\/\/business.roovi.com\/hu\/felnott-1000-darabos-sandro-botticelli-puzzle-tavasz\/p\/#breadcrumb","itemListElement":[{"@type":"ListItem","position":1,"name":"Home","item":"https:\/\/business.roovi.com\/hu\/"},{"@type":"ListItem","position":2,"name":"Shop","item":"https:\/\/business.roovi.com\/hu\/shop\/"},{"@type":"ListItem","position":3,"name":"Feln\u0151tt 1000 darabos Sandro Botticelli puzzle &#8211; Tavasz"}]},{"@type":"WebSite","@id":"https:\/\/business.roovi.com\/hu\/#website","url":"https:\/\/business.roovi.com\/hu\/","name":"Roovi B2B","description":"Roovi Business Website","potentialAction":[{"@type":"SearchAction","target":{"@type":"EntryPoint","urlTemplate":"https:\/\/business.roovi.com\/hu\/?s={search_term_string}"},"query-input":"required name=search_term_string"}],"inLanguage":"hu"}]}},"_links":{"self":[{"href":"https:\/\/business.roovi.com\/hu\/wp-json\/wp\/v2\/product\/41543","targetHints":{"allow":["GET"]}}],"collection":[{"href":"https:\/\/business.roovi.com\/hu\/wp-json\/wp\/v2\/product"}],"about":[{"href":"https:\/\/business.roovi.com\/hu\/wp-json\/wp\/v2\/types\/product"}],"version-history":[{"count":0,"href":"https:\/\/business.roovi.com\/hu\/wp-json\/wp\/v2\/product\/41543\/revisions"}],"wp:featuredmedia":[{"embeddable":true,"href":"https:\/\/business.roovi.com\/hu\/wp-json\/wp\/v2\/media\/63103"}],"wp:attachment":[{"href":"https:\/\/business.roovi.com\/hu\/wp-json\/wp\/v2\/media?parent=41543"}],"wp:term":[{"taxonomy":"product_brand","embeddable":true,"href":"https:\/\/business.roovi.com\/hu\/wp-json\/wp\/v2\/product_brand?post=41543"},{"taxonomy":"product_cat","embeddable":true,"href":"https:\/\/business.roovi.com\/hu\/wp-json\/wp\/v2\/product_cat?post=41543"},{"taxonomy":"product_tag","embeddable":true,"href":"https:\/\/business.roovi.com\/hu\/wp-json\/wp\/v2\/product_tag?post=41543"}],"curies":[{"name":"wp","href":"https:\/\/api.w.org\/{rel}","templated":true}]}}