{"id":41547,"date":"2018-04-16T10:56:17","date_gmt":"2018-04-16T10:56:17","guid":{"rendered":"https:\/\/business.roovi.com\/puzzle-adulti-1000-piese-leonardo-da-vinci-mona-lisa\/p\/"},"modified":"2022-07-06T17:24:09","modified_gmt":"2022-07-06T17:24:09","slug":"felnott-1000-darabos-leonardo-da-vinci-puzzle-mona-lisa","status":"publish","type":"product","link":"https:\/\/business.roovi.com\/hu\/felnott-1000-darabos-leonardo-da-vinci-puzzle-mona-lisa\/p\/","title":{"rendered":"Feln\u0151tt 1000 darabos Leonardo da Vinci puzzle &#8211; Mona Lisa"},"content":{"rendered":"<p><span style=\"font-weight: 400\">Ha szenved\u00e9lyesen rajongsz a m\u0171v\u00e9szet\u00e9rt, vagy olyan bar\u00e1todnak szeretn\u00e9l aj\u00e1nd\u00e9kot adni, akit leny\u0171g\u00f6znek a h\u00edres festm\u00e9nyek, akkor pontosan a legjobb helyen j\u00e1rsz! Mi rendelkez\u00fcnk a legnagyobb m\u0171v\u00e9szeti rejtv\u00e9nygy\u0171jtem\u00e9nnyel.<\/span><\/p>\n<p><span style=\"font-weight: 400\">A kirak\u00f3s j\u00e1t\u00e9k \u00f6sszerak\u00e1sa szuper pihentet\u0151, \u00e9s ezt tapasztalatb\u00f3l mondjuk. Ha szeretn\u00e9l n\u00e9h\u00e1ny \u00f3r\u00e1ra (vagy ak\u00e1r t\u00f6bbre is, vel\u00fcnk is el\u0151fordult m\u00e1r) kikapcsol\u00f3dni a mindennapi stresszb\u0151l, van n\u00e9h\u00e1ny remek aj\u00e1nl\u00e1sunk sz\u00e1modra!<\/span><\/p>\n<p><span style=\"font-weight: 400\">A renesz\u00e1nsz sorozatb\u00f3l a legh\u00edresebb festm\u00e9ny Lisa del Giocondo, m\u00e1s n\u00e9ven Mona Lisa portr\u00e9ja. Az alany rejt\u00e9lyes arckifejez\u00e9se, a festm\u00e9ny titokzatos hangulata egyedi jellegzetess\u00e9geket k\u00f6lcs\u00f6n\u00f6z ennek a festm\u00e9nynek, a Mona Lis\u00e1t a m\u0171v\u00e9szett\u00f6rt\u00e9net legh\u00edresebb alkot\u00e1s\u00e1nak tartj\u00e1k. Val\u00f3sz\u00edn\u0171leg ez a valaha festett legh\u00edresebb portr\u00e9 is.<\/span><\/p>\n<p><span style=\"font-weight: 400\">Engedje, hogy mag\u00e1val ragadja ez a titokzatos vil\u00e1g, fedezze fel a korszakra jellemz\u0151 kromatik\u00e1t. Rakd \u00f6ssze a Mona Lis\u00e1t 1000 puzzle-darabb\u00f3l, \u00e9s megkapod a mesterm\u0171 szinte eredeti m\u00e9ret\u00e9nek megfelel\u0151 m\u00e1solat\u00e1t! Az \u00f6sszerakott puzzle m\u00e9ret\u00e9t l\u00e1sd al\u00e1bb.<\/span><\/p>\n<p><strong>Puzzle anyag <\/strong><\/p>\n<p><strong>kiv\u00e1l\u00f3 min\u0151s\u00e9g\u0171 k\u00e9k karton<\/strong><\/p>\n<p><strong>fenntarthat\u00f3, \u00fajrahasznos\u00edthat\u00f3 anyagok<\/strong><\/p>\n<p><strong>f\u00e9lf\u00e9nyes kivitel, \u00e9l\u00e9nk sz\u00ednek<\/strong><\/p>\n<p><strong>\u00d6ssze\u00e1ll\u00edtott puzzle m\u00e9rete: 50 x 70 cm. V<\/strong><span style=\"font-weight: 400\">a festm\u00e9nyhez egy szabv\u00e1nyos doh\u00e1nyz\u00f3asztalra lesz sz\u00fcks\u00e9ged. Az eredeti festm\u00e9ny m\u00e9rete 53x77cm.<\/span><\/p>\n<p><strong>A kirak\u00f3s darabok sz\u00e1ma: 1000<\/strong><\/p>\n<p><strong>Aj\u00e1nlott \u00e9letkor: 14+<\/strong><\/p>\n<p><strong>A kirak\u00f3s j\u00e1t\u00e9kok legal\u00e1bb 6 k\u00e9szs\u00e9get fejlesztenek:<\/strong><\/p>\n<p><span style=\"font-weight: 400\">1. Figyelem a r\u00e9szletekre &#8211; \u00fagy \u00e9rzed magad, mint egy igazi detekt\u00edv, aki a megfelel\u0151 darabot keresi<\/span><\/p>\n<p><span style=\"font-weight: 400\">2. Logika hasonl\u00f3 darabok \u00f6sszep\u00e1ros\u00edt\u00e1s\u00e1val<\/span><\/p>\n<p><span style=\"font-weight: 400\">3. K\u00e9pzel\u0151er\u0151 &#8211; a t\u00e1jban, t\u00e1jk\u00e9pben elrejtett kis &#8222;titkok&#8221; felfedez\u00e9se<\/span><\/p>\n<p><span style=\"font-weight: 400\">4. Sz\u00edn \u00e9s eszt\u00e9tikai \u00e9rz\u00e9k<\/span><\/p>\n<p><span style=\"font-weight: 400\">5. Megtanulod, hogy ne add fel, m\u00e9g akkor sem, ha minden megoldhatatlannak t\u0171nik<\/span><\/p>\n<p><span style=\"font-weight: 400\">6. T\u00fcrelem, amely sikeres \u00e9lm\u00e9nyt eredm\u00e9nyez<\/span><\/p>\n<p><strong>Tudt\u00e1l Mona Lis\u00e1r\u00f3l?<\/strong><\/p>\n<p><span style=\"font-weight: 400;font-size: 14px;line-height: 14px\">A festm\u00e9ny m\u00e1sik neve La Gioconda <\/span><\/p>\n<p><span style=\"font-weight: 400;font-size: 14px;line-height: 14px\">Mona a Madonna r\u00f6vid\u00edt\u00e9se.<\/span><\/p>\n<p><span style=\"font-weight: 400\">A Mona Lisa olajjal festett, ny\u00e1rf\u00e1ra festett.<\/span><\/p>\n<p><span style=\"font-weight: 400\">A festm\u00e9ny jelenleg a p\u00e1rizsi Louvre M\u00fazeumban l\u00e1that\u00f3.<\/span><\/p>\n<p><span style=\"font-weight: 400\">2014-ben 9,3 milli\u00f3an l\u00e1togatt\u00e1k meg a Louvre-t. Az egykori igazgat\u00f3 szerint az emberek 80%-a csak az\u00e9rt ment el, hogy megn\u00e9zze a Mona Lisa festm\u00e9nyt.<\/span><\/p>\n<p><strong>N\u00e9h\u00e1ny t\u00e9ny Leonardo da Vincir\u0151l<\/strong><\/p>\n<p><span style=\"font-weight: 400\">1452. \u00e1prilis 15-\u00e9n sz\u00fcletett Olaszorsz\u00e1gban.<\/span><\/p>\n<p><span style=\"font-weight: 400\">Diszlexi\u00e1s \u00e9s k\u00e9tkezes volt.<\/span><\/p>\n<p><span style=\"font-weight: 400\">Tanulm\u00e1nyozta az anat\u00f3mi\u00e1t, a madarak \u00e9s rovarok rep\u00fcl\u00e9s\u00e9t, a szikl\u00e1k \u00e9s felh\u0151k form\u00e1it, valamint a l\u00e9gk\u00f6r hat\u00e1sait, \u00e9s fest\u0151, szobr\u00e1sz, \u00e9p\u00edt\u00e9sz, zen\u00e9sz, m\u00e9rn\u00f6k, feltal\u00e1l\u00f3, anat\u00f3mus, geol\u00f3gus, t\u00e9rk\u00e9p\u00e9sz, botanikus \u00e9s \u00edr\u00f3 volt.<\/span><\/p>\n<p><span style=\"font-weight: 400\">Sz\u00fcletett feltal\u00e1l\u00f3k\u00e9nt rep\u00fcl\u0151g\u00e9peket, tankot, sz\u00e1mol\u00f3g\u00e9pet \u00e9s sok m\u00e1st is tervezett.<\/span><\/p>\n<p><span style=\"font-weight: 400\">Veget\u00e1ri\u00e1nus volt. K\u00f6zismert volt arr\u00f3l, hogy ketrecbe z\u00e1rt madarakat szerzett szabadon enged\u00e9s c\u00e9lj\u00e1b\u00f3l.<\/span><\/p>\n<p><span style=\"font-weight: 400\">A Mona Lisa mellett Leonardo da Vinci legh\u00edresebb m\u0171alkot\u00e1sai: Krisztus megkeresztel\u00e9se, A mennybemenetel, A h\u00f6lgy a hermelinivel, Az utols\u00f3 vacsora.<\/span><\/p>\n<p><strong>a m\u0171v\u00e9szeti rejtv\u00e9nyek 5 el\u0151nye<\/strong><\/p>\n<p><span style=\"font-weight: 400\">1. Ak\u00e1r 30 \u00f3r\u00e1nyi pihentet\u0151 sz\u00f3rakoz\u00e1st is kaphat.<\/span><\/p>\n<p><span style=\"font-weight: 400\">2. Fedezze fel a m\u00e1r ismert m\u0171alkot\u00e1sok legapr\u00f3bb r\u00e9szleteit.<\/span><\/p>\n<p><span style=\"font-weight: 400\">3. Elm\u00e9ly\u00edted a m\u0171v\u00e9szeti ismereteidet.<\/span><\/p>\n<p><span style=\"font-weight: 400\">4. Igazi remekm\u0171vek rekonstru\u00e1l\u00e1sa.<\/span><\/p>\n<p><span style=\"font-weight: 400\">5. D\u00edsz\u00edtse otthon\u00e1t a legh\u00edresebb puzzle-festm\u00e9nyek m\u00e1solataival.<\/span><\/p>\n<p><span style=\"font-weight: 400\">Szeretne egy saj\u00e1t Mona Lis\u00e1t? Most megteheted! V\u00e1s\u00e1rolja meg a Leonardo da Vinci &#8211; Mona Lisa m\u0171v\u00e9szeti puzzle-t, rakja \u00f6ssze a k\u00e9pet, keretezze be a festm\u00e9nyt az 1000 darabos puzzle-be, \u00e9s csod\u00e1lja meg a vil\u00e1g legh\u00edresebb festm\u00e9ny\u00e9nek h\u0171 m\u00e1solat\u00e1t minden nap. Lepje meg szeretteit egy 1000 darabos Leonardo da Vinci &#8211; Mona Lisa puzzle aj\u00e1nd\u00e9kkal.<\/span><\/p><\/p>\n","protected":false},"excerpt":{"rendered":"<p>Ha szenved\u00e9lyesen rajongsz a m\u0171v\u00e9szet\u00e9rt, vagy olyan bar\u00e1todnak szeretn\u00e9l aj\u00e1nd\u00e9kot adni, akit leny\u0171g\u00f6znek a h\u00edres festm\u00e9nyek, akkor pontosan a legjobb<\/p>\n","protected":false},"featured_media":63286,"template":"","meta":[],"product_brand":[],"product_cat":[1920,1919,1881],"product_tag":[],"class_list":{"0":"post-41547","1":"product","2":"type-product","3":"status-publish","4":"has-post-thumbnail","6":"product_cat-1000-darabos-kirakos-jatek","7":"product_cat-felnott-kirakos-jatekok","8":"product_cat-kirakos-jatekok","9":"pa_bax-10-hu","10":"pa_brand-d_toys-hu","11":"pa_country_of_manufacture-ro-hu","12":"pa_filter_age-14-hu","13":"pa_painter-leonardo-da-vinci-hu","14":"pa_tip_ambalaj-doboz","15":"pa_tip_puzzle-klasszikus","17":"first","18":"instock","19":"taxable","20":"shipping-taxable","21":"product-type-simple"},"yoast_head":"<!-- This site is optimized with the Yoast SEO plugin v20.1 - https:\/\/yoast.com\/wordpress\/plugins\/seo\/ -->\n<title>Feln\u0151tt 1000 darabos Leonardo da Vinci puzzle - Mona Lisa<\/title>\n<meta name=\"description\" content=\"Feln\u0151tt 1000 darabos Leonardo da Vinci puzzle - Mona Lisa\" \/>\n<meta name=\"robots\" content=\"index, follow, max-snippet:-1, max-image-preview:large, max-video-preview:-1\" \/>\n<link rel=\"canonical\" href=\"https:\/\/business.roovi.com\/hu\/felnott-1000-darabos-leonardo-da-vinci-puzzle-mona-lisa\/p\/\" \/>\n<meta property=\"og:locale\" content=\"hu_HU\" \/>\n<meta property=\"og:type\" content=\"article\" \/>\n<meta property=\"og:title\" content=\"Feln\u0151tt 1000 darabos Leonardo da Vinci puzzle - Mona Lisa\" \/>\n<meta property=\"og:description\" content=\"Feln\u0151tt 1000 darabos Leonardo da Vinci puzzle - Mona Lisa\" \/>\n<meta property=\"og:url\" content=\"https:\/\/business.roovi.com\/hu\/felnott-1000-darabos-leonardo-da-vinci-puzzle-mona-lisa\/p\/\" \/>\n<meta property=\"og:site_name\" content=\"Roovi B2B\" \/>\n<meta property=\"article:publisher\" content=\"https:\/\/www.facebook.com\/wwwjucariero\" \/>\n<meta property=\"article:modified_time\" content=\"2022-07-06T17:24:09+00:00\" \/>\n<meta property=\"og:image\" content=\"https:\/\/business.roovi.com\/wp-content\/uploads\/2018\/04\/72689-01_ansamblu_dimensiuni_cutie_cm_1200x1200.png\" \/>\n\t<meta property=\"og:image:width\" content=\"1200\" \/>\n\t<meta property=\"og:image:height\" content=\"1200\" \/>\n\t<meta property=\"og:image:type\" content=\"image\/png\" \/>\n<meta name=\"twitter:label1\" content=\"Becs\u00fclt olvas\u00e1si id\u0151\" \/>\n\t<meta name=\"twitter:data1\" content=\"4 perc\" \/>\n<script type=\"application\/ld+json\" class=\"yoast-schema-graph\">{\"@context\":\"https:\/\/schema.org\",\"@graph\":[{\"@type\":\"WebPage\",\"@id\":\"https:\/\/business.roovi.com\/hu\/felnott-1000-darabos-leonardo-da-vinci-puzzle-mona-lisa\/p\/\",\"url\":\"https:\/\/business.roovi.com\/hu\/felnott-1000-darabos-leonardo-da-vinci-puzzle-mona-lisa\/p\/\",\"name\":\"Feln\u0151tt 1000 darabos Leonardo da Vinci puzzle - Mona Lisa\",\"isPartOf\":{\"@id\":\"https:\/\/business.roovi.com\/hu\/#website\"},\"datePublished\":\"2018-04-16T10:56:17+00:00\",\"dateModified\":\"2022-07-06T17:24:09+00:00\",\"description\":\"Feln\u0151tt 1000 darabos Leonardo da Vinci puzzle - Mona Lisa\",\"breadcrumb\":{\"@id\":\"https:\/\/business.roovi.com\/hu\/felnott-1000-darabos-leonardo-da-vinci-puzzle-mona-lisa\/p\/#breadcrumb\"},\"inLanguage\":\"hu\",\"potentialAction\":[{\"@type\":\"ReadAction\",\"target\":[\"https:\/\/business.roovi.com\/hu\/felnott-1000-darabos-leonardo-da-vinci-puzzle-mona-lisa\/p\/\"]}]},{\"@type\":\"BreadcrumbList\",\"@id\":\"https:\/\/business.roovi.com\/hu\/felnott-1000-darabos-leonardo-da-vinci-puzzle-mona-lisa\/p\/#breadcrumb\",\"itemListElement\":[{\"@type\":\"ListItem\",\"position\":1,\"name\":\"Home\",\"item\":\"https:\/\/business.roovi.com\/hu\/\"},{\"@type\":\"ListItem\",\"position\":2,\"name\":\"Shop\",\"item\":\"https:\/\/business.roovi.com\/hu\/shop\/\"},{\"@type\":\"ListItem\",\"position\":3,\"name\":\"Feln\u0151tt 1000 darabos Leonardo da Vinci puzzle &#8211; Mona Lisa\"}]},{\"@type\":\"WebSite\",\"@id\":\"https:\/\/business.roovi.com\/hu\/#website\",\"url\":\"https:\/\/business.roovi.com\/hu\/\",\"name\":\"Roovi B2B\",\"description\":\"Roovi Business Website\",\"potentialAction\":[{\"@type\":\"SearchAction\",\"target\":{\"@type\":\"EntryPoint\",\"urlTemplate\":\"https:\/\/business.roovi.com\/hu\/?s={search_term_string}\"},\"query-input\":\"required name=search_term_string\"}],\"inLanguage\":\"hu\"}]}<\/script>\n<!-- \/ Yoast SEO plugin. -->","yoast_head_json":{"title":"Feln\u0151tt 1000 darabos Leonardo da Vinci puzzle - Mona Lisa","description":"Feln\u0151tt 1000 darabos Leonardo da Vinci puzzle - Mona Lisa","robots":{"index":"index","follow":"follow","max-snippet":"max-snippet:-1","max-image-preview":"max-image-preview:large","max-video-preview":"max-video-preview:-1"},"canonical":"https:\/\/business.roovi.com\/hu\/felnott-1000-darabos-leonardo-da-vinci-puzzle-mona-lisa\/p\/","og_locale":"hu_HU","og_type":"article","og_title":"Feln\u0151tt 1000 darabos Leonardo da Vinci puzzle - Mona Lisa","og_description":"Feln\u0151tt 1000 darabos Leonardo da Vinci puzzle - Mona Lisa","og_url":"https:\/\/business.roovi.com\/hu\/felnott-1000-darabos-leonardo-da-vinci-puzzle-mona-lisa\/p\/","og_site_name":"Roovi B2B","article_publisher":"https:\/\/www.facebook.com\/wwwjucariero","article_modified_time":"2022-07-06T17:24:09+00:00","og_image":[{"width":1200,"height":1200,"url":"https:\/\/business.roovi.com\/wp-content\/uploads\/2018\/04\/72689-01_ansamblu_dimensiuni_cutie_cm_1200x1200.png","type":"image\/png"}],"twitter_misc":{"Becs\u00fclt olvas\u00e1si id\u0151":"4 perc"},"schema":{"@context":"https:\/\/schema.org","@graph":[{"@type":"WebPage","@id":"https:\/\/business.roovi.com\/hu\/felnott-1000-darabos-leonardo-da-vinci-puzzle-mona-lisa\/p\/","url":"https:\/\/business.roovi.com\/hu\/felnott-1000-darabos-leonardo-da-vinci-puzzle-mona-lisa\/p\/","name":"Feln\u0151tt 1000 darabos Leonardo da Vinci puzzle - Mona Lisa","isPartOf":{"@id":"https:\/\/business.roovi.com\/hu\/#website"},"datePublished":"2018-04-16T10:56:17+00:00","dateModified":"2022-07-06T17:24:09+00:00","description":"Feln\u0151tt 1000 darabos Leonardo da Vinci puzzle - Mona Lisa","breadcrumb":{"@id":"https:\/\/business.roovi.com\/hu\/felnott-1000-darabos-leonardo-da-vinci-puzzle-mona-lisa\/p\/#breadcrumb"},"inLanguage":"hu","potentialAction":[{"@type":"ReadAction","target":["https:\/\/business.roovi.com\/hu\/felnott-1000-darabos-leonardo-da-vinci-puzzle-mona-lisa\/p\/"]}]},{"@type":"BreadcrumbList","@id":"https:\/\/business.roovi.com\/hu\/felnott-1000-darabos-leonardo-da-vinci-puzzle-mona-lisa\/p\/#breadcrumb","itemListElement":[{"@type":"ListItem","position":1,"name":"Home","item":"https:\/\/business.roovi.com\/hu\/"},{"@type":"ListItem","position":2,"name":"Shop","item":"https:\/\/business.roovi.com\/hu\/shop\/"},{"@type":"ListItem","position":3,"name":"Feln\u0151tt 1000 darabos Leonardo da Vinci puzzle &#8211; Mona Lisa"}]},{"@type":"WebSite","@id":"https:\/\/business.roovi.com\/hu\/#website","url":"https:\/\/business.roovi.com\/hu\/","name":"Roovi B2B","description":"Roovi Business Website","potentialAction":[{"@type":"SearchAction","target":{"@type":"EntryPoint","urlTemplate":"https:\/\/business.roovi.com\/hu\/?s={search_term_string}"},"query-input":"required name=search_term_string"}],"inLanguage":"hu"}]}},"_links":{"self":[{"href":"https:\/\/business.roovi.com\/hu\/wp-json\/wp\/v2\/product\/41547","targetHints":{"allow":["GET"]}}],"collection":[{"href":"https:\/\/business.roovi.com\/hu\/wp-json\/wp\/v2\/product"}],"about":[{"href":"https:\/\/business.roovi.com\/hu\/wp-json\/wp\/v2\/types\/product"}],"version-history":[{"count":0,"href":"https:\/\/business.roovi.com\/hu\/wp-json\/wp\/v2\/product\/41547\/revisions"}],"wp:featuredmedia":[{"embeddable":true,"href":"https:\/\/business.roovi.com\/hu\/wp-json\/wp\/v2\/media\/63286"}],"wp:attachment":[{"href":"https:\/\/business.roovi.com\/hu\/wp-json\/wp\/v2\/media?parent=41547"}],"wp:term":[{"taxonomy":"product_brand","embeddable":true,"href":"https:\/\/business.roovi.com\/hu\/wp-json\/wp\/v2\/product_brand?post=41547"},{"taxonomy":"product_cat","embeddable":true,"href":"https:\/\/business.roovi.com\/hu\/wp-json\/wp\/v2\/product_cat?post=41547"},{"taxonomy":"product_tag","embeddable":true,"href":"https:\/\/business.roovi.com\/hu\/wp-json\/wp\/v2\/product_tag?post=41547"}],"curies":[{"name":"wp","href":"https:\/\/api.w.org\/{rel}","templated":true}]}}