{"id":41551,"date":"2018-04-16T10:56:17","date_gmt":"2018-04-16T10:56:17","guid":{"rendered":"https:\/\/business.roovi.com\/puzzle-adulti-1000-piese-pieter-breughel-cel-tanar-summervara\/p\/"},"modified":"2023-02-15T08:55:31","modified_gmt":"2023-02-15T08:55:31","slug":"felnott-puzzle-1000-darab-pieter-breughel-az-ifjabb-nyar-vara","status":"publish","type":"product","link":"https:\/\/business.roovi.com\/hu\/felnott-puzzle-1000-darab-pieter-breughel-az-ifjabb-nyar-vara\/p\/","title":{"rendered":"Feln\u0151tt puzzle 1000 darab Pieter Breughel az ifjabb &#8211; Ny\u00e1r"},"content":{"rendered":"<p><span style=\"font-weight: 400;\">Szeretn\u00e9, ha Rembrandt, Botticelli vagy m\u00e1s szakr\u00e1lis fest\u0151sz\u00f6rnyek valamelyik\u00e9nek miniat\u0171r m\u00e1solata lenne a fal\u00e1n? V\u00e1lasszon a m\u0171v\u00e9szi rejtv\u00e9nyek legnagyobb v\u00e1laszt\u00e9k\u00e1b\u00f3l, \u00e9s \u00e1lmai val\u00f3ra v\u00e1lnak!<\/span><\/p>\n<p><span style=\"font-weight: 400;\">Pieter Brueghel az ifjabb &#8211; A ny\u00e1r csak egy kattint\u00e1sra van. Rendelje meg most ezt a csod\u00e1latos 1000 darabos puzzle-t, \u00e9s \u00e9lvezze az azonos c\u00edm\u0171 festm\u00e9ny napos \u00e9s sz\u00ednes k\u00e9p\u00e9t. Ha \u00f6sszerakod ezt a csod\u00e1latos puzzle-t, egy 50 x 70 cm-es festm\u00e9nyt kapsz. A saj\u00e1t m\u0171alkot\u00e1s elk\u00e9sz\u00edt\u00e9s\u00e9hez mind\u00f6ssze egy egyszer\u0171 doh\u00e1nyz\u00f3asztalra van sz\u00fcks\u00e9ged. A csod\u00e1latos 1000 darabos puzzle tov\u00e1bbi r\u00e9szleteit \u00e9s jellemz\u0151it az al\u00e1bbiakban k\u00f6z\u00f6lj\u00fck:<\/span><\/p>\n<p><span style=\"font-weight: 400;\">Puzzle anyag <\/span><\/p>\n<p><strong>kiv\u00e1l\u00f3 min\u0151s\u00e9g\u0171 k\u00e9k karton<\/strong><\/p>\n<p><strong>fenntarthat\u00f3, \u00fajrahasznos\u00edthat\u00f3 anyagok<\/strong><\/p>\n<p><strong>f\u00e9lf\u00e9nyes kivitel, \u00e9l\u00e9nk sz\u00ednek<\/strong><\/p>\n<p><span style=\"font-weight: 400;\">A kirak\u00f3s darabok sz\u00e1ma: 1000<\/span><\/p>\n<p><span style=\"font-weight: 400;\">Aj\u00e1nlott \u00e9letkor: 14+<\/span><\/p>\n<p><strong>Szeretn\u00e9, hogy az IQ-ja magas maradjon? T\u00f6ltsd ki az 1000 darabos kirak\u00f3t minden nap!<\/strong><\/p>\n<p><span style=\"font-weight: 400;\">Ez nem vicc, tudom\u00e1nyosan bizony\u00edtott, hogy a napi legal\u00e1bb 25 percig tart\u00f3 kirak\u00f3j\u00e1t\u00e9k-\u00f6ssze\u00e1ll\u00edt\u00e1s ak\u00e1r 4 ponttal n\u00f6veli az IQ-t. T\u00f6ltsd ki te magad az 1000 darabos kirak\u00f3t, \u00e9s n\u00e9zd meg, hogy igazuk van-e a kutat\u00f3knak!<\/span><\/p>\n<p><strong>A nagyszer\u0171 m\u0171v\u00e9szeti rejtv\u00e9nyek egy\u00e9b el\u0151nyei<\/strong><\/p>\n<p><strong>Megmutatja a h\u00edres festm\u00e9nyek t\u00f6k\u00e9letes vil\u00e1g\u00e1t.<\/strong><span style=\"font-weight: 400;\"> A m\u0171v\u00e9szeti puzzle-kollekci\u00f3nk 1000 darabos kirak\u00f3i t\u00f6k\u00e9letesen kidolgozottak, \u00edgy az eredeti festm\u00e9nyek finomabb r\u00e9szletei is l\u00e1that\u00f3ak. Amikor a festm\u00e9ny elk\u00e9sz\u00fcl, \u00f3r\u00e1kig csod\u00e1lhatja a t\u00f6k\u00e9letes k\u00e9pet.<\/span><\/p>\n<p><strong>Mesterdetekt\u00edvv\u00e9 tesznek egy m\u0171v\u00e9szi vil\u00e1gban.<\/strong><span style=\"font-weight: 400;\"> Amikor az 1000 darabos kirak\u00f3s minden egyes darabj\u00e1t alaposan megkeresed, \u00e9s nyomon k\u00f6veted a hely\u00e9t a k\u00e9pen, \u00fagy \u00e9rzed magad, mint egy nyomoz\u00f3, aki nyomokat keres egy rejt\u00e9ly megold\u00e1s\u00e1hoz.<\/span><\/p>\n<p><strong>Elv\u00e1lasztja \u00d6nt a virtu\u00e1lis vil\u00e1gt\u00f3l <\/strong><span style=\"font-weight: 400;\">\u00c9leted nagy r\u00e9sz\u00e9t k\u00e9perny\u0151k el\u0151tt t\u00f6lt\u00f6d? Itt az ideje, hogy kikapcsol\u00f3dj \u00e9s ellaz\u00edtsd az elm\u00e9det! Fejezze be az 1000 darabos puzzle-t, \u00e9s \u00e9rezni fogja a csod\u00e1latos ment\u00e1lis felszabadul\u00e1st <\/span><\/p>\n<p><strong>K\u00f6zelebb hozza \u00d6nt szeretteihez.<\/strong><span style=\"font-weight: 400;\"> A kirak\u00f3s j\u00e1t\u00e9kot nemcsak egyed\u00fcl, hanem csoportosan is \u00fajra lehet j\u00e1tszani. Egy szeretteddel vagy egy bar\u00e1ti t\u00e1rsas\u00e1ggal egy 1000 darabos puzzle \u00f6sszerak\u00e1sa igazi m\u00f3k\u00e1v\u00e1 v\u00e1lik.<\/span><\/p>\n<p><strong>Mes\u00e9lj\u00fcnk egy kicsit Pieter Brueghel az ifjabbr\u00f3l \u00e9s <\/strong><strong><em>Ny\u00e1r<\/em><\/strong><strong> az \u0151 nyara!<\/strong><\/p>\n<ul style=\"list-style-type: circle;\">\n<li><span style=\"font-weight: 400;\">Az ifjabb Pieter Brueghel apja, az id\u0151sebb Pieter Breughel munk\u00e1ss\u00e1g\u00e1nak folytat\u00e1sa<\/span><\/li>\n<li><span style=\"font-weight: 400;\">Sok olyan t\u00e9m\u00e1t vett \u00e1t, amelyet apja k\u00e9pviselt. Ciklus <\/span><em><span style=\"font-weight: 400;\">\u00c9vszakok<\/span><\/em><span style=\"font-weight: 400;\"> az egyik ilyen.<\/span><\/li>\n<li><em><span style=\"font-weight: 400;\">\u00c9vszakok<\/span><\/em><span style=\"font-weight: 400;\"> a vil\u00e1g ciklikuss\u00e1g\u00e1t \u00e9s az id\u0151 visszaford\u00edthatatlan m\u00fal\u00e1s\u00e1t mutatja be az egyes \u00e9vszakokra jellemz\u0151 tev\u00e9kenys\u00e9geken kereszt\u00fcl.<\/span><\/li>\n<li><span style=\"font-weight: 400;\">A oldalon <\/span><em><span style=\"font-weight: 400;\">Ny\u00e1r<\/span><\/em><span style=\"font-weight: 400;\">, a f\u0151 tev\u00e9kenys\u00e9g az \u00fatsz\u00e9li betakar\u00edt\u00e1s.<\/span><\/li>\n<li><span style=\"font-weight: 400;\">A festm\u00e9nynek 20 v\u00e1ltozata l\u00e9tezik, de a k\u00f6zt\u00fck l\u00e9v\u0151 k\u00fcl\u00f6nbs\u00e9gek minim\u00e1lisak.<\/span><\/li>\n<li><span style=\"font-weight: 400;\">Mindegyik v\u00e1ltozat ugyanazt a kompoz\u00edci\u00f3s s\u00e9m\u00e1t k\u00f6veti.<\/span><\/li>\n<\/ul>\n<p><strong>3 ok, ami\u00e9rt \u00e9rdemes minden nap 1000 darabos puzzle-t kirakni<\/strong><\/p>\n<ol>\n<li><span style=\"font-weight: 400;\">A rejtv\u00e9nyfejt\u00e9s olyan szabadid\u0151s tev\u00e9kenys\u00e9g, amely eg\u00e9szs\u00e9gesen tartja az agyat.<\/span><\/li>\n<li><span style=\"font-weight: 400;\">Seg\u00edt a j\u00f3 hangulatban.<\/span><\/li>\n<li><span style=\"font-weight: 400;\">N\u00f6veli a r\u00e9szletekre val\u00f3 figyelmet.<\/span><\/li>\n<\/ol>\n<p><span style=\"font-weight: 400;\">Fejezze be ezt a csod\u00e1latos 1000 darabos puzzle-t, \u00e9s hozzon egy kicsit az ifjabb Pieter Brueghel m\u0171v\u00e9szi szellem\u00e9b\u0151l az otthon\u00e1ba! Csod\u00e1latosan fogod \u00e9rezni magad a festm\u00e9ny majdnem t\u00f6k\u00e9letes m\u00e1solat\u00e1nak megcsod\u00e1l\u00e1s\u00e1ban <\/span><em><span style=\"font-weight: 400;\">Ny\u00e1r<\/span><\/em><span style=\"font-weight: 400;\"> egy m\u0171v\u00e9szeti kirak\u00f3sb\u00f3l \u00fajraalkotva.<\/span><\/p>\n<p><span style=\"font-weight: 400;\">Lepje meg szeretteit ezzel a csod\u00e1latos, 1000 darabos kirak\u00f3val! Biztos, hogy \u00f6r\u00f6met szerezhetsz egy bar\u00e1todnak ezzel a kirak\u00f3val a m\u0171v\u00e9szi kirak\u00f3s kollekci\u00f3b\u00f3l.<\/span><\/p>\n<p>&nbsp;<\/p>\n","protected":false},"excerpt":{"rendered":"<p>Szeretn\u00e9, ha Rembrandt, Botticelli vagy m\u00e1s szakr\u00e1lis fest\u0151sz\u00f6rnyek valamelyik\u00e9nek miniat\u0171r m\u00e1solata lenne a fal\u00e1n? V\u00e1lasszon a m\u0171v\u00e9szi rejtv\u00e9nyek legnagyobb v\u00e1laszt\u00e9k\u00e1b\u00f3l,<\/p>\n","protected":false},"featured_media":63115,"template":"","meta":[],"product_brand":[],"product_cat":[1920,1919,1881],"product_tag":[],"class_list":{"0":"post-41551","1":"product","2":"type-product","3":"status-publish","4":"has-post-thumbnail","6":"product_cat-1000-darabos-kirakos-jatek","7":"product_cat-felnott-kirakos-jatekok","8":"product_cat-kirakos-jatekok","9":"pa_bax-10-hu","10":"pa_brand-d_toys-hu","11":"pa_country_of_manufacture-ro-hu","12":"pa_filter_age-14-hu","13":"pa_painter-pieterbreugheltheyounger-hu","14":"pa_tip_ambalaj-doboz","15":"pa_tip_puzzle-klasszikus","17":"first","18":"instock","19":"taxable","20":"shipping-taxable","21":"product-type-simple"},"yoast_head":"<!-- This site is optimized with the Yoast SEO plugin v20.1 - https:\/\/yoast.com\/wordpress\/plugins\/seo\/ -->\n<title>Feln\u0151tt puzzle 1000 darab Pieter Breughel az ifjabb - Ny\u00e1r\/Vara<\/title>\n<meta name=\"description\" content=\"Feln\u0151tt puzzle 1000 darab Pieter Breughel az ifjabb - Ny\u00e1r\/Vara\" \/>\n<meta name=\"robots\" content=\"index, follow, max-snippet:-1, max-image-preview:large, max-video-preview:-1\" \/>\n<link rel=\"canonical\" href=\"https:\/\/business.roovi.com\/hu\/felnott-puzzle-1000-darab-pieter-breughel-az-ifjabb-nyar-vara\/p\/\" \/>\n<meta property=\"og:locale\" content=\"hu_HU\" \/>\n<meta property=\"og:type\" content=\"article\" \/>\n<meta property=\"og:title\" content=\"Feln\u0151tt puzzle 1000 darab Pieter Breughel az ifjabb - Ny\u00e1r\/Vara\" \/>\n<meta property=\"og:description\" content=\"Feln\u0151tt puzzle 1000 darab Pieter Breughel az ifjabb - Ny\u00e1r\/Vara\" \/>\n<meta property=\"og:url\" content=\"https:\/\/business.roovi.com\/hu\/felnott-puzzle-1000-darab-pieter-breughel-az-ifjabb-nyar-vara\/p\/\" \/>\n<meta property=\"og:site_name\" content=\"Roovi B2B\" \/>\n<meta property=\"article:publisher\" content=\"https:\/\/www.facebook.com\/wwwjucariero\" \/>\n<meta property=\"article:modified_time\" content=\"2023-02-15T08:55:31+00:00\" \/>\n<meta property=\"og:image\" content=\"https:\/\/business.roovi.com\/wp-content\/uploads\/2018\/04\/66947-02_ansamblu_dimensiuni_cutie_cm_1200x1200.png\" \/>\n\t<meta property=\"og:image:width\" content=\"1200\" \/>\n\t<meta property=\"og:image:height\" content=\"1200\" \/>\n\t<meta property=\"og:image:type\" content=\"image\/png\" \/>\n<meta name=\"twitter:label1\" content=\"Becs\u00fclt olvas\u00e1si id\u0151\" \/>\n\t<meta name=\"twitter:data1\" content=\"3 perc\" \/>\n<script type=\"application\/ld+json\" class=\"yoast-schema-graph\">{\"@context\":\"https:\/\/schema.org\",\"@graph\":[{\"@type\":\"WebPage\",\"@id\":\"https:\/\/business.roovi.com\/hu\/felnott-puzzle-1000-darab-pieter-breughel-az-ifjabb-nyar-vara\/p\/\",\"url\":\"https:\/\/business.roovi.com\/hu\/felnott-puzzle-1000-darab-pieter-breughel-az-ifjabb-nyar-vara\/p\/\",\"name\":\"Feln\u0151tt puzzle 1000 darab Pieter Breughel az ifjabb - Ny\u00e1r\/Vara\",\"isPartOf\":{\"@id\":\"https:\/\/business.roovi.com\/hu\/#website\"},\"datePublished\":\"2018-04-16T10:56:17+00:00\",\"dateModified\":\"2023-02-15T08:55:31+00:00\",\"description\":\"Feln\u0151tt puzzle 1000 darab Pieter Breughel az ifjabb - Ny\u00e1r\/Vara\",\"breadcrumb\":{\"@id\":\"https:\/\/business.roovi.com\/hu\/felnott-puzzle-1000-darab-pieter-breughel-az-ifjabb-nyar-vara\/p\/#breadcrumb\"},\"inLanguage\":\"hu\",\"potentialAction\":[{\"@type\":\"ReadAction\",\"target\":[\"https:\/\/business.roovi.com\/hu\/felnott-puzzle-1000-darab-pieter-breughel-az-ifjabb-nyar-vara\/p\/\"]}]},{\"@type\":\"BreadcrumbList\",\"@id\":\"https:\/\/business.roovi.com\/hu\/felnott-puzzle-1000-darab-pieter-breughel-az-ifjabb-nyar-vara\/p\/#breadcrumb\",\"itemListElement\":[{\"@type\":\"ListItem\",\"position\":1,\"name\":\"Home\",\"item\":\"https:\/\/business.roovi.com\/hu\/\"},{\"@type\":\"ListItem\",\"position\":2,\"name\":\"Shop\",\"item\":\"https:\/\/business.roovi.com\/hu\/shop\/\"},{\"@type\":\"ListItem\",\"position\":3,\"name\":\"Feln\u0151tt puzzle 1000 darab Pieter Breughel az ifjabb &#8211; Ny\u00e1r\"}]},{\"@type\":\"WebSite\",\"@id\":\"https:\/\/business.roovi.com\/hu\/#website\",\"url\":\"https:\/\/business.roovi.com\/hu\/\",\"name\":\"Roovi B2B\",\"description\":\"Roovi Business Website\",\"potentialAction\":[{\"@type\":\"SearchAction\",\"target\":{\"@type\":\"EntryPoint\",\"urlTemplate\":\"https:\/\/business.roovi.com\/hu\/?s={search_term_string}\"},\"query-input\":\"required name=search_term_string\"}],\"inLanguage\":\"hu\"}]}<\/script>\n<!-- \/ Yoast SEO plugin. -->","yoast_head_json":{"title":"Feln\u0151tt puzzle 1000 darab Pieter Breughel az ifjabb - Ny\u00e1r\/Vara","description":"Feln\u0151tt puzzle 1000 darab Pieter Breughel az ifjabb - Ny\u00e1r\/Vara","robots":{"index":"index","follow":"follow","max-snippet":"max-snippet:-1","max-image-preview":"max-image-preview:large","max-video-preview":"max-video-preview:-1"},"canonical":"https:\/\/business.roovi.com\/hu\/felnott-puzzle-1000-darab-pieter-breughel-az-ifjabb-nyar-vara\/p\/","og_locale":"hu_HU","og_type":"article","og_title":"Feln\u0151tt puzzle 1000 darab Pieter Breughel az ifjabb - Ny\u00e1r\/Vara","og_description":"Feln\u0151tt puzzle 1000 darab Pieter Breughel az ifjabb - Ny\u00e1r\/Vara","og_url":"https:\/\/business.roovi.com\/hu\/felnott-puzzle-1000-darab-pieter-breughel-az-ifjabb-nyar-vara\/p\/","og_site_name":"Roovi B2B","article_publisher":"https:\/\/www.facebook.com\/wwwjucariero","article_modified_time":"2023-02-15T08:55:31+00:00","og_image":[{"width":1200,"height":1200,"url":"https:\/\/business.roovi.com\/wp-content\/uploads\/2018\/04\/66947-02_ansamblu_dimensiuni_cutie_cm_1200x1200.png","type":"image\/png"}],"twitter_misc":{"Becs\u00fclt olvas\u00e1si id\u0151":"3 perc"},"schema":{"@context":"https:\/\/schema.org","@graph":[{"@type":"WebPage","@id":"https:\/\/business.roovi.com\/hu\/felnott-puzzle-1000-darab-pieter-breughel-az-ifjabb-nyar-vara\/p\/","url":"https:\/\/business.roovi.com\/hu\/felnott-puzzle-1000-darab-pieter-breughel-az-ifjabb-nyar-vara\/p\/","name":"Feln\u0151tt puzzle 1000 darab Pieter Breughel az ifjabb - Ny\u00e1r\/Vara","isPartOf":{"@id":"https:\/\/business.roovi.com\/hu\/#website"},"datePublished":"2018-04-16T10:56:17+00:00","dateModified":"2023-02-15T08:55:31+00:00","description":"Feln\u0151tt puzzle 1000 darab Pieter Breughel az ifjabb - Ny\u00e1r\/Vara","breadcrumb":{"@id":"https:\/\/business.roovi.com\/hu\/felnott-puzzle-1000-darab-pieter-breughel-az-ifjabb-nyar-vara\/p\/#breadcrumb"},"inLanguage":"hu","potentialAction":[{"@type":"ReadAction","target":["https:\/\/business.roovi.com\/hu\/felnott-puzzle-1000-darab-pieter-breughel-az-ifjabb-nyar-vara\/p\/"]}]},{"@type":"BreadcrumbList","@id":"https:\/\/business.roovi.com\/hu\/felnott-puzzle-1000-darab-pieter-breughel-az-ifjabb-nyar-vara\/p\/#breadcrumb","itemListElement":[{"@type":"ListItem","position":1,"name":"Home","item":"https:\/\/business.roovi.com\/hu\/"},{"@type":"ListItem","position":2,"name":"Shop","item":"https:\/\/business.roovi.com\/hu\/shop\/"},{"@type":"ListItem","position":3,"name":"Feln\u0151tt puzzle 1000 darab Pieter Breughel az ifjabb &#8211; Ny\u00e1r"}]},{"@type":"WebSite","@id":"https:\/\/business.roovi.com\/hu\/#website","url":"https:\/\/business.roovi.com\/hu\/","name":"Roovi B2B","description":"Roovi Business Website","potentialAction":[{"@type":"SearchAction","target":{"@type":"EntryPoint","urlTemplate":"https:\/\/business.roovi.com\/hu\/?s={search_term_string}"},"query-input":"required name=search_term_string"}],"inLanguage":"hu"}]}},"_links":{"self":[{"href":"https:\/\/business.roovi.com\/hu\/wp-json\/wp\/v2\/product\/41551","targetHints":{"allow":["GET"]}}],"collection":[{"href":"https:\/\/business.roovi.com\/hu\/wp-json\/wp\/v2\/product"}],"about":[{"href":"https:\/\/business.roovi.com\/hu\/wp-json\/wp\/v2\/types\/product"}],"version-history":[{"count":0,"href":"https:\/\/business.roovi.com\/hu\/wp-json\/wp\/v2\/product\/41551\/revisions"}],"wp:featuredmedia":[{"embeddable":true,"href":"https:\/\/business.roovi.com\/hu\/wp-json\/wp\/v2\/media\/63115"}],"wp:attachment":[{"href":"https:\/\/business.roovi.com\/hu\/wp-json\/wp\/v2\/media?parent=41551"}],"wp:term":[{"taxonomy":"product_brand","embeddable":true,"href":"https:\/\/business.roovi.com\/hu\/wp-json\/wp\/v2\/product_brand?post=41551"},{"taxonomy":"product_cat","embeddable":true,"href":"https:\/\/business.roovi.com\/hu\/wp-json\/wp\/v2\/product_cat?post=41551"},{"taxonomy":"product_tag","embeddable":true,"href":"https:\/\/business.roovi.com\/hu\/wp-json\/wp\/v2\/product_tag?post=41551"}],"curies":[{"name":"wp","href":"https:\/\/api.w.org\/{rel}","templated":true}]}}