{"id":41555,"date":"2018-04-16T10:56:17","date_gmt":"2018-04-16T10:56:17","guid":{"rendered":"https:\/\/business.roovi.com\/puzzle-adulti-1000-piese-pieter-breughel-cel-tanar-autumntoamna\/p\/"},"modified":"2023-02-15T09:01:23","modified_gmt":"2023-02-15T09:01:23","slug":"felnott-puzzle-1000-darab-pieter-breughel-az-ifjabb-osz-toamna","status":"publish","type":"product","link":"https:\/\/business.roovi.com\/hu\/felnott-puzzle-1000-darab-pieter-breughel-az-ifjabb-osz-toamna\/p\/","title":{"rendered":"Feln\u0151tt puzzle 1000 darab Pieter Breughel az ifjabb &#8211; \u0150sz"},"content":{"rendered":"<p><span style=\"font-weight: 400;\">A legk\u00fcl\u00f6nf\u00e9l\u00e9bb, h\u00edres festm\u00e9nyeket \u00e1br\u00e1zol\u00f3 feln\u0151tt rejtv\u00e9nyeket \u00e1ll\u00edtottuk \u00f6ssze, amelyeket teljesen magad\u00e9nak tudhatsz! <\/span><\/p>\n<p><span style=\"font-weight: 400;\">Ebben a csod\u00e1latos m\u0171v\u00e9szeti rejtv\u00e9nygy\u0171jtem\u00e9nyben a Brueghel-dinasztia m\u0171v\u00e9szeinek festm\u00e9nyeinek sz\u00e1mos k\u00e9p\u00e9t tal\u00e1lod. <\/span><em><span style=\"font-weight: 400;\">\u00c9vszakok <\/span><\/em><span style=\"font-weight: 400;\">az egyik ilyen. A ki\u00e1ll\u00edt\u00e1s az ifjabb Pieter Brueghel \u00e1ltal kur\u00e1tori kezel\u00e9sben l\u00e9v\u0151 m\u0171vek mind a 4 \u00e1br\u00e1zol\u00e1s\u00e1t tartalmazza, mindegyiknek megvan a maga var\u00e1zsa.<\/span><\/p>\n<p><span style=\"font-weight: 400;\">Fedezze fel a <\/span><em><span style=\"font-weight: 400;\">\u0150sz <\/span><\/em><span style=\"font-weight: 400;\"> a gazdag \u00e9s mesterien megmunk\u00e1lt 1000 darabos puzzle <\/span><span style=\"font-weight: 400;\">Ifjabb Breughel Pieter &#8211; \u0150sz! A festm\u00e9ny a 17. sz\u00e1zadi emberek f\u0151 foglalkoz\u00e1sait \u00e1br\u00e1zolja a sz\u00fcreti id\u0151szakban: a sz\u0151l\u0151szed\u00e9s vagy az \u00fat takar\u00e1sa csak n\u00e9h\u00e1ny ezek k\u00f6z\u00fcl. Mindet megcsod\u00e1lhatod, ha befejezed ezt a csod\u00e1latos feln\u0151tt puzzle-t <\/span><\/p>\n<p><span style=\"font-weight: 400;\">A festm\u00e9ny, amelyet az 1000 darabos kirak\u00f3sb\u00f3l magad festesz meg, valamivel nagyobb, mint az eredeti: a rekonstru\u00e1lt k\u00e9p m\u00e9rete 50 x 70 cm, a val\u00f3di festm\u00e9ny\u00e9 pedig 43 x 59 cm. Teh\u00e1t egy egyszer\u0171 doh\u00e1nyz\u00f3asztalra lesz sz\u00fcks\u00e9ged, hogy elindulhass \u00e9s elkezdhesd.<\/span><\/p>\n<p><span style=\"font-weight: 400;\">\u00cdme n\u00e9h\u00e1ny tov\u00e1bbi r\u00e9szlet \u00e9s jellemz\u0151je ennek az 1000 darabos kirak\u00f3snak:<\/span><\/p>\n<p><span style=\"font-weight: 400;\">Puzzle anyag <\/span><\/p>\n<p><strong>kiv\u00e1l\u00f3 min\u0151s\u00e9g\u0171 k\u00e9k karton<\/strong><\/p>\n<p><strong>fenntarthat\u00f3, \u00fajrahasznos\u00edthat\u00f3 anyagok<\/strong><\/p>\n<p><strong>f\u00e9lf\u00e9nyes kivitel, \u00e9l\u00e9nk sz\u00ednek<\/strong><\/p>\n<p><span style=\"font-weight: 400;\">A kirak\u00f3s darabok sz\u00e1ma: 1000<\/span><\/p>\n<p><span style=\"font-weight: 400;\">Aj\u00e1nlott \u00e9letkor: 14+<\/span><\/p>\n<p><strong>A rejtv\u00e9nyj\u00e1t\u00e9kok t\u00e1vol tartj\u00e1k az Alzheimer-k\u00f3rt az agyadt\u00f3l!<\/strong><\/p>\n<p><span style=\"font-weight: 400;\">Ez nem vicc, t\u00e9nyleg igaz, hogy a feln\u0151tteknek sz\u00f3l\u00f3 rejtv\u00e9nyek munk\u00e1ra k\u00e9sztetik az agyat, \u00e9s seg\u00edtik annak eg\u00e9szs\u00e9g\u00e9nek meg\u0151rz\u00e9s\u00e9t, k\u00fcl\u00f6n\u00f6sen a m\u00e1r t\u00falkoros emberek eset\u00e9ben. De ezt az el\u0151nyt minden nyitott gondolkod\u00e1s\u00fa, rejtv\u00e9nyt szeret\u0151 ember \u00e9lvezheti.<\/span><\/p>\n<p><span style=\"font-weight: 400;\">R\u00e1ad\u00e1sul seg\u00edt:<\/span><\/p>\n<p><strong>Tartsa a v\u00e9rnyom\u00e1s\u00e1t \u00e9s a pulzussz\u00e1m\u00e1t a norm\u00e1lis hat\u00e1rokon bel\u00fcl<\/strong><span style=\"font-weight: 400;\"> &#8211; Amikor az 1000 darabos kirak\u00f3j\u00e1t\u00e9kot csin\u00e1lod, az elm\u00e9d nyugodt \u00e9s a kirak\u00f3s j\u00e1t\u00e9kra koncentr\u00e1l, ami seg\u00edt egyens\u00falyban tartani az eg\u00e9sz testedet, bele\u00e9rtve a sz\u00edvedet is.<\/span><\/p>\n<p><strong>Jav\u00edtja a mem\u00f3ri\u00e1j\u00e1t <\/strong><span style=\"font-weight: 400;\">Ha meg kell tal\u00e1lnod a megfelel\u0151 1000 puzzle-darabot, \u00e9s eml\u00e9kezned kell, hogy hol illeszkednek, valamint a k\u00e9pen l\u00e1that\u00f3 form\u00e1k vagy sz\u00ednek egy\u00e9b r\u00e9szleteire, az egy nagyszer\u0171 mem\u00f3riagyakorlat, amely a mindennapi \u00e9letben v\u00e9gzett egy\u00e9b tev\u00e9kenys\u00e9geid sor\u00e1n is hasznodra v\u00e1lik.<\/span><\/p>\n<p><strong>Kikapcsolod magad a mindennapi probl\u00e9m\u00e1kt\u00f3l <\/strong><span style=\"font-weight: 400;\">A mindennapi gondokt\u00f3l val\u00f3 elszakad\u00e1s gyakran neh\u00e9z lehet. Az 1000 darabos kirak\u00f3j\u00e1t\u00e9k kit\u00f6lt\u00e9s\u00e9nek tev\u00e9kenys\u00e9ge rendk\u00edv\u00fcl hasznos ebb\u0151l a szempontb\u00f3l, mert seg\u00edt megszabadulni a gondokt\u00f3l an\u00e9lk\u00fcl, hogy nagy er\u0151fesz\u00edt\u00e9st kellene tennie.<\/span><\/p>\n<p><strong>Tanulj \u00faj dolgokat<\/strong><span style=\"font-weight: 400;\">. A tematikus rejtv\u00e9nyek, p\u00e9ld\u00e1ul a m\u0171v\u00e9szeti rejtv\u00e9nyek lehet\u0151s\u00e9get adnak arra, hogy \u00e9rdekes dolgokat fedezz fel olyan t\u00e9m\u00e1kr\u00f3l vagy m\u0171alkot\u00e1sokr\u00f3l, amelyeket eddig csak hallom\u00e1sb\u00f3l ismert\u00e9l. A m\u0171v\u00e9szi k\u00e9p rekonstru\u00e1l\u00e1s\u00e1val egy feln\u0151tt rejtv\u00e9nyb\u0151l k\u00f6zelebb ker\u00fclsz a m\u0171alkot\u00e1shoz, \u00e9s r\u00e9szletesen felfedezheted azt <\/span><\/p>\n<p><strong>N\u00e9h\u00e1ny t\u00e9ny az ifjabb Pieter Brueghelr\u0151l \u00e9s <\/strong><strong><em>\u0150sz <\/em><\/strong><strong> az \u00f6v\u00e9t:<\/strong><\/p>\n<ul style=\"list-style-type: circle;\">\n<li><span style=\"font-weight: 400;\">Az ifjabb Pieter Brueghel folytatja sokkal h\u00edresebb apja, az id\u0151sebb Pieter Breughel munk\u00e1ss\u00e1g\u00e1t.<\/span><\/li>\n<li><span style=\"font-weight: 400;\">Ciklus <\/span><em><span style=\"font-weight: 400;\">Az \u00e9vszakok<\/span><\/em><span style=\"font-weight: 400;\"> az apa Breughel m\u0171veinek egyik t\u00e9m\u00e1ja, amelyet az ifjabb Brueghel is \u00e1tvesz <\/span><\/li>\n<li><span style=\"font-weight: 400;\">A sorozat minden \u00e9vszakra jellemz\u0151 m\u0171veket tartalmaz. Az ifjabb Pieter Brueghel a korabeli anekdot\u00e1k \u00e1br\u00e1zol\u00e1s\u00e1val szem\u00e9lyes jelleget k\u00f6lcs\u00f6n\u00f6z ezeknek a m\u0171veknek.<\/span><\/li>\n<li><span style=\"font-weight: 400;\">Az al\u00e1bbiakban bemutatott foglalkoz\u00e1sok k\u00f6z\u00fcl <\/span><em><span style=\"font-weight: 400;\">\u0150sz<\/span><\/em><span style=\"font-weight: 400;\"> a diszn\u00f3v\u00e1g\u00e1s \u00e9s a h\u00fas el\u0151k\u00e9sz\u00edt\u00e9se, amely a k\u00f6vetkez\u0151 szezon fontos ell\u00e1tm\u00e1nya lesz.<\/span><\/li>\n<\/ul>\n<p><strong>Mit kell m\u00e9g tudni az 1000 darabos puzzle-r\u0151l..<\/strong><\/p>\n<p><strong>Serkenti a k\u00e9pzeletet \u00e9s a kreativit\u00e1st<\/strong><span style=\"font-weight: 400;\"> &#8211; Amikor befejezel egy 1000 darabos m\u0171v\u00e9szeti kirak\u00f3st, a m\u0171v\u00e9szet vil\u00e1g\u00e1ba utazol, vagy a fest\u0151 pontos mozdulatait l\u00e1tod magad el\u0151tt. Nem tudsz 1000 darabos kirak\u00f3t k\u00e9sz\u00edteni an\u00e9lk\u00fcl, hogy ne lenne egy forgat\u00f3k\u00f6nyv a fejedben, \u00e9s ez egy nagyszer\u0171 kreativit\u00e1si gyakorlat.<\/span><\/p>\n<p><strong>Fejleszti a kitart\u00e1sodat &#8211; <\/strong><span style=\"font-weight: 400;\">Gondosan \u00f6sszpontos\u00edtasz, \u00e9s nem adhatod fel egyk\u00f6nnyen. Olyan, mintha egy \u00fajabb darabot tenn\u00e9nk be, \u00e9s m\u00e9g egyet, \u00e9s m\u00e9g egyet, \u00e9s m\u00e9g egyet. Miel\u0151tt \u00e9szrevenn\u00e9d, a fest\u00e9s m\u00e1r k\u00e9sz is van! Nem volt k\u00f6nny\u0171 befejezni ezt a csod\u00e1latos 1000 darabos puzzle-t, de kitart\u00e1ssal siker\u00fclt. A kitart\u00e1s folyamatos gyakorl\u00e1s\u00e1t az \u00e9leted m\u00e1s ter\u00fcletein is hasznosnak fogod tal\u00e1lni.<\/span><\/p>\n<p><strong>Megtan\u00edt csapatban dolgozni.<\/strong><span style=\"font-weight: 400;\"> A feln\u0151tt rejtv\u00e9nyeket csapatban is lehet \u00e9p\u00edteni. Min\u00e9l t\u00f6bben vannak, ann\u00e1l gyorsabban \u00f6ssze\u00e1ll az 1000 darabos puzzle. A siker egy k\u00f6z\u00f6s er\u0151fesz\u00edt\u00e9s, amely a megel\u00e9gedetts\u00e9g csod\u00e1latos \u00e9rz\u00e9s\u00e9t adja.<\/span><\/p>\n<p><span style=\"font-weight: 400;\">K\u00edv\u00e1ncsi vagyok, milyen \u00e9rz\u00e9s <\/span><em><span style=\"font-weight: 400;\">\u0150sz <\/span><\/em><span style=\"font-weight: 400;\">pieter Breughel az ifjabb? V\u00e1s\u00e1rolja meg ezt az 1000 darabos puzzle-t most, alkossa \u00fajra a festm\u00e9nyt a csod\u00e1latos m\u0171v\u00e9szeti puzzle-ben, \u00e9s \u00e9lvezze a h\u00edres festm\u00e9nyt <\/span><\/p>\n<p><span style=\"font-weight: 400;\">Ha egy k\u00f6zeli bar\u00e1todnak szeretn\u00e9l kedves meglepet\u00e9st okozni, akkor ez a kirak\u00f3s j\u00e1t\u00e9k a m\u0171v\u00e9szi kirak\u00f3s gy\u0171jtem\u00e9nyb\u0151l t\u00f6k\u00e9letes v\u00e1laszt\u00e1s!<\/span><\/p>\n","protected":false},"excerpt":{"rendered":"<p>A legk\u00fcl\u00f6nf\u00e9l\u00e9bb, h\u00edres festm\u00e9nyeket \u00e1br\u00e1zol\u00f3 feln\u0151tt rejtv\u00e9nyeket \u00e1ll\u00edtottuk \u00f6ssze, amelyeket teljesen magad\u00e9nak tudhatsz! Ebben a csod\u00e1latos m\u0171v\u00e9szeti rejtv\u00e9nygy\u0171jtem\u00e9nyben a Brueghel-dinasztia<\/p>\n","protected":false},"featured_media":63125,"template":"","meta":[],"product_brand":[],"product_cat":[1920,1919,1881],"product_tag":[],"class_list":{"0":"post-41555","1":"product","2":"type-product","3":"status-publish","4":"has-post-thumbnail","6":"product_cat-1000-darabos-kirakos-jatek","7":"product_cat-felnott-kirakos-jatekok","8":"product_cat-kirakos-jatekok","9":"pa_bax-10-hu","10":"pa_brand-d_toys-hu","11":"pa_country_of_manufacture-ro-hu","12":"pa_filter_age-14-hu","13":"pa_painter-pieterbreugheltheyounger-hu","14":"pa_tip_ambalaj-doboz","15":"pa_tip_puzzle-klasszikus","17":"first","18":"instock","19":"taxable","20":"shipping-taxable","21":"product-type-simple"},"yoast_head":"<!-- This site is optimized with the Yoast SEO plugin v20.1 - https:\/\/yoast.com\/wordpress\/plugins\/seo\/ -->\n<title>Feln\u0151tt puzzle 1000 darab Pieter Breughel az ifjabb - \u0150sz\/Toamna<\/title>\n<meta name=\"description\" content=\"Feln\u0151tt puzzle 1000 darab Pieter Breughel az ifjabb - \u0150sz\/Toamna\" \/>\n<meta name=\"robots\" content=\"index, follow, max-snippet:-1, max-image-preview:large, max-video-preview:-1\" \/>\n<link rel=\"canonical\" href=\"https:\/\/business.roovi.com\/hu\/felnott-puzzle-1000-darab-pieter-breughel-az-ifjabb-osz-toamna\/p\/\" \/>\n<meta property=\"og:locale\" content=\"hu_HU\" \/>\n<meta property=\"og:type\" content=\"article\" \/>\n<meta property=\"og:title\" content=\"Feln\u0151tt puzzle 1000 darab Pieter Breughel az ifjabb - \u0150sz\/Toamna\" \/>\n<meta property=\"og:description\" content=\"Feln\u0151tt puzzle 1000 darab Pieter Breughel az ifjabb - \u0150sz\/Toamna\" \/>\n<meta property=\"og:url\" content=\"https:\/\/business.roovi.com\/hu\/felnott-puzzle-1000-darab-pieter-breughel-az-ifjabb-osz-toamna\/p\/\" \/>\n<meta property=\"og:site_name\" content=\"Roovi B2B\" \/>\n<meta property=\"article:publisher\" content=\"https:\/\/www.facebook.com\/wwwjucariero\" \/>\n<meta property=\"article:modified_time\" content=\"2023-02-15T09:01:23+00:00\" \/>\n<meta property=\"og:image\" content=\"https:\/\/business.roovi.com\/wp-content\/uploads\/2018\/04\/66947-03_ansamblu_dimensiuni_cutie_cm_1200x1200.png\" \/>\n\t<meta property=\"og:image:width\" content=\"1200\" \/>\n\t<meta property=\"og:image:height\" content=\"1200\" \/>\n\t<meta property=\"og:image:type\" content=\"image\/png\" \/>\n<meta name=\"twitter:label1\" content=\"Becs\u00fclt olvas\u00e1si id\u0151\" \/>\n\t<meta name=\"twitter:data1\" content=\"4 perc\" \/>\n<script type=\"application\/ld+json\" class=\"yoast-schema-graph\">{\"@context\":\"https:\/\/schema.org\",\"@graph\":[{\"@type\":\"WebPage\",\"@id\":\"https:\/\/business.roovi.com\/hu\/felnott-puzzle-1000-darab-pieter-breughel-az-ifjabb-osz-toamna\/p\/\",\"url\":\"https:\/\/business.roovi.com\/hu\/felnott-puzzle-1000-darab-pieter-breughel-az-ifjabb-osz-toamna\/p\/\",\"name\":\"Feln\u0151tt puzzle 1000 darab Pieter Breughel az ifjabb - \u0150sz\/Toamna\",\"isPartOf\":{\"@id\":\"https:\/\/business.roovi.com\/hu\/#website\"},\"datePublished\":\"2018-04-16T10:56:17+00:00\",\"dateModified\":\"2023-02-15T09:01:23+00:00\",\"description\":\"Feln\u0151tt puzzle 1000 darab Pieter Breughel az ifjabb - \u0150sz\/Toamna\",\"breadcrumb\":{\"@id\":\"https:\/\/business.roovi.com\/hu\/felnott-puzzle-1000-darab-pieter-breughel-az-ifjabb-osz-toamna\/p\/#breadcrumb\"},\"inLanguage\":\"hu\",\"potentialAction\":[{\"@type\":\"ReadAction\",\"target\":[\"https:\/\/business.roovi.com\/hu\/felnott-puzzle-1000-darab-pieter-breughel-az-ifjabb-osz-toamna\/p\/\"]}]},{\"@type\":\"BreadcrumbList\",\"@id\":\"https:\/\/business.roovi.com\/hu\/felnott-puzzle-1000-darab-pieter-breughel-az-ifjabb-osz-toamna\/p\/#breadcrumb\",\"itemListElement\":[{\"@type\":\"ListItem\",\"position\":1,\"name\":\"Home\",\"item\":\"https:\/\/business.roovi.com\/hu\/\"},{\"@type\":\"ListItem\",\"position\":2,\"name\":\"Shop\",\"item\":\"https:\/\/business.roovi.com\/hu\/shop\/\"},{\"@type\":\"ListItem\",\"position\":3,\"name\":\"Feln\u0151tt puzzle 1000 darab Pieter Breughel az ifjabb &#8211; \u0150sz\"}]},{\"@type\":\"WebSite\",\"@id\":\"https:\/\/business.roovi.com\/hu\/#website\",\"url\":\"https:\/\/business.roovi.com\/hu\/\",\"name\":\"Roovi B2B\",\"description\":\"Roovi Business Website\",\"potentialAction\":[{\"@type\":\"SearchAction\",\"target\":{\"@type\":\"EntryPoint\",\"urlTemplate\":\"https:\/\/business.roovi.com\/hu\/?s={search_term_string}\"},\"query-input\":\"required name=search_term_string\"}],\"inLanguage\":\"hu\"}]}<\/script>\n<!-- \/ Yoast SEO plugin. -->","yoast_head_json":{"title":"Feln\u0151tt puzzle 1000 darab Pieter Breughel az ifjabb - \u0150sz\/Toamna","description":"Feln\u0151tt puzzle 1000 darab Pieter Breughel az ifjabb - \u0150sz\/Toamna","robots":{"index":"index","follow":"follow","max-snippet":"max-snippet:-1","max-image-preview":"max-image-preview:large","max-video-preview":"max-video-preview:-1"},"canonical":"https:\/\/business.roovi.com\/hu\/felnott-puzzle-1000-darab-pieter-breughel-az-ifjabb-osz-toamna\/p\/","og_locale":"hu_HU","og_type":"article","og_title":"Feln\u0151tt puzzle 1000 darab Pieter Breughel az ifjabb - \u0150sz\/Toamna","og_description":"Feln\u0151tt puzzle 1000 darab Pieter Breughel az ifjabb - \u0150sz\/Toamna","og_url":"https:\/\/business.roovi.com\/hu\/felnott-puzzle-1000-darab-pieter-breughel-az-ifjabb-osz-toamna\/p\/","og_site_name":"Roovi B2B","article_publisher":"https:\/\/www.facebook.com\/wwwjucariero","article_modified_time":"2023-02-15T09:01:23+00:00","og_image":[{"width":1200,"height":1200,"url":"https:\/\/business.roovi.com\/wp-content\/uploads\/2018\/04\/66947-03_ansamblu_dimensiuni_cutie_cm_1200x1200.png","type":"image\/png"}],"twitter_misc":{"Becs\u00fclt olvas\u00e1si id\u0151":"4 perc"},"schema":{"@context":"https:\/\/schema.org","@graph":[{"@type":"WebPage","@id":"https:\/\/business.roovi.com\/hu\/felnott-puzzle-1000-darab-pieter-breughel-az-ifjabb-osz-toamna\/p\/","url":"https:\/\/business.roovi.com\/hu\/felnott-puzzle-1000-darab-pieter-breughel-az-ifjabb-osz-toamna\/p\/","name":"Feln\u0151tt puzzle 1000 darab Pieter Breughel az ifjabb - \u0150sz\/Toamna","isPartOf":{"@id":"https:\/\/business.roovi.com\/hu\/#website"},"datePublished":"2018-04-16T10:56:17+00:00","dateModified":"2023-02-15T09:01:23+00:00","description":"Feln\u0151tt puzzle 1000 darab Pieter Breughel az ifjabb - \u0150sz\/Toamna","breadcrumb":{"@id":"https:\/\/business.roovi.com\/hu\/felnott-puzzle-1000-darab-pieter-breughel-az-ifjabb-osz-toamna\/p\/#breadcrumb"},"inLanguage":"hu","potentialAction":[{"@type":"ReadAction","target":["https:\/\/business.roovi.com\/hu\/felnott-puzzle-1000-darab-pieter-breughel-az-ifjabb-osz-toamna\/p\/"]}]},{"@type":"BreadcrumbList","@id":"https:\/\/business.roovi.com\/hu\/felnott-puzzle-1000-darab-pieter-breughel-az-ifjabb-osz-toamna\/p\/#breadcrumb","itemListElement":[{"@type":"ListItem","position":1,"name":"Home","item":"https:\/\/business.roovi.com\/hu\/"},{"@type":"ListItem","position":2,"name":"Shop","item":"https:\/\/business.roovi.com\/hu\/shop\/"},{"@type":"ListItem","position":3,"name":"Feln\u0151tt puzzle 1000 darab Pieter Breughel az ifjabb &#8211; \u0150sz"}]},{"@type":"WebSite","@id":"https:\/\/business.roovi.com\/hu\/#website","url":"https:\/\/business.roovi.com\/hu\/","name":"Roovi B2B","description":"Roovi Business Website","potentialAction":[{"@type":"SearchAction","target":{"@type":"EntryPoint","urlTemplate":"https:\/\/business.roovi.com\/hu\/?s={search_term_string}"},"query-input":"required name=search_term_string"}],"inLanguage":"hu"}]}},"_links":{"self":[{"href":"https:\/\/business.roovi.com\/hu\/wp-json\/wp\/v2\/product\/41555","targetHints":{"allow":["GET"]}}],"collection":[{"href":"https:\/\/business.roovi.com\/hu\/wp-json\/wp\/v2\/product"}],"about":[{"href":"https:\/\/business.roovi.com\/hu\/wp-json\/wp\/v2\/types\/product"}],"version-history":[{"count":0,"href":"https:\/\/business.roovi.com\/hu\/wp-json\/wp\/v2\/product\/41555\/revisions"}],"wp:featuredmedia":[{"embeddable":true,"href":"https:\/\/business.roovi.com\/hu\/wp-json\/wp\/v2\/media\/63125"}],"wp:attachment":[{"href":"https:\/\/business.roovi.com\/hu\/wp-json\/wp\/v2\/media?parent=41555"}],"wp:term":[{"taxonomy":"product_brand","embeddable":true,"href":"https:\/\/business.roovi.com\/hu\/wp-json\/wp\/v2\/product_brand?post=41555"},{"taxonomy":"product_cat","embeddable":true,"href":"https:\/\/business.roovi.com\/hu\/wp-json\/wp\/v2\/product_cat?post=41555"},{"taxonomy":"product_tag","embeddable":true,"href":"https:\/\/business.roovi.com\/hu\/wp-json\/wp\/v2\/product_tag?post=41555"}],"curies":[{"name":"wp","href":"https:\/\/api.w.org\/{rel}","templated":true}]}}