{"id":41563,"date":"2018-04-16T10:56:17","date_gmt":"2018-04-16T10:56:17","guid":{"rendered":"https:\/\/business.roovi.com\/puzzle-adulti-1000-piese-pieter-breughel-the-younger-the-payment-of-the-tithes\/p\/"},"modified":"2022-07-06T17:24:49","modified_gmt":"2022-07-06T17:24:49","slug":"felnott-puzzle-1000-darab-pieter-breughel-az-ifjabb-a-tizedfizetes","status":"publish","type":"product","link":"https:\/\/business.roovi.com\/hu\/felnott-puzzle-1000-darab-pieter-breughel-az-ifjabb-a-tizedfizetes\/p\/","title":{"rendered":"Feln\u0151tt puzzle 1000 darab Pieter Breughel az ifjabb &#8211; A tizedfizet\u00e9s"},"content":{"rendered":"<p><span style=\"font-weight: 400\">A k\u00edn\u00e1latban tal\u00e1lhat\u00f3 1000 darabos kirak\u00f3k t\u00f6bb mint egyszer\u0171 puzzle-j\u00e1t\u00e9kok, ezek feln\u0151tteknek sz\u00f3l\u00f3 kirak\u00f3k, amelyekb\u0151l dekorat\u00edv k\u00e9peket k\u00e9sz\u00edthet, amelyek kifinomult megjelen\u00e9st k\u00f6lcs\u00f6n\u00f6znek otthon\u00e1nak. N\u00e1lunk minden m\u0171v\u00e9szeti korszakb\u00f3l tal\u00e1lhatsz m\u0171v\u00e9szeti rejtv\u00e9nyeket, ak\u00e1r a renesz\u00e1nsz, a barokk, a szecesszi\u00f3 vagy a kort\u00e1rs m\u0171v\u00e9szet szerelmese vagy.<\/span><\/p>\n<p><span style=\"font-weight: 400\">Az 1000 darabos Pieter Breughel the Younger &#8211; A tizedfizet\u00e9s c\u00edm\u0171 puzzle az azonos c\u00edm\u0171 festm\u00e9nyt \u00e1br\u00e1zolja, amely Breughel the Younger egyik reprezentat\u00edv m\u0171alkot\u00e1sa. A jelenet egy ad\u00f3szed\u0151 irod\u00e1j\u00e1t \u00e1br\u00e1zolja, ahol az emberek \u00f6sszegy\u0171ltek, hogy befizess\u00e9k ad\u00f3jukat a hat\u00f3s\u00e1goknak, miut\u00e1n utols\u00f3 vagyonukat is k\u00e9nytelenek voltak feladni. A maga idej\u00e9ben a m\u0171 t\u00e1rsadalomkritikai szempontb\u00f3l mer\u00e9sz volt.<\/span><\/p>\n<p><span style=\"font-weight: 400\">B\u00fajj a fest\u0151 b\u0151r\u00e9be, \u00e9s rakd \u00f6ssze ezt a csod\u00e1latos, 1000 darabos puzzle-t egy egyedi, fens\u00e9ges sz\u00ednekben pomp\u00e1z\u00f3 festm\u00e9nny\u00e9. A munka elv\u00e9gz\u00e9s\u00e9hez sz\u00fcks\u00e9ged lesz a nappaliban l\u00e9v\u0151 doh\u00e1nyz\u00f3asztalra, mert a m\u0171v\u00e9szi kirak\u00f3sb\u00f3l sz\u00e1rmaz\u00f3 k\u00e9p 50 x 70 cm-es, \u00e9s az asztal fel\u00fclet\u00e9n \u00fajraalkothat\u00f3 <\/span><\/p>\n<p><span style=\"font-weight: 400\">Az 1000 darabos Pieter Breughel the Younger &#8211; The Payment of the Tithes\/Biroul vame\u0219 vagy A tizedek kifizet\u00e9se c\u00edm\u0171 puzzle jellemz\u0151ir\u0151l is k\u00e9sz\u00edtett\u00fcnk n\u00e9h\u00e1ny tov\u00e1bbi inform\u00e1ci\u00f3t:<\/span><\/p>\n<p><strong>Puzzle anyag <\/strong><\/p>\n<p><strong>kiv\u00e1l\u00f3 min\u0151s\u00e9g\u0171 k\u00e9k karton<\/strong><\/p>\n<p><strong>fenntarthat\u00f3, \u00fajrahasznos\u00edthat\u00f3 anyagok<\/strong><\/p>\n<p><strong>f\u00e9lf\u00e9nyes kivitel, \u00e9l\u00e9nk sz\u00ednek<\/strong><\/p>\n<p><strong>A kirak\u00f3s darabok sz\u00e1ma: 1000<\/strong><\/p>\n<p><strong>Aj\u00e1nlott \u00e9letkor: 14+<\/strong><\/p>\n<p><strong>1000 darabos puzzle vagy hogyan n\u00f6veld a termel\u00e9kenys\u00e9ged<\/strong><\/p>\n<p><span style=\"font-weight: 400\">Amikor befejezed az 1000 darabos kirak\u00f3st a m\u0171v\u00e9szeti kirak\u00f3s gy\u0171jtem\u00e9nyb\u0151l, h\u00e1trad\u0151lsz, pihensz \u00e9s kem\u00e9nyen koncentr\u00e1lsz, hogy befejezd a k\u00edv\u00e1nt k\u00e9pet. Ez a sok kitart\u00e1st \u00e9s t\u00fcrelmet ig\u00e9nyl\u0151 tev\u00e9kenys\u00e9g seg\u00edt n\u00f6velni a termel\u00e9kenys\u00e9get az \u00e9let m\u00e1s ter\u00fcletein, p\u00e9ld\u00e1ul a munk\u00e1ban.<\/span><\/p>\n<p><strong>Az 1000 darabos kirak\u00f3s kit\u00f6lt\u00e9s\u00e9nek egy\u00e9b el\u0151nyei:<\/strong><\/p>\n<ul style=\"list-style-type: square\">\n<li><span style=\"font-weight: 400\">El\u00e9gedetts\u00e9get ad egy neh\u00e9z feladat elv\u00e9gz\u00e9s\u00e9\u00e9rt.<\/span><\/li>\n<li><span style=\"font-weight: 400\">Jobb hangulatot teremt.<\/span><\/li>\n<li><span style=\"font-weight: 400\">Seg\u00edt jobban odafigyelni az \u00e9leted r\u00e9szleteire.<\/span><\/li>\n<li><span style=\"font-weight: 400\">Megszabad\u00edt a mindennapi stresszt\u0151l.<\/span><\/li>\n<li><span style=\"font-weight: 400\">Lehet\u0151s\u00e9get ad arra, hogy nagyszer\u0171en sz\u00f3rakozzon szeretteivel, amikor \u00f6sszerakja vel\u00fck az 1000 darabos puzzle-t.<\/span><\/li>\n<\/ul>\n<p><strong>N\u00e9h\u00e1ny \u00e9rdekess\u00e9g az ifjabb Pieter Brueghel \u00e9let\u00e9b\u0151l<\/strong><\/p>\n<p><span style=\"font-weight: 400\">\u00dagy is h\u00edvt\u00e1k, hogy<\/span> <strong>Brueghel a pokolb\u00f3l<\/strong> <span style=\"font-weight: 400\">a fantasztikus t\u0171z- \u00e9s egy\u00e9b groteszk \u00e1br\u00e1zol\u00e1sokat tartalmaz\u00f3 m\u0171vek ut\u00e1n. Ezeket a festm\u00e9nyeket ma m\u00e1r b\u00e1tyj\u00e1nak, az id\u0151sebb Jan Brueghelnek tulajdon\u00edtj\u00e1k.<\/span><\/p>\n<p><span style=\"font-weight: 400\">Apja, az id\u0151sebb Pieter Bruegel m\u0171veinek sz\u00e1mos m\u00e1solat\u00e1r\u00f3l ismert, amelyeket jelent\u0151s \u00e1ron \u00e9rt\u00e9kes\u00edtett.<\/span><\/p>\n<p><span style=\"font-weight: 400\">\u00dagy t\u0171nik, hogy \u00e9lete sor\u00e1n sz\u00e1mos anyagi probl\u00e9m\u00e1ja volt alkoholprobl\u00e9m\u00e1i miatt.<\/span><\/p>\n<p><span style=\"font-weight: 400\">Egyes kritikusok \u00fagy v\u00e9lik, hogy munk\u00e1ib\u00f3l hi\u00e1nyzik az apja, id\u0151sebb Pieter Bruegel m\u0171veiben fellelhet\u0151 finoms\u00e1g \u00e9s humanizmus.<\/span><\/p>\n<p><strong>Oldja meg az 1000 darabos puzzle-t minden nap, \u00e9s fejlessze a r\u00f6vid t\u00e1v\u00fa mem\u00f3ri\u00e1j\u00e1t!<\/strong><\/p>\n<p><span style=\"font-weight: 400\">Egy 1000 darabos kirak\u00f3s kirak\u00e1sa sor\u00e1n a mem\u00f3ri\u00e1j\u00e1t haszn\u00e1lja, amikor eml\u00e9keznie kell a darabok form\u00e1j\u00e1ra, a sz\u00ednekre vagy arra, hogy hol illeszkedik egym\u00e1shoz az 1000 darab. Ez egy nagyszer\u0171 gyakorlat a r\u00f6vid t\u00e1v\u00fa mem\u00f3ria fejleszt\u00e9s\u00e9re.<\/span><\/p>\n<p><strong>Az 1000 darabos rejtv\u00e9nyek \u00fajra \u00f6sszek\u00f6tnek t\u00e9ged \u00f6nmagaddal<\/strong><\/p>\n<p><span style=\"font-weight: 400\">Az id\u0151 nagy r\u00e9sz\u00e9ben a mindennapi tev\u00e9kenys\u00e9gekre \u00e9s a rohan\u00f3 k\u00fcls\u0151 \u00e9letre koncentr\u00e1lsz. Ahhoz, hogy megtal\u00e1ld az egyens\u00falyt, id\u0151nk\u00e9nt sz\u00fcnetet kell tartanod, \u00e9s kapcsol\u00f3dnod kell bels\u0151 \u00e9nedhez. A kirak\u00f3s j\u00e1t\u00e9kok lehet\u0151s\u00e9get adnak arra, hogy id\u0151t t\u00f6lts\u00f6n \u00f6nmag\u00e1val, \u00e9s seg\u00edtenek felt\u00f6lt\u0151dni a mindennapi kih\u00edv\u00e1sokkal val\u00f3 megbirk\u00f3z\u00e1shoz.<\/span><\/p>\n<p><span style=\"font-weight: 400\">Szeretne sz\u00f3rakozni a tizedfizet\u00e9s egyedi k\u00e9p\u00e9nek \u00fajraj\u00e1tsz\u00e1s\u00e1val? V\u00e1s\u00e1rolja meg Pieter Breughel az ifjabb &#8211; A tizedfizet\u00e9s 1000 darabos kirak\u00f3j\u00e1t\u00e9k\u00e1t, rakja \u00f6ssze darabr\u00f3l darabra, \u00e9s minden nap egy eredeti k\u00e9pet \u00e9lvezhet. Ez a feln\u0151tt puzzle nagyszer\u0171 aj\u00e1nd\u00e9k egy m\u0171v\u00e9szetkedvel\u0151 bar\u00e1tnak \u00e9s 1000 darabos puzzle.<\/span><\/p><\/p>\n","protected":false},"excerpt":{"rendered":"<p>A k\u00edn\u00e1latban tal\u00e1lhat\u00f3 1000 darabos kirak\u00f3k t\u00f6bb mint egyszer\u0171 puzzle-j\u00e1t\u00e9kok, ezek feln\u0151tteknek sz\u00f3l\u00f3 kirak\u00f3k, amelyekb\u0151l dekorat\u00edv k\u00e9peket k\u00e9sz\u00edthet, amelyek kifinomult<\/p>\n","protected":false},"featured_media":63139,"template":"","meta":[],"product_brand":[],"product_cat":[1920,1919,1881],"product_tag":[],"class_list":{"0":"post-41563","1":"product","2":"type-product","3":"status-publish","4":"has-post-thumbnail","6":"product_cat-1000-darabos-kirakos-jatek","7":"product_cat-felnott-kirakos-jatekok","8":"product_cat-kirakos-jatekok","9":"pa_bax-10-hu","10":"pa_brand-d_toys-hu","11":"pa_country_of_manufacture-ro-hu","12":"pa_filter_age-14-hu","13":"pa_painter-pieterbreugheltheyounger-hu","14":"pa_tip_ambalaj-doboz","15":"pa_tip_puzzle-klasszikus","17":"first","18":"instock","19":"taxable","20":"shipping-taxable","21":"product-type-simple"},"yoast_head":"<!-- This site is optimized with the Yoast SEO plugin v20.1 - https:\/\/yoast.com\/wordpress\/plugins\/seo\/ -->\n<title>Feln\u0151tt puzzle 1000 darab Pieter Breughel az ifjabb - A tizedfizet\u00e9s<\/title>\n<meta name=\"description\" content=\"Feln\u0151tt puzzle 1000 darab Pieter Breughel az ifjabb - A tizedfizet\u00e9s\" \/>\n<meta name=\"robots\" content=\"index, follow, max-snippet:-1, max-image-preview:large, max-video-preview:-1\" \/>\n<link rel=\"canonical\" href=\"https:\/\/business.roovi.com\/hu\/felnott-puzzle-1000-darab-pieter-breughel-az-ifjabb-a-tizedfizetes\/p\/\" \/>\n<meta property=\"og:locale\" content=\"hu_HU\" \/>\n<meta property=\"og:type\" content=\"article\" \/>\n<meta property=\"og:title\" content=\"Feln\u0151tt puzzle 1000 darab Pieter Breughel az ifjabb - A tizedfizet\u00e9s\" \/>\n<meta property=\"og:description\" content=\"Feln\u0151tt puzzle 1000 darab Pieter Breughel az ifjabb - A tizedfizet\u00e9s\" \/>\n<meta property=\"og:url\" content=\"https:\/\/business.roovi.com\/hu\/felnott-puzzle-1000-darab-pieter-breughel-az-ifjabb-a-tizedfizetes\/p\/\" \/>\n<meta property=\"og:site_name\" content=\"Roovi B2B\" \/>\n<meta property=\"article:publisher\" content=\"https:\/\/www.facebook.com\/wwwjucariero\" \/>\n<meta property=\"article:modified_time\" content=\"2022-07-06T17:24:49+00:00\" \/>\n<meta property=\"og:image\" content=\"https:\/\/business.roovi.com\/wp-content\/uploads\/2018\/04\/66947-06_ansamblu_dimensiuni_cutie_cm.png\" \/>\n\t<meta property=\"og:image:width\" content=\"2000\" \/>\n\t<meta property=\"og:image:height\" content=\"2000\" \/>\n\t<meta property=\"og:image:type\" content=\"image\/png\" \/>\n<meta name=\"twitter:label1\" content=\"Becs\u00fclt olvas\u00e1si id\u0151\" \/>\n\t<meta name=\"twitter:data1\" content=\"4 perc\" \/>\n<script type=\"application\/ld+json\" class=\"yoast-schema-graph\">{\"@context\":\"https:\/\/schema.org\",\"@graph\":[{\"@type\":\"WebPage\",\"@id\":\"https:\/\/business.roovi.com\/hu\/felnott-puzzle-1000-darab-pieter-breughel-az-ifjabb-a-tizedfizetes\/p\/\",\"url\":\"https:\/\/business.roovi.com\/hu\/felnott-puzzle-1000-darab-pieter-breughel-az-ifjabb-a-tizedfizetes\/p\/\",\"name\":\"Feln\u0151tt puzzle 1000 darab Pieter Breughel az ifjabb - A tizedfizet\u00e9s\",\"isPartOf\":{\"@id\":\"https:\/\/business.roovi.com\/hu\/#website\"},\"datePublished\":\"2018-04-16T10:56:17+00:00\",\"dateModified\":\"2022-07-06T17:24:49+00:00\",\"description\":\"Feln\u0151tt puzzle 1000 darab Pieter Breughel az ifjabb - A tizedfizet\u00e9s\",\"breadcrumb\":{\"@id\":\"https:\/\/business.roovi.com\/hu\/felnott-puzzle-1000-darab-pieter-breughel-az-ifjabb-a-tizedfizetes\/p\/#breadcrumb\"},\"inLanguage\":\"hu\",\"potentialAction\":[{\"@type\":\"ReadAction\",\"target\":[\"https:\/\/business.roovi.com\/hu\/felnott-puzzle-1000-darab-pieter-breughel-az-ifjabb-a-tizedfizetes\/p\/\"]}]},{\"@type\":\"BreadcrumbList\",\"@id\":\"https:\/\/business.roovi.com\/hu\/felnott-puzzle-1000-darab-pieter-breughel-az-ifjabb-a-tizedfizetes\/p\/#breadcrumb\",\"itemListElement\":[{\"@type\":\"ListItem\",\"position\":1,\"name\":\"Home\",\"item\":\"https:\/\/business.roovi.com\/hu\/\"},{\"@type\":\"ListItem\",\"position\":2,\"name\":\"Shop\",\"item\":\"https:\/\/business.roovi.com\/hu\/shop\/\"},{\"@type\":\"ListItem\",\"position\":3,\"name\":\"Feln\u0151tt puzzle 1000 darab Pieter Breughel az ifjabb &#8211; A tizedfizet\u00e9s\"}]},{\"@type\":\"WebSite\",\"@id\":\"https:\/\/business.roovi.com\/hu\/#website\",\"url\":\"https:\/\/business.roovi.com\/hu\/\",\"name\":\"Roovi B2B\",\"description\":\"Roovi Business Website\",\"potentialAction\":[{\"@type\":\"SearchAction\",\"target\":{\"@type\":\"EntryPoint\",\"urlTemplate\":\"https:\/\/business.roovi.com\/hu\/?s={search_term_string}\"},\"query-input\":\"required name=search_term_string\"}],\"inLanguage\":\"hu\"}]}<\/script>\n<!-- \/ Yoast SEO plugin. -->","yoast_head_json":{"title":"Feln\u0151tt puzzle 1000 darab Pieter Breughel az ifjabb - A tizedfizet\u00e9s","description":"Feln\u0151tt puzzle 1000 darab Pieter Breughel az ifjabb - A tizedfizet\u00e9s","robots":{"index":"index","follow":"follow","max-snippet":"max-snippet:-1","max-image-preview":"max-image-preview:large","max-video-preview":"max-video-preview:-1"},"canonical":"https:\/\/business.roovi.com\/hu\/felnott-puzzle-1000-darab-pieter-breughel-az-ifjabb-a-tizedfizetes\/p\/","og_locale":"hu_HU","og_type":"article","og_title":"Feln\u0151tt puzzle 1000 darab Pieter Breughel az ifjabb - A tizedfizet\u00e9s","og_description":"Feln\u0151tt puzzle 1000 darab Pieter Breughel az ifjabb - A tizedfizet\u00e9s","og_url":"https:\/\/business.roovi.com\/hu\/felnott-puzzle-1000-darab-pieter-breughel-az-ifjabb-a-tizedfizetes\/p\/","og_site_name":"Roovi B2B","article_publisher":"https:\/\/www.facebook.com\/wwwjucariero","article_modified_time":"2022-07-06T17:24:49+00:00","og_image":[{"width":2000,"height":2000,"url":"https:\/\/business.roovi.com\/wp-content\/uploads\/2018\/04\/66947-06_ansamblu_dimensiuni_cutie_cm.png","type":"image\/png"}],"twitter_misc":{"Becs\u00fclt olvas\u00e1si id\u0151":"4 perc"},"schema":{"@context":"https:\/\/schema.org","@graph":[{"@type":"WebPage","@id":"https:\/\/business.roovi.com\/hu\/felnott-puzzle-1000-darab-pieter-breughel-az-ifjabb-a-tizedfizetes\/p\/","url":"https:\/\/business.roovi.com\/hu\/felnott-puzzle-1000-darab-pieter-breughel-az-ifjabb-a-tizedfizetes\/p\/","name":"Feln\u0151tt puzzle 1000 darab Pieter Breughel az ifjabb - A tizedfizet\u00e9s","isPartOf":{"@id":"https:\/\/business.roovi.com\/hu\/#website"},"datePublished":"2018-04-16T10:56:17+00:00","dateModified":"2022-07-06T17:24:49+00:00","description":"Feln\u0151tt puzzle 1000 darab Pieter Breughel az ifjabb - A tizedfizet\u00e9s","breadcrumb":{"@id":"https:\/\/business.roovi.com\/hu\/felnott-puzzle-1000-darab-pieter-breughel-az-ifjabb-a-tizedfizetes\/p\/#breadcrumb"},"inLanguage":"hu","potentialAction":[{"@type":"ReadAction","target":["https:\/\/business.roovi.com\/hu\/felnott-puzzle-1000-darab-pieter-breughel-az-ifjabb-a-tizedfizetes\/p\/"]}]},{"@type":"BreadcrumbList","@id":"https:\/\/business.roovi.com\/hu\/felnott-puzzle-1000-darab-pieter-breughel-az-ifjabb-a-tizedfizetes\/p\/#breadcrumb","itemListElement":[{"@type":"ListItem","position":1,"name":"Home","item":"https:\/\/business.roovi.com\/hu\/"},{"@type":"ListItem","position":2,"name":"Shop","item":"https:\/\/business.roovi.com\/hu\/shop\/"},{"@type":"ListItem","position":3,"name":"Feln\u0151tt puzzle 1000 darab Pieter Breughel az ifjabb &#8211; A tizedfizet\u00e9s"}]},{"@type":"WebSite","@id":"https:\/\/business.roovi.com\/hu\/#website","url":"https:\/\/business.roovi.com\/hu\/","name":"Roovi B2B","description":"Roovi Business Website","potentialAction":[{"@type":"SearchAction","target":{"@type":"EntryPoint","urlTemplate":"https:\/\/business.roovi.com\/hu\/?s={search_term_string}"},"query-input":"required name=search_term_string"}],"inLanguage":"hu"}]}},"_links":{"self":[{"href":"https:\/\/business.roovi.com\/hu\/wp-json\/wp\/v2\/product\/41563","targetHints":{"allow":["GET"]}}],"collection":[{"href":"https:\/\/business.roovi.com\/hu\/wp-json\/wp\/v2\/product"}],"about":[{"href":"https:\/\/business.roovi.com\/hu\/wp-json\/wp\/v2\/types\/product"}],"version-history":[{"count":0,"href":"https:\/\/business.roovi.com\/hu\/wp-json\/wp\/v2\/product\/41563\/revisions"}],"wp:featuredmedia":[{"embeddable":true,"href":"https:\/\/business.roovi.com\/hu\/wp-json\/wp\/v2\/media\/63139"}],"wp:attachment":[{"href":"https:\/\/business.roovi.com\/hu\/wp-json\/wp\/v2\/media?parent=41563"}],"wp:term":[{"taxonomy":"product_brand","embeddable":true,"href":"https:\/\/business.roovi.com\/hu\/wp-json\/wp\/v2\/product_brand?post=41563"},{"taxonomy":"product_cat","embeddable":true,"href":"https:\/\/business.roovi.com\/hu\/wp-json\/wp\/v2\/product_cat?post=41563"},{"taxonomy":"product_tag","embeddable":true,"href":"https:\/\/business.roovi.com\/hu\/wp-json\/wp\/v2\/product_tag?post=41563"}],"curies":[{"name":"wp","href":"https:\/\/api.w.org\/{rel}","templated":true}]}}