{"id":41567,"date":"2018-04-16T10:56:17","date_gmt":"2018-04-16T10:56:17","guid":{"rendered":"https:\/\/business.roovi.com\/puzzle-adulti-1000-piese-gustav-klimt-lady-with-a-fan\/p\/"},"modified":"2022-07-06T17:24:57","modified_gmt":"2022-07-06T17:24:57","slug":"1000-darab-gustav-klimt-felnott-puzzle-holgy-legyezovel","status":"publish","type":"product","link":"https:\/\/business.roovi.com\/hu\/1000-darab-gustav-klimt-felnott-puzzle-holgy-legyezovel\/p\/","title":{"rendered":"1000 darab Gustav Klimt feln\u0151tt puzzle &#8211; H\u00f6lgy legyez\u0151vel"},"content":{"rendered":"<p><span style=\"font-weight: 400;line-height: 14px;font-size: 14px\">\u00dcdv\u00f6z\u00f6lj\u00fck az 1000 darabos rejtv\u00e9nyek legnagyobb m\u0171v\u00e9szeti gal\u00e9ri\u00e1j\u00e1ban! Most k\u00f6zelebbr\u0151l is megn\u00e9zheti a vil\u00e1g legh\u00edresebb fest\u0151inek remekm\u0171veit. V\u00e1s\u00e1roljon m\u0171v\u00e9szeti rejtv\u00e9nyeket, \u00e9s hozza l\u00e9tre saj\u00e1t m\u0171v\u00e9szeti gy\u0171jtem\u00e9ny\u00e9t.<\/span><\/p>\n<p><span style=\"font-weight: 400;line-height: 14px;font-size: 14px\">A Gustav Klimt &#8211; H\u00f6lgy legyez\u0151vel 1000 darabos puzzle a tehets\u00e9ges m\u0171v\u00e9sz b\u00e9csi sz\u00e9ps\u00e9g\u00e9t hozza el otthonodba. A vibr\u00e1l\u00f3 sz\u00ednekkel teli k\u00f6rnyezetben egy titokzatos n\u0151 n\u00e9z cs\u00e1b\u00edt\u00f3an a k\u00f6z\u00f6ns\u00e9gen t\u00falra. Felemelt fejjel, szabadon hagyott v\u00e1ll\u00e1val \u00e9s legyez\u0151vel eltakart csupasz mell\u00e9vel magabiztosnak \u00e9s magabiztosnak t\u0171nik. Kitart\u00e1ssal \u00e9s elsz\u00e1nts\u00e1ggal \u00fajraalkothatod ezt a gy\u00f6ny\u00f6r\u0171, eleganci\u00e1val \u00e9s sz\u00ednekkel teli m\u0171alkot\u00e1st <\/span><\/p>\n<p><span style=\"font-weight: 400;line-height: 14px;font-size: 14px\">A Gustav Klimt 1000 darabos puzzle &#8211; H\u00f6lgy legyez\u0151vel pr\u00e9mium min\u0151s\u00e9g\u0171 anyagokb\u00f3l k\u00e9sz\u00fclt, \u00edgy az eredeti festm\u00e9ny legapr\u00f3bb r\u00e9szleteit is megcsod\u00e1lhatod. A v\u00e9gleges k\u00e9p m\u00e9rete 50 x 70 cm, \u00e9s egy k\u00f6z\u00f6ns\u00e9ges doh\u00e1nyz\u00f3asztal seg\u00edts\u00e9g\u00e9vel \u00f6ssze\u00e1ll\u00edthat\u00f3.<\/span><\/p>\n<p><span style=\"font-weight: 400;line-height: 14px;font-size: 14px\">A m\u0171v\u00e9szeti puzzle egy\u00e9b jellemz\u0151i:<\/span><\/p>\n<p><span style=\"line-height: 14px;font-size: 14px\"><strong>Puzzle anyag <\/strong><\/span><\/p>\n<p><span style=\"line-height: 14px;font-size: 14px\"><strong>kiv\u00e1l\u00f3 min\u0151s\u00e9g\u0171 k\u00e9k karton<\/strong><\/span><\/p>\n<p><span style=\"line-height: 14px;font-size: 14px\"><strong>fenntarthat\u00f3, \u00fajrahasznos\u00edthat\u00f3 anyagok<\/strong><\/span><\/p>\n<p><span style=\"line-height: 14px;font-size: 14px\"><strong>f\u00e9lf\u00e9nyes kivitel, \u00e9l\u00e9nk sz\u00ednek<\/strong><\/span><\/p>\n<p><span style=\"line-height: 14px;font-size: 14px\"><strong>A kirak\u00f3s darabok sz\u00e1ma: 1000<\/strong><\/span><\/p>\n<p><span style=\"line-height: 14px;font-size: 14px\"><strong>Aj\u00e1nlott \u00e9letkor: 14+<\/strong><\/span><\/p>\n<p><span style=\"line-height: 14px;font-size: 14px\"><strong>A puzzle j\u00e1t\u00e9kok jav\u00edtj\u00e1k a koncentr\u00e1ci\u00f3t<\/strong><\/span><\/p>\n<p><span style=\"font-weight: 400;line-height: 14px;font-size: 14px\">Koncentr\u00e1ci\u00f3s probl\u00e9m\u00e1i vannak? Valah\u00e1nyszor egy dologgal akarsz foglalkozni, az elm\u00e9det ezernyi m\u00e1s gondolat sz\u00e1llja meg, \u00e9s gyorsan elvesz\u00edted a f\u00f3kuszt? Ez gyakran az\u00e9rt t\u00f6rt\u00e9nik, mert mindannyiunkat folyamatosan inform\u00e1ci\u00f3k sz\u00e1zaival bomb\u00e1znak. Ahhoz, hogy k\u00e9pes legyen egyetlen feladatra koncentr\u00e1lni, meg kell tan\u00edtania az elm\u00e9j\u00e9t arra, hogy felszabad\u00edtsa mag\u00e1t. A feln\u0151tteknek sz\u00f3l\u00f3 kirak\u00f3s j\u00e1t\u00e9k \u00f6ssze\u00e1ll\u00edt\u00e1sa seg\u00edt ebben. A hat\u00e1sok hasonl\u00f3ak a medit\u00e1ci\u00f3 hat\u00e1saihoz.<\/span><\/p>\n<p><span style=\"line-height: 14px;font-size: 14px\"><strong>A rejtv\u00e9nyj\u00e1t\u00e9kok jav\u00edtj\u00e1k a probl\u00e9mamegold\u00f3 k\u00e9szs\u00e9get<\/strong><\/span><\/p>\n<p><span style=\"font-weight: 400;line-height: 14px;font-size: 14px\">Az 1000 darabos puzzle&#8230; olyan, mint egy probl\u00e9ma. Amint elkezdesz darabokat kiv\u00e1lasztani, \u00e9leket keresni vagy k\u00fcl\u00f6nb\u00f6z\u0151 megold\u00e1si strat\u00e9gi\u00e1kat fel\u00e1ll\u00edtani, a probl\u00e9ma l\u00e9p\u00e9sr\u0151l l\u00e9p\u00e9sre elkezd mag\u00e1t\u00f3l megold\u00f3dni. A megold\u00e1sok megtal\u00e1l\u00e1sa fel\u00e9 vezet\u0151 l\u00e9p\u00e9sek megszervez\u00e9se seg\u00edt m\u00e1s probl\u00e9m\u00e1k megold\u00e1s\u00e1ban is, amelyekkel nap mint nap tal\u00e1lkozik.<\/span><\/p>\n<p><span style=\"line-height: 14px;font-size: 14px\"><strong>Puzzle j\u00e1t\u00e9kok jav\u00edtj\u00e1k a logik\u00e1t<\/strong><span style=\"font-weight: 400\">  <\/span><\/span><\/p>\n<p><span style=\"font-weight: 400;line-height: 14px;font-size: 14px\">B\u00e1r \u00fagy n\u00e9z ki, mint egy t\u00f6bb sz\u00e1z darabb\u00f3l \u00e1ll\u00f3 \u00f6sszevisszas\u00e1g, az 1000 puzzle val\u00f3j\u00e1ban egy logikai j\u00e1t\u00e9k. Az \u00f6sszerak\u00e1s j\u00f3 gyakorlat a logikai k\u00e9szs\u00e9gek fejleszt\u00e9s\u00e9hez.<\/span><\/p>\n<p><span style=\"line-height: 14px;font-size: 14px\"><strong>N\u00e9h\u00e1ny inform\u00e1ci\u00f3 Gustav Klimtr\u0151l \u00e9s vibr\u00e1l\u00f3 munk\u00e1ss\u00e1g\u00e1r\u00f3l<\/strong><\/span><\/p>\n<p><span style=\"font-weight: 400;line-height: 14px;font-size: 14px\">M\u0171v\u00e9szet\u00e9vel hozz\u00e1j\u00e1rult a m\u0171v\u00e9szett\u00f6rt\u00e9net egyik legfontosabb forradalm\u00e1nak elind\u00edt\u00e1s\u00e1hoz.<\/span><\/p>\n<p><span style=\"font-weight: 400;line-height: 14px;font-size: 14px\">Testv\u00e9reivel egy\u00fctt dolgozott a Peles-kast\u00e9ly egyes m\u0171veinek megalkot\u00e1s\u00e1n.<\/span><\/p>\n<p><span style=\"font-weight: 400;line-height: 14px;font-size: 14px\">Ez az egyik a fest\u0151 hal\u00e1la ut\u00e1n a m\u0171term\u00e9ben tal\u00e1lt k\u00e9t befejezetlen festm\u00e9ny k\u00f6z\u00fcl <\/span><\/p>\n<p><span style=\"font-weight: 400;line-height: 14px;font-size: 14px\">A festm\u00e9nyt a m\u0171v\u00e9sz hal\u00e1la ut\u00e1n tiszt\u00e1zatlan k\u00f6r\u00fclm\u00e9nyek k\u00f6z\u00f6tt vitt\u00e9k el Ausztri\u00e1b\u00f3l, \u00e9s t\u00f6bb mint 100 \u00e9ve nem volt l\u00e1that\u00f3 a nyilv\u00e1noss\u00e1g el\u0151tt.<\/span><\/p>\n<p><span style=\"font-weight: 400;line-height: 14px;font-size: 14px\">1994-ben a m\u0171 11,6 milli\u00f3 doll\u00e1r\u00e9rt kelt el egy New York-i \u00e1rver\u00e9sen.<\/span><\/p>\n<p><span style=\"line-height: 14px;font-size: 14px\"><strong>Milyen el\u0151nyei vannak a m\u0171v\u00e9szeti rejtv\u00e9nyeknek?<\/strong><\/span><\/p>\n<p><span style=\"font-weight: 400;line-height: 14px;font-size: 14px\">A m\u0171v\u00e9szi rejtv\u00e9nyek seg\u00edtenek megtal\u00e1lni a sz\u00e9ps\u00e9get az egyszer\u0171 dolgokban. \u00c9s ez m\u00e9g nem minden. \u00cdme n\u00e9h\u00e1ny tov\u00e1bbi el\u0151nye ezeknek a csod\u00e1latos kirak\u00f3s j\u00e1t\u00e9koknak:<\/span><\/p>\n<ul style=\"list-style-type: circle\">\n<li><span style=\"font-weight: 400;line-height: 14px;font-size: 14px\">Fejleszti a k\u00e9pzel\u0151er\u0151t<\/span><\/li>\n<li><span style=\"font-weight: 400;line-height: 14px;font-size: 14px\">Lehet\u0151s\u00e9get adnak arra, hogy r\u00e9szletesen megcsod\u00e1lhassa a m\u00e1r l\u00e9trehozott m\u0171alkot\u00e1sokat.<\/span><\/li>\n<li><span style=\"font-weight: 400;line-height: 14px;font-size: 14px\">Fejleszti a sz\u00edn\u00e9rz\u00e9ket.<\/span><\/li>\n<li><span style=\"font-weight: 400;line-height: 14px;font-size: 14px\">Egy \u00faj, m\u0171v\u00e9szi vil\u00e1gba kalauzol el, amelyet eddig tal\u00e1n nem volt lehet\u0151s\u00e9ged felfedezni.<\/span><\/li>\n<li><span style=\"font-weight: 400;line-height: 14px;font-size: 14px\">Seg\u00edt \u00fajra kapcsolatba l\u00e9pni \u00f6nmagaddal a m\u0171v\u00e9szet seg\u00edts\u00e9g\u00e9vel.<\/span><\/li>\n<li><span style=\"font-weight: 400;line-height: 14px;font-size: 14px\">A festm\u00e9nyek bekeretez\u00e9s\u00e9vel \u00e9s a falakon val\u00f3 megjelen\u00edt\u00e9s\u00e9vel kifinomultabb\u00e1 teszik otthon\u00e1t.<\/span><\/li>\n<\/ul>\n<p><span style=\"font-weight: 400;line-height: 14px;font-size: 14px\">Gustav Klimt m\u0171v\u00e9szete leny\u0171g\u00f6z\u0151 \u00e9s innovat\u00edv. Rendelje meg most a Gustav Klimt &#8211; H\u00f6lgy egy legyez\u0151vel m\u0171v\u00e9szeti puzzle-t, \u00e9s \u00e9rezze a pozit\u00edv hangulatot. Hozzon l\u00e9tre egy csod\u00e1latos 1000 darabos kirak\u00f3s gy\u0171jtem\u00e9nyt, \u00e9s \u00e9lvezze a m\u0171v\u00e9szet sz\u00e9ps\u00e9g\u00e9t otthon\u00e1ban <\/span><\/p>\n<p><span style=\"font-weight: 400;line-height: 14px;font-size: 14px\">Lepje meg bar\u00e1tait egyedi aj\u00e1nd\u00e9kkal, aj\u00e1nd\u00e9kozza meg \u0151ket Gustav Klimt &#8211; H\u00f6lgy legyez\u0151vel 1000 darabos kirak\u00f3s j\u00e1t\u00e9kkal!<\/span><\/p>\n","protected":false},"excerpt":{"rendered":"<p>\u00dcdv\u00f6z\u00f6lj\u00fck az 1000 darabos rejtv\u00e9nyek legnagyobb m\u0171v\u00e9szeti gal\u00e9ri\u00e1j\u00e1ban! Most k\u00f6zelebbr\u0151l is megn\u00e9zheti a vil\u00e1g legh\u00edresebb fest\u0151inek remekm\u0171veit. V\u00e1s\u00e1roljon m\u0171v\u00e9szeti rejtv\u00e9nyeket,<\/p>\n","protected":false},"featured_media":34289,"template":"","meta":[],"product_brand":[],"product_cat":[1920,1919,1881],"product_tag":[],"class_list":{"0":"post-41567","1":"product","2":"type-product","3":"status-publish","4":"has-post-thumbnail","6":"product_cat-1000-darabos-kirakos-jatek","7":"product_cat-felnott-kirakos-jatekok","8":"product_cat-kirakos-jatekok","9":"pa_bax-10-hu","10":"pa_brand-d_toys-hu","11":"pa_country_of_manufacture-ro-hu","12":"pa_filter_age-14-hu","13":"pa_painter-gustavklimt-hu","14":"pa_tip_ambalaj-doboz","15":"pa_tip_puzzle-klasszikus","17":"first","18":"instock","19":"taxable","20":"shipping-taxable","21":"product-type-simple"},"yoast_head":"<!-- This site is optimized with the Yoast SEO plugin v20.1 - https:\/\/yoast.com\/wordpress\/plugins\/seo\/ -->\n<title>1000 darab Gustav Klimt feln\u0151tt puzzle - H\u00f6lgy legyez\u0151vel<\/title>\n<meta name=\"description\" content=\"1000 darab Gustav Klimt feln\u0151tt puzzle - H\u00f6lgy legyez\u0151vel\" \/>\n<meta name=\"robots\" content=\"index, follow, max-snippet:-1, max-image-preview:large, max-video-preview:-1\" \/>\n<link rel=\"canonical\" href=\"https:\/\/business.roovi.com\/hu\/1000-darab-gustav-klimt-felnott-puzzle-holgy-legyezovel\/p\/\" \/>\n<meta property=\"og:locale\" content=\"hu_HU\" \/>\n<meta property=\"og:type\" content=\"article\" \/>\n<meta property=\"og:title\" content=\"1000 darab Gustav Klimt feln\u0151tt puzzle - H\u00f6lgy legyez\u0151vel\" \/>\n<meta property=\"og:description\" content=\"1000 darab Gustav Klimt feln\u0151tt puzzle - H\u00f6lgy legyez\u0151vel\" \/>\n<meta property=\"og:url\" content=\"https:\/\/business.roovi.com\/hu\/1000-darab-gustav-klimt-felnott-puzzle-holgy-legyezovel\/p\/\" \/>\n<meta property=\"og:site_name\" content=\"Roovi B2B\" \/>\n<meta property=\"article:publisher\" content=\"https:\/\/www.facebook.com\/wwwjucariero\" \/>\n<meta property=\"article:modified_time\" content=\"2022-07-06T17:24:57+00:00\" \/>\n<meta property=\"og:image\" content=\"https:\/\/business.roovi.com\/wp-content\/uploads\/2018\/04\/66923-03_ansamblu_dimensiuni_cutie_cm_1200x1200.png\" \/>\n\t<meta property=\"og:image:width\" content=\"1200\" \/>\n\t<meta property=\"og:image:height\" content=\"1200\" \/>\n\t<meta property=\"og:image:type\" content=\"image\/png\" \/>\n<meta name=\"twitter:label1\" content=\"Becs\u00fclt olvas\u00e1si id\u0151\" \/>\n\t<meta name=\"twitter:data1\" content=\"4 perc\" \/>\n<script type=\"application\/ld+json\" class=\"yoast-schema-graph\">{\"@context\":\"https:\/\/schema.org\",\"@graph\":[{\"@type\":\"WebPage\",\"@id\":\"https:\/\/business.roovi.com\/hu\/1000-darab-gustav-klimt-felnott-puzzle-holgy-legyezovel\/p\/\",\"url\":\"https:\/\/business.roovi.com\/hu\/1000-darab-gustav-klimt-felnott-puzzle-holgy-legyezovel\/p\/\",\"name\":\"1000 darab Gustav Klimt feln\u0151tt puzzle - H\u00f6lgy legyez\u0151vel\",\"isPartOf\":{\"@id\":\"https:\/\/business.roovi.com\/hu\/#website\"},\"datePublished\":\"2018-04-16T10:56:17+00:00\",\"dateModified\":\"2022-07-06T17:24:57+00:00\",\"description\":\"1000 darab Gustav Klimt feln\u0151tt puzzle - H\u00f6lgy legyez\u0151vel\",\"breadcrumb\":{\"@id\":\"https:\/\/business.roovi.com\/hu\/1000-darab-gustav-klimt-felnott-puzzle-holgy-legyezovel\/p\/#breadcrumb\"},\"inLanguage\":\"hu\",\"potentialAction\":[{\"@type\":\"ReadAction\",\"target\":[\"https:\/\/business.roovi.com\/hu\/1000-darab-gustav-klimt-felnott-puzzle-holgy-legyezovel\/p\/\"]}]},{\"@type\":\"BreadcrumbList\",\"@id\":\"https:\/\/business.roovi.com\/hu\/1000-darab-gustav-klimt-felnott-puzzle-holgy-legyezovel\/p\/#breadcrumb\",\"itemListElement\":[{\"@type\":\"ListItem\",\"position\":1,\"name\":\"Home\",\"item\":\"https:\/\/business.roovi.com\/hu\/\"},{\"@type\":\"ListItem\",\"position\":2,\"name\":\"Shop\",\"item\":\"https:\/\/business.roovi.com\/hu\/shop\/\"},{\"@type\":\"ListItem\",\"position\":3,\"name\":\"1000 darab Gustav Klimt feln\u0151tt puzzle &#8211; H\u00f6lgy legyez\u0151vel\"}]},{\"@type\":\"WebSite\",\"@id\":\"https:\/\/business.roovi.com\/hu\/#website\",\"url\":\"https:\/\/business.roovi.com\/hu\/\",\"name\":\"Roovi B2B\",\"description\":\"Roovi Business Website\",\"potentialAction\":[{\"@type\":\"SearchAction\",\"target\":{\"@type\":\"EntryPoint\",\"urlTemplate\":\"https:\/\/business.roovi.com\/hu\/?s={search_term_string}\"},\"query-input\":\"required name=search_term_string\"}],\"inLanguage\":\"hu\"}]}<\/script>\n<!-- \/ Yoast SEO plugin. -->","yoast_head_json":{"title":"1000 darab Gustav Klimt feln\u0151tt puzzle - H\u00f6lgy legyez\u0151vel","description":"1000 darab Gustav Klimt feln\u0151tt puzzle - H\u00f6lgy legyez\u0151vel","robots":{"index":"index","follow":"follow","max-snippet":"max-snippet:-1","max-image-preview":"max-image-preview:large","max-video-preview":"max-video-preview:-1"},"canonical":"https:\/\/business.roovi.com\/hu\/1000-darab-gustav-klimt-felnott-puzzle-holgy-legyezovel\/p\/","og_locale":"hu_HU","og_type":"article","og_title":"1000 darab Gustav Klimt feln\u0151tt puzzle - H\u00f6lgy legyez\u0151vel","og_description":"1000 darab Gustav Klimt feln\u0151tt puzzle - H\u00f6lgy legyez\u0151vel","og_url":"https:\/\/business.roovi.com\/hu\/1000-darab-gustav-klimt-felnott-puzzle-holgy-legyezovel\/p\/","og_site_name":"Roovi B2B","article_publisher":"https:\/\/www.facebook.com\/wwwjucariero","article_modified_time":"2022-07-06T17:24:57+00:00","og_image":[{"width":1200,"height":1200,"url":"https:\/\/business.roovi.com\/wp-content\/uploads\/2018\/04\/66923-03_ansamblu_dimensiuni_cutie_cm_1200x1200.png","type":"image\/png"}],"twitter_misc":{"Becs\u00fclt olvas\u00e1si id\u0151":"4 perc"},"schema":{"@context":"https:\/\/schema.org","@graph":[{"@type":"WebPage","@id":"https:\/\/business.roovi.com\/hu\/1000-darab-gustav-klimt-felnott-puzzle-holgy-legyezovel\/p\/","url":"https:\/\/business.roovi.com\/hu\/1000-darab-gustav-klimt-felnott-puzzle-holgy-legyezovel\/p\/","name":"1000 darab Gustav Klimt feln\u0151tt puzzle - H\u00f6lgy legyez\u0151vel","isPartOf":{"@id":"https:\/\/business.roovi.com\/hu\/#website"},"datePublished":"2018-04-16T10:56:17+00:00","dateModified":"2022-07-06T17:24:57+00:00","description":"1000 darab Gustav Klimt feln\u0151tt puzzle - H\u00f6lgy legyez\u0151vel","breadcrumb":{"@id":"https:\/\/business.roovi.com\/hu\/1000-darab-gustav-klimt-felnott-puzzle-holgy-legyezovel\/p\/#breadcrumb"},"inLanguage":"hu","potentialAction":[{"@type":"ReadAction","target":["https:\/\/business.roovi.com\/hu\/1000-darab-gustav-klimt-felnott-puzzle-holgy-legyezovel\/p\/"]}]},{"@type":"BreadcrumbList","@id":"https:\/\/business.roovi.com\/hu\/1000-darab-gustav-klimt-felnott-puzzle-holgy-legyezovel\/p\/#breadcrumb","itemListElement":[{"@type":"ListItem","position":1,"name":"Home","item":"https:\/\/business.roovi.com\/hu\/"},{"@type":"ListItem","position":2,"name":"Shop","item":"https:\/\/business.roovi.com\/hu\/shop\/"},{"@type":"ListItem","position":3,"name":"1000 darab Gustav Klimt feln\u0151tt puzzle &#8211; H\u00f6lgy legyez\u0151vel"}]},{"@type":"WebSite","@id":"https:\/\/business.roovi.com\/hu\/#website","url":"https:\/\/business.roovi.com\/hu\/","name":"Roovi B2B","description":"Roovi Business Website","potentialAction":[{"@type":"SearchAction","target":{"@type":"EntryPoint","urlTemplate":"https:\/\/business.roovi.com\/hu\/?s={search_term_string}"},"query-input":"required name=search_term_string"}],"inLanguage":"hu"}]}},"_links":{"self":[{"href":"https:\/\/business.roovi.com\/hu\/wp-json\/wp\/v2\/product\/41567","targetHints":{"allow":["GET"]}}],"collection":[{"href":"https:\/\/business.roovi.com\/hu\/wp-json\/wp\/v2\/product"}],"about":[{"href":"https:\/\/business.roovi.com\/hu\/wp-json\/wp\/v2\/types\/product"}],"version-history":[{"count":0,"href":"https:\/\/business.roovi.com\/hu\/wp-json\/wp\/v2\/product\/41567\/revisions"}],"wp:featuredmedia":[{"embeddable":true,"href":"https:\/\/business.roovi.com\/hu\/wp-json\/wp\/v2\/media\/34289"}],"wp:attachment":[{"href":"https:\/\/business.roovi.com\/hu\/wp-json\/wp\/v2\/media?parent=41567"}],"wp:term":[{"taxonomy":"product_brand","embeddable":true,"href":"https:\/\/business.roovi.com\/hu\/wp-json\/wp\/v2\/product_brand?post=41567"},{"taxonomy":"product_cat","embeddable":true,"href":"https:\/\/business.roovi.com\/hu\/wp-json\/wp\/v2\/product_cat?post=41567"},{"taxonomy":"product_tag","embeddable":true,"href":"https:\/\/business.roovi.com\/hu\/wp-json\/wp\/v2\/product_tag?post=41567"}],"curies":[{"name":"wp","href":"https:\/\/api.w.org\/{rel}","templated":true}]}}